{"id":1070,"date":"2023-10-28T22:10:18","date_gmt":"2023-10-28T20:10:18","guid":{"rendered":"https:\/\/www.smokershop.es\/?page_id=1070"},"modified":"2023-10-28T22:11:14","modified_gmt":"2023-10-28T20:11:14","slug":"aviso-legal","status":"publish","type":"page","link":"https:\/\/www.smokershop.es\/index.php\/aviso-legal\/","title":{"rendered":"AVISO LEGAL"},"content":{"rendered":"\n<p>Las descripciones de estos y otros productos a la venta en esta p\u00e1gina Web provienen de cat\u00e1logos y libros especializados publicados en pa\u00edses donde las leyes no prohiben el consumo de determinadas sustancias psicoactivas (como Holanda). El hecho de que algunas descripciones hagan alusi\u00f3n a los efectos de su consumo EN NING\u00daN CASO significa que puedas consumirlas; son descripciones meramente informativas, puesto que tales productos se venden exclusivamente para usos m\u00e9dicos y terap\u00e9uticos a estudiantes de bot\u00e1nica, naturalistas, coleccionistas, souvernis de Holanda, etc.<\/p>\n\n\n\n<p>El consumo de tales productos se realizar\u00e1 siempre bajo la \u00fanica responsabilidad del comprador. La empresa declina toda posible responsabilidad al respecto.<\/p>\n\n\n\n<p>Lamentablemente, las normas que regulan la posesi\u00f3n y la exportaci\u00f3n de las semillas de marihuana var\u00edan de un pa\u00eds a otro. Por eso, te aconsejamos encarecidamente que te informes acerca de la regulaci\u00f3n vigente en tu pa\u00eds y que act\u00faes conforme a ella.<\/p>\n\n\n\n<p>No obstante, si alguien realiza una compra desde uno de aquellos pa\u00edses, sin previamente haberse informado acerca de las leyes locales al respecto, la empresa no tendr\u00e1 ninguna responsabilidad sobre los posibles problemas legales que puedan derivarse, y no realizar\u00e1 reembolsos por materiales incautados o rechazados por las aduanas en el cumplimiento de su deber.<\/p>\n\n\n\n<p>Act\u00faa con responsabilidad<\/p>\n\n\n\n<p>Las presentes condiciones generales se interpretar\u00e1n conforme a la legislaci\u00f3n vigente en Espa\u00f1a en la materia, que se aplicar\u00e1 subsidiariamente en todo lo que no se haya previsto en las mismas. (B\u00e1sicamente, la Ley 34\/2002, de 11 de julio, de servicios de la sociedad de la informaci\u00f3n y de comercio electr\u00f3nico).<\/p>\n\n\n\n<p>Contenido exclusivo para mayores de 18 a\u00f1os. El acceso a la p\u00e1gina de <strong>https:\/\/www.smokershop.es<\/strong> est\u00e1 exclusivamente reservado a mayores de edad. En Espa\u00f1a y en buena parte de la Uni\u00f3n Europea, la mayor\u00eda de edad est\u00e1 establecida en 18 a\u00f1os. Consulta tu legislaci\u00f3n local al respecto y RESP\u00c9TALA.<\/p>\n\n\n\n<p><strong>Smoker&#8217;s Shop<\/strong> no se responsabiliza del uso indebido o ilegal que se le puedan dar en cada pa\u00eds a los productos que comercializa. Nuestra tienda online cumple la legalidad espa\u00f1ola y europea.<\/p>\n\n\n\n<p><strong>Aviso legal general<\/strong>: consulta la legislaci\u00f3n de tu pa\u00eds sobre los productos relacionados con el cultivo de cannabis.<\/p>\n\n\n\n<p>Al realizar tus compras en The Smoker&#8217;s Shop se entiende que est\u00e1s conforme y est\u00e1s aceptando directamente las siguientes condiciones:<\/p>\n\n\n\n<p><strong>The Smoker&#8217;s Shop<\/strong> comercializa art\u00edculos absolutamente legales en Espa\u00f1a, pero siempre bajo la condici\u00f3n de que los clientes los utilicen exclusivamente para los fines previstos en la ley. <strong>The Smoker&#8217;s Shop<\/strong> no pretende inducir a nadie a actuar contra la ley. Queremos declarar expresamente que todo aquel que compre cualquier producto en <strong><strong>The Smoker&#8217;s Shop<\/strong><\/strong> es el \u00fanico responsable de sus futuros actos. <strong><strong>The Smoker&#8217;s Shop<\/strong><\/strong>, as\u00ed como todos sus responsables y trabajadores, no asumen bajo ning\u00fan concepto, ninguna responsabilidad respecto al mal uso o uso indebido en el que pueda incurrir cualquier cliente.<\/p>\n\n\n\n<p><strong>The Smoker&#8217;s Shop<\/strong> es la marca comercial de Borja Gonz\u00e1lez L\u00f3pez, con DNI 77809889S<br>Direcci\u00f3n Fiscal: C. Farmaceutico Murillo Herrera, 24, Local 1, 41010 Sevilla<br>Correo electr\u00f3nico: <a href=\"mailto:laikasmokers@gmail.com\">laikasmokers@gmail.com<\/a><\/p>\n","protected":false},"excerpt":{"rendered":"<p>Las descripciones de estos y otros productos a la venta en esta p\u00e1gina Web provienen&#8230;<\/p>\n","protected":false},"author":1,"featured_media":0,"parent":0,"menu_order":0,"comment_status":"closed","ping_status":"closed","template":"","meta":{"_joinchat":[],"footnotes":""},"class_list":["post-1070","page","type-page","status-publish","hentry"],"yoast_head":"<!-- This site is optimized with the Yoast SEO plugin v27.4 - https:\/\/yoast.com\/product\/yoast-seo-wordpress\/ -->\n<title>AVISO LEGAL - The Smoker&#039;s Shop<\/title>\n<meta name=\"description\" content=\"Esta p\u00e1gina contiene el aviso legal sobre la actividad comercial de The Smoker&#039;s Shop, tu tienda de CBD, Vapers y articulos de fumador en Sevilla\" \/>\n<meta name=\"robots\" content=\"index, follow, max-snippet:-1, max-image-preview:large, max-video-preview:-1\" \/>\n<link rel=\"canonical\" href=\"https:\/\/www.smokershop.es\/index.php\/aviso-legal\/\" \/>\n<meta property=\"og:locale\" content=\"es_ES\" \/>\n<meta property=\"og:type\" content=\"article\" \/>\n<meta property=\"og:title\" content=\"AVISO LEGAL - The Smoker&#039;s Shop\" \/>\n<meta property=\"og:description\" content=\"Esta p\u00e1gina contiene el aviso legal sobre la actividad comercial de The Smoker&#039;s Shop, tu tienda de CBD, Vapers y articulos de fumador en Sevilla\" \/>\n<meta property=\"og:url\" content=\"https:\/\/www.smokershop.es\/index.php\/aviso-legal\/\" \/>\n<meta property=\"og:site_name\" content=\"The Smoker&#039;s Shop\" \/>\n<meta property=\"article:modified_time\" content=\"2023-10-28T20:11:14+00:00\" \/>\n<meta name=\"twitter:card\" content=\"summary_large_image\" \/>\n<meta name=\"twitter:label1\" content=\"Tiempo de lectura\" \/>\n\t<meta name=\"twitter:data1\" content=\"3 minutos\" \/>\n<script type=\"application\/ld+json\" class=\"yoast-schema-graph\">{\"@context\":\"https:\\\/\\\/schema.org\",\"@graph\":[{\"@type\":\"WebPage\",\"@id\":\"https:\\\/\\\/www.smokershop.es\\\/index.php\\\/aviso-legal\\\/\",\"url\":\"https:\\\/\\\/www.smokershop.es\\\/index.php\\\/aviso-legal\\\/\",\"name\":\"AVISO LEGAL - The Smoker&#039;s Shop\",\"isPartOf\":{\"@id\":\"https:\\\/\\\/www.smokershop.es\\\/#website\"},\"datePublished\":\"2023-10-28T20:10:18+00:00\",\"dateModified\":\"2023-10-28T20:11:14+00:00\",\"description\":\"Esta p\u00e1gina contiene el aviso legal sobre la actividad comercial de The Smoker's Shop, tu tienda de CBD, Vapers y articulos de fumador en Sevilla\",\"breadcrumb\":{\"@id\":\"https:\\\/\\\/www.smokershop.es\\\/index.php\\\/aviso-legal\\\/#breadcrumb\"},\"inLanguage\":\"es\",\"potentialAction\":[{\"@type\":\"ReadAction\",\"target\":[\"https:\\\/\\\/www.smokershop.es\\\/index.php\\\/aviso-legal\\\/\"]}]},{\"@type\":\"BreadcrumbList\",\"@id\":\"https:\\\/\\\/www.smokershop.es\\\/index.php\\\/aviso-legal\\\/#breadcrumb\",\"itemListElement\":[{\"@type\":\"ListItem\",\"position\":1,\"name\":\"Portada\",\"item\":\"https:\\\/\\\/www.smokershop.es\\\/\"},{\"@type\":\"ListItem\",\"position\":2,\"name\":\"AVISO LEGAL\"}]},{\"@type\":\"WebSite\",\"@id\":\"https:\\\/\\\/www.smokershop.es\\\/#website\",\"url\":\"https:\\\/\\\/www.smokershop.es\\\/\",\"name\":\"The Smoker&#039;s Shop\",\"description\":\"Todo para los fumadores\",\"publisher\":{\"@id\":\"https:\\\/\\\/www.smokershop.es\\\/#organization\"},\"potentialAction\":[{\"@type\":\"SearchAction\",\"target\":{\"@type\":\"EntryPoint\",\"urlTemplate\":\"https:\\\/\\\/www.smokershop.es\\\/?s={search_term_string}\"},\"query-input\":{\"@type\":\"PropertyValueSpecification\",\"valueRequired\":true,\"valueName\":\"search_term_string\"}}],\"inLanguage\":\"es\"},{\"@type\":\"Organization\",\"@id\":\"https:\\\/\\\/www.smokershop.es\\\/#organization\",\"name\":\"The Smoker&#039;s Shop\",\"url\":\"https:\\\/\\\/www.smokershop.es\\\/\",\"logo\":{\"@type\":\"ImageObject\",\"inLanguage\":\"es\",\"@id\":\"https:\\\/\\\/www.smokershop.es\\\/#\\\/schema\\\/logo\\\/image\\\/\",\"url\":\"https:\\\/\\\/www.smokershop.es\\\/wp-content\\\/uploads\\\/2023\\\/10\\\/smokershop-logo.png\",\"contentUrl\":\"https:\\\/\\\/www.smokershop.es\\\/wp-content\\\/uploads\\\/2023\\\/10\\\/smokershop-logo.png\",\"width\":1711,\"height\":752,\"caption\":\"The Smoker&#039;s Shop\"},\"image\":{\"@id\":\"https:\\\/\\\/www.smokershop.es\\\/#\\\/schema\\\/logo\\\/image\\\/\"},\"sameAs\":[\"https:\\\/\\\/www.instagram.com\\\/thesmokersshopofficial\"]}]}<\/script>\n<!-- \/ Yoast SEO plugin. -->","yoast_head_json":{"title":"AVISO LEGAL - The Smoker&#039;s Shop","description":"Esta p\u00e1gina contiene el aviso legal sobre la actividad comercial de The Smoker's Shop, tu tienda de CBD, Vapers y articulos de fumador en Sevilla","robots":{"index":"index","follow":"follow","max-snippet":"max-snippet:-1","max-image-preview":"max-image-preview:large","max-video-preview":"max-video-preview:-1"},"canonical":"https:\/\/www.smokershop.es\/index.php\/aviso-legal\/","og_locale":"es_ES","og_type":"article","og_title":"AVISO LEGAL - The Smoker&#039;s Shop","og_description":"Esta p\u00e1gina contiene el aviso legal sobre la actividad comercial de The Smoker's Shop, tu tienda de CBD, Vapers y articulos de fumador en Sevilla","og_url":"https:\/\/www.smokershop.es\/index.php\/aviso-legal\/","og_site_name":"The Smoker&#039;s Shop","article_modified_time":"2023-10-28T20:11:14+00:00","twitter_card":"summary_large_image","twitter_misc":{"Tiempo de lectura":"3 minutos"},"schema":{"@context":"https:\/\/schema.org","@graph":[{"@type":"WebPage","@id":"https:\/\/www.smokershop.es\/index.php\/aviso-legal\/","url":"https:\/\/www.smokershop.es\/index.php\/aviso-legal\/","name":"AVISO LEGAL - The Smoker&#039;s Shop","isPartOf":{"@id":"https:\/\/www.smokershop.es\/#website"},"datePublished":"2023-10-28T20:10:18+00:00","dateModified":"2023-10-28T20:11:14+00:00","description":"Esta p\u00e1gina contiene el aviso legal sobre la actividad comercial de The Smoker's Shop, tu tienda de CBD, Vapers y articulos de fumador en Sevilla","breadcrumb":{"@id":"https:\/\/www.smokershop.es\/index.php\/aviso-legal\/#breadcrumb"},"inLanguage":"es","potentialAction":[{"@type":"ReadAction","target":["https:\/\/www.smokershop.es\/index.php\/aviso-legal\/"]}]},{"@type":"BreadcrumbList","@id":"https:\/\/www.smokershop.es\/index.php\/aviso-legal\/#breadcrumb","itemListElement":[{"@type":"ListItem","position":1,"name":"Portada","item":"https:\/\/www.smokershop.es\/"},{"@type":"ListItem","position":2,"name":"AVISO LEGAL"}]},{"@type":"WebSite","@id":"https:\/\/www.smokershop.es\/#website","url":"https:\/\/www.smokershop.es\/","name":"The Smoker&#039;s Shop","description":"Todo para los fumadores","publisher":{"@id":"https:\/\/www.smokershop.es\/#organization"},"potentialAction":[{"@type":"SearchAction","target":{"@type":"EntryPoint","urlTemplate":"https:\/\/www.smokershop.es\/?s={search_term_string}"},"query-input":{"@type":"PropertyValueSpecification","valueRequired":true,"valueName":"search_term_string"}}],"inLanguage":"es"},{"@type":"Organization","@id":"https:\/\/www.smokershop.es\/#organization","name":"The Smoker&#039;s Shop","url":"https:\/\/www.smokershop.es\/","logo":{"@type":"ImageObject","inLanguage":"es","@id":"https:\/\/www.smokershop.es\/#\/schema\/logo\/image\/","url":"https:\/\/www.smokershop.es\/wp-content\/uploads\/2023\/10\/smokershop-logo.png","contentUrl":"https:\/\/www.smokershop.es\/wp-content\/uploads\/2023\/10\/smokershop-logo.png","width":1711,"height":752,"caption":"The Smoker&#039;s Shop"},"image":{"@id":"https:\/\/www.smokershop.es\/#\/schema\/logo\/image\/"},"sameAs":["https:\/\/www.instagram.com\/thesmokersshopofficial"]}]}},"_links":{"self":[{"href":"https:\/\/www.smokershop.es\/index.php\/wp-json\/wp\/v2\/pages\/1070","targetHints":{"allow":["GET"]}}],"collection":[{"href":"https:\/\/www.smokershop.es\/index.php\/wp-json\/wp\/v2\/pages"}],"about":[{"href":"https:\/\/www.smokershop.es\/index.php\/wp-json\/wp\/v2\/types\/page"}],"author":[{"embeddable":true,"href":"https:\/\/www.smokershop.es\/index.php\/wp-json\/wp\/v2\/users\/1"}],"replies":[{"embeddable":true,"href":"https:\/\/www.smokershop.es\/index.php\/wp-json\/wp\/v2\/comments?post=1070"}],"version-history":[{"count":0,"href":"https:\/\/www.smokershop.es\/index.php\/wp-json\/wp\/v2\/pages\/1070\/revisions"}],"wp:attachment":[{"href":"https:\/\/www.smokershop.es\/index.php\/wp-json\/wp\/v2\/media?parent=1070"}],"curies":[{"name":"wp","href":"https:\/\/api.w.org\/{rel}","templated":true}]}}