{"id":2125,"date":"2024-05-17T16:43:52","date_gmt":"2024-05-17T14:43:52","guid":{"rendered":"https:\/\/www.smokershop.es\/index.php\/register\/"},"modified":"2024-05-17T16:43:52","modified_gmt":"2024-05-17T14:43:52","slug":"register","status":"publish","type":"page","link":"https:\/\/www.smokershop.es\/index.php\/register\/","title":{"rendered":"Registro"},"content":{"rendered":"\n<div class=\"um um-register um-2119\">\n\t<div class=\"um-form\" data-mode=\"register\">\n\t\t<form method=\"post\" action=\"\">\n\t\t\t<div class=\"um-row _um_row_1 \" style=\"margin: 0 0 30px 0;\"><div class=\"um-col-1\"><div  id=\"um_field_2119_user_login\" class=\"um-field um-field-text  um-field-user_login um-field-text um-field-type_text\" data-key=\"user_login\"><div class=\"um-field-label\"><div class=\"um-field-label-icon\"><i class=\"um-icon-ios-contact\" aria-label=\"Nombre de usuario\"><\/i><\/div><label for=\"user_login-2119\">Nombre de usuario<span class=\"um-req\" title=\"Obligatorio\">*<\/span><\/label><div class=\"um-clear\"><\/div><\/div><div class=\"um-field-area\"><input  autocomplete=\"off\" class=\"um-form-field valid \" type=\"text\" name=\"user_login-2119\" id=\"user_login-2119\" value=\"\" placeholder=\"\" data-validate=\"unique_username\" data-key=\"user_login\"  aria-invalid=\"false\" \/>\n\n\t\t\t\t\t\t<\/div><\/div><div  id=\"um_field_2119_user_email\" class=\"um-field um-field-text  um-field-user_email um-field-text um-field-type_text\" data-key=\"user_email\"><div class=\"um-field-label\"><div class=\"um-field-label-icon\"><i class=\"um-icon-android-mail\" aria-label=\"Direcci\u00f3n de correo electr\u00f3nico\"><\/i><\/div><label for=\"user_email-2119\">Direcci\u00f3n de correo electr\u00f3nico<span class=\"um-req\" title=\"Obligatorio\">*<\/span><\/label><div class=\"um-clear\"><\/div><\/div><div class=\"um-field-area\"><input  autocomplete=\"off\" class=\"um-form-field valid \" type=\"text\" name=\"user_email-2119\" id=\"user_email-2119\" value=\"\" placeholder=\"\" data-validate=\"unique_email\" data-key=\"user_email\"  aria-invalid=\"false\" \/>\n\n\t\t\t\t\t\t<\/div><\/div><div  id=\"um_field_2119_user_password\" class=\"um-field um-field-password  um-field-user_password um-field-password um-field-type_password\" data-key=\"user_password\"><div class=\"um-field-label\"><div class=\"um-field-label-icon\"><i class=\"um-icon-log-in\" aria-label=\"Contrase\u00f1a\"><\/i><\/div><label for=\"user_password-2119\">Contrase\u00f1a<span class=\"um-req\" title=\"Obligatorio\">*<\/span><\/label><div class=\"um-clear\"><\/div><\/div><div class=\"um-field-area\"><div class=\"um-field-area-password\">\n\t\t\t\t\t\t\t\t\t<input class=\"um-form-field valid \" type=\"password\" name=\"user_password-2119\" id=\"user_password-2119\" value=\"\" placeholder=\"\" data-validate=\"\" data-key=\"user_password\"  aria-invalid=\"false\" \/>\n\t\t\t\t\t\t\t\t\t<span class=\"um-toggle-password\"><i class=\"um-icon-eye\"><\/i><\/span>\n\t\t\t\t\t\t\t\t<\/div>\n\t\t\t\t\t\t\t<\/div><\/div><div  id=\"um_field_2119_confirm_user_password\" class=\"um-field um-field-password  um-field-user_password um-field-password um-field-type_password\" data-key=\"confirm_user_password\"><div class=\"um-field-label\"><div class=\"um-field-label-icon\"><i class=\"um-icon-log-in\" aria-label=\"Confirmar la contrase\u00f1a\"><\/i><\/div><label for=\"confirm_user_password-2119\">Confirmar la contrase\u00f1a<span class=\"um-req\" title=\"Obligatorio\">*<\/span><\/label><div class=\"um-clear\"><\/div><\/div><div class=\"um-field-area\"><div class=\"um-field-area-password\"><input class=\"um-form-field valid \" type=\"password\" name=\"confirm_user_password-2119\" id=\"confirm_user_password-2119\" value=\"\" placeholder=\"Confirmar la contrase\u00f1a\" data-validate=\"\" data-key=\"confirm_user_password\"  aria-invalid=\"false\" \/><span class=\"um-toggle-password\"><i class=\"um-icon-eye\"><\/i><\/span><\/div><\/div><\/div><div  id=\"um_field_2119_empresa\" class=\"um-field um-field-text  um-field-empresa um-field-text um-field-type_text\" data-key=\"empresa\"><div class=\"um-field-label\"><div class=\"um-field-label-icon\"><i class=\"um-faicon-building\" aria-label=\"Nombre de empresa\"><\/i><\/div><label for=\"empresa-2119\">Nombre de empresa<\/label><div class=\"um-clear\"><\/div><\/div><div class=\"um-field-area\"><input  autocomplete=\"off\" class=\"um-form-field valid not-required \" type=\"text\" name=\"empresa-2119\" id=\"empresa-2119\" value=\"\" placeholder=\"\" data-validate=\"\" data-key=\"empresa\"  aria-invalid=\"false\" \/>\n\n\t\t\t\t\t\t<\/div><\/div><div  id=\"um_field_2119_nif\" class=\"um-field um-field-text  um-field-nif um-field-text um-field-type_text\" data-key=\"nif\"><div class=\"um-field-label\"><div class=\"um-field-label-icon\"><i class=\"um-icon-ios-barcode-outline\" aria-label=\"NIF\/CIF\"><\/i><\/div><label for=\"nif-2119\">NIF\/CIF<\/label><div class=\"um-clear\"><\/div><\/div><div class=\"um-field-area\"><input  autocomplete=\"off\" class=\"um-form-field valid not-required \" type=\"text\" name=\"nif-2119\" id=\"nif-2119\" value=\"\" placeholder=\"B12345678\" data-validate=\"alpha_numeric\" data-key=\"nif\"  aria-invalid=\"false\" \/>\n\n\t\t\t\t\t\t<\/div><\/div><div  id=\"um_field_2119_first_name\" class=\"um-field um-field-text  um-field-first_name um-field-text um-field-type_text\" data-key=\"first_name\"><div class=\"um-field-label\"><div class=\"um-field-label-icon\"><i class=\"um-icon-ios-person\" aria-label=\"Nombre\"><\/i><\/div><label for=\"first_name-2119\">Nombre<\/label><div class=\"um-clear\"><\/div><\/div><div class=\"um-field-area\"><input  autocomplete=\"off\" class=\"um-form-field valid not-required \" type=\"text\" name=\"first_name-2119\" id=\"first_name-2119\" value=\"\" placeholder=\"Nombre\" data-validate=\"alphabetic\" data-key=\"first_name\"  aria-invalid=\"false\" \/>\n\n\t\t\t\t\t\t<\/div><\/div><div  id=\"um_field_2119_last_name\" class=\"um-field um-field-text  um-field-last_name um-field-text um-field-type_text\" data-key=\"last_name\"><div class=\"um-field-label\"><div class=\"um-field-label-icon\"><i class=\"um-icon-ios-person-outline\" aria-label=\"Apellidos\"><\/i><\/div><label for=\"last_name-2119\">Apellidos<\/label><div class=\"um-clear\"><\/div><\/div><div class=\"um-field-area\"><input  autocomplete=\"off\" class=\"um-form-field valid not-required \" type=\"text\" name=\"last_name-2119\" id=\"last_name-2119\" value=\"\" placeholder=\"Apellidos\" data-validate=\"alphabetic\" data-key=\"last_name\"  aria-invalid=\"false\" \/>\n\n\t\t\t\t\t\t<\/div><\/div><div  id=\"um_field_2119_telefono\" class=\"um-field um-field-tel  um-field-telefono um-field-tel um-field-type_tel\" data-key=\"telefono\"><div class=\"um-field-label\"><div class=\"um-field-label-icon\"><i class=\"um-faicon-phone-square\" aria-label=\"Tel\u00e9fono\"><\/i><\/div><label for=\"telefono-2119\">Tel\u00e9fono<\/label><div class=\"um-clear\"><\/div><\/div><div class=\"um-field-area\"><input  autocomplete=\"off\" class=\"um-form-field valid not-required \" type=\"tel\" name=\"telefono-2119\" id=\"telefono-2119\" value=\"\" placeholder=\"612345678\" data-validate=\"phone_number\" data-key=\"telefono\"  aria-invalid=\"false\" \/>\n\n\t\t\t\t\t\t<\/div><\/div><div  id=\"um_field_2119_direccion\" class=\"um-field um-field-text  um-field-direccion um-field-text um-field-type_text\" data-key=\"direccion\"><div class=\"um-field-label\"><div class=\"um-field-label-icon\"><i class=\"um-icon-map\" aria-label=\"Direcci\u00f3n\"><\/i><\/div><label for=\"direccion-2119\">Direcci\u00f3n<\/label><div class=\"um-clear\"><\/div><\/div><div class=\"um-field-area\"><input  autocomplete=\"off\" class=\"um-form-field valid not-required \" type=\"text\" name=\"direccion-2119\" id=\"direccion-2119\" value=\"\" placeholder=\"Direcci\u00f3n de env\u00edo\" data-validate=\"\" data-key=\"direccion\"  aria-invalid=\"false\" \/>\n\n\t\t\t\t\t\t<\/div><\/div><div  id=\"um_field_2119_cp\" class=\"um-field um-field-number  um-field-cp um-field-number um-field-type_number\" data-key=\"cp\"><div class=\"um-field-label\"><label for=\"cp-2119\">C\u00f3digo Postal<\/label><div class=\"um-clear\"><\/div><\/div><div class=\"um-field-area\"><input  class=\"um-form-field valid not-required \" type=\"number\" name=\"cp-2119\" id=\"cp-2119\" value=\"\" placeholder=\"\" data-validate=\"\" data-key=\"cp\"  min=\"0\"  max=\"99999\"   aria-invalid=\"false\" \/>\n\n\t\t\t\t\t\t<\/div><\/div><div  id=\"um_field_2119_localidad\" class=\"um-field um-field-text  um-field-localidad um-field-text um-field-type_text\" data-key=\"localidad\"><div class=\"um-field-label\"><label for=\"localidad-2119\">Localidad<\/label><div class=\"um-clear\"><\/div><\/div><div class=\"um-field-area\"><input  autocomplete=\"off\" class=\"um-form-field valid not-required \" type=\"text\" name=\"localidad-2119\" id=\"localidad-2119\" value=\"\" placeholder=\"\" data-validate=\"\" data-key=\"localidad\"  aria-invalid=\"false\" \/>\n\n\t\t\t\t\t\t<\/div><\/div><div  id=\"um_field_2119_provincia\" class=\"um-field um-field-text  um-field-provincia um-field-text um-field-type_text\" data-key=\"provincia\"><div class=\"um-field-label\"><label for=\"provincia-2119\">Provincia<\/label><div class=\"um-clear\"><\/div><\/div><div class=\"um-field-area\"><input  autocomplete=\"off\" class=\"um-form-field valid not-required \" type=\"text\" name=\"provincia-2119\" id=\"provincia-2119\" value=\"\" placeholder=\"\" data-validate=\"\" data-key=\"provincia\"  aria-invalid=\"false\" \/>\n\n\t\t\t\t\t\t<\/div><\/div><\/div><\/div>\n<!-- This file should primarily consist of HTML with a little bit of PHP. -->\n<div class=\"um-field um-field-type_terms_conditions\" data-key=\"use_terms_conditions_agreement\" style=\"display:block;padding:0;\">\n\t<div class=\"um-field-area\">\n\t\t<div class=\"um-gdpr-content\" style=\"display:none;\">\n\t\t\t\n<p>Las descripciones de estos y otros productos a la venta en esta p\u00e1gina Web provienen de cat\u00e1logos y libros especializados publicados en pa\u00edses donde las leyes no prohiben el consumo de determinadas sustancias psicoactivas (como Holanda). El hecho de que algunas descripciones hagan alusi\u00f3n a los efectos de su consumo EN NING\u00daN CASO significa que puedas consumirlas; son descripciones meramente informativas, puesto que tales productos se venden exclusivamente para usos m\u00e9dicos y terap\u00e9uticos a estudiantes de bot\u00e1nica, naturalistas, coleccionistas, souvernis de Holanda, etc.<\/p>\n\n\n\n<p>El consumo de tales productos se realizar\u00e1 siempre bajo la \u00fanica responsabilidad del comprador. La empresa declina toda posible responsabilidad al respecto.<\/p>\n\n\n\n<p>Lamentablemente, las normas que regulan la posesi\u00f3n y la exportaci\u00f3n de las semillas de marihuana var\u00edan de un pa\u00eds a otro. Por eso, te aconsejamos encarecidamente que te informes acerca de la regulaci\u00f3n vigente en tu pa\u00eds y que act\u00faes conforme a ella.<\/p>\n\n\n\n<p>No obstante, si alguien realiza una compra desde uno de aquellos pa\u00edses, sin previamente haberse informado acerca de las leyes locales al respecto, la empresa no tendr\u00e1 ninguna responsabilidad sobre los posibles problemas legales que puedan derivarse, y no realizar\u00e1 reembolsos por materiales incautados o rechazados por las aduanas en el cumplimiento de su deber.<\/p>\n\n\n\n<p>Act\u00faa con responsabilidad<\/p>\n\n\n\n<p>Las presentes condiciones generales se interpretar\u00e1n conforme a la legislaci\u00f3n vigente en Espa\u00f1a en la materia, que se aplicar\u00e1 subsidiariamente en todo lo que no se haya previsto en las mismas. (B\u00e1sicamente, la Ley 34\/2002, de 11 de julio, de servicios de la sociedad de la informaci\u00f3n y de comercio electr\u00f3nico).<\/p>\n\n\n\n<p>Contenido exclusivo para mayores de 18 a\u00f1os. El acceso a la p\u00e1gina de <strong>https:\/\/www.smokershop.es<\/strong> est\u00e1 exclusivamente reservado a mayores de edad. En Espa\u00f1a y en buena parte de la Uni\u00f3n Europea, la mayor\u00eda de edad est\u00e1 establecida en 18 a\u00f1os. Consulta tu legislaci\u00f3n local al respecto y RESP\u00c9TALA.<\/p>\n\n\n\n<p><strong>Smoker&#8217;s Shop<\/strong> no se responsabiliza del uso indebido o ilegal que se le puedan dar en cada pa\u00eds a los productos que comercializa. Nuestra tienda online cumple la legalidad espa\u00f1ola y europea.<\/p>\n\n\n\n<p><strong>Aviso legal general<\/strong>: consulta la legislaci\u00f3n de tu pa\u00eds sobre los productos relacionados con el cultivo de cannabis.<\/p>\n\n\n\n<p>Al realizar tus compras en The Smoker&#8217;s Shop se entiende que est\u00e1s conforme y est\u00e1s aceptando directamente las siguientes condiciones:<\/p>\n\n\n\n<p><strong>The Smoker&#8217;s Shop<\/strong> comercializa art\u00edculos absolutamente legales en Espa\u00f1a, pero siempre bajo la condici\u00f3n de que los clientes los utilicen exclusivamente para los fines previstos en la ley. <strong>The Smoker&#8217;s Shop<\/strong> no pretende inducir a nadie a actuar contra la ley. Queremos declarar expresamente que todo aquel que compre cualquier producto en <strong><strong>The Smoker&#8217;s Shop<\/strong><\/strong> es el \u00fanico responsable de sus futuros actos. <strong><strong>The Smoker&#8217;s Shop<\/strong><\/strong>, as\u00ed como todos sus responsables y trabajadores, no asumen bajo ning\u00fan concepto, ninguna responsabilidad respecto al mal uso o uso indebido en el que pueda incurrir cualquier cliente.<\/p>\n\n\n\n<p><strong>The Smoker&#8217;s Shop<\/strong> es la marca comercial de Borja Gonz\u00e1lez L\u00f3pez, con DNI 77809889S<br>Direcci\u00f3n Fiscal: C. Farmaceutico Murillo Herrera, 24, Local 1, 41010 Sevilla<br>Correo electr\u00f3nico: <a href=\"mailto:laikasmokers@gmail.com\">laikasmokers@gmail.com<\/a><\/p>\n\t\t<\/div>\n\t\t<a href=\"javascript:void(0);\" class=\"um-toggle-gdpr\" data-toggle-state=\"hidden\"\n\t\t\tdata-toggle-show=\"Mostrar la pol\u00edtica de privacidad\"\n\t\t\tdata-toggle-hide=\"Ocultar la pol\u00edtica de privacidad\">\n\t\t\tMostrar la pol\u00edtica de privacidad\t\t<\/a>\n\t<\/div>\n\t<div class=\"um-field-area\">\n\t\t<label class=\"um-field-checkbox\">\n\t\t\t<input type=\"checkbox\" name=\"use_gdpr_agreement\" value=\"1\">\n\t\t\t<span class=\"um-field-checkbox-state\"><i class=\"um-icon-android-checkbox-outline-blank\"><\/i><\/span>\n\t\t\t<span class=\"um-field-checkbox-option\">Por favor, confirma que est\u00e1s de acuerdo con nuestra pol\u00edtica de privacidad<\/span>\n\t\t<\/label>\n\t\t<div class=\"um-clear\"><\/div>\n\t\t\t\t<div class=\"um-clear\"><\/div>\n\t<\/div>\n<\/div>\n\t<input type=\"hidden\" name=\"form_id\" id=\"form_id_2119\" value=\"2119\" \/>\n\t\t<p class=\"um_request_name\">\n\t\t<label for=\"um_request_2119\">Only fill in if you are not human<\/label>\n\t\t<input type=\"hidden\" name=\"um_request\" id=\"um_request_2119\" class=\"input\" value=\"\" size=\"25\" autocomplete=\"off\" \/>\n\t<\/p>\n\t<input type=\"hidden\" id=\"_wpnonce\" name=\"_wpnonce\" value=\"926760cae6\" \/><input type=\"hidden\" name=\"_wp_http_referer\" value=\"\/index.php\/wp-json\/wp\/v2\/pages\/2125\" \/>\n<div class=\"g-recaptcha\" id=\"um-2119\" data-mode=\"register\"><\/div>\n\n\n\t<div class=\"um-col-alt\">\n\n\t\t\n\t\t\t<div class=\"um-left um-half\">\n\t\t\t\t<input type=\"submit\" value=\"Registro\" class=\"um-button\" id=\"um-submit-btn\" \/>\n\t\t\t<\/div>\n\t\t\t<div class=\"um-right um-half\">\n\t\t\t\t<a href=\"https:\/\/www.smokershop.es\/index.php\/login\/\" class=\"um-button um-alt\">\n\t\t\t\t\tAcceder\t\t\t\t<\/a>\n\t\t\t<\/div>\n\n\t\t\n\t\t<div class=\"um-clear\"><\/div>\n\n\t<\/div>\n\n\t\t\t<\/form>\n\t<\/div>\n<\/div>\n<style>\n\t\t\t.um-2119.um {\n\t\t\tmax-width: 450px;\n\t\t}\n\t\t<\/style>\n\n","protected":false},"excerpt":{"rendered":"","protected":false},"author":1,"featured_media":0,"parent":0,"menu_order":0,"comment_status":"closed","ping_status":"closed","template":"","meta":{"_joinchat":[],"footnotes":""},"class_list":["post-2125","page","type-page","status-publish","hentry"],"yoast_head":"<!-- This site is optimized with the Yoast SEO plugin v27.4 - https:\/\/yoast.com\/product\/yoast-seo-wordpress\/ -->\n<title>Registro - The Smoker&#039;s Shop<\/title>\n<meta name=\"robots\" content=\"index, follow, max-snippet:-1, max-image-preview:large, max-video-preview:-1\" \/>\n<link rel=\"canonical\" href=\"https:\/\/www.smokershop.es\/index.php\/register\/\" \/>\n<meta property=\"og:locale\" content=\"es_ES\" \/>\n<meta property=\"og:type\" content=\"article\" \/>\n<meta property=\"og:title\" content=\"Registro - The Smoker&#039;s Shop\" \/>\n<meta property=\"og:url\" content=\"https:\/\/www.smokershop.es\/index.php\/register\/\" \/>\n<meta property=\"og:site_name\" content=\"The Smoker&#039;s Shop\" \/>\n<meta name=\"twitter:card\" content=\"summary_large_image\" \/>\n<script type=\"application\/ld+json\" class=\"yoast-schema-graph\">{\"@context\":\"https:\\\/\\\/schema.org\",\"@graph\":[{\"@type\":\"WebPage\",\"@id\":\"https:\\\/\\\/www.smokershop.es\\\/index.php\\\/register\\\/\",\"url\":\"https:\\\/\\\/www.smokershop.es\\\/index.php\\\/register\\\/\",\"name\":\"Registro - The Smoker&#039;s Shop\",\"isPartOf\":{\"@id\":\"https:\\\/\\\/www.smokershop.es\\\/#website\"},\"datePublished\":\"2024-05-17T14:43:52+00:00\",\"breadcrumb\":{\"@id\":\"https:\\\/\\\/www.smokershop.es\\\/index.php\\\/register\\\/#breadcrumb\"},\"inLanguage\":\"es\",\"potentialAction\":[{\"@type\":\"ReadAction\",\"target\":[\"https:\\\/\\\/www.smokershop.es\\\/index.php\\\/register\\\/\"]}]},{\"@type\":\"BreadcrumbList\",\"@id\":\"https:\\\/\\\/www.smokershop.es\\\/index.php\\\/register\\\/#breadcrumb\",\"itemListElement\":[{\"@type\":\"ListItem\",\"position\":1,\"name\":\"Portada\",\"item\":\"https:\\\/\\\/www.smokershop.es\\\/\"},{\"@type\":\"ListItem\",\"position\":2,\"name\":\"Registro\"}]},{\"@type\":\"WebSite\",\"@id\":\"https:\\\/\\\/www.smokershop.es\\\/#website\",\"url\":\"https:\\\/\\\/www.smokershop.es\\\/\",\"name\":\"The Smoker&#039;s Shop\",\"description\":\"Todo para los fumadores\",\"publisher\":{\"@id\":\"https:\\\/\\\/www.smokershop.es\\\/#organization\"},\"potentialAction\":[{\"@type\":\"SearchAction\",\"target\":{\"@type\":\"EntryPoint\",\"urlTemplate\":\"https:\\\/\\\/www.smokershop.es\\\/?s={search_term_string}\"},\"query-input\":{\"@type\":\"PropertyValueSpecification\",\"valueRequired\":true,\"valueName\":\"search_term_string\"}}],\"inLanguage\":\"es\"},{\"@type\":\"Organization\",\"@id\":\"https:\\\/\\\/www.smokershop.es\\\/#organization\",\"name\":\"The Smoker&#039;s Shop\",\"url\":\"https:\\\/\\\/www.smokershop.es\\\/\",\"logo\":{\"@type\":\"ImageObject\",\"inLanguage\":\"es\",\"@id\":\"https:\\\/\\\/www.smokershop.es\\\/#\\\/schema\\\/logo\\\/image\\\/\",\"url\":\"https:\\\/\\\/www.smokershop.es\\\/wp-content\\\/uploads\\\/2023\\\/10\\\/smokershop-logo.png\",\"contentUrl\":\"https:\\\/\\\/www.smokershop.es\\\/wp-content\\\/uploads\\\/2023\\\/10\\\/smokershop-logo.png\",\"width\":1711,\"height\":752,\"caption\":\"The Smoker&#039;s Shop\"},\"image\":{\"@id\":\"https:\\\/\\\/www.smokershop.es\\\/#\\\/schema\\\/logo\\\/image\\\/\"},\"sameAs\":[\"https:\\\/\\\/www.instagram.com\\\/thesmokersshopofficial\"]}]}<\/script>\n<!-- \/ Yoast SEO plugin. -->","yoast_head_json":{"title":"Registro - The Smoker&#039;s Shop","robots":{"index":"index","follow":"follow","max-snippet":"max-snippet:-1","max-image-preview":"max-image-preview:large","max-video-preview":"max-video-preview:-1"},"canonical":"https:\/\/www.smokershop.es\/index.php\/register\/","og_locale":"es_ES","og_type":"article","og_title":"Registro - The Smoker&#039;s Shop","og_url":"https:\/\/www.smokershop.es\/index.php\/register\/","og_site_name":"The Smoker&#039;s Shop","twitter_card":"summary_large_image","schema":{"@context":"https:\/\/schema.org","@graph":[{"@type":"WebPage","@id":"https:\/\/www.smokershop.es\/index.php\/register\/","url":"https:\/\/www.smokershop.es\/index.php\/register\/","name":"Registro - The Smoker&#039;s Shop","isPartOf":{"@id":"https:\/\/www.smokershop.es\/#website"},"datePublished":"2024-05-17T14:43:52+00:00","breadcrumb":{"@id":"https:\/\/www.smokershop.es\/index.php\/register\/#breadcrumb"},"inLanguage":"es","potentialAction":[{"@type":"ReadAction","target":["https:\/\/www.smokershop.es\/index.php\/register\/"]}]},{"@type":"BreadcrumbList","@id":"https:\/\/www.smokershop.es\/index.php\/register\/#breadcrumb","itemListElement":[{"@type":"ListItem","position":1,"name":"Portada","item":"https:\/\/www.smokershop.es\/"},{"@type":"ListItem","position":2,"name":"Registro"}]},{"@type":"WebSite","@id":"https:\/\/www.smokershop.es\/#website","url":"https:\/\/www.smokershop.es\/","name":"The Smoker&#039;s Shop","description":"Todo para los fumadores","publisher":{"@id":"https:\/\/www.smokershop.es\/#organization"},"potentialAction":[{"@type":"SearchAction","target":{"@type":"EntryPoint","urlTemplate":"https:\/\/www.smokershop.es\/?s={search_term_string}"},"query-input":{"@type":"PropertyValueSpecification","valueRequired":true,"valueName":"search_term_string"}}],"inLanguage":"es"},{"@type":"Organization","@id":"https:\/\/www.smokershop.es\/#organization","name":"The Smoker&#039;s Shop","url":"https:\/\/www.smokershop.es\/","logo":{"@type":"ImageObject","inLanguage":"es","@id":"https:\/\/www.smokershop.es\/#\/schema\/logo\/image\/","url":"https:\/\/www.smokershop.es\/wp-content\/uploads\/2023\/10\/smokershop-logo.png","contentUrl":"https:\/\/www.smokershop.es\/wp-content\/uploads\/2023\/10\/smokershop-logo.png","width":1711,"height":752,"caption":"The Smoker&#039;s Shop"},"image":{"@id":"https:\/\/www.smokershop.es\/#\/schema\/logo\/image\/"},"sameAs":["https:\/\/www.instagram.com\/thesmokersshopofficial"]}]}},"_links":{"self":[{"href":"https:\/\/www.smokershop.es\/index.php\/wp-json\/wp\/v2\/pages\/2125","targetHints":{"allow":["GET"]}}],"collection":[{"href":"https:\/\/www.smokershop.es\/index.php\/wp-json\/wp\/v2\/pages"}],"about":[{"href":"https:\/\/www.smokershop.es\/index.php\/wp-json\/wp\/v2\/types\/page"}],"author":[{"embeddable":true,"href":"https:\/\/www.smokershop.es\/index.php\/wp-json\/wp\/v2\/users\/1"}],"replies":[{"embeddable":true,"href":"https:\/\/www.smokershop.es\/index.php\/wp-json\/wp\/v2\/comments?post=2125"}],"version-history":[{"count":0,"href":"https:\/\/www.smokershop.es\/index.php\/wp-json\/wp\/v2\/pages\/2125\/revisions"}],"wp:attachment":[{"href":"https:\/\/www.smokershop.es\/index.php\/wp-json\/wp\/v2\/media?parent=2125"}],"curies":[{"name":"wp","href":"https:\/\/api.w.org\/{rel}","templated":true}]}}