{"id":1105,"date":"2024-01-16T00:35:00","date_gmt":"2024-01-15T23:35:00","guid":{"rendered":"https:\/\/www.smokershop.es\/?post_type=product&#038;p=1105"},"modified":"2026-04-24T19:39:10","modified_gmt":"2026-04-24T17:39:10","slug":"papel-monkey-king-classic-white","status":"publish","type":"product","link":"https:\/\/www.smokershop.es\/index.php\/producto\/papel-monkey-king-classic-white\/","title":{"rendered":"PAPEL MONKEY KING CLASSIC WHITE"},"content":{"rendered":"<p>PAPEL MONKEY KING CLASSIC WHITE<\/p>\n<p>Librillo de papel king size blanco 100% goma ar\u00e1bica, de combusti\u00f3n lenta, sin ning\u00fan tipo de colorante ni aditivo. Diferentes modelos coleccionables.<\/p>\n","protected":false},"excerpt":{"rendered":"<ul>\n<li>Papel king size, 108 mm X 44 mm<\/li>\n<li>Papel ultra fino, 14 gr. \/ m2, con 32 hojas por librillo<\/li>\n<li>Combusti\u00f3n lenta y 100% goma ar\u00e1bica<\/li>\n<\/ul>\n<ul>\n<li style=\"list-style-type: none;\">\n<ul>\n<li><em>FORMATO PRO -&gt; DISPLAY 50x<\/em><\/li>\n<li><strong>\u2b07\ufe0f PRECIOS MAYORISTA PARA PROFESIONALES \u2b07\ufe0f<\/strong><\/li>\n<\/ul>\n<\/li>\n<\/ul>\n<p style=\"padding-left: 200px;\"><strong><a href=\"https:\/\/www.smokershop.es\/index.php\/register\/\" target=\"_blank\" rel=\"noopener\">\ud83d\udc49 REGISTRATE AQUI \ud83d\udc48<\/a><\/strong><\/p>\n<ul>\n<li style=\"list-style-type: none;\"><\/li>\n<\/ul>\n","protected":false},"featured_media":1128,"template":"","meta":{"_joinchat":[]},"product_brand":[],"product_cat":[42],"product_tag":[],"class_list":{"0":"post-1105","1":"product","2":"type-product","3":"status-publish","4":"has-post-thumbnail","6":"product_cat-papel-king-size","8":"first","9":"instock","10":"taxable","11":"shipping-taxable","12":"purchasable","13":"product-type-simple"},"yoast_head":"<!-- This site is optimized with the Yoast SEO plugin v27.4 - https:\/\/yoast.com\/product\/yoast-seo-wordpress\/ -->\n<title>PAPEL MONKEY KING CLASSIC WHITE - The Smoker&#039;s Shop<\/title>\n<meta name=\"description\" content=\"PAPEL MONKEY KING CLASSIC WHITE.\u00a0Librillo de papel 108 mm X 44 mm, king size, blanco, sin colorantes ni aditivos y 100% goma ar\u00e1bica.\" \/>\n<meta name=\"robots\" content=\"index, follow, max-snippet:-1, max-image-preview:large, max-video-preview:-1\" \/>\n<link rel=\"canonical\" href=\"https:\/\/www.smokershop.es\/index.php\/producto\/papel-monkey-king-classic-white\/\" \/>\n<meta property=\"og:locale\" content=\"es_ES\" \/>\n<meta property=\"og:type\" content=\"article\" \/>\n<meta property=\"og:title\" content=\"PAPEL MONKEY KING CLASSIC WHITE - The Smoker&#039;s Shop\" \/>\n<meta property=\"og:description\" content=\"PAPEL MONKEY KING CLASSIC WHITE.\u00a0Librillo de papel 108 mm X 44 mm, king size, blanco, sin colorantes ni aditivos y 100% goma ar\u00e1bica.\" \/>\n<meta property=\"og:url\" content=\"https:\/\/www.smokershop.es\/index.php\/producto\/papel-monkey-king-classic-white\/\" \/>\n<meta property=\"og:site_name\" content=\"The Smoker&#039;s Shop\" \/>\n<meta property=\"article:modified_time\" content=\"2026-04-24T17:39:10+00:00\" \/>\n<meta property=\"og:image\" content=\"https:\/\/www.smokershop.es\/wp-content\/uploads\/2024\/01\/MONKEY-KING-CLASSIC-WHITE.jpg\" \/>\n\t<meta property=\"og:image:width\" content=\"750\" \/>\n\t<meta property=\"og:image:height\" content=\"750\" \/>\n\t<meta property=\"og:image:type\" content=\"image\/jpeg\" \/>\n<meta name=\"twitter:card\" content=\"summary_large_image\" \/>\n<meta name=\"twitter:label1\" content=\"Tiempo de lectura\" \/>\n\t<meta name=\"twitter:data1\" content=\"1 minuto\" \/>\n<script type=\"application\/ld+json\" class=\"yoast-schema-graph\">{\"@context\":\"https:\\\/\\\/schema.org\",\"@graph\":[{\"@type\":\"WebPage\",\"@id\":\"https:\\\/\\\/www.smokershop.es\\\/index.php\\\/producto\\\/papel-monkey-king-classic-white\\\/\",\"url\":\"https:\\\/\\\/www.smokershop.es\\\/index.php\\\/producto\\\/papel-monkey-king-classic-white\\\/\",\"name\":\"PAPEL MONKEY KING CLASSIC WHITE - The Smoker&#039;s Shop\",\"isPartOf\":{\"@id\":\"https:\\\/\\\/www.smokershop.es\\\/#website\"},\"primaryImageOfPage\":{\"@id\":\"https:\\\/\\\/www.smokershop.es\\\/index.php\\\/producto\\\/papel-monkey-king-classic-white\\\/#primaryimage\"},\"image\":{\"@id\":\"https:\\\/\\\/www.smokershop.es\\\/index.php\\\/producto\\\/papel-monkey-king-classic-white\\\/#primaryimage\"},\"thumbnailUrl\":\"https:\\\/\\\/www.smokershop.es\\\/wp-content\\\/uploads\\\/2024\\\/01\\\/MONKEY-KING-CLASSIC-WHITE.jpg\",\"datePublished\":\"2024-01-15T23:35:00+00:00\",\"dateModified\":\"2026-04-24T17:39:10+00:00\",\"description\":\"PAPEL MONKEY KING CLASSIC WHITE.\u00a0Librillo de papel 108 mm X 44 mm, king size, blanco, sin colorantes ni aditivos y 100% goma ar\u00e1bica.\",\"breadcrumb\":{\"@id\":\"https:\\\/\\\/www.smokershop.es\\\/index.php\\\/producto\\\/papel-monkey-king-classic-white\\\/#breadcrumb\"},\"inLanguage\":\"es\",\"potentialAction\":[{\"@type\":\"ReadAction\",\"target\":[\"https:\\\/\\\/www.smokershop.es\\\/index.php\\\/producto\\\/papel-monkey-king-classic-white\\\/\"]}]},{\"@type\":\"ImageObject\",\"inLanguage\":\"es\",\"@id\":\"https:\\\/\\\/www.smokershop.es\\\/index.php\\\/producto\\\/papel-monkey-king-classic-white\\\/#primaryimage\",\"url\":\"https:\\\/\\\/www.smokershop.es\\\/wp-content\\\/uploads\\\/2024\\\/01\\\/MONKEY-KING-CLASSIC-WHITE.jpg\",\"contentUrl\":\"https:\\\/\\\/www.smokershop.es\\\/wp-content\\\/uploads\\\/2024\\\/01\\\/MONKEY-KING-CLASSIC-WHITE.jpg\",\"width\":750,\"height\":750,\"caption\":\"PAPEL MONKEY KING CLASSIC WHITE\"},{\"@type\":\"BreadcrumbList\",\"@id\":\"https:\\\/\\\/www.smokershop.es\\\/index.php\\\/producto\\\/papel-monkey-king-classic-white\\\/#breadcrumb\",\"itemListElement\":[{\"@type\":\"ListItem\",\"position\":1,\"name\":\"Portada\",\"item\":\"https:\\\/\\\/www.smokershop.es\\\/\"},{\"@type\":\"ListItem\",\"position\":2,\"name\":\"The Shop\",\"item\":\"https:\\\/\\\/www.smokershop.es\\\/index.php\\\/shop\\\/\"},{\"@type\":\"ListItem\",\"position\":3,\"name\":\"PAPEL MONKEY KING CLASSIC WHITE\"}]},{\"@type\":\"WebSite\",\"@id\":\"https:\\\/\\\/www.smokershop.es\\\/#website\",\"url\":\"https:\\\/\\\/www.smokershop.es\\\/\",\"name\":\"The Smoker&#039;s Shop\",\"description\":\"Todo para los fumadores\",\"publisher\":{\"@id\":\"https:\\\/\\\/www.smokershop.es\\\/#organization\"},\"potentialAction\":[{\"@type\":\"SearchAction\",\"target\":{\"@type\":\"EntryPoint\",\"urlTemplate\":\"https:\\\/\\\/www.smokershop.es\\\/?s={search_term_string}\"},\"query-input\":{\"@type\":\"PropertyValueSpecification\",\"valueRequired\":true,\"valueName\":\"search_term_string\"}}],\"inLanguage\":\"es\"},{\"@type\":\"Organization\",\"@id\":\"https:\\\/\\\/www.smokershop.es\\\/#organization\",\"name\":\"The Smoker&#039;s Shop\",\"url\":\"https:\\\/\\\/www.smokershop.es\\\/\",\"logo\":{\"@type\":\"ImageObject\",\"inLanguage\":\"es\",\"@id\":\"https:\\\/\\\/www.smokershop.es\\\/#\\\/schema\\\/logo\\\/image\\\/\",\"url\":\"https:\\\/\\\/www.smokershop.es\\\/wp-content\\\/uploads\\\/2023\\\/10\\\/smokershop-logo.png\",\"contentUrl\":\"https:\\\/\\\/www.smokershop.es\\\/wp-content\\\/uploads\\\/2023\\\/10\\\/smokershop-logo.png\",\"width\":1711,\"height\":752,\"caption\":\"The Smoker&#039;s Shop\"},\"image\":{\"@id\":\"https:\\\/\\\/www.smokershop.es\\\/#\\\/schema\\\/logo\\\/image\\\/\"},\"sameAs\":[\"https:\\\/\\\/www.instagram.com\\\/thesmokersshopofficial\"]}]}<\/script>\n<!-- \/ Yoast SEO plugin. -->","yoast_head_json":{"title":"PAPEL MONKEY KING CLASSIC WHITE - The Smoker&#039;s Shop","description":"PAPEL MONKEY KING CLASSIC WHITE.\u00a0Librillo de papel 108 mm X 44 mm, king size, blanco, sin colorantes ni aditivos y 100% goma ar\u00e1bica.","robots":{"index":"index","follow":"follow","max-snippet":"max-snippet:-1","max-image-preview":"max-image-preview:large","max-video-preview":"max-video-preview:-1"},"canonical":"https:\/\/www.smokershop.es\/index.php\/producto\/papel-monkey-king-classic-white\/","og_locale":"es_ES","og_type":"article","og_title":"PAPEL MONKEY KING CLASSIC WHITE - The Smoker&#039;s Shop","og_description":"PAPEL MONKEY KING CLASSIC WHITE.\u00a0Librillo de papel 108 mm X 44 mm, king size, blanco, sin colorantes ni aditivos y 100% goma ar\u00e1bica.","og_url":"https:\/\/www.smokershop.es\/index.php\/producto\/papel-monkey-king-classic-white\/","og_site_name":"The Smoker&#039;s Shop","article_modified_time":"2026-04-24T17:39:10+00:00","og_image":[{"width":750,"height":750,"url":"https:\/\/www.smokershop.es\/wp-content\/uploads\/2024\/01\/MONKEY-KING-CLASSIC-WHITE.jpg","type":"image\/jpeg"}],"twitter_card":"summary_large_image","twitter_misc":{"Tiempo de lectura":"1 minuto"},"schema":{"@context":"https:\/\/schema.org","@graph":[{"@type":"WebPage","@id":"https:\/\/www.smokershop.es\/index.php\/producto\/papel-monkey-king-classic-white\/","url":"https:\/\/www.smokershop.es\/index.php\/producto\/papel-monkey-king-classic-white\/","name":"PAPEL MONKEY KING CLASSIC WHITE - The Smoker&#039;s Shop","isPartOf":{"@id":"https:\/\/www.smokershop.es\/#website"},"primaryImageOfPage":{"@id":"https:\/\/www.smokershop.es\/index.php\/producto\/papel-monkey-king-classic-white\/#primaryimage"},"image":{"@id":"https:\/\/www.smokershop.es\/index.php\/producto\/papel-monkey-king-classic-white\/#primaryimage"},"thumbnailUrl":"https:\/\/www.smokershop.es\/wp-content\/uploads\/2024\/01\/MONKEY-KING-CLASSIC-WHITE.jpg","datePublished":"2024-01-15T23:35:00+00:00","dateModified":"2026-04-24T17:39:10+00:00","description":"PAPEL MONKEY KING CLASSIC WHITE.\u00a0Librillo de papel 108 mm X 44 mm, king size, blanco, sin colorantes ni aditivos y 100% goma ar\u00e1bica.","breadcrumb":{"@id":"https:\/\/www.smokershop.es\/index.php\/producto\/papel-monkey-king-classic-white\/#breadcrumb"},"inLanguage":"es","potentialAction":[{"@type":"ReadAction","target":["https:\/\/www.smokershop.es\/index.php\/producto\/papel-monkey-king-classic-white\/"]}]},{"@type":"ImageObject","inLanguage":"es","@id":"https:\/\/www.smokershop.es\/index.php\/producto\/papel-monkey-king-classic-white\/#primaryimage","url":"https:\/\/www.smokershop.es\/wp-content\/uploads\/2024\/01\/MONKEY-KING-CLASSIC-WHITE.jpg","contentUrl":"https:\/\/www.smokershop.es\/wp-content\/uploads\/2024\/01\/MONKEY-KING-CLASSIC-WHITE.jpg","width":750,"height":750,"caption":"PAPEL MONKEY KING CLASSIC WHITE"},{"@type":"BreadcrumbList","@id":"https:\/\/www.smokershop.es\/index.php\/producto\/papel-monkey-king-classic-white\/#breadcrumb","itemListElement":[{"@type":"ListItem","position":1,"name":"Portada","item":"https:\/\/www.smokershop.es\/"},{"@type":"ListItem","position":2,"name":"The Shop","item":"https:\/\/www.smokershop.es\/index.php\/shop\/"},{"@type":"ListItem","position":3,"name":"PAPEL MONKEY KING CLASSIC WHITE"}]},{"@type":"WebSite","@id":"https:\/\/www.smokershop.es\/#website","url":"https:\/\/www.smokershop.es\/","name":"The Smoker&#039;s Shop","description":"Todo para los fumadores","publisher":{"@id":"https:\/\/www.smokershop.es\/#organization"},"potentialAction":[{"@type":"SearchAction","target":{"@type":"EntryPoint","urlTemplate":"https:\/\/www.smokershop.es\/?s={search_term_string}"},"query-input":{"@type":"PropertyValueSpecification","valueRequired":true,"valueName":"search_term_string"}}],"inLanguage":"es"},{"@type":"Organization","@id":"https:\/\/www.smokershop.es\/#organization","name":"The Smoker&#039;s Shop","url":"https:\/\/www.smokershop.es\/","logo":{"@type":"ImageObject","inLanguage":"es","@id":"https:\/\/www.smokershop.es\/#\/schema\/logo\/image\/","url":"https:\/\/www.smokershop.es\/wp-content\/uploads\/2023\/10\/smokershop-logo.png","contentUrl":"https:\/\/www.smokershop.es\/wp-content\/uploads\/2023\/10\/smokershop-logo.png","width":1711,"height":752,"caption":"The Smoker&#039;s Shop"},"image":{"@id":"https:\/\/www.smokershop.es\/#\/schema\/logo\/image\/"},"sameAs":["https:\/\/www.instagram.com\/thesmokersshopofficial"]}]}},"_links":{"self":[{"href":"https:\/\/www.smokershop.es\/index.php\/wp-json\/wp\/v2\/product\/1105","targetHints":{"allow":["GET"]}}],"collection":[{"href":"https:\/\/www.smokershop.es\/index.php\/wp-json\/wp\/v2\/product"}],"about":[{"href":"https:\/\/www.smokershop.es\/index.php\/wp-json\/wp\/v2\/types\/product"}],"wp:featuredmedia":[{"embeddable":true,"href":"https:\/\/www.smokershop.es\/index.php\/wp-json\/wp\/v2\/media\/1128"}],"wp:attachment":[{"href":"https:\/\/www.smokershop.es\/index.php\/wp-json\/wp\/v2\/media?parent=1105"}],"wp:term":[{"taxonomy":"product_brand","embeddable":true,"href":"https:\/\/www.smokershop.es\/index.php\/wp-json\/wp\/v2\/product_brand?post=1105"},{"taxonomy":"product_cat","embeddable":true,"href":"https:\/\/www.smokershop.es\/index.php\/wp-json\/wp\/v2\/product_cat?post=1105"},{"taxonomy":"product_tag","embeddable":true,"href":"https:\/\/www.smokershop.es\/index.php\/wp-json\/wp\/v2\/product_tag?post=1105"}],"curies":[{"name":"wp","href":"https:\/\/api.w.org\/{rel}","templated":true}]}}