{"id":1164,"date":"2024-01-26T01:32:38","date_gmt":"2024-01-26T00:32:38","guid":{"rendered":"https:\/\/www.smokershop.es\/?post_type=product&#038;p=1164"},"modified":"2025-12-04T05:02:04","modified_gmt":"2025-12-04T04:02:04","slug":"rollo-papel-monkey-king-green-4m","status":"publish","type":"product","link":"https:\/\/www.smokershop.es\/index.php\/producto\/rollo-papel-monkey-king-green-4m\/","title":{"rendered":"ROLLO PAPEL MONKEY KING GREEN 4M"},"content":{"rendered":"<p>ROLLO PAPEL MONKEY KING GREEN 4M<\/p>\n<p>La bobina de papel verde Monkey King Roll Green no solo a\u00f1ade color a tu fumada, sino que tambi\u00e9n ofrece una calidad excepcional.<\/p>\n<p>Fabricado con fibras y goma ar\u00e1biga 100% naturales, con colorante vegetal,\u00a0 garantiza una combusti\u00f3n uniforme y suave.<\/p>\n<p>Monkey King ofrece un equilibrio perfecto entre estilo y funcionalidad, con dise\u00f1os incre\u00edbles como nuestro papel verde, que hacen que tu fumada sea \u00fanica y exprese tu individualidad.<\/p>\n","protected":false},"excerpt":{"rendered":"<ul>\n<li>Dimensiones 4m x 44mm<\/li>\n<li>Peso de 14 gr. \/ m2<\/li>\n<li>Combusti\u00f3n lenta<\/li>\n<li>Hecha con goma ar\u00e1biga 100% natural<\/li>\n<\/ul>\n<p>&nbsp;<\/p>\n<ul>\n<li>Para Profesionales -&gt; 24 unidades por caja<\/li>\n<\/ul>\n<ul>\n<li style=\"list-style-type: none;\"><\/li>\n<\/ul>\n","protected":false},"featured_media":3760,"template":"","meta":{"_joinchat":[]},"product_brand":[],"product_cat":[65,41],"product_tag":[],"class_list":{"0":"post-1164","1":"product","2":"type-product","3":"status-publish","4":"has-post-thumbnail","6":"product_cat-1-1-4","7":"product_cat-papel-1-4","9":"first","10":"instock","11":"taxable","12":"shipping-taxable","13":"purchasable","14":"product-type-simple"},"yoast_head":"<!-- This site is optimized with the Yoast SEO plugin v27.4 - https:\/\/yoast.com\/product\/yoast-seo-wordpress\/ -->\n<title>ROLLO PAPEL MONKEY KING GREEN 4M - The Smoker&#039;s Shop<\/title>\n<meta name=\"description\" content=\"ROLLO PAPEL MONKEY KING GREEN 4M de 4m x 44mm, est\u00e1 hecho con fibras naturales, colorante vegetal, de gran calidad, combusti\u00f3n lenta y suave.\" \/>\n<meta name=\"robots\" content=\"index, follow, max-snippet:-1, max-image-preview:large, max-video-preview:-1\" \/>\n<link rel=\"canonical\" href=\"https:\/\/www.smokershop.es\/index.php\/producto\/rollo-papel-monkey-king-green-4m\/\" \/>\n<meta property=\"og:locale\" content=\"es_ES\" \/>\n<meta property=\"og:type\" content=\"article\" \/>\n<meta property=\"og:title\" content=\"ROLLO PAPEL MONKEY KING GREEN 4M - The Smoker&#039;s Shop\" \/>\n<meta property=\"og:description\" content=\"ROLLO PAPEL MONKEY KING GREEN 4M de 4m x 44mm, est\u00e1 hecho con fibras naturales, colorante vegetal, de gran calidad, combusti\u00f3n lenta y suave.\" \/>\n<meta property=\"og:url\" content=\"https:\/\/www.smokershop.es\/index.php\/producto\/rollo-papel-monkey-king-green-4m\/\" \/>\n<meta property=\"og:site_name\" content=\"The Smoker&#039;s Shop\" \/>\n<meta property=\"article:modified_time\" content=\"2025-12-04T04:02:04+00:00\" \/>\n<meta property=\"og:image\" content=\"https:\/\/www.smokershop.es\/wp-content\/uploads\/2024\/02\/monkey-roll-green.jpg\" \/>\n\t<meta property=\"og:image:width\" content=\"1350\" \/>\n\t<meta property=\"og:image:height\" content=\"1350\" \/>\n\t<meta property=\"og:image:type\" content=\"image\/jpeg\" \/>\n<meta name=\"twitter:card\" content=\"summary_large_image\" \/>\n<meta name=\"twitter:label1\" content=\"Tiempo de lectura\" \/>\n\t<meta name=\"twitter:data1\" content=\"1 minuto\" \/>\n<script type=\"application\/ld+json\" class=\"yoast-schema-graph\">{\"@context\":\"https:\\\/\\\/schema.org\",\"@graph\":[{\"@type\":\"WebPage\",\"@id\":\"https:\\\/\\\/www.smokershop.es\\\/index.php\\\/producto\\\/rollo-papel-monkey-king-green-4m\\\/\",\"url\":\"https:\\\/\\\/www.smokershop.es\\\/index.php\\\/producto\\\/rollo-papel-monkey-king-green-4m\\\/\",\"name\":\"ROLLO PAPEL MONKEY KING GREEN 4M - The Smoker&#039;s Shop\",\"isPartOf\":{\"@id\":\"https:\\\/\\\/www.smokershop.es\\\/#website\"},\"primaryImageOfPage\":{\"@id\":\"https:\\\/\\\/www.smokershop.es\\\/index.php\\\/producto\\\/rollo-papel-monkey-king-green-4m\\\/#primaryimage\"},\"image\":{\"@id\":\"https:\\\/\\\/www.smokershop.es\\\/index.php\\\/producto\\\/rollo-papel-monkey-king-green-4m\\\/#primaryimage\"},\"thumbnailUrl\":\"https:\\\/\\\/www.smokershop.es\\\/wp-content\\\/uploads\\\/2024\\\/02\\\/monkey-roll-green.jpg\",\"datePublished\":\"2024-01-26T00:32:38+00:00\",\"dateModified\":\"2025-12-04T04:02:04+00:00\",\"description\":\"ROLLO PAPEL MONKEY KING GREEN 4M de 4m x 44mm, est\u00e1 hecho con fibras naturales, colorante vegetal, de gran calidad, combusti\u00f3n lenta y suave.\",\"breadcrumb\":{\"@id\":\"https:\\\/\\\/www.smokershop.es\\\/index.php\\\/producto\\\/rollo-papel-monkey-king-green-4m\\\/#breadcrumb\"},\"inLanguage\":\"es\",\"potentialAction\":[{\"@type\":\"ReadAction\",\"target\":[\"https:\\\/\\\/www.smokershop.es\\\/index.php\\\/producto\\\/rollo-papel-monkey-king-green-4m\\\/\"]}]},{\"@type\":\"ImageObject\",\"inLanguage\":\"es\",\"@id\":\"https:\\\/\\\/www.smokershop.es\\\/index.php\\\/producto\\\/rollo-papel-monkey-king-green-4m\\\/#primaryimage\",\"url\":\"https:\\\/\\\/www.smokershop.es\\\/wp-content\\\/uploads\\\/2024\\\/02\\\/monkey-roll-green.jpg\",\"contentUrl\":\"https:\\\/\\\/www.smokershop.es\\\/wp-content\\\/uploads\\\/2024\\\/02\\\/monkey-roll-green.jpg\",\"width\":1350,\"height\":1350,\"caption\":\"ROLLO PAPEL MONKEY KING GREEN 4M\"},{\"@type\":\"BreadcrumbList\",\"@id\":\"https:\\\/\\\/www.smokershop.es\\\/index.php\\\/producto\\\/rollo-papel-monkey-king-green-4m\\\/#breadcrumb\",\"itemListElement\":[{\"@type\":\"ListItem\",\"position\":1,\"name\":\"Portada\",\"item\":\"https:\\\/\\\/www.smokershop.es\\\/\"},{\"@type\":\"ListItem\",\"position\":2,\"name\":\"The Shop\",\"item\":\"https:\\\/\\\/www.smokershop.es\\\/index.php\\\/shop\\\/\"},{\"@type\":\"ListItem\",\"position\":3,\"name\":\"ROLLO PAPEL MONKEY KING GREEN 4M\"}]},{\"@type\":\"WebSite\",\"@id\":\"https:\\\/\\\/www.smokershop.es\\\/#website\",\"url\":\"https:\\\/\\\/www.smokershop.es\\\/\",\"name\":\"The Smoker&#039;s Shop\",\"description\":\"Todo para los fumadores\",\"publisher\":{\"@id\":\"https:\\\/\\\/www.smokershop.es\\\/#organization\"},\"potentialAction\":[{\"@type\":\"SearchAction\",\"target\":{\"@type\":\"EntryPoint\",\"urlTemplate\":\"https:\\\/\\\/www.smokershop.es\\\/?s={search_term_string}\"},\"query-input\":{\"@type\":\"PropertyValueSpecification\",\"valueRequired\":true,\"valueName\":\"search_term_string\"}}],\"inLanguage\":\"es\"},{\"@type\":\"Organization\",\"@id\":\"https:\\\/\\\/www.smokershop.es\\\/#organization\",\"name\":\"The Smoker&#039;s Shop\",\"url\":\"https:\\\/\\\/www.smokershop.es\\\/\",\"logo\":{\"@type\":\"ImageObject\",\"inLanguage\":\"es\",\"@id\":\"https:\\\/\\\/www.smokershop.es\\\/#\\\/schema\\\/logo\\\/image\\\/\",\"url\":\"https:\\\/\\\/www.smokershop.es\\\/wp-content\\\/uploads\\\/2023\\\/10\\\/smokershop-logo.png\",\"contentUrl\":\"https:\\\/\\\/www.smokershop.es\\\/wp-content\\\/uploads\\\/2023\\\/10\\\/smokershop-logo.png\",\"width\":1711,\"height\":752,\"caption\":\"The Smoker&#039;s Shop\"},\"image\":{\"@id\":\"https:\\\/\\\/www.smokershop.es\\\/#\\\/schema\\\/logo\\\/image\\\/\"},\"sameAs\":[\"https:\\\/\\\/www.instagram.com\\\/thesmokersshopofficial\"]}]}<\/script>\n<!-- \/ Yoast SEO plugin. -->","yoast_head_json":{"title":"ROLLO PAPEL MONKEY KING GREEN 4M - The Smoker&#039;s Shop","description":"ROLLO PAPEL MONKEY KING GREEN 4M de 4m x 44mm, est\u00e1 hecho con fibras naturales, colorante vegetal, de gran calidad, combusti\u00f3n lenta y suave.","robots":{"index":"index","follow":"follow","max-snippet":"max-snippet:-1","max-image-preview":"max-image-preview:large","max-video-preview":"max-video-preview:-1"},"canonical":"https:\/\/www.smokershop.es\/index.php\/producto\/rollo-papel-monkey-king-green-4m\/","og_locale":"es_ES","og_type":"article","og_title":"ROLLO PAPEL MONKEY KING GREEN 4M - The Smoker&#039;s Shop","og_description":"ROLLO PAPEL MONKEY KING GREEN 4M de 4m x 44mm, est\u00e1 hecho con fibras naturales, colorante vegetal, de gran calidad, combusti\u00f3n lenta y suave.","og_url":"https:\/\/www.smokershop.es\/index.php\/producto\/rollo-papel-monkey-king-green-4m\/","og_site_name":"The Smoker&#039;s Shop","article_modified_time":"2025-12-04T04:02:04+00:00","og_image":[{"width":1350,"height":1350,"url":"https:\/\/www.smokershop.es\/wp-content\/uploads\/2024\/02\/monkey-roll-green.jpg","type":"image\/jpeg"}],"twitter_card":"summary_large_image","twitter_misc":{"Tiempo de lectura":"1 minuto"},"schema":{"@context":"https:\/\/schema.org","@graph":[{"@type":"WebPage","@id":"https:\/\/www.smokershop.es\/index.php\/producto\/rollo-papel-monkey-king-green-4m\/","url":"https:\/\/www.smokershop.es\/index.php\/producto\/rollo-papel-monkey-king-green-4m\/","name":"ROLLO PAPEL MONKEY KING GREEN 4M - The Smoker&#039;s Shop","isPartOf":{"@id":"https:\/\/www.smokershop.es\/#website"},"primaryImageOfPage":{"@id":"https:\/\/www.smokershop.es\/index.php\/producto\/rollo-papel-monkey-king-green-4m\/#primaryimage"},"image":{"@id":"https:\/\/www.smokershop.es\/index.php\/producto\/rollo-papel-monkey-king-green-4m\/#primaryimage"},"thumbnailUrl":"https:\/\/www.smokershop.es\/wp-content\/uploads\/2024\/02\/monkey-roll-green.jpg","datePublished":"2024-01-26T00:32:38+00:00","dateModified":"2025-12-04T04:02:04+00:00","description":"ROLLO PAPEL MONKEY KING GREEN 4M de 4m x 44mm, est\u00e1 hecho con fibras naturales, colorante vegetal, de gran calidad, combusti\u00f3n lenta y suave.","breadcrumb":{"@id":"https:\/\/www.smokershop.es\/index.php\/producto\/rollo-papel-monkey-king-green-4m\/#breadcrumb"},"inLanguage":"es","potentialAction":[{"@type":"ReadAction","target":["https:\/\/www.smokershop.es\/index.php\/producto\/rollo-papel-monkey-king-green-4m\/"]}]},{"@type":"ImageObject","inLanguage":"es","@id":"https:\/\/www.smokershop.es\/index.php\/producto\/rollo-papel-monkey-king-green-4m\/#primaryimage","url":"https:\/\/www.smokershop.es\/wp-content\/uploads\/2024\/02\/monkey-roll-green.jpg","contentUrl":"https:\/\/www.smokershop.es\/wp-content\/uploads\/2024\/02\/monkey-roll-green.jpg","width":1350,"height":1350,"caption":"ROLLO PAPEL MONKEY KING GREEN 4M"},{"@type":"BreadcrumbList","@id":"https:\/\/www.smokershop.es\/index.php\/producto\/rollo-papel-monkey-king-green-4m\/#breadcrumb","itemListElement":[{"@type":"ListItem","position":1,"name":"Portada","item":"https:\/\/www.smokershop.es\/"},{"@type":"ListItem","position":2,"name":"The Shop","item":"https:\/\/www.smokershop.es\/index.php\/shop\/"},{"@type":"ListItem","position":3,"name":"ROLLO PAPEL MONKEY KING GREEN 4M"}]},{"@type":"WebSite","@id":"https:\/\/www.smokershop.es\/#website","url":"https:\/\/www.smokershop.es\/","name":"The Smoker&#039;s Shop","description":"Todo para los fumadores","publisher":{"@id":"https:\/\/www.smokershop.es\/#organization"},"potentialAction":[{"@type":"SearchAction","target":{"@type":"EntryPoint","urlTemplate":"https:\/\/www.smokershop.es\/?s={search_term_string}"},"query-input":{"@type":"PropertyValueSpecification","valueRequired":true,"valueName":"search_term_string"}}],"inLanguage":"es"},{"@type":"Organization","@id":"https:\/\/www.smokershop.es\/#organization","name":"The Smoker&#039;s Shop","url":"https:\/\/www.smokershop.es\/","logo":{"@type":"ImageObject","inLanguage":"es","@id":"https:\/\/www.smokershop.es\/#\/schema\/logo\/image\/","url":"https:\/\/www.smokershop.es\/wp-content\/uploads\/2023\/10\/smokershop-logo.png","contentUrl":"https:\/\/www.smokershop.es\/wp-content\/uploads\/2023\/10\/smokershop-logo.png","width":1711,"height":752,"caption":"The Smoker&#039;s Shop"},"image":{"@id":"https:\/\/www.smokershop.es\/#\/schema\/logo\/image\/"},"sameAs":["https:\/\/www.instagram.com\/thesmokersshopofficial"]}]}},"_links":{"self":[{"href":"https:\/\/www.smokershop.es\/index.php\/wp-json\/wp\/v2\/product\/1164","targetHints":{"allow":["GET"]}}],"collection":[{"href":"https:\/\/www.smokershop.es\/index.php\/wp-json\/wp\/v2\/product"}],"about":[{"href":"https:\/\/www.smokershop.es\/index.php\/wp-json\/wp\/v2\/types\/product"}],"wp:featuredmedia":[{"embeddable":true,"href":"https:\/\/www.smokershop.es\/index.php\/wp-json\/wp\/v2\/media\/3760"}],"wp:attachment":[{"href":"https:\/\/www.smokershop.es\/index.php\/wp-json\/wp\/v2\/media?parent=1164"}],"wp:term":[{"taxonomy":"product_brand","embeddable":true,"href":"https:\/\/www.smokershop.es\/index.php\/wp-json\/wp\/v2\/product_brand?post=1164"},{"taxonomy":"product_cat","embeddable":true,"href":"https:\/\/www.smokershop.es\/index.php\/wp-json\/wp\/v2\/product_cat?post=1164"},{"taxonomy":"product_tag","embeddable":true,"href":"https:\/\/www.smokershop.es\/index.php\/wp-json\/wp\/v2\/product_tag?post=1164"}],"curies":[{"name":"wp","href":"https:\/\/api.w.org\/{rel}","templated":true}]}}