{"id":1205,"date":"2024-01-24T12:09:30","date_gmt":"2024-01-24T11:09:30","guid":{"rendered":"https:\/\/www.smokershop.es\/?post_type=product&#038;p=1205"},"modified":"2025-03-04T19:40:21","modified_gmt":"2025-03-04T18:40:21","slug":"caja-monkey-tin-box-space","status":"publish","type":"product","link":"https:\/\/www.smokershop.es\/index.php\/producto\/caja-monkey-tin-box-space\/","title":{"rendered":"CAJA MONKEY TIN BOX SPACE"},"content":{"rendered":"<p>CAJA MONKEY TIN BOX SPACE<\/p>\n<div class=\"lRu31\" dir=\"ltr\"><span class=\"HwtZe\" lang=\"es\"><span class=\"jCAhz ChMk0b\"><span class=\"ryNqvb\">Con sus generosas dimensiones de 11,5 cm de largo, 6 cm de ancho y 2 cm de alto, Monkey King ofrece un amplio espacio para guardar de forma segura los elementos esenciales para fumar, como papel de liar, encendedores e hierbas.<\/span><\/span> <\/span><\/div>\n<div dir=\"ltr\"><\/div>\n<div class=\"lRu31\" dir=\"ltr\"><span class=\"HwtZe\" lang=\"es\"><span class=\"jCAhz ChMk0b\"><span class=\"ryNqvb\">Lo que hace que este producto sea verdaderamente \u00fanico es su espacio y sus dise\u00f1os de inspiraci\u00f3n psicod\u00e9lica.<\/span><\/span><\/span><\/div>\n<div dir=\"ltr\"><\/div>\n<div class=\"lRu31\" dir=\"ltr\"><span class=\"HwtZe\" lang=\"es\"> <span class=\"jCAhz ChMk0b\"><span class=\"ryNqvb\">Esta colecci\u00f3n viene en tres dise\u00f1os \u00fanicos, que le permiten expresar su estilo personal.<\/span><\/span> <\/span><\/div>\n<div dir=\"ltr\"><\/div>\n<div class=\"lRu31\" dir=\"ltr\">\n<p><span class=\"HwtZe\" lang=\"es\"><span class=\"jCAhz ChMk0b\"><span class=\"ryNqvb\">Pero hay m\u00e1s en Monkey King Metal Box Space Edition que solo su atractivo visual.<\/span><\/span> <span class=\"jCAhz ChMk0b\"><span class=\"ryNqvb\">Fabricada con hojalata de metal de alta calidad, esta caja de almacenamiento garantiza la seguridad de sus accesorios.<\/span><\/span> <span class=\"jCAhz ChMk0b\"><span class=\"ryNqvb\">Su construcci\u00f3n robusta lo convierte en la opci\u00f3n ideal para el uso diario y lo protege del desgaste con el paso del tiempo.<\/span><\/span><\/span><\/p>\n<\/div>\n<div class=\"UdTY9 WdefRb\" aria-hidden=\"true\" data-location=\"2\">\n<div class=\"kO6q6e\"><\/div>\n<\/div>\n<p>&nbsp;<\/p>\n","protected":false},"excerpt":{"rendered":"<ul>\n<li>11,5 cm de largo. 6 cm de ancho. 2 cm de alto.<\/li>\n<li>Material: metal.<\/li>\n<li>Tres modelos diferente.<\/li>\n<li>18 unidades por caja.<\/li>\n<\/ul>\n","protected":false},"featured_media":1206,"template":"","meta":{"_joinchat":[]},"product_brand":[],"product_cat":[49,52],"product_tag":[],"class_list":{"0":"post-1205","1":"product","2":"type-product","3":"status-publish","4":"has-post-thumbnail","6":"product_cat-almacenamiento","7":"product_cat-cajas","9":"first","10":"instock","11":"taxable","12":"shipping-taxable","13":"purchasable","14":"product-type-variable"},"yoast_head":"<!-- This site is optimized with the Yoast SEO plugin v27.2 - https:\/\/yoast.com\/product\/yoast-seo-wordpress\/ -->\n<title>CAJA MONKEY TIN BOX SPACE - The Smoker&#039;s Shop<\/title>\n<meta name=\"description\" content=\"CAJA MONKEY TIN BOX SPACE. Ofrece un amplio espacio para guardar de forma segura el papel de liar, encendedores e hierbas.\" \/>\n<meta name=\"robots\" content=\"index, follow, max-snippet:-1, max-image-preview:large, max-video-preview:-1\" \/>\n<link rel=\"canonical\" href=\"https:\/\/www.smokershop.es\/index.php\/producto\/caja-monkey-tin-box-space\/\" \/>\n<meta property=\"og:locale\" content=\"es_ES\" \/>\n<meta property=\"og:type\" content=\"article\" \/>\n<meta property=\"og:title\" content=\"CAJA MONKEY TIN BOX SPACE - The Smoker&#039;s Shop\" \/>\n<meta property=\"og:description\" content=\"CAJA MONKEY TIN BOX SPACE. Ofrece un amplio espacio para guardar de forma segura el papel de liar, encendedores e hierbas.\" \/>\n<meta property=\"og:url\" content=\"https:\/\/www.smokershop.es\/index.php\/producto\/caja-monkey-tin-box-space\/\" \/>\n<meta property=\"og:site_name\" content=\"The Smoker&#039;s Shop\" \/>\n<meta property=\"article:modified_time\" content=\"2025-03-04T18:40:21+00:00\" \/>\n<meta property=\"og:image\" content=\"https:\/\/www.smokershop.es\/wp-content\/uploads\/2024\/01\/CAJA-MONKEY-TIN-BOX-SPACE.jpg\" \/>\n\t<meta property=\"og:image:width\" content=\"600\" \/>\n\t<meta property=\"og:image:height\" content=\"600\" \/>\n\t<meta property=\"og:image:type\" content=\"image\/jpeg\" \/>\n<meta name=\"twitter:card\" content=\"summary_large_image\" \/>\n<meta name=\"twitter:label1\" content=\"Tiempo de lectura\" \/>\n\t<meta name=\"twitter:data1\" content=\"1 minuto\" \/>\n<script type=\"application\/ld+json\" class=\"yoast-schema-graph\">{\"@context\":\"https:\/\/schema.org\",\"@graph\":[{\"@type\":\"WebPage\",\"@id\":\"https:\/\/www.smokershop.es\/index.php\/producto\/caja-monkey-tin-box-space\/\",\"url\":\"https:\/\/www.smokershop.es\/index.php\/producto\/caja-monkey-tin-box-space\/\",\"name\":\"CAJA MONKEY TIN BOX SPACE - The Smoker&#039;s Shop\",\"isPartOf\":{\"@id\":\"https:\/\/www.smokershop.es\/#website\"},\"primaryImageOfPage\":{\"@id\":\"https:\/\/www.smokershop.es\/index.php\/producto\/caja-monkey-tin-box-space\/#primaryimage\"},\"image\":{\"@id\":\"https:\/\/www.smokershop.es\/index.php\/producto\/caja-monkey-tin-box-space\/#primaryimage\"},\"thumbnailUrl\":\"https:\/\/www.smokershop.es\/wp-content\/uploads\/2024\/01\/CAJA-MONKEY-TIN-BOX-SPACE.jpg\",\"datePublished\":\"2024-01-24T11:09:30+00:00\",\"dateModified\":\"2025-03-04T18:40:21+00:00\",\"description\":\"CAJA MONKEY TIN BOX SPACE. Ofrece un amplio espacio para guardar de forma segura el papel de liar, encendedores e hierbas.\",\"breadcrumb\":{\"@id\":\"https:\/\/www.smokershop.es\/index.php\/producto\/caja-monkey-tin-box-space\/#breadcrumb\"},\"inLanguage\":\"es\",\"potentialAction\":[{\"@type\":\"ReadAction\",\"target\":[\"https:\/\/www.smokershop.es\/index.php\/producto\/caja-monkey-tin-box-space\/\"]}]},{\"@type\":\"ImageObject\",\"inLanguage\":\"es\",\"@id\":\"https:\/\/www.smokershop.es\/index.php\/producto\/caja-monkey-tin-box-space\/#primaryimage\",\"url\":\"https:\/\/www.smokershop.es\/wp-content\/uploads\/2024\/01\/CAJA-MONKEY-TIN-BOX-SPACE.jpg\",\"contentUrl\":\"https:\/\/www.smokershop.es\/wp-content\/uploads\/2024\/01\/CAJA-MONKEY-TIN-BOX-SPACE.jpg\",\"width\":600,\"height\":600},{\"@type\":\"BreadcrumbList\",\"@id\":\"https:\/\/www.smokershop.es\/index.php\/producto\/caja-monkey-tin-box-space\/#breadcrumb\",\"itemListElement\":[{\"@type\":\"ListItem\",\"position\":1,\"name\":\"Portada\",\"item\":\"https:\/\/www.smokershop.es\/\"},{\"@type\":\"ListItem\",\"position\":2,\"name\":\"The Shop\",\"item\":\"https:\/\/www.smokershop.es\/index.php\/shop\/\"},{\"@type\":\"ListItem\",\"position\":3,\"name\":\"CAJA MONKEY TIN BOX SPACE\"}]},{\"@type\":\"WebSite\",\"@id\":\"https:\/\/www.smokershop.es\/#website\",\"url\":\"https:\/\/www.smokershop.es\/\",\"name\":\"The Smoker&#039;s Shop\",\"description\":\"Todo para los fumadores\",\"publisher\":{\"@id\":\"https:\/\/www.smokershop.es\/#organization\"},\"potentialAction\":[{\"@type\":\"SearchAction\",\"target\":{\"@type\":\"EntryPoint\",\"urlTemplate\":\"https:\/\/www.smokershop.es\/?s={search_term_string}\"},\"query-input\":{\"@type\":\"PropertyValueSpecification\",\"valueRequired\":true,\"valueName\":\"search_term_string\"}}],\"inLanguage\":\"es\"},{\"@type\":\"Organization\",\"@id\":\"https:\/\/www.smokershop.es\/#organization\",\"name\":\"The Smoker&#039;s Shop\",\"url\":\"https:\/\/www.smokershop.es\/\",\"logo\":{\"@type\":\"ImageObject\",\"inLanguage\":\"es\",\"@id\":\"https:\/\/www.smokershop.es\/#\/schema\/logo\/image\/\",\"url\":\"https:\/\/www.smokershop.es\/wp-content\/uploads\/2023\/10\/smokershop-logo.png\",\"contentUrl\":\"https:\/\/www.smokershop.es\/wp-content\/uploads\/2023\/10\/smokershop-logo.png\",\"width\":1711,\"height\":752,\"caption\":\"The Smoker&#039;s Shop\"},\"image\":{\"@id\":\"https:\/\/www.smokershop.es\/#\/schema\/logo\/image\/\"},\"sameAs\":[\"https:\/\/www.instagram.com\/thesmokersshopofficial\"]}]}<\/script>\n<!-- \/ Yoast SEO plugin. -->","yoast_head_json":{"title":"CAJA MONKEY TIN BOX SPACE - The Smoker&#039;s Shop","description":"CAJA MONKEY TIN BOX SPACE. Ofrece un amplio espacio para guardar de forma segura el papel de liar, encendedores e hierbas.","robots":{"index":"index","follow":"follow","max-snippet":"max-snippet:-1","max-image-preview":"max-image-preview:large","max-video-preview":"max-video-preview:-1"},"canonical":"https:\/\/www.smokershop.es\/index.php\/producto\/caja-monkey-tin-box-space\/","og_locale":"es_ES","og_type":"article","og_title":"CAJA MONKEY TIN BOX SPACE - The Smoker&#039;s Shop","og_description":"CAJA MONKEY TIN BOX SPACE. Ofrece un amplio espacio para guardar de forma segura el papel de liar, encendedores e hierbas.","og_url":"https:\/\/www.smokershop.es\/index.php\/producto\/caja-monkey-tin-box-space\/","og_site_name":"The Smoker&#039;s Shop","article_modified_time":"2025-03-04T18:40:21+00:00","og_image":[{"width":600,"height":600,"url":"https:\/\/www.smokershop.es\/wp-content\/uploads\/2024\/01\/CAJA-MONKEY-TIN-BOX-SPACE.jpg","type":"image\/jpeg"}],"twitter_card":"summary_large_image","twitter_misc":{"Tiempo de lectura":"1 minuto"},"schema":{"@context":"https:\/\/schema.org","@graph":[{"@type":"WebPage","@id":"https:\/\/www.smokershop.es\/index.php\/producto\/caja-monkey-tin-box-space\/","url":"https:\/\/www.smokershop.es\/index.php\/producto\/caja-monkey-tin-box-space\/","name":"CAJA MONKEY TIN BOX SPACE - The Smoker&#039;s Shop","isPartOf":{"@id":"https:\/\/www.smokershop.es\/#website"},"primaryImageOfPage":{"@id":"https:\/\/www.smokershop.es\/index.php\/producto\/caja-monkey-tin-box-space\/#primaryimage"},"image":{"@id":"https:\/\/www.smokershop.es\/index.php\/producto\/caja-monkey-tin-box-space\/#primaryimage"},"thumbnailUrl":"https:\/\/www.smokershop.es\/wp-content\/uploads\/2024\/01\/CAJA-MONKEY-TIN-BOX-SPACE.jpg","datePublished":"2024-01-24T11:09:30+00:00","dateModified":"2025-03-04T18:40:21+00:00","description":"CAJA MONKEY TIN BOX SPACE. Ofrece un amplio espacio para guardar de forma segura el papel de liar, encendedores e hierbas.","breadcrumb":{"@id":"https:\/\/www.smokershop.es\/index.php\/producto\/caja-monkey-tin-box-space\/#breadcrumb"},"inLanguage":"es","potentialAction":[{"@type":"ReadAction","target":["https:\/\/www.smokershop.es\/index.php\/producto\/caja-monkey-tin-box-space\/"]}]},{"@type":"ImageObject","inLanguage":"es","@id":"https:\/\/www.smokershop.es\/index.php\/producto\/caja-monkey-tin-box-space\/#primaryimage","url":"https:\/\/www.smokershop.es\/wp-content\/uploads\/2024\/01\/CAJA-MONKEY-TIN-BOX-SPACE.jpg","contentUrl":"https:\/\/www.smokershop.es\/wp-content\/uploads\/2024\/01\/CAJA-MONKEY-TIN-BOX-SPACE.jpg","width":600,"height":600},{"@type":"BreadcrumbList","@id":"https:\/\/www.smokershop.es\/index.php\/producto\/caja-monkey-tin-box-space\/#breadcrumb","itemListElement":[{"@type":"ListItem","position":1,"name":"Portada","item":"https:\/\/www.smokershop.es\/"},{"@type":"ListItem","position":2,"name":"The Shop","item":"https:\/\/www.smokershop.es\/index.php\/shop\/"},{"@type":"ListItem","position":3,"name":"CAJA MONKEY TIN BOX SPACE"}]},{"@type":"WebSite","@id":"https:\/\/www.smokershop.es\/#website","url":"https:\/\/www.smokershop.es\/","name":"The Smoker&#039;s Shop","description":"Todo para los fumadores","publisher":{"@id":"https:\/\/www.smokershop.es\/#organization"},"potentialAction":[{"@type":"SearchAction","target":{"@type":"EntryPoint","urlTemplate":"https:\/\/www.smokershop.es\/?s={search_term_string}"},"query-input":{"@type":"PropertyValueSpecification","valueRequired":true,"valueName":"search_term_string"}}],"inLanguage":"es"},{"@type":"Organization","@id":"https:\/\/www.smokershop.es\/#organization","name":"The Smoker&#039;s Shop","url":"https:\/\/www.smokershop.es\/","logo":{"@type":"ImageObject","inLanguage":"es","@id":"https:\/\/www.smokershop.es\/#\/schema\/logo\/image\/","url":"https:\/\/www.smokershop.es\/wp-content\/uploads\/2023\/10\/smokershop-logo.png","contentUrl":"https:\/\/www.smokershop.es\/wp-content\/uploads\/2023\/10\/smokershop-logo.png","width":1711,"height":752,"caption":"The Smoker&#039;s Shop"},"image":{"@id":"https:\/\/www.smokershop.es\/#\/schema\/logo\/image\/"},"sameAs":["https:\/\/www.instagram.com\/thesmokersshopofficial"]}]}},"_links":{"self":[{"href":"https:\/\/www.smokershop.es\/index.php\/wp-json\/wp\/v2\/product\/1205","targetHints":{"allow":["GET"]}}],"collection":[{"href":"https:\/\/www.smokershop.es\/index.php\/wp-json\/wp\/v2\/product"}],"about":[{"href":"https:\/\/www.smokershop.es\/index.php\/wp-json\/wp\/v2\/types\/product"}],"wp:featuredmedia":[{"embeddable":true,"href":"https:\/\/www.smokershop.es\/index.php\/wp-json\/wp\/v2\/media\/1206"}],"wp:attachment":[{"href":"https:\/\/www.smokershop.es\/index.php\/wp-json\/wp\/v2\/media?parent=1205"}],"wp:term":[{"taxonomy":"product_brand","embeddable":true,"href":"https:\/\/www.smokershop.es\/index.php\/wp-json\/wp\/v2\/product_brand?post=1205"},{"taxonomy":"product_cat","embeddable":true,"href":"https:\/\/www.smokershop.es\/index.php\/wp-json\/wp\/v2\/product_cat?post=1205"},{"taxonomy":"product_tag","embeddable":true,"href":"https:\/\/www.smokershop.es\/index.php\/wp-json\/wp\/v2\/product_tag?post=1205"}],"curies":[{"name":"wp","href":"https:\/\/api.w.org\/{rel}","templated":true}]}}