{"id":1295,"date":"2024-01-26T00:14:19","date_gmt":"2024-01-25T23:14:19","guid":{"rendered":"https:\/\/www.smokershop.es\/?post_type=product&#038;p=1295"},"modified":"2025-04-10T18:45:38","modified_gmt":"2025-04-10T16:45:38","slug":"grinder-4-partes-tazumal-55-mm","status":"publish","type":"product","link":"https:\/\/www.smokershop.es\/index.php\/producto\/grinder-4-partes-tazumal-55-mm\/","title":{"rendered":"GRINDER\u00a04 PARTES TAZUMAL 55 MM"},"content":{"rendered":"<p>GRINDER\u00a04 PARTES TAZUMAL 55 MM<\/p>\n<div>Grinder <em>Super Smoker<\/em> de aluminio de alta calidad, consta de 4 partes: Malla fijada con arandela met\u00e1lica, moledora, dep\u00f3sito y tapa con im\u00e1n.<\/div>\n<div>Superficie con hendiduras para una mejor sujeci\u00f3n y junta de goma para mejor estanqueidad.<\/div>\n<div><\/div>\n<div>Incluye peque\u00f1a esp\u00e1tula para recoger tu hierba o los restos de tus especias.<\/div>\n<div>Con posibilidad de hasta 11 colores distintos.<\/div>\n<div>Material: Aluminio.<\/div>\n","protected":false},"excerpt":{"rendered":"<ul>\n<li>De alumnio de alta calidad.<\/li>\n<li>Medida: 55 mm.<\/li>\n<li>4 x pieza.<\/li>\n<li>Con esp\u00e1tula.<\/li>\n<li>El color del grinder ser\u00e1 aleatorio en el env\u00edo.<\/li>\n<\/ul>\n","protected":false},"featured_media":1296,"template":"","meta":{"_joinchat":[]},"product_brand":[],"product_cat":[48],"product_tag":[],"class_list":{"0":"post-1295","1":"product","2":"type-product","3":"status-publish","4":"has-post-thumbnail","6":"product_cat-grinders-packs","8":"first","9":"instock","10":"taxable","11":"shipping-taxable","12":"purchasable","13":"product-type-simple"},"yoast_head":"<!-- This site is optimized with the Yoast SEO plugin v27.4 - https:\/\/yoast.com\/product\/yoast-seo-wordpress\/ -->\n<title>GRINDER\u00a04 PARTES TAZUMAL 55 MM - The Smoker&#039;s Shop<\/title>\n<meta name=\"description\" content=\"GRINDER\u00a04 PARTES TAZUMAL 55 MM de aluminio. Con cuatro partes (Malla fijada con arandela met\u00e1lica, moledora, dep\u00f3sito y tapa con im\u00e1n).\" \/>\n<meta name=\"robots\" content=\"index, follow, max-snippet:-1, max-image-preview:large, max-video-preview:-1\" \/>\n<link rel=\"canonical\" href=\"https:\/\/www.smokershop.es\/index.php\/producto\/grinder-4-partes-tazumal-55-mm\/\" \/>\n<meta property=\"og:locale\" content=\"es_ES\" \/>\n<meta property=\"og:type\" content=\"article\" \/>\n<meta property=\"og:title\" content=\"GRINDER\u00a04 PARTES TAZUMAL 55 MM - The Smoker&#039;s Shop\" \/>\n<meta property=\"og:description\" content=\"GRINDER\u00a04 PARTES TAZUMAL 55 MM de aluminio. Con cuatro partes (Malla fijada con arandela met\u00e1lica, moledora, dep\u00f3sito y tapa con im\u00e1n).\" \/>\n<meta property=\"og:url\" content=\"https:\/\/www.smokershop.es\/index.php\/producto\/grinder-4-partes-tazumal-55-mm\/\" \/>\n<meta property=\"og:site_name\" content=\"The Smoker&#039;s Shop\" \/>\n<meta property=\"article:modified_time\" content=\"2025-04-10T16:45:38+00:00\" \/>\n<meta property=\"og:image\" content=\"https:\/\/www.smokershop.es\/wp-content\/uploads\/2024\/01\/grinder-4-partes-tazumal-55-mm.jpg\" \/>\n\t<meta property=\"og:image:width\" content=\"600\" \/>\n\t<meta property=\"og:image:height\" content=\"600\" \/>\n\t<meta property=\"og:image:type\" content=\"image\/jpeg\" \/>\n<meta name=\"twitter:card\" content=\"summary_large_image\" \/>\n<meta name=\"twitter:label1\" content=\"Tiempo de lectura\" \/>\n\t<meta name=\"twitter:data1\" content=\"1 minuto\" \/>\n<script type=\"application\/ld+json\" class=\"yoast-schema-graph\">{\"@context\":\"https:\\\/\\\/schema.org\",\"@graph\":[{\"@type\":\"WebPage\",\"@id\":\"https:\\\/\\\/www.smokershop.es\\\/index.php\\\/producto\\\/grinder-4-partes-tazumal-55-mm\\\/\",\"url\":\"https:\\\/\\\/www.smokershop.es\\\/index.php\\\/producto\\\/grinder-4-partes-tazumal-55-mm\\\/\",\"name\":\"GRINDER\u00a04 PARTES TAZUMAL 55 MM - The Smoker&#039;s Shop\",\"isPartOf\":{\"@id\":\"https:\\\/\\\/www.smokershop.es\\\/#website\"},\"primaryImageOfPage\":{\"@id\":\"https:\\\/\\\/www.smokershop.es\\\/index.php\\\/producto\\\/grinder-4-partes-tazumal-55-mm\\\/#primaryimage\"},\"image\":{\"@id\":\"https:\\\/\\\/www.smokershop.es\\\/index.php\\\/producto\\\/grinder-4-partes-tazumal-55-mm\\\/#primaryimage\"},\"thumbnailUrl\":\"https:\\\/\\\/www.smokershop.es\\\/wp-content\\\/uploads\\\/2024\\\/01\\\/grinder-4-partes-tazumal-55-mm.jpg\",\"datePublished\":\"2024-01-25T23:14:19+00:00\",\"dateModified\":\"2025-04-10T16:45:38+00:00\",\"description\":\"GRINDER\u00a04 PARTES TAZUMAL 55 MM de aluminio. Con cuatro partes (Malla fijada con arandela met\u00e1lica, moledora, dep\u00f3sito y tapa con im\u00e1n).\",\"breadcrumb\":{\"@id\":\"https:\\\/\\\/www.smokershop.es\\\/index.php\\\/producto\\\/grinder-4-partes-tazumal-55-mm\\\/#breadcrumb\"},\"inLanguage\":\"es\",\"potentialAction\":[{\"@type\":\"ReadAction\",\"target\":[\"https:\\\/\\\/www.smokershop.es\\\/index.php\\\/producto\\\/grinder-4-partes-tazumal-55-mm\\\/\"]}]},{\"@type\":\"ImageObject\",\"inLanguage\":\"es\",\"@id\":\"https:\\\/\\\/www.smokershop.es\\\/index.php\\\/producto\\\/grinder-4-partes-tazumal-55-mm\\\/#primaryimage\",\"url\":\"https:\\\/\\\/www.smokershop.es\\\/wp-content\\\/uploads\\\/2024\\\/01\\\/grinder-4-partes-tazumal-55-mm.jpg\",\"contentUrl\":\"https:\\\/\\\/www.smokershop.es\\\/wp-content\\\/uploads\\\/2024\\\/01\\\/grinder-4-partes-tazumal-55-mm.jpg\",\"width\":600,\"height\":600},{\"@type\":\"BreadcrumbList\",\"@id\":\"https:\\\/\\\/www.smokershop.es\\\/index.php\\\/producto\\\/grinder-4-partes-tazumal-55-mm\\\/#breadcrumb\",\"itemListElement\":[{\"@type\":\"ListItem\",\"position\":1,\"name\":\"Portada\",\"item\":\"https:\\\/\\\/www.smokershop.es\\\/\"},{\"@type\":\"ListItem\",\"position\":2,\"name\":\"The Shop\",\"item\":\"https:\\\/\\\/www.smokershop.es\\\/index.php\\\/shop\\\/\"},{\"@type\":\"ListItem\",\"position\":3,\"name\":\"GRINDER\u00a04 PARTES TAZUMAL 55 MM\"}]},{\"@type\":\"WebSite\",\"@id\":\"https:\\\/\\\/www.smokershop.es\\\/#website\",\"url\":\"https:\\\/\\\/www.smokershop.es\\\/\",\"name\":\"The Smoker&#039;s Shop\",\"description\":\"Todo para los fumadores\",\"publisher\":{\"@id\":\"https:\\\/\\\/www.smokershop.es\\\/#organization\"},\"potentialAction\":[{\"@type\":\"SearchAction\",\"target\":{\"@type\":\"EntryPoint\",\"urlTemplate\":\"https:\\\/\\\/www.smokershop.es\\\/?s={search_term_string}\"},\"query-input\":{\"@type\":\"PropertyValueSpecification\",\"valueRequired\":true,\"valueName\":\"search_term_string\"}}],\"inLanguage\":\"es\"},{\"@type\":\"Organization\",\"@id\":\"https:\\\/\\\/www.smokershop.es\\\/#organization\",\"name\":\"The Smoker&#039;s Shop\",\"url\":\"https:\\\/\\\/www.smokershop.es\\\/\",\"logo\":{\"@type\":\"ImageObject\",\"inLanguage\":\"es\",\"@id\":\"https:\\\/\\\/www.smokershop.es\\\/#\\\/schema\\\/logo\\\/image\\\/\",\"url\":\"https:\\\/\\\/www.smokershop.es\\\/wp-content\\\/uploads\\\/2023\\\/10\\\/smokershop-logo.png\",\"contentUrl\":\"https:\\\/\\\/www.smokershop.es\\\/wp-content\\\/uploads\\\/2023\\\/10\\\/smokershop-logo.png\",\"width\":1711,\"height\":752,\"caption\":\"The Smoker&#039;s Shop\"},\"image\":{\"@id\":\"https:\\\/\\\/www.smokershop.es\\\/#\\\/schema\\\/logo\\\/image\\\/\"},\"sameAs\":[\"https:\\\/\\\/www.instagram.com\\\/thesmokersshopofficial\"]}]}<\/script>\n<!-- \/ Yoast SEO plugin. -->","yoast_head_json":{"title":"GRINDER\u00a04 PARTES TAZUMAL 55 MM - The Smoker&#039;s Shop","description":"GRINDER\u00a04 PARTES TAZUMAL 55 MM de aluminio. Con cuatro partes (Malla fijada con arandela met\u00e1lica, moledora, dep\u00f3sito y tapa con im\u00e1n).","robots":{"index":"index","follow":"follow","max-snippet":"max-snippet:-1","max-image-preview":"max-image-preview:large","max-video-preview":"max-video-preview:-1"},"canonical":"https:\/\/www.smokershop.es\/index.php\/producto\/grinder-4-partes-tazumal-55-mm\/","og_locale":"es_ES","og_type":"article","og_title":"GRINDER\u00a04 PARTES TAZUMAL 55 MM - The Smoker&#039;s Shop","og_description":"GRINDER\u00a04 PARTES TAZUMAL 55 MM de aluminio. Con cuatro partes (Malla fijada con arandela met\u00e1lica, moledora, dep\u00f3sito y tapa con im\u00e1n).","og_url":"https:\/\/www.smokershop.es\/index.php\/producto\/grinder-4-partes-tazumal-55-mm\/","og_site_name":"The Smoker&#039;s Shop","article_modified_time":"2025-04-10T16:45:38+00:00","og_image":[{"width":600,"height":600,"url":"https:\/\/www.smokershop.es\/wp-content\/uploads\/2024\/01\/grinder-4-partes-tazumal-55-mm.jpg","type":"image\/jpeg"}],"twitter_card":"summary_large_image","twitter_misc":{"Tiempo de lectura":"1 minuto"},"schema":{"@context":"https:\/\/schema.org","@graph":[{"@type":"WebPage","@id":"https:\/\/www.smokershop.es\/index.php\/producto\/grinder-4-partes-tazumal-55-mm\/","url":"https:\/\/www.smokershop.es\/index.php\/producto\/grinder-4-partes-tazumal-55-mm\/","name":"GRINDER\u00a04 PARTES TAZUMAL 55 MM - The Smoker&#039;s Shop","isPartOf":{"@id":"https:\/\/www.smokershop.es\/#website"},"primaryImageOfPage":{"@id":"https:\/\/www.smokershop.es\/index.php\/producto\/grinder-4-partes-tazumal-55-mm\/#primaryimage"},"image":{"@id":"https:\/\/www.smokershop.es\/index.php\/producto\/grinder-4-partes-tazumal-55-mm\/#primaryimage"},"thumbnailUrl":"https:\/\/www.smokershop.es\/wp-content\/uploads\/2024\/01\/grinder-4-partes-tazumal-55-mm.jpg","datePublished":"2024-01-25T23:14:19+00:00","dateModified":"2025-04-10T16:45:38+00:00","description":"GRINDER\u00a04 PARTES TAZUMAL 55 MM de aluminio. Con cuatro partes (Malla fijada con arandela met\u00e1lica, moledora, dep\u00f3sito y tapa con im\u00e1n).","breadcrumb":{"@id":"https:\/\/www.smokershop.es\/index.php\/producto\/grinder-4-partes-tazumal-55-mm\/#breadcrumb"},"inLanguage":"es","potentialAction":[{"@type":"ReadAction","target":["https:\/\/www.smokershop.es\/index.php\/producto\/grinder-4-partes-tazumal-55-mm\/"]}]},{"@type":"ImageObject","inLanguage":"es","@id":"https:\/\/www.smokershop.es\/index.php\/producto\/grinder-4-partes-tazumal-55-mm\/#primaryimage","url":"https:\/\/www.smokershop.es\/wp-content\/uploads\/2024\/01\/grinder-4-partes-tazumal-55-mm.jpg","contentUrl":"https:\/\/www.smokershop.es\/wp-content\/uploads\/2024\/01\/grinder-4-partes-tazumal-55-mm.jpg","width":600,"height":600},{"@type":"BreadcrumbList","@id":"https:\/\/www.smokershop.es\/index.php\/producto\/grinder-4-partes-tazumal-55-mm\/#breadcrumb","itemListElement":[{"@type":"ListItem","position":1,"name":"Portada","item":"https:\/\/www.smokershop.es\/"},{"@type":"ListItem","position":2,"name":"The Shop","item":"https:\/\/www.smokershop.es\/index.php\/shop\/"},{"@type":"ListItem","position":3,"name":"GRINDER\u00a04 PARTES TAZUMAL 55 MM"}]},{"@type":"WebSite","@id":"https:\/\/www.smokershop.es\/#website","url":"https:\/\/www.smokershop.es\/","name":"The Smoker&#039;s Shop","description":"Todo para los fumadores","publisher":{"@id":"https:\/\/www.smokershop.es\/#organization"},"potentialAction":[{"@type":"SearchAction","target":{"@type":"EntryPoint","urlTemplate":"https:\/\/www.smokershop.es\/?s={search_term_string}"},"query-input":{"@type":"PropertyValueSpecification","valueRequired":true,"valueName":"search_term_string"}}],"inLanguage":"es"},{"@type":"Organization","@id":"https:\/\/www.smokershop.es\/#organization","name":"The Smoker&#039;s Shop","url":"https:\/\/www.smokershop.es\/","logo":{"@type":"ImageObject","inLanguage":"es","@id":"https:\/\/www.smokershop.es\/#\/schema\/logo\/image\/","url":"https:\/\/www.smokershop.es\/wp-content\/uploads\/2023\/10\/smokershop-logo.png","contentUrl":"https:\/\/www.smokershop.es\/wp-content\/uploads\/2023\/10\/smokershop-logo.png","width":1711,"height":752,"caption":"The Smoker&#039;s Shop"},"image":{"@id":"https:\/\/www.smokershop.es\/#\/schema\/logo\/image\/"},"sameAs":["https:\/\/www.instagram.com\/thesmokersshopofficial"]}]}},"_links":{"self":[{"href":"https:\/\/www.smokershop.es\/index.php\/wp-json\/wp\/v2\/product\/1295","targetHints":{"allow":["GET"]}}],"collection":[{"href":"https:\/\/www.smokershop.es\/index.php\/wp-json\/wp\/v2\/product"}],"about":[{"href":"https:\/\/www.smokershop.es\/index.php\/wp-json\/wp\/v2\/types\/product"}],"wp:featuredmedia":[{"embeddable":true,"href":"https:\/\/www.smokershop.es\/index.php\/wp-json\/wp\/v2\/media\/1296"}],"wp:attachment":[{"href":"https:\/\/www.smokershop.es\/index.php\/wp-json\/wp\/v2\/media?parent=1295"}],"wp:term":[{"taxonomy":"product_brand","embeddable":true,"href":"https:\/\/www.smokershop.es\/index.php\/wp-json\/wp\/v2\/product_brand?post=1295"},{"taxonomy":"product_cat","embeddable":true,"href":"https:\/\/www.smokershop.es\/index.php\/wp-json\/wp\/v2\/product_cat?post=1295"},{"taxonomy":"product_tag","embeddable":true,"href":"https:\/\/www.smokershop.es\/index.php\/wp-json\/wp\/v2\/product_tag?post=1295"}],"curies":[{"name":"wp","href":"https:\/\/api.w.org\/{rel}","templated":true}]}}