{"id":1408,"date":"2024-02-01T12:54:38","date_gmt":"2024-02-01T11:54:38","guid":{"rendered":"https:\/\/www.smokershop.es\/?post_type=product&#038;p=1408"},"modified":"2025-07-15T20:10:40","modified_gmt":"2025-07-15T18:10:40","slug":"flor-aromatica-purple-kush","status":"publish","type":"product","link":"https:\/\/www.smokershop.es\/index.php\/producto\/flor-aromatica-purple-kush\/","title":{"rendered":"FLOR AROM\u00c1TICA PURPLE KUSH"},"content":{"rendered":"<p>FLOR AROM\u00c1TICA PURPLE KUSH<\/p>\n<p>Descubre nuestra flor arom\u00e1tica Purple Kush, una oportunidad \u00fanica para probar una de nuestras mejores variedades de CBD. Disfruta de su sabor y su aroma potente a mandarina, con un toque c\u00edtrico final que deleitar\u00e1 tus sentidos.<\/p>\n<p>Esta es una de nuestras variedades de gama media alta, de buen aroma y sabor, con unos cogollos bien formados y de buen aspecto. Disfruta de nuestras diferentes gen\u00e9ticas y encuentra la que m\u00e1s se ajuste a tus gustos.<\/p>\n<p>Uso externo, producto decorativo. No inhalar, Semilla certificada UE seg\u00fan real decreto 1729\/1999. Todos los productos comercializados por Thecbdstar cumplen con las leyes europeas sobre el cultivo de c\u00e1\u00f1amo. Para seguir cumpliendo con la legislaci\u00f3n vigente, nuestra empresa no defiende las virtudes terap\u00e9uticas de los productos que comercializamos. NO APTO USO HUMANO.<\/p>\n<p>-BIOMASA DECORATIVA, Genetica: Silvana \u2013 LT.N\u00b0 \u2013 Cartellino N\u00b0107130010932-b31116202-3 THC INFERIOR AL 0,2%, SEMILLA CERTIFICADA POR LA UE. CONFORME REAL DECRETO 1729\/1999 Y EU 1307\/2013. PRODUCTO NO PSICOACTIVO. NO APTO CONSUMO HUMANO PRODUCIDO EN ITALIA<\/p>\n","protected":false},"excerpt":{"rendered":"<p>&nbsp;<\/p>\n<ul>\n<li>Cultivada en invernadero y lavada para mantener el limite de THC inferior al 0,2%.<\/li>\n<li>Porcentaje CBD +\/- 6%<\/li>\n<li>Porcentaje THC &lt;0,2%<\/li>\n<li>Modo de cultivo: Invernadero.<\/li>\n<\/ul>\n<p>&nbsp;<\/p>\n","protected":false},"featured_media":2973,"template":"","meta":{"_joinchat":[]},"product_brand":[],"product_cat":[56,58],"product_tag":[],"class_list":{"0":"post-1408","1":"product","2":"type-product","3":"status-publish","4":"has-post-thumbnail","6":"product_cat-cbd","7":"product_cat-invernadero","9":"first","10":"outofstock","11":"taxable","12":"shipping-taxable","13":"product-type-variable"},"yoast_head":"<!-- This site is optimized with the Yoast SEO plugin v27.4 - https:\/\/yoast.com\/product\/yoast-seo-wordpress\/ -->\n<title>FLOR AROM\u00c1TICA PURPLE KUSH - The Smoker&#039;s Shop<\/title>\n<meta name=\"description\" content=\"FLOR AROM\u00c1TICA PURPLE KUSH cultivada en invernadero, con un sabor y aroma excepcional, es una opci\u00f3n estupenda para los amantes del CBD.\" \/>\n<meta name=\"robots\" content=\"index, follow, max-snippet:-1, max-image-preview:large, max-video-preview:-1\" \/>\n<link rel=\"canonical\" href=\"https:\/\/www.smokershop.es\/index.php\/producto\/flor-aromatica-purple-kush\/\" \/>\n<meta property=\"og:locale\" content=\"es_ES\" \/>\n<meta property=\"og:type\" content=\"article\" \/>\n<meta property=\"og:title\" content=\"FLOR AROM\u00c1TICA PURPLE KUSH - The Smoker&#039;s Shop\" \/>\n<meta property=\"og:description\" content=\"FLOR AROM\u00c1TICA PURPLE KUSH cultivada en invernadero, con un sabor y aroma excepcional, es una opci\u00f3n estupenda para los amantes del CBD.\" \/>\n<meta property=\"og:url\" content=\"https:\/\/www.smokershop.es\/index.php\/producto\/flor-aromatica-purple-kush\/\" \/>\n<meta property=\"og:site_name\" content=\"The Smoker&#039;s Shop\" \/>\n<meta property=\"article:modified_time\" content=\"2025-07-15T18:10:40+00:00\" \/>\n<meta property=\"og:image\" content=\"https:\/\/www.smokershop.es\/wp-content\/uploads\/2024\/01\/FLOR-AROMATICA-INVERNADERO-MANGO-HAZE-THE-CBD-STAR.jpeg\" \/>\n\t<meta property=\"og:image:width\" content=\"500\" \/>\n\t<meta property=\"og:image:height\" content=\"500\" \/>\n\t<meta property=\"og:image:type\" content=\"image\/jpeg\" \/>\n<meta name=\"twitter:card\" content=\"summary_large_image\" \/>\n<meta name=\"twitter:label1\" content=\"Tiempo de lectura\" \/>\n\t<meta name=\"twitter:data1\" content=\"1 minuto\" \/>\n<script type=\"application\/ld+json\" class=\"yoast-schema-graph\">{\"@context\":\"https:\\\/\\\/schema.org\",\"@graph\":[{\"@type\":\"WebPage\",\"@id\":\"https:\\\/\\\/www.smokershop.es\\\/index.php\\\/producto\\\/flor-aromatica-purple-kush\\\/\",\"url\":\"https:\\\/\\\/www.smokershop.es\\\/index.php\\\/producto\\\/flor-aromatica-purple-kush\\\/\",\"name\":\"FLOR AROM\u00c1TICA PURPLE KUSH - The Smoker&#039;s Shop\",\"isPartOf\":{\"@id\":\"https:\\\/\\\/www.smokershop.es\\\/#website\"},\"primaryImageOfPage\":{\"@id\":\"https:\\\/\\\/www.smokershop.es\\\/index.php\\\/producto\\\/flor-aromatica-purple-kush\\\/#primaryimage\"},\"image\":{\"@id\":\"https:\\\/\\\/www.smokershop.es\\\/index.php\\\/producto\\\/flor-aromatica-purple-kush\\\/#primaryimage\"},\"thumbnailUrl\":\"https:\\\/\\\/www.smokershop.es\\\/wp-content\\\/uploads\\\/2024\\\/01\\\/FLOR-AROMATICA-INVERNADERO-MANGO-HAZE-THE-CBD-STAR.jpeg\",\"datePublished\":\"2024-02-01T11:54:38+00:00\",\"dateModified\":\"2025-07-15T18:10:40+00:00\",\"description\":\"FLOR AROM\u00c1TICA PURPLE KUSH cultivada en invernadero, con un sabor y aroma excepcional, es una opci\u00f3n estupenda para los amantes del CBD.\",\"breadcrumb\":{\"@id\":\"https:\\\/\\\/www.smokershop.es\\\/index.php\\\/producto\\\/flor-aromatica-purple-kush\\\/#breadcrumb\"},\"inLanguage\":\"es\",\"potentialAction\":[{\"@type\":\"ReadAction\",\"target\":[\"https:\\\/\\\/www.smokershop.es\\\/index.php\\\/producto\\\/flor-aromatica-purple-kush\\\/\"]}]},{\"@type\":\"ImageObject\",\"inLanguage\":\"es\",\"@id\":\"https:\\\/\\\/www.smokershop.es\\\/index.php\\\/producto\\\/flor-aromatica-purple-kush\\\/#primaryimage\",\"url\":\"https:\\\/\\\/www.smokershop.es\\\/wp-content\\\/uploads\\\/2024\\\/01\\\/FLOR-AROMATICA-INVERNADERO-MANGO-HAZE-THE-CBD-STAR.jpeg\",\"contentUrl\":\"https:\\\/\\\/www.smokershop.es\\\/wp-content\\\/uploads\\\/2024\\\/01\\\/FLOR-AROMATICA-INVERNADERO-MANGO-HAZE-THE-CBD-STAR.jpeg\",\"width\":500,\"height\":500,\"caption\":\"FLOR AROM\u00c1TICA INVERNADERO PURPLE KUSH THE CBD STAR\"},{\"@type\":\"BreadcrumbList\",\"@id\":\"https:\\\/\\\/www.smokershop.es\\\/index.php\\\/producto\\\/flor-aromatica-purple-kush\\\/#breadcrumb\",\"itemListElement\":[{\"@type\":\"ListItem\",\"position\":1,\"name\":\"Portada\",\"item\":\"https:\\\/\\\/www.smokershop.es\\\/\"},{\"@type\":\"ListItem\",\"position\":2,\"name\":\"The Shop\",\"item\":\"https:\\\/\\\/www.smokershop.es\\\/index.php\\\/shop\\\/\"},{\"@type\":\"ListItem\",\"position\":3,\"name\":\"FLOR AROM\u00c1TICA PURPLE KUSH\"}]},{\"@type\":\"WebSite\",\"@id\":\"https:\\\/\\\/www.smokershop.es\\\/#website\",\"url\":\"https:\\\/\\\/www.smokershop.es\\\/\",\"name\":\"The Smoker&#039;s Shop\",\"description\":\"Todo para los fumadores\",\"publisher\":{\"@id\":\"https:\\\/\\\/www.smokershop.es\\\/#organization\"},\"potentialAction\":[{\"@type\":\"SearchAction\",\"target\":{\"@type\":\"EntryPoint\",\"urlTemplate\":\"https:\\\/\\\/www.smokershop.es\\\/?s={search_term_string}\"},\"query-input\":{\"@type\":\"PropertyValueSpecification\",\"valueRequired\":true,\"valueName\":\"search_term_string\"}}],\"inLanguage\":\"es\"},{\"@type\":\"Organization\",\"@id\":\"https:\\\/\\\/www.smokershop.es\\\/#organization\",\"name\":\"The Smoker&#039;s Shop\",\"url\":\"https:\\\/\\\/www.smokershop.es\\\/\",\"logo\":{\"@type\":\"ImageObject\",\"inLanguage\":\"es\",\"@id\":\"https:\\\/\\\/www.smokershop.es\\\/#\\\/schema\\\/logo\\\/image\\\/\",\"url\":\"https:\\\/\\\/www.smokershop.es\\\/wp-content\\\/uploads\\\/2023\\\/10\\\/smokershop-logo.png\",\"contentUrl\":\"https:\\\/\\\/www.smokershop.es\\\/wp-content\\\/uploads\\\/2023\\\/10\\\/smokershop-logo.png\",\"width\":1711,\"height\":752,\"caption\":\"The Smoker&#039;s Shop\"},\"image\":{\"@id\":\"https:\\\/\\\/www.smokershop.es\\\/#\\\/schema\\\/logo\\\/image\\\/\"},\"sameAs\":[\"https:\\\/\\\/www.instagram.com\\\/thesmokersshopofficial\"]}]}<\/script>\n<!-- \/ Yoast SEO plugin. -->","yoast_head_json":{"title":"FLOR AROM\u00c1TICA PURPLE KUSH - The Smoker&#039;s Shop","description":"FLOR AROM\u00c1TICA PURPLE KUSH cultivada en invernadero, con un sabor y aroma excepcional, es una opci\u00f3n estupenda para los amantes del CBD.","robots":{"index":"index","follow":"follow","max-snippet":"max-snippet:-1","max-image-preview":"max-image-preview:large","max-video-preview":"max-video-preview:-1"},"canonical":"https:\/\/www.smokershop.es\/index.php\/producto\/flor-aromatica-purple-kush\/","og_locale":"es_ES","og_type":"article","og_title":"FLOR AROM\u00c1TICA PURPLE KUSH - The Smoker&#039;s Shop","og_description":"FLOR AROM\u00c1TICA PURPLE KUSH cultivada en invernadero, con un sabor y aroma excepcional, es una opci\u00f3n estupenda para los amantes del CBD.","og_url":"https:\/\/www.smokershop.es\/index.php\/producto\/flor-aromatica-purple-kush\/","og_site_name":"The Smoker&#039;s Shop","article_modified_time":"2025-07-15T18:10:40+00:00","og_image":[{"width":500,"height":500,"url":"https:\/\/www.smokershop.es\/wp-content\/uploads\/2024\/01\/FLOR-AROMATICA-INVERNADERO-MANGO-HAZE-THE-CBD-STAR.jpeg","type":"image\/jpeg"}],"twitter_card":"summary_large_image","twitter_misc":{"Tiempo de lectura":"1 minuto"},"schema":{"@context":"https:\/\/schema.org","@graph":[{"@type":"WebPage","@id":"https:\/\/www.smokershop.es\/index.php\/producto\/flor-aromatica-purple-kush\/","url":"https:\/\/www.smokershop.es\/index.php\/producto\/flor-aromatica-purple-kush\/","name":"FLOR AROM\u00c1TICA PURPLE KUSH - The Smoker&#039;s Shop","isPartOf":{"@id":"https:\/\/www.smokershop.es\/#website"},"primaryImageOfPage":{"@id":"https:\/\/www.smokershop.es\/index.php\/producto\/flor-aromatica-purple-kush\/#primaryimage"},"image":{"@id":"https:\/\/www.smokershop.es\/index.php\/producto\/flor-aromatica-purple-kush\/#primaryimage"},"thumbnailUrl":"https:\/\/www.smokershop.es\/wp-content\/uploads\/2024\/01\/FLOR-AROMATICA-INVERNADERO-MANGO-HAZE-THE-CBD-STAR.jpeg","datePublished":"2024-02-01T11:54:38+00:00","dateModified":"2025-07-15T18:10:40+00:00","description":"FLOR AROM\u00c1TICA PURPLE KUSH cultivada en invernadero, con un sabor y aroma excepcional, es una opci\u00f3n estupenda para los amantes del CBD.","breadcrumb":{"@id":"https:\/\/www.smokershop.es\/index.php\/producto\/flor-aromatica-purple-kush\/#breadcrumb"},"inLanguage":"es","potentialAction":[{"@type":"ReadAction","target":["https:\/\/www.smokershop.es\/index.php\/producto\/flor-aromatica-purple-kush\/"]}]},{"@type":"ImageObject","inLanguage":"es","@id":"https:\/\/www.smokershop.es\/index.php\/producto\/flor-aromatica-purple-kush\/#primaryimage","url":"https:\/\/www.smokershop.es\/wp-content\/uploads\/2024\/01\/FLOR-AROMATICA-INVERNADERO-MANGO-HAZE-THE-CBD-STAR.jpeg","contentUrl":"https:\/\/www.smokershop.es\/wp-content\/uploads\/2024\/01\/FLOR-AROMATICA-INVERNADERO-MANGO-HAZE-THE-CBD-STAR.jpeg","width":500,"height":500,"caption":"FLOR AROM\u00c1TICA INVERNADERO PURPLE KUSH THE CBD STAR"},{"@type":"BreadcrumbList","@id":"https:\/\/www.smokershop.es\/index.php\/producto\/flor-aromatica-purple-kush\/#breadcrumb","itemListElement":[{"@type":"ListItem","position":1,"name":"Portada","item":"https:\/\/www.smokershop.es\/"},{"@type":"ListItem","position":2,"name":"The Shop","item":"https:\/\/www.smokershop.es\/index.php\/shop\/"},{"@type":"ListItem","position":3,"name":"FLOR AROM\u00c1TICA PURPLE KUSH"}]},{"@type":"WebSite","@id":"https:\/\/www.smokershop.es\/#website","url":"https:\/\/www.smokershop.es\/","name":"The Smoker&#039;s Shop","description":"Todo para los fumadores","publisher":{"@id":"https:\/\/www.smokershop.es\/#organization"},"potentialAction":[{"@type":"SearchAction","target":{"@type":"EntryPoint","urlTemplate":"https:\/\/www.smokershop.es\/?s={search_term_string}"},"query-input":{"@type":"PropertyValueSpecification","valueRequired":true,"valueName":"search_term_string"}}],"inLanguage":"es"},{"@type":"Organization","@id":"https:\/\/www.smokershop.es\/#organization","name":"The Smoker&#039;s Shop","url":"https:\/\/www.smokershop.es\/","logo":{"@type":"ImageObject","inLanguage":"es","@id":"https:\/\/www.smokershop.es\/#\/schema\/logo\/image\/","url":"https:\/\/www.smokershop.es\/wp-content\/uploads\/2023\/10\/smokershop-logo.png","contentUrl":"https:\/\/www.smokershop.es\/wp-content\/uploads\/2023\/10\/smokershop-logo.png","width":1711,"height":752,"caption":"The Smoker&#039;s Shop"},"image":{"@id":"https:\/\/www.smokershop.es\/#\/schema\/logo\/image\/"},"sameAs":["https:\/\/www.instagram.com\/thesmokersshopofficial"]}]}},"_links":{"self":[{"href":"https:\/\/www.smokershop.es\/index.php\/wp-json\/wp\/v2\/product\/1408","targetHints":{"allow":["GET"]}}],"collection":[{"href":"https:\/\/www.smokershop.es\/index.php\/wp-json\/wp\/v2\/product"}],"about":[{"href":"https:\/\/www.smokershop.es\/index.php\/wp-json\/wp\/v2\/types\/product"}],"wp:featuredmedia":[{"embeddable":true,"href":"https:\/\/www.smokershop.es\/index.php\/wp-json\/wp\/v2\/media\/2973"}],"wp:attachment":[{"href":"https:\/\/www.smokershop.es\/index.php\/wp-json\/wp\/v2\/media?parent=1408"}],"wp:term":[{"taxonomy":"product_brand","embeddable":true,"href":"https:\/\/www.smokershop.es\/index.php\/wp-json\/wp\/v2\/product_brand?post=1408"},{"taxonomy":"product_cat","embeddable":true,"href":"https:\/\/www.smokershop.es\/index.php\/wp-json\/wp\/v2\/product_cat?post=1408"},{"taxonomy":"product_tag","embeddable":true,"href":"https:\/\/www.smokershop.es\/index.php\/wp-json\/wp\/v2\/product_tag?post=1408"}],"curies":[{"name":"wp","href":"https:\/\/api.w.org\/{rel}","templated":true}]}}