{"id":1412,"date":"2024-02-01T13:25:25","date_gmt":"2024-02-01T12:25:25","guid":{"rendered":"https:\/\/www.smokershop.es\/?post_type=product&#038;p=1412"},"modified":"2026-03-03T17:43:03","modified_gmt":"2026-03-03T16:43:03","slug":"extraccion-mandanga-cream","status":"publish","type":"product","link":"https:\/\/www.smokershop.es\/index.php\/producto\/extraccion-mandanga-cream\/","title":{"rendered":"EXTRACCI\u00d3N MANDANGA CREAM ENVASE 5G"},"content":{"rendered":"<p>EXTRACCI\u00d3N MANDANGA CREAM<\/p>\n<p>La extracci\u00f3n Mandanga Cream es una de nuestros productos de CBD. Este hash, Mandanga Cream, es cremoso, con un olor fuerte, que recuerda al hash \u00abde toda la vida\u00bb, con un grano pegajoso, debido a la notable cantidad de resina que tiene, es una opci\u00f3n estupenda para los amantes del hash original que desean encontrar ese sabor y experiencia en el CBD.<\/p>\n<p>Uso externo, producto decorativo. No inhalar, Semilla certificada UE seg\u00fan real decreto 1729\/1999. Todos los productos comercializados por Thecbdstar cumplen con las leyes europeas sobre el cultivo de c\u00e1\u00f1amo. Para seguir cumpliendo con la legislaci\u00f3n vigente, nuestra empresa no defiende las virtudes terap\u00e9uticas de los productos que comercializamos. NO APTO USO HUMANO.<\/p>\n<p>-BIOMASA DECORATIVA, Genetica: Silvana \u2013 LT.N\u00b0 \u2013 Cartellino N\u00b0107130010932-b31116202-3 THC INFERIOR AL 0,2%, SEMILLA CERTIFICADA POR LA UE. CONFORME REAL DECRETO 1729\/1999 Y EU 1307\/2013. PRODUCTO NO PSICOACTIVO. NO APTO CONSUMO HUMANO PRODUCIDO EN ITALIA<\/p>\n","protected":false},"excerpt":{"rendered":"<ul>\n<li>Sabor intenso y\u00a0 pegajoso debido a la gran cantidad de resina.<\/li>\n<li>CBD +\/- 15%<\/li>\n<li>THC &lt;0,2%<\/li>\n<\/ul>\n","protected":false},"featured_media":2972,"template":"","meta":{"_joinchat":[]},"product_brand":[],"product_cat":[56,59],"product_tag":[],"class_list":{"0":"post-1412","1":"product","2":"type-product","3":"status-publish","4":"has-post-thumbnail","6":"product_cat-cbd","7":"product_cat-extracciones","9":"first","10":"outofstock","11":"taxable","12":"shipping-taxable","13":"purchasable","14":"product-type-simple"},"yoast_head":"<!-- This site is optimized with the Yoast SEO plugin v27.4 - https:\/\/yoast.com\/product\/yoast-seo-wordpress\/ -->\n<title>EXTRACCI\u00d3N MANDANGA CREAM ENVASE 5G - The Smoker&#039;s Shop<\/title>\n<meta name=\"description\" content=\"EXTRACCI\u00d3N MANDANGA CREAM es una de las extracciones de CBD que puedes encontrar en nuestra web, pegajosa por la cantidad de resina y de sabor intenso.\" \/>\n<meta name=\"robots\" content=\"index, follow, max-snippet:-1, max-image-preview:large, max-video-preview:-1\" \/>\n<link rel=\"canonical\" href=\"https:\/\/www.smokershop.es\/index.php\/producto\/extraccion-mandanga-cream\/\" \/>\n<meta property=\"og:locale\" content=\"es_ES\" \/>\n<meta property=\"og:type\" content=\"article\" \/>\n<meta property=\"og:title\" content=\"EXTRACCI\u00d3N MANDANGA CREAM ENVASE 5G - The Smoker&#039;s Shop\" \/>\n<meta property=\"og:description\" content=\"EXTRACCI\u00d3N MANDANGA CREAM es una de las extracciones de CBD que puedes encontrar en nuestra web, pegajosa por la cantidad de resina y de sabor intenso.\" \/>\n<meta property=\"og:url\" content=\"https:\/\/www.smokershop.es\/index.php\/producto\/extraccion-mandanga-cream\/\" \/>\n<meta property=\"og:site_name\" content=\"The Smoker&#039;s Shop\" \/>\n<meta property=\"article:modified_time\" content=\"2026-03-03T16:43:03+00:00\" \/>\n<meta property=\"og:image\" content=\"https:\/\/www.smokershop.es\/wp-content\/uploads\/2024\/02\/hash-1.jpeg\" \/>\n\t<meta property=\"og:image:width\" content=\"500\" \/>\n\t<meta property=\"og:image:height\" content=\"500\" \/>\n\t<meta property=\"og:image:type\" content=\"image\/jpeg\" \/>\n<meta name=\"twitter:card\" content=\"summary_large_image\" \/>\n<meta name=\"twitter:label1\" content=\"Tiempo de lectura\" \/>\n\t<meta name=\"twitter:data1\" content=\"1 minuto\" \/>\n<script type=\"application\/ld+json\" class=\"yoast-schema-graph\">{\"@context\":\"https:\\\/\\\/schema.org\",\"@graph\":[{\"@type\":\"WebPage\",\"@id\":\"https:\\\/\\\/www.smokershop.es\\\/index.php\\\/producto\\\/extraccion-mandanga-cream\\\/\",\"url\":\"https:\\\/\\\/www.smokershop.es\\\/index.php\\\/producto\\\/extraccion-mandanga-cream\\\/\",\"name\":\"EXTRACCI\u00d3N MANDANGA CREAM ENVASE 5G - The Smoker&#039;s Shop\",\"isPartOf\":{\"@id\":\"https:\\\/\\\/www.smokershop.es\\\/#website\"},\"primaryImageOfPage\":{\"@id\":\"https:\\\/\\\/www.smokershop.es\\\/index.php\\\/producto\\\/extraccion-mandanga-cream\\\/#primaryimage\"},\"image\":{\"@id\":\"https:\\\/\\\/www.smokershop.es\\\/index.php\\\/producto\\\/extraccion-mandanga-cream\\\/#primaryimage\"},\"thumbnailUrl\":\"https:\\\/\\\/www.smokershop.es\\\/wp-content\\\/uploads\\\/2024\\\/02\\\/hash-1.jpeg\",\"datePublished\":\"2024-02-01T12:25:25+00:00\",\"dateModified\":\"2026-03-03T16:43:03+00:00\",\"description\":\"EXTRACCI\u00d3N MANDANGA CREAM es una de las extracciones de CBD que puedes encontrar en nuestra web, pegajosa por la cantidad de resina y de sabor intenso.\",\"breadcrumb\":{\"@id\":\"https:\\\/\\\/www.smokershop.es\\\/index.php\\\/producto\\\/extraccion-mandanga-cream\\\/#breadcrumb\"},\"inLanguage\":\"es\",\"potentialAction\":[{\"@type\":\"ReadAction\",\"target\":[\"https:\\\/\\\/www.smokershop.es\\\/index.php\\\/producto\\\/extraccion-mandanga-cream\\\/\"]}]},{\"@type\":\"ImageObject\",\"inLanguage\":\"es\",\"@id\":\"https:\\\/\\\/www.smokershop.es\\\/index.php\\\/producto\\\/extraccion-mandanga-cream\\\/#primaryimage\",\"url\":\"https:\\\/\\\/www.smokershop.es\\\/wp-content\\\/uploads\\\/2024\\\/02\\\/hash-1.jpeg\",\"contentUrl\":\"https:\\\/\\\/www.smokershop.es\\\/wp-content\\\/uploads\\\/2024\\\/02\\\/hash-1.jpeg\",\"width\":500,\"height\":500,\"caption\":\"EXTRACCI\u00d3N MANDANGA THE CBD STAR\"},{\"@type\":\"BreadcrumbList\",\"@id\":\"https:\\\/\\\/www.smokershop.es\\\/index.php\\\/producto\\\/extraccion-mandanga-cream\\\/#breadcrumb\",\"itemListElement\":[{\"@type\":\"ListItem\",\"position\":1,\"name\":\"Portada\",\"item\":\"https:\\\/\\\/www.smokershop.es\\\/\"},{\"@type\":\"ListItem\",\"position\":2,\"name\":\"The Shop\",\"item\":\"https:\\\/\\\/www.smokershop.es\\\/index.php\\\/shop\\\/\"},{\"@type\":\"ListItem\",\"position\":3,\"name\":\"EXTRACCI\u00d3N MANDANGA CREAM ENVASE 5G\"}]},{\"@type\":\"WebSite\",\"@id\":\"https:\\\/\\\/www.smokershop.es\\\/#website\",\"url\":\"https:\\\/\\\/www.smokershop.es\\\/\",\"name\":\"The Smoker&#039;s Shop\",\"description\":\"Todo para los fumadores\",\"publisher\":{\"@id\":\"https:\\\/\\\/www.smokershop.es\\\/#organization\"},\"potentialAction\":[{\"@type\":\"SearchAction\",\"target\":{\"@type\":\"EntryPoint\",\"urlTemplate\":\"https:\\\/\\\/www.smokershop.es\\\/?s={search_term_string}\"},\"query-input\":{\"@type\":\"PropertyValueSpecification\",\"valueRequired\":true,\"valueName\":\"search_term_string\"}}],\"inLanguage\":\"es\"},{\"@type\":\"Organization\",\"@id\":\"https:\\\/\\\/www.smokershop.es\\\/#organization\",\"name\":\"The Smoker&#039;s Shop\",\"url\":\"https:\\\/\\\/www.smokershop.es\\\/\",\"logo\":{\"@type\":\"ImageObject\",\"inLanguage\":\"es\",\"@id\":\"https:\\\/\\\/www.smokershop.es\\\/#\\\/schema\\\/logo\\\/image\\\/\",\"url\":\"https:\\\/\\\/www.smokershop.es\\\/wp-content\\\/uploads\\\/2023\\\/10\\\/smokershop-logo.png\",\"contentUrl\":\"https:\\\/\\\/www.smokershop.es\\\/wp-content\\\/uploads\\\/2023\\\/10\\\/smokershop-logo.png\",\"width\":1711,\"height\":752,\"caption\":\"The Smoker&#039;s Shop\"},\"image\":{\"@id\":\"https:\\\/\\\/www.smokershop.es\\\/#\\\/schema\\\/logo\\\/image\\\/\"},\"sameAs\":[\"https:\\\/\\\/www.instagram.com\\\/thesmokersshopofficial\"]}]}<\/script>\n<!-- \/ Yoast SEO plugin. -->","yoast_head_json":{"title":"EXTRACCI\u00d3N MANDANGA CREAM ENVASE 5G - The Smoker&#039;s Shop","description":"EXTRACCI\u00d3N MANDANGA CREAM es una de las extracciones de CBD que puedes encontrar en nuestra web, pegajosa por la cantidad de resina y de sabor intenso.","robots":{"index":"index","follow":"follow","max-snippet":"max-snippet:-1","max-image-preview":"max-image-preview:large","max-video-preview":"max-video-preview:-1"},"canonical":"https:\/\/www.smokershop.es\/index.php\/producto\/extraccion-mandanga-cream\/","og_locale":"es_ES","og_type":"article","og_title":"EXTRACCI\u00d3N MANDANGA CREAM ENVASE 5G - The Smoker&#039;s Shop","og_description":"EXTRACCI\u00d3N MANDANGA CREAM es una de las extracciones de CBD que puedes encontrar en nuestra web, pegajosa por la cantidad de resina y de sabor intenso.","og_url":"https:\/\/www.smokershop.es\/index.php\/producto\/extraccion-mandanga-cream\/","og_site_name":"The Smoker&#039;s Shop","article_modified_time":"2026-03-03T16:43:03+00:00","og_image":[{"width":500,"height":500,"url":"https:\/\/www.smokershop.es\/wp-content\/uploads\/2024\/02\/hash-1.jpeg","type":"image\/jpeg"}],"twitter_card":"summary_large_image","twitter_misc":{"Tiempo de lectura":"1 minuto"},"schema":{"@context":"https:\/\/schema.org","@graph":[{"@type":"WebPage","@id":"https:\/\/www.smokershop.es\/index.php\/producto\/extraccion-mandanga-cream\/","url":"https:\/\/www.smokershop.es\/index.php\/producto\/extraccion-mandanga-cream\/","name":"EXTRACCI\u00d3N MANDANGA CREAM ENVASE 5G - The Smoker&#039;s Shop","isPartOf":{"@id":"https:\/\/www.smokershop.es\/#website"},"primaryImageOfPage":{"@id":"https:\/\/www.smokershop.es\/index.php\/producto\/extraccion-mandanga-cream\/#primaryimage"},"image":{"@id":"https:\/\/www.smokershop.es\/index.php\/producto\/extraccion-mandanga-cream\/#primaryimage"},"thumbnailUrl":"https:\/\/www.smokershop.es\/wp-content\/uploads\/2024\/02\/hash-1.jpeg","datePublished":"2024-02-01T12:25:25+00:00","dateModified":"2026-03-03T16:43:03+00:00","description":"EXTRACCI\u00d3N MANDANGA CREAM es una de las extracciones de CBD que puedes encontrar en nuestra web, pegajosa por la cantidad de resina y de sabor intenso.","breadcrumb":{"@id":"https:\/\/www.smokershop.es\/index.php\/producto\/extraccion-mandanga-cream\/#breadcrumb"},"inLanguage":"es","potentialAction":[{"@type":"ReadAction","target":["https:\/\/www.smokershop.es\/index.php\/producto\/extraccion-mandanga-cream\/"]}]},{"@type":"ImageObject","inLanguage":"es","@id":"https:\/\/www.smokershop.es\/index.php\/producto\/extraccion-mandanga-cream\/#primaryimage","url":"https:\/\/www.smokershop.es\/wp-content\/uploads\/2024\/02\/hash-1.jpeg","contentUrl":"https:\/\/www.smokershop.es\/wp-content\/uploads\/2024\/02\/hash-1.jpeg","width":500,"height":500,"caption":"EXTRACCI\u00d3N MANDANGA THE CBD STAR"},{"@type":"BreadcrumbList","@id":"https:\/\/www.smokershop.es\/index.php\/producto\/extraccion-mandanga-cream\/#breadcrumb","itemListElement":[{"@type":"ListItem","position":1,"name":"Portada","item":"https:\/\/www.smokershop.es\/"},{"@type":"ListItem","position":2,"name":"The Shop","item":"https:\/\/www.smokershop.es\/index.php\/shop\/"},{"@type":"ListItem","position":3,"name":"EXTRACCI\u00d3N MANDANGA CREAM ENVASE 5G"}]},{"@type":"WebSite","@id":"https:\/\/www.smokershop.es\/#website","url":"https:\/\/www.smokershop.es\/","name":"The Smoker&#039;s Shop","description":"Todo para los fumadores","publisher":{"@id":"https:\/\/www.smokershop.es\/#organization"},"potentialAction":[{"@type":"SearchAction","target":{"@type":"EntryPoint","urlTemplate":"https:\/\/www.smokershop.es\/?s={search_term_string}"},"query-input":{"@type":"PropertyValueSpecification","valueRequired":true,"valueName":"search_term_string"}}],"inLanguage":"es"},{"@type":"Organization","@id":"https:\/\/www.smokershop.es\/#organization","name":"The Smoker&#039;s Shop","url":"https:\/\/www.smokershop.es\/","logo":{"@type":"ImageObject","inLanguage":"es","@id":"https:\/\/www.smokershop.es\/#\/schema\/logo\/image\/","url":"https:\/\/www.smokershop.es\/wp-content\/uploads\/2023\/10\/smokershop-logo.png","contentUrl":"https:\/\/www.smokershop.es\/wp-content\/uploads\/2023\/10\/smokershop-logo.png","width":1711,"height":752,"caption":"The Smoker&#039;s Shop"},"image":{"@id":"https:\/\/www.smokershop.es\/#\/schema\/logo\/image\/"},"sameAs":["https:\/\/www.instagram.com\/thesmokersshopofficial"]}]}},"_links":{"self":[{"href":"https:\/\/www.smokershop.es\/index.php\/wp-json\/wp\/v2\/product\/1412","targetHints":{"allow":["GET"]}}],"collection":[{"href":"https:\/\/www.smokershop.es\/index.php\/wp-json\/wp\/v2\/product"}],"about":[{"href":"https:\/\/www.smokershop.es\/index.php\/wp-json\/wp\/v2\/types\/product"}],"wp:featuredmedia":[{"embeddable":true,"href":"https:\/\/www.smokershop.es\/index.php\/wp-json\/wp\/v2\/media\/2972"}],"wp:attachment":[{"href":"https:\/\/www.smokershop.es\/index.php\/wp-json\/wp\/v2\/media?parent=1412"}],"wp:term":[{"taxonomy":"product_brand","embeddable":true,"href":"https:\/\/www.smokershop.es\/index.php\/wp-json\/wp\/v2\/product_brand?post=1412"},{"taxonomy":"product_cat","embeddable":true,"href":"https:\/\/www.smokershop.es\/index.php\/wp-json\/wp\/v2\/product_cat?post=1412"},{"taxonomy":"product_tag","embeddable":true,"href":"https:\/\/www.smokershop.es\/index.php\/wp-json\/wp\/v2\/product_tag?post=1412"}],"curies":[{"name":"wp","href":"https:\/\/api.w.org\/{rel}","templated":true}]}}