{"id":1413,"date":"2024-02-01T13:39:07","date_gmt":"2024-02-01T12:39:07","guid":{"rendered":"https:\/\/www.smokershop.es\/?post_type=product&#038;p=1413"},"modified":"2026-05-06T16:47:31","modified_gmt":"2026-05-06T14:47:31","slug":"extraccion-burbuka-cream","status":"publish","type":"product","link":"https:\/\/www.smokershop.es\/index.php\/producto\/extraccion-burbuka-cream\/","title":{"rendered":"EXTRACCI\u00d3N BURBUKA CREAM"},"content":{"rendered":"<p>EXTRACCI\u00d3N BURBUKA CREAM<\/p>\n<p>Prueba nuestra exclusiva extracci\u00f3n Burbuka cream, una de nuestras joyas de la corona, una mezcla \u00fanica de extractos de CBD y terpenos de primera calidad. Su sabor suave y cremoso y sus efectos relajantes hacen de ella una experiencia \u00fanica para los amantes del CBD. Una extracci\u00f3n de primer nivel que te sorprender\u00e1.<\/p>\n<p>Uso externo, producto decorativo. No inhalar, Semilla certificada UE seg\u00fan real decreto 1729\/1999. Todos los productos comercializados por Thecbdstar cumplen con las leyes europeas sobre el cultivo de c\u00e1\u00f1amo. Para seguir cumpliendo con la legislaci\u00f3n vigente, nuestra empresa no defiende las virtudes terap\u00e9uticas de los productos que comercializamos. NO APTO USO HUMANO.<\/p>\n<p>-BIOMASA DECORATIVA, Genetica: Silvana \u2013 LT.N\u00b0 \u2013 Cartellino N\u00b0107130010932-b31116202-3 THC INFERIOR AL 0,2%, SEMILLA CERTIFICADA POR LA UE. CONFORME REAL DECRETO 1729\/1999 Y EU 1307\/2013. PRODUCTO NO PSICOACTIVO. NO APTO CONSUMO HUMANO PRODUCIDO EN ITALIA<\/p>\n","protected":false},"excerpt":{"rendered":"<ul>\n<li>Es una mezcla \u00fanica de extractos de CBD y terpenos de primera calidad.<\/li>\n<li>Porcentaje CBD +\/- 38%.<\/li>\n<li>Porcentaje THC &lt;0,2%.<\/li>\n<\/ul>\n","protected":false},"featured_media":4068,"template":"","meta":{"_joinchat":[]},"product_brand":[82],"product_cat":[56,59],"product_tag":[],"class_list":{"0":"post-1413","1":"product","2":"type-product","3":"status-publish","4":"has-post-thumbnail","6":"product_brand-cbd-star","7":"product_cat-cbd","8":"product_cat-extracciones","10":"first","11":"instock","12":"taxable","13":"shipping-taxable","14":"purchasable","15":"product-type-variable"},"yoast_head":"<!-- This site is optimized with the Yoast SEO plugin v27.4 - https:\/\/yoast.com\/product\/yoast-seo-wordpress\/ -->\n<title>EXTRACCI\u00d3N BURBUKA CREAM - The Smoker&#039;s Shop<\/title>\n<meta name=\"description\" content=\"EXTRACCI\u00d3N BURBUKA CREAM es una de nuestros mejores productos de CBD, con un sabor suave y cremoso y terpenos de primera calidad.\" \/>\n<meta name=\"robots\" content=\"index, follow, max-snippet:-1, max-image-preview:large, max-video-preview:-1\" \/>\n<link rel=\"canonical\" href=\"https:\/\/www.smokershop.es\/index.php\/producto\/extraccion-burbuka-cream\/\" \/>\n<meta property=\"og:locale\" content=\"es_ES\" \/>\n<meta property=\"og:type\" content=\"article\" \/>\n<meta property=\"og:title\" content=\"EXTRACCI\u00d3N BURBUKA CREAM - The Smoker&#039;s Shop\" \/>\n<meta property=\"og:description\" content=\"EXTRACCI\u00d3N BURBUKA CREAM es una de nuestros mejores productos de CBD, con un sabor suave y cremoso y terpenos de primera calidad.\" \/>\n<meta property=\"og:url\" content=\"https:\/\/www.smokershop.es\/index.php\/producto\/extraccion-burbuka-cream\/\" \/>\n<meta property=\"og:site_name\" content=\"The Smoker&#039;s Shop\" \/>\n<meta property=\"article:modified_time\" content=\"2026-05-06T14:47:31+00:00\" \/>\n<meta property=\"og:image\" content=\"https:\/\/www.smokershop.es\/wp-content\/uploads\/2024\/02\/BURBUKA-CREAM-CBD.jpg\" \/>\n\t<meta property=\"og:image:width\" content=\"1350\" \/>\n\t<meta property=\"og:image:height\" content=\"1350\" \/>\n\t<meta property=\"og:image:type\" content=\"image\/jpeg\" \/>\n<meta name=\"twitter:card\" content=\"summary_large_image\" \/>\n<meta name=\"twitter:label1\" content=\"Tiempo de lectura\" \/>\n\t<meta name=\"twitter:data1\" content=\"1 minuto\" \/>\n<script type=\"application\/ld+json\" class=\"yoast-schema-graph\">{\"@context\":\"https:\\\/\\\/schema.org\",\"@graph\":[{\"@type\":\"WebPage\",\"@id\":\"https:\\\/\\\/www.smokershop.es\\\/index.php\\\/producto\\\/extraccion-burbuka-cream\\\/\",\"url\":\"https:\\\/\\\/www.smokershop.es\\\/index.php\\\/producto\\\/extraccion-burbuka-cream\\\/\",\"name\":\"EXTRACCI\u00d3N BURBUKA CREAM - The Smoker&#039;s Shop\",\"isPartOf\":{\"@id\":\"https:\\\/\\\/www.smokershop.es\\\/#website\"},\"primaryImageOfPage\":{\"@id\":\"https:\\\/\\\/www.smokershop.es\\\/index.php\\\/producto\\\/extraccion-burbuka-cream\\\/#primaryimage\"},\"image\":{\"@id\":\"https:\\\/\\\/www.smokershop.es\\\/index.php\\\/producto\\\/extraccion-burbuka-cream\\\/#primaryimage\"},\"thumbnailUrl\":\"https:\\\/\\\/www.smokershop.es\\\/wp-content\\\/uploads\\\/2024\\\/02\\\/BURBUKA-CREAM-CBD.jpg\",\"datePublished\":\"2024-02-01T12:39:07+00:00\",\"dateModified\":\"2026-05-06T14:47:31+00:00\",\"description\":\"EXTRACCI\u00d3N BURBUKA CREAM es una de nuestros mejores productos de CBD, con un sabor suave y cremoso y terpenos de primera calidad.\",\"breadcrumb\":{\"@id\":\"https:\\\/\\\/www.smokershop.es\\\/index.php\\\/producto\\\/extraccion-burbuka-cream\\\/#breadcrumb\"},\"inLanguage\":\"es\",\"potentialAction\":[{\"@type\":\"ReadAction\",\"target\":[\"https:\\\/\\\/www.smokershop.es\\\/index.php\\\/producto\\\/extraccion-burbuka-cream\\\/\"]}]},{\"@type\":\"ImageObject\",\"inLanguage\":\"es\",\"@id\":\"https:\\\/\\\/www.smokershop.es\\\/index.php\\\/producto\\\/extraccion-burbuka-cream\\\/#primaryimage\",\"url\":\"https:\\\/\\\/www.smokershop.es\\\/wp-content\\\/uploads\\\/2024\\\/02\\\/BURBUKA-CREAM-CBD.jpg\",\"contentUrl\":\"https:\\\/\\\/www.smokershop.es\\\/wp-content\\\/uploads\\\/2024\\\/02\\\/BURBUKA-CREAM-CBD.jpg\",\"width\":1350,\"height\":1350,\"caption\":\"BURBUKA CREAM CBD\"},{\"@type\":\"BreadcrumbList\",\"@id\":\"https:\\\/\\\/www.smokershop.es\\\/index.php\\\/producto\\\/extraccion-burbuka-cream\\\/#breadcrumb\",\"itemListElement\":[{\"@type\":\"ListItem\",\"position\":1,\"name\":\"Portada\",\"item\":\"https:\\\/\\\/www.smokershop.es\\\/\"},{\"@type\":\"ListItem\",\"position\":2,\"name\":\"The Shop\",\"item\":\"https:\\\/\\\/www.smokershop.es\\\/index.php\\\/shop\\\/\"},{\"@type\":\"ListItem\",\"position\":3,\"name\":\"EXTRACCI\u00d3N BURBUKA CREAM\"}]},{\"@type\":\"WebSite\",\"@id\":\"https:\\\/\\\/www.smokershop.es\\\/#website\",\"url\":\"https:\\\/\\\/www.smokershop.es\\\/\",\"name\":\"The Smoker&#039;s Shop\",\"description\":\"Todo para los fumadores\",\"publisher\":{\"@id\":\"https:\\\/\\\/www.smokershop.es\\\/#organization\"},\"potentialAction\":[{\"@type\":\"SearchAction\",\"target\":{\"@type\":\"EntryPoint\",\"urlTemplate\":\"https:\\\/\\\/www.smokershop.es\\\/?s={search_term_string}\"},\"query-input\":{\"@type\":\"PropertyValueSpecification\",\"valueRequired\":true,\"valueName\":\"search_term_string\"}}],\"inLanguage\":\"es\"},{\"@type\":\"Organization\",\"@id\":\"https:\\\/\\\/www.smokershop.es\\\/#organization\",\"name\":\"The Smoker&#039;s Shop\",\"url\":\"https:\\\/\\\/www.smokershop.es\\\/\",\"logo\":{\"@type\":\"ImageObject\",\"inLanguage\":\"es\",\"@id\":\"https:\\\/\\\/www.smokershop.es\\\/#\\\/schema\\\/logo\\\/image\\\/\",\"url\":\"https:\\\/\\\/www.smokershop.es\\\/wp-content\\\/uploads\\\/2023\\\/10\\\/smokershop-logo.png\",\"contentUrl\":\"https:\\\/\\\/www.smokershop.es\\\/wp-content\\\/uploads\\\/2023\\\/10\\\/smokershop-logo.png\",\"width\":1711,\"height\":752,\"caption\":\"The Smoker&#039;s Shop\"},\"image\":{\"@id\":\"https:\\\/\\\/www.smokershop.es\\\/#\\\/schema\\\/logo\\\/image\\\/\"},\"sameAs\":[\"https:\\\/\\\/www.instagram.com\\\/thesmokersshopofficial\"]}]}<\/script>\n<!-- \/ Yoast SEO plugin. -->","yoast_head_json":{"title":"EXTRACCI\u00d3N BURBUKA CREAM - The Smoker&#039;s Shop","description":"EXTRACCI\u00d3N BURBUKA CREAM es una de nuestros mejores productos de CBD, con un sabor suave y cremoso y terpenos de primera calidad.","robots":{"index":"index","follow":"follow","max-snippet":"max-snippet:-1","max-image-preview":"max-image-preview:large","max-video-preview":"max-video-preview:-1"},"canonical":"https:\/\/www.smokershop.es\/index.php\/producto\/extraccion-burbuka-cream\/","og_locale":"es_ES","og_type":"article","og_title":"EXTRACCI\u00d3N BURBUKA CREAM - The Smoker&#039;s Shop","og_description":"EXTRACCI\u00d3N BURBUKA CREAM es una de nuestros mejores productos de CBD, con un sabor suave y cremoso y terpenos de primera calidad.","og_url":"https:\/\/www.smokershop.es\/index.php\/producto\/extraccion-burbuka-cream\/","og_site_name":"The Smoker&#039;s Shop","article_modified_time":"2026-05-06T14:47:31+00:00","og_image":[{"width":1350,"height":1350,"url":"https:\/\/www.smokershop.es\/wp-content\/uploads\/2024\/02\/BURBUKA-CREAM-CBD.jpg","type":"image\/jpeg"}],"twitter_card":"summary_large_image","twitter_misc":{"Tiempo de lectura":"1 minuto"},"schema":{"@context":"https:\/\/schema.org","@graph":[{"@type":"WebPage","@id":"https:\/\/www.smokershop.es\/index.php\/producto\/extraccion-burbuka-cream\/","url":"https:\/\/www.smokershop.es\/index.php\/producto\/extraccion-burbuka-cream\/","name":"EXTRACCI\u00d3N BURBUKA CREAM - The Smoker&#039;s Shop","isPartOf":{"@id":"https:\/\/www.smokershop.es\/#website"},"primaryImageOfPage":{"@id":"https:\/\/www.smokershop.es\/index.php\/producto\/extraccion-burbuka-cream\/#primaryimage"},"image":{"@id":"https:\/\/www.smokershop.es\/index.php\/producto\/extraccion-burbuka-cream\/#primaryimage"},"thumbnailUrl":"https:\/\/www.smokershop.es\/wp-content\/uploads\/2024\/02\/BURBUKA-CREAM-CBD.jpg","datePublished":"2024-02-01T12:39:07+00:00","dateModified":"2026-05-06T14:47:31+00:00","description":"EXTRACCI\u00d3N BURBUKA CREAM es una de nuestros mejores productos de CBD, con un sabor suave y cremoso y terpenos de primera calidad.","breadcrumb":{"@id":"https:\/\/www.smokershop.es\/index.php\/producto\/extraccion-burbuka-cream\/#breadcrumb"},"inLanguage":"es","potentialAction":[{"@type":"ReadAction","target":["https:\/\/www.smokershop.es\/index.php\/producto\/extraccion-burbuka-cream\/"]}]},{"@type":"ImageObject","inLanguage":"es","@id":"https:\/\/www.smokershop.es\/index.php\/producto\/extraccion-burbuka-cream\/#primaryimage","url":"https:\/\/www.smokershop.es\/wp-content\/uploads\/2024\/02\/BURBUKA-CREAM-CBD.jpg","contentUrl":"https:\/\/www.smokershop.es\/wp-content\/uploads\/2024\/02\/BURBUKA-CREAM-CBD.jpg","width":1350,"height":1350,"caption":"BURBUKA CREAM CBD"},{"@type":"BreadcrumbList","@id":"https:\/\/www.smokershop.es\/index.php\/producto\/extraccion-burbuka-cream\/#breadcrumb","itemListElement":[{"@type":"ListItem","position":1,"name":"Portada","item":"https:\/\/www.smokershop.es\/"},{"@type":"ListItem","position":2,"name":"The Shop","item":"https:\/\/www.smokershop.es\/index.php\/shop\/"},{"@type":"ListItem","position":3,"name":"EXTRACCI\u00d3N BURBUKA CREAM"}]},{"@type":"WebSite","@id":"https:\/\/www.smokershop.es\/#website","url":"https:\/\/www.smokershop.es\/","name":"The Smoker&#039;s Shop","description":"Todo para los fumadores","publisher":{"@id":"https:\/\/www.smokershop.es\/#organization"},"potentialAction":[{"@type":"SearchAction","target":{"@type":"EntryPoint","urlTemplate":"https:\/\/www.smokershop.es\/?s={search_term_string}"},"query-input":{"@type":"PropertyValueSpecification","valueRequired":true,"valueName":"search_term_string"}}],"inLanguage":"es"},{"@type":"Organization","@id":"https:\/\/www.smokershop.es\/#organization","name":"The Smoker&#039;s Shop","url":"https:\/\/www.smokershop.es\/","logo":{"@type":"ImageObject","inLanguage":"es","@id":"https:\/\/www.smokershop.es\/#\/schema\/logo\/image\/","url":"https:\/\/www.smokershop.es\/wp-content\/uploads\/2023\/10\/smokershop-logo.png","contentUrl":"https:\/\/www.smokershop.es\/wp-content\/uploads\/2023\/10\/smokershop-logo.png","width":1711,"height":752,"caption":"The Smoker&#039;s Shop"},"image":{"@id":"https:\/\/www.smokershop.es\/#\/schema\/logo\/image\/"},"sameAs":["https:\/\/www.instagram.com\/thesmokersshopofficial"]}]}},"_links":{"self":[{"href":"https:\/\/www.smokershop.es\/index.php\/wp-json\/wp\/v2\/product\/1413","targetHints":{"allow":["GET"]}}],"collection":[{"href":"https:\/\/www.smokershop.es\/index.php\/wp-json\/wp\/v2\/product"}],"about":[{"href":"https:\/\/www.smokershop.es\/index.php\/wp-json\/wp\/v2\/types\/product"}],"wp:featuredmedia":[{"embeddable":true,"href":"https:\/\/www.smokershop.es\/index.php\/wp-json\/wp\/v2\/media\/4068"}],"wp:attachment":[{"href":"https:\/\/www.smokershop.es\/index.php\/wp-json\/wp\/v2\/media?parent=1413"}],"wp:term":[{"taxonomy":"product_brand","embeddable":true,"href":"https:\/\/www.smokershop.es\/index.php\/wp-json\/wp\/v2\/product_brand?post=1413"},{"taxonomy":"product_cat","embeddable":true,"href":"https:\/\/www.smokershop.es\/index.php\/wp-json\/wp\/v2\/product_cat?post=1413"},{"taxonomy":"product_tag","embeddable":true,"href":"https:\/\/www.smokershop.es\/index.php\/wp-json\/wp\/v2\/product_tag?post=1413"}],"curies":[{"name":"wp","href":"https:\/\/api.w.org\/{rel}","templated":true}]}}