{"id":1416,"date":"2024-02-01T14:05:46","date_gmt":"2024-02-01T13:05:46","guid":{"rendered":"https:\/\/www.smokershop.es\/?post_type=product&#038;p=1416"},"modified":"2026-03-09T19:38:01","modified_gmt":"2026-03-09T18:38:01","slug":"extraccion-crumble-lemon-pie-99-cbd","status":"publish","type":"product","link":"https:\/\/www.smokershop.es\/index.php\/producto\/extraccion-crumble-lemon-pie-99-cbd\/","title":{"rendered":"EXTRACCI\u00d3N CRUMBLE LEMON PIE 99%CBD"},"content":{"rendered":"<p>EXTRACCI\u00d3N CRUMBLE\u00a0 99%CBD<\/p>\n<p>Nuestra extracci\u00f3n Crumble es un <b>e<\/b>xtracto de CBD concentrado que tiene una consistencia cerosa pero desmenuzable. Es muy potente y tiene un alto contenido de CBD, as\u00ed como de otros terpenos beneficiosos, flavonoides, amino\u00e1cidos y aceites esenciales que se encuentran en la planta. Disfruta de una nueva experiencia y de la posibilidad de probar nuestro CBD en diferentes extracciones y encuentra la que m\u00e1s se ajuste a tus necesidades y gusto.<\/p>\n<p>Uso externo, producto decorativo. No inhalar, Semilla certificada UE seg\u00fan real decreto 1729\/1999. Todos los productos comercializados por Thecbdstar cumplen con las leyes europeas sobre el cultivo de c\u00e1\u00f1amo. Para seguir cumpliendo con la legislaci\u00f3n vigente, nuestra empresa no defiende las virtudes terap\u00e9uticas de los productos que comercializamos. NO APTO USO HUMANO.<\/p>\n<p>-BIOMASA DECORATIVA, Genetica: Silvana \u2013 LT.N\u00b0 \u2013 Cartellino N\u00b0107130010932-b31116202-3 THC INFERIOR AL 0,2%, SEMILLA CERTIFICADA POR LA UE. CONFORME REAL DECRETO 1729\/1999 Y EU 1307\/2013. PRODUCTO NO PSICOACTIVO. NO APTO CONSUMO HUMANO PRODUCIDO EN ITALIA<\/p>\n","protected":false},"excerpt":{"rendered":"<ul>\n<li>Nuestro extracto con mayor concentraci\u00f3n de CBD, perfecto para quien desea disfrutar del efecto del mismo.<\/li>\n<li>Porcentaje CBD 99%.<\/li>\n<li>Porcentaje THC &lt;0.17%.<\/li>\n<li>Envase de 2g.<\/li>\n<\/ul>\n","protected":false},"featured_media":2940,"template":"","meta":{"_joinchat":[]},"product_brand":[],"product_cat":[56,59],"product_tag":[],"class_list":{"0":"post-1416","1":"product","2":"type-product","3":"status-publish","4":"has-post-thumbnail","6":"product_cat-cbd","7":"product_cat-extracciones","9":"first","10":"instock","11":"taxable","12":"shipping-taxable","13":"purchasable","14":"product-type-simple"},"yoast_head":"<!-- This site is optimized with the Yoast SEO plugin v27.4 - https:\/\/yoast.com\/product\/yoast-seo-wordpress\/ -->\n<title>EXTRACCI\u00d3N CRUMBLE LEMON PIE 99%CBD - The Smoker&#039;s Shop<\/title>\n<meta name=\"description\" content=\"EXTRACCI\u00d3N CRUMBLE 99% CBD es muy potente y tiene un alto contenido de CBD, con una consistencia cerosa pero desmenuzable y una gran concentraci\u00f3n.\" \/>\n<meta name=\"robots\" content=\"index, follow, max-snippet:-1, max-image-preview:large, max-video-preview:-1\" \/>\n<link rel=\"canonical\" href=\"https:\/\/www.smokershop.es\/index.php\/producto\/extraccion-crumble-lemon-pie-99-cbd\/\" \/>\n<meta property=\"og:locale\" content=\"es_ES\" \/>\n<meta property=\"og:type\" content=\"article\" \/>\n<meta property=\"og:title\" content=\"EXTRACCI\u00d3N CRUMBLE LEMON PIE 99%CBD - The Smoker&#039;s Shop\" \/>\n<meta property=\"og:description\" content=\"EXTRACCI\u00d3N CRUMBLE 99% CBD es muy potente y tiene un alto contenido de CBD, con una consistencia cerosa pero desmenuzable y una gran concentraci\u00f3n.\" \/>\n<meta property=\"og:url\" content=\"https:\/\/www.smokershop.es\/index.php\/producto\/extraccion-crumble-lemon-pie-99-cbd\/\" \/>\n<meta property=\"og:site_name\" content=\"The Smoker&#039;s Shop\" \/>\n<meta property=\"article:modified_time\" content=\"2026-03-09T18:38:01+00:00\" \/>\n<meta property=\"og:image\" content=\"https:\/\/www.smokershop.es\/wp-content\/uploads\/2024\/02\/CRUMBLE.jpeg\" \/>\n\t<meta property=\"og:image:width\" content=\"625\" \/>\n\t<meta property=\"og:image:height\" content=\"314\" \/>\n\t<meta property=\"og:image:type\" content=\"image\/jpeg\" \/>\n<meta name=\"twitter:card\" content=\"summary_large_image\" \/>\n<meta name=\"twitter:label1\" content=\"Tiempo de lectura\" \/>\n\t<meta name=\"twitter:data1\" content=\"1 minuto\" \/>\n<script type=\"application\/ld+json\" class=\"yoast-schema-graph\">{\"@context\":\"https:\\\/\\\/schema.org\",\"@graph\":[{\"@type\":\"WebPage\",\"@id\":\"https:\\\/\\\/www.smokershop.es\\\/index.php\\\/producto\\\/extraccion-crumble-lemon-pie-99-cbd\\\/\",\"url\":\"https:\\\/\\\/www.smokershop.es\\\/index.php\\\/producto\\\/extraccion-crumble-lemon-pie-99-cbd\\\/\",\"name\":\"EXTRACCI\u00d3N CRUMBLE LEMON PIE 99%CBD - The Smoker&#039;s Shop\",\"isPartOf\":{\"@id\":\"https:\\\/\\\/www.smokershop.es\\\/#website\"},\"primaryImageOfPage\":{\"@id\":\"https:\\\/\\\/www.smokershop.es\\\/index.php\\\/producto\\\/extraccion-crumble-lemon-pie-99-cbd\\\/#primaryimage\"},\"image\":{\"@id\":\"https:\\\/\\\/www.smokershop.es\\\/index.php\\\/producto\\\/extraccion-crumble-lemon-pie-99-cbd\\\/#primaryimage\"},\"thumbnailUrl\":\"https:\\\/\\\/www.smokershop.es\\\/wp-content\\\/uploads\\\/2024\\\/02\\\/CRUMBLE.jpeg\",\"datePublished\":\"2024-02-01T13:05:46+00:00\",\"dateModified\":\"2026-03-09T18:38:01+00:00\",\"description\":\"EXTRACCI\u00d3N CRUMBLE 99% CBD es muy potente y tiene un alto contenido de CBD, con una consistencia cerosa pero desmenuzable y una gran concentraci\u00f3n.\",\"breadcrumb\":{\"@id\":\"https:\\\/\\\/www.smokershop.es\\\/index.php\\\/producto\\\/extraccion-crumble-lemon-pie-99-cbd\\\/#breadcrumb\"},\"inLanguage\":\"es\",\"potentialAction\":[{\"@type\":\"ReadAction\",\"target\":[\"https:\\\/\\\/www.smokershop.es\\\/index.php\\\/producto\\\/extraccion-crumble-lemon-pie-99-cbd\\\/\"]}]},{\"@type\":\"ImageObject\",\"inLanguage\":\"es\",\"@id\":\"https:\\\/\\\/www.smokershop.es\\\/index.php\\\/producto\\\/extraccion-crumble-lemon-pie-99-cbd\\\/#primaryimage\",\"url\":\"https:\\\/\\\/www.smokershop.es\\\/wp-content\\\/uploads\\\/2024\\\/02\\\/CRUMBLE.jpeg\",\"contentUrl\":\"https:\\\/\\\/www.smokershop.es\\\/wp-content\\\/uploads\\\/2024\\\/02\\\/CRUMBLE.jpeg\",\"width\":625,\"height\":314,\"caption\":\"EXTRACCI\u00d3N CRUMBLE LEMON PIE 99% CBD\"},{\"@type\":\"BreadcrumbList\",\"@id\":\"https:\\\/\\\/www.smokershop.es\\\/index.php\\\/producto\\\/extraccion-crumble-lemon-pie-99-cbd\\\/#breadcrumb\",\"itemListElement\":[{\"@type\":\"ListItem\",\"position\":1,\"name\":\"Portada\",\"item\":\"https:\\\/\\\/www.smokershop.es\\\/\"},{\"@type\":\"ListItem\",\"position\":2,\"name\":\"The Shop\",\"item\":\"https:\\\/\\\/www.smokershop.es\\\/index.php\\\/shop\\\/\"},{\"@type\":\"ListItem\",\"position\":3,\"name\":\"EXTRACCI\u00d3N CRUMBLE LEMON PIE 99%CBD\"}]},{\"@type\":\"WebSite\",\"@id\":\"https:\\\/\\\/www.smokershop.es\\\/#website\",\"url\":\"https:\\\/\\\/www.smokershop.es\\\/\",\"name\":\"The Smoker&#039;s Shop\",\"description\":\"Todo para los fumadores\",\"publisher\":{\"@id\":\"https:\\\/\\\/www.smokershop.es\\\/#organization\"},\"potentialAction\":[{\"@type\":\"SearchAction\",\"target\":{\"@type\":\"EntryPoint\",\"urlTemplate\":\"https:\\\/\\\/www.smokershop.es\\\/?s={search_term_string}\"},\"query-input\":{\"@type\":\"PropertyValueSpecification\",\"valueRequired\":true,\"valueName\":\"search_term_string\"}}],\"inLanguage\":\"es\"},{\"@type\":\"Organization\",\"@id\":\"https:\\\/\\\/www.smokershop.es\\\/#organization\",\"name\":\"The Smoker&#039;s Shop\",\"url\":\"https:\\\/\\\/www.smokershop.es\\\/\",\"logo\":{\"@type\":\"ImageObject\",\"inLanguage\":\"es\",\"@id\":\"https:\\\/\\\/www.smokershop.es\\\/#\\\/schema\\\/logo\\\/image\\\/\",\"url\":\"https:\\\/\\\/www.smokershop.es\\\/wp-content\\\/uploads\\\/2023\\\/10\\\/smokershop-logo.png\",\"contentUrl\":\"https:\\\/\\\/www.smokershop.es\\\/wp-content\\\/uploads\\\/2023\\\/10\\\/smokershop-logo.png\",\"width\":1711,\"height\":752,\"caption\":\"The Smoker&#039;s Shop\"},\"image\":{\"@id\":\"https:\\\/\\\/www.smokershop.es\\\/#\\\/schema\\\/logo\\\/image\\\/\"},\"sameAs\":[\"https:\\\/\\\/www.instagram.com\\\/thesmokersshopofficial\"]}]}<\/script>\n<!-- \/ Yoast SEO plugin. -->","yoast_head_json":{"title":"EXTRACCI\u00d3N CRUMBLE LEMON PIE 99%CBD - The Smoker&#039;s Shop","description":"EXTRACCI\u00d3N CRUMBLE 99% CBD es muy potente y tiene un alto contenido de CBD, con una consistencia cerosa pero desmenuzable y una gran concentraci\u00f3n.","robots":{"index":"index","follow":"follow","max-snippet":"max-snippet:-1","max-image-preview":"max-image-preview:large","max-video-preview":"max-video-preview:-1"},"canonical":"https:\/\/www.smokershop.es\/index.php\/producto\/extraccion-crumble-lemon-pie-99-cbd\/","og_locale":"es_ES","og_type":"article","og_title":"EXTRACCI\u00d3N CRUMBLE LEMON PIE 99%CBD - The Smoker&#039;s Shop","og_description":"EXTRACCI\u00d3N CRUMBLE 99% CBD es muy potente y tiene un alto contenido de CBD, con una consistencia cerosa pero desmenuzable y una gran concentraci\u00f3n.","og_url":"https:\/\/www.smokershop.es\/index.php\/producto\/extraccion-crumble-lemon-pie-99-cbd\/","og_site_name":"The Smoker&#039;s Shop","article_modified_time":"2026-03-09T18:38:01+00:00","og_image":[{"width":625,"height":314,"url":"https:\/\/www.smokershop.es\/wp-content\/uploads\/2024\/02\/CRUMBLE.jpeg","type":"image\/jpeg"}],"twitter_card":"summary_large_image","twitter_misc":{"Tiempo de lectura":"1 minuto"},"schema":{"@context":"https:\/\/schema.org","@graph":[{"@type":"WebPage","@id":"https:\/\/www.smokershop.es\/index.php\/producto\/extraccion-crumble-lemon-pie-99-cbd\/","url":"https:\/\/www.smokershop.es\/index.php\/producto\/extraccion-crumble-lemon-pie-99-cbd\/","name":"EXTRACCI\u00d3N CRUMBLE LEMON PIE 99%CBD - The Smoker&#039;s Shop","isPartOf":{"@id":"https:\/\/www.smokershop.es\/#website"},"primaryImageOfPage":{"@id":"https:\/\/www.smokershop.es\/index.php\/producto\/extraccion-crumble-lemon-pie-99-cbd\/#primaryimage"},"image":{"@id":"https:\/\/www.smokershop.es\/index.php\/producto\/extraccion-crumble-lemon-pie-99-cbd\/#primaryimage"},"thumbnailUrl":"https:\/\/www.smokershop.es\/wp-content\/uploads\/2024\/02\/CRUMBLE.jpeg","datePublished":"2024-02-01T13:05:46+00:00","dateModified":"2026-03-09T18:38:01+00:00","description":"EXTRACCI\u00d3N CRUMBLE 99% CBD es muy potente y tiene un alto contenido de CBD, con una consistencia cerosa pero desmenuzable y una gran concentraci\u00f3n.","breadcrumb":{"@id":"https:\/\/www.smokershop.es\/index.php\/producto\/extraccion-crumble-lemon-pie-99-cbd\/#breadcrumb"},"inLanguage":"es","potentialAction":[{"@type":"ReadAction","target":["https:\/\/www.smokershop.es\/index.php\/producto\/extraccion-crumble-lemon-pie-99-cbd\/"]}]},{"@type":"ImageObject","inLanguage":"es","@id":"https:\/\/www.smokershop.es\/index.php\/producto\/extraccion-crumble-lemon-pie-99-cbd\/#primaryimage","url":"https:\/\/www.smokershop.es\/wp-content\/uploads\/2024\/02\/CRUMBLE.jpeg","contentUrl":"https:\/\/www.smokershop.es\/wp-content\/uploads\/2024\/02\/CRUMBLE.jpeg","width":625,"height":314,"caption":"EXTRACCI\u00d3N CRUMBLE LEMON PIE 99% CBD"},{"@type":"BreadcrumbList","@id":"https:\/\/www.smokershop.es\/index.php\/producto\/extraccion-crumble-lemon-pie-99-cbd\/#breadcrumb","itemListElement":[{"@type":"ListItem","position":1,"name":"Portada","item":"https:\/\/www.smokershop.es\/"},{"@type":"ListItem","position":2,"name":"The Shop","item":"https:\/\/www.smokershop.es\/index.php\/shop\/"},{"@type":"ListItem","position":3,"name":"EXTRACCI\u00d3N CRUMBLE LEMON PIE 99%CBD"}]},{"@type":"WebSite","@id":"https:\/\/www.smokershop.es\/#website","url":"https:\/\/www.smokershop.es\/","name":"The Smoker&#039;s Shop","description":"Todo para los fumadores","publisher":{"@id":"https:\/\/www.smokershop.es\/#organization"},"potentialAction":[{"@type":"SearchAction","target":{"@type":"EntryPoint","urlTemplate":"https:\/\/www.smokershop.es\/?s={search_term_string}"},"query-input":{"@type":"PropertyValueSpecification","valueRequired":true,"valueName":"search_term_string"}}],"inLanguage":"es"},{"@type":"Organization","@id":"https:\/\/www.smokershop.es\/#organization","name":"The Smoker&#039;s Shop","url":"https:\/\/www.smokershop.es\/","logo":{"@type":"ImageObject","inLanguage":"es","@id":"https:\/\/www.smokershop.es\/#\/schema\/logo\/image\/","url":"https:\/\/www.smokershop.es\/wp-content\/uploads\/2023\/10\/smokershop-logo.png","contentUrl":"https:\/\/www.smokershop.es\/wp-content\/uploads\/2023\/10\/smokershop-logo.png","width":1711,"height":752,"caption":"The Smoker&#039;s Shop"},"image":{"@id":"https:\/\/www.smokershop.es\/#\/schema\/logo\/image\/"},"sameAs":["https:\/\/www.instagram.com\/thesmokersshopofficial"]}]}},"_links":{"self":[{"href":"https:\/\/www.smokershop.es\/index.php\/wp-json\/wp\/v2\/product\/1416","targetHints":{"allow":["GET"]}}],"collection":[{"href":"https:\/\/www.smokershop.es\/index.php\/wp-json\/wp\/v2\/product"}],"about":[{"href":"https:\/\/www.smokershop.es\/index.php\/wp-json\/wp\/v2\/types\/product"}],"wp:featuredmedia":[{"embeddable":true,"href":"https:\/\/www.smokershop.es\/index.php\/wp-json\/wp\/v2\/media\/2940"}],"wp:attachment":[{"href":"https:\/\/www.smokershop.es\/index.php\/wp-json\/wp\/v2\/media?parent=1416"}],"wp:term":[{"taxonomy":"product_brand","embeddable":true,"href":"https:\/\/www.smokershop.es\/index.php\/wp-json\/wp\/v2\/product_brand?post=1416"},{"taxonomy":"product_cat","embeddable":true,"href":"https:\/\/www.smokershop.es\/index.php\/wp-json\/wp\/v2\/product_cat?post=1416"},{"taxonomy":"product_tag","embeddable":true,"href":"https:\/\/www.smokershop.es\/index.php\/wp-json\/wp\/v2\/product_tag?post=1416"}],"curies":[{"name":"wp","href":"https:\/\/api.w.org\/{rel}","templated":true}]}}