{"id":1433,"date":"2024-02-05T12:41:02","date_gmt":"2024-02-05T11:41:02","guid":{"rendered":"https:\/\/www.smokershop.es\/?post_type=product&#038;p=1433"},"modified":"2026-04-24T13:11:05","modified_gmt":"2026-04-24T11:11:05","slug":"small-bud-invernadero-envase-50g","status":"publish","type":"product","link":"https:\/\/www.smokershop.es\/index.php\/producto\/small-bud-invernadero-envase-50g\/","title":{"rendered":"SMALL BUD INVERNADERO ENVASE 50G"},"content":{"rendered":"<p>SMALL BUD INVERNADERO ENVASE 50G<\/p>\n<p>Descubre nuestro envases de 50 gramos de small bud de invernadero, la opci\u00f3n m\u00e1s econ\u00f3mica de todas.<\/p>\n<p>Disfruta de una selecci\u00f3n de cogollos peque\u00f1os de flores de cultivadas en invernadero. Contamos con una gran selecci\u00f3n de diferentes gen\u00e9ticas para que nuestros clientes encuentren la que m\u00e1s se ajusta a sus gustos y necesidades. Nuestra selecci\u00f3n de cogollos peque\u00f1os de flores invernadero te ofrece una experiencia \u00fanica de CBD. Cultivados en ambientes controlados, estos cogollos ofrecen una calidad excepcional y un sabor intenso y fresco. Disfruta de sus efectos relajantes y calmantes en cualquier momento del d\u00eda a un precio inmejorable.<\/p>\n<p>Uso externo, producto decorativo. No inhalar, Semilla certificada UE seg\u00fan real decreto 1729\/1999. Todos los productos comercializados por Thecbdstar cumplen con las leyes europeas sobre el cultivo de c\u00e1\u00f1amo. Para seguir cumpliendo con la legislaci\u00f3n vigente, nuestra empresa no defiende las virtudes terap\u00e9uticas de los productos que comercializamos. NO APTO USO HUMANO.<\/p>\n<p>-BIOMASA DECORATIVA, lot: fh30062114cartellino b30497202000003 canapa Carmagnola n974400541939 THC INFERIOR AL 0,2%, SEMILLA CERTIFICADA POR LA UE. CONFORME REAL DECRETO 1729\/1999 Y EU 1307\/2013. PRODUCTO NO PSICOACTIVO. NO APTO CONSUMO HUMANO PRODUCIDO EN ITALIA.<\/p>\n","protected":false},"excerpt":{"rendered":"<ul>\n<li>Envase de 50 gramos.<\/li>\n<li>Cultivadas en invernadero y lavadas para mantener el limite de THC inferior al 0,2%.<\/li>\n<li>Porcentaje CBD +\/- 6%.<\/li>\n<li>Porcentaje THC &lt;0,2%.<\/li>\n<li>Modo de cultivo: Invernadero.<\/li>\n<\/ul>\n<ul>\n<li style=\"list-style-type: none;\">\n<ul>\n<li><strong>\u2b07\ufe0f PRECIOS MAYORISTA PARA PROFESIONALES \u2b07\ufe0f<\/strong><\/li>\n<\/ul>\n<\/li>\n<\/ul>\n<p style=\"padding-left: 200px;\"><strong><a href=\"https:\/\/www.smokershop.es\/index.php\/register\/\" target=\"_blank\" rel=\"noopener\">\ud83d\udc49 REGISTRATE AQUI \ud83d\udc48<\/a><\/strong><\/p>\n","protected":false},"featured_media":2956,"template":"","meta":{"_joinchat":[]},"product_brand":[],"product_cat":[56,58],"product_tag":[],"class_list":{"0":"post-1433","1":"product","2":"type-product","3":"status-publish","4":"has-post-thumbnail","6":"product_cat-cbd","7":"product_cat-invernadero","9":"first","10":"instock","11":"taxable","12":"shipping-taxable","13":"purchasable","14":"product-type-variable","15":"has-default-attributes"},"yoast_head":"<!-- This site is optimized with the Yoast SEO plugin v27.4 - https:\/\/yoast.com\/product\/yoast-seo-wordpress\/ -->\n<title>SMALL BUD INVERNADERO ENVASE 50G - The Smoker&#039;s Shop<\/title>\n<meta name=\"description\" content=\"SMALL BUD INVERNADERO ENVASE 50G son una selecci\u00f3n de cogollos peque\u00f1os de nuestras gen\u00e9ticas cultivadas en invernadero a un precio excepcional.\" \/>\n<meta name=\"robots\" content=\"index, follow, max-snippet:-1, max-image-preview:large, max-video-preview:-1\" \/>\n<link rel=\"canonical\" href=\"https:\/\/www.smokershop.es\/index.php\/producto\/small-bud-invernadero-envase-50g\/\" \/>\n<meta property=\"og:locale\" content=\"es_ES\" \/>\n<meta property=\"og:type\" content=\"article\" \/>\n<meta property=\"og:title\" content=\"SMALL BUD INVERNADERO ENVASE 50G - The Smoker&#039;s Shop\" \/>\n<meta property=\"og:description\" content=\"SMALL BUD INVERNADERO ENVASE 50G son una selecci\u00f3n de cogollos peque\u00f1os de nuestras gen\u00e9ticas cultivadas en invernadero a un precio excepcional.\" \/>\n<meta property=\"og:url\" content=\"https:\/\/www.smokershop.es\/index.php\/producto\/small-bud-invernadero-envase-50g\/\" \/>\n<meta property=\"og:site_name\" content=\"The Smoker&#039;s Shop\" \/>\n<meta property=\"article:modified_time\" content=\"2026-04-24T11:11:05+00:00\" \/>\n<meta property=\"og:image\" content=\"https:\/\/www.smokershop.es\/wp-content\/uploads\/2024\/02\/inv50g.jpeg\" \/>\n\t<meta property=\"og:image:width\" content=\"500\" \/>\n\t<meta property=\"og:image:height\" content=\"500\" \/>\n\t<meta property=\"og:image:type\" content=\"image\/jpeg\" \/>\n<meta name=\"twitter:card\" content=\"summary_large_image\" \/>\n<meta name=\"twitter:label1\" content=\"Tiempo de lectura\" \/>\n\t<meta name=\"twitter:data1\" content=\"2 minutos\" \/>\n<script type=\"application\/ld+json\" class=\"yoast-schema-graph\">{\"@context\":\"https:\\\/\\\/schema.org\",\"@graph\":[{\"@type\":\"WebPage\",\"@id\":\"https:\\\/\\\/www.smokershop.es\\\/index.php\\\/producto\\\/small-bud-invernadero-envase-50g\\\/\",\"url\":\"https:\\\/\\\/www.smokershop.es\\\/index.php\\\/producto\\\/small-bud-invernadero-envase-50g\\\/\",\"name\":\"SMALL BUD INVERNADERO ENVASE 50G - The Smoker&#039;s Shop\",\"isPartOf\":{\"@id\":\"https:\\\/\\\/www.smokershop.es\\\/#website\"},\"primaryImageOfPage\":{\"@id\":\"https:\\\/\\\/www.smokershop.es\\\/index.php\\\/producto\\\/small-bud-invernadero-envase-50g\\\/#primaryimage\"},\"image\":{\"@id\":\"https:\\\/\\\/www.smokershop.es\\\/index.php\\\/producto\\\/small-bud-invernadero-envase-50g\\\/#primaryimage\"},\"thumbnailUrl\":\"https:\\\/\\\/www.smokershop.es\\\/wp-content\\\/uploads\\\/2024\\\/02\\\/inv50g.jpeg\",\"datePublished\":\"2024-02-05T11:41:02+00:00\",\"dateModified\":\"2026-04-24T11:11:05+00:00\",\"description\":\"SMALL BUD INVERNADERO ENVASE 50G son una selecci\u00f3n de cogollos peque\u00f1os de nuestras gen\u00e9ticas cultivadas en invernadero a un precio excepcional.\",\"breadcrumb\":{\"@id\":\"https:\\\/\\\/www.smokershop.es\\\/index.php\\\/producto\\\/small-bud-invernadero-envase-50g\\\/#breadcrumb\"},\"inLanguage\":\"es\",\"potentialAction\":[{\"@type\":\"ReadAction\",\"target\":[\"https:\\\/\\\/www.smokershop.es\\\/index.php\\\/producto\\\/small-bud-invernadero-envase-50g\\\/\"]}]},{\"@type\":\"ImageObject\",\"inLanguage\":\"es\",\"@id\":\"https:\\\/\\\/www.smokershop.es\\\/index.php\\\/producto\\\/small-bud-invernadero-envase-50g\\\/#primaryimage\",\"url\":\"https:\\\/\\\/www.smokershop.es\\\/wp-content\\\/uploads\\\/2024\\\/02\\\/inv50g.jpeg\",\"contentUrl\":\"https:\\\/\\\/www.smokershop.es\\\/wp-content\\\/uploads\\\/2024\\\/02\\\/inv50g.jpeg\",\"width\":500,\"height\":500,\"caption\":\"SMALL B UD INVERNADERO ENVASE 50G\"},{\"@type\":\"BreadcrumbList\",\"@id\":\"https:\\\/\\\/www.smokershop.es\\\/index.php\\\/producto\\\/small-bud-invernadero-envase-50g\\\/#breadcrumb\",\"itemListElement\":[{\"@type\":\"ListItem\",\"position\":1,\"name\":\"Portada\",\"item\":\"https:\\\/\\\/www.smokershop.es\\\/\"},{\"@type\":\"ListItem\",\"position\":2,\"name\":\"The Shop\",\"item\":\"https:\\\/\\\/www.smokershop.es\\\/index.php\\\/shop\\\/\"},{\"@type\":\"ListItem\",\"position\":3,\"name\":\"SMALL BUD INVERNADERO ENVASE 50G\"}]},{\"@type\":\"WebSite\",\"@id\":\"https:\\\/\\\/www.smokershop.es\\\/#website\",\"url\":\"https:\\\/\\\/www.smokershop.es\\\/\",\"name\":\"The Smoker&#039;s Shop\",\"description\":\"Todo para los fumadores\",\"publisher\":{\"@id\":\"https:\\\/\\\/www.smokershop.es\\\/#organization\"},\"potentialAction\":[{\"@type\":\"SearchAction\",\"target\":{\"@type\":\"EntryPoint\",\"urlTemplate\":\"https:\\\/\\\/www.smokershop.es\\\/?s={search_term_string}\"},\"query-input\":{\"@type\":\"PropertyValueSpecification\",\"valueRequired\":true,\"valueName\":\"search_term_string\"}}],\"inLanguage\":\"es\"},{\"@type\":\"Organization\",\"@id\":\"https:\\\/\\\/www.smokershop.es\\\/#organization\",\"name\":\"The Smoker&#039;s Shop\",\"url\":\"https:\\\/\\\/www.smokershop.es\\\/\",\"logo\":{\"@type\":\"ImageObject\",\"inLanguage\":\"es\",\"@id\":\"https:\\\/\\\/www.smokershop.es\\\/#\\\/schema\\\/logo\\\/image\\\/\",\"url\":\"https:\\\/\\\/www.smokershop.es\\\/wp-content\\\/uploads\\\/2023\\\/10\\\/smokershop-logo.png\",\"contentUrl\":\"https:\\\/\\\/www.smokershop.es\\\/wp-content\\\/uploads\\\/2023\\\/10\\\/smokershop-logo.png\",\"width\":1711,\"height\":752,\"caption\":\"The Smoker&#039;s Shop\"},\"image\":{\"@id\":\"https:\\\/\\\/www.smokershop.es\\\/#\\\/schema\\\/logo\\\/image\\\/\"},\"sameAs\":[\"https:\\\/\\\/www.instagram.com\\\/thesmokersshopofficial\"]}]}<\/script>\n<!-- \/ Yoast SEO plugin. -->","yoast_head_json":{"title":"SMALL BUD INVERNADERO ENVASE 50G - The Smoker&#039;s Shop","description":"SMALL BUD INVERNADERO ENVASE 50G son una selecci\u00f3n de cogollos peque\u00f1os de nuestras gen\u00e9ticas cultivadas en invernadero a un precio excepcional.","robots":{"index":"index","follow":"follow","max-snippet":"max-snippet:-1","max-image-preview":"max-image-preview:large","max-video-preview":"max-video-preview:-1"},"canonical":"https:\/\/www.smokershop.es\/index.php\/producto\/small-bud-invernadero-envase-50g\/","og_locale":"es_ES","og_type":"article","og_title":"SMALL BUD INVERNADERO ENVASE 50G - The Smoker&#039;s Shop","og_description":"SMALL BUD INVERNADERO ENVASE 50G son una selecci\u00f3n de cogollos peque\u00f1os de nuestras gen\u00e9ticas cultivadas en invernadero a un precio excepcional.","og_url":"https:\/\/www.smokershop.es\/index.php\/producto\/small-bud-invernadero-envase-50g\/","og_site_name":"The Smoker&#039;s Shop","article_modified_time":"2026-04-24T11:11:05+00:00","og_image":[{"width":500,"height":500,"url":"https:\/\/www.smokershop.es\/wp-content\/uploads\/2024\/02\/inv50g.jpeg","type":"image\/jpeg"}],"twitter_card":"summary_large_image","twitter_misc":{"Tiempo de lectura":"2 minutos"},"schema":{"@context":"https:\/\/schema.org","@graph":[{"@type":"WebPage","@id":"https:\/\/www.smokershop.es\/index.php\/producto\/small-bud-invernadero-envase-50g\/","url":"https:\/\/www.smokershop.es\/index.php\/producto\/small-bud-invernadero-envase-50g\/","name":"SMALL BUD INVERNADERO ENVASE 50G - The Smoker&#039;s Shop","isPartOf":{"@id":"https:\/\/www.smokershop.es\/#website"},"primaryImageOfPage":{"@id":"https:\/\/www.smokershop.es\/index.php\/producto\/small-bud-invernadero-envase-50g\/#primaryimage"},"image":{"@id":"https:\/\/www.smokershop.es\/index.php\/producto\/small-bud-invernadero-envase-50g\/#primaryimage"},"thumbnailUrl":"https:\/\/www.smokershop.es\/wp-content\/uploads\/2024\/02\/inv50g.jpeg","datePublished":"2024-02-05T11:41:02+00:00","dateModified":"2026-04-24T11:11:05+00:00","description":"SMALL BUD INVERNADERO ENVASE 50G son una selecci\u00f3n de cogollos peque\u00f1os de nuestras gen\u00e9ticas cultivadas en invernadero a un precio excepcional.","breadcrumb":{"@id":"https:\/\/www.smokershop.es\/index.php\/producto\/small-bud-invernadero-envase-50g\/#breadcrumb"},"inLanguage":"es","potentialAction":[{"@type":"ReadAction","target":["https:\/\/www.smokershop.es\/index.php\/producto\/small-bud-invernadero-envase-50g\/"]}]},{"@type":"ImageObject","inLanguage":"es","@id":"https:\/\/www.smokershop.es\/index.php\/producto\/small-bud-invernadero-envase-50g\/#primaryimage","url":"https:\/\/www.smokershop.es\/wp-content\/uploads\/2024\/02\/inv50g.jpeg","contentUrl":"https:\/\/www.smokershop.es\/wp-content\/uploads\/2024\/02\/inv50g.jpeg","width":500,"height":500,"caption":"SMALL B UD INVERNADERO ENVASE 50G"},{"@type":"BreadcrumbList","@id":"https:\/\/www.smokershop.es\/index.php\/producto\/small-bud-invernadero-envase-50g\/#breadcrumb","itemListElement":[{"@type":"ListItem","position":1,"name":"Portada","item":"https:\/\/www.smokershop.es\/"},{"@type":"ListItem","position":2,"name":"The Shop","item":"https:\/\/www.smokershop.es\/index.php\/shop\/"},{"@type":"ListItem","position":3,"name":"SMALL BUD INVERNADERO ENVASE 50G"}]},{"@type":"WebSite","@id":"https:\/\/www.smokershop.es\/#website","url":"https:\/\/www.smokershop.es\/","name":"The Smoker&#039;s Shop","description":"Todo para los fumadores","publisher":{"@id":"https:\/\/www.smokershop.es\/#organization"},"potentialAction":[{"@type":"SearchAction","target":{"@type":"EntryPoint","urlTemplate":"https:\/\/www.smokershop.es\/?s={search_term_string}"},"query-input":{"@type":"PropertyValueSpecification","valueRequired":true,"valueName":"search_term_string"}}],"inLanguage":"es"},{"@type":"Organization","@id":"https:\/\/www.smokershop.es\/#organization","name":"The Smoker&#039;s Shop","url":"https:\/\/www.smokershop.es\/","logo":{"@type":"ImageObject","inLanguage":"es","@id":"https:\/\/www.smokershop.es\/#\/schema\/logo\/image\/","url":"https:\/\/www.smokershop.es\/wp-content\/uploads\/2023\/10\/smokershop-logo.png","contentUrl":"https:\/\/www.smokershop.es\/wp-content\/uploads\/2023\/10\/smokershop-logo.png","width":1711,"height":752,"caption":"The Smoker&#039;s Shop"},"image":{"@id":"https:\/\/www.smokershop.es\/#\/schema\/logo\/image\/"},"sameAs":["https:\/\/www.instagram.com\/thesmokersshopofficial"]}]}},"_links":{"self":[{"href":"https:\/\/www.smokershop.es\/index.php\/wp-json\/wp\/v2\/product\/1433","targetHints":{"allow":["GET"]}}],"collection":[{"href":"https:\/\/www.smokershop.es\/index.php\/wp-json\/wp\/v2\/product"}],"about":[{"href":"https:\/\/www.smokershop.es\/index.php\/wp-json\/wp\/v2\/types\/product"}],"wp:featuredmedia":[{"embeddable":true,"href":"https:\/\/www.smokershop.es\/index.php\/wp-json\/wp\/v2\/media\/2956"}],"wp:attachment":[{"href":"https:\/\/www.smokershop.es\/index.php\/wp-json\/wp\/v2\/media?parent=1433"}],"wp:term":[{"taxonomy":"product_brand","embeddable":true,"href":"https:\/\/www.smokershop.es\/index.php\/wp-json\/wp\/v2\/product_brand?post=1433"},{"taxonomy":"product_cat","embeddable":true,"href":"https:\/\/www.smokershop.es\/index.php\/wp-json\/wp\/v2\/product_cat?post=1433"},{"taxonomy":"product_tag","embeddable":true,"href":"https:\/\/www.smokershop.es\/index.php\/wp-json\/wp\/v2\/product_tag?post=1433"}],"curies":[{"name":"wp","href":"https:\/\/api.w.org\/{rel}","templated":true}]}}