{"id":1579,"date":"2024-02-08T14:21:14","date_gmt":"2024-02-08T13:21:14","guid":{"rendered":"https:\/\/www.smokershop.es\/?post_type=product&#038;p=1579"},"modified":"2025-06-16T19:24:17","modified_gmt":"2025-06-16T17:24:17","slug":"pack-1-1-4-munchies-unbleached","status":"publish","type":"product","link":"https:\/\/www.smokershop.es\/index.php\/producto\/pack-1-1-4-munchies-unbleached\/","title":{"rendered":"PACK 1 1\/4 MUNCHIES UNBLEACHED"},"content":{"rendered":"<p>PACK 1 1\/4 MUNCHIES UNBLEACHED<\/p>\n<p>El Munchies Pack 1 \u00bc unbleached, es otro de los modelos disponibles que encontrar\u00e1s dentro de la marca Monkey King.<\/p>\n<p>Con un librillo de 50 papeles de 1 \u00bc, marr\u00f3n, sin blanquear, sin colorantes ni aditivos, hecho a partir de fibras vegetales y con goma ar\u00e1biga 100% natural, de una gran calidad. Unido a sus 50 filtros de cart\u00f3n, de 140 gramos, troquelados para facilitar su uso y forma y mejorar el filtrado. Es un producto completo y practico, que resultara de lo m\u00e1s \u00fatil para aquellos fumadores que deseen llevar todo lo necesario para disfrutar de sus hierbas favoritas, en un solo librillo.<\/p>\n<p>A parte de su gran calidad Monkey King ofrece unos dise\u00f1os incre\u00edbles, el Pack Munchies es solo uno de los muchos modelos entre los que podr\u00e1s escoger.<\/p>\n","protected":false},"excerpt":{"rendered":"<ul>\n<li>Papel 1 1\/4 marr\u00f3n sin blanquear<\/li>\n<li>Tama\u00f1o 76 mm X 44 mm<\/li>\n<li>50 hojas por librillo<\/li>\n<li>25 Filtros dobles de carto\u0301n de 140 gr con troquelado<\/li>\n<li>24 unidades por caja<\/li>\n<\/ul>\n<ul>\n<li style=\"list-style-type: none\">\u00a0<\/li>\n<\/ul>\n<ul>\n<li style=\"list-style-type: none\">\u00a0<\/li>\n<\/ul>\n<p>\u00a0<\/p>\n","protected":false},"featured_media":1702,"template":"","meta":{"_joinchat":[]},"product_brand":[],"product_cat":[65,41,40],"product_tag":[],"class_list":{"0":"post-1579","1":"product","2":"type-product","3":"status-publish","4":"has-post-thumbnail","6":"product_cat-1-1-4","7":"product_cat-papel-1-4","8":"product_cat-papel-de-fumar","10":"first","11":"instock","12":"taxable","13":"shipping-taxable","14":"purchasable","15":"product-type-simple"},"yoast_head":"<!-- This site is optimized with the Yoast SEO plugin v27.4 - https:\/\/yoast.com\/product\/yoast-seo-wordpress\/ -->\n<title>PACK 1 1\/4 MUNCHIES UNBLEACHED - The Smoker&#039;s Shop<\/title>\n<meta name=\"description\" content=\"PACK 1 1\/4 MUNCHIES UNBLEACHED re\u00fane todo lo necesario en un solo librillo, 50 hojas de papel marr\u00f3n sin blanquear y 50 filtros troquelados de cart\u00f3n.\" \/>\n<meta name=\"robots\" content=\"index, follow, max-snippet:-1, max-image-preview:large, max-video-preview:-1\" \/>\n<link rel=\"canonical\" href=\"https:\/\/www.smokershop.es\/index.php\/producto\/pack-1-1-4-munchies-unbleached\/\" \/>\n<meta property=\"og:locale\" content=\"es_ES\" \/>\n<meta property=\"og:type\" content=\"article\" \/>\n<meta property=\"og:title\" content=\"PACK 1 1\/4 MUNCHIES UNBLEACHED - The Smoker&#039;s Shop\" \/>\n<meta property=\"og:description\" content=\"PACK 1 1\/4 MUNCHIES UNBLEACHED re\u00fane todo lo necesario en un solo librillo, 50 hojas de papel marr\u00f3n sin blanquear y 50 filtros troquelados de cart\u00f3n.\" \/>\n<meta property=\"og:url\" content=\"https:\/\/www.smokershop.es\/index.php\/producto\/pack-1-1-4-munchies-unbleached\/\" \/>\n<meta property=\"og:site_name\" content=\"The Smoker&#039;s Shop\" \/>\n<meta property=\"article:modified_time\" content=\"2025-06-16T17:24:17+00:00\" \/>\n<meta property=\"og:image\" content=\"https:\/\/www.smokershop.es\/wp-content\/uploads\/2024\/02\/pack-1-1-4-munchies-unbleached.jpg\" \/>\n\t<meta property=\"og:image:width\" content=\"600\" \/>\n\t<meta property=\"og:image:height\" content=\"600\" \/>\n\t<meta property=\"og:image:type\" content=\"image\/jpeg\" \/>\n<meta name=\"twitter:card\" content=\"summary_large_image\" \/>\n<meta name=\"twitter:label1\" content=\"Tiempo de lectura\" \/>\n\t<meta name=\"twitter:data1\" content=\"1 minuto\" \/>\n<script type=\"application\/ld+json\" class=\"yoast-schema-graph\">{\"@context\":\"https:\\\/\\\/schema.org\",\"@graph\":[{\"@type\":\"WebPage\",\"@id\":\"https:\\\/\\\/www.smokershop.es\\\/index.php\\\/producto\\\/pack-1-1-4-munchies-unbleached\\\/\",\"url\":\"https:\\\/\\\/www.smokershop.es\\\/index.php\\\/producto\\\/pack-1-1-4-munchies-unbleached\\\/\",\"name\":\"PACK 1 1\\\/4 MUNCHIES UNBLEACHED - The Smoker&#039;s Shop\",\"isPartOf\":{\"@id\":\"https:\\\/\\\/www.smokershop.es\\\/#website\"},\"primaryImageOfPage\":{\"@id\":\"https:\\\/\\\/www.smokershop.es\\\/index.php\\\/producto\\\/pack-1-1-4-munchies-unbleached\\\/#primaryimage\"},\"image\":{\"@id\":\"https:\\\/\\\/www.smokershop.es\\\/index.php\\\/producto\\\/pack-1-1-4-munchies-unbleached\\\/#primaryimage\"},\"thumbnailUrl\":\"https:\\\/\\\/www.smokershop.es\\\/wp-content\\\/uploads\\\/2024\\\/02\\\/pack-1-1-4-munchies-unbleached.jpg\",\"datePublished\":\"2024-02-08T13:21:14+00:00\",\"dateModified\":\"2025-06-16T17:24:17+00:00\",\"description\":\"PACK 1 1\\\/4 MUNCHIES UNBLEACHED re\u00fane todo lo necesario en un solo librillo, 50 hojas de papel marr\u00f3n sin blanquear y 50 filtros troquelados de cart\u00f3n.\",\"breadcrumb\":{\"@id\":\"https:\\\/\\\/www.smokershop.es\\\/index.php\\\/producto\\\/pack-1-1-4-munchies-unbleached\\\/#breadcrumb\"},\"inLanguage\":\"es\",\"potentialAction\":[{\"@type\":\"ReadAction\",\"target\":[\"https:\\\/\\\/www.smokershop.es\\\/index.php\\\/producto\\\/pack-1-1-4-munchies-unbleached\\\/\"]}]},{\"@type\":\"ImageObject\",\"inLanguage\":\"es\",\"@id\":\"https:\\\/\\\/www.smokershop.es\\\/index.php\\\/producto\\\/pack-1-1-4-munchies-unbleached\\\/#primaryimage\",\"url\":\"https:\\\/\\\/www.smokershop.es\\\/wp-content\\\/uploads\\\/2024\\\/02\\\/pack-1-1-4-munchies-unbleached.jpg\",\"contentUrl\":\"https:\\\/\\\/www.smokershop.es\\\/wp-content\\\/uploads\\\/2024\\\/02\\\/pack-1-1-4-munchies-unbleached.jpg\",\"width\":600,\"height\":600},{\"@type\":\"BreadcrumbList\",\"@id\":\"https:\\\/\\\/www.smokershop.es\\\/index.php\\\/producto\\\/pack-1-1-4-munchies-unbleached\\\/#breadcrumb\",\"itemListElement\":[{\"@type\":\"ListItem\",\"position\":1,\"name\":\"Portada\",\"item\":\"https:\\\/\\\/www.smokershop.es\\\/\"},{\"@type\":\"ListItem\",\"position\":2,\"name\":\"The Shop\",\"item\":\"https:\\\/\\\/www.smokershop.es\\\/index.php\\\/shop\\\/\"},{\"@type\":\"ListItem\",\"position\":3,\"name\":\"PACK 1 1\\\/4 MUNCHIES UNBLEACHED\"}]},{\"@type\":\"WebSite\",\"@id\":\"https:\\\/\\\/www.smokershop.es\\\/#website\",\"url\":\"https:\\\/\\\/www.smokershop.es\\\/\",\"name\":\"The Smoker&#039;s Shop\",\"description\":\"Todo para los fumadores\",\"publisher\":{\"@id\":\"https:\\\/\\\/www.smokershop.es\\\/#organization\"},\"potentialAction\":[{\"@type\":\"SearchAction\",\"target\":{\"@type\":\"EntryPoint\",\"urlTemplate\":\"https:\\\/\\\/www.smokershop.es\\\/?s={search_term_string}\"},\"query-input\":{\"@type\":\"PropertyValueSpecification\",\"valueRequired\":true,\"valueName\":\"search_term_string\"}}],\"inLanguage\":\"es\"},{\"@type\":\"Organization\",\"@id\":\"https:\\\/\\\/www.smokershop.es\\\/#organization\",\"name\":\"The Smoker&#039;s Shop\",\"url\":\"https:\\\/\\\/www.smokershop.es\\\/\",\"logo\":{\"@type\":\"ImageObject\",\"inLanguage\":\"es\",\"@id\":\"https:\\\/\\\/www.smokershop.es\\\/#\\\/schema\\\/logo\\\/image\\\/\",\"url\":\"https:\\\/\\\/www.smokershop.es\\\/wp-content\\\/uploads\\\/2023\\\/10\\\/smokershop-logo.png\",\"contentUrl\":\"https:\\\/\\\/www.smokershop.es\\\/wp-content\\\/uploads\\\/2023\\\/10\\\/smokershop-logo.png\",\"width\":1711,\"height\":752,\"caption\":\"The Smoker&#039;s Shop\"},\"image\":{\"@id\":\"https:\\\/\\\/www.smokershop.es\\\/#\\\/schema\\\/logo\\\/image\\\/\"},\"sameAs\":[\"https:\\\/\\\/www.instagram.com\\\/thesmokersshopofficial\"]}]}<\/script>\n<!-- \/ Yoast SEO plugin. -->","yoast_head_json":{"title":"PACK 1 1\/4 MUNCHIES UNBLEACHED - The Smoker&#039;s Shop","description":"PACK 1 1\/4 MUNCHIES UNBLEACHED re\u00fane todo lo necesario en un solo librillo, 50 hojas de papel marr\u00f3n sin blanquear y 50 filtros troquelados de cart\u00f3n.","robots":{"index":"index","follow":"follow","max-snippet":"max-snippet:-1","max-image-preview":"max-image-preview:large","max-video-preview":"max-video-preview:-1"},"canonical":"https:\/\/www.smokershop.es\/index.php\/producto\/pack-1-1-4-munchies-unbleached\/","og_locale":"es_ES","og_type":"article","og_title":"PACK 1 1\/4 MUNCHIES UNBLEACHED - The Smoker&#039;s Shop","og_description":"PACK 1 1\/4 MUNCHIES UNBLEACHED re\u00fane todo lo necesario en un solo librillo, 50 hojas de papel marr\u00f3n sin blanquear y 50 filtros troquelados de cart\u00f3n.","og_url":"https:\/\/www.smokershop.es\/index.php\/producto\/pack-1-1-4-munchies-unbleached\/","og_site_name":"The Smoker&#039;s Shop","article_modified_time":"2025-06-16T17:24:17+00:00","og_image":[{"width":600,"height":600,"url":"https:\/\/www.smokershop.es\/wp-content\/uploads\/2024\/02\/pack-1-1-4-munchies-unbleached.jpg","type":"image\/jpeg"}],"twitter_card":"summary_large_image","twitter_misc":{"Tiempo de lectura":"1 minuto"},"schema":{"@context":"https:\/\/schema.org","@graph":[{"@type":"WebPage","@id":"https:\/\/www.smokershop.es\/index.php\/producto\/pack-1-1-4-munchies-unbleached\/","url":"https:\/\/www.smokershop.es\/index.php\/producto\/pack-1-1-4-munchies-unbleached\/","name":"PACK 1 1\/4 MUNCHIES UNBLEACHED - The Smoker&#039;s Shop","isPartOf":{"@id":"https:\/\/www.smokershop.es\/#website"},"primaryImageOfPage":{"@id":"https:\/\/www.smokershop.es\/index.php\/producto\/pack-1-1-4-munchies-unbleached\/#primaryimage"},"image":{"@id":"https:\/\/www.smokershop.es\/index.php\/producto\/pack-1-1-4-munchies-unbleached\/#primaryimage"},"thumbnailUrl":"https:\/\/www.smokershop.es\/wp-content\/uploads\/2024\/02\/pack-1-1-4-munchies-unbleached.jpg","datePublished":"2024-02-08T13:21:14+00:00","dateModified":"2025-06-16T17:24:17+00:00","description":"PACK 1 1\/4 MUNCHIES UNBLEACHED re\u00fane todo lo necesario en un solo librillo, 50 hojas de papel marr\u00f3n sin blanquear y 50 filtros troquelados de cart\u00f3n.","breadcrumb":{"@id":"https:\/\/www.smokershop.es\/index.php\/producto\/pack-1-1-4-munchies-unbleached\/#breadcrumb"},"inLanguage":"es","potentialAction":[{"@type":"ReadAction","target":["https:\/\/www.smokershop.es\/index.php\/producto\/pack-1-1-4-munchies-unbleached\/"]}]},{"@type":"ImageObject","inLanguage":"es","@id":"https:\/\/www.smokershop.es\/index.php\/producto\/pack-1-1-4-munchies-unbleached\/#primaryimage","url":"https:\/\/www.smokershop.es\/wp-content\/uploads\/2024\/02\/pack-1-1-4-munchies-unbleached.jpg","contentUrl":"https:\/\/www.smokershop.es\/wp-content\/uploads\/2024\/02\/pack-1-1-4-munchies-unbleached.jpg","width":600,"height":600},{"@type":"BreadcrumbList","@id":"https:\/\/www.smokershop.es\/index.php\/producto\/pack-1-1-4-munchies-unbleached\/#breadcrumb","itemListElement":[{"@type":"ListItem","position":1,"name":"Portada","item":"https:\/\/www.smokershop.es\/"},{"@type":"ListItem","position":2,"name":"The Shop","item":"https:\/\/www.smokershop.es\/index.php\/shop\/"},{"@type":"ListItem","position":3,"name":"PACK 1 1\/4 MUNCHIES UNBLEACHED"}]},{"@type":"WebSite","@id":"https:\/\/www.smokershop.es\/#website","url":"https:\/\/www.smokershop.es\/","name":"The Smoker&#039;s Shop","description":"Todo para los fumadores","publisher":{"@id":"https:\/\/www.smokershop.es\/#organization"},"potentialAction":[{"@type":"SearchAction","target":{"@type":"EntryPoint","urlTemplate":"https:\/\/www.smokershop.es\/?s={search_term_string}"},"query-input":{"@type":"PropertyValueSpecification","valueRequired":true,"valueName":"search_term_string"}}],"inLanguage":"es"},{"@type":"Organization","@id":"https:\/\/www.smokershop.es\/#organization","name":"The Smoker&#039;s Shop","url":"https:\/\/www.smokershop.es\/","logo":{"@type":"ImageObject","inLanguage":"es","@id":"https:\/\/www.smokershop.es\/#\/schema\/logo\/image\/","url":"https:\/\/www.smokershop.es\/wp-content\/uploads\/2023\/10\/smokershop-logo.png","contentUrl":"https:\/\/www.smokershop.es\/wp-content\/uploads\/2023\/10\/smokershop-logo.png","width":1711,"height":752,"caption":"The Smoker&#039;s Shop"},"image":{"@id":"https:\/\/www.smokershop.es\/#\/schema\/logo\/image\/"},"sameAs":["https:\/\/www.instagram.com\/thesmokersshopofficial"]}]}},"_links":{"self":[{"href":"https:\/\/www.smokershop.es\/index.php\/wp-json\/wp\/v2\/product\/1579","targetHints":{"allow":["GET"]}}],"collection":[{"href":"https:\/\/www.smokershop.es\/index.php\/wp-json\/wp\/v2\/product"}],"about":[{"href":"https:\/\/www.smokershop.es\/index.php\/wp-json\/wp\/v2\/types\/product"}],"wp:featuredmedia":[{"embeddable":true,"href":"https:\/\/www.smokershop.es\/index.php\/wp-json\/wp\/v2\/media\/1702"}],"wp:attachment":[{"href":"https:\/\/www.smokershop.es\/index.php\/wp-json\/wp\/v2\/media?parent=1579"}],"wp:term":[{"taxonomy":"product_brand","embeddable":true,"href":"https:\/\/www.smokershop.es\/index.php\/wp-json\/wp\/v2\/product_brand?post=1579"},{"taxonomy":"product_cat","embeddable":true,"href":"https:\/\/www.smokershop.es\/index.php\/wp-json\/wp\/v2\/product_cat?post=1579"},{"taxonomy":"product_tag","embeddable":true,"href":"https:\/\/www.smokershop.es\/index.php\/wp-json\/wp\/v2\/product_tag?post=1579"}],"curies":[{"name":"wp","href":"https:\/\/api.w.org\/{rel}","templated":true}]}}