{"id":1616,"date":"2024-02-14T13:40:31","date_gmt":"2024-02-14T12:40:31","guid":{"rendered":"https:\/\/www.smokershop.es\/?post_type=product&#038;p=1616"},"modified":"2025-11-20T02:34:46","modified_gmt":"2025-11-20T01:34:46","slug":"pack-smell-pop-corn-monkey","status":"publish","type":"product","link":"https:\/\/www.smokershop.es\/index.php\/producto\/pack-smell-pop-corn-monkey\/","title":{"rendered":"PACK SMELL POP CORN MONKEY"},"content":{"rendered":"<p>PACK SMELL POP CORN MONKEY<\/p>\n<p>\u00bf Cual es tu favorito?<\/p>\n<p>Descubre los diferentes modelos de la gama Smell de Monkey King, no te dejaran indiferente.<\/p>\n<p>El Monkey Pack Smell Pop Corn tiene un irresistible olor a palomitas que te volver\u00e1 loco, se te har\u00e1 la boca agua.<\/p>\n<p>Con un envase perfumado para que frotes y te limpies las manos, dej\u00e1ndolas con este rico aroma a palomitas el Pop Corn es una de las diferentes variedades que podr\u00e1s encontrar.<\/p>\n<p>Compuesta por un librillo de 32 hojas de papel king size marr\u00f3n, sin blanquear, sin aditivos ni colorantes, hecho con fibras vegetales y goma ar\u00e1biga 100% natural, lo hacen una opci\u00f3n de gran calidad, con una combusti\u00f3n lenta y uniforme. Y con 32 filtros marrones, de 51 mm X 25 mm, troquelados para facilitar su uso y mejorar su filtrado.<\/p>\n","protected":false},"excerpt":{"rendered":"<ul>\n<li>Papel King Size Slim marr\u00f3n, hecho de fibras naturales y sin blanquear. De combustio\u0301n lenta y con goma ara\u0301biga 100% natural.<\/li>\n<li>Filtros marr\u00f3n de cart\u00f3n troquelados de 160 gr.<\/li>\n<li>Tama\u00f1o del papel 108 mm X 44 mm<\/li>\n<li>32 hojas por librillo y 32 filtros.<\/li>\n<li>Envase perfumado, con aroma a palomitas, para que frotes y limpies tus manos de otros olores.<\/li>\n<\/ul>\n<p>&nbsp;<\/p>\n<ul>\n<li>Para Profesionales -&gt; 24 unidades por caja<\/li>\n<\/ul>\n","protected":false},"featured_media":3739,"template":"","meta":{"_joinchat":[]},"product_brand":[],"product_cat":[40,42,66],"product_tag":[],"class_list":{"0":"post-1616","1":"product","2":"type-product","3":"status-publish","4":"has-post-thumbnail","6":"product_cat-papel-de-fumar","7":"product_cat-papel-king-size","8":"product_cat-papel-king-size-tips-papel-king-size","10":"first","11":"instock","12":"taxable","13":"shipping-taxable","14":"purchasable","15":"product-type-simple"},"yoast_head":"<!-- This site is optimized with the Yoast SEO plugin v27.4 - https:\/\/yoast.com\/product\/yoast-seo-wordpress\/ -->\n<title>PACK SMELL POP CORN MONKEY - The Smoker&#039;s Shop<\/title>\n<meta name=\"description\" content=\"PACK SMELL POP CORN MONKEY librillo de 32 hojas de papel king size marr\u00f3n, sin blanquear y 32 filtros troquelados y envase perfumado con aroma a palomitas.\" \/>\n<meta name=\"robots\" content=\"index, follow, max-snippet:-1, max-image-preview:large, max-video-preview:-1\" \/>\n<link rel=\"canonical\" href=\"https:\/\/www.smokershop.es\/index.php\/producto\/pack-smell-pop-corn-monkey\/\" \/>\n<meta property=\"og:locale\" content=\"es_ES\" \/>\n<meta property=\"og:type\" content=\"article\" \/>\n<meta property=\"og:title\" content=\"PACK SMELL POP CORN MONKEY - The Smoker&#039;s Shop\" \/>\n<meta property=\"og:description\" content=\"PACK SMELL POP CORN MONKEY librillo de 32 hojas de papel king size marr\u00f3n, sin blanquear y 32 filtros troquelados y envase perfumado con aroma a palomitas.\" \/>\n<meta property=\"og:url\" content=\"https:\/\/www.smokershop.es\/index.php\/producto\/pack-smell-pop-corn-monkey\/\" \/>\n<meta property=\"og:site_name\" content=\"The Smoker&#039;s Shop\" \/>\n<meta property=\"article:modified_time\" content=\"2025-11-20T01:34:46+00:00\" \/>\n<meta property=\"og:image\" content=\"https:\/\/www.smokershop.es\/wp-content\/uploads\/2024\/02\/SMELL-POPCORN.jpg\" \/>\n\t<meta property=\"og:image:width\" content=\"1350\" \/>\n\t<meta property=\"og:image:height\" content=\"1350\" \/>\n\t<meta property=\"og:image:type\" content=\"image\/jpeg\" \/>\n<meta name=\"twitter:card\" content=\"summary_large_image\" \/>\n<meta name=\"twitter:label1\" content=\"Tiempo de lectura\" \/>\n\t<meta name=\"twitter:data1\" content=\"1 minuto\" \/>\n<script type=\"application\/ld+json\" class=\"yoast-schema-graph\">{\"@context\":\"https:\\\/\\\/schema.org\",\"@graph\":[{\"@type\":\"WebPage\",\"@id\":\"https:\\\/\\\/www.smokershop.es\\\/index.php\\\/producto\\\/pack-smell-pop-corn-monkey\\\/\",\"url\":\"https:\\\/\\\/www.smokershop.es\\\/index.php\\\/producto\\\/pack-smell-pop-corn-monkey\\\/\",\"name\":\"PACK SMELL POP CORN MONKEY - The Smoker&#039;s Shop\",\"isPartOf\":{\"@id\":\"https:\\\/\\\/www.smokershop.es\\\/#website\"},\"primaryImageOfPage\":{\"@id\":\"https:\\\/\\\/www.smokershop.es\\\/index.php\\\/producto\\\/pack-smell-pop-corn-monkey\\\/#primaryimage\"},\"image\":{\"@id\":\"https:\\\/\\\/www.smokershop.es\\\/index.php\\\/producto\\\/pack-smell-pop-corn-monkey\\\/#primaryimage\"},\"thumbnailUrl\":\"https:\\\/\\\/www.smokershop.es\\\/wp-content\\\/uploads\\\/2024\\\/02\\\/SMELL-POPCORN.jpg\",\"datePublished\":\"2024-02-14T12:40:31+00:00\",\"dateModified\":\"2025-11-20T01:34:46+00:00\",\"description\":\"PACK SMELL POP CORN MONKEY librillo de 32 hojas de papel king size marr\u00f3n, sin blanquear y 32 filtros troquelados y envase perfumado con aroma a palomitas.\",\"breadcrumb\":{\"@id\":\"https:\\\/\\\/www.smokershop.es\\\/index.php\\\/producto\\\/pack-smell-pop-corn-monkey\\\/#breadcrumb\"},\"inLanguage\":\"es\",\"potentialAction\":[{\"@type\":\"ReadAction\",\"target\":[\"https:\\\/\\\/www.smokershop.es\\\/index.php\\\/producto\\\/pack-smell-pop-corn-monkey\\\/\"]}]},{\"@type\":\"ImageObject\",\"inLanguage\":\"es\",\"@id\":\"https:\\\/\\\/www.smokershop.es\\\/index.php\\\/producto\\\/pack-smell-pop-corn-monkey\\\/#primaryimage\",\"url\":\"https:\\\/\\\/www.smokershop.es\\\/wp-content\\\/uploads\\\/2024\\\/02\\\/SMELL-POPCORN.jpg\",\"contentUrl\":\"https:\\\/\\\/www.smokershop.es\\\/wp-content\\\/uploads\\\/2024\\\/02\\\/SMELL-POPCORN.jpg\",\"width\":1350,\"height\":1350,\"caption\":\"PACK SMELL POP CORN MONKEY\"},{\"@type\":\"BreadcrumbList\",\"@id\":\"https:\\\/\\\/www.smokershop.es\\\/index.php\\\/producto\\\/pack-smell-pop-corn-monkey\\\/#breadcrumb\",\"itemListElement\":[{\"@type\":\"ListItem\",\"position\":1,\"name\":\"Portada\",\"item\":\"https:\\\/\\\/www.smokershop.es\\\/\"},{\"@type\":\"ListItem\",\"position\":2,\"name\":\"The Shop\",\"item\":\"https:\\\/\\\/www.smokershop.es\\\/index.php\\\/shop\\\/\"},{\"@type\":\"ListItem\",\"position\":3,\"name\":\"PACK SMELL POP CORN MONKEY\"}]},{\"@type\":\"WebSite\",\"@id\":\"https:\\\/\\\/www.smokershop.es\\\/#website\",\"url\":\"https:\\\/\\\/www.smokershop.es\\\/\",\"name\":\"The Smoker&#039;s Shop\",\"description\":\"Todo para los fumadores\",\"publisher\":{\"@id\":\"https:\\\/\\\/www.smokershop.es\\\/#organization\"},\"potentialAction\":[{\"@type\":\"SearchAction\",\"target\":{\"@type\":\"EntryPoint\",\"urlTemplate\":\"https:\\\/\\\/www.smokershop.es\\\/?s={search_term_string}\"},\"query-input\":{\"@type\":\"PropertyValueSpecification\",\"valueRequired\":true,\"valueName\":\"search_term_string\"}}],\"inLanguage\":\"es\"},{\"@type\":\"Organization\",\"@id\":\"https:\\\/\\\/www.smokershop.es\\\/#organization\",\"name\":\"The Smoker&#039;s Shop\",\"url\":\"https:\\\/\\\/www.smokershop.es\\\/\",\"logo\":{\"@type\":\"ImageObject\",\"inLanguage\":\"es\",\"@id\":\"https:\\\/\\\/www.smokershop.es\\\/#\\\/schema\\\/logo\\\/image\\\/\",\"url\":\"https:\\\/\\\/www.smokershop.es\\\/wp-content\\\/uploads\\\/2023\\\/10\\\/smokershop-logo.png\",\"contentUrl\":\"https:\\\/\\\/www.smokershop.es\\\/wp-content\\\/uploads\\\/2023\\\/10\\\/smokershop-logo.png\",\"width\":1711,\"height\":752,\"caption\":\"The Smoker&#039;s Shop\"},\"image\":{\"@id\":\"https:\\\/\\\/www.smokershop.es\\\/#\\\/schema\\\/logo\\\/image\\\/\"},\"sameAs\":[\"https:\\\/\\\/www.instagram.com\\\/thesmokersshopofficial\"]}]}<\/script>\n<!-- \/ Yoast SEO plugin. -->","yoast_head_json":{"title":"PACK SMELL POP CORN MONKEY - The Smoker&#039;s Shop","description":"PACK SMELL POP CORN MONKEY librillo de 32 hojas de papel king size marr\u00f3n, sin blanquear y 32 filtros troquelados y envase perfumado con aroma a palomitas.","robots":{"index":"index","follow":"follow","max-snippet":"max-snippet:-1","max-image-preview":"max-image-preview:large","max-video-preview":"max-video-preview:-1"},"canonical":"https:\/\/www.smokershop.es\/index.php\/producto\/pack-smell-pop-corn-monkey\/","og_locale":"es_ES","og_type":"article","og_title":"PACK SMELL POP CORN MONKEY - The Smoker&#039;s Shop","og_description":"PACK SMELL POP CORN MONKEY librillo de 32 hojas de papel king size marr\u00f3n, sin blanquear y 32 filtros troquelados y envase perfumado con aroma a palomitas.","og_url":"https:\/\/www.smokershop.es\/index.php\/producto\/pack-smell-pop-corn-monkey\/","og_site_name":"The Smoker&#039;s Shop","article_modified_time":"2025-11-20T01:34:46+00:00","og_image":[{"width":1350,"height":1350,"url":"https:\/\/www.smokershop.es\/wp-content\/uploads\/2024\/02\/SMELL-POPCORN.jpg","type":"image\/jpeg"}],"twitter_card":"summary_large_image","twitter_misc":{"Tiempo de lectura":"1 minuto"},"schema":{"@context":"https:\/\/schema.org","@graph":[{"@type":"WebPage","@id":"https:\/\/www.smokershop.es\/index.php\/producto\/pack-smell-pop-corn-monkey\/","url":"https:\/\/www.smokershop.es\/index.php\/producto\/pack-smell-pop-corn-monkey\/","name":"PACK SMELL POP CORN MONKEY - The Smoker&#039;s Shop","isPartOf":{"@id":"https:\/\/www.smokershop.es\/#website"},"primaryImageOfPage":{"@id":"https:\/\/www.smokershop.es\/index.php\/producto\/pack-smell-pop-corn-monkey\/#primaryimage"},"image":{"@id":"https:\/\/www.smokershop.es\/index.php\/producto\/pack-smell-pop-corn-monkey\/#primaryimage"},"thumbnailUrl":"https:\/\/www.smokershop.es\/wp-content\/uploads\/2024\/02\/SMELL-POPCORN.jpg","datePublished":"2024-02-14T12:40:31+00:00","dateModified":"2025-11-20T01:34:46+00:00","description":"PACK SMELL POP CORN MONKEY librillo de 32 hojas de papel king size marr\u00f3n, sin blanquear y 32 filtros troquelados y envase perfumado con aroma a palomitas.","breadcrumb":{"@id":"https:\/\/www.smokershop.es\/index.php\/producto\/pack-smell-pop-corn-monkey\/#breadcrumb"},"inLanguage":"es","potentialAction":[{"@type":"ReadAction","target":["https:\/\/www.smokershop.es\/index.php\/producto\/pack-smell-pop-corn-monkey\/"]}]},{"@type":"ImageObject","inLanguage":"es","@id":"https:\/\/www.smokershop.es\/index.php\/producto\/pack-smell-pop-corn-monkey\/#primaryimage","url":"https:\/\/www.smokershop.es\/wp-content\/uploads\/2024\/02\/SMELL-POPCORN.jpg","contentUrl":"https:\/\/www.smokershop.es\/wp-content\/uploads\/2024\/02\/SMELL-POPCORN.jpg","width":1350,"height":1350,"caption":"PACK SMELL POP CORN MONKEY"},{"@type":"BreadcrumbList","@id":"https:\/\/www.smokershop.es\/index.php\/producto\/pack-smell-pop-corn-monkey\/#breadcrumb","itemListElement":[{"@type":"ListItem","position":1,"name":"Portada","item":"https:\/\/www.smokershop.es\/"},{"@type":"ListItem","position":2,"name":"The Shop","item":"https:\/\/www.smokershop.es\/index.php\/shop\/"},{"@type":"ListItem","position":3,"name":"PACK SMELL POP CORN MONKEY"}]},{"@type":"WebSite","@id":"https:\/\/www.smokershop.es\/#website","url":"https:\/\/www.smokershop.es\/","name":"The Smoker&#039;s Shop","description":"Todo para los fumadores","publisher":{"@id":"https:\/\/www.smokershop.es\/#organization"},"potentialAction":[{"@type":"SearchAction","target":{"@type":"EntryPoint","urlTemplate":"https:\/\/www.smokershop.es\/?s={search_term_string}"},"query-input":{"@type":"PropertyValueSpecification","valueRequired":true,"valueName":"search_term_string"}}],"inLanguage":"es"},{"@type":"Organization","@id":"https:\/\/www.smokershop.es\/#organization","name":"The Smoker&#039;s Shop","url":"https:\/\/www.smokershop.es\/","logo":{"@type":"ImageObject","inLanguage":"es","@id":"https:\/\/www.smokershop.es\/#\/schema\/logo\/image\/","url":"https:\/\/www.smokershop.es\/wp-content\/uploads\/2023\/10\/smokershop-logo.png","contentUrl":"https:\/\/www.smokershop.es\/wp-content\/uploads\/2023\/10\/smokershop-logo.png","width":1711,"height":752,"caption":"The Smoker&#039;s Shop"},"image":{"@id":"https:\/\/www.smokershop.es\/#\/schema\/logo\/image\/"},"sameAs":["https:\/\/www.instagram.com\/thesmokersshopofficial"]}]}},"_links":{"self":[{"href":"https:\/\/www.smokershop.es\/index.php\/wp-json\/wp\/v2\/product\/1616","targetHints":{"allow":["GET"]}}],"collection":[{"href":"https:\/\/www.smokershop.es\/index.php\/wp-json\/wp\/v2\/product"}],"about":[{"href":"https:\/\/www.smokershop.es\/index.php\/wp-json\/wp\/v2\/types\/product"}],"wp:featuredmedia":[{"embeddable":true,"href":"https:\/\/www.smokershop.es\/index.php\/wp-json\/wp\/v2\/media\/3739"}],"wp:attachment":[{"href":"https:\/\/www.smokershop.es\/index.php\/wp-json\/wp\/v2\/media?parent=1616"}],"wp:term":[{"taxonomy":"product_brand","embeddable":true,"href":"https:\/\/www.smokershop.es\/index.php\/wp-json\/wp\/v2\/product_brand?post=1616"},{"taxonomy":"product_cat","embeddable":true,"href":"https:\/\/www.smokershop.es\/index.php\/wp-json\/wp\/v2\/product_cat?post=1616"},{"taxonomy":"product_tag","embeddable":true,"href":"https:\/\/www.smokershop.es\/index.php\/wp-json\/wp\/v2\/product_tag?post=1616"}],"curies":[{"name":"wp","href":"https:\/\/api.w.org\/{rel}","templated":true}]}}