{"id":1630,"date":"2024-02-15T20:13:41","date_gmt":"2024-02-15T19:13:41","guid":{"rendered":"https:\/\/www.smokershop.es\/?post_type=product&#038;p=1630"},"modified":"2025-11-20T02:18:52","modified_gmt":"2025-11-20T01:18:52","slug":"pack-semll-sweet-banana-monkey","status":"publish","type":"product","link":"https:\/\/www.smokershop.es\/index.php\/producto\/pack-semll-sweet-banana-monkey\/","title":{"rendered":"PACK SEMLL SWEET BANANA MONKEY"},"content":{"rendered":"<p>PACK SEMLL SWEET BANANA MONKEY<\/p>\n<p>\u00bf Ya has probado el nuevo modelo Sweet Banana de Monkey King ?<\/p>\n<p>M\u00e1s Monkey que nunca, este nuevo Smell Pack con su envase perfumado con aroma a pl\u00e1tano, para que frotes y te limpies las manos de cualquier olor, no dejar\u00e1 a nadie indiferente.<\/p>\n<p>El Monkey Pack Smell Sweet Banana contiene un librillo de 32 hojas de papel king size amarillo, hecho con fibras y tinte vegetal, con goma ar\u00e1biga 100% natural, proporciona una combusti\u00f3n lenta y uniforme, digna de un papel de gran calidad. Y 32 filtros de cart\u00f3n blancos con dibujos en amarillo, de 51 mm X 25 mm, troquelados para facilitar su uso y mejorar su filtrado.<\/p>\n<p>&nbsp;<\/p>\n<p>&nbsp;<\/p>\n","protected":false},"excerpt":{"rendered":"<ul>\n<li>Papel King Size Slim amarillo, hecho de fibras y tinte vegetal. De combustio\u0301n lenta y con goma ara\u0301biga 100% natural<\/li>\n<li>Filtros blancos con dibujos en amarillo, de cart\u00f3n troquelados de 160 gr<\/li>\n<li>Tama\u00f1o del papel 108 mm X 44 mm<\/li>\n<li>32 hojas por librillo y 32 filtros<\/li>\n<li>Envase perfumado, con un intenso aroma a pl\u00e1tano, para que frotes y limpies tus manos de otros olores<\/li>\n<\/ul>\n<p>&nbsp;<\/p>\n<ul>\n<li>Para Profesionales -&gt; 24 unidades por caja<\/li>\n<\/ul>\n<ul>\n<li style=\"list-style-type: none;\"><\/li>\n<\/ul>\n","protected":false},"featured_media":3743,"template":"","meta":{"_joinchat":[]},"product_brand":[],"product_cat":[40,42,66],"product_tag":[],"class_list":{"0":"post-1630","1":"product","2":"type-product","3":"status-publish","4":"has-post-thumbnail","6":"product_cat-papel-de-fumar","7":"product_cat-papel-king-size","8":"product_cat-papel-king-size-tips-papel-king-size","10":"first","11":"instock","12":"taxable","13":"shipping-taxable","14":"purchasable","15":"product-type-simple"},"yoast_head":"<!-- This site is optimized with the Yoast SEO plugin v27.4 - https:\/\/yoast.com\/product\/yoast-seo-wordpress\/ -->\n<title>PACK SEMLL SWEET BANANA MONKEY - The Smoker&#039;s Shop<\/title>\n<meta name=\"description\" content=\"PACK SEMLL SWEET BANANA MONKEY , adem\u00e1s de 32 hojas de papel king size amarillo y 32 filtros troquelados, viene en un envase con un rico aroma a pl\u00e1tano.\" \/>\n<meta name=\"robots\" content=\"index, follow, max-snippet:-1, max-image-preview:large, max-video-preview:-1\" \/>\n<link rel=\"canonical\" href=\"https:\/\/www.smokershop.es\/index.php\/producto\/pack-semll-sweet-banana-monkey\/\" \/>\n<meta property=\"og:locale\" content=\"es_ES\" \/>\n<meta property=\"og:type\" content=\"article\" \/>\n<meta property=\"og:title\" content=\"PACK SEMLL SWEET BANANA MONKEY - The Smoker&#039;s Shop\" \/>\n<meta property=\"og:description\" content=\"PACK SEMLL SWEET BANANA MONKEY , adem\u00e1s de 32 hojas de papel king size amarillo y 32 filtros troquelados, viene en un envase con un rico aroma a pl\u00e1tano.\" \/>\n<meta property=\"og:url\" content=\"https:\/\/www.smokershop.es\/index.php\/producto\/pack-semll-sweet-banana-monkey\/\" \/>\n<meta property=\"og:site_name\" content=\"The Smoker&#039;s Shop\" \/>\n<meta property=\"article:modified_time\" content=\"2025-11-20T01:18:52+00:00\" \/>\n<meta property=\"og:image\" content=\"https:\/\/www.smokershop.es\/wp-content\/uploads\/2024\/02\/SMELL-BANANA.jpg\" \/>\n\t<meta property=\"og:image:width\" content=\"1350\" \/>\n\t<meta property=\"og:image:height\" content=\"1350\" \/>\n\t<meta property=\"og:image:type\" content=\"image\/jpeg\" \/>\n<meta name=\"twitter:card\" content=\"summary_large_image\" \/>\n<meta name=\"twitter:label1\" content=\"Tiempo de lectura\" \/>\n\t<meta name=\"twitter:data1\" content=\"1 minuto\" \/>\n<script type=\"application\/ld+json\" class=\"yoast-schema-graph\">{\"@context\":\"https:\\\/\\\/schema.org\",\"@graph\":[{\"@type\":\"WebPage\",\"@id\":\"https:\\\/\\\/www.smokershop.es\\\/index.php\\\/producto\\\/pack-semll-sweet-banana-monkey\\\/\",\"url\":\"https:\\\/\\\/www.smokershop.es\\\/index.php\\\/producto\\\/pack-semll-sweet-banana-monkey\\\/\",\"name\":\"PACK SEMLL SWEET BANANA MONKEY - The Smoker&#039;s Shop\",\"isPartOf\":{\"@id\":\"https:\\\/\\\/www.smokershop.es\\\/#website\"},\"primaryImageOfPage\":{\"@id\":\"https:\\\/\\\/www.smokershop.es\\\/index.php\\\/producto\\\/pack-semll-sweet-banana-monkey\\\/#primaryimage\"},\"image\":{\"@id\":\"https:\\\/\\\/www.smokershop.es\\\/index.php\\\/producto\\\/pack-semll-sweet-banana-monkey\\\/#primaryimage\"},\"thumbnailUrl\":\"https:\\\/\\\/www.smokershop.es\\\/wp-content\\\/uploads\\\/2024\\\/02\\\/SMELL-BANANA.jpg\",\"datePublished\":\"2024-02-15T19:13:41+00:00\",\"dateModified\":\"2025-11-20T01:18:52+00:00\",\"description\":\"PACK SEMLL SWEET BANANA MONKEY , adem\u00e1s de 32 hojas de papel king size amarillo y 32 filtros troquelados, viene en un envase con un rico aroma a pl\u00e1tano.\",\"breadcrumb\":{\"@id\":\"https:\\\/\\\/www.smokershop.es\\\/index.php\\\/producto\\\/pack-semll-sweet-banana-monkey\\\/#breadcrumb\"},\"inLanguage\":\"es\",\"potentialAction\":[{\"@type\":\"ReadAction\",\"target\":[\"https:\\\/\\\/www.smokershop.es\\\/index.php\\\/producto\\\/pack-semll-sweet-banana-monkey\\\/\"]}]},{\"@type\":\"ImageObject\",\"inLanguage\":\"es\",\"@id\":\"https:\\\/\\\/www.smokershop.es\\\/index.php\\\/producto\\\/pack-semll-sweet-banana-monkey\\\/#primaryimage\",\"url\":\"https:\\\/\\\/www.smokershop.es\\\/wp-content\\\/uploads\\\/2024\\\/02\\\/SMELL-BANANA.jpg\",\"contentUrl\":\"https:\\\/\\\/www.smokershop.es\\\/wp-content\\\/uploads\\\/2024\\\/02\\\/SMELL-BANANA.jpg\",\"width\":1350,\"height\":1350,\"caption\":\"PACK SEMLL SWEET BANANA MONKEY\"},{\"@type\":\"BreadcrumbList\",\"@id\":\"https:\\\/\\\/www.smokershop.es\\\/index.php\\\/producto\\\/pack-semll-sweet-banana-monkey\\\/#breadcrumb\",\"itemListElement\":[{\"@type\":\"ListItem\",\"position\":1,\"name\":\"Portada\",\"item\":\"https:\\\/\\\/www.smokershop.es\\\/\"},{\"@type\":\"ListItem\",\"position\":2,\"name\":\"The Shop\",\"item\":\"https:\\\/\\\/www.smokershop.es\\\/index.php\\\/shop\\\/\"},{\"@type\":\"ListItem\",\"position\":3,\"name\":\"PACK SEMLL SWEET BANANA MONKEY\"}]},{\"@type\":\"WebSite\",\"@id\":\"https:\\\/\\\/www.smokershop.es\\\/#website\",\"url\":\"https:\\\/\\\/www.smokershop.es\\\/\",\"name\":\"The Smoker&#039;s Shop\",\"description\":\"Todo para los fumadores\",\"publisher\":{\"@id\":\"https:\\\/\\\/www.smokershop.es\\\/#organization\"},\"potentialAction\":[{\"@type\":\"SearchAction\",\"target\":{\"@type\":\"EntryPoint\",\"urlTemplate\":\"https:\\\/\\\/www.smokershop.es\\\/?s={search_term_string}\"},\"query-input\":{\"@type\":\"PropertyValueSpecification\",\"valueRequired\":true,\"valueName\":\"search_term_string\"}}],\"inLanguage\":\"es\"},{\"@type\":\"Organization\",\"@id\":\"https:\\\/\\\/www.smokershop.es\\\/#organization\",\"name\":\"The Smoker&#039;s Shop\",\"url\":\"https:\\\/\\\/www.smokershop.es\\\/\",\"logo\":{\"@type\":\"ImageObject\",\"inLanguage\":\"es\",\"@id\":\"https:\\\/\\\/www.smokershop.es\\\/#\\\/schema\\\/logo\\\/image\\\/\",\"url\":\"https:\\\/\\\/www.smokershop.es\\\/wp-content\\\/uploads\\\/2023\\\/10\\\/smokershop-logo.png\",\"contentUrl\":\"https:\\\/\\\/www.smokershop.es\\\/wp-content\\\/uploads\\\/2023\\\/10\\\/smokershop-logo.png\",\"width\":1711,\"height\":752,\"caption\":\"The Smoker&#039;s Shop\"},\"image\":{\"@id\":\"https:\\\/\\\/www.smokershop.es\\\/#\\\/schema\\\/logo\\\/image\\\/\"},\"sameAs\":[\"https:\\\/\\\/www.instagram.com\\\/thesmokersshopofficial\"]}]}<\/script>\n<!-- \/ Yoast SEO plugin. -->","yoast_head_json":{"title":"PACK SEMLL SWEET BANANA MONKEY - The Smoker&#039;s Shop","description":"PACK SEMLL SWEET BANANA MONKEY , adem\u00e1s de 32 hojas de papel king size amarillo y 32 filtros troquelados, viene en un envase con un rico aroma a pl\u00e1tano.","robots":{"index":"index","follow":"follow","max-snippet":"max-snippet:-1","max-image-preview":"max-image-preview:large","max-video-preview":"max-video-preview:-1"},"canonical":"https:\/\/www.smokershop.es\/index.php\/producto\/pack-semll-sweet-banana-monkey\/","og_locale":"es_ES","og_type":"article","og_title":"PACK SEMLL SWEET BANANA MONKEY - The Smoker&#039;s Shop","og_description":"PACK SEMLL SWEET BANANA MONKEY , adem\u00e1s de 32 hojas de papel king size amarillo y 32 filtros troquelados, viene en un envase con un rico aroma a pl\u00e1tano.","og_url":"https:\/\/www.smokershop.es\/index.php\/producto\/pack-semll-sweet-banana-monkey\/","og_site_name":"The Smoker&#039;s Shop","article_modified_time":"2025-11-20T01:18:52+00:00","og_image":[{"width":1350,"height":1350,"url":"https:\/\/www.smokershop.es\/wp-content\/uploads\/2024\/02\/SMELL-BANANA.jpg","type":"image\/jpeg"}],"twitter_card":"summary_large_image","twitter_misc":{"Tiempo de lectura":"1 minuto"},"schema":{"@context":"https:\/\/schema.org","@graph":[{"@type":"WebPage","@id":"https:\/\/www.smokershop.es\/index.php\/producto\/pack-semll-sweet-banana-monkey\/","url":"https:\/\/www.smokershop.es\/index.php\/producto\/pack-semll-sweet-banana-monkey\/","name":"PACK SEMLL SWEET BANANA MONKEY - The Smoker&#039;s Shop","isPartOf":{"@id":"https:\/\/www.smokershop.es\/#website"},"primaryImageOfPage":{"@id":"https:\/\/www.smokershop.es\/index.php\/producto\/pack-semll-sweet-banana-monkey\/#primaryimage"},"image":{"@id":"https:\/\/www.smokershop.es\/index.php\/producto\/pack-semll-sweet-banana-monkey\/#primaryimage"},"thumbnailUrl":"https:\/\/www.smokershop.es\/wp-content\/uploads\/2024\/02\/SMELL-BANANA.jpg","datePublished":"2024-02-15T19:13:41+00:00","dateModified":"2025-11-20T01:18:52+00:00","description":"PACK SEMLL SWEET BANANA MONKEY , adem\u00e1s de 32 hojas de papel king size amarillo y 32 filtros troquelados, viene en un envase con un rico aroma a pl\u00e1tano.","breadcrumb":{"@id":"https:\/\/www.smokershop.es\/index.php\/producto\/pack-semll-sweet-banana-monkey\/#breadcrumb"},"inLanguage":"es","potentialAction":[{"@type":"ReadAction","target":["https:\/\/www.smokershop.es\/index.php\/producto\/pack-semll-sweet-banana-monkey\/"]}]},{"@type":"ImageObject","inLanguage":"es","@id":"https:\/\/www.smokershop.es\/index.php\/producto\/pack-semll-sweet-banana-monkey\/#primaryimage","url":"https:\/\/www.smokershop.es\/wp-content\/uploads\/2024\/02\/SMELL-BANANA.jpg","contentUrl":"https:\/\/www.smokershop.es\/wp-content\/uploads\/2024\/02\/SMELL-BANANA.jpg","width":1350,"height":1350,"caption":"PACK SEMLL SWEET BANANA MONKEY"},{"@type":"BreadcrumbList","@id":"https:\/\/www.smokershop.es\/index.php\/producto\/pack-semll-sweet-banana-monkey\/#breadcrumb","itemListElement":[{"@type":"ListItem","position":1,"name":"Portada","item":"https:\/\/www.smokershop.es\/"},{"@type":"ListItem","position":2,"name":"The Shop","item":"https:\/\/www.smokershop.es\/index.php\/shop\/"},{"@type":"ListItem","position":3,"name":"PACK SEMLL SWEET BANANA MONKEY"}]},{"@type":"WebSite","@id":"https:\/\/www.smokershop.es\/#website","url":"https:\/\/www.smokershop.es\/","name":"The Smoker&#039;s Shop","description":"Todo para los fumadores","publisher":{"@id":"https:\/\/www.smokershop.es\/#organization"},"potentialAction":[{"@type":"SearchAction","target":{"@type":"EntryPoint","urlTemplate":"https:\/\/www.smokershop.es\/?s={search_term_string}"},"query-input":{"@type":"PropertyValueSpecification","valueRequired":true,"valueName":"search_term_string"}}],"inLanguage":"es"},{"@type":"Organization","@id":"https:\/\/www.smokershop.es\/#organization","name":"The Smoker&#039;s Shop","url":"https:\/\/www.smokershop.es\/","logo":{"@type":"ImageObject","inLanguage":"es","@id":"https:\/\/www.smokershop.es\/#\/schema\/logo\/image\/","url":"https:\/\/www.smokershop.es\/wp-content\/uploads\/2023\/10\/smokershop-logo.png","contentUrl":"https:\/\/www.smokershop.es\/wp-content\/uploads\/2023\/10\/smokershop-logo.png","width":1711,"height":752,"caption":"The Smoker&#039;s Shop"},"image":{"@id":"https:\/\/www.smokershop.es\/#\/schema\/logo\/image\/"},"sameAs":["https:\/\/www.instagram.com\/thesmokersshopofficial"]}]}},"_links":{"self":[{"href":"https:\/\/www.smokershop.es\/index.php\/wp-json\/wp\/v2\/product\/1630","targetHints":{"allow":["GET"]}}],"collection":[{"href":"https:\/\/www.smokershop.es\/index.php\/wp-json\/wp\/v2\/product"}],"about":[{"href":"https:\/\/www.smokershop.es\/index.php\/wp-json\/wp\/v2\/types\/product"}],"wp:featuredmedia":[{"embeddable":true,"href":"https:\/\/www.smokershop.es\/index.php\/wp-json\/wp\/v2\/media\/3743"}],"wp:attachment":[{"href":"https:\/\/www.smokershop.es\/index.php\/wp-json\/wp\/v2\/media?parent=1630"}],"wp:term":[{"taxonomy":"product_brand","embeddable":true,"href":"https:\/\/www.smokershop.es\/index.php\/wp-json\/wp\/v2\/product_brand?post=1630"},{"taxonomy":"product_cat","embeddable":true,"href":"https:\/\/www.smokershop.es\/index.php\/wp-json\/wp\/v2\/product_cat?post=1630"},{"taxonomy":"product_tag","embeddable":true,"href":"https:\/\/www.smokershop.es\/index.php\/wp-json\/wp\/v2\/product_tag?post=1630"}],"curies":[{"name":"wp","href":"https:\/\/api.w.org\/{rel}","templated":true}]}}