{"id":1635,"date":"2024-02-15T20:49:34","date_gmt":"2024-02-15T19:49:34","guid":{"rendered":"https:\/\/www.smokershop.es\/?post_type=product&#038;p=1635"},"modified":"2026-04-24T12:47:45","modified_gmt":"2026-04-24T10:47:45","slug":"pack-smell-red-lollypop-monkey","status":"publish","type":"product","link":"https:\/\/www.smokershop.es\/index.php\/producto\/pack-smell-red-lollypop-monkey\/","title":{"rendered":"PACK SMELL RED LOLLYPOP MONKEY"},"content":{"rendered":"<p>PACK SMELL RED LOLLYPOP MONKEY<\/p>\n<p>Escoge el aroma que m\u00e1s va contigo. La nueva gama Smell de Monkey King cuenta con un envase perfumado pensado para que despu\u00e9s de liar tus flores, frotes tus manos con \u00e9l y elimines todos los olores dej\u00e1ndolas impregnadas del aroma que m\u00e1s te guste.<\/p>\n<p>El Monkey Pack Smell Red Lollypop, esta compuesto por un librillo de 32 hojas de papel king size rojo, fabricado con fibras y tinte vegetal y con goma ar\u00e1biga 100% natural, que proporcionan una combusti\u00f3n lenta y uniforme. Y con 32 filtros blancos con dibujos en rojo, de 51 mm X 25 mm, troquelados para facilitar su uso y mejorar su filtrado. Su envase va impregnado de un inconfundible olor a Lollypop que desbloqueara autom\u00e1ticamente todos tus recuerdos de infancia, \u00bf por qu\u00e9 qui\u00e9n no adoraba de peque\u00f1os los chupachups ?<\/p>\n","protected":false},"excerpt":{"rendered":"<ul>\n<li>Papel King Size Slim rojo, fabricado con fibras y tinte vegetal. De combustio\u0301n lenta y con goma ara\u0301biga 100% natural.<\/li>\n<li>Filtros blancos con dibujos en rojo, de cart\u00f3n troquelados de 160 gr.<\/li>\n<li>Tama\u00f1o del papel 108 mm X 44 mm<\/li>\n<li>32 hojas por librillo y 32 filtros.<\/li>\n<li>Envase perfumado, con un suculento olor a lollypop, para que frotes y limpies tus manos de otros olores.<\/li>\n<\/ul>\n<ul>\n<li style=\"list-style-type: none;\">\n<ul>\n<li><em>FORMATO PRO -&gt; DISPLAY 24x<\/em><\/li>\n<li><strong>\u2b07\ufe0f PRECIOS MAYORISTA PARA PROFESIONALES \u2b07\ufe0f<\/strong><\/li>\n<\/ul>\n<\/li>\n<\/ul>\n<p style=\"padding-left: 200px;\"><strong><a href=\"https:\/\/www.smokershop.es\/index.php\/register\/\" target=\"_blank\" rel=\"noopener\">\ud83d\udc49 REGISTRATE AQUI \ud83d\udc48<\/a><\/strong><\/p>\n","protected":false},"featured_media":3745,"template":"","meta":{"_joinchat":[]},"product_brand":[],"product_cat":[40,42,66],"product_tag":[],"class_list":{"0":"post-1635","1":"product","2":"type-product","3":"status-publish","4":"has-post-thumbnail","6":"product_cat-papel-de-fumar","7":"product_cat-papel-king-size","8":"product_cat-papel-king-size-tips-papel-king-size","10":"first","11":"instock","12":"taxable","13":"shipping-taxable","14":"purchasable","15":"product-type-simple"},"yoast_head":"<!-- This site is optimized with the Yoast SEO plugin v27.4 - https:\/\/yoast.com\/product\/yoast-seo-wordpress\/ -->\n<title>PACK SMELL RED LOLLYPOP MONKEY - The Smoker&#039;s Shop<\/title>\n<meta name=\"description\" content=\"PACK SMELL RED LOLLYPOP MONKEY librillo con 32 papeles king size rojos y 32 filtros troquelados y con un envase perfumado con aroma a lollypop.\" \/>\n<meta name=\"robots\" content=\"index, follow, max-snippet:-1, max-image-preview:large, max-video-preview:-1\" \/>\n<link rel=\"canonical\" href=\"https:\/\/www.smokershop.es\/index.php\/producto\/pack-smell-red-lollypop-monkey\/\" \/>\n<meta property=\"og:locale\" content=\"es_ES\" \/>\n<meta property=\"og:type\" content=\"article\" \/>\n<meta property=\"og:title\" content=\"PACK SMELL RED LOLLYPOP MONKEY - The Smoker&#039;s Shop\" \/>\n<meta property=\"og:description\" content=\"PACK SMELL RED LOLLYPOP MONKEY librillo con 32 papeles king size rojos y 32 filtros troquelados y con un envase perfumado con aroma a lollypop.\" \/>\n<meta property=\"og:url\" content=\"https:\/\/www.smokershop.es\/index.php\/producto\/pack-smell-red-lollypop-monkey\/\" \/>\n<meta property=\"og:site_name\" content=\"The Smoker&#039;s Shop\" \/>\n<meta property=\"article:modified_time\" content=\"2026-04-24T10:47:45+00:00\" \/>\n<meta property=\"og:image\" content=\"https:\/\/www.smokershop.es\/wp-content\/uploads\/2024\/02\/SMELL-LOLIPOP.jpg\" \/>\n\t<meta property=\"og:image:width\" content=\"1350\" \/>\n\t<meta property=\"og:image:height\" content=\"1350\" \/>\n\t<meta property=\"og:image:type\" content=\"image\/jpeg\" \/>\n<meta name=\"twitter:card\" content=\"summary_large_image\" \/>\n<meta name=\"twitter:label1\" content=\"Tiempo de lectura\" \/>\n\t<meta name=\"twitter:data1\" content=\"1 minuto\" \/>\n<script type=\"application\/ld+json\" class=\"yoast-schema-graph\">{\"@context\":\"https:\\\/\\\/schema.org\",\"@graph\":[{\"@type\":\"WebPage\",\"@id\":\"https:\\\/\\\/www.smokershop.es\\\/index.php\\\/producto\\\/pack-smell-red-lollypop-monkey\\\/\",\"url\":\"https:\\\/\\\/www.smokershop.es\\\/index.php\\\/producto\\\/pack-smell-red-lollypop-monkey\\\/\",\"name\":\"PACK SMELL RED LOLLYPOP MONKEY - The Smoker&#039;s Shop\",\"isPartOf\":{\"@id\":\"https:\\\/\\\/www.smokershop.es\\\/#website\"},\"primaryImageOfPage\":{\"@id\":\"https:\\\/\\\/www.smokershop.es\\\/index.php\\\/producto\\\/pack-smell-red-lollypop-monkey\\\/#primaryimage\"},\"image\":{\"@id\":\"https:\\\/\\\/www.smokershop.es\\\/index.php\\\/producto\\\/pack-smell-red-lollypop-monkey\\\/#primaryimage\"},\"thumbnailUrl\":\"https:\\\/\\\/www.smokershop.es\\\/wp-content\\\/uploads\\\/2024\\\/02\\\/SMELL-LOLIPOP.jpg\",\"datePublished\":\"2024-02-15T19:49:34+00:00\",\"dateModified\":\"2026-04-24T10:47:45+00:00\",\"description\":\"PACK SMELL RED LOLLYPOP MONKEY librillo con 32 papeles king size rojos y 32 filtros troquelados y con un envase perfumado con aroma a lollypop.\",\"breadcrumb\":{\"@id\":\"https:\\\/\\\/www.smokershop.es\\\/index.php\\\/producto\\\/pack-smell-red-lollypop-monkey\\\/#breadcrumb\"},\"inLanguage\":\"es\",\"potentialAction\":[{\"@type\":\"ReadAction\",\"target\":[\"https:\\\/\\\/www.smokershop.es\\\/index.php\\\/producto\\\/pack-smell-red-lollypop-monkey\\\/\"]}]},{\"@type\":\"ImageObject\",\"inLanguage\":\"es\",\"@id\":\"https:\\\/\\\/www.smokershop.es\\\/index.php\\\/producto\\\/pack-smell-red-lollypop-monkey\\\/#primaryimage\",\"url\":\"https:\\\/\\\/www.smokershop.es\\\/wp-content\\\/uploads\\\/2024\\\/02\\\/SMELL-LOLIPOP.jpg\",\"contentUrl\":\"https:\\\/\\\/www.smokershop.es\\\/wp-content\\\/uploads\\\/2024\\\/02\\\/SMELL-LOLIPOP.jpg\",\"width\":1350,\"height\":1350,\"caption\":\"pack smell red lollypop monkey\"},{\"@type\":\"BreadcrumbList\",\"@id\":\"https:\\\/\\\/www.smokershop.es\\\/index.php\\\/producto\\\/pack-smell-red-lollypop-monkey\\\/#breadcrumb\",\"itemListElement\":[{\"@type\":\"ListItem\",\"position\":1,\"name\":\"Portada\",\"item\":\"https:\\\/\\\/www.smokershop.es\\\/\"},{\"@type\":\"ListItem\",\"position\":2,\"name\":\"The Shop\",\"item\":\"https:\\\/\\\/www.smokershop.es\\\/index.php\\\/shop\\\/\"},{\"@type\":\"ListItem\",\"position\":3,\"name\":\"PACK SMELL RED LOLLYPOP MONKEY\"}]},{\"@type\":\"WebSite\",\"@id\":\"https:\\\/\\\/www.smokershop.es\\\/#website\",\"url\":\"https:\\\/\\\/www.smokershop.es\\\/\",\"name\":\"The Smoker&#039;s Shop\",\"description\":\"Todo para los fumadores\",\"publisher\":{\"@id\":\"https:\\\/\\\/www.smokershop.es\\\/#organization\"},\"potentialAction\":[{\"@type\":\"SearchAction\",\"target\":{\"@type\":\"EntryPoint\",\"urlTemplate\":\"https:\\\/\\\/www.smokershop.es\\\/?s={search_term_string}\"},\"query-input\":{\"@type\":\"PropertyValueSpecification\",\"valueRequired\":true,\"valueName\":\"search_term_string\"}}],\"inLanguage\":\"es\"},{\"@type\":\"Organization\",\"@id\":\"https:\\\/\\\/www.smokershop.es\\\/#organization\",\"name\":\"The Smoker&#039;s Shop\",\"url\":\"https:\\\/\\\/www.smokershop.es\\\/\",\"logo\":{\"@type\":\"ImageObject\",\"inLanguage\":\"es\",\"@id\":\"https:\\\/\\\/www.smokershop.es\\\/#\\\/schema\\\/logo\\\/image\\\/\",\"url\":\"https:\\\/\\\/www.smokershop.es\\\/wp-content\\\/uploads\\\/2023\\\/10\\\/smokershop-logo.png\",\"contentUrl\":\"https:\\\/\\\/www.smokershop.es\\\/wp-content\\\/uploads\\\/2023\\\/10\\\/smokershop-logo.png\",\"width\":1711,\"height\":752,\"caption\":\"The Smoker&#039;s Shop\"},\"image\":{\"@id\":\"https:\\\/\\\/www.smokershop.es\\\/#\\\/schema\\\/logo\\\/image\\\/\"},\"sameAs\":[\"https:\\\/\\\/www.instagram.com\\\/thesmokersshopofficial\"]}]}<\/script>\n<!-- \/ Yoast SEO plugin. -->","yoast_head_json":{"title":"PACK SMELL RED LOLLYPOP MONKEY - The Smoker&#039;s Shop","description":"PACK SMELL RED LOLLYPOP MONKEY librillo con 32 papeles king size rojos y 32 filtros troquelados y con un envase perfumado con aroma a lollypop.","robots":{"index":"index","follow":"follow","max-snippet":"max-snippet:-1","max-image-preview":"max-image-preview:large","max-video-preview":"max-video-preview:-1"},"canonical":"https:\/\/www.smokershop.es\/index.php\/producto\/pack-smell-red-lollypop-monkey\/","og_locale":"es_ES","og_type":"article","og_title":"PACK SMELL RED LOLLYPOP MONKEY - The Smoker&#039;s Shop","og_description":"PACK SMELL RED LOLLYPOP MONKEY librillo con 32 papeles king size rojos y 32 filtros troquelados y con un envase perfumado con aroma a lollypop.","og_url":"https:\/\/www.smokershop.es\/index.php\/producto\/pack-smell-red-lollypop-monkey\/","og_site_name":"The Smoker&#039;s Shop","article_modified_time":"2026-04-24T10:47:45+00:00","og_image":[{"width":1350,"height":1350,"url":"https:\/\/www.smokershop.es\/wp-content\/uploads\/2024\/02\/SMELL-LOLIPOP.jpg","type":"image\/jpeg"}],"twitter_card":"summary_large_image","twitter_misc":{"Tiempo de lectura":"1 minuto"},"schema":{"@context":"https:\/\/schema.org","@graph":[{"@type":"WebPage","@id":"https:\/\/www.smokershop.es\/index.php\/producto\/pack-smell-red-lollypop-monkey\/","url":"https:\/\/www.smokershop.es\/index.php\/producto\/pack-smell-red-lollypop-monkey\/","name":"PACK SMELL RED LOLLYPOP MONKEY - The Smoker&#039;s Shop","isPartOf":{"@id":"https:\/\/www.smokershop.es\/#website"},"primaryImageOfPage":{"@id":"https:\/\/www.smokershop.es\/index.php\/producto\/pack-smell-red-lollypop-monkey\/#primaryimage"},"image":{"@id":"https:\/\/www.smokershop.es\/index.php\/producto\/pack-smell-red-lollypop-monkey\/#primaryimage"},"thumbnailUrl":"https:\/\/www.smokershop.es\/wp-content\/uploads\/2024\/02\/SMELL-LOLIPOP.jpg","datePublished":"2024-02-15T19:49:34+00:00","dateModified":"2026-04-24T10:47:45+00:00","description":"PACK SMELL RED LOLLYPOP MONKEY librillo con 32 papeles king size rojos y 32 filtros troquelados y con un envase perfumado con aroma a lollypop.","breadcrumb":{"@id":"https:\/\/www.smokershop.es\/index.php\/producto\/pack-smell-red-lollypop-monkey\/#breadcrumb"},"inLanguage":"es","potentialAction":[{"@type":"ReadAction","target":["https:\/\/www.smokershop.es\/index.php\/producto\/pack-smell-red-lollypop-monkey\/"]}]},{"@type":"ImageObject","inLanguage":"es","@id":"https:\/\/www.smokershop.es\/index.php\/producto\/pack-smell-red-lollypop-monkey\/#primaryimage","url":"https:\/\/www.smokershop.es\/wp-content\/uploads\/2024\/02\/SMELL-LOLIPOP.jpg","contentUrl":"https:\/\/www.smokershop.es\/wp-content\/uploads\/2024\/02\/SMELL-LOLIPOP.jpg","width":1350,"height":1350,"caption":"pack smell red lollypop monkey"},{"@type":"BreadcrumbList","@id":"https:\/\/www.smokershop.es\/index.php\/producto\/pack-smell-red-lollypop-monkey\/#breadcrumb","itemListElement":[{"@type":"ListItem","position":1,"name":"Portada","item":"https:\/\/www.smokershop.es\/"},{"@type":"ListItem","position":2,"name":"The Shop","item":"https:\/\/www.smokershop.es\/index.php\/shop\/"},{"@type":"ListItem","position":3,"name":"PACK SMELL RED LOLLYPOP MONKEY"}]},{"@type":"WebSite","@id":"https:\/\/www.smokershop.es\/#website","url":"https:\/\/www.smokershop.es\/","name":"The Smoker&#039;s Shop","description":"Todo para los fumadores","publisher":{"@id":"https:\/\/www.smokershop.es\/#organization"},"potentialAction":[{"@type":"SearchAction","target":{"@type":"EntryPoint","urlTemplate":"https:\/\/www.smokershop.es\/?s={search_term_string}"},"query-input":{"@type":"PropertyValueSpecification","valueRequired":true,"valueName":"search_term_string"}}],"inLanguage":"es"},{"@type":"Organization","@id":"https:\/\/www.smokershop.es\/#organization","name":"The Smoker&#039;s Shop","url":"https:\/\/www.smokershop.es\/","logo":{"@type":"ImageObject","inLanguage":"es","@id":"https:\/\/www.smokershop.es\/#\/schema\/logo\/image\/","url":"https:\/\/www.smokershop.es\/wp-content\/uploads\/2023\/10\/smokershop-logo.png","contentUrl":"https:\/\/www.smokershop.es\/wp-content\/uploads\/2023\/10\/smokershop-logo.png","width":1711,"height":752,"caption":"The Smoker&#039;s Shop"},"image":{"@id":"https:\/\/www.smokershop.es\/#\/schema\/logo\/image\/"},"sameAs":["https:\/\/www.instagram.com\/thesmokersshopofficial"]}]}},"_links":{"self":[{"href":"https:\/\/www.smokershop.es\/index.php\/wp-json\/wp\/v2\/product\/1635","targetHints":{"allow":["GET"]}}],"collection":[{"href":"https:\/\/www.smokershop.es\/index.php\/wp-json\/wp\/v2\/product"}],"about":[{"href":"https:\/\/www.smokershop.es\/index.php\/wp-json\/wp\/v2\/types\/product"}],"wp:featuredmedia":[{"embeddable":true,"href":"https:\/\/www.smokershop.es\/index.php\/wp-json\/wp\/v2\/media\/3745"}],"wp:attachment":[{"href":"https:\/\/www.smokershop.es\/index.php\/wp-json\/wp\/v2\/media?parent=1635"}],"wp:term":[{"taxonomy":"product_brand","embeddable":true,"href":"https:\/\/www.smokershop.es\/index.php\/wp-json\/wp\/v2\/product_brand?post=1635"},{"taxonomy":"product_cat","embeddable":true,"href":"https:\/\/www.smokershop.es\/index.php\/wp-json\/wp\/v2\/product_cat?post=1635"},{"taxonomy":"product_tag","embeddable":true,"href":"https:\/\/www.smokershop.es\/index.php\/wp-json\/wp\/v2\/product_tag?post=1635"}],"curies":[{"name":"wp","href":"https:\/\/api.w.org\/{rel}","templated":true}]}}