{"id":1689,"date":"2024-02-20T13:13:28","date_gmt":"2024-02-20T12:13:28","guid":{"rendered":"https:\/\/www.smokershop.es\/?post_type=product&#038;p=1689"},"modified":"2025-11-19T01:47:14","modified_gmt":"2025-11-19T00:47:14","slug":"papel-raw-king-size","status":"publish","type":"product","link":"https:\/\/www.smokershop.es\/index.php\/producto\/papel-raw-king-size\/","title":{"rendered":"PAPEL RAW KING SIZE"},"content":{"rendered":"<p>PAPEL RAW KING SIZE<\/p>\n<div>Consigue una manera m\u00e1s natural y org\u00e1nica de fumar por estar fabricado con elementos 100% naturales.<\/div>\n<div>Gracias a un proceso de fabricaci\u00f3n respetuoso con el medio ambiente se consigue una mezcla<\/div>\n<div>de fibras naturales de arroz y lino en nuestro papel natural y fibras de c\u00e1\u00f1amo en nuestro papel org\u00e1nico<\/div>\n<div>que dan lugar a un papel de fumar sin cloro, de sabor suave, que conserva el matiz de pigmentaci\u00f3n natural del papel.<\/div>\n<div><\/div>\n<div>Raw King Size Slim es un papel de fumar fino, casi transparente, que gracias a su filigrana romboidal de marcado de agua ofrece una combusti\u00f3n pausada que previene de un consumo innecesario.<\/div>\n<div>Raw a\u00f1ade goma natural de base de az\u00facar a toda su gama de productos para conseguir una pegatina<\/div>\n<div>con la mejor adherencia de una manera natural en la fabricaci\u00f3n de los cigarrillos.<\/div>\n<p>&nbsp;<\/p>\n","protected":false},"excerpt":{"rendered":"<ul>\n<li>Librillo de papel king size con 32 hojas<\/li>\n<\/ul>\n<p>&nbsp;<\/p>\n<ul>\n<li>Para Profesionales -&gt; 50 unidades por caja<\/li>\n<\/ul>\n","protected":false},"featured_media":3729,"template":"","meta":{"_joinchat":[]},"product_brand":[],"product_cat":[74,40,42],"product_tag":[],"class_list":{"0":"post-1689","1":"product","2":"type-product","3":"status-publish","4":"has-post-thumbnail","6":"product_cat-king-size","7":"product_cat-papel-de-fumar","8":"product_cat-papel-king-size","10":"first","11":"instock","12":"taxable","13":"shipping-taxable","14":"purchasable","15":"product-type-simple"},"yoast_head":"<!-- This site is optimized with the Yoast SEO plugin v27.4 - https:\/\/yoast.com\/product\/yoast-seo-wordpress\/ -->\n<title>PAPEL RAW KING SIZE - The Smoker&#039;s Shop<\/title>\n<meta name=\"description\" content=\"El PAPEL RAW KING SIZE\u00a0papel king size, marr\u00f3n semi transparente, sin blanquear, 100% natural, de combusti\u00f3n lenta, uniforme y de gran calidad.\" \/>\n<meta name=\"robots\" content=\"index, follow, max-snippet:-1, max-image-preview:large, max-video-preview:-1\" \/>\n<link rel=\"canonical\" href=\"https:\/\/www.smokershop.es\/index.php\/producto\/papel-raw-king-size\/\" \/>\n<meta property=\"og:locale\" content=\"es_ES\" \/>\n<meta property=\"og:type\" content=\"article\" \/>\n<meta property=\"og:title\" content=\"PAPEL RAW KING SIZE - The Smoker&#039;s Shop\" \/>\n<meta property=\"og:description\" content=\"El PAPEL RAW KING SIZE\u00a0papel king size, marr\u00f3n semi transparente, sin blanquear, 100% natural, de combusti\u00f3n lenta, uniforme y de gran calidad.\" \/>\n<meta property=\"og:url\" content=\"https:\/\/www.smokershop.es\/index.php\/producto\/papel-raw-king-size\/\" \/>\n<meta property=\"og:site_name\" content=\"The Smoker&#039;s Shop\" \/>\n<meta property=\"article:modified_time\" content=\"2025-11-19T00:47:14+00:00\" \/>\n<meta property=\"og:image\" content=\"https:\/\/www.smokershop.es\/wp-content\/uploads\/2024\/02\/Raw-Classic-papers.jpg\" \/>\n\t<meta property=\"og:image:width\" content=\"1350\" \/>\n\t<meta property=\"og:image:height\" content=\"1350\" \/>\n\t<meta property=\"og:image:type\" content=\"image\/jpeg\" \/>\n<meta name=\"twitter:card\" content=\"summary_large_image\" \/>\n<meta name=\"twitter:label1\" content=\"Tiempo de lectura\" \/>\n\t<meta name=\"twitter:data1\" content=\"1 minuto\" \/>\n<script type=\"application\/ld+json\" class=\"yoast-schema-graph\">{\"@context\":\"https:\\\/\\\/schema.org\",\"@graph\":[{\"@type\":\"WebPage\",\"@id\":\"https:\\\/\\\/www.smokershop.es\\\/index.php\\\/producto\\\/papel-raw-king-size\\\/\",\"url\":\"https:\\\/\\\/www.smokershop.es\\\/index.php\\\/producto\\\/papel-raw-king-size\\\/\",\"name\":\"PAPEL RAW KING SIZE - The Smoker&#039;s Shop\",\"isPartOf\":{\"@id\":\"https:\\\/\\\/www.smokershop.es\\\/#website\"},\"primaryImageOfPage\":{\"@id\":\"https:\\\/\\\/www.smokershop.es\\\/index.php\\\/producto\\\/papel-raw-king-size\\\/#primaryimage\"},\"image\":{\"@id\":\"https:\\\/\\\/www.smokershop.es\\\/index.php\\\/producto\\\/papel-raw-king-size\\\/#primaryimage\"},\"thumbnailUrl\":\"https:\\\/\\\/www.smokershop.es\\\/wp-content\\\/uploads\\\/2024\\\/02\\\/Raw-Classic-papers.jpg\",\"datePublished\":\"2024-02-20T12:13:28+00:00\",\"dateModified\":\"2025-11-19T00:47:14+00:00\",\"description\":\"El PAPEL RAW KING SIZE\u00a0papel king size, marr\u00f3n semi transparente, sin blanquear, 100% natural, de combusti\u00f3n lenta, uniforme y de gran calidad.\",\"breadcrumb\":{\"@id\":\"https:\\\/\\\/www.smokershop.es\\\/index.php\\\/producto\\\/papel-raw-king-size\\\/#breadcrumb\"},\"inLanguage\":\"es\",\"potentialAction\":[{\"@type\":\"ReadAction\",\"target\":[\"https:\\\/\\\/www.smokershop.es\\\/index.php\\\/producto\\\/papel-raw-king-size\\\/\"]}]},{\"@type\":\"ImageObject\",\"inLanguage\":\"es\",\"@id\":\"https:\\\/\\\/www.smokershop.es\\\/index.php\\\/producto\\\/papel-raw-king-size\\\/#primaryimage\",\"url\":\"https:\\\/\\\/www.smokershop.es\\\/wp-content\\\/uploads\\\/2024\\\/02\\\/Raw-Classic-papers.jpg\",\"contentUrl\":\"https:\\\/\\\/www.smokershop.es\\\/wp-content\\\/uploads\\\/2024\\\/02\\\/Raw-Classic-papers.jpg\",\"width\":1350,\"height\":1350},{\"@type\":\"BreadcrumbList\",\"@id\":\"https:\\\/\\\/www.smokershop.es\\\/index.php\\\/producto\\\/papel-raw-king-size\\\/#breadcrumb\",\"itemListElement\":[{\"@type\":\"ListItem\",\"position\":1,\"name\":\"Portada\",\"item\":\"https:\\\/\\\/www.smokershop.es\\\/\"},{\"@type\":\"ListItem\",\"position\":2,\"name\":\"The Shop\",\"item\":\"https:\\\/\\\/www.smokershop.es\\\/index.php\\\/shop\\\/\"},{\"@type\":\"ListItem\",\"position\":3,\"name\":\"PAPEL RAW KING SIZE\"}]},{\"@type\":\"WebSite\",\"@id\":\"https:\\\/\\\/www.smokershop.es\\\/#website\",\"url\":\"https:\\\/\\\/www.smokershop.es\\\/\",\"name\":\"The Smoker&#039;s Shop\",\"description\":\"Todo para los fumadores\",\"publisher\":{\"@id\":\"https:\\\/\\\/www.smokershop.es\\\/#organization\"},\"potentialAction\":[{\"@type\":\"SearchAction\",\"target\":{\"@type\":\"EntryPoint\",\"urlTemplate\":\"https:\\\/\\\/www.smokershop.es\\\/?s={search_term_string}\"},\"query-input\":{\"@type\":\"PropertyValueSpecification\",\"valueRequired\":true,\"valueName\":\"search_term_string\"}}],\"inLanguage\":\"es\"},{\"@type\":\"Organization\",\"@id\":\"https:\\\/\\\/www.smokershop.es\\\/#organization\",\"name\":\"The Smoker&#039;s Shop\",\"url\":\"https:\\\/\\\/www.smokershop.es\\\/\",\"logo\":{\"@type\":\"ImageObject\",\"inLanguage\":\"es\",\"@id\":\"https:\\\/\\\/www.smokershop.es\\\/#\\\/schema\\\/logo\\\/image\\\/\",\"url\":\"https:\\\/\\\/www.smokershop.es\\\/wp-content\\\/uploads\\\/2023\\\/10\\\/smokershop-logo.png\",\"contentUrl\":\"https:\\\/\\\/www.smokershop.es\\\/wp-content\\\/uploads\\\/2023\\\/10\\\/smokershop-logo.png\",\"width\":1711,\"height\":752,\"caption\":\"The Smoker&#039;s Shop\"},\"image\":{\"@id\":\"https:\\\/\\\/www.smokershop.es\\\/#\\\/schema\\\/logo\\\/image\\\/\"},\"sameAs\":[\"https:\\\/\\\/www.instagram.com\\\/thesmokersshopofficial\"]}]}<\/script>\n<!-- \/ Yoast SEO plugin. -->","yoast_head_json":{"title":"PAPEL RAW KING SIZE - The Smoker&#039;s Shop","description":"El PAPEL RAW KING SIZE\u00a0papel king size, marr\u00f3n semi transparente, sin blanquear, 100% natural, de combusti\u00f3n lenta, uniforme y de gran calidad.","robots":{"index":"index","follow":"follow","max-snippet":"max-snippet:-1","max-image-preview":"max-image-preview:large","max-video-preview":"max-video-preview:-1"},"canonical":"https:\/\/www.smokershop.es\/index.php\/producto\/papel-raw-king-size\/","og_locale":"es_ES","og_type":"article","og_title":"PAPEL RAW KING SIZE - The Smoker&#039;s Shop","og_description":"El PAPEL RAW KING SIZE\u00a0papel king size, marr\u00f3n semi transparente, sin blanquear, 100% natural, de combusti\u00f3n lenta, uniforme y de gran calidad.","og_url":"https:\/\/www.smokershop.es\/index.php\/producto\/papel-raw-king-size\/","og_site_name":"The Smoker&#039;s Shop","article_modified_time":"2025-11-19T00:47:14+00:00","og_image":[{"width":1350,"height":1350,"url":"https:\/\/www.smokershop.es\/wp-content\/uploads\/2024\/02\/Raw-Classic-papers.jpg","type":"image\/jpeg"}],"twitter_card":"summary_large_image","twitter_misc":{"Tiempo de lectura":"1 minuto"},"schema":{"@context":"https:\/\/schema.org","@graph":[{"@type":"WebPage","@id":"https:\/\/www.smokershop.es\/index.php\/producto\/papel-raw-king-size\/","url":"https:\/\/www.smokershop.es\/index.php\/producto\/papel-raw-king-size\/","name":"PAPEL RAW KING SIZE - The Smoker&#039;s Shop","isPartOf":{"@id":"https:\/\/www.smokershop.es\/#website"},"primaryImageOfPage":{"@id":"https:\/\/www.smokershop.es\/index.php\/producto\/papel-raw-king-size\/#primaryimage"},"image":{"@id":"https:\/\/www.smokershop.es\/index.php\/producto\/papel-raw-king-size\/#primaryimage"},"thumbnailUrl":"https:\/\/www.smokershop.es\/wp-content\/uploads\/2024\/02\/Raw-Classic-papers.jpg","datePublished":"2024-02-20T12:13:28+00:00","dateModified":"2025-11-19T00:47:14+00:00","description":"El PAPEL RAW KING SIZE\u00a0papel king size, marr\u00f3n semi transparente, sin blanquear, 100% natural, de combusti\u00f3n lenta, uniforme y de gran calidad.","breadcrumb":{"@id":"https:\/\/www.smokershop.es\/index.php\/producto\/papel-raw-king-size\/#breadcrumb"},"inLanguage":"es","potentialAction":[{"@type":"ReadAction","target":["https:\/\/www.smokershop.es\/index.php\/producto\/papel-raw-king-size\/"]}]},{"@type":"ImageObject","inLanguage":"es","@id":"https:\/\/www.smokershop.es\/index.php\/producto\/papel-raw-king-size\/#primaryimage","url":"https:\/\/www.smokershop.es\/wp-content\/uploads\/2024\/02\/Raw-Classic-papers.jpg","contentUrl":"https:\/\/www.smokershop.es\/wp-content\/uploads\/2024\/02\/Raw-Classic-papers.jpg","width":1350,"height":1350},{"@type":"BreadcrumbList","@id":"https:\/\/www.smokershop.es\/index.php\/producto\/papel-raw-king-size\/#breadcrumb","itemListElement":[{"@type":"ListItem","position":1,"name":"Portada","item":"https:\/\/www.smokershop.es\/"},{"@type":"ListItem","position":2,"name":"The Shop","item":"https:\/\/www.smokershop.es\/index.php\/shop\/"},{"@type":"ListItem","position":3,"name":"PAPEL RAW KING SIZE"}]},{"@type":"WebSite","@id":"https:\/\/www.smokershop.es\/#website","url":"https:\/\/www.smokershop.es\/","name":"The Smoker&#039;s Shop","description":"Todo para los fumadores","publisher":{"@id":"https:\/\/www.smokershop.es\/#organization"},"potentialAction":[{"@type":"SearchAction","target":{"@type":"EntryPoint","urlTemplate":"https:\/\/www.smokershop.es\/?s={search_term_string}"},"query-input":{"@type":"PropertyValueSpecification","valueRequired":true,"valueName":"search_term_string"}}],"inLanguage":"es"},{"@type":"Organization","@id":"https:\/\/www.smokershop.es\/#organization","name":"The Smoker&#039;s Shop","url":"https:\/\/www.smokershop.es\/","logo":{"@type":"ImageObject","inLanguage":"es","@id":"https:\/\/www.smokershop.es\/#\/schema\/logo\/image\/","url":"https:\/\/www.smokershop.es\/wp-content\/uploads\/2023\/10\/smokershop-logo.png","contentUrl":"https:\/\/www.smokershop.es\/wp-content\/uploads\/2023\/10\/smokershop-logo.png","width":1711,"height":752,"caption":"The Smoker&#039;s Shop"},"image":{"@id":"https:\/\/www.smokershop.es\/#\/schema\/logo\/image\/"},"sameAs":["https:\/\/www.instagram.com\/thesmokersshopofficial"]}]}},"_links":{"self":[{"href":"https:\/\/www.smokershop.es\/index.php\/wp-json\/wp\/v2\/product\/1689","targetHints":{"allow":["GET"]}}],"collection":[{"href":"https:\/\/www.smokershop.es\/index.php\/wp-json\/wp\/v2\/product"}],"about":[{"href":"https:\/\/www.smokershop.es\/index.php\/wp-json\/wp\/v2\/types\/product"}],"wp:featuredmedia":[{"embeddable":true,"href":"https:\/\/www.smokershop.es\/index.php\/wp-json\/wp\/v2\/media\/3729"}],"wp:attachment":[{"href":"https:\/\/www.smokershop.es\/index.php\/wp-json\/wp\/v2\/media?parent=1689"}],"wp:term":[{"taxonomy":"product_brand","embeddable":true,"href":"https:\/\/www.smokershop.es\/index.php\/wp-json\/wp\/v2\/product_brand?post=1689"},{"taxonomy":"product_cat","embeddable":true,"href":"https:\/\/www.smokershop.es\/index.php\/wp-json\/wp\/v2\/product_cat?post=1689"},{"taxonomy":"product_tag","embeddable":true,"href":"https:\/\/www.smokershop.es\/index.php\/wp-json\/wp\/v2\/product_tag?post=1689"}],"curies":[{"name":"wp","href":"https:\/\/api.w.org\/{rel}","templated":true}]}}