{"id":1807,"date":"2024-02-23T01:05:32","date_gmt":"2024-02-23T00:05:32","guid":{"rendered":"https:\/\/www.smokershop.es\/?post_type=product&#038;p=1807"},"modified":"2026-03-09T21:04:35","modified_gmt":"2026-03-09T20:04:35","slug":"blunt-juicy-hemp-wrap-red-alert","status":"publish","type":"product","link":"https:\/\/www.smokershop.es\/index.php\/producto\/blunt-juicy-hemp-wrap-red-alert\/","title":{"rendered":"BLUNT JUICY HEMP WRAP RED ALERT"},"content":{"rendered":"<p>BLUNT JUICY HEMP WRAP RED ALERT.<\/p>\n<p>Los Blunt Juicy Hemp Wrap son envolturas para liar cigarrillos fabricados 100% de c\u00e1\u00f1amo natural, son jugosos, h\u00famedos y aromatizados. A diferencia de otros blunts secos, Juicy emplea su sistema \u00fanico y patentado Triple-dip. Adem\u00e1s van sellados con un cierre zip para obtener una frescura garantizada en el momento en el que vayas a usarlo.<\/p>\n<p>Los Blunts Juicy Hemp Wraps Red Alert miden 105mm de longitud, no contienen ni tabaco ni nicotina y te har\u00e1n disfruta de una nueva experiencia a la hora de liar y fumar tus hierbas con los blunts.<\/p>\n","protected":false},"excerpt":{"rendered":"<ul>\n<li>Bunlts fabricados 100% de c\u00e1\u00f1amo natural, son jugosos, h\u00famedos y\u00a0 aromatizados. No contienen ni tabaco ni nicotina<\/li>\n<li>Miden 105mm de longitud, contiene 2 unidades por paquete de sabor red alert (fresa)<\/li>\n<li>2 unidades por paquete,<\/li>\n<\/ul>\n<p>&nbsp;<\/p>\n<ul>\n<li>Para Profesionales -&gt; 25 paquetes por caja<\/li>\n<\/ul>\n","protected":false},"featured_media":1853,"template":"","meta":{"_joinchat":[]},"product_brand":[],"product_cat":[44],"product_tag":[],"class_list":{"0":"post-1807","1":"product","2":"type-product","3":"status-publish","4":"has-post-thumbnail","6":"product_cat-otros","8":"first","9":"outofstock","10":"taxable","11":"shipping-taxable","12":"purchasable","13":"product-type-simple"},"yoast_head":"<!-- This site is optimized with the Yoast SEO plugin v27.2 - https:\/\/yoast.com\/product\/yoast-seo-wordpress\/ -->\n<title>BLUNT JUICY HEMP WRAP RED ALERT - The Smoker&#039;s Shop<\/title>\n<meta name=\"description\" content=\"BLUNT JUICY HEMP WRAP RED ALERT fabricados 100% de c\u00e1\u00f1amo natural, son jugosos, h\u00famedos y aromatizados que no contienen ni tabaco ni nicotina.\" \/>\n<meta name=\"robots\" content=\"index, follow, max-snippet:-1, max-image-preview:large, max-video-preview:-1\" \/>\n<link rel=\"canonical\" href=\"https:\/\/www.smokershop.es\/index.php\/producto\/blunt-juicy-hemp-wrap-red-alert\/\" \/>\n<meta property=\"og:locale\" content=\"es_ES\" \/>\n<meta property=\"og:type\" content=\"article\" \/>\n<meta property=\"og:title\" content=\"BLUNT JUICY HEMP WRAP RED ALERT - The Smoker&#039;s Shop\" \/>\n<meta property=\"og:description\" content=\"BLUNT JUICY HEMP WRAP RED ALERT fabricados 100% de c\u00e1\u00f1amo natural, son jugosos, h\u00famedos y aromatizados que no contienen ni tabaco ni nicotina.\" \/>\n<meta property=\"og:url\" content=\"https:\/\/www.smokershop.es\/index.php\/producto\/blunt-juicy-hemp-wrap-red-alert\/\" \/>\n<meta property=\"og:site_name\" content=\"The Smoker&#039;s Shop\" \/>\n<meta property=\"article:modified_time\" content=\"2026-03-09T20:04:35+00:00\" \/>\n<meta property=\"og:image\" content=\"https:\/\/www.smokershop.es\/wp-content\/uploads\/2024\/02\/blunt-juicy-hemp-wrap-red-alert.jpg\" \/>\n\t<meta property=\"og:image:width\" content=\"600\" \/>\n\t<meta property=\"og:image:height\" content=\"600\" \/>\n\t<meta property=\"og:image:type\" content=\"image\/jpeg\" \/>\n<meta name=\"twitter:card\" content=\"summary_large_image\" \/>\n<meta name=\"twitter:label1\" content=\"Tiempo de lectura\" \/>\n\t<meta name=\"twitter:data1\" content=\"1 minuto\" \/>\n<script type=\"application\/ld+json\" class=\"yoast-schema-graph\">{\"@context\":\"https:\/\/schema.org\",\"@graph\":[{\"@type\":\"WebPage\",\"@id\":\"https:\/\/www.smokershop.es\/index.php\/producto\/blunt-juicy-hemp-wrap-red-alert\/\",\"url\":\"https:\/\/www.smokershop.es\/index.php\/producto\/blunt-juicy-hemp-wrap-red-alert\/\",\"name\":\"BLUNT JUICY HEMP WRAP RED ALERT - The Smoker&#039;s Shop\",\"isPartOf\":{\"@id\":\"https:\/\/www.smokershop.es\/#website\"},\"primaryImageOfPage\":{\"@id\":\"https:\/\/www.smokershop.es\/index.php\/producto\/blunt-juicy-hemp-wrap-red-alert\/#primaryimage\"},\"image\":{\"@id\":\"https:\/\/www.smokershop.es\/index.php\/producto\/blunt-juicy-hemp-wrap-red-alert\/#primaryimage\"},\"thumbnailUrl\":\"https:\/\/www.smokershop.es\/wp-content\/uploads\/2024\/02\/blunt-juicy-hemp-wrap-red-alert.jpg\",\"datePublished\":\"2024-02-23T00:05:32+00:00\",\"dateModified\":\"2026-03-09T20:04:35+00:00\",\"description\":\"BLUNT JUICY HEMP WRAP RED ALERT fabricados 100% de c\u00e1\u00f1amo natural, son jugosos, h\u00famedos y aromatizados que no contienen ni tabaco ni nicotina.\",\"breadcrumb\":{\"@id\":\"https:\/\/www.smokershop.es\/index.php\/producto\/blunt-juicy-hemp-wrap-red-alert\/#breadcrumb\"},\"inLanguage\":\"es\",\"potentialAction\":[{\"@type\":\"ReadAction\",\"target\":[\"https:\/\/www.smokershop.es\/index.php\/producto\/blunt-juicy-hemp-wrap-red-alert\/\"]}]},{\"@type\":\"ImageObject\",\"inLanguage\":\"es\",\"@id\":\"https:\/\/www.smokershop.es\/index.php\/producto\/blunt-juicy-hemp-wrap-red-alert\/#primaryimage\",\"url\":\"https:\/\/www.smokershop.es\/wp-content\/uploads\/2024\/02\/blunt-juicy-hemp-wrap-red-alert.jpg\",\"contentUrl\":\"https:\/\/www.smokershop.es\/wp-content\/uploads\/2024\/02\/blunt-juicy-hemp-wrap-red-alert.jpg\",\"width\":600,\"height\":600,\"caption\":\"BLUNT JUICY HEMP WRAP RED ALERT\"},{\"@type\":\"BreadcrumbList\",\"@id\":\"https:\/\/www.smokershop.es\/index.php\/producto\/blunt-juicy-hemp-wrap-red-alert\/#breadcrumb\",\"itemListElement\":[{\"@type\":\"ListItem\",\"position\":1,\"name\":\"Portada\",\"item\":\"https:\/\/www.smokershop.es\/\"},{\"@type\":\"ListItem\",\"position\":2,\"name\":\"The Shop\",\"item\":\"https:\/\/www.smokershop.es\/index.php\/shop\/\"},{\"@type\":\"ListItem\",\"position\":3,\"name\":\"BLUNT JUICY HEMP WRAP RED ALERT\"}]},{\"@type\":\"WebSite\",\"@id\":\"https:\/\/www.smokershop.es\/#website\",\"url\":\"https:\/\/www.smokershop.es\/\",\"name\":\"The Smoker&#039;s Shop\",\"description\":\"Todo para los fumadores\",\"publisher\":{\"@id\":\"https:\/\/www.smokershop.es\/#organization\"},\"potentialAction\":[{\"@type\":\"SearchAction\",\"target\":{\"@type\":\"EntryPoint\",\"urlTemplate\":\"https:\/\/www.smokershop.es\/?s={search_term_string}\"},\"query-input\":{\"@type\":\"PropertyValueSpecification\",\"valueRequired\":true,\"valueName\":\"search_term_string\"}}],\"inLanguage\":\"es\"},{\"@type\":\"Organization\",\"@id\":\"https:\/\/www.smokershop.es\/#organization\",\"name\":\"The Smoker&#039;s Shop\",\"url\":\"https:\/\/www.smokershop.es\/\",\"logo\":{\"@type\":\"ImageObject\",\"inLanguage\":\"es\",\"@id\":\"https:\/\/www.smokershop.es\/#\/schema\/logo\/image\/\",\"url\":\"https:\/\/www.smokershop.es\/wp-content\/uploads\/2023\/10\/smokershop-logo.png\",\"contentUrl\":\"https:\/\/www.smokershop.es\/wp-content\/uploads\/2023\/10\/smokershop-logo.png\",\"width\":1711,\"height\":752,\"caption\":\"The Smoker&#039;s Shop\"},\"image\":{\"@id\":\"https:\/\/www.smokershop.es\/#\/schema\/logo\/image\/\"},\"sameAs\":[\"https:\/\/www.instagram.com\/thesmokersshopofficial\"]}]}<\/script>\n<!-- \/ Yoast SEO plugin. -->","yoast_head_json":{"title":"BLUNT JUICY HEMP WRAP RED ALERT - The Smoker&#039;s Shop","description":"BLUNT JUICY HEMP WRAP RED ALERT fabricados 100% de c\u00e1\u00f1amo natural, son jugosos, h\u00famedos y aromatizados que no contienen ni tabaco ni nicotina.","robots":{"index":"index","follow":"follow","max-snippet":"max-snippet:-1","max-image-preview":"max-image-preview:large","max-video-preview":"max-video-preview:-1"},"canonical":"https:\/\/www.smokershop.es\/index.php\/producto\/blunt-juicy-hemp-wrap-red-alert\/","og_locale":"es_ES","og_type":"article","og_title":"BLUNT JUICY HEMP WRAP RED ALERT - The Smoker&#039;s Shop","og_description":"BLUNT JUICY HEMP WRAP RED ALERT fabricados 100% de c\u00e1\u00f1amo natural, son jugosos, h\u00famedos y aromatizados que no contienen ni tabaco ni nicotina.","og_url":"https:\/\/www.smokershop.es\/index.php\/producto\/blunt-juicy-hemp-wrap-red-alert\/","og_site_name":"The Smoker&#039;s Shop","article_modified_time":"2026-03-09T20:04:35+00:00","og_image":[{"width":600,"height":600,"url":"https:\/\/www.smokershop.es\/wp-content\/uploads\/2024\/02\/blunt-juicy-hemp-wrap-red-alert.jpg","type":"image\/jpeg"}],"twitter_card":"summary_large_image","twitter_misc":{"Tiempo de lectura":"1 minuto"},"schema":{"@context":"https:\/\/schema.org","@graph":[{"@type":"WebPage","@id":"https:\/\/www.smokershop.es\/index.php\/producto\/blunt-juicy-hemp-wrap-red-alert\/","url":"https:\/\/www.smokershop.es\/index.php\/producto\/blunt-juicy-hemp-wrap-red-alert\/","name":"BLUNT JUICY HEMP WRAP RED ALERT - The Smoker&#039;s Shop","isPartOf":{"@id":"https:\/\/www.smokershop.es\/#website"},"primaryImageOfPage":{"@id":"https:\/\/www.smokershop.es\/index.php\/producto\/blunt-juicy-hemp-wrap-red-alert\/#primaryimage"},"image":{"@id":"https:\/\/www.smokershop.es\/index.php\/producto\/blunt-juicy-hemp-wrap-red-alert\/#primaryimage"},"thumbnailUrl":"https:\/\/www.smokershop.es\/wp-content\/uploads\/2024\/02\/blunt-juicy-hemp-wrap-red-alert.jpg","datePublished":"2024-02-23T00:05:32+00:00","dateModified":"2026-03-09T20:04:35+00:00","description":"BLUNT JUICY HEMP WRAP RED ALERT fabricados 100% de c\u00e1\u00f1amo natural, son jugosos, h\u00famedos y aromatizados que no contienen ni tabaco ni nicotina.","breadcrumb":{"@id":"https:\/\/www.smokershop.es\/index.php\/producto\/blunt-juicy-hemp-wrap-red-alert\/#breadcrumb"},"inLanguage":"es","potentialAction":[{"@type":"ReadAction","target":["https:\/\/www.smokershop.es\/index.php\/producto\/blunt-juicy-hemp-wrap-red-alert\/"]}]},{"@type":"ImageObject","inLanguage":"es","@id":"https:\/\/www.smokershop.es\/index.php\/producto\/blunt-juicy-hemp-wrap-red-alert\/#primaryimage","url":"https:\/\/www.smokershop.es\/wp-content\/uploads\/2024\/02\/blunt-juicy-hemp-wrap-red-alert.jpg","contentUrl":"https:\/\/www.smokershop.es\/wp-content\/uploads\/2024\/02\/blunt-juicy-hemp-wrap-red-alert.jpg","width":600,"height":600,"caption":"BLUNT JUICY HEMP WRAP RED ALERT"},{"@type":"BreadcrumbList","@id":"https:\/\/www.smokershop.es\/index.php\/producto\/blunt-juicy-hemp-wrap-red-alert\/#breadcrumb","itemListElement":[{"@type":"ListItem","position":1,"name":"Portada","item":"https:\/\/www.smokershop.es\/"},{"@type":"ListItem","position":2,"name":"The Shop","item":"https:\/\/www.smokershop.es\/index.php\/shop\/"},{"@type":"ListItem","position":3,"name":"BLUNT JUICY HEMP WRAP RED ALERT"}]},{"@type":"WebSite","@id":"https:\/\/www.smokershop.es\/#website","url":"https:\/\/www.smokershop.es\/","name":"The Smoker&#039;s Shop","description":"Todo para los fumadores","publisher":{"@id":"https:\/\/www.smokershop.es\/#organization"},"potentialAction":[{"@type":"SearchAction","target":{"@type":"EntryPoint","urlTemplate":"https:\/\/www.smokershop.es\/?s={search_term_string}"},"query-input":{"@type":"PropertyValueSpecification","valueRequired":true,"valueName":"search_term_string"}}],"inLanguage":"es"},{"@type":"Organization","@id":"https:\/\/www.smokershop.es\/#organization","name":"The Smoker&#039;s Shop","url":"https:\/\/www.smokershop.es\/","logo":{"@type":"ImageObject","inLanguage":"es","@id":"https:\/\/www.smokershop.es\/#\/schema\/logo\/image\/","url":"https:\/\/www.smokershop.es\/wp-content\/uploads\/2023\/10\/smokershop-logo.png","contentUrl":"https:\/\/www.smokershop.es\/wp-content\/uploads\/2023\/10\/smokershop-logo.png","width":1711,"height":752,"caption":"The Smoker&#039;s Shop"},"image":{"@id":"https:\/\/www.smokershop.es\/#\/schema\/logo\/image\/"},"sameAs":["https:\/\/www.instagram.com\/thesmokersshopofficial"]}]}},"_links":{"self":[{"href":"https:\/\/www.smokershop.es\/index.php\/wp-json\/wp\/v2\/product\/1807","targetHints":{"allow":["GET"]}}],"collection":[{"href":"https:\/\/www.smokershop.es\/index.php\/wp-json\/wp\/v2\/product"}],"about":[{"href":"https:\/\/www.smokershop.es\/index.php\/wp-json\/wp\/v2\/types\/product"}],"wp:featuredmedia":[{"embeddable":true,"href":"https:\/\/www.smokershop.es\/index.php\/wp-json\/wp\/v2\/media\/1853"}],"wp:attachment":[{"href":"https:\/\/www.smokershop.es\/index.php\/wp-json\/wp\/v2\/media?parent=1807"}],"wp:term":[{"taxonomy":"product_brand","embeddable":true,"href":"https:\/\/www.smokershop.es\/index.php\/wp-json\/wp\/v2\/product_brand?post=1807"},{"taxonomy":"product_cat","embeddable":true,"href":"https:\/\/www.smokershop.es\/index.php\/wp-json\/wp\/v2\/product_cat?post=1807"},{"taxonomy":"product_tag","embeddable":true,"href":"https:\/\/www.smokershop.es\/index.php\/wp-json\/wp\/v2\/product_tag?post=1807"}],"curies":[{"name":"wp","href":"https:\/\/api.w.org\/{rel}","templated":true}]}}