{"id":1815,"date":"2024-02-23T01:24:25","date_gmt":"2024-02-23T00:24:25","guid":{"rendered":"https:\/\/www.smokershop.es\/?post_type=product&#038;p=1815"},"modified":"2026-04-24T11:50:12","modified_gmt":"2026-04-24T09:50:12","slug":"conos-cyclones-wraps-hemp-original","status":"publish","type":"product","link":"https:\/\/www.smokershop.es\/index.php\/producto\/conos-cyclones-wraps-hemp-original\/","title":{"rendered":"CONOS CYCLONES WRAPS HEMP ORIGINAL"},"content":{"rendered":"<div class=\"ut2-breadcrumbs__wrapper\">\n<div id=\"breadcrumbs_74\">\n<div class=\"ty-breadcrumbs clearfix\"><\/div>\n<\/div>\n<\/div>\n<div id=\"tabs_content\" class=\"cm-tabs-content ty-tabs__content clearfix\">\n<div id=\"content_description\" class=\"ty-wysiwyg-content content-description\" data-ca-accordion-is-active-scroll-to-elm=\"1\">\n<div>\n<p>CONOS CYCLONES WRAPS HEMP ORIGINAL<\/p>\n<p>Los Cyclones Hemp Original son conos pre-liados en c\u00e1\u00f1amo, libre al 100% de tabaco y nicotina.<\/p>\n<p>Cada pack contiene 2 conos en tubo reutilizable que les proteger\u00e1 de ser aplastados o da\u00f1ados, los cuales puedes rellenar y dejar listos para fumarlos cuando quieras. De combusti\u00f3n lenta, uniforme y elaborados 100% sin tabaco.<\/p>\n<p>Descubre los diferentes modelos y sabores disponibles y s\u00e1cale el m\u00e1ximo partido a tus hierbas.<\/p>\n<\/div>\n<\/div>\n<\/div>\n","protected":false},"excerpt":{"rendered":"<ul>\n<li>Conos pre-liados en c\u00e1\u00f1amo para rellenar.<\/li>\n<li>Elaborado 100% sin tabaco, de sabor original y 105mm de tama\u00f1o.<\/li>\n<li>2 unidades por envase.<\/li>\n<\/ul>\n<ul>\n<li style=\"list-style-type: none;\">\n<ul>\n<li><em>FORMATO PRO -&gt; DISPLAY 12x Envases de 2<\/em><\/li>\n<li><strong>\u2b07\ufe0f PRECIOS MAYORISTA PARA PROFESIONALES \u2b07\ufe0f<\/strong><\/li>\n<\/ul>\n<\/li>\n<\/ul>\n<p style=\"padding-left: 200px;\"><strong><a href=\"https:\/\/www.smokershop.es\/index.php\/register\/\" target=\"_blank\" rel=\"noopener\">\ud83d\udc49 REGISTRATE AQUI \ud83d\udc48<\/a><\/strong><\/p>\n<p>&nbsp;<\/p>\n","protected":false},"featured_media":1862,"template":"","meta":{"_joinchat":[]},"product_brand":[],"product_cat":[44,40],"product_tag":[],"class_list":{"0":"post-1815","1":"product","2":"type-product","3":"status-publish","4":"has-post-thumbnail","6":"product_cat-otros","7":"product_cat-papel-de-fumar","9":"first","10":"instock","11":"taxable","12":"shipping-taxable","13":"purchasable","14":"product-type-simple"},"yoast_head":"<!-- This site is optimized with the Yoast SEO plugin v27.4 - https:\/\/yoast.com\/product\/yoast-seo-wordpress\/ -->\n<title>CONOS CYCLONES WRAPS HEMP ORIGINAL - The Smoker&#039;s Shop<\/title>\n<meta name=\"description\" content=\"CONOS CYCLONES WRAPS HEMP ORIGINAL pre-liados en c\u00e1\u00f1amo, libre al 100% de tabaco y nicotina, para que los rellenes con tus hierbas favoritas.\" \/>\n<meta name=\"robots\" content=\"index, follow, max-snippet:-1, max-image-preview:large, max-video-preview:-1\" \/>\n<link rel=\"canonical\" href=\"https:\/\/www.smokershop.es\/index.php\/producto\/conos-cyclones-wraps-hemp-original\/\" \/>\n<meta property=\"og:locale\" content=\"es_ES\" \/>\n<meta property=\"og:type\" content=\"article\" \/>\n<meta property=\"og:title\" content=\"CONOS CYCLONES WRAPS HEMP ORIGINAL - The Smoker&#039;s Shop\" \/>\n<meta property=\"og:description\" content=\"CONOS CYCLONES WRAPS HEMP ORIGINAL pre-liados en c\u00e1\u00f1amo, libre al 100% de tabaco y nicotina, para que los rellenes con tus hierbas favoritas.\" \/>\n<meta property=\"og:url\" content=\"https:\/\/www.smokershop.es\/index.php\/producto\/conos-cyclones-wraps-hemp-original\/\" \/>\n<meta property=\"og:site_name\" content=\"The Smoker&#039;s Shop\" \/>\n<meta property=\"article:modified_time\" content=\"2026-04-24T09:50:12+00:00\" \/>\n<meta property=\"og:image\" content=\"https:\/\/www.smokershop.es\/wp-content\/uploads\/2024\/02\/conos-cyclones-wraps-hemp-original-conos.jpg\" \/>\n\t<meta property=\"og:image:width\" content=\"600\" \/>\n\t<meta property=\"og:image:height\" content=\"600\" \/>\n\t<meta property=\"og:image:type\" content=\"image\/jpeg\" \/>\n<meta name=\"twitter:card\" content=\"summary_large_image\" \/>\n<meta name=\"twitter:label1\" content=\"Tiempo de lectura\" \/>\n\t<meta name=\"twitter:data1\" content=\"1 minuto\" \/>\n<script type=\"application\/ld+json\" class=\"yoast-schema-graph\">{\"@context\":\"https:\\\/\\\/schema.org\",\"@graph\":[{\"@type\":\"WebPage\",\"@id\":\"https:\\\/\\\/www.smokershop.es\\\/index.php\\\/producto\\\/conos-cyclones-wraps-hemp-original\\\/\",\"url\":\"https:\\\/\\\/www.smokershop.es\\\/index.php\\\/producto\\\/conos-cyclones-wraps-hemp-original\\\/\",\"name\":\"CONOS CYCLONES WRAPS HEMP ORIGINAL - The Smoker&#039;s Shop\",\"isPartOf\":{\"@id\":\"https:\\\/\\\/www.smokershop.es\\\/#website\"},\"primaryImageOfPage\":{\"@id\":\"https:\\\/\\\/www.smokershop.es\\\/index.php\\\/producto\\\/conos-cyclones-wraps-hemp-original\\\/#primaryimage\"},\"image\":{\"@id\":\"https:\\\/\\\/www.smokershop.es\\\/index.php\\\/producto\\\/conos-cyclones-wraps-hemp-original\\\/#primaryimage\"},\"thumbnailUrl\":\"https:\\\/\\\/www.smokershop.es\\\/wp-content\\\/uploads\\\/2024\\\/02\\\/conos-cyclones-wraps-hemp-original-conos.jpg\",\"datePublished\":\"2024-02-23T00:24:25+00:00\",\"dateModified\":\"2026-04-24T09:50:12+00:00\",\"description\":\"CONOS CYCLONES WRAPS HEMP ORIGINAL pre-liados en c\u00e1\u00f1amo, libre al 100% de tabaco y nicotina, para que los rellenes con tus hierbas favoritas.\",\"breadcrumb\":{\"@id\":\"https:\\\/\\\/www.smokershop.es\\\/index.php\\\/producto\\\/conos-cyclones-wraps-hemp-original\\\/#breadcrumb\"},\"inLanguage\":\"es\",\"potentialAction\":[{\"@type\":\"ReadAction\",\"target\":[\"https:\\\/\\\/www.smokershop.es\\\/index.php\\\/producto\\\/conos-cyclones-wraps-hemp-original\\\/\"]}]},{\"@type\":\"ImageObject\",\"inLanguage\":\"es\",\"@id\":\"https:\\\/\\\/www.smokershop.es\\\/index.php\\\/producto\\\/conos-cyclones-wraps-hemp-original\\\/#primaryimage\",\"url\":\"https:\\\/\\\/www.smokershop.es\\\/wp-content\\\/uploads\\\/2024\\\/02\\\/conos-cyclones-wraps-hemp-original-conos.jpg\",\"contentUrl\":\"https:\\\/\\\/www.smokershop.es\\\/wp-content\\\/uploads\\\/2024\\\/02\\\/conos-cyclones-wraps-hemp-original-conos.jpg\",\"width\":600,\"height\":600,\"caption\":\"CONOS CYCLONES WRAPS HEMP ORIGINAL\"},{\"@type\":\"BreadcrumbList\",\"@id\":\"https:\\\/\\\/www.smokershop.es\\\/index.php\\\/producto\\\/conos-cyclones-wraps-hemp-original\\\/#breadcrumb\",\"itemListElement\":[{\"@type\":\"ListItem\",\"position\":1,\"name\":\"Portada\",\"item\":\"https:\\\/\\\/www.smokershop.es\\\/\"},{\"@type\":\"ListItem\",\"position\":2,\"name\":\"The Shop\",\"item\":\"https:\\\/\\\/www.smokershop.es\\\/index.php\\\/shop\\\/\"},{\"@type\":\"ListItem\",\"position\":3,\"name\":\"CONOS CYCLONES WRAPS HEMP ORIGINAL\"}]},{\"@type\":\"WebSite\",\"@id\":\"https:\\\/\\\/www.smokershop.es\\\/#website\",\"url\":\"https:\\\/\\\/www.smokershop.es\\\/\",\"name\":\"The Smoker&#039;s Shop\",\"description\":\"Todo para los fumadores\",\"publisher\":{\"@id\":\"https:\\\/\\\/www.smokershop.es\\\/#organization\"},\"potentialAction\":[{\"@type\":\"SearchAction\",\"target\":{\"@type\":\"EntryPoint\",\"urlTemplate\":\"https:\\\/\\\/www.smokershop.es\\\/?s={search_term_string}\"},\"query-input\":{\"@type\":\"PropertyValueSpecification\",\"valueRequired\":true,\"valueName\":\"search_term_string\"}}],\"inLanguage\":\"es\"},{\"@type\":\"Organization\",\"@id\":\"https:\\\/\\\/www.smokershop.es\\\/#organization\",\"name\":\"The Smoker&#039;s Shop\",\"url\":\"https:\\\/\\\/www.smokershop.es\\\/\",\"logo\":{\"@type\":\"ImageObject\",\"inLanguage\":\"es\",\"@id\":\"https:\\\/\\\/www.smokershop.es\\\/#\\\/schema\\\/logo\\\/image\\\/\",\"url\":\"https:\\\/\\\/www.smokershop.es\\\/wp-content\\\/uploads\\\/2023\\\/10\\\/smokershop-logo.png\",\"contentUrl\":\"https:\\\/\\\/www.smokershop.es\\\/wp-content\\\/uploads\\\/2023\\\/10\\\/smokershop-logo.png\",\"width\":1711,\"height\":752,\"caption\":\"The Smoker&#039;s Shop\"},\"image\":{\"@id\":\"https:\\\/\\\/www.smokershop.es\\\/#\\\/schema\\\/logo\\\/image\\\/\"},\"sameAs\":[\"https:\\\/\\\/www.instagram.com\\\/thesmokersshopofficial\"]}]}<\/script>\n<!-- \/ Yoast SEO plugin. -->","yoast_head_json":{"title":"CONOS CYCLONES WRAPS HEMP ORIGINAL - The Smoker&#039;s Shop","description":"CONOS CYCLONES WRAPS HEMP ORIGINAL pre-liados en c\u00e1\u00f1amo, libre al 100% de tabaco y nicotina, para que los rellenes con tus hierbas favoritas.","robots":{"index":"index","follow":"follow","max-snippet":"max-snippet:-1","max-image-preview":"max-image-preview:large","max-video-preview":"max-video-preview:-1"},"canonical":"https:\/\/www.smokershop.es\/index.php\/producto\/conos-cyclones-wraps-hemp-original\/","og_locale":"es_ES","og_type":"article","og_title":"CONOS CYCLONES WRAPS HEMP ORIGINAL - The Smoker&#039;s Shop","og_description":"CONOS CYCLONES WRAPS HEMP ORIGINAL pre-liados en c\u00e1\u00f1amo, libre al 100% de tabaco y nicotina, para que los rellenes con tus hierbas favoritas.","og_url":"https:\/\/www.smokershop.es\/index.php\/producto\/conos-cyclones-wraps-hemp-original\/","og_site_name":"The Smoker&#039;s Shop","article_modified_time":"2026-04-24T09:50:12+00:00","og_image":[{"width":600,"height":600,"url":"https:\/\/www.smokershop.es\/wp-content\/uploads\/2024\/02\/conos-cyclones-wraps-hemp-original-conos.jpg","type":"image\/jpeg"}],"twitter_card":"summary_large_image","twitter_misc":{"Tiempo de lectura":"1 minuto"},"schema":{"@context":"https:\/\/schema.org","@graph":[{"@type":"WebPage","@id":"https:\/\/www.smokershop.es\/index.php\/producto\/conos-cyclones-wraps-hemp-original\/","url":"https:\/\/www.smokershop.es\/index.php\/producto\/conos-cyclones-wraps-hemp-original\/","name":"CONOS CYCLONES WRAPS HEMP ORIGINAL - The Smoker&#039;s Shop","isPartOf":{"@id":"https:\/\/www.smokershop.es\/#website"},"primaryImageOfPage":{"@id":"https:\/\/www.smokershop.es\/index.php\/producto\/conos-cyclones-wraps-hemp-original\/#primaryimage"},"image":{"@id":"https:\/\/www.smokershop.es\/index.php\/producto\/conos-cyclones-wraps-hemp-original\/#primaryimage"},"thumbnailUrl":"https:\/\/www.smokershop.es\/wp-content\/uploads\/2024\/02\/conos-cyclones-wraps-hemp-original-conos.jpg","datePublished":"2024-02-23T00:24:25+00:00","dateModified":"2026-04-24T09:50:12+00:00","description":"CONOS CYCLONES WRAPS HEMP ORIGINAL pre-liados en c\u00e1\u00f1amo, libre al 100% de tabaco y nicotina, para que los rellenes con tus hierbas favoritas.","breadcrumb":{"@id":"https:\/\/www.smokershop.es\/index.php\/producto\/conos-cyclones-wraps-hemp-original\/#breadcrumb"},"inLanguage":"es","potentialAction":[{"@type":"ReadAction","target":["https:\/\/www.smokershop.es\/index.php\/producto\/conos-cyclones-wraps-hemp-original\/"]}]},{"@type":"ImageObject","inLanguage":"es","@id":"https:\/\/www.smokershop.es\/index.php\/producto\/conos-cyclones-wraps-hemp-original\/#primaryimage","url":"https:\/\/www.smokershop.es\/wp-content\/uploads\/2024\/02\/conos-cyclones-wraps-hemp-original-conos.jpg","contentUrl":"https:\/\/www.smokershop.es\/wp-content\/uploads\/2024\/02\/conos-cyclones-wraps-hemp-original-conos.jpg","width":600,"height":600,"caption":"CONOS CYCLONES WRAPS HEMP ORIGINAL"},{"@type":"BreadcrumbList","@id":"https:\/\/www.smokershop.es\/index.php\/producto\/conos-cyclones-wraps-hemp-original\/#breadcrumb","itemListElement":[{"@type":"ListItem","position":1,"name":"Portada","item":"https:\/\/www.smokershop.es\/"},{"@type":"ListItem","position":2,"name":"The Shop","item":"https:\/\/www.smokershop.es\/index.php\/shop\/"},{"@type":"ListItem","position":3,"name":"CONOS CYCLONES WRAPS HEMP ORIGINAL"}]},{"@type":"WebSite","@id":"https:\/\/www.smokershop.es\/#website","url":"https:\/\/www.smokershop.es\/","name":"The Smoker&#039;s Shop","description":"Todo para los fumadores","publisher":{"@id":"https:\/\/www.smokershop.es\/#organization"},"potentialAction":[{"@type":"SearchAction","target":{"@type":"EntryPoint","urlTemplate":"https:\/\/www.smokershop.es\/?s={search_term_string}"},"query-input":{"@type":"PropertyValueSpecification","valueRequired":true,"valueName":"search_term_string"}}],"inLanguage":"es"},{"@type":"Organization","@id":"https:\/\/www.smokershop.es\/#organization","name":"The Smoker&#039;s Shop","url":"https:\/\/www.smokershop.es\/","logo":{"@type":"ImageObject","inLanguage":"es","@id":"https:\/\/www.smokershop.es\/#\/schema\/logo\/image\/","url":"https:\/\/www.smokershop.es\/wp-content\/uploads\/2023\/10\/smokershop-logo.png","contentUrl":"https:\/\/www.smokershop.es\/wp-content\/uploads\/2023\/10\/smokershop-logo.png","width":1711,"height":752,"caption":"The Smoker&#039;s Shop"},"image":{"@id":"https:\/\/www.smokershop.es\/#\/schema\/logo\/image\/"},"sameAs":["https:\/\/www.instagram.com\/thesmokersshopofficial"]}]}},"_links":{"self":[{"href":"https:\/\/www.smokershop.es\/index.php\/wp-json\/wp\/v2\/product\/1815","targetHints":{"allow":["GET"]}}],"collection":[{"href":"https:\/\/www.smokershop.es\/index.php\/wp-json\/wp\/v2\/product"}],"about":[{"href":"https:\/\/www.smokershop.es\/index.php\/wp-json\/wp\/v2\/types\/product"}],"wp:featuredmedia":[{"embeddable":true,"href":"https:\/\/www.smokershop.es\/index.php\/wp-json\/wp\/v2\/media\/1862"}],"wp:attachment":[{"href":"https:\/\/www.smokershop.es\/index.php\/wp-json\/wp\/v2\/media?parent=1815"}],"wp:term":[{"taxonomy":"product_brand","embeddable":true,"href":"https:\/\/www.smokershop.es\/index.php\/wp-json\/wp\/v2\/product_brand?post=1815"},{"taxonomy":"product_cat","embeddable":true,"href":"https:\/\/www.smokershop.es\/index.php\/wp-json\/wp\/v2\/product_cat?post=1815"},{"taxonomy":"product_tag","embeddable":true,"href":"https:\/\/www.smokershop.es\/index.php\/wp-json\/wp\/v2\/product_tag?post=1815"}],"curies":[{"name":"wp","href":"https:\/\/api.w.org\/{rel}","templated":true}]}}