{"id":1827,"date":"2024-02-23T01:17:17","date_gmt":"2024-02-23T00:17:17","guid":{"rendered":"https:\/\/www.smokershop.es\/?post_type=product&#038;p=1827"},"modified":"2026-04-24T11:53:34","modified_gmt":"2026-04-24T09:53:34","slug":"conos-cyclones-wrap-hemp-red-alert","status":"publish","type":"product","link":"https:\/\/www.smokershop.es\/index.php\/producto\/conos-cyclones-wrap-hemp-red-alert\/","title":{"rendered":"CONOS CYCLONES WRAP HEMP RED ALERT"},"content":{"rendered":"<p>CONOS CYCLONES WRAP HEMP RED ALERT<\/p>\n<p>Los Cyclones Hemp Red Alert son conos pre-liados en c\u00e1\u00f1amo, libre al 100% de tabaco y nicotina.<\/p>\n<p>Cada pack contiene 2 conos en tubo reutilizable que les proteger\u00e1 de ser aplastados o da\u00f1ados, los cuales puedes rellenar y dejar listos para fumarlos cuando quieras. De combusti\u00f3n lenta, uniforme y elaborados 100% sin tabaco.<\/p>\n<p>Descubre los diferentes modelos y sabores disponibles y s\u00e1cale el m\u00e1ximo partido a tus hierbas.<\/p>\n","protected":false},"excerpt":{"rendered":"<ul>\n<li>Conos pre-liados en c\u00e1\u00f1amo para rellenar.<\/li>\n<li>Elaborado 100% sin tabaco, de sabor original y 105mm de tama\u00f1o.<\/li>\n<li>2 unidades por envase.<\/li>\n<\/ul>\n<ul>\n<li style=\"list-style-type: none;\">\n<ul>\n<li><em>FORMATO PRO -&gt; DISPLAY 12x Envases de 2x<\/em><\/li>\n<li><strong>\u2b07\ufe0f PRECIOS MAYORISTA PARA PROFESIONALES \u2b07\ufe0f<\/strong><\/li>\n<\/ul>\n<\/li>\n<\/ul>\n<p style=\"padding-left: 200px;\"><strong><a href=\"https:\/\/www.smokershop.es\/index.php\/register\/\" target=\"_blank\" rel=\"noopener\">\ud83d\udc49 REGISTRATE AQUI \ud83d\udc48<\/a><\/strong><\/p>\n","protected":false},"featured_media":3682,"template":"","meta":{"_joinchat":[]},"product_brand":[],"product_cat":[44,40],"product_tag":[],"class_list":{"0":"post-1827","1":"product","2":"type-product","3":"status-publish","4":"has-post-thumbnail","6":"product_cat-otros","7":"product_cat-papel-de-fumar","9":"first","10":"instock","11":"taxable","12":"shipping-taxable","13":"purchasable","14":"product-type-simple"},"yoast_head":"<!-- This site is optimized with the Yoast SEO plugin v27.4 - https:\/\/yoast.com\/product\/yoast-seo-wordpress\/ -->\n<title>CONOS CYCLONES WRAP HEMP RED ALERT - The Smoker&#039;s Shop<\/title>\n<meta name=\"description\" content=\"CONOS CYCLONES WRAP HEMP RED ALERT pre-liados en c\u00e1\u00f1amo, libre al 100% de tabaco y nicotina, para que los rellenes con tus hierbas favoritas.\" \/>\n<meta name=\"robots\" content=\"index, follow, max-snippet:-1, max-image-preview:large, max-video-preview:-1\" \/>\n<link rel=\"canonical\" href=\"https:\/\/www.smokershop.es\/index.php\/producto\/conos-cyclones-wrap-hemp-red-alert\/\" \/>\n<meta property=\"og:locale\" content=\"es_ES\" \/>\n<meta property=\"og:type\" content=\"article\" \/>\n<meta property=\"og:title\" content=\"CONOS CYCLONES WRAP HEMP RED ALERT - The Smoker&#039;s Shop\" \/>\n<meta property=\"og:description\" content=\"CONOS CYCLONES WRAP HEMP RED ALERT pre-liados en c\u00e1\u00f1amo, libre al 100% de tabaco y nicotina, para que los rellenes con tus hierbas favoritas.\" \/>\n<meta property=\"og:url\" content=\"https:\/\/www.smokershop.es\/index.php\/producto\/conos-cyclones-wrap-hemp-red-alert\/\" \/>\n<meta property=\"og:site_name\" content=\"The Smoker&#039;s Shop\" \/>\n<meta property=\"article:modified_time\" content=\"2026-04-24T09:53:34+00:00\" \/>\n<meta property=\"og:image\" content=\"https:\/\/www.smokershop.es\/wp-content\/uploads\/2024\/02\/cyclone-red-alert-2.jpg\" \/>\n\t<meta property=\"og:image:width\" content=\"1350\" \/>\n\t<meta property=\"og:image:height\" content=\"1350\" \/>\n\t<meta property=\"og:image:type\" content=\"image\/jpeg\" \/>\n<meta name=\"twitter:card\" content=\"summary_large_image\" \/>\n<meta name=\"twitter:label1\" content=\"Tiempo de lectura\" \/>\n\t<meta name=\"twitter:data1\" content=\"1 minuto\" \/>\n<script type=\"application\/ld+json\" class=\"yoast-schema-graph\">{\"@context\":\"https:\\\/\\\/schema.org\",\"@graph\":[{\"@type\":\"WebPage\",\"@id\":\"https:\\\/\\\/www.smokershop.es\\\/index.php\\\/producto\\\/conos-cyclones-wrap-hemp-red-alert\\\/\",\"url\":\"https:\\\/\\\/www.smokershop.es\\\/index.php\\\/producto\\\/conos-cyclones-wrap-hemp-red-alert\\\/\",\"name\":\"CONOS CYCLONES WRAP HEMP RED ALERT - The Smoker&#039;s Shop\",\"isPartOf\":{\"@id\":\"https:\\\/\\\/www.smokershop.es\\\/#website\"},\"primaryImageOfPage\":{\"@id\":\"https:\\\/\\\/www.smokershop.es\\\/index.php\\\/producto\\\/conos-cyclones-wrap-hemp-red-alert\\\/#primaryimage\"},\"image\":{\"@id\":\"https:\\\/\\\/www.smokershop.es\\\/index.php\\\/producto\\\/conos-cyclones-wrap-hemp-red-alert\\\/#primaryimage\"},\"thumbnailUrl\":\"https:\\\/\\\/www.smokershop.es\\\/wp-content\\\/uploads\\\/2024\\\/02\\\/cyclone-red-alert-2.jpg\",\"datePublished\":\"2024-02-23T00:17:17+00:00\",\"dateModified\":\"2026-04-24T09:53:34+00:00\",\"description\":\"CONOS CYCLONES WRAP HEMP RED ALERT pre-liados en c\u00e1\u00f1amo, libre al 100% de tabaco y nicotina, para que los rellenes con tus hierbas favoritas.\",\"breadcrumb\":{\"@id\":\"https:\\\/\\\/www.smokershop.es\\\/index.php\\\/producto\\\/conos-cyclones-wrap-hemp-red-alert\\\/#breadcrumb\"},\"inLanguage\":\"es\",\"potentialAction\":[{\"@type\":\"ReadAction\",\"target\":[\"https:\\\/\\\/www.smokershop.es\\\/index.php\\\/producto\\\/conos-cyclones-wrap-hemp-red-alert\\\/\"]}]},{\"@type\":\"ImageObject\",\"inLanguage\":\"es\",\"@id\":\"https:\\\/\\\/www.smokershop.es\\\/index.php\\\/producto\\\/conos-cyclones-wrap-hemp-red-alert\\\/#primaryimage\",\"url\":\"https:\\\/\\\/www.smokershop.es\\\/wp-content\\\/uploads\\\/2024\\\/02\\\/cyclone-red-alert-2.jpg\",\"contentUrl\":\"https:\\\/\\\/www.smokershop.es\\\/wp-content\\\/uploads\\\/2024\\\/02\\\/cyclone-red-alert-2.jpg\",\"width\":1350,\"height\":1350,\"caption\":\"CONOS CYCLONES WRAP HEMP RED ALERT\"},{\"@type\":\"BreadcrumbList\",\"@id\":\"https:\\\/\\\/www.smokershop.es\\\/index.php\\\/producto\\\/conos-cyclones-wrap-hemp-red-alert\\\/#breadcrumb\",\"itemListElement\":[{\"@type\":\"ListItem\",\"position\":1,\"name\":\"Portada\",\"item\":\"https:\\\/\\\/www.smokershop.es\\\/\"},{\"@type\":\"ListItem\",\"position\":2,\"name\":\"The Shop\",\"item\":\"https:\\\/\\\/www.smokershop.es\\\/index.php\\\/shop\\\/\"},{\"@type\":\"ListItem\",\"position\":3,\"name\":\"CONOS CYCLONES WRAP HEMP RED ALERT\"}]},{\"@type\":\"WebSite\",\"@id\":\"https:\\\/\\\/www.smokershop.es\\\/#website\",\"url\":\"https:\\\/\\\/www.smokershop.es\\\/\",\"name\":\"The Smoker&#039;s Shop\",\"description\":\"Todo para los fumadores\",\"publisher\":{\"@id\":\"https:\\\/\\\/www.smokershop.es\\\/#organization\"},\"potentialAction\":[{\"@type\":\"SearchAction\",\"target\":{\"@type\":\"EntryPoint\",\"urlTemplate\":\"https:\\\/\\\/www.smokershop.es\\\/?s={search_term_string}\"},\"query-input\":{\"@type\":\"PropertyValueSpecification\",\"valueRequired\":true,\"valueName\":\"search_term_string\"}}],\"inLanguage\":\"es\"},{\"@type\":\"Organization\",\"@id\":\"https:\\\/\\\/www.smokershop.es\\\/#organization\",\"name\":\"The Smoker&#039;s Shop\",\"url\":\"https:\\\/\\\/www.smokershop.es\\\/\",\"logo\":{\"@type\":\"ImageObject\",\"inLanguage\":\"es\",\"@id\":\"https:\\\/\\\/www.smokershop.es\\\/#\\\/schema\\\/logo\\\/image\\\/\",\"url\":\"https:\\\/\\\/www.smokershop.es\\\/wp-content\\\/uploads\\\/2023\\\/10\\\/smokershop-logo.png\",\"contentUrl\":\"https:\\\/\\\/www.smokershop.es\\\/wp-content\\\/uploads\\\/2023\\\/10\\\/smokershop-logo.png\",\"width\":1711,\"height\":752,\"caption\":\"The Smoker&#039;s Shop\"},\"image\":{\"@id\":\"https:\\\/\\\/www.smokershop.es\\\/#\\\/schema\\\/logo\\\/image\\\/\"},\"sameAs\":[\"https:\\\/\\\/www.instagram.com\\\/thesmokersshopofficial\"]}]}<\/script>\n<!-- \/ Yoast SEO plugin. -->","yoast_head_json":{"title":"CONOS CYCLONES WRAP HEMP RED ALERT - The Smoker&#039;s Shop","description":"CONOS CYCLONES WRAP HEMP RED ALERT pre-liados en c\u00e1\u00f1amo, libre al 100% de tabaco y nicotina, para que los rellenes con tus hierbas favoritas.","robots":{"index":"index","follow":"follow","max-snippet":"max-snippet:-1","max-image-preview":"max-image-preview:large","max-video-preview":"max-video-preview:-1"},"canonical":"https:\/\/www.smokershop.es\/index.php\/producto\/conos-cyclones-wrap-hemp-red-alert\/","og_locale":"es_ES","og_type":"article","og_title":"CONOS CYCLONES WRAP HEMP RED ALERT - The Smoker&#039;s Shop","og_description":"CONOS CYCLONES WRAP HEMP RED ALERT pre-liados en c\u00e1\u00f1amo, libre al 100% de tabaco y nicotina, para que los rellenes con tus hierbas favoritas.","og_url":"https:\/\/www.smokershop.es\/index.php\/producto\/conos-cyclones-wrap-hemp-red-alert\/","og_site_name":"The Smoker&#039;s Shop","article_modified_time":"2026-04-24T09:53:34+00:00","og_image":[{"width":1350,"height":1350,"url":"https:\/\/www.smokershop.es\/wp-content\/uploads\/2024\/02\/cyclone-red-alert-2.jpg","type":"image\/jpeg"}],"twitter_card":"summary_large_image","twitter_misc":{"Tiempo de lectura":"1 minuto"},"schema":{"@context":"https:\/\/schema.org","@graph":[{"@type":"WebPage","@id":"https:\/\/www.smokershop.es\/index.php\/producto\/conos-cyclones-wrap-hemp-red-alert\/","url":"https:\/\/www.smokershop.es\/index.php\/producto\/conos-cyclones-wrap-hemp-red-alert\/","name":"CONOS CYCLONES WRAP HEMP RED ALERT - The Smoker&#039;s Shop","isPartOf":{"@id":"https:\/\/www.smokershop.es\/#website"},"primaryImageOfPage":{"@id":"https:\/\/www.smokershop.es\/index.php\/producto\/conos-cyclones-wrap-hemp-red-alert\/#primaryimage"},"image":{"@id":"https:\/\/www.smokershop.es\/index.php\/producto\/conos-cyclones-wrap-hemp-red-alert\/#primaryimage"},"thumbnailUrl":"https:\/\/www.smokershop.es\/wp-content\/uploads\/2024\/02\/cyclone-red-alert-2.jpg","datePublished":"2024-02-23T00:17:17+00:00","dateModified":"2026-04-24T09:53:34+00:00","description":"CONOS CYCLONES WRAP HEMP RED ALERT pre-liados en c\u00e1\u00f1amo, libre al 100% de tabaco y nicotina, para que los rellenes con tus hierbas favoritas.","breadcrumb":{"@id":"https:\/\/www.smokershop.es\/index.php\/producto\/conos-cyclones-wrap-hemp-red-alert\/#breadcrumb"},"inLanguage":"es","potentialAction":[{"@type":"ReadAction","target":["https:\/\/www.smokershop.es\/index.php\/producto\/conos-cyclones-wrap-hemp-red-alert\/"]}]},{"@type":"ImageObject","inLanguage":"es","@id":"https:\/\/www.smokershop.es\/index.php\/producto\/conos-cyclones-wrap-hemp-red-alert\/#primaryimage","url":"https:\/\/www.smokershop.es\/wp-content\/uploads\/2024\/02\/cyclone-red-alert-2.jpg","contentUrl":"https:\/\/www.smokershop.es\/wp-content\/uploads\/2024\/02\/cyclone-red-alert-2.jpg","width":1350,"height":1350,"caption":"CONOS CYCLONES WRAP HEMP RED ALERT"},{"@type":"BreadcrumbList","@id":"https:\/\/www.smokershop.es\/index.php\/producto\/conos-cyclones-wrap-hemp-red-alert\/#breadcrumb","itemListElement":[{"@type":"ListItem","position":1,"name":"Portada","item":"https:\/\/www.smokershop.es\/"},{"@type":"ListItem","position":2,"name":"The Shop","item":"https:\/\/www.smokershop.es\/index.php\/shop\/"},{"@type":"ListItem","position":3,"name":"CONOS CYCLONES WRAP HEMP RED ALERT"}]},{"@type":"WebSite","@id":"https:\/\/www.smokershop.es\/#website","url":"https:\/\/www.smokershop.es\/","name":"The Smoker&#039;s Shop","description":"Todo para los fumadores","publisher":{"@id":"https:\/\/www.smokershop.es\/#organization"},"potentialAction":[{"@type":"SearchAction","target":{"@type":"EntryPoint","urlTemplate":"https:\/\/www.smokershop.es\/?s={search_term_string}"},"query-input":{"@type":"PropertyValueSpecification","valueRequired":true,"valueName":"search_term_string"}}],"inLanguage":"es"},{"@type":"Organization","@id":"https:\/\/www.smokershop.es\/#organization","name":"The Smoker&#039;s Shop","url":"https:\/\/www.smokershop.es\/","logo":{"@type":"ImageObject","inLanguage":"es","@id":"https:\/\/www.smokershop.es\/#\/schema\/logo\/image\/","url":"https:\/\/www.smokershop.es\/wp-content\/uploads\/2023\/10\/smokershop-logo.png","contentUrl":"https:\/\/www.smokershop.es\/wp-content\/uploads\/2023\/10\/smokershop-logo.png","width":1711,"height":752,"caption":"The Smoker&#039;s Shop"},"image":{"@id":"https:\/\/www.smokershop.es\/#\/schema\/logo\/image\/"},"sameAs":["https:\/\/www.instagram.com\/thesmokersshopofficial"]}]}},"_links":{"self":[{"href":"https:\/\/www.smokershop.es\/index.php\/wp-json\/wp\/v2\/product\/1827","targetHints":{"allow":["GET"]}}],"collection":[{"href":"https:\/\/www.smokershop.es\/index.php\/wp-json\/wp\/v2\/product"}],"about":[{"href":"https:\/\/www.smokershop.es\/index.php\/wp-json\/wp\/v2\/types\/product"}],"wp:featuredmedia":[{"embeddable":true,"href":"https:\/\/www.smokershop.es\/index.php\/wp-json\/wp\/v2\/media\/3682"}],"wp:attachment":[{"href":"https:\/\/www.smokershop.es\/index.php\/wp-json\/wp\/v2\/media?parent=1827"}],"wp:term":[{"taxonomy":"product_brand","embeddable":true,"href":"https:\/\/www.smokershop.es\/index.php\/wp-json\/wp\/v2\/product_brand?post=1827"},{"taxonomy":"product_cat","embeddable":true,"href":"https:\/\/www.smokershop.es\/index.php\/wp-json\/wp\/v2\/product_cat?post=1827"},{"taxonomy":"product_tag","embeddable":true,"href":"https:\/\/www.smokershop.es\/index.php\/wp-json\/wp\/v2\/product_tag?post=1827"}],"curies":[{"name":"wp","href":"https:\/\/api.w.org\/{rel}","templated":true}]}}