{"id":1898,"date":"2024-03-05T12:19:01","date_gmt":"2024-03-05T11:19:01","guid":{"rendered":"https:\/\/www.smokershop.es\/?post_type=product&#038;p=1898"},"modified":"2026-04-24T11:45:34","modified_gmt":"2026-04-24T09:45:34","slug":"pack-clipper-monkey-red","status":"publish","type":"product","link":"https:\/\/www.smokershop.es\/index.php\/producto\/pack-clipper-monkey-red\/","title":{"rendered":"PACK CLIPPER MONKEY RED"},"content":{"rendered":"<p>PACK CLIPPER MONKEY RED<\/p>\n<p>\u00bfQu\u00e9 lo tuyo son los Clippers? Pues no te preocupes por que en Monkey King piensan en todo y por eso han creado este Pack Clipper Monkey Red para unir lo mejor de ambas marcas. Con un librillo king size con 32 hojas de papel marr\u00f3n, sin blanquear ni aditivos, ultra fino, de combusti\u00f3n lenta y uniforme. Sus 16 filtros dobles correspondientes, de cart\u00f3n troquelados, para facilitar su uso y mejorar su filtrado. Y adem\u00e1s un mechero Clipper con un dise\u00f1o \u00fanico, inspirado en el modelo Lollipop de Monkey King, a juego con el librillo de papel y filtros.<\/p>\n<p>Este nuevo pack, es una de las 5 opciones entre las que podr\u00e1s elegir. Un librillo del mejor papel, con filtros de gran calidad y mechero Cipper, todo con un mismo dise\u00f1o para que vayas de lo mas combinado y disfrutes de tus flores con estilo.<\/p>\n","protected":false},"excerpt":{"rendered":"<ul>\n<li>Papel King Size Slim marr\u00f3n, hecho de fibras vegetales, sin blanquear ni aditivos. De combustio\u0301n lenta y con goma ara\u0301biga 100% natural.<\/li>\n<li>Filtros de cart\u00f3n marr\u00f3n troquelados de 160 gr.<\/li>\n<li>Tama\u00f1o del papel 108 mm X 44 mm<\/li>\n<li>32 hojas por librillo y 32 filtros.<\/li>\n<li>Mechero Clipper con dise\u00f1o de Monkey King, caracter\u00edstico de la marca a juego con el librillo, en este caso el modelo Lollipop.<\/li>\n<\/ul>\n<ul>\n<li style=\"list-style-type: none;\">\n<ul>\n<li><em>FORMATO PRO -&gt; DISPLAY 48x Clipper \/ 48x King Size + Tips<\/em><\/li>\n<li><strong>\u2b07\ufe0f PRECIOS MAYORISTA PARA PROFESIONALES \u2b07\ufe0f<\/strong><\/li>\n<\/ul>\n<\/li>\n<\/ul>\n<p style=\"padding-left: 200px;\"><strong><a href=\"https:\/\/www.smokershop.es\/index.php\/register\/\" target=\"_blank\" rel=\"noopener\">\ud83d\udc49 REGISTRATE AQUI \ud83d\udc48<\/a><\/strong><\/p>\n<ul>\n<li>Para Profesionales -&gt; 48 Clipper + 48 KS+Tips por display<\/li>\n<\/ul>\n","protected":false},"featured_media":3661,"template":"","meta":{"_joinchat":[]},"product_brand":[],"product_cat":[46],"product_tag":[],"class_list":{"0":"post-1898","1":"product","2":"type-product","3":"status-publish","4":"has-post-thumbnail","6":"product_cat-mecheros-packs-y-sopletes","8":"first","9":"instock","10":"sale","11":"taxable","12":"shipping-taxable","13":"purchasable","14":"product-type-simple"},"yoast_head":"<!-- This site is optimized with the Yoast SEO plugin v27.4 - https:\/\/yoast.com\/product\/yoast-seo-wordpress\/ -->\n<title>PACK CLIPPER MONKEY RED - The Smoker&#039;s Shop<\/title>\n<meta name=\"description\" content=\"PACK CLIPPER MONKEY RED trae un librillo king size de 32 hojas de papel marr\u00f3n, 32 filtros troquelados y mechero clipper, todo con dise\u00f1o de Monkey King.\" \/>\n<meta name=\"robots\" content=\"index, follow, max-snippet:-1, max-image-preview:large, max-video-preview:-1\" \/>\n<link rel=\"canonical\" href=\"https:\/\/www.smokershop.es\/index.php\/producto\/pack-clipper-monkey-red\/\" \/>\n<meta property=\"og:locale\" content=\"es_ES\" \/>\n<meta property=\"og:type\" content=\"article\" \/>\n<meta property=\"og:title\" content=\"PACK CLIPPER MONKEY RED - The Smoker&#039;s Shop\" \/>\n<meta property=\"og:description\" content=\"PACK CLIPPER MONKEY RED trae un librillo king size de 32 hojas de papel marr\u00f3n, 32 filtros troquelados y mechero clipper, todo con dise\u00f1o de Monkey King.\" \/>\n<meta property=\"og:url\" content=\"https:\/\/www.smokershop.es\/index.php\/producto\/pack-clipper-monkey-red\/\" \/>\n<meta property=\"og:site_name\" content=\"The Smoker&#039;s Shop\" \/>\n<meta property=\"article:modified_time\" content=\"2026-04-24T09:45:34+00:00\" \/>\n<meta property=\"og:image\" content=\"https:\/\/www.smokershop.es\/wp-content\/uploads\/2024\/03\/pack-clipper-red.jpg\" \/>\n\t<meta property=\"og:image:width\" content=\"1350\" \/>\n\t<meta property=\"og:image:height\" content=\"1350\" \/>\n\t<meta property=\"og:image:type\" content=\"image\/jpeg\" \/>\n<meta name=\"twitter:card\" content=\"summary_large_image\" \/>\n<meta name=\"twitter:label1\" content=\"Tiempo de lectura\" \/>\n\t<meta name=\"twitter:data1\" content=\"1 minuto\" \/>\n<script type=\"application\/ld+json\" class=\"yoast-schema-graph\">{\"@context\":\"https:\\\/\\\/schema.org\",\"@graph\":[{\"@type\":\"WebPage\",\"@id\":\"https:\\\/\\\/www.smokershop.es\\\/index.php\\\/producto\\\/pack-clipper-monkey-red\\\/\",\"url\":\"https:\\\/\\\/www.smokershop.es\\\/index.php\\\/producto\\\/pack-clipper-monkey-red\\\/\",\"name\":\"PACK CLIPPER MONKEY RED - The Smoker&#039;s Shop\",\"isPartOf\":{\"@id\":\"https:\\\/\\\/www.smokershop.es\\\/#website\"},\"primaryImageOfPage\":{\"@id\":\"https:\\\/\\\/www.smokershop.es\\\/index.php\\\/producto\\\/pack-clipper-monkey-red\\\/#primaryimage\"},\"image\":{\"@id\":\"https:\\\/\\\/www.smokershop.es\\\/index.php\\\/producto\\\/pack-clipper-monkey-red\\\/#primaryimage\"},\"thumbnailUrl\":\"https:\\\/\\\/www.smokershop.es\\\/wp-content\\\/uploads\\\/2024\\\/03\\\/pack-clipper-red.jpg\",\"datePublished\":\"2024-03-05T11:19:01+00:00\",\"dateModified\":\"2026-04-24T09:45:34+00:00\",\"description\":\"PACK CLIPPER MONKEY RED trae un librillo king size de 32 hojas de papel marr\u00f3n, 32 filtros troquelados y mechero clipper, todo con dise\u00f1o de Monkey King.\",\"breadcrumb\":{\"@id\":\"https:\\\/\\\/www.smokershop.es\\\/index.php\\\/producto\\\/pack-clipper-monkey-red\\\/#breadcrumb\"},\"inLanguage\":\"es\",\"potentialAction\":[{\"@type\":\"ReadAction\",\"target\":[\"https:\\\/\\\/www.smokershop.es\\\/index.php\\\/producto\\\/pack-clipper-monkey-red\\\/\"]}]},{\"@type\":\"ImageObject\",\"inLanguage\":\"es\",\"@id\":\"https:\\\/\\\/www.smokershop.es\\\/index.php\\\/producto\\\/pack-clipper-monkey-red\\\/#primaryimage\",\"url\":\"https:\\\/\\\/www.smokershop.es\\\/wp-content\\\/uploads\\\/2024\\\/03\\\/pack-clipper-red.jpg\",\"contentUrl\":\"https:\\\/\\\/www.smokershop.es\\\/wp-content\\\/uploads\\\/2024\\\/03\\\/pack-clipper-red.jpg\",\"width\":1350,\"height\":1350,\"caption\":\"PACK CLIPPER MONKEY RED\"},{\"@type\":\"BreadcrumbList\",\"@id\":\"https:\\\/\\\/www.smokershop.es\\\/index.php\\\/producto\\\/pack-clipper-monkey-red\\\/#breadcrumb\",\"itemListElement\":[{\"@type\":\"ListItem\",\"position\":1,\"name\":\"Portada\",\"item\":\"https:\\\/\\\/www.smokershop.es\\\/\"},{\"@type\":\"ListItem\",\"position\":2,\"name\":\"The Shop\",\"item\":\"https:\\\/\\\/www.smokershop.es\\\/index.php\\\/shop\\\/\"},{\"@type\":\"ListItem\",\"position\":3,\"name\":\"PACK CLIPPER MONKEY RED\"}]},{\"@type\":\"WebSite\",\"@id\":\"https:\\\/\\\/www.smokershop.es\\\/#website\",\"url\":\"https:\\\/\\\/www.smokershop.es\\\/\",\"name\":\"The Smoker&#039;s Shop\",\"description\":\"Todo para los fumadores\",\"publisher\":{\"@id\":\"https:\\\/\\\/www.smokershop.es\\\/#organization\"},\"potentialAction\":[{\"@type\":\"SearchAction\",\"target\":{\"@type\":\"EntryPoint\",\"urlTemplate\":\"https:\\\/\\\/www.smokershop.es\\\/?s={search_term_string}\"},\"query-input\":{\"@type\":\"PropertyValueSpecification\",\"valueRequired\":true,\"valueName\":\"search_term_string\"}}],\"inLanguage\":\"es\"},{\"@type\":\"Organization\",\"@id\":\"https:\\\/\\\/www.smokershop.es\\\/#organization\",\"name\":\"The Smoker&#039;s Shop\",\"url\":\"https:\\\/\\\/www.smokershop.es\\\/\",\"logo\":{\"@type\":\"ImageObject\",\"inLanguage\":\"es\",\"@id\":\"https:\\\/\\\/www.smokershop.es\\\/#\\\/schema\\\/logo\\\/image\\\/\",\"url\":\"https:\\\/\\\/www.smokershop.es\\\/wp-content\\\/uploads\\\/2023\\\/10\\\/smokershop-logo.png\",\"contentUrl\":\"https:\\\/\\\/www.smokershop.es\\\/wp-content\\\/uploads\\\/2023\\\/10\\\/smokershop-logo.png\",\"width\":1711,\"height\":752,\"caption\":\"The Smoker&#039;s Shop\"},\"image\":{\"@id\":\"https:\\\/\\\/www.smokershop.es\\\/#\\\/schema\\\/logo\\\/image\\\/\"},\"sameAs\":[\"https:\\\/\\\/www.instagram.com\\\/thesmokersshopofficial\"]}]}<\/script>\n<!-- \/ Yoast SEO plugin. -->","yoast_head_json":{"title":"PACK CLIPPER MONKEY RED - The Smoker&#039;s Shop","description":"PACK CLIPPER MONKEY RED trae un librillo king size de 32 hojas de papel marr\u00f3n, 32 filtros troquelados y mechero clipper, todo con dise\u00f1o de Monkey King.","robots":{"index":"index","follow":"follow","max-snippet":"max-snippet:-1","max-image-preview":"max-image-preview:large","max-video-preview":"max-video-preview:-1"},"canonical":"https:\/\/www.smokershop.es\/index.php\/producto\/pack-clipper-monkey-red\/","og_locale":"es_ES","og_type":"article","og_title":"PACK CLIPPER MONKEY RED - The Smoker&#039;s Shop","og_description":"PACK CLIPPER MONKEY RED trae un librillo king size de 32 hojas de papel marr\u00f3n, 32 filtros troquelados y mechero clipper, todo con dise\u00f1o de Monkey King.","og_url":"https:\/\/www.smokershop.es\/index.php\/producto\/pack-clipper-monkey-red\/","og_site_name":"The Smoker&#039;s Shop","article_modified_time":"2026-04-24T09:45:34+00:00","og_image":[{"width":1350,"height":1350,"url":"https:\/\/www.smokershop.es\/wp-content\/uploads\/2024\/03\/pack-clipper-red.jpg","type":"image\/jpeg"}],"twitter_card":"summary_large_image","twitter_misc":{"Tiempo de lectura":"1 minuto"},"schema":{"@context":"https:\/\/schema.org","@graph":[{"@type":"WebPage","@id":"https:\/\/www.smokershop.es\/index.php\/producto\/pack-clipper-monkey-red\/","url":"https:\/\/www.smokershop.es\/index.php\/producto\/pack-clipper-monkey-red\/","name":"PACK CLIPPER MONKEY RED - The Smoker&#039;s Shop","isPartOf":{"@id":"https:\/\/www.smokershop.es\/#website"},"primaryImageOfPage":{"@id":"https:\/\/www.smokershop.es\/index.php\/producto\/pack-clipper-monkey-red\/#primaryimage"},"image":{"@id":"https:\/\/www.smokershop.es\/index.php\/producto\/pack-clipper-monkey-red\/#primaryimage"},"thumbnailUrl":"https:\/\/www.smokershop.es\/wp-content\/uploads\/2024\/03\/pack-clipper-red.jpg","datePublished":"2024-03-05T11:19:01+00:00","dateModified":"2026-04-24T09:45:34+00:00","description":"PACK CLIPPER MONKEY RED trae un librillo king size de 32 hojas de papel marr\u00f3n, 32 filtros troquelados y mechero clipper, todo con dise\u00f1o de Monkey King.","breadcrumb":{"@id":"https:\/\/www.smokershop.es\/index.php\/producto\/pack-clipper-monkey-red\/#breadcrumb"},"inLanguage":"es","potentialAction":[{"@type":"ReadAction","target":["https:\/\/www.smokershop.es\/index.php\/producto\/pack-clipper-monkey-red\/"]}]},{"@type":"ImageObject","inLanguage":"es","@id":"https:\/\/www.smokershop.es\/index.php\/producto\/pack-clipper-monkey-red\/#primaryimage","url":"https:\/\/www.smokershop.es\/wp-content\/uploads\/2024\/03\/pack-clipper-red.jpg","contentUrl":"https:\/\/www.smokershop.es\/wp-content\/uploads\/2024\/03\/pack-clipper-red.jpg","width":1350,"height":1350,"caption":"PACK CLIPPER MONKEY RED"},{"@type":"BreadcrumbList","@id":"https:\/\/www.smokershop.es\/index.php\/producto\/pack-clipper-monkey-red\/#breadcrumb","itemListElement":[{"@type":"ListItem","position":1,"name":"Portada","item":"https:\/\/www.smokershop.es\/"},{"@type":"ListItem","position":2,"name":"The Shop","item":"https:\/\/www.smokershop.es\/index.php\/shop\/"},{"@type":"ListItem","position":3,"name":"PACK CLIPPER MONKEY RED"}]},{"@type":"WebSite","@id":"https:\/\/www.smokershop.es\/#website","url":"https:\/\/www.smokershop.es\/","name":"The Smoker&#039;s Shop","description":"Todo para los fumadores","publisher":{"@id":"https:\/\/www.smokershop.es\/#organization"},"potentialAction":[{"@type":"SearchAction","target":{"@type":"EntryPoint","urlTemplate":"https:\/\/www.smokershop.es\/?s={search_term_string}"},"query-input":{"@type":"PropertyValueSpecification","valueRequired":true,"valueName":"search_term_string"}}],"inLanguage":"es"},{"@type":"Organization","@id":"https:\/\/www.smokershop.es\/#organization","name":"The Smoker&#039;s Shop","url":"https:\/\/www.smokershop.es\/","logo":{"@type":"ImageObject","inLanguage":"es","@id":"https:\/\/www.smokershop.es\/#\/schema\/logo\/image\/","url":"https:\/\/www.smokershop.es\/wp-content\/uploads\/2023\/10\/smokershop-logo.png","contentUrl":"https:\/\/www.smokershop.es\/wp-content\/uploads\/2023\/10\/smokershop-logo.png","width":1711,"height":752,"caption":"The Smoker&#039;s Shop"},"image":{"@id":"https:\/\/www.smokershop.es\/#\/schema\/logo\/image\/"},"sameAs":["https:\/\/www.instagram.com\/thesmokersshopofficial"]}]}},"_links":{"self":[{"href":"https:\/\/www.smokershop.es\/index.php\/wp-json\/wp\/v2\/product\/1898","targetHints":{"allow":["GET"]}}],"collection":[{"href":"https:\/\/www.smokershop.es\/index.php\/wp-json\/wp\/v2\/product"}],"about":[{"href":"https:\/\/www.smokershop.es\/index.php\/wp-json\/wp\/v2\/types\/product"}],"wp:featuredmedia":[{"embeddable":true,"href":"https:\/\/www.smokershop.es\/index.php\/wp-json\/wp\/v2\/media\/3661"}],"wp:attachment":[{"href":"https:\/\/www.smokershop.es\/index.php\/wp-json\/wp\/v2\/media?parent=1898"}],"wp:term":[{"taxonomy":"product_brand","embeddable":true,"href":"https:\/\/www.smokershop.es\/index.php\/wp-json\/wp\/v2\/product_brand?post=1898"},{"taxonomy":"product_cat","embeddable":true,"href":"https:\/\/www.smokershop.es\/index.php\/wp-json\/wp\/v2\/product_cat?post=1898"},{"taxonomy":"product_tag","embeddable":true,"href":"https:\/\/www.smokershop.es\/index.php\/wp-json\/wp\/v2\/product_tag?post=1898"}],"curies":[{"name":"wp","href":"https:\/\/api.w.org\/{rel}","templated":true}]}}