{"id":1903,"date":"2024-04-24T12:10:26","date_gmt":"2024-04-24T10:10:26","guid":{"rendered":"https:\/\/www.smokershop.es\/?post_type=product&#038;p=1903"},"modified":"2025-06-16T19:55:23","modified_gmt":"2025-06-16T17:55:23","slug":"caja-monkey-metalic-box-pink","status":"publish","type":"product","link":"https:\/\/www.smokershop.es\/index.php\/producto\/caja-monkey-metalic-box-pink\/","title":{"rendered":"CAJA MONKEY METALIC BOX PINK"},"content":{"rendered":"<p>CAJA MONKEY METALIC BOX PINK<\/p>\n<p>Con sus generosas dimensiones de 19,5cm de largo, 15,5cm de ancho y 5,5 cm de alto, Monkey King ofrece un amplio espacio para guardar de forma segura los elementos esenciales para fumar, como papel de liar, encendedores, hierbas y dem\u00e1s parafernalia.<\/p>\n<div dir=\"ltr\"><\/div>\n<div class=\"lRu31\" dir=\"ltr\"><span class=\"HwtZe\" lang=\"es\"><span class=\"jCAhz ChMk0b\"><span class=\"ryNqvb\">Lo que hace que este producto sea verdaderamente \u00fanico es su espacio y su dise\u00f1o propio de la gama Pink, tan caracter\u00edstica de la marca.<br \/>\n<\/span><\/span><\/span><\/div>\n<div dir=\"ltr\"><\/div>\n<div class=\"lRu31\" dir=\"ltr\"><span class=\"HwtZe\" lang=\"es\"> <span class=\"jCAhz ChMk0b\"><span class=\"ryNqvb\">Este nuevo producto viene en tres dise\u00f1os \u00fanicos, que te permiten expresar tu estilo personal y coleccionar las diferentes ediciones limitadas.<\/span><\/span><\/span><\/div>\n<div dir=\"ltr\"><\/div>\n<div class=\"lRu31\" dir=\"ltr\">\n<p><span class=\"HwtZe\" lang=\"es\"><span class=\"jCAhz ChMk0b\"><span class=\"ryNqvb\">Pero hay m\u00e1s en Monkey King Metal Box Pink Edition que solo su atractivo visual.<\/span><\/span> <span class=\"jCAhz ChMk0b\"><span class=\"ryNqvb\">Fabricada con hojalata de metal de alta calidad, esta caja de almacenamiento garantiza la seguridad de tus accesorios.<\/span><\/span> <span class=\"jCAhz ChMk0b\"><span class=\"ryNqvb\">Su construcci\u00f3n robusta lo convierte en la opci\u00f3n ideal para el uso diario y lo protege del desgaste con el paso del tiempo.<\/span><\/span><\/span><\/p>\n<\/div>\n","protected":false},"excerpt":{"rendered":"<ul>\n<li><span class=\"HwtZe\" lang=\"es\"><span class=\"jCAhz ChMk0b\"><span class=\"ryNqvb\">19,5cm de largo, 15,5cm de ancho y 5,5 cm de alto.<\/span><\/span><\/span><\/li>\n<li>Material: metal.<\/li>\n<li>Tres modelos diferentes.<\/li>\n<\/ul>\n","protected":false},"featured_media":1904,"template":"","meta":{"_joinchat":[]},"product_brand":[],"product_cat":[49,52],"product_tag":[],"class_list":{"0":"post-1903","1":"product","2":"type-product","3":"status-publish","4":"has-post-thumbnail","6":"product_cat-almacenamiento","7":"product_cat-cajas","9":"first","10":"instock","11":"sale","12":"taxable","13":"shipping-taxable","14":"purchasable","15":"product-type-simple"},"yoast_head":"<!-- This site is optimized with the Yoast SEO plugin v27.4 - https:\/\/yoast.com\/product\/yoast-seo-wordpress\/ -->\n<title>CAJA MONKEY METALIC BOX PINK - The Smoker&#039;s Shop<\/title>\n<meta name=\"description\" content=\"La CAJA MONKEY METALIC BOX PINK con sus 19,5cm de largo, 15,5cm de ancho y 5,5 cm de alto es perfecta para guardar toda tu parafernalia de fumador.\" \/>\n<meta name=\"robots\" content=\"index, follow, max-snippet:-1, max-image-preview:large, max-video-preview:-1\" \/>\n<link rel=\"canonical\" href=\"https:\/\/www.smokershop.es\/index.php\/producto\/caja-monkey-metalic-box-pink\/\" \/>\n<meta property=\"og:locale\" content=\"es_ES\" \/>\n<meta property=\"og:type\" content=\"article\" \/>\n<meta property=\"og:title\" content=\"CAJA MONKEY METALIC BOX PINK - The Smoker&#039;s Shop\" \/>\n<meta property=\"og:description\" content=\"La CAJA MONKEY METALIC BOX PINK con sus 19,5cm de largo, 15,5cm de ancho y 5,5 cm de alto es perfecta para guardar toda tu parafernalia de fumador.\" \/>\n<meta property=\"og:url\" content=\"https:\/\/www.smokershop.es\/index.php\/producto\/caja-monkey-metalic-box-pink\/\" \/>\n<meta property=\"og:site_name\" content=\"The Smoker&#039;s Shop\" \/>\n<meta property=\"article:modified_time\" content=\"2025-06-16T17:55:23+00:00\" \/>\n<meta property=\"og:image\" content=\"https:\/\/www.smokershop.es\/wp-content\/uploads\/2024\/03\/MBOXP.jpg\" \/>\n\t<meta property=\"og:image:width\" content=\"1024\" \/>\n\t<meta property=\"og:image:height\" content=\"922\" \/>\n\t<meta property=\"og:image:type\" content=\"image\/jpeg\" \/>\n<meta name=\"twitter:card\" content=\"summary_large_image\" \/>\n<meta name=\"twitter:label1\" content=\"Tiempo de lectura\" \/>\n\t<meta name=\"twitter:data1\" content=\"1 minuto\" \/>\n<script type=\"application\/ld+json\" class=\"yoast-schema-graph\">{\"@context\":\"https:\\\/\\\/schema.org\",\"@graph\":[{\"@type\":\"WebPage\",\"@id\":\"https:\\\/\\\/www.smokershop.es\\\/index.php\\\/producto\\\/caja-monkey-metalic-box-pink\\\/\",\"url\":\"https:\\\/\\\/www.smokershop.es\\\/index.php\\\/producto\\\/caja-monkey-metalic-box-pink\\\/\",\"name\":\"CAJA MONKEY METALIC BOX PINK - The Smoker&#039;s Shop\",\"isPartOf\":{\"@id\":\"https:\\\/\\\/www.smokershop.es\\\/#website\"},\"primaryImageOfPage\":{\"@id\":\"https:\\\/\\\/www.smokershop.es\\\/index.php\\\/producto\\\/caja-monkey-metalic-box-pink\\\/#primaryimage\"},\"image\":{\"@id\":\"https:\\\/\\\/www.smokershop.es\\\/index.php\\\/producto\\\/caja-monkey-metalic-box-pink\\\/#primaryimage\"},\"thumbnailUrl\":\"https:\\\/\\\/www.smokershop.es\\\/wp-content\\\/uploads\\\/2024\\\/03\\\/MBOXP.jpg\",\"datePublished\":\"2024-04-24T10:10:26+00:00\",\"dateModified\":\"2025-06-16T17:55:23+00:00\",\"description\":\"La CAJA MONKEY METALIC BOX PINK con sus 19,5cm de largo, 15,5cm de ancho y 5,5 cm de alto es perfecta para guardar toda tu parafernalia de fumador.\",\"breadcrumb\":{\"@id\":\"https:\\\/\\\/www.smokershop.es\\\/index.php\\\/producto\\\/caja-monkey-metalic-box-pink\\\/#breadcrumb\"},\"inLanguage\":\"es\",\"potentialAction\":[{\"@type\":\"ReadAction\",\"target\":[\"https:\\\/\\\/www.smokershop.es\\\/index.php\\\/producto\\\/caja-monkey-metalic-box-pink\\\/\"]}]},{\"@type\":\"ImageObject\",\"inLanguage\":\"es\",\"@id\":\"https:\\\/\\\/www.smokershop.es\\\/index.php\\\/producto\\\/caja-monkey-metalic-box-pink\\\/#primaryimage\",\"url\":\"https:\\\/\\\/www.smokershop.es\\\/wp-content\\\/uploads\\\/2024\\\/03\\\/MBOXP.jpg\",\"contentUrl\":\"https:\\\/\\\/www.smokershop.es\\\/wp-content\\\/uploads\\\/2024\\\/03\\\/MBOXP.jpg\",\"width\":1024,\"height\":922},{\"@type\":\"BreadcrumbList\",\"@id\":\"https:\\\/\\\/www.smokershop.es\\\/index.php\\\/producto\\\/caja-monkey-metalic-box-pink\\\/#breadcrumb\",\"itemListElement\":[{\"@type\":\"ListItem\",\"position\":1,\"name\":\"Portada\",\"item\":\"https:\\\/\\\/www.smokershop.es\\\/\"},{\"@type\":\"ListItem\",\"position\":2,\"name\":\"The Shop\",\"item\":\"https:\\\/\\\/www.smokershop.es\\\/index.php\\\/shop\\\/\"},{\"@type\":\"ListItem\",\"position\":3,\"name\":\"CAJA MONKEY METALIC BOX PINK\"}]},{\"@type\":\"WebSite\",\"@id\":\"https:\\\/\\\/www.smokershop.es\\\/#website\",\"url\":\"https:\\\/\\\/www.smokershop.es\\\/\",\"name\":\"The Smoker&#039;s Shop\",\"description\":\"Todo para los fumadores\",\"publisher\":{\"@id\":\"https:\\\/\\\/www.smokershop.es\\\/#organization\"},\"potentialAction\":[{\"@type\":\"SearchAction\",\"target\":{\"@type\":\"EntryPoint\",\"urlTemplate\":\"https:\\\/\\\/www.smokershop.es\\\/?s={search_term_string}\"},\"query-input\":{\"@type\":\"PropertyValueSpecification\",\"valueRequired\":true,\"valueName\":\"search_term_string\"}}],\"inLanguage\":\"es\"},{\"@type\":\"Organization\",\"@id\":\"https:\\\/\\\/www.smokershop.es\\\/#organization\",\"name\":\"The Smoker&#039;s Shop\",\"url\":\"https:\\\/\\\/www.smokershop.es\\\/\",\"logo\":{\"@type\":\"ImageObject\",\"inLanguage\":\"es\",\"@id\":\"https:\\\/\\\/www.smokershop.es\\\/#\\\/schema\\\/logo\\\/image\\\/\",\"url\":\"https:\\\/\\\/www.smokershop.es\\\/wp-content\\\/uploads\\\/2023\\\/10\\\/smokershop-logo.png\",\"contentUrl\":\"https:\\\/\\\/www.smokershop.es\\\/wp-content\\\/uploads\\\/2023\\\/10\\\/smokershop-logo.png\",\"width\":1711,\"height\":752,\"caption\":\"The Smoker&#039;s Shop\"},\"image\":{\"@id\":\"https:\\\/\\\/www.smokershop.es\\\/#\\\/schema\\\/logo\\\/image\\\/\"},\"sameAs\":[\"https:\\\/\\\/www.instagram.com\\\/thesmokersshopofficial\"]}]}<\/script>\n<!-- \/ Yoast SEO plugin. -->","yoast_head_json":{"title":"CAJA MONKEY METALIC BOX PINK - The Smoker&#039;s Shop","description":"La CAJA MONKEY METALIC BOX PINK con sus 19,5cm de largo, 15,5cm de ancho y 5,5 cm de alto es perfecta para guardar toda tu parafernalia de fumador.","robots":{"index":"index","follow":"follow","max-snippet":"max-snippet:-1","max-image-preview":"max-image-preview:large","max-video-preview":"max-video-preview:-1"},"canonical":"https:\/\/www.smokershop.es\/index.php\/producto\/caja-monkey-metalic-box-pink\/","og_locale":"es_ES","og_type":"article","og_title":"CAJA MONKEY METALIC BOX PINK - The Smoker&#039;s Shop","og_description":"La CAJA MONKEY METALIC BOX PINK con sus 19,5cm de largo, 15,5cm de ancho y 5,5 cm de alto es perfecta para guardar toda tu parafernalia de fumador.","og_url":"https:\/\/www.smokershop.es\/index.php\/producto\/caja-monkey-metalic-box-pink\/","og_site_name":"The Smoker&#039;s Shop","article_modified_time":"2025-06-16T17:55:23+00:00","og_image":[{"width":1024,"height":922,"url":"https:\/\/www.smokershop.es\/wp-content\/uploads\/2024\/03\/MBOXP.jpg","type":"image\/jpeg"}],"twitter_card":"summary_large_image","twitter_misc":{"Tiempo de lectura":"1 minuto"},"schema":{"@context":"https:\/\/schema.org","@graph":[{"@type":"WebPage","@id":"https:\/\/www.smokershop.es\/index.php\/producto\/caja-monkey-metalic-box-pink\/","url":"https:\/\/www.smokershop.es\/index.php\/producto\/caja-monkey-metalic-box-pink\/","name":"CAJA MONKEY METALIC BOX PINK - The Smoker&#039;s Shop","isPartOf":{"@id":"https:\/\/www.smokershop.es\/#website"},"primaryImageOfPage":{"@id":"https:\/\/www.smokershop.es\/index.php\/producto\/caja-monkey-metalic-box-pink\/#primaryimage"},"image":{"@id":"https:\/\/www.smokershop.es\/index.php\/producto\/caja-monkey-metalic-box-pink\/#primaryimage"},"thumbnailUrl":"https:\/\/www.smokershop.es\/wp-content\/uploads\/2024\/03\/MBOXP.jpg","datePublished":"2024-04-24T10:10:26+00:00","dateModified":"2025-06-16T17:55:23+00:00","description":"La CAJA MONKEY METALIC BOX PINK con sus 19,5cm de largo, 15,5cm de ancho y 5,5 cm de alto es perfecta para guardar toda tu parafernalia de fumador.","breadcrumb":{"@id":"https:\/\/www.smokershop.es\/index.php\/producto\/caja-monkey-metalic-box-pink\/#breadcrumb"},"inLanguage":"es","potentialAction":[{"@type":"ReadAction","target":["https:\/\/www.smokershop.es\/index.php\/producto\/caja-monkey-metalic-box-pink\/"]}]},{"@type":"ImageObject","inLanguage":"es","@id":"https:\/\/www.smokershop.es\/index.php\/producto\/caja-monkey-metalic-box-pink\/#primaryimage","url":"https:\/\/www.smokershop.es\/wp-content\/uploads\/2024\/03\/MBOXP.jpg","contentUrl":"https:\/\/www.smokershop.es\/wp-content\/uploads\/2024\/03\/MBOXP.jpg","width":1024,"height":922},{"@type":"BreadcrumbList","@id":"https:\/\/www.smokershop.es\/index.php\/producto\/caja-monkey-metalic-box-pink\/#breadcrumb","itemListElement":[{"@type":"ListItem","position":1,"name":"Portada","item":"https:\/\/www.smokershop.es\/"},{"@type":"ListItem","position":2,"name":"The Shop","item":"https:\/\/www.smokershop.es\/index.php\/shop\/"},{"@type":"ListItem","position":3,"name":"CAJA MONKEY METALIC BOX PINK"}]},{"@type":"WebSite","@id":"https:\/\/www.smokershop.es\/#website","url":"https:\/\/www.smokershop.es\/","name":"The Smoker&#039;s Shop","description":"Todo para los fumadores","publisher":{"@id":"https:\/\/www.smokershop.es\/#organization"},"potentialAction":[{"@type":"SearchAction","target":{"@type":"EntryPoint","urlTemplate":"https:\/\/www.smokershop.es\/?s={search_term_string}"},"query-input":{"@type":"PropertyValueSpecification","valueRequired":true,"valueName":"search_term_string"}}],"inLanguage":"es"},{"@type":"Organization","@id":"https:\/\/www.smokershop.es\/#organization","name":"The Smoker&#039;s Shop","url":"https:\/\/www.smokershop.es\/","logo":{"@type":"ImageObject","inLanguage":"es","@id":"https:\/\/www.smokershop.es\/#\/schema\/logo\/image\/","url":"https:\/\/www.smokershop.es\/wp-content\/uploads\/2023\/10\/smokershop-logo.png","contentUrl":"https:\/\/www.smokershop.es\/wp-content\/uploads\/2023\/10\/smokershop-logo.png","width":1711,"height":752,"caption":"The Smoker&#039;s Shop"},"image":{"@id":"https:\/\/www.smokershop.es\/#\/schema\/logo\/image\/"},"sameAs":["https:\/\/www.instagram.com\/thesmokersshopofficial"]}]}},"_links":{"self":[{"href":"https:\/\/www.smokershop.es\/index.php\/wp-json\/wp\/v2\/product\/1903","targetHints":{"allow":["GET"]}}],"collection":[{"href":"https:\/\/www.smokershop.es\/index.php\/wp-json\/wp\/v2\/product"}],"about":[{"href":"https:\/\/www.smokershop.es\/index.php\/wp-json\/wp\/v2\/types\/product"}],"wp:featuredmedia":[{"embeddable":true,"href":"https:\/\/www.smokershop.es\/index.php\/wp-json\/wp\/v2\/media\/1904"}],"wp:attachment":[{"href":"https:\/\/www.smokershop.es\/index.php\/wp-json\/wp\/v2\/media?parent=1903"}],"wp:term":[{"taxonomy":"product_brand","embeddable":true,"href":"https:\/\/www.smokershop.es\/index.php\/wp-json\/wp\/v2\/product_brand?post=1903"},{"taxonomy":"product_cat","embeddable":true,"href":"https:\/\/www.smokershop.es\/index.php\/wp-json\/wp\/v2\/product_cat?post=1903"},{"taxonomy":"product_tag","embeddable":true,"href":"https:\/\/www.smokershop.es\/index.php\/wp-json\/wp\/v2\/product_tag?post=1903"}],"curies":[{"name":"wp","href":"https:\/\/api.w.org\/{rel}","templated":true}]}}