{"id":1981,"date":"2024-04-23T19:28:34","date_gmt":"2024-04-23T17:28:34","guid":{"rendered":"https:\/\/www.smokershop.es\/?post_type=product&#038;p=1981"},"modified":"2025-06-16T19:46:25","modified_gmt":"2025-06-16T17:46:25","slug":"puffco-hot-knife","status":"publish","type":"product","link":"https:\/\/www.smokershop.es\/index.php\/producto\/puffco-hot-knife\/","title":{"rendered":"PUFFCO HOT KNIFE"},"content":{"rendered":"<p>Di adi\u00f3s a la pegajosidad. El Hot Knife de Puffco es una herramienta de carga recargable por USB-C con una punta de cer\u00e1mica que se calienta con solo pulsar un bot\u00f3n. Se acabaron las herramientas de dab sucias, los dedos pegajosos y la pelusa de la ropa en tu cuenco: solo tienes que mantener pulsado el bot\u00f3n y ver c\u00f3mo cae tu extracto en 3 segundos.<\/p>\n<p>Calienta y carga tus extracciones en tus pipas de forma f\u00e1cil y r\u00e1pida, gracias a su reducido tama\u00f1o podr\u00e1s llevarlo siempre contigo y usarlo c\u00f3modamente en cualquier momento o lugar.<\/p>\n","protected":false},"excerpt":{"rendered":"<p>Una peque\u00f1a revoluci\u00f3n en el mundo del dabbing, esta herramienta mejora los dabbers tradicionales a\u00f1adiendo un sistema de calentamiento que hace muy f\u00e1cil depositar tus concentrados donde y cuando quieras.<\/p>\n<p>Aprietas el bot\u00f3n, calientas 2-3 segundos y la extracci\u00f3n se deposita donde quieras. \u00a1Simple y endiabladamente efectivo!<\/p>\n","protected":false},"featured_media":1995,"template":"","meta":{"_joinchat":[]},"product_brand":[],"product_cat":[54],"product_tag":[],"class_list":{"0":"post-1981","1":"product","2":"type-product","3":"status-publish","4":"has-post-thumbnail","6":"product_cat-pipas-bangers-herramientas","8":"first","9":"onbackorder","10":"taxable","11":"shipping-taxable","12":"purchasable","13":"product-type-variable"},"yoast_head":"<!-- This site is optimized with the Yoast SEO plugin v27.4 - https:\/\/yoast.com\/product\/yoast-seo-wordpress\/ -->\n<title>PUFFCO HOT KNIFE - The Smoker&#039;s Shop<\/title>\n<meta name=\"description\" content=\"El PUFFCO HOT KNIFE es una herramienta imprescindible que cambiara tu forma de disfrutar de tus extracciones y usar tu pipa o bong.\" \/>\n<meta name=\"robots\" content=\"index, follow, max-snippet:-1, max-image-preview:large, max-video-preview:-1\" \/>\n<link rel=\"canonical\" href=\"https:\/\/www.smokershop.es\/index.php\/producto\/puffco-hot-knife\/\" \/>\n<meta property=\"og:locale\" content=\"es_ES\" \/>\n<meta property=\"og:type\" content=\"article\" \/>\n<meta property=\"og:title\" content=\"PUFFCO HOT KNIFE - The Smoker&#039;s Shop\" \/>\n<meta property=\"og:description\" content=\"El PUFFCO HOT KNIFE es una herramienta imprescindible que cambiara tu forma de disfrutar de tus extracciones y usar tu pipa o bong.\" \/>\n<meta property=\"og:url\" content=\"https:\/\/www.smokershop.es\/index.php\/producto\/puffco-hot-knife\/\" \/>\n<meta property=\"og:site_name\" content=\"The Smoker&#039;s Shop\" \/>\n<meta property=\"article:modified_time\" content=\"2025-06-16T17:46:25+00:00\" \/>\n<meta property=\"og:image\" content=\"https:\/\/www.smokershop.es\/wp-content\/uploads\/2024\/04\/PUFFCO-HOT-KNIFE-ONIX.png\" \/>\n\t<meta property=\"og:image:width\" content=\"900\" \/>\n\t<meta property=\"og:image:height\" content=\"1200\" \/>\n\t<meta property=\"og:image:type\" content=\"image\/png\" \/>\n<meta name=\"twitter:card\" content=\"summary_large_image\" \/>\n<meta name=\"twitter:label1\" content=\"Tiempo de lectura\" \/>\n\t<meta name=\"twitter:data1\" content=\"1 minuto\" \/>\n<script type=\"application\/ld+json\" class=\"yoast-schema-graph\">{\"@context\":\"https:\\\/\\\/schema.org\",\"@graph\":[{\"@type\":\"WebPage\",\"@id\":\"https:\\\/\\\/www.smokershop.es\\\/index.php\\\/producto\\\/puffco-hot-knife\\\/\",\"url\":\"https:\\\/\\\/www.smokershop.es\\\/index.php\\\/producto\\\/puffco-hot-knife\\\/\",\"name\":\"PUFFCO HOT KNIFE - The Smoker&#039;s Shop\",\"isPartOf\":{\"@id\":\"https:\\\/\\\/www.smokershop.es\\\/#website\"},\"primaryImageOfPage\":{\"@id\":\"https:\\\/\\\/www.smokershop.es\\\/index.php\\\/producto\\\/puffco-hot-knife\\\/#primaryimage\"},\"image\":{\"@id\":\"https:\\\/\\\/www.smokershop.es\\\/index.php\\\/producto\\\/puffco-hot-knife\\\/#primaryimage\"},\"thumbnailUrl\":\"https:\\\/\\\/www.smokershop.es\\\/wp-content\\\/uploads\\\/2024\\\/04\\\/PUFFCO-HOT-KNIFE-ONIX.png\",\"datePublished\":\"2024-04-23T17:28:34+00:00\",\"dateModified\":\"2025-06-16T17:46:25+00:00\",\"description\":\"El PUFFCO HOT KNIFE es una herramienta imprescindible que cambiara tu forma de disfrutar de tus extracciones y usar tu pipa o bong.\",\"breadcrumb\":{\"@id\":\"https:\\\/\\\/www.smokershop.es\\\/index.php\\\/producto\\\/puffco-hot-knife\\\/#breadcrumb\"},\"inLanguage\":\"es\",\"potentialAction\":[{\"@type\":\"ReadAction\",\"target\":[\"https:\\\/\\\/www.smokershop.es\\\/index.php\\\/producto\\\/puffco-hot-knife\\\/\"]}]},{\"@type\":\"ImageObject\",\"inLanguage\":\"es\",\"@id\":\"https:\\\/\\\/www.smokershop.es\\\/index.php\\\/producto\\\/puffco-hot-knife\\\/#primaryimage\",\"url\":\"https:\\\/\\\/www.smokershop.es\\\/wp-content\\\/uploads\\\/2024\\\/04\\\/PUFFCO-HOT-KNIFE-ONIX.png\",\"contentUrl\":\"https:\\\/\\\/www.smokershop.es\\\/wp-content\\\/uploads\\\/2024\\\/04\\\/PUFFCO-HOT-KNIFE-ONIX.png\",\"width\":900,\"height\":1200,\"caption\":\"PUFFCO HOT KNIFE ONIX\"},{\"@type\":\"BreadcrumbList\",\"@id\":\"https:\\\/\\\/www.smokershop.es\\\/index.php\\\/producto\\\/puffco-hot-knife\\\/#breadcrumb\",\"itemListElement\":[{\"@type\":\"ListItem\",\"position\":1,\"name\":\"Portada\",\"item\":\"https:\\\/\\\/www.smokershop.es\\\/\"},{\"@type\":\"ListItem\",\"position\":2,\"name\":\"The Shop\",\"item\":\"https:\\\/\\\/www.smokershop.es\\\/index.php\\\/shop\\\/\"},{\"@type\":\"ListItem\",\"position\":3,\"name\":\"PUFFCO HOT KNIFE\"}]},{\"@type\":\"WebSite\",\"@id\":\"https:\\\/\\\/www.smokershop.es\\\/#website\",\"url\":\"https:\\\/\\\/www.smokershop.es\\\/\",\"name\":\"The Smoker&#039;s Shop\",\"description\":\"Todo para los fumadores\",\"publisher\":{\"@id\":\"https:\\\/\\\/www.smokershop.es\\\/#organization\"},\"potentialAction\":[{\"@type\":\"SearchAction\",\"target\":{\"@type\":\"EntryPoint\",\"urlTemplate\":\"https:\\\/\\\/www.smokershop.es\\\/?s={search_term_string}\"},\"query-input\":{\"@type\":\"PropertyValueSpecification\",\"valueRequired\":true,\"valueName\":\"search_term_string\"}}],\"inLanguage\":\"es\"},{\"@type\":\"Organization\",\"@id\":\"https:\\\/\\\/www.smokershop.es\\\/#organization\",\"name\":\"The Smoker&#039;s Shop\",\"url\":\"https:\\\/\\\/www.smokershop.es\\\/\",\"logo\":{\"@type\":\"ImageObject\",\"inLanguage\":\"es\",\"@id\":\"https:\\\/\\\/www.smokershop.es\\\/#\\\/schema\\\/logo\\\/image\\\/\",\"url\":\"https:\\\/\\\/www.smokershop.es\\\/wp-content\\\/uploads\\\/2023\\\/10\\\/smokershop-logo.png\",\"contentUrl\":\"https:\\\/\\\/www.smokershop.es\\\/wp-content\\\/uploads\\\/2023\\\/10\\\/smokershop-logo.png\",\"width\":1711,\"height\":752,\"caption\":\"The Smoker&#039;s Shop\"},\"image\":{\"@id\":\"https:\\\/\\\/www.smokershop.es\\\/#\\\/schema\\\/logo\\\/image\\\/\"},\"sameAs\":[\"https:\\\/\\\/www.instagram.com\\\/thesmokersshopofficial\"]}]}<\/script>\n<!-- \/ Yoast SEO plugin. -->","yoast_head_json":{"title":"PUFFCO HOT KNIFE - The Smoker&#039;s Shop","description":"El PUFFCO HOT KNIFE es una herramienta imprescindible que cambiara tu forma de disfrutar de tus extracciones y usar tu pipa o bong.","robots":{"index":"index","follow":"follow","max-snippet":"max-snippet:-1","max-image-preview":"max-image-preview:large","max-video-preview":"max-video-preview:-1"},"canonical":"https:\/\/www.smokershop.es\/index.php\/producto\/puffco-hot-knife\/","og_locale":"es_ES","og_type":"article","og_title":"PUFFCO HOT KNIFE - The Smoker&#039;s Shop","og_description":"El PUFFCO HOT KNIFE es una herramienta imprescindible que cambiara tu forma de disfrutar de tus extracciones y usar tu pipa o bong.","og_url":"https:\/\/www.smokershop.es\/index.php\/producto\/puffco-hot-knife\/","og_site_name":"The Smoker&#039;s Shop","article_modified_time":"2025-06-16T17:46:25+00:00","og_image":[{"width":900,"height":1200,"url":"https:\/\/www.smokershop.es\/wp-content\/uploads\/2024\/04\/PUFFCO-HOT-KNIFE-ONIX.png","type":"image\/png"}],"twitter_card":"summary_large_image","twitter_misc":{"Tiempo de lectura":"1 minuto"},"schema":{"@context":"https:\/\/schema.org","@graph":[{"@type":"WebPage","@id":"https:\/\/www.smokershop.es\/index.php\/producto\/puffco-hot-knife\/","url":"https:\/\/www.smokershop.es\/index.php\/producto\/puffco-hot-knife\/","name":"PUFFCO HOT KNIFE - The Smoker&#039;s Shop","isPartOf":{"@id":"https:\/\/www.smokershop.es\/#website"},"primaryImageOfPage":{"@id":"https:\/\/www.smokershop.es\/index.php\/producto\/puffco-hot-knife\/#primaryimage"},"image":{"@id":"https:\/\/www.smokershop.es\/index.php\/producto\/puffco-hot-knife\/#primaryimage"},"thumbnailUrl":"https:\/\/www.smokershop.es\/wp-content\/uploads\/2024\/04\/PUFFCO-HOT-KNIFE-ONIX.png","datePublished":"2024-04-23T17:28:34+00:00","dateModified":"2025-06-16T17:46:25+00:00","description":"El PUFFCO HOT KNIFE es una herramienta imprescindible que cambiara tu forma de disfrutar de tus extracciones y usar tu pipa o bong.","breadcrumb":{"@id":"https:\/\/www.smokershop.es\/index.php\/producto\/puffco-hot-knife\/#breadcrumb"},"inLanguage":"es","potentialAction":[{"@type":"ReadAction","target":["https:\/\/www.smokershop.es\/index.php\/producto\/puffco-hot-knife\/"]}]},{"@type":"ImageObject","inLanguage":"es","@id":"https:\/\/www.smokershop.es\/index.php\/producto\/puffco-hot-knife\/#primaryimage","url":"https:\/\/www.smokershop.es\/wp-content\/uploads\/2024\/04\/PUFFCO-HOT-KNIFE-ONIX.png","contentUrl":"https:\/\/www.smokershop.es\/wp-content\/uploads\/2024\/04\/PUFFCO-HOT-KNIFE-ONIX.png","width":900,"height":1200,"caption":"PUFFCO HOT KNIFE ONIX"},{"@type":"BreadcrumbList","@id":"https:\/\/www.smokershop.es\/index.php\/producto\/puffco-hot-knife\/#breadcrumb","itemListElement":[{"@type":"ListItem","position":1,"name":"Portada","item":"https:\/\/www.smokershop.es\/"},{"@type":"ListItem","position":2,"name":"The Shop","item":"https:\/\/www.smokershop.es\/index.php\/shop\/"},{"@type":"ListItem","position":3,"name":"PUFFCO HOT KNIFE"}]},{"@type":"WebSite","@id":"https:\/\/www.smokershop.es\/#website","url":"https:\/\/www.smokershop.es\/","name":"The Smoker&#039;s Shop","description":"Todo para los fumadores","publisher":{"@id":"https:\/\/www.smokershop.es\/#organization"},"potentialAction":[{"@type":"SearchAction","target":{"@type":"EntryPoint","urlTemplate":"https:\/\/www.smokershop.es\/?s={search_term_string}"},"query-input":{"@type":"PropertyValueSpecification","valueRequired":true,"valueName":"search_term_string"}}],"inLanguage":"es"},{"@type":"Organization","@id":"https:\/\/www.smokershop.es\/#organization","name":"The Smoker&#039;s Shop","url":"https:\/\/www.smokershop.es\/","logo":{"@type":"ImageObject","inLanguage":"es","@id":"https:\/\/www.smokershop.es\/#\/schema\/logo\/image\/","url":"https:\/\/www.smokershop.es\/wp-content\/uploads\/2023\/10\/smokershop-logo.png","contentUrl":"https:\/\/www.smokershop.es\/wp-content\/uploads\/2023\/10\/smokershop-logo.png","width":1711,"height":752,"caption":"The Smoker&#039;s Shop"},"image":{"@id":"https:\/\/www.smokershop.es\/#\/schema\/logo\/image\/"},"sameAs":["https:\/\/www.instagram.com\/thesmokersshopofficial"]}]}},"_links":{"self":[{"href":"https:\/\/www.smokershop.es\/index.php\/wp-json\/wp\/v2\/product\/1981","targetHints":{"allow":["GET"]}}],"collection":[{"href":"https:\/\/www.smokershop.es\/index.php\/wp-json\/wp\/v2\/product"}],"about":[{"href":"https:\/\/www.smokershop.es\/index.php\/wp-json\/wp\/v2\/types\/product"}],"wp:featuredmedia":[{"embeddable":true,"href":"https:\/\/www.smokershop.es\/index.php\/wp-json\/wp\/v2\/media\/1995"}],"wp:attachment":[{"href":"https:\/\/www.smokershop.es\/index.php\/wp-json\/wp\/v2\/media?parent=1981"}],"wp:term":[{"taxonomy":"product_brand","embeddable":true,"href":"https:\/\/www.smokershop.es\/index.php\/wp-json\/wp\/v2\/product_brand?post=1981"},{"taxonomy":"product_cat","embeddable":true,"href":"https:\/\/www.smokershop.es\/index.php\/wp-json\/wp\/v2\/product_cat?post=1981"},{"taxonomy":"product_tag","embeddable":true,"href":"https:\/\/www.smokershop.es\/index.php\/wp-json\/wp\/v2\/product_tag?post=1981"}],"curies":[{"name":"wp","href":"https:\/\/api.w.org\/{rel}","templated":true}]}}