{"id":2003,"date":"2024-04-24T13:57:51","date_gmt":"2024-04-24T11:57:51","guid":{"rendered":"https:\/\/www.smokershop.es\/?post_type=product&#038;p=2003"},"modified":"2026-04-24T11:36:23","modified_gmt":"2026-04-24T09:36:23","slug":"lanavape-10-000-caladas-desechable","status":"publish","type":"product","link":"https:\/\/www.smokershop.es\/index.php\/producto\/lanavape-10-000-caladas-desechable\/","title":{"rendered":"LANAVAPE 10.000 CALADAS DESECHABLE"},"content":{"rendered":"<p>LANAVAPE 10.000 CALADAS DESECHABLE<\/p>\n<p>Experimenta la revoluci\u00f3n del vapeo con nuestros Lanavape de 10,000 caladas, dise\u00f1ados para ofrecerte una experiencia inmejorable. Sum\u00e9rgete en un mundo de sabor intenso que deleitar\u00e1 tus sentidos, mientras disfrutas de la tranquilidad de una alta durabilidad.<\/p>\n<p>Estos modelos resultan de lo m\u00e1s c\u00f3modos y pr\u00e1cticos, ya que gracias a su bater\u00eda recargable 650 mAh de tipo C que se llena en un m\u00e1ximo de 10 minutos, podr\u00e1s disfrutar de las ventajas de un vaper de larga duraci\u00f3n y de carga r\u00e1pida. Adem\u00e1s contamos con 9 sabores disponibles,\u00a0 potentes y de gran calidad, para que pruebes y descubras el que m\u00e1s se ajusta a tus gustos.<\/p>\n<p>&nbsp;<\/p>\n","protected":false},"excerpt":{"rendered":"<ul>\n<li>Vaper premium de 10.000 caladas, sin nicotina, con 18ml de liquido, con bateria de 650 mAh Recargable con tipo C y un m\u00e1ximo de carga de 10 minutos.<\/li>\n<li>Disponibles 9 sabores, con la m\u00e1xima potencia de sabor, calada y durabilidad.<\/li>\n<\/ul>\n<ul>\n<li style=\"list-style-type: none;\">\n<ul>\n<li><strong>\u2b07\ufe0f PRECIOS MAYORISTA PARA PROFESIONALES \u2b07\ufe0f<\/strong><\/li>\n<\/ul>\n<\/li>\n<\/ul>\n<p style=\"padding-left: 200px;\"><strong><a href=\"https:\/\/www.smokershop.es\/index.php\/register\/\" target=\"_blank\" rel=\"noopener\">\ud83d\udc49 REGISTRATE AQUI \ud83d\udc48<\/a><\/strong><\/p>\n<p>&nbsp;<\/p>\n","protected":false},"featured_media":2013,"template":"","meta":{"_joinchat":[]},"product_brand":[],"product_cat":[69],"product_tag":[],"class_list":{"0":"post-2003","1":"product","2":"type-product","3":"status-publish","4":"has-post-thumbnail","6":"product_cat-vaper","8":"first","9":"instock","10":"taxable","11":"shipping-taxable","12":"purchasable","13":"product-type-variable"},"yoast_head":"<!-- This site is optimized with the Yoast SEO plugin v27.4 - https:\/\/yoast.com\/product\/yoast-seo-wordpress\/ -->\n<title>LANAVAPE 10.000 CALADAS DESECHABLE - The Smoker&#039;s Shop<\/title>\n<meta name=\"description\" content=\"Nuestros LANAVAPE 10.000 CALADAS DESECHABLE son una opci\u00f3n perfecta para quien desea disfrutar de un sabor intenso, muy logrado y de una larga duraci\u00f3n.\" \/>\n<meta name=\"robots\" content=\"index, follow, max-snippet:-1, max-image-preview:large, max-video-preview:-1\" \/>\n<link rel=\"canonical\" href=\"https:\/\/www.smokershop.es\/index.php\/producto\/lanavape-10-000-caladas-desechable\/\" \/>\n<meta property=\"og:locale\" content=\"es_ES\" \/>\n<meta property=\"og:type\" content=\"article\" \/>\n<meta property=\"og:title\" content=\"LANAVAPE 10.000 CALADAS DESECHABLE - The Smoker&#039;s Shop\" \/>\n<meta property=\"og:description\" content=\"Nuestros LANAVAPE 10.000 CALADAS DESECHABLE son una opci\u00f3n perfecta para quien desea disfrutar de un sabor intenso, muy logrado y de una larga duraci\u00f3n.\" \/>\n<meta property=\"og:url\" content=\"https:\/\/www.smokershop.es\/index.php\/producto\/lanavape-10-000-caladas-desechable\/\" \/>\n<meta property=\"og:site_name\" content=\"The Smoker&#039;s Shop\" \/>\n<meta property=\"article:modified_time\" content=\"2026-04-24T09:36:23+00:00\" \/>\n<meta property=\"og:image\" content=\"https:\/\/www.smokershop.es\/wp-content\/uploads\/2024\/04\/BANANA-ICE.png\" \/>\n\t<meta property=\"og:image:width\" content=\"971\" \/>\n\t<meta property=\"og:image:height\" content=\"1050\" \/>\n\t<meta property=\"og:image:type\" content=\"image\/png\" \/>\n<meta name=\"twitter:card\" content=\"summary_large_image\" \/>\n<meta name=\"twitter:label1\" content=\"Tiempo de lectura\" \/>\n\t<meta name=\"twitter:data1\" content=\"1 minuto\" \/>\n<script type=\"application\/ld+json\" class=\"yoast-schema-graph\">{\"@context\":\"https:\\\/\\\/schema.org\",\"@graph\":[{\"@type\":\"WebPage\",\"@id\":\"https:\\\/\\\/www.smokershop.es\\\/index.php\\\/producto\\\/lanavape-10-000-caladas-desechable\\\/\",\"url\":\"https:\\\/\\\/www.smokershop.es\\\/index.php\\\/producto\\\/lanavape-10-000-caladas-desechable\\\/\",\"name\":\"LANAVAPE 10.000 CALADAS DESECHABLE - The Smoker&#039;s Shop\",\"isPartOf\":{\"@id\":\"https:\\\/\\\/www.smokershop.es\\\/#website\"},\"primaryImageOfPage\":{\"@id\":\"https:\\\/\\\/www.smokershop.es\\\/index.php\\\/producto\\\/lanavape-10-000-caladas-desechable\\\/#primaryimage\"},\"image\":{\"@id\":\"https:\\\/\\\/www.smokershop.es\\\/index.php\\\/producto\\\/lanavape-10-000-caladas-desechable\\\/#primaryimage\"},\"thumbnailUrl\":\"https:\\\/\\\/www.smokershop.es\\\/wp-content\\\/uploads\\\/2024\\\/04\\\/BANANA-ICE.png\",\"datePublished\":\"2024-04-24T11:57:51+00:00\",\"dateModified\":\"2026-04-24T09:36:23+00:00\",\"description\":\"Nuestros LANAVAPE 10.000 CALADAS DESECHABLE son una opci\u00f3n perfecta para quien desea disfrutar de un sabor intenso, muy logrado y de una larga duraci\u00f3n.\",\"breadcrumb\":{\"@id\":\"https:\\\/\\\/www.smokershop.es\\\/index.php\\\/producto\\\/lanavape-10-000-caladas-desechable\\\/#breadcrumb\"},\"inLanguage\":\"es\",\"potentialAction\":[{\"@type\":\"ReadAction\",\"target\":[\"https:\\\/\\\/www.smokershop.es\\\/index.php\\\/producto\\\/lanavape-10-000-caladas-desechable\\\/\"]}]},{\"@type\":\"ImageObject\",\"inLanguage\":\"es\",\"@id\":\"https:\\\/\\\/www.smokershop.es\\\/index.php\\\/producto\\\/lanavape-10-000-caladas-desechable\\\/#primaryimage\",\"url\":\"https:\\\/\\\/www.smokershop.es\\\/wp-content\\\/uploads\\\/2024\\\/04\\\/BANANA-ICE.png\",\"contentUrl\":\"https:\\\/\\\/www.smokershop.es\\\/wp-content\\\/uploads\\\/2024\\\/04\\\/BANANA-ICE.png\",\"width\":971,\"height\":1050,\"caption\":\"LANAVAPE 10.000 CALADAS DESECHABLE BANANA ICE\"},{\"@type\":\"BreadcrumbList\",\"@id\":\"https:\\\/\\\/www.smokershop.es\\\/index.php\\\/producto\\\/lanavape-10-000-caladas-desechable\\\/#breadcrumb\",\"itemListElement\":[{\"@type\":\"ListItem\",\"position\":1,\"name\":\"Portada\",\"item\":\"https:\\\/\\\/www.smokershop.es\\\/\"},{\"@type\":\"ListItem\",\"position\":2,\"name\":\"The Shop\",\"item\":\"https:\\\/\\\/www.smokershop.es\\\/index.php\\\/shop\\\/\"},{\"@type\":\"ListItem\",\"position\":3,\"name\":\"LANAVAPE 10.000 CALADAS DESECHABLE\"}]},{\"@type\":\"WebSite\",\"@id\":\"https:\\\/\\\/www.smokershop.es\\\/#website\",\"url\":\"https:\\\/\\\/www.smokershop.es\\\/\",\"name\":\"The Smoker&#039;s Shop\",\"description\":\"Todo para los fumadores\",\"publisher\":{\"@id\":\"https:\\\/\\\/www.smokershop.es\\\/#organization\"},\"potentialAction\":[{\"@type\":\"SearchAction\",\"target\":{\"@type\":\"EntryPoint\",\"urlTemplate\":\"https:\\\/\\\/www.smokershop.es\\\/?s={search_term_string}\"},\"query-input\":{\"@type\":\"PropertyValueSpecification\",\"valueRequired\":true,\"valueName\":\"search_term_string\"}}],\"inLanguage\":\"es\"},{\"@type\":\"Organization\",\"@id\":\"https:\\\/\\\/www.smokershop.es\\\/#organization\",\"name\":\"The Smoker&#039;s Shop\",\"url\":\"https:\\\/\\\/www.smokershop.es\\\/\",\"logo\":{\"@type\":\"ImageObject\",\"inLanguage\":\"es\",\"@id\":\"https:\\\/\\\/www.smokershop.es\\\/#\\\/schema\\\/logo\\\/image\\\/\",\"url\":\"https:\\\/\\\/www.smokershop.es\\\/wp-content\\\/uploads\\\/2023\\\/10\\\/smokershop-logo.png\",\"contentUrl\":\"https:\\\/\\\/www.smokershop.es\\\/wp-content\\\/uploads\\\/2023\\\/10\\\/smokershop-logo.png\",\"width\":1711,\"height\":752,\"caption\":\"The Smoker&#039;s Shop\"},\"image\":{\"@id\":\"https:\\\/\\\/www.smokershop.es\\\/#\\\/schema\\\/logo\\\/image\\\/\"},\"sameAs\":[\"https:\\\/\\\/www.instagram.com\\\/thesmokersshopofficial\"]}]}<\/script>\n<!-- \/ Yoast SEO plugin. -->","yoast_head_json":{"title":"LANAVAPE 10.000 CALADAS DESECHABLE - The Smoker&#039;s Shop","description":"Nuestros LANAVAPE 10.000 CALADAS DESECHABLE son una opci\u00f3n perfecta para quien desea disfrutar de un sabor intenso, muy logrado y de una larga duraci\u00f3n.","robots":{"index":"index","follow":"follow","max-snippet":"max-snippet:-1","max-image-preview":"max-image-preview:large","max-video-preview":"max-video-preview:-1"},"canonical":"https:\/\/www.smokershop.es\/index.php\/producto\/lanavape-10-000-caladas-desechable\/","og_locale":"es_ES","og_type":"article","og_title":"LANAVAPE 10.000 CALADAS DESECHABLE - The Smoker&#039;s Shop","og_description":"Nuestros LANAVAPE 10.000 CALADAS DESECHABLE son una opci\u00f3n perfecta para quien desea disfrutar de un sabor intenso, muy logrado y de una larga duraci\u00f3n.","og_url":"https:\/\/www.smokershop.es\/index.php\/producto\/lanavape-10-000-caladas-desechable\/","og_site_name":"The Smoker&#039;s Shop","article_modified_time":"2026-04-24T09:36:23+00:00","og_image":[{"width":971,"height":1050,"url":"https:\/\/www.smokershop.es\/wp-content\/uploads\/2024\/04\/BANANA-ICE.png","type":"image\/png"}],"twitter_card":"summary_large_image","twitter_misc":{"Tiempo de lectura":"1 minuto"},"schema":{"@context":"https:\/\/schema.org","@graph":[{"@type":"WebPage","@id":"https:\/\/www.smokershop.es\/index.php\/producto\/lanavape-10-000-caladas-desechable\/","url":"https:\/\/www.smokershop.es\/index.php\/producto\/lanavape-10-000-caladas-desechable\/","name":"LANAVAPE 10.000 CALADAS DESECHABLE - The Smoker&#039;s Shop","isPartOf":{"@id":"https:\/\/www.smokershop.es\/#website"},"primaryImageOfPage":{"@id":"https:\/\/www.smokershop.es\/index.php\/producto\/lanavape-10-000-caladas-desechable\/#primaryimage"},"image":{"@id":"https:\/\/www.smokershop.es\/index.php\/producto\/lanavape-10-000-caladas-desechable\/#primaryimage"},"thumbnailUrl":"https:\/\/www.smokershop.es\/wp-content\/uploads\/2024\/04\/BANANA-ICE.png","datePublished":"2024-04-24T11:57:51+00:00","dateModified":"2026-04-24T09:36:23+00:00","description":"Nuestros LANAVAPE 10.000 CALADAS DESECHABLE son una opci\u00f3n perfecta para quien desea disfrutar de un sabor intenso, muy logrado y de una larga duraci\u00f3n.","breadcrumb":{"@id":"https:\/\/www.smokershop.es\/index.php\/producto\/lanavape-10-000-caladas-desechable\/#breadcrumb"},"inLanguage":"es","potentialAction":[{"@type":"ReadAction","target":["https:\/\/www.smokershop.es\/index.php\/producto\/lanavape-10-000-caladas-desechable\/"]}]},{"@type":"ImageObject","inLanguage":"es","@id":"https:\/\/www.smokershop.es\/index.php\/producto\/lanavape-10-000-caladas-desechable\/#primaryimage","url":"https:\/\/www.smokershop.es\/wp-content\/uploads\/2024\/04\/BANANA-ICE.png","contentUrl":"https:\/\/www.smokershop.es\/wp-content\/uploads\/2024\/04\/BANANA-ICE.png","width":971,"height":1050,"caption":"LANAVAPE 10.000 CALADAS DESECHABLE BANANA ICE"},{"@type":"BreadcrumbList","@id":"https:\/\/www.smokershop.es\/index.php\/producto\/lanavape-10-000-caladas-desechable\/#breadcrumb","itemListElement":[{"@type":"ListItem","position":1,"name":"Portada","item":"https:\/\/www.smokershop.es\/"},{"@type":"ListItem","position":2,"name":"The Shop","item":"https:\/\/www.smokershop.es\/index.php\/shop\/"},{"@type":"ListItem","position":3,"name":"LANAVAPE 10.000 CALADAS DESECHABLE"}]},{"@type":"WebSite","@id":"https:\/\/www.smokershop.es\/#website","url":"https:\/\/www.smokershop.es\/","name":"The Smoker&#039;s Shop","description":"Todo para los fumadores","publisher":{"@id":"https:\/\/www.smokershop.es\/#organization"},"potentialAction":[{"@type":"SearchAction","target":{"@type":"EntryPoint","urlTemplate":"https:\/\/www.smokershop.es\/?s={search_term_string}"},"query-input":{"@type":"PropertyValueSpecification","valueRequired":true,"valueName":"search_term_string"}}],"inLanguage":"es"},{"@type":"Organization","@id":"https:\/\/www.smokershop.es\/#organization","name":"The Smoker&#039;s Shop","url":"https:\/\/www.smokershop.es\/","logo":{"@type":"ImageObject","inLanguage":"es","@id":"https:\/\/www.smokershop.es\/#\/schema\/logo\/image\/","url":"https:\/\/www.smokershop.es\/wp-content\/uploads\/2023\/10\/smokershop-logo.png","contentUrl":"https:\/\/www.smokershop.es\/wp-content\/uploads\/2023\/10\/smokershop-logo.png","width":1711,"height":752,"caption":"The Smoker&#039;s Shop"},"image":{"@id":"https:\/\/www.smokershop.es\/#\/schema\/logo\/image\/"},"sameAs":["https:\/\/www.instagram.com\/thesmokersshopofficial"]}]}},"_links":{"self":[{"href":"https:\/\/www.smokershop.es\/index.php\/wp-json\/wp\/v2\/product\/2003","targetHints":{"allow":["GET"]}}],"collection":[{"href":"https:\/\/www.smokershop.es\/index.php\/wp-json\/wp\/v2\/product"}],"about":[{"href":"https:\/\/www.smokershop.es\/index.php\/wp-json\/wp\/v2\/types\/product"}],"wp:featuredmedia":[{"embeddable":true,"href":"https:\/\/www.smokershop.es\/index.php\/wp-json\/wp\/v2\/media\/2013"}],"wp:attachment":[{"href":"https:\/\/www.smokershop.es\/index.php\/wp-json\/wp\/v2\/media?parent=2003"}],"wp:term":[{"taxonomy":"product_brand","embeddable":true,"href":"https:\/\/www.smokershop.es\/index.php\/wp-json\/wp\/v2\/product_brand?post=2003"},{"taxonomy":"product_cat","embeddable":true,"href":"https:\/\/www.smokershop.es\/index.php\/wp-json\/wp\/v2\/product_cat?post=2003"},{"taxonomy":"product_tag","embeddable":true,"href":"https:\/\/www.smokershop.es\/index.php\/wp-json\/wp\/v2\/product_tag?post=2003"}],"curies":[{"name":"wp","href":"https:\/\/api.w.org\/{rel}","templated":true}]}}