{"id":2171,"date":"2024-06-18T11:55:58","date_gmt":"2024-06-18T09:55:58","guid":{"rendered":"https:\/\/www.smokershop.es\/?post_type=product&#038;p=2171"},"modified":"2026-02-17T11:33:24","modified_gmt":"2026-02-17T10:33:24","slug":"bolsas-zip-caja-2000uds","status":"publish","type":"product","link":"https:\/\/www.smokershop.es\/index.php\/producto\/bolsas-zip-caja-2000uds\/","title":{"rendered":"BOLSAS ZIP CAJA 2000UDS"},"content":{"rendered":"<p>BOLSAS ZIP CAJA 2000UDS<\/p>\n<p>Hechas 100% con pl\u00e1stico virgen LDPE de grado alimentario y libres de olores. Estas bolsas Ziplock disponen de un dise\u00f1o exclusivo que permite la escritura. Disponibles en 5 tama\u00f1os distintos: 40x60mm, 55x65mm, 80x60mm, 70x100mm y 80x120mm. Son resistentes, reutilizables y reciclables. Selecciona el tama\u00f1o que m\u00e1s se ajuste a tus necesidades.<\/p>\n<p>&nbsp;<\/p>\n<p>&nbsp;<\/p>\n","protected":false},"excerpt":{"rendered":"<ul>\n<li>Bolsa de pl\u00e1stico con cierre zip herm\u00e9tico de 60 Micras de grosor.<\/li>\n<li>40MM x 60MM<\/li>\n<li>55MM x 65 MM<\/li>\n<li>60MM x 80MM<\/li>\n<li>70MM x 100MM<\/li>\n<li>80MM x 120MM<\/li>\n<li>Caja de 2000 unidades.<\/li>\n<\/ul>\n","protected":false},"featured_media":2178,"template":"","meta":{"_joinchat":[]},"product_brand":[],"product_cat":[49,71],"product_tag":[],"class_list":{"0":"post-2171","1":"product","2":"type-product","3":"status-publish","4":"has-post-thumbnail","6":"product_cat-almacenamiento","7":"product_cat-bolsa-zip","9":"first","10":"instock","11":"taxable","12":"shipping-taxable","13":"purchasable","14":"product-type-variable"},"yoast_head":"<!-- This site is optimized with the Yoast SEO plugin v27.2 - https:\/\/yoast.com\/product\/yoast-seo-wordpress\/ -->\n<title>BOLSAS ZIP CAJA 2000UDS - The Smoker&#039;s Shop<\/title>\n<meta name=\"description\" content=\"Las BOLSAS ZIP CAJA 2000UDS de pl\u00e1stico con cierre herm\u00e9tico, impiden que salgan olores y permiten almacenar en ellas toda clase de flores o extracciones.\" \/>\n<meta name=\"robots\" content=\"index, follow, max-snippet:-1, max-image-preview:large, max-video-preview:-1\" \/>\n<link rel=\"canonical\" href=\"https:\/\/www.smokershop.es\/index.php\/producto\/bolsas-zip-caja-2000uds\/\" \/>\n<meta property=\"og:locale\" content=\"es_ES\" \/>\n<meta property=\"og:type\" content=\"article\" \/>\n<meta property=\"og:title\" content=\"BOLSAS ZIP CAJA 2000UDS - The Smoker&#039;s Shop\" \/>\n<meta property=\"og:description\" content=\"Las BOLSAS ZIP CAJA 2000UDS de pl\u00e1stico con cierre herm\u00e9tico, impiden que salgan olores y permiten almacenar en ellas toda clase de flores o extracciones.\" \/>\n<meta property=\"og:url\" content=\"https:\/\/www.smokershop.es\/index.php\/producto\/bolsas-zip-caja-2000uds\/\" \/>\n<meta property=\"og:site_name\" content=\"The Smoker&#039;s Shop\" \/>\n<meta property=\"article:modified_time\" content=\"2026-02-17T10:33:24+00:00\" \/>\n<meta property=\"og:image\" content=\"https:\/\/www.smokershop.es\/wp-content\/uploads\/2024\/06\/THContainers_Bolsas_ziplock_diseno_escritura-3.jpg\" \/>\n\t<meta property=\"og:image:width\" content=\"800\" \/>\n\t<meta property=\"og:image:height\" content=\"800\" \/>\n\t<meta property=\"og:image:type\" content=\"image\/jpeg\" \/>\n<meta name=\"twitter:card\" content=\"summary_large_image\" \/>\n<meta name=\"twitter:label1\" content=\"Tiempo de lectura\" \/>\n\t<meta name=\"twitter:data1\" content=\"1 minuto\" \/>\n<script type=\"application\/ld+json\" class=\"yoast-schema-graph\">{\"@context\":\"https:\/\/schema.org\",\"@graph\":[{\"@type\":\"WebPage\",\"@id\":\"https:\/\/www.smokershop.es\/index.php\/producto\/bolsas-zip-caja-2000uds\/\",\"url\":\"https:\/\/www.smokershop.es\/index.php\/producto\/bolsas-zip-caja-2000uds\/\",\"name\":\"BOLSAS ZIP CAJA 2000UDS - The Smoker&#039;s Shop\",\"isPartOf\":{\"@id\":\"https:\/\/www.smokershop.es\/#website\"},\"primaryImageOfPage\":{\"@id\":\"https:\/\/www.smokershop.es\/index.php\/producto\/bolsas-zip-caja-2000uds\/#primaryimage\"},\"image\":{\"@id\":\"https:\/\/www.smokershop.es\/index.php\/producto\/bolsas-zip-caja-2000uds\/#primaryimage\"},\"thumbnailUrl\":\"https:\/\/www.smokershop.es\/wp-content\/uploads\/2024\/06\/THContainers_Bolsas_ziplock_diseno_escritura-3.jpg\",\"datePublished\":\"2024-06-18T09:55:58+00:00\",\"dateModified\":\"2026-02-17T10:33:24+00:00\",\"description\":\"Las BOLSAS ZIP CAJA 2000UDS de pl\u00e1stico con cierre herm\u00e9tico, impiden que salgan olores y permiten almacenar en ellas toda clase de flores o extracciones.\",\"breadcrumb\":{\"@id\":\"https:\/\/www.smokershop.es\/index.php\/producto\/bolsas-zip-caja-2000uds\/#breadcrumb\"},\"inLanguage\":\"es\",\"potentialAction\":[{\"@type\":\"ReadAction\",\"target\":[\"https:\/\/www.smokershop.es\/index.php\/producto\/bolsas-zip-caja-2000uds\/\"]}]},{\"@type\":\"ImageObject\",\"inLanguage\":\"es\",\"@id\":\"https:\/\/www.smokershop.es\/index.php\/producto\/bolsas-zip-caja-2000uds\/#primaryimage\",\"url\":\"https:\/\/www.smokershop.es\/wp-content\/uploads\/2024\/06\/THContainers_Bolsas_ziplock_diseno_escritura-3.jpg\",\"contentUrl\":\"https:\/\/www.smokershop.es\/wp-content\/uploads\/2024\/06\/THContainers_Bolsas_ziplock_diseno_escritura-3.jpg\",\"width\":800,\"height\":800},{\"@type\":\"BreadcrumbList\",\"@id\":\"https:\/\/www.smokershop.es\/index.php\/producto\/bolsas-zip-caja-2000uds\/#breadcrumb\",\"itemListElement\":[{\"@type\":\"ListItem\",\"position\":1,\"name\":\"Portada\",\"item\":\"https:\/\/www.smokershop.es\/\"},{\"@type\":\"ListItem\",\"position\":2,\"name\":\"The Shop\",\"item\":\"https:\/\/www.smokershop.es\/index.php\/shop\/\"},{\"@type\":\"ListItem\",\"position\":3,\"name\":\"BOLSAS ZIP CAJA 2000UDS\"}]},{\"@type\":\"WebSite\",\"@id\":\"https:\/\/www.smokershop.es\/#website\",\"url\":\"https:\/\/www.smokershop.es\/\",\"name\":\"The Smoker&#039;s Shop\",\"description\":\"Todo para los fumadores\",\"publisher\":{\"@id\":\"https:\/\/www.smokershop.es\/#organization\"},\"potentialAction\":[{\"@type\":\"SearchAction\",\"target\":{\"@type\":\"EntryPoint\",\"urlTemplate\":\"https:\/\/www.smokershop.es\/?s={search_term_string}\"},\"query-input\":{\"@type\":\"PropertyValueSpecification\",\"valueRequired\":true,\"valueName\":\"search_term_string\"}}],\"inLanguage\":\"es\"},{\"@type\":\"Organization\",\"@id\":\"https:\/\/www.smokershop.es\/#organization\",\"name\":\"The Smoker&#039;s Shop\",\"url\":\"https:\/\/www.smokershop.es\/\",\"logo\":{\"@type\":\"ImageObject\",\"inLanguage\":\"es\",\"@id\":\"https:\/\/www.smokershop.es\/#\/schema\/logo\/image\/\",\"url\":\"https:\/\/www.smokershop.es\/wp-content\/uploads\/2023\/10\/smokershop-logo.png\",\"contentUrl\":\"https:\/\/www.smokershop.es\/wp-content\/uploads\/2023\/10\/smokershop-logo.png\",\"width\":1711,\"height\":752,\"caption\":\"The Smoker&#039;s Shop\"},\"image\":{\"@id\":\"https:\/\/www.smokershop.es\/#\/schema\/logo\/image\/\"},\"sameAs\":[\"https:\/\/www.instagram.com\/thesmokersshopofficial\"]}]}<\/script>\n<!-- \/ Yoast SEO plugin. -->","yoast_head_json":{"title":"BOLSAS ZIP CAJA 2000UDS - The Smoker&#039;s Shop","description":"Las BOLSAS ZIP CAJA 2000UDS de pl\u00e1stico con cierre herm\u00e9tico, impiden que salgan olores y permiten almacenar en ellas toda clase de flores o extracciones.","robots":{"index":"index","follow":"follow","max-snippet":"max-snippet:-1","max-image-preview":"max-image-preview:large","max-video-preview":"max-video-preview:-1"},"canonical":"https:\/\/www.smokershop.es\/index.php\/producto\/bolsas-zip-caja-2000uds\/","og_locale":"es_ES","og_type":"article","og_title":"BOLSAS ZIP CAJA 2000UDS - The Smoker&#039;s Shop","og_description":"Las BOLSAS ZIP CAJA 2000UDS de pl\u00e1stico con cierre herm\u00e9tico, impiden que salgan olores y permiten almacenar en ellas toda clase de flores o extracciones.","og_url":"https:\/\/www.smokershop.es\/index.php\/producto\/bolsas-zip-caja-2000uds\/","og_site_name":"The Smoker&#039;s Shop","article_modified_time":"2026-02-17T10:33:24+00:00","og_image":[{"width":800,"height":800,"url":"https:\/\/www.smokershop.es\/wp-content\/uploads\/2024\/06\/THContainers_Bolsas_ziplock_diseno_escritura-3.jpg","type":"image\/jpeg"}],"twitter_card":"summary_large_image","twitter_misc":{"Tiempo de lectura":"1 minuto"},"schema":{"@context":"https:\/\/schema.org","@graph":[{"@type":"WebPage","@id":"https:\/\/www.smokershop.es\/index.php\/producto\/bolsas-zip-caja-2000uds\/","url":"https:\/\/www.smokershop.es\/index.php\/producto\/bolsas-zip-caja-2000uds\/","name":"BOLSAS ZIP CAJA 2000UDS - The Smoker&#039;s Shop","isPartOf":{"@id":"https:\/\/www.smokershop.es\/#website"},"primaryImageOfPage":{"@id":"https:\/\/www.smokershop.es\/index.php\/producto\/bolsas-zip-caja-2000uds\/#primaryimage"},"image":{"@id":"https:\/\/www.smokershop.es\/index.php\/producto\/bolsas-zip-caja-2000uds\/#primaryimage"},"thumbnailUrl":"https:\/\/www.smokershop.es\/wp-content\/uploads\/2024\/06\/THContainers_Bolsas_ziplock_diseno_escritura-3.jpg","datePublished":"2024-06-18T09:55:58+00:00","dateModified":"2026-02-17T10:33:24+00:00","description":"Las BOLSAS ZIP CAJA 2000UDS de pl\u00e1stico con cierre herm\u00e9tico, impiden que salgan olores y permiten almacenar en ellas toda clase de flores o extracciones.","breadcrumb":{"@id":"https:\/\/www.smokershop.es\/index.php\/producto\/bolsas-zip-caja-2000uds\/#breadcrumb"},"inLanguage":"es","potentialAction":[{"@type":"ReadAction","target":["https:\/\/www.smokershop.es\/index.php\/producto\/bolsas-zip-caja-2000uds\/"]}]},{"@type":"ImageObject","inLanguage":"es","@id":"https:\/\/www.smokershop.es\/index.php\/producto\/bolsas-zip-caja-2000uds\/#primaryimage","url":"https:\/\/www.smokershop.es\/wp-content\/uploads\/2024\/06\/THContainers_Bolsas_ziplock_diseno_escritura-3.jpg","contentUrl":"https:\/\/www.smokershop.es\/wp-content\/uploads\/2024\/06\/THContainers_Bolsas_ziplock_diseno_escritura-3.jpg","width":800,"height":800},{"@type":"BreadcrumbList","@id":"https:\/\/www.smokershop.es\/index.php\/producto\/bolsas-zip-caja-2000uds\/#breadcrumb","itemListElement":[{"@type":"ListItem","position":1,"name":"Portada","item":"https:\/\/www.smokershop.es\/"},{"@type":"ListItem","position":2,"name":"The Shop","item":"https:\/\/www.smokershop.es\/index.php\/shop\/"},{"@type":"ListItem","position":3,"name":"BOLSAS ZIP CAJA 2000UDS"}]},{"@type":"WebSite","@id":"https:\/\/www.smokershop.es\/#website","url":"https:\/\/www.smokershop.es\/","name":"The Smoker&#039;s Shop","description":"Todo para los fumadores","publisher":{"@id":"https:\/\/www.smokershop.es\/#organization"},"potentialAction":[{"@type":"SearchAction","target":{"@type":"EntryPoint","urlTemplate":"https:\/\/www.smokershop.es\/?s={search_term_string}"},"query-input":{"@type":"PropertyValueSpecification","valueRequired":true,"valueName":"search_term_string"}}],"inLanguage":"es"},{"@type":"Organization","@id":"https:\/\/www.smokershop.es\/#organization","name":"The Smoker&#039;s Shop","url":"https:\/\/www.smokershop.es\/","logo":{"@type":"ImageObject","inLanguage":"es","@id":"https:\/\/www.smokershop.es\/#\/schema\/logo\/image\/","url":"https:\/\/www.smokershop.es\/wp-content\/uploads\/2023\/10\/smokershop-logo.png","contentUrl":"https:\/\/www.smokershop.es\/wp-content\/uploads\/2023\/10\/smokershop-logo.png","width":1711,"height":752,"caption":"The Smoker&#039;s Shop"},"image":{"@id":"https:\/\/www.smokershop.es\/#\/schema\/logo\/image\/"},"sameAs":["https:\/\/www.instagram.com\/thesmokersshopofficial"]}]}},"_links":{"self":[{"href":"https:\/\/www.smokershop.es\/index.php\/wp-json\/wp\/v2\/product\/2171","targetHints":{"allow":["GET"]}}],"collection":[{"href":"https:\/\/www.smokershop.es\/index.php\/wp-json\/wp\/v2\/product"}],"about":[{"href":"https:\/\/www.smokershop.es\/index.php\/wp-json\/wp\/v2\/types\/product"}],"wp:featuredmedia":[{"embeddable":true,"href":"https:\/\/www.smokershop.es\/index.php\/wp-json\/wp\/v2\/media\/2178"}],"wp:attachment":[{"href":"https:\/\/www.smokershop.es\/index.php\/wp-json\/wp\/v2\/media?parent=2171"}],"wp:term":[{"taxonomy":"product_brand","embeddable":true,"href":"https:\/\/www.smokershop.es\/index.php\/wp-json\/wp\/v2\/product_brand?post=2171"},{"taxonomy":"product_cat","embeddable":true,"href":"https:\/\/www.smokershop.es\/index.php\/wp-json\/wp\/v2\/product_cat?post=2171"},{"taxonomy":"product_tag","embeddable":true,"href":"https:\/\/www.smokershop.es\/index.php\/wp-json\/wp\/v2\/product_tag?post=2171"}],"curies":[{"name":"wp","href":"https:\/\/api.w.org\/{rel}","templated":true}]}}