{"id":2220,"date":"2024-07-11T18:36:14","date_gmt":"2024-07-11T16:36:14","guid":{"rendered":"https:\/\/www.smokershop.es\/?post_type=product&#038;p=2220"},"modified":"2025-03-19T12:31:01","modified_gmt":"2025-03-19T11:31:01","slug":"qnubu-bote-vacio-550ml","status":"publish","type":"product","link":"https:\/\/www.smokershop.es\/index.php\/producto\/qnubu-bote-vacio-550ml\/","title":{"rendered":"QNUBU BOTE VAC\u00cdO 550ML"},"content":{"rendered":"<p>QNUBU BOTE VAC\u00cdO 550ML<\/p>\n<p>Los Botes de Vac\u00edo Qnubu California han sido dise\u00f1ados para generar el vac\u00edo interior necesario para la \u00f3ptima conservaci\u00f3n de sus flores. Utilizan un revolucionario sistema de vac\u00edo que evita la contaminaci\u00f3n de sus flores con ox\u00edgeno y olores indeseados. El funcionamiento es simple, con apretar el bot\u00f3n PRESS liberar\u00e1 el vac\u00edo del bote Qnubu California. De esta forma podr\u00e1 abrir y cerrar el bote aplicando el vac\u00edo.<\/p>\n<p>Se presentan en formatos de 60ml, 120ml, 300ml, 550ml, 650ml, 1350ml y 2500ml.<\/p>\n<p>Caracter\u00edsticas:<\/p>\n<ul>\n<li>F\u00e1cil Apertura: Sistema Press de aplicaci\u00f3n y liberaci\u00f3n de vac\u00edo.<\/li>\n<li>Cierre Herm\u00e9tico: Sistema de Vac\u00edo que mantendr\u00e1 sus flores aisladas de la humedad y otros contaminantes.<\/li>\n<li>Antiolor: Sistema de vac\u00edo que evita la emisi\u00f3n de olores.<\/li>\n<li>Resistente a la humedad.<\/li>\n<li>BPA free FDA.<\/li>\n<li>Apto para uso alimentario y farmac\u00e9utico.<\/li>\n<\/ul>\n<p>La l\u00ednea California Safe Pack de Qnubu ofrece las \u00faltimas novedades en packaging utilizado por los dispensarios de Estados Unidos y Canad\u00e1 que cumplen las normativas m\u00e1s exigentes de fabricaci\u00f3n y seguridad.<\/p>\n","protected":false},"excerpt":{"rendered":"<ul>\n<li>Bote de Vac\u00edo Qnubu California dise\u00f1ado para generar el vac\u00edo interior necesario para la \u00f3ptima conservaci\u00f3n de tus flores.<\/li>\n<li>Sistema de vac\u00edo que evita la contaminaci\u00f3n de sus flores con ox\u00edgeno y olores indeseados.<\/li>\n<li>Diferentes tama\u00f1os disponibles.<\/li>\n<\/ul>\n","protected":false},"featured_media":2221,"template":"","meta":{"_joinchat":[]},"product_brand":[],"product_cat":[50],"product_tag":[],"class_list":{"0":"post-2220","1":"product","2":"type-product","3":"status-publish","4":"has-post-thumbnail","6":"product_cat-envases","8":"first","9":"instock","10":"taxable","11":"shipping-taxable","12":"purchasable","13":"product-type-simple"},"yoast_head":"<!-- This site is optimized with the Yoast SEO plugin v27.2 - https:\/\/yoast.com\/product\/yoast-seo-wordpress\/ -->\n<title>QNUBU BOTE VAC\u00cdO 550ML - The Smoker&#039;s Shop<\/title>\n<meta name=\"description\" content=\"El QNUBU BOTE VAC\u00cdO 550ML optimiza la conservaci\u00f3n de tus flores envas\u00e1ndolas al vac\u00edo, con apretar el bot\u00f3n PRESS liberar\u00e1 el vac\u00edo del bote Qnubu 550ml.\" \/>\n<meta name=\"robots\" content=\"index, follow, max-snippet:-1, max-image-preview:large, max-video-preview:-1\" \/>\n<link rel=\"canonical\" href=\"https:\/\/www.smokershop.es\/index.php\/producto\/qnubu-bote-vacio-550ml\/\" \/>\n<meta property=\"og:locale\" content=\"es_ES\" \/>\n<meta property=\"og:type\" content=\"article\" \/>\n<meta property=\"og:title\" content=\"QNUBU BOTE VAC\u00cdO 550ML - The Smoker&#039;s Shop\" \/>\n<meta property=\"og:description\" content=\"El QNUBU BOTE VAC\u00cdO 550ML optimiza la conservaci\u00f3n de tus flores envas\u00e1ndolas al vac\u00edo, con apretar el bot\u00f3n PRESS liberar\u00e1 el vac\u00edo del bote Qnubu 550ml.\" \/>\n<meta property=\"og:url\" content=\"https:\/\/www.smokershop.es\/index.php\/producto\/qnubu-bote-vacio-550ml\/\" \/>\n<meta property=\"og:site_name\" content=\"The Smoker&#039;s Shop\" \/>\n<meta property=\"article:modified_time\" content=\"2025-03-19T11:31:01+00:00\" \/>\n<meta property=\"og:image\" content=\"https:\/\/www.smokershop.es\/wp-content\/uploads\/2024\/07\/Bote_Vacio_California_550_ml__77_mm__CTP.17-550.png\" \/>\n\t<meta property=\"og:image:width\" content=\"1000\" \/>\n\t<meta property=\"og:image:height\" content=\"1000\" \/>\n\t<meta property=\"og:image:type\" content=\"image\/png\" \/>\n<meta name=\"twitter:card\" content=\"summary_large_image\" \/>\n<meta name=\"twitter:label1\" content=\"Tiempo de lectura\" \/>\n\t<meta name=\"twitter:data1\" content=\"1 minuto\" \/>\n<script type=\"application\/ld+json\" class=\"yoast-schema-graph\">{\"@context\":\"https:\/\/schema.org\",\"@graph\":[{\"@type\":\"WebPage\",\"@id\":\"https:\/\/www.smokershop.es\/index.php\/producto\/qnubu-bote-vacio-550ml\/\",\"url\":\"https:\/\/www.smokershop.es\/index.php\/producto\/qnubu-bote-vacio-550ml\/\",\"name\":\"QNUBU BOTE VAC\u00cdO 550ML - The Smoker&#039;s Shop\",\"isPartOf\":{\"@id\":\"https:\/\/www.smokershop.es\/#website\"},\"primaryImageOfPage\":{\"@id\":\"https:\/\/www.smokershop.es\/index.php\/producto\/qnubu-bote-vacio-550ml\/#primaryimage\"},\"image\":{\"@id\":\"https:\/\/www.smokershop.es\/index.php\/producto\/qnubu-bote-vacio-550ml\/#primaryimage\"},\"thumbnailUrl\":\"https:\/\/www.smokershop.es\/wp-content\/uploads\/2024\/07\/Bote_Vacio_California_550_ml__77_mm__CTP.17-550.png\",\"datePublished\":\"2024-07-11T16:36:14+00:00\",\"dateModified\":\"2025-03-19T11:31:01+00:00\",\"description\":\"El QNUBU BOTE VAC\u00cdO 550ML optimiza la conservaci\u00f3n de tus flores envas\u00e1ndolas al vac\u00edo, con apretar el bot\u00f3n PRESS liberar\u00e1 el vac\u00edo del bote Qnubu 550ml.\",\"breadcrumb\":{\"@id\":\"https:\/\/www.smokershop.es\/index.php\/producto\/qnubu-bote-vacio-550ml\/#breadcrumb\"},\"inLanguage\":\"es\",\"potentialAction\":[{\"@type\":\"ReadAction\",\"target\":[\"https:\/\/www.smokershop.es\/index.php\/producto\/qnubu-bote-vacio-550ml\/\"]}]},{\"@type\":\"ImageObject\",\"inLanguage\":\"es\",\"@id\":\"https:\/\/www.smokershop.es\/index.php\/producto\/qnubu-bote-vacio-550ml\/#primaryimage\",\"url\":\"https:\/\/www.smokershop.es\/wp-content\/uploads\/2024\/07\/Bote_Vacio_California_550_ml__77_mm__CTP.17-550.png\",\"contentUrl\":\"https:\/\/www.smokershop.es\/wp-content\/uploads\/2024\/07\/Bote_Vacio_California_550_ml__77_mm__CTP.17-550.png\",\"width\":1000,\"height\":1000,\"caption\":\"QNUBU BOTE VACIO CALIFORNIA 550ML\"},{\"@type\":\"BreadcrumbList\",\"@id\":\"https:\/\/www.smokershop.es\/index.php\/producto\/qnubu-bote-vacio-550ml\/#breadcrumb\",\"itemListElement\":[{\"@type\":\"ListItem\",\"position\":1,\"name\":\"Portada\",\"item\":\"https:\/\/www.smokershop.es\/\"},{\"@type\":\"ListItem\",\"position\":2,\"name\":\"The Shop\",\"item\":\"https:\/\/www.smokershop.es\/index.php\/shop\/\"},{\"@type\":\"ListItem\",\"position\":3,\"name\":\"QNUBU BOTE VAC\u00cdO 550ML\"}]},{\"@type\":\"WebSite\",\"@id\":\"https:\/\/www.smokershop.es\/#website\",\"url\":\"https:\/\/www.smokershop.es\/\",\"name\":\"The Smoker&#039;s Shop\",\"description\":\"Todo para los fumadores\",\"publisher\":{\"@id\":\"https:\/\/www.smokershop.es\/#organization\"},\"potentialAction\":[{\"@type\":\"SearchAction\",\"target\":{\"@type\":\"EntryPoint\",\"urlTemplate\":\"https:\/\/www.smokershop.es\/?s={search_term_string}\"},\"query-input\":{\"@type\":\"PropertyValueSpecification\",\"valueRequired\":true,\"valueName\":\"search_term_string\"}}],\"inLanguage\":\"es\"},{\"@type\":\"Organization\",\"@id\":\"https:\/\/www.smokershop.es\/#organization\",\"name\":\"The Smoker&#039;s Shop\",\"url\":\"https:\/\/www.smokershop.es\/\",\"logo\":{\"@type\":\"ImageObject\",\"inLanguage\":\"es\",\"@id\":\"https:\/\/www.smokershop.es\/#\/schema\/logo\/image\/\",\"url\":\"https:\/\/www.smokershop.es\/wp-content\/uploads\/2023\/10\/smokershop-logo.png\",\"contentUrl\":\"https:\/\/www.smokershop.es\/wp-content\/uploads\/2023\/10\/smokershop-logo.png\",\"width\":1711,\"height\":752,\"caption\":\"The Smoker&#039;s Shop\"},\"image\":{\"@id\":\"https:\/\/www.smokershop.es\/#\/schema\/logo\/image\/\"},\"sameAs\":[\"https:\/\/www.instagram.com\/thesmokersshopofficial\"]}]}<\/script>\n<!-- \/ Yoast SEO plugin. -->","yoast_head_json":{"title":"QNUBU BOTE VAC\u00cdO 550ML - The Smoker&#039;s Shop","description":"El QNUBU BOTE VAC\u00cdO 550ML optimiza la conservaci\u00f3n de tus flores envas\u00e1ndolas al vac\u00edo, con apretar el bot\u00f3n PRESS liberar\u00e1 el vac\u00edo del bote Qnubu 550ml.","robots":{"index":"index","follow":"follow","max-snippet":"max-snippet:-1","max-image-preview":"max-image-preview:large","max-video-preview":"max-video-preview:-1"},"canonical":"https:\/\/www.smokershop.es\/index.php\/producto\/qnubu-bote-vacio-550ml\/","og_locale":"es_ES","og_type":"article","og_title":"QNUBU BOTE VAC\u00cdO 550ML - The Smoker&#039;s Shop","og_description":"El QNUBU BOTE VAC\u00cdO 550ML optimiza la conservaci\u00f3n de tus flores envas\u00e1ndolas al vac\u00edo, con apretar el bot\u00f3n PRESS liberar\u00e1 el vac\u00edo del bote Qnubu 550ml.","og_url":"https:\/\/www.smokershop.es\/index.php\/producto\/qnubu-bote-vacio-550ml\/","og_site_name":"The Smoker&#039;s Shop","article_modified_time":"2025-03-19T11:31:01+00:00","og_image":[{"width":1000,"height":1000,"url":"https:\/\/www.smokershop.es\/wp-content\/uploads\/2024\/07\/Bote_Vacio_California_550_ml__77_mm__CTP.17-550.png","type":"image\/png"}],"twitter_card":"summary_large_image","twitter_misc":{"Tiempo de lectura":"1 minuto"},"schema":{"@context":"https:\/\/schema.org","@graph":[{"@type":"WebPage","@id":"https:\/\/www.smokershop.es\/index.php\/producto\/qnubu-bote-vacio-550ml\/","url":"https:\/\/www.smokershop.es\/index.php\/producto\/qnubu-bote-vacio-550ml\/","name":"QNUBU BOTE VAC\u00cdO 550ML - The Smoker&#039;s Shop","isPartOf":{"@id":"https:\/\/www.smokershop.es\/#website"},"primaryImageOfPage":{"@id":"https:\/\/www.smokershop.es\/index.php\/producto\/qnubu-bote-vacio-550ml\/#primaryimage"},"image":{"@id":"https:\/\/www.smokershop.es\/index.php\/producto\/qnubu-bote-vacio-550ml\/#primaryimage"},"thumbnailUrl":"https:\/\/www.smokershop.es\/wp-content\/uploads\/2024\/07\/Bote_Vacio_California_550_ml__77_mm__CTP.17-550.png","datePublished":"2024-07-11T16:36:14+00:00","dateModified":"2025-03-19T11:31:01+00:00","description":"El QNUBU BOTE VAC\u00cdO 550ML optimiza la conservaci\u00f3n de tus flores envas\u00e1ndolas al vac\u00edo, con apretar el bot\u00f3n PRESS liberar\u00e1 el vac\u00edo del bote Qnubu 550ml.","breadcrumb":{"@id":"https:\/\/www.smokershop.es\/index.php\/producto\/qnubu-bote-vacio-550ml\/#breadcrumb"},"inLanguage":"es","potentialAction":[{"@type":"ReadAction","target":["https:\/\/www.smokershop.es\/index.php\/producto\/qnubu-bote-vacio-550ml\/"]}]},{"@type":"ImageObject","inLanguage":"es","@id":"https:\/\/www.smokershop.es\/index.php\/producto\/qnubu-bote-vacio-550ml\/#primaryimage","url":"https:\/\/www.smokershop.es\/wp-content\/uploads\/2024\/07\/Bote_Vacio_California_550_ml__77_mm__CTP.17-550.png","contentUrl":"https:\/\/www.smokershop.es\/wp-content\/uploads\/2024\/07\/Bote_Vacio_California_550_ml__77_mm__CTP.17-550.png","width":1000,"height":1000,"caption":"QNUBU BOTE VACIO CALIFORNIA 550ML"},{"@type":"BreadcrumbList","@id":"https:\/\/www.smokershop.es\/index.php\/producto\/qnubu-bote-vacio-550ml\/#breadcrumb","itemListElement":[{"@type":"ListItem","position":1,"name":"Portada","item":"https:\/\/www.smokershop.es\/"},{"@type":"ListItem","position":2,"name":"The Shop","item":"https:\/\/www.smokershop.es\/index.php\/shop\/"},{"@type":"ListItem","position":3,"name":"QNUBU BOTE VAC\u00cdO 550ML"}]},{"@type":"WebSite","@id":"https:\/\/www.smokershop.es\/#website","url":"https:\/\/www.smokershop.es\/","name":"The Smoker&#039;s Shop","description":"Todo para los fumadores","publisher":{"@id":"https:\/\/www.smokershop.es\/#organization"},"potentialAction":[{"@type":"SearchAction","target":{"@type":"EntryPoint","urlTemplate":"https:\/\/www.smokershop.es\/?s={search_term_string}"},"query-input":{"@type":"PropertyValueSpecification","valueRequired":true,"valueName":"search_term_string"}}],"inLanguage":"es"},{"@type":"Organization","@id":"https:\/\/www.smokershop.es\/#organization","name":"The Smoker&#039;s Shop","url":"https:\/\/www.smokershop.es\/","logo":{"@type":"ImageObject","inLanguage":"es","@id":"https:\/\/www.smokershop.es\/#\/schema\/logo\/image\/","url":"https:\/\/www.smokershop.es\/wp-content\/uploads\/2023\/10\/smokershop-logo.png","contentUrl":"https:\/\/www.smokershop.es\/wp-content\/uploads\/2023\/10\/smokershop-logo.png","width":1711,"height":752,"caption":"The Smoker&#039;s Shop"},"image":{"@id":"https:\/\/www.smokershop.es\/#\/schema\/logo\/image\/"},"sameAs":["https:\/\/www.instagram.com\/thesmokersshopofficial"]}]}},"_links":{"self":[{"href":"https:\/\/www.smokershop.es\/index.php\/wp-json\/wp\/v2\/product\/2220","targetHints":{"allow":["GET"]}}],"collection":[{"href":"https:\/\/www.smokershop.es\/index.php\/wp-json\/wp\/v2\/product"}],"about":[{"href":"https:\/\/www.smokershop.es\/index.php\/wp-json\/wp\/v2\/types\/product"}],"wp:featuredmedia":[{"embeddable":true,"href":"https:\/\/www.smokershop.es\/index.php\/wp-json\/wp\/v2\/media\/2221"}],"wp:attachment":[{"href":"https:\/\/www.smokershop.es\/index.php\/wp-json\/wp\/v2\/media?parent=2220"}],"wp:term":[{"taxonomy":"product_brand","embeddable":true,"href":"https:\/\/www.smokershop.es\/index.php\/wp-json\/wp\/v2\/product_brand?post=2220"},{"taxonomy":"product_cat","embeddable":true,"href":"https:\/\/www.smokershop.es\/index.php\/wp-json\/wp\/v2\/product_cat?post=2220"},{"taxonomy":"product_tag","embeddable":true,"href":"https:\/\/www.smokershop.es\/index.php\/wp-json\/wp\/v2\/product_tag?post=2220"}],"curies":[{"name":"wp","href":"https:\/\/api.w.org\/{rel}","templated":true}]}}