{"id":2241,"date":"2024-07-11T17:40:50","date_gmt":"2024-07-11T15:40:50","guid":{"rendered":"https:\/\/www.smokershop.es\/?post_type=product&#038;p=2241"},"modified":"2026-04-24T11:16:20","modified_gmt":"2026-04-24T09:16:20","slug":"bascula-super-scale-300gr-x-001gr","status":"publish","type":"product","link":"https:\/\/www.smokershop.es\/index.php\/producto\/bascula-super-scale-300gr-x-001gr\/","title":{"rendered":"B\u00c1SCULA SUPER SCALE (300GR X 0,01GR)"},"content":{"rendered":"<p>B\u00c1SCULA SUPER SCALE (300GR X 0,01GR)<\/p>\n<p>La B\u00e1scula Super Scale de Super Grower (300GR x 0,01GR) es una balanza de precisi\u00f3n digital, una b\u00e1scula fiable, r\u00e1pida y precisa. Con doble pantalla retroiluminada para una mayor fiabilidad y control, todo esta siempre a la vista. Cuenta con campana de pesaje fabricada en ABS que protege tus pesadas de elementos atmosf\u00e9ricos, otorgando una mayor precisi\u00f3n y profesionalidad. Tambi\u00e9n dispone de puerto serie preparado para conectar a una impresora y realizar descarga de datos y la posibilidad de funcionar con bater\u00edas 6 pilas AA 1,5V. Pantallas de alta resoluci\u00f3n, calibraci\u00f3n autom\u00e1tica y detecci\u00f3n de fallos, rango completo de tara, protecci\u00f3n contra sobrecargas, conteo y funci\u00f3n de porcentaje son algunas de sus caracter\u00edsticas.<\/p>\n<p>Caracter\u00edsticas t\u00e9cnicas:<\/p>\n<ul>\n<li>Modelo: WT3002A.<\/li>\n<li>Capacidad (g): 0~300.<\/li>\n<li>Legibilidad (g): 0,01g.<\/li>\n<li>Repetibilidad (g): 0.01g.<\/li>\n<li>Platillo de pesada (mm): 130.<\/li>\n<li>Interfaz: RS232C S\u00ed<\/li>\n<li>Tama\u00f1o de la placa: 115mm.<\/li>\n<li>Peso neto: 2Kg.<\/li>\n<li>Tama\u00f1o exterior: 230*175*150mm.<\/li>\n<li>Certificado: CE SGS<\/li>\n<li>Alimentaci\u00f3n AC (100V-240V\/50-60HZ).<\/li>\n<li>Unidades:g, kg, oz, ct, lb, GN.Incluye:<\/li>\n<li>Doble pantalla (Frontal y trasera<\/li>\n<li>Funci\u00f3n de contaje.<\/li>\n<li>Pesa de calibraci\u00f3n 200g.<\/li>\n<li>Alimentaci\u00f3n: red o 6 pilas AA (no incluidas).<\/li>\n<li>Indicador nivel bater\u00eda bajo.<\/li>\n<li>Nivel y patas regulables.<\/li>\n<\/ul>\n<ul>\n<li style=\"list-style-type: none;\">\n<ul>\n<li><strong>\u2b07\ufe0f PRECIOS MAYORISTA PARA PROFESIONALES \u2b07\ufe0f<\/strong><\/li>\n<\/ul>\n<\/li>\n<\/ul>\n<p style=\"padding-left: 200px;\"><strong><a href=\"https:\/\/www.smokershop.es\/index.php\/register\/\" target=\"_blank\" rel=\"noopener\">\ud83d\udc49 REGISTRATE AQUI \ud83d\udc48<\/a><\/strong><\/p>\n","protected":false},"excerpt":{"rendered":"<p>Bascula Super Scale de Super Grower (300GR x 0,01GR)<\/p>\n<p>Caracter\u00edsticas t\u00e9cnicas:<\/p>\n<ul>\n<li>Modelo: WT3002A.<\/li>\n<li>Capacidad (g): 0~300.<\/li>\n<li>Legibilidad (g): 0,01g.<\/li>\n<li>Repetibilidad (g): 0.01g.<\/li>\n<li>Platillo de pesada (mm): 130.<\/li>\n<li>Interfaz: RS232C S\u00ed<\/li>\n<li>Tama\u00f1o de la placa: 115mm.<\/li>\n<li>Peso neto: 2Kg.<\/li>\n<li>Tama\u00f1o exterior: 230*175*150mm.<\/li>\n<li>Certificado: CE SGS<\/li>\n<li>Alimentaci\u00f3n AC (100V-240V\/50-60HZ).<\/li>\n<li>Unidades:g, kg, oz, ct, lb, GN.<\/li>\n<\/ul>\n<p>&nbsp;<\/p>\n","protected":false},"featured_media":2244,"template":"","meta":{"_joinchat":[]},"product_brand":[],"product_cat":[54],"product_tag":[],"class_list":{"0":"post-2241","1":"product","2":"type-product","3":"status-publish","4":"has-post-thumbnail","6":"product_cat-pipas-bangers-herramientas","8":"first","9":"instock","10":"taxable","11":"shipping-taxable","12":"purchasable","13":"product-type-simple"},"yoast_head":"<!-- This site is optimized with the Yoast SEO plugin v27.4 - https:\/\/yoast.com\/product\/yoast-seo-wordpress\/ -->\n<title>B\u00c1SCULA SUPER SCALE (300GR X 0,01GR) - The Smoker&#039;s Shop<\/title>\n<meta name=\"description\" content=\"B\u00c1SCULA SUPER SCALE (300GR X 0,01GR) b\u00e1scula fiable, r\u00e1pida y precisa, con doble pantalla, lee desde 0,01gramos hasta los 300 gramos.\" \/>\n<meta name=\"robots\" content=\"index, follow, max-snippet:-1, max-image-preview:large, max-video-preview:-1\" \/>\n<link rel=\"canonical\" href=\"https:\/\/www.smokershop.es\/index.php\/producto\/bascula-super-scale-300gr-x-001gr\/\" \/>\n<meta property=\"og:locale\" content=\"es_ES\" \/>\n<meta property=\"og:type\" content=\"article\" \/>\n<meta property=\"og:title\" content=\"B\u00c1SCULA SUPER SCALE (300GR X 0,01GR) - The Smoker&#039;s Shop\" \/>\n<meta property=\"og:description\" content=\"B\u00c1SCULA SUPER SCALE (300GR X 0,01GR) b\u00e1scula fiable, r\u00e1pida y precisa, con doble pantalla, lee desde 0,01gramos hasta los 300 gramos.\" \/>\n<meta property=\"og:url\" content=\"https:\/\/www.smokershop.es\/index.php\/producto\/bascula-super-scale-300gr-x-001gr\/\" \/>\n<meta property=\"og:site_name\" content=\"The Smoker&#039;s Shop\" \/>\n<meta property=\"article:modified_time\" content=\"2026-04-24T09:16:20+00:00\" \/>\n<meta property=\"og:image\" content=\"https:\/\/www.smokershop.es\/wp-content\/uploads\/2024\/07\/Super_Grower_Bascula_Super_Scale_300g_0.01g_8_MBAS.045.jpg\" \/>\n\t<meta property=\"og:image:width\" content=\"1000\" \/>\n\t<meta property=\"og:image:height\" content=\"1000\" \/>\n\t<meta property=\"og:image:type\" content=\"image\/jpeg\" \/>\n<meta name=\"twitter:card\" content=\"summary_large_image\" \/>\n<meta name=\"twitter:label1\" content=\"Tiempo de lectura\" \/>\n\t<meta name=\"twitter:data1\" content=\"2 minutos\" \/>\n<script type=\"application\/ld+json\" class=\"yoast-schema-graph\">{\"@context\":\"https:\\\/\\\/schema.org\",\"@graph\":[{\"@type\":\"WebPage\",\"@id\":\"https:\\\/\\\/www.smokershop.es\\\/index.php\\\/producto\\\/bascula-super-scale-300gr-x-001gr\\\/\",\"url\":\"https:\\\/\\\/www.smokershop.es\\\/index.php\\\/producto\\\/bascula-super-scale-300gr-x-001gr\\\/\",\"name\":\"B\u00c1SCULA SUPER SCALE (300GR X 0,01GR) - The Smoker&#039;s Shop\",\"isPartOf\":{\"@id\":\"https:\\\/\\\/www.smokershop.es\\\/#website\"},\"primaryImageOfPage\":{\"@id\":\"https:\\\/\\\/www.smokershop.es\\\/index.php\\\/producto\\\/bascula-super-scale-300gr-x-001gr\\\/#primaryimage\"},\"image\":{\"@id\":\"https:\\\/\\\/www.smokershop.es\\\/index.php\\\/producto\\\/bascula-super-scale-300gr-x-001gr\\\/#primaryimage\"},\"thumbnailUrl\":\"https:\\\/\\\/www.smokershop.es\\\/wp-content\\\/uploads\\\/2024\\\/07\\\/Super_Grower_Bascula_Super_Scale_300g_0.01g_8_MBAS.045.jpg\",\"datePublished\":\"2024-07-11T15:40:50+00:00\",\"dateModified\":\"2026-04-24T09:16:20+00:00\",\"description\":\"B\u00c1SCULA SUPER SCALE (300GR X 0,01GR) b\u00e1scula fiable, r\u00e1pida y precisa, con doble pantalla, lee desde 0,01gramos hasta los 300 gramos.\",\"breadcrumb\":{\"@id\":\"https:\\\/\\\/www.smokershop.es\\\/index.php\\\/producto\\\/bascula-super-scale-300gr-x-001gr\\\/#breadcrumb\"},\"inLanguage\":\"es\",\"potentialAction\":[{\"@type\":\"ReadAction\",\"target\":[\"https:\\\/\\\/www.smokershop.es\\\/index.php\\\/producto\\\/bascula-super-scale-300gr-x-001gr\\\/\"]}]},{\"@type\":\"ImageObject\",\"inLanguage\":\"es\",\"@id\":\"https:\\\/\\\/www.smokershop.es\\\/index.php\\\/producto\\\/bascula-super-scale-300gr-x-001gr\\\/#primaryimage\",\"url\":\"https:\\\/\\\/www.smokershop.es\\\/wp-content\\\/uploads\\\/2024\\\/07\\\/Super_Grower_Bascula_Super_Scale_300g_0.01g_8_MBAS.045.jpg\",\"contentUrl\":\"https:\\\/\\\/www.smokershop.es\\\/wp-content\\\/uploads\\\/2024\\\/07\\\/Super_Grower_Bascula_Super_Scale_300g_0.01g_8_MBAS.045.jpg\",\"width\":1000,\"height\":1000},{\"@type\":\"BreadcrumbList\",\"@id\":\"https:\\\/\\\/www.smokershop.es\\\/index.php\\\/producto\\\/bascula-super-scale-300gr-x-001gr\\\/#breadcrumb\",\"itemListElement\":[{\"@type\":\"ListItem\",\"position\":1,\"name\":\"Portada\",\"item\":\"https:\\\/\\\/www.smokershop.es\\\/\"},{\"@type\":\"ListItem\",\"position\":2,\"name\":\"The Shop\",\"item\":\"https:\\\/\\\/www.smokershop.es\\\/index.php\\\/shop\\\/\"},{\"@type\":\"ListItem\",\"position\":3,\"name\":\"B\u00c1SCULA SUPER SCALE (300GR X 0,01GR)\"}]},{\"@type\":\"WebSite\",\"@id\":\"https:\\\/\\\/www.smokershop.es\\\/#website\",\"url\":\"https:\\\/\\\/www.smokershop.es\\\/\",\"name\":\"The Smoker&#039;s Shop\",\"description\":\"Todo para los fumadores\",\"publisher\":{\"@id\":\"https:\\\/\\\/www.smokershop.es\\\/#organization\"},\"potentialAction\":[{\"@type\":\"SearchAction\",\"target\":{\"@type\":\"EntryPoint\",\"urlTemplate\":\"https:\\\/\\\/www.smokershop.es\\\/?s={search_term_string}\"},\"query-input\":{\"@type\":\"PropertyValueSpecification\",\"valueRequired\":true,\"valueName\":\"search_term_string\"}}],\"inLanguage\":\"es\"},{\"@type\":\"Organization\",\"@id\":\"https:\\\/\\\/www.smokershop.es\\\/#organization\",\"name\":\"The Smoker&#039;s Shop\",\"url\":\"https:\\\/\\\/www.smokershop.es\\\/\",\"logo\":{\"@type\":\"ImageObject\",\"inLanguage\":\"es\",\"@id\":\"https:\\\/\\\/www.smokershop.es\\\/#\\\/schema\\\/logo\\\/image\\\/\",\"url\":\"https:\\\/\\\/www.smokershop.es\\\/wp-content\\\/uploads\\\/2023\\\/10\\\/smokershop-logo.png\",\"contentUrl\":\"https:\\\/\\\/www.smokershop.es\\\/wp-content\\\/uploads\\\/2023\\\/10\\\/smokershop-logo.png\",\"width\":1711,\"height\":752,\"caption\":\"The Smoker&#039;s Shop\"},\"image\":{\"@id\":\"https:\\\/\\\/www.smokershop.es\\\/#\\\/schema\\\/logo\\\/image\\\/\"},\"sameAs\":[\"https:\\\/\\\/www.instagram.com\\\/thesmokersshopofficial\"]}]}<\/script>\n<!-- \/ Yoast SEO plugin. -->","yoast_head_json":{"title":"B\u00c1SCULA SUPER SCALE (300GR X 0,01GR) - The Smoker&#039;s Shop","description":"B\u00c1SCULA SUPER SCALE (300GR X 0,01GR) b\u00e1scula fiable, r\u00e1pida y precisa, con doble pantalla, lee desde 0,01gramos hasta los 300 gramos.","robots":{"index":"index","follow":"follow","max-snippet":"max-snippet:-1","max-image-preview":"max-image-preview:large","max-video-preview":"max-video-preview:-1"},"canonical":"https:\/\/www.smokershop.es\/index.php\/producto\/bascula-super-scale-300gr-x-001gr\/","og_locale":"es_ES","og_type":"article","og_title":"B\u00c1SCULA SUPER SCALE (300GR X 0,01GR) - The Smoker&#039;s Shop","og_description":"B\u00c1SCULA SUPER SCALE (300GR X 0,01GR) b\u00e1scula fiable, r\u00e1pida y precisa, con doble pantalla, lee desde 0,01gramos hasta los 300 gramos.","og_url":"https:\/\/www.smokershop.es\/index.php\/producto\/bascula-super-scale-300gr-x-001gr\/","og_site_name":"The Smoker&#039;s Shop","article_modified_time":"2026-04-24T09:16:20+00:00","og_image":[{"width":1000,"height":1000,"url":"https:\/\/www.smokershop.es\/wp-content\/uploads\/2024\/07\/Super_Grower_Bascula_Super_Scale_300g_0.01g_8_MBAS.045.jpg","type":"image\/jpeg"}],"twitter_card":"summary_large_image","twitter_misc":{"Tiempo de lectura":"2 minutos"},"schema":{"@context":"https:\/\/schema.org","@graph":[{"@type":"WebPage","@id":"https:\/\/www.smokershop.es\/index.php\/producto\/bascula-super-scale-300gr-x-001gr\/","url":"https:\/\/www.smokershop.es\/index.php\/producto\/bascula-super-scale-300gr-x-001gr\/","name":"B\u00c1SCULA SUPER SCALE (300GR X 0,01GR) - The Smoker&#039;s Shop","isPartOf":{"@id":"https:\/\/www.smokershop.es\/#website"},"primaryImageOfPage":{"@id":"https:\/\/www.smokershop.es\/index.php\/producto\/bascula-super-scale-300gr-x-001gr\/#primaryimage"},"image":{"@id":"https:\/\/www.smokershop.es\/index.php\/producto\/bascula-super-scale-300gr-x-001gr\/#primaryimage"},"thumbnailUrl":"https:\/\/www.smokershop.es\/wp-content\/uploads\/2024\/07\/Super_Grower_Bascula_Super_Scale_300g_0.01g_8_MBAS.045.jpg","datePublished":"2024-07-11T15:40:50+00:00","dateModified":"2026-04-24T09:16:20+00:00","description":"B\u00c1SCULA SUPER SCALE (300GR X 0,01GR) b\u00e1scula fiable, r\u00e1pida y precisa, con doble pantalla, lee desde 0,01gramos hasta los 300 gramos.","breadcrumb":{"@id":"https:\/\/www.smokershop.es\/index.php\/producto\/bascula-super-scale-300gr-x-001gr\/#breadcrumb"},"inLanguage":"es","potentialAction":[{"@type":"ReadAction","target":["https:\/\/www.smokershop.es\/index.php\/producto\/bascula-super-scale-300gr-x-001gr\/"]}]},{"@type":"ImageObject","inLanguage":"es","@id":"https:\/\/www.smokershop.es\/index.php\/producto\/bascula-super-scale-300gr-x-001gr\/#primaryimage","url":"https:\/\/www.smokershop.es\/wp-content\/uploads\/2024\/07\/Super_Grower_Bascula_Super_Scale_300g_0.01g_8_MBAS.045.jpg","contentUrl":"https:\/\/www.smokershop.es\/wp-content\/uploads\/2024\/07\/Super_Grower_Bascula_Super_Scale_300g_0.01g_8_MBAS.045.jpg","width":1000,"height":1000},{"@type":"BreadcrumbList","@id":"https:\/\/www.smokershop.es\/index.php\/producto\/bascula-super-scale-300gr-x-001gr\/#breadcrumb","itemListElement":[{"@type":"ListItem","position":1,"name":"Portada","item":"https:\/\/www.smokershop.es\/"},{"@type":"ListItem","position":2,"name":"The Shop","item":"https:\/\/www.smokershop.es\/index.php\/shop\/"},{"@type":"ListItem","position":3,"name":"B\u00c1SCULA SUPER SCALE (300GR X 0,01GR)"}]},{"@type":"WebSite","@id":"https:\/\/www.smokershop.es\/#website","url":"https:\/\/www.smokershop.es\/","name":"The Smoker&#039;s Shop","description":"Todo para los fumadores","publisher":{"@id":"https:\/\/www.smokershop.es\/#organization"},"potentialAction":[{"@type":"SearchAction","target":{"@type":"EntryPoint","urlTemplate":"https:\/\/www.smokershop.es\/?s={search_term_string}"},"query-input":{"@type":"PropertyValueSpecification","valueRequired":true,"valueName":"search_term_string"}}],"inLanguage":"es"},{"@type":"Organization","@id":"https:\/\/www.smokershop.es\/#organization","name":"The Smoker&#039;s Shop","url":"https:\/\/www.smokershop.es\/","logo":{"@type":"ImageObject","inLanguage":"es","@id":"https:\/\/www.smokershop.es\/#\/schema\/logo\/image\/","url":"https:\/\/www.smokershop.es\/wp-content\/uploads\/2023\/10\/smokershop-logo.png","contentUrl":"https:\/\/www.smokershop.es\/wp-content\/uploads\/2023\/10\/smokershop-logo.png","width":1711,"height":752,"caption":"The Smoker&#039;s Shop"},"image":{"@id":"https:\/\/www.smokershop.es\/#\/schema\/logo\/image\/"},"sameAs":["https:\/\/www.instagram.com\/thesmokersshopofficial"]}]}},"_links":{"self":[{"href":"https:\/\/www.smokershop.es\/index.php\/wp-json\/wp\/v2\/product\/2241","targetHints":{"allow":["GET"]}}],"collection":[{"href":"https:\/\/www.smokershop.es\/index.php\/wp-json\/wp\/v2\/product"}],"about":[{"href":"https:\/\/www.smokershop.es\/index.php\/wp-json\/wp\/v2\/types\/product"}],"wp:featuredmedia":[{"embeddable":true,"href":"https:\/\/www.smokershop.es\/index.php\/wp-json\/wp\/v2\/media\/2244"}],"wp:attachment":[{"href":"https:\/\/www.smokershop.es\/index.php\/wp-json\/wp\/v2\/media?parent=2241"}],"wp:term":[{"taxonomy":"product_brand","embeddable":true,"href":"https:\/\/www.smokershop.es\/index.php\/wp-json\/wp\/v2\/product_brand?post=2241"},{"taxonomy":"product_cat","embeddable":true,"href":"https:\/\/www.smokershop.es\/index.php\/wp-json\/wp\/v2\/product_cat?post=2241"},{"taxonomy":"product_tag","embeddable":true,"href":"https:\/\/www.smokershop.es\/index.php\/wp-json\/wp\/v2\/product_tag?post=2241"}],"curies":[{"name":"wp","href":"https:\/\/api.w.org\/{rel}","templated":true}]}}