{"id":2307,"date":"2024-08-07T21:08:29","date_gmt":"2024-08-07T19:08:29","guid":{"rendered":"https:\/\/www.smokershop.es\/?post_type=product&#038;p=2307"},"modified":"2026-04-23T19:51:00","modified_gmt":"2026-04-23T17:51:00","slug":"monkey-pack-round-tin-box","status":"publish","type":"product","link":"https:\/\/www.smokershop.es\/index.php\/producto\/monkey-pack-round-tin-box\/","title":{"rendered":"MONKEY PACK ROUND TIN BOX"},"content":{"rendered":"<p>MONKEY PACK ROUND TIN BOX<\/p>\n<p>Este nuevo producto a\u00fana dise\u00f1o y funcionalidad convirti\u00e9ndose en el pack perfecto..<\/p>\n<p>El Monkey Pack Round Tin Box, cuenta con una caja met\u00e1lica cil\u00edndrica, con un innovador dise\u00f1o, un porta conos para que puedas guardar tus cigarritos sin que desprendan olores, un mechero clipper, un librillo de papel king size de Monkey King sin blanquear, hecho de fibras naturales de madera sin ning\u00fan tipo de colorante ni aditivo y de combusti\u00f3n lenta, con goma ar\u00e1biga 100% natural, y por ultimo con un librillo de filtros de cart\u00f3n sin blanquear de 140 gr, troquelados para facilitar la forma del filtro y mejorar la filtraci\u00f3n. Es decir todo lo necesario para el fumador.<\/p>\n<p>Pensada para que puedas llevar encima de manera c\u00f3moda todo lo que necesites y con unos dise\u00f1os novedosos y de lo m\u00e1s originales, propios de la marca, una vez m\u00e1s Monkey King piensa en todo.<\/p>\n<p>&nbsp;<\/p>\n","protected":false},"excerpt":{"rendered":"<p>Nuevo pack Monkey King\u00a0 con cinco dise\u00f1os diferentes.<\/p>\n<ul>\n<li>Lata met\u00e1lica cil\u00edndrica con 5 dise\u00f1os diferentes.<\/li>\n<li>Porta conos de pl\u00e1stico Monkey King.<\/li>\n<li>Mechero clipper.<\/li>\n<li>Librillo de papel king size de Monkey King, sin blanquear, hecho de fibras naturales de madera sin ning\u00fan tipo de colorante ni aditivo y de combusti\u00f3n lenta, con goma ar\u00e1biga 100% natural.<\/li>\n<li>Librillo de filtros de cart\u00f3n Monkey King, sin blanquear de 140 gr, troquelados para facilitar la forma del filtro y mejorar la filtraci\u00f3n.<\/li>\n<\/ul>\n<ul>\n<li style=\"list-style-type: none;\">\n<ul>\n<li><em>FORMATO PRO -&gt; DISPLAY 15x<\/em><\/li>\n<li><strong>\u2b07\ufe0f PRECIOS MAYORISTA PARA PROFESIONALES \u2b07\ufe0f<\/strong><\/li>\n<\/ul>\n<\/li>\n<\/ul>\n<p style=\"padding-left: 200px;\"><strong><a href=\"https:\/\/www.smokershop.es\/index.php\/register\/\" target=\"_blank\" rel=\"noopener\">\ud83d\udc49 REGISTRATE AQUI \ud83d\udc48<\/a><\/strong><\/p>\n","protected":false},"featured_media":3646,"template":"","meta":{"_joinchat":[]},"product_brand":[],"product_cat":[49,52,44],"product_tag":[],"class_list":{"0":"post-2307","1":"product","2":"type-product","3":"status-publish","4":"has-post-thumbnail","6":"product_cat-almacenamiento","7":"product_cat-cajas","8":"product_cat-otros","10":"first","11":"instock","12":"taxable","13":"shipping-taxable","14":"purchasable","15":"product-type-variable"},"yoast_head":"<!-- This site is optimized with the Yoast SEO plugin v27.4 - https:\/\/yoast.com\/product\/yoast-seo-wordpress\/ -->\n<title>MONKEY PACK ROUND TIN BOX - The Smoker&#039;s Shop<\/title>\n<meta name=\"description\" content=\"El MONKEY PACK ROUND TIN BOX cuenta con una cajita met\u00e1lica cil\u00edndrica, librillo de papel king size, porta conos, mechero clipper y librillo de filtros.\" \/>\n<meta name=\"robots\" content=\"index, follow, max-snippet:-1, max-image-preview:large, max-video-preview:-1\" \/>\n<link rel=\"canonical\" href=\"https:\/\/www.smokershop.es\/index.php\/producto\/monkey-pack-round-tin-box\/\" \/>\n<meta property=\"og:locale\" content=\"es_ES\" \/>\n<meta property=\"og:type\" content=\"article\" \/>\n<meta property=\"og:title\" content=\"MONKEY PACK ROUND TIN BOX - The Smoker&#039;s Shop\" \/>\n<meta property=\"og:description\" content=\"El MONKEY PACK ROUND TIN BOX cuenta con una cajita met\u00e1lica cil\u00edndrica, librillo de papel king size, porta conos, mechero clipper y librillo de filtros.\" \/>\n<meta property=\"og:url\" content=\"https:\/\/www.smokershop.es\/index.php\/producto\/monkey-pack-round-tin-box\/\" \/>\n<meta property=\"og:site_name\" content=\"The Smoker&#039;s Shop\" \/>\n<meta property=\"article:modified_time\" content=\"2026-04-23T17:51:00+00:00\" \/>\n<meta property=\"og:image\" content=\"https:\/\/www.smokershop.es\/wp-content\/uploads\/2024\/08\/round-ton-box-1.jpg\" \/>\n\t<meta property=\"og:image:width\" content=\"1350\" \/>\n\t<meta property=\"og:image:height\" content=\"1350\" \/>\n\t<meta property=\"og:image:type\" content=\"image\/jpeg\" \/>\n<meta name=\"twitter:card\" content=\"summary_large_image\" \/>\n<meta name=\"twitter:label1\" content=\"Tiempo de lectura\" \/>\n\t<meta name=\"twitter:data1\" content=\"1 minuto\" \/>\n<script type=\"application\/ld+json\" class=\"yoast-schema-graph\">{\"@context\":\"https:\\\/\\\/schema.org\",\"@graph\":[{\"@type\":\"WebPage\",\"@id\":\"https:\\\/\\\/www.smokershop.es\\\/index.php\\\/producto\\\/monkey-pack-round-tin-box\\\/\",\"url\":\"https:\\\/\\\/www.smokershop.es\\\/index.php\\\/producto\\\/monkey-pack-round-tin-box\\\/\",\"name\":\"MONKEY PACK ROUND TIN BOX - The Smoker&#039;s Shop\",\"isPartOf\":{\"@id\":\"https:\\\/\\\/www.smokershop.es\\\/#website\"},\"primaryImageOfPage\":{\"@id\":\"https:\\\/\\\/www.smokershop.es\\\/index.php\\\/producto\\\/monkey-pack-round-tin-box\\\/#primaryimage\"},\"image\":{\"@id\":\"https:\\\/\\\/www.smokershop.es\\\/index.php\\\/producto\\\/monkey-pack-round-tin-box\\\/#primaryimage\"},\"thumbnailUrl\":\"https:\\\/\\\/www.smokershop.es\\\/wp-content\\\/uploads\\\/2024\\\/08\\\/round-ton-box-1.jpg\",\"datePublished\":\"2024-08-07T19:08:29+00:00\",\"dateModified\":\"2026-04-23T17:51:00+00:00\",\"description\":\"El MONKEY PACK ROUND TIN BOX cuenta con una cajita met\u00e1lica cil\u00edndrica, librillo de papel king size, porta conos, mechero clipper y librillo de filtros.\",\"breadcrumb\":{\"@id\":\"https:\\\/\\\/www.smokershop.es\\\/index.php\\\/producto\\\/monkey-pack-round-tin-box\\\/#breadcrumb\"},\"inLanguage\":\"es\",\"potentialAction\":[{\"@type\":\"ReadAction\",\"target\":[\"https:\\\/\\\/www.smokershop.es\\\/index.php\\\/producto\\\/monkey-pack-round-tin-box\\\/\"]}]},{\"@type\":\"ImageObject\",\"inLanguage\":\"es\",\"@id\":\"https:\\\/\\\/www.smokershop.es\\\/index.php\\\/producto\\\/monkey-pack-round-tin-box\\\/#primaryimage\",\"url\":\"https:\\\/\\\/www.smokershop.es\\\/wp-content\\\/uploads\\\/2024\\\/08\\\/round-ton-box-1.jpg\",\"contentUrl\":\"https:\\\/\\\/www.smokershop.es\\\/wp-content\\\/uploads\\\/2024\\\/08\\\/round-ton-box-1.jpg\",\"width\":1350,\"height\":1350},{\"@type\":\"BreadcrumbList\",\"@id\":\"https:\\\/\\\/www.smokershop.es\\\/index.php\\\/producto\\\/monkey-pack-round-tin-box\\\/#breadcrumb\",\"itemListElement\":[{\"@type\":\"ListItem\",\"position\":1,\"name\":\"Portada\",\"item\":\"https:\\\/\\\/www.smokershop.es\\\/\"},{\"@type\":\"ListItem\",\"position\":2,\"name\":\"The Shop\",\"item\":\"https:\\\/\\\/www.smokershop.es\\\/index.php\\\/shop\\\/\"},{\"@type\":\"ListItem\",\"position\":3,\"name\":\"MONKEY PACK ROUND TIN BOX\"}]},{\"@type\":\"WebSite\",\"@id\":\"https:\\\/\\\/www.smokershop.es\\\/#website\",\"url\":\"https:\\\/\\\/www.smokershop.es\\\/\",\"name\":\"The Smoker&#039;s Shop\",\"description\":\"Todo para los fumadores\",\"publisher\":{\"@id\":\"https:\\\/\\\/www.smokershop.es\\\/#organization\"},\"potentialAction\":[{\"@type\":\"SearchAction\",\"target\":{\"@type\":\"EntryPoint\",\"urlTemplate\":\"https:\\\/\\\/www.smokershop.es\\\/?s={search_term_string}\"},\"query-input\":{\"@type\":\"PropertyValueSpecification\",\"valueRequired\":true,\"valueName\":\"search_term_string\"}}],\"inLanguage\":\"es\"},{\"@type\":\"Organization\",\"@id\":\"https:\\\/\\\/www.smokershop.es\\\/#organization\",\"name\":\"The Smoker&#039;s Shop\",\"url\":\"https:\\\/\\\/www.smokershop.es\\\/\",\"logo\":{\"@type\":\"ImageObject\",\"inLanguage\":\"es\",\"@id\":\"https:\\\/\\\/www.smokershop.es\\\/#\\\/schema\\\/logo\\\/image\\\/\",\"url\":\"https:\\\/\\\/www.smokershop.es\\\/wp-content\\\/uploads\\\/2023\\\/10\\\/smokershop-logo.png\",\"contentUrl\":\"https:\\\/\\\/www.smokershop.es\\\/wp-content\\\/uploads\\\/2023\\\/10\\\/smokershop-logo.png\",\"width\":1711,\"height\":752,\"caption\":\"The Smoker&#039;s Shop\"},\"image\":{\"@id\":\"https:\\\/\\\/www.smokershop.es\\\/#\\\/schema\\\/logo\\\/image\\\/\"},\"sameAs\":[\"https:\\\/\\\/www.instagram.com\\\/thesmokersshopofficial\"]}]}<\/script>\n<!-- \/ Yoast SEO plugin. -->","yoast_head_json":{"title":"MONKEY PACK ROUND TIN BOX - The Smoker&#039;s Shop","description":"El MONKEY PACK ROUND TIN BOX cuenta con una cajita met\u00e1lica cil\u00edndrica, librillo de papel king size, porta conos, mechero clipper y librillo de filtros.","robots":{"index":"index","follow":"follow","max-snippet":"max-snippet:-1","max-image-preview":"max-image-preview:large","max-video-preview":"max-video-preview:-1"},"canonical":"https:\/\/www.smokershop.es\/index.php\/producto\/monkey-pack-round-tin-box\/","og_locale":"es_ES","og_type":"article","og_title":"MONKEY PACK ROUND TIN BOX - The Smoker&#039;s Shop","og_description":"El MONKEY PACK ROUND TIN BOX cuenta con una cajita met\u00e1lica cil\u00edndrica, librillo de papel king size, porta conos, mechero clipper y librillo de filtros.","og_url":"https:\/\/www.smokershop.es\/index.php\/producto\/monkey-pack-round-tin-box\/","og_site_name":"The Smoker&#039;s Shop","article_modified_time":"2026-04-23T17:51:00+00:00","og_image":[{"width":1350,"height":1350,"url":"https:\/\/www.smokershop.es\/wp-content\/uploads\/2024\/08\/round-ton-box-1.jpg","type":"image\/jpeg"}],"twitter_card":"summary_large_image","twitter_misc":{"Tiempo de lectura":"1 minuto"},"schema":{"@context":"https:\/\/schema.org","@graph":[{"@type":"WebPage","@id":"https:\/\/www.smokershop.es\/index.php\/producto\/monkey-pack-round-tin-box\/","url":"https:\/\/www.smokershop.es\/index.php\/producto\/monkey-pack-round-tin-box\/","name":"MONKEY PACK ROUND TIN BOX - The Smoker&#039;s Shop","isPartOf":{"@id":"https:\/\/www.smokershop.es\/#website"},"primaryImageOfPage":{"@id":"https:\/\/www.smokershop.es\/index.php\/producto\/monkey-pack-round-tin-box\/#primaryimage"},"image":{"@id":"https:\/\/www.smokershop.es\/index.php\/producto\/monkey-pack-round-tin-box\/#primaryimage"},"thumbnailUrl":"https:\/\/www.smokershop.es\/wp-content\/uploads\/2024\/08\/round-ton-box-1.jpg","datePublished":"2024-08-07T19:08:29+00:00","dateModified":"2026-04-23T17:51:00+00:00","description":"El MONKEY PACK ROUND TIN BOX cuenta con una cajita met\u00e1lica cil\u00edndrica, librillo de papel king size, porta conos, mechero clipper y librillo de filtros.","breadcrumb":{"@id":"https:\/\/www.smokershop.es\/index.php\/producto\/monkey-pack-round-tin-box\/#breadcrumb"},"inLanguage":"es","potentialAction":[{"@type":"ReadAction","target":["https:\/\/www.smokershop.es\/index.php\/producto\/monkey-pack-round-tin-box\/"]}]},{"@type":"ImageObject","inLanguage":"es","@id":"https:\/\/www.smokershop.es\/index.php\/producto\/monkey-pack-round-tin-box\/#primaryimage","url":"https:\/\/www.smokershop.es\/wp-content\/uploads\/2024\/08\/round-ton-box-1.jpg","contentUrl":"https:\/\/www.smokershop.es\/wp-content\/uploads\/2024\/08\/round-ton-box-1.jpg","width":1350,"height":1350},{"@type":"BreadcrumbList","@id":"https:\/\/www.smokershop.es\/index.php\/producto\/monkey-pack-round-tin-box\/#breadcrumb","itemListElement":[{"@type":"ListItem","position":1,"name":"Portada","item":"https:\/\/www.smokershop.es\/"},{"@type":"ListItem","position":2,"name":"The Shop","item":"https:\/\/www.smokershop.es\/index.php\/shop\/"},{"@type":"ListItem","position":3,"name":"MONKEY PACK ROUND TIN BOX"}]},{"@type":"WebSite","@id":"https:\/\/www.smokershop.es\/#website","url":"https:\/\/www.smokershop.es\/","name":"The Smoker&#039;s Shop","description":"Todo para los fumadores","publisher":{"@id":"https:\/\/www.smokershop.es\/#organization"},"potentialAction":[{"@type":"SearchAction","target":{"@type":"EntryPoint","urlTemplate":"https:\/\/www.smokershop.es\/?s={search_term_string}"},"query-input":{"@type":"PropertyValueSpecification","valueRequired":true,"valueName":"search_term_string"}}],"inLanguage":"es"},{"@type":"Organization","@id":"https:\/\/www.smokershop.es\/#organization","name":"The Smoker&#039;s Shop","url":"https:\/\/www.smokershop.es\/","logo":{"@type":"ImageObject","inLanguage":"es","@id":"https:\/\/www.smokershop.es\/#\/schema\/logo\/image\/","url":"https:\/\/www.smokershop.es\/wp-content\/uploads\/2023\/10\/smokershop-logo.png","contentUrl":"https:\/\/www.smokershop.es\/wp-content\/uploads\/2023\/10\/smokershop-logo.png","width":1711,"height":752,"caption":"The Smoker&#039;s Shop"},"image":{"@id":"https:\/\/www.smokershop.es\/#\/schema\/logo\/image\/"},"sameAs":["https:\/\/www.instagram.com\/thesmokersshopofficial"]}]}},"_links":{"self":[{"href":"https:\/\/www.smokershop.es\/index.php\/wp-json\/wp\/v2\/product\/2307","targetHints":{"allow":["GET"]}}],"collection":[{"href":"https:\/\/www.smokershop.es\/index.php\/wp-json\/wp\/v2\/product"}],"about":[{"href":"https:\/\/www.smokershop.es\/index.php\/wp-json\/wp\/v2\/types\/product"}],"wp:featuredmedia":[{"embeddable":true,"href":"https:\/\/www.smokershop.es\/index.php\/wp-json\/wp\/v2\/media\/3646"}],"wp:attachment":[{"href":"https:\/\/www.smokershop.es\/index.php\/wp-json\/wp\/v2\/media?parent=2307"}],"wp:term":[{"taxonomy":"product_brand","embeddable":true,"href":"https:\/\/www.smokershop.es\/index.php\/wp-json\/wp\/v2\/product_brand?post=2307"},{"taxonomy":"product_cat","embeddable":true,"href":"https:\/\/www.smokershop.es\/index.php\/wp-json\/wp\/v2\/product_cat?post=2307"},{"taxonomy":"product_tag","embeddable":true,"href":"https:\/\/www.smokershop.es\/index.php\/wp-json\/wp\/v2\/product_tag?post=2307"}],"curies":[{"name":"wp","href":"https:\/\/api.w.org\/{rel}","templated":true}]}}