{"id":2418,"date":"2024-10-03T20:30:19","date_gmt":"2024-10-03T18:30:19","guid":{"rendered":"https:\/\/www.smokershop.es\/?post_type=product&#038;p=2418"},"modified":"2025-07-30T19:59:46","modified_gmt":"2025-07-30T17:59:46","slug":"sales-de-nicotina-frumist","status":"publish","type":"product","link":"https:\/\/www.smokershop.es\/index.php\/producto\/sales-de-nicotina-frumist\/","title":{"rendered":"SALES DE NICOTINA FRUMIST"},"content":{"rendered":"<p>SALES DE NICOTINA FRUMIST<\/p>\n<p>Sabor y Potencia en Cada Calada. Descubre la calidad y el sabor excepcionales de las sales de nicotina de Frumist, dise\u00f1adas para ofrecer una experiencia de vapeo suave y satisfactoria. Perfectas para quienes buscan una alternativa al tabaco, estas sales est\u00e1n formuladas para proporcionar una absorci\u00f3n r\u00e1pida de nicotina, lo que te permitir\u00e1 disfrutar de una sensaci\u00f3n placentera en cada inhalaci\u00f3n.<\/p>\n<p>Frumist ofrece una amplia gama de sabores, frutales, refrescantes, dulces, que deleitar\u00e1n tus sentidos, desde combinaciones cl\u00e1sicas hasta mezclas innovadoras. Dise\u00f1adas para ser m\u00e1s suaves en la garganta y as\u00ed poder disfrutar y saborearlas bien. Est\u00e1n disponibles en diferentes niveles de concentraci\u00f3n de nicotina, para personalizar tu experiencia de vapeo seg\u00fan tus preferencias.<\/p>\n<p>Ya sea que est\u00e9s buscando reducir tu consumo de tabaco o simplemente desees disfrutar de un vapeo sabroso, las sales de nicotina de Frumist son la elecci\u00f3n ideal.<\/p>\n<p>\u00a1Atr\u00e9vete a probarlas y transforma tu experiencia de vapeo!<\/p>\n","protected":false},"excerpt":{"rendered":"<ul>\n<li>Glicerina vegetal 50%, propilenglicol 50%, nicotina 1.o% y 2.0%<\/li>\n<li>3000 puffs aproximadamente.<\/li>\n<li>10mg\/ml.<\/li>\n<li>10 ml de e-liquid.<\/li>\n<\/ul>\n","protected":false},"featured_media":2483,"template":"","meta":{"_joinchat":[]},"product_brand":[],"product_cat":[72,69],"product_tag":[],"class_list":{"0":"post-2418","1":"product","2":"type-product","3":"status-publish","4":"has-post-thumbnail","6":"product_cat-sales-de-nicotina","7":"product_cat-vaper","9":"first","10":"instock","11":"taxable","12":"shipping-taxable","13":"purchasable","14":"product-type-variable"},"yoast_head":"<!-- This site is optimized with the Yoast SEO plugin v27.2 - https:\/\/yoast.com\/product\/yoast-seo-wordpress\/ -->\n<title>SALES DE NICOTINA FRUMIST - The Smoker&#039;s Shop<\/title>\n<meta name=\"description\" content=\"Las SALES DE NICOTINA FRUMIST cuentan con una gran variedad de sabores, intensos y sorprendentes, disponibles al 1% y 2% de nicotina.\" \/>\n<meta name=\"robots\" content=\"index, follow, max-snippet:-1, max-image-preview:large, max-video-preview:-1\" \/>\n<link rel=\"canonical\" href=\"https:\/\/www.smokershop.es\/index.php\/producto\/sales-de-nicotina-frumist\/\" \/>\n<meta property=\"og:locale\" content=\"es_ES\" \/>\n<meta property=\"og:type\" content=\"article\" \/>\n<meta property=\"og:title\" content=\"SALES DE NICOTINA FRUMIST - The Smoker&#039;s Shop\" \/>\n<meta property=\"og:description\" content=\"Las SALES DE NICOTINA FRUMIST cuentan con una gran variedad de sabores, intensos y sorprendentes, disponibles al 1% y 2% de nicotina.\" \/>\n<meta property=\"og:url\" content=\"https:\/\/www.smokershop.es\/index.php\/producto\/sales-de-nicotina-frumist\/\" \/>\n<meta property=\"og:site_name\" content=\"The Smoker&#039;s Shop\" \/>\n<meta property=\"article:modified_time\" content=\"2025-07-30T17:59:46+00:00\" \/>\n<meta property=\"og:image\" content=\"https:\/\/www.smokershop.es\/wp-content\/uploads\/2024\/09\/WhatsApp-Image-2024-09-30-at-19.02.28-1.jpeg\" \/>\n\t<meta property=\"og:image:width\" content=\"768\" \/>\n\t<meta property=\"og:image:height\" content=\"768\" \/>\n\t<meta property=\"og:image:type\" content=\"image\/jpeg\" \/>\n<meta name=\"twitter:card\" content=\"summary_large_image\" \/>\n<meta name=\"twitter:label1\" content=\"Tiempo de lectura\" \/>\n\t<meta name=\"twitter:data1\" content=\"1 minuto\" \/>\n<script type=\"application\/ld+json\" class=\"yoast-schema-graph\">{\"@context\":\"https:\/\/schema.org\",\"@graph\":[{\"@type\":\"WebPage\",\"@id\":\"https:\/\/www.smokershop.es\/index.php\/producto\/sales-de-nicotina-frumist\/\",\"url\":\"https:\/\/www.smokershop.es\/index.php\/producto\/sales-de-nicotina-frumist\/\",\"name\":\"SALES DE NICOTINA FRUMIST - The Smoker&#039;s Shop\",\"isPartOf\":{\"@id\":\"https:\/\/www.smokershop.es\/#website\"},\"primaryImageOfPage\":{\"@id\":\"https:\/\/www.smokershop.es\/index.php\/producto\/sales-de-nicotina-frumist\/#primaryimage\"},\"image\":{\"@id\":\"https:\/\/www.smokershop.es\/index.php\/producto\/sales-de-nicotina-frumist\/#primaryimage\"},\"thumbnailUrl\":\"https:\/\/www.smokershop.es\/wp-content\/uploads\/2024\/09\/WhatsApp-Image-2024-09-30-at-19.02.28-1.jpeg\",\"datePublished\":\"2024-10-03T18:30:19+00:00\",\"dateModified\":\"2025-07-30T17:59:46+00:00\",\"description\":\"Las SALES DE NICOTINA FRUMIST cuentan con una gran variedad de sabores, intensos y sorprendentes, disponibles al 1% y 2% de nicotina.\",\"breadcrumb\":{\"@id\":\"https:\/\/www.smokershop.es\/index.php\/producto\/sales-de-nicotina-frumist\/#breadcrumb\"},\"inLanguage\":\"es\",\"potentialAction\":[{\"@type\":\"ReadAction\",\"target\":[\"https:\/\/www.smokershop.es\/index.php\/producto\/sales-de-nicotina-frumist\/\"]}]},{\"@type\":\"ImageObject\",\"inLanguage\":\"es\",\"@id\":\"https:\/\/www.smokershop.es\/index.php\/producto\/sales-de-nicotina-frumist\/#primaryimage\",\"url\":\"https:\/\/www.smokershop.es\/wp-content\/uploads\/2024\/09\/WhatsApp-Image-2024-09-30-at-19.02.28-1.jpeg\",\"contentUrl\":\"https:\/\/www.smokershop.es\/wp-content\/uploads\/2024\/09\/WhatsApp-Image-2024-09-30-at-19.02.28-1.jpeg\",\"width\":768,\"height\":768,\"caption\":\"SALES DE NICOTINA FRUMIST\"},{\"@type\":\"BreadcrumbList\",\"@id\":\"https:\/\/www.smokershop.es\/index.php\/producto\/sales-de-nicotina-frumist\/#breadcrumb\",\"itemListElement\":[{\"@type\":\"ListItem\",\"position\":1,\"name\":\"Portada\",\"item\":\"https:\/\/www.smokershop.es\/\"},{\"@type\":\"ListItem\",\"position\":2,\"name\":\"The Shop\",\"item\":\"https:\/\/www.smokershop.es\/index.php\/shop\/\"},{\"@type\":\"ListItem\",\"position\":3,\"name\":\"SALES DE NICOTINA FRUMIST\"}]},{\"@type\":\"WebSite\",\"@id\":\"https:\/\/www.smokershop.es\/#website\",\"url\":\"https:\/\/www.smokershop.es\/\",\"name\":\"The Smoker&#039;s Shop\",\"description\":\"Todo para los fumadores\",\"publisher\":{\"@id\":\"https:\/\/www.smokershop.es\/#organization\"},\"potentialAction\":[{\"@type\":\"SearchAction\",\"target\":{\"@type\":\"EntryPoint\",\"urlTemplate\":\"https:\/\/www.smokershop.es\/?s={search_term_string}\"},\"query-input\":{\"@type\":\"PropertyValueSpecification\",\"valueRequired\":true,\"valueName\":\"search_term_string\"}}],\"inLanguage\":\"es\"},{\"@type\":\"Organization\",\"@id\":\"https:\/\/www.smokershop.es\/#organization\",\"name\":\"The Smoker&#039;s Shop\",\"url\":\"https:\/\/www.smokershop.es\/\",\"logo\":{\"@type\":\"ImageObject\",\"inLanguage\":\"es\",\"@id\":\"https:\/\/www.smokershop.es\/#\/schema\/logo\/image\/\",\"url\":\"https:\/\/www.smokershop.es\/wp-content\/uploads\/2023\/10\/smokershop-logo.png\",\"contentUrl\":\"https:\/\/www.smokershop.es\/wp-content\/uploads\/2023\/10\/smokershop-logo.png\",\"width\":1711,\"height\":752,\"caption\":\"The Smoker&#039;s Shop\"},\"image\":{\"@id\":\"https:\/\/www.smokershop.es\/#\/schema\/logo\/image\/\"},\"sameAs\":[\"https:\/\/www.instagram.com\/thesmokersshopofficial\"]}]}<\/script>\n<!-- \/ Yoast SEO plugin. -->","yoast_head_json":{"title":"SALES DE NICOTINA FRUMIST - The Smoker&#039;s Shop","description":"Las SALES DE NICOTINA FRUMIST cuentan con una gran variedad de sabores, intensos y sorprendentes, disponibles al 1% y 2% de nicotina.","robots":{"index":"index","follow":"follow","max-snippet":"max-snippet:-1","max-image-preview":"max-image-preview:large","max-video-preview":"max-video-preview:-1"},"canonical":"https:\/\/www.smokershop.es\/index.php\/producto\/sales-de-nicotina-frumist\/","og_locale":"es_ES","og_type":"article","og_title":"SALES DE NICOTINA FRUMIST - The Smoker&#039;s Shop","og_description":"Las SALES DE NICOTINA FRUMIST cuentan con una gran variedad de sabores, intensos y sorprendentes, disponibles al 1% y 2% de nicotina.","og_url":"https:\/\/www.smokershop.es\/index.php\/producto\/sales-de-nicotina-frumist\/","og_site_name":"The Smoker&#039;s Shop","article_modified_time":"2025-07-30T17:59:46+00:00","og_image":[{"width":768,"height":768,"url":"https:\/\/www.smokershop.es\/wp-content\/uploads\/2024\/09\/WhatsApp-Image-2024-09-30-at-19.02.28-1.jpeg","type":"image\/jpeg"}],"twitter_card":"summary_large_image","twitter_misc":{"Tiempo de lectura":"1 minuto"},"schema":{"@context":"https:\/\/schema.org","@graph":[{"@type":"WebPage","@id":"https:\/\/www.smokershop.es\/index.php\/producto\/sales-de-nicotina-frumist\/","url":"https:\/\/www.smokershop.es\/index.php\/producto\/sales-de-nicotina-frumist\/","name":"SALES DE NICOTINA FRUMIST - The Smoker&#039;s Shop","isPartOf":{"@id":"https:\/\/www.smokershop.es\/#website"},"primaryImageOfPage":{"@id":"https:\/\/www.smokershop.es\/index.php\/producto\/sales-de-nicotina-frumist\/#primaryimage"},"image":{"@id":"https:\/\/www.smokershop.es\/index.php\/producto\/sales-de-nicotina-frumist\/#primaryimage"},"thumbnailUrl":"https:\/\/www.smokershop.es\/wp-content\/uploads\/2024\/09\/WhatsApp-Image-2024-09-30-at-19.02.28-1.jpeg","datePublished":"2024-10-03T18:30:19+00:00","dateModified":"2025-07-30T17:59:46+00:00","description":"Las SALES DE NICOTINA FRUMIST cuentan con una gran variedad de sabores, intensos y sorprendentes, disponibles al 1% y 2% de nicotina.","breadcrumb":{"@id":"https:\/\/www.smokershop.es\/index.php\/producto\/sales-de-nicotina-frumist\/#breadcrumb"},"inLanguage":"es","potentialAction":[{"@type":"ReadAction","target":["https:\/\/www.smokershop.es\/index.php\/producto\/sales-de-nicotina-frumist\/"]}]},{"@type":"ImageObject","inLanguage":"es","@id":"https:\/\/www.smokershop.es\/index.php\/producto\/sales-de-nicotina-frumist\/#primaryimage","url":"https:\/\/www.smokershop.es\/wp-content\/uploads\/2024\/09\/WhatsApp-Image-2024-09-30-at-19.02.28-1.jpeg","contentUrl":"https:\/\/www.smokershop.es\/wp-content\/uploads\/2024\/09\/WhatsApp-Image-2024-09-30-at-19.02.28-1.jpeg","width":768,"height":768,"caption":"SALES DE NICOTINA FRUMIST"},{"@type":"BreadcrumbList","@id":"https:\/\/www.smokershop.es\/index.php\/producto\/sales-de-nicotina-frumist\/#breadcrumb","itemListElement":[{"@type":"ListItem","position":1,"name":"Portada","item":"https:\/\/www.smokershop.es\/"},{"@type":"ListItem","position":2,"name":"The Shop","item":"https:\/\/www.smokershop.es\/index.php\/shop\/"},{"@type":"ListItem","position":3,"name":"SALES DE NICOTINA FRUMIST"}]},{"@type":"WebSite","@id":"https:\/\/www.smokershop.es\/#website","url":"https:\/\/www.smokershop.es\/","name":"The Smoker&#039;s Shop","description":"Todo para los fumadores","publisher":{"@id":"https:\/\/www.smokershop.es\/#organization"},"potentialAction":[{"@type":"SearchAction","target":{"@type":"EntryPoint","urlTemplate":"https:\/\/www.smokershop.es\/?s={search_term_string}"},"query-input":{"@type":"PropertyValueSpecification","valueRequired":true,"valueName":"search_term_string"}}],"inLanguage":"es"},{"@type":"Organization","@id":"https:\/\/www.smokershop.es\/#organization","name":"The Smoker&#039;s Shop","url":"https:\/\/www.smokershop.es\/","logo":{"@type":"ImageObject","inLanguage":"es","@id":"https:\/\/www.smokershop.es\/#\/schema\/logo\/image\/","url":"https:\/\/www.smokershop.es\/wp-content\/uploads\/2023\/10\/smokershop-logo.png","contentUrl":"https:\/\/www.smokershop.es\/wp-content\/uploads\/2023\/10\/smokershop-logo.png","width":1711,"height":752,"caption":"The Smoker&#039;s Shop"},"image":{"@id":"https:\/\/www.smokershop.es\/#\/schema\/logo\/image\/"},"sameAs":["https:\/\/www.instagram.com\/thesmokersshopofficial"]}]}},"_links":{"self":[{"href":"https:\/\/www.smokershop.es\/index.php\/wp-json\/wp\/v2\/product\/2418","targetHints":{"allow":["GET"]}}],"collection":[{"href":"https:\/\/www.smokershop.es\/index.php\/wp-json\/wp\/v2\/product"}],"about":[{"href":"https:\/\/www.smokershop.es\/index.php\/wp-json\/wp\/v2\/types\/product"}],"wp:featuredmedia":[{"embeddable":true,"href":"https:\/\/www.smokershop.es\/index.php\/wp-json\/wp\/v2\/media\/2483"}],"wp:attachment":[{"href":"https:\/\/www.smokershop.es\/index.php\/wp-json\/wp\/v2\/media?parent=2418"}],"wp:term":[{"taxonomy":"product_brand","embeddable":true,"href":"https:\/\/www.smokershop.es\/index.php\/wp-json\/wp\/v2\/product_brand?post=2418"},{"taxonomy":"product_cat","embeddable":true,"href":"https:\/\/www.smokershop.es\/index.php\/wp-json\/wp\/v2\/product_cat?post=2418"},{"taxonomy":"product_tag","embeddable":true,"href":"https:\/\/www.smokershop.es\/index.php\/wp-json\/wp\/v2\/product_tag?post=2418"}],"curies":[{"name":"wp","href":"https:\/\/api.w.org\/{rel}","templated":true}]}}