{"id":2587,"date":"2024-11-05T21:32:28","date_gmt":"2024-11-05T20:32:28","guid":{"rendered":"https:\/\/www.smokershop.es\/?post_type=product&#038;p=2587"},"modified":"2026-04-23T19:41:30","modified_gmt":"2026-04-23T17:41:30","slug":"pack-clipper-monkey-king","status":"publish","type":"product","link":"https:\/\/www.smokershop.es\/index.php\/producto\/pack-clipper-monkey-king\/","title":{"rendered":"PACK CLIPPER MONKEY KING"},"content":{"rendered":"<p>PACK CLIPPER MONKEY KING<\/p>\n<p>El \u00faltimo de los nuevos dise\u00f1os que Monkey King ha sacado para esta temporada.\u00a0 El Pack CLipper Monkey King cuenta con un librillo king size con 32 hojas de papel marr\u00f3n, sin blanquear, sin colorantes, ni aditivos, ultra fino, de combusti\u00f3n lenta y uniforme, de gran calidad. Sus 16 filtros dobles correspondientes, de cart\u00f3n troquelados, para facilitar su uso y mejorar su filtrado. Y\u00a0 un mechero Clipper con un dise\u00f1o nuevo y exclusivo de Monkey King.<\/p>\n<p>Una nueva colecci\u00f3n vibrante y llena de color . Descubre cual es el modelo que m\u00e1s va contigo y disfruta de tus flores con la mejor calidad y estilo.<\/p>\n","protected":false},"excerpt":{"rendered":"<ul>\n<li>Papel King Size Slim marr\u00f3n, hecho de fibras vegetales, sin blanquear ni aditivos. De combustio\u0301n lenta y con goma ara\u0301biga 100% natural.<\/li>\n<li>Filtros de cart\u00f3n marr\u00f3n troquelados de 160 gr.<\/li>\n<li>Tama\u00f1o del papel 108 mm X 44 mm<\/li>\n<li>32 hojas por librillo y 32 filtros.<\/li>\n<li>Mechero Clipper con dise\u00f1o de Monkey King, nueva edici\u00f3n.<\/li>\n<\/ul>\n<ul>\n<li style=\"list-style-type: none;\">\n<ul>\n<li><em>FORMATO PRO -&gt; DISPLAY 48x Clipper + 48 King Size con Tips<\/em><\/li>\n<li><strong>\u2b07\ufe0f PRECIOS MAYORISTA PARA PROFESIONALES \u2b07\ufe0f<\/strong><\/li>\n<\/ul>\n<\/li>\n<\/ul>\n<p style=\"padding-left: 200px;\"><strong><a href=\"https:\/\/www.smokershop.es\/index.php\/register\/\" target=\"_blank\" rel=\"noopener\">\ud83d\udc49 REGISTRATE AQUI \ud83d\udc48<\/a><\/strong><\/p>\n","protected":false},"featured_media":3639,"template":"","meta":{"_joinchat":[]},"product_brand":[],"product_cat":[46],"product_tag":[],"class_list":{"0":"post-2587","1":"product","2":"type-product","3":"status-publish","4":"has-post-thumbnail","6":"product_cat-mecheros-packs-y-sopletes","8":"first","9":"instock","10":"sale","11":"taxable","12":"shipping-taxable","13":"purchasable","14":"product-type-simple"},"yoast_head":"<!-- This site is optimized with the Yoast SEO plugin v27.4 - https:\/\/yoast.com\/product\/yoast-seo-wordpress\/ -->\n<title>PACK CLIPPER MONKEY KING - The Smoker&#039;s Shop<\/title>\n<meta name=\"description\" content=\"El PACK CLIPPER MONKEY KING cuenta con un librillo de 32 hojas, 32 filtros de cart\u00f3n troquelados y un Clipper, todo con un dise\u00f1o nuevo de Monkey King,\" \/>\n<meta name=\"robots\" content=\"index, follow, max-snippet:-1, max-image-preview:large, max-video-preview:-1\" \/>\n<link rel=\"canonical\" href=\"https:\/\/www.smokershop.es\/index.php\/producto\/pack-clipper-monkey-king\/\" \/>\n<meta property=\"og:locale\" content=\"es_ES\" \/>\n<meta property=\"og:type\" content=\"article\" \/>\n<meta property=\"og:title\" content=\"PACK CLIPPER MONKEY KING - The Smoker&#039;s Shop\" \/>\n<meta property=\"og:description\" content=\"El PACK CLIPPER MONKEY KING cuenta con un librillo de 32 hojas, 32 filtros de cart\u00f3n troquelados y un Clipper, todo con un dise\u00f1o nuevo de Monkey King,\" \/>\n<meta property=\"og:url\" content=\"https:\/\/www.smokershop.es\/index.php\/producto\/pack-clipper-monkey-king\/\" \/>\n<meta property=\"og:site_name\" content=\"The Smoker&#039;s Shop\" \/>\n<meta property=\"article:modified_time\" content=\"2026-04-23T17:41:30+00:00\" \/>\n<meta property=\"og:image\" content=\"https:\/\/www.smokershop.es\/wp-content\/uploads\/2024\/11\/pack-clipper-mk.jpg\" \/>\n\t<meta property=\"og:image:width\" content=\"1350\" \/>\n\t<meta property=\"og:image:height\" content=\"1350\" \/>\n\t<meta property=\"og:image:type\" content=\"image\/jpeg\" \/>\n<meta name=\"twitter:card\" content=\"summary_large_image\" \/>\n<meta name=\"twitter:label1\" content=\"Tiempo de lectura\" \/>\n\t<meta name=\"twitter:data1\" content=\"1 minuto\" \/>\n<script type=\"application\/ld+json\" class=\"yoast-schema-graph\">{\"@context\":\"https:\\\/\\\/schema.org\",\"@graph\":[{\"@type\":\"WebPage\",\"@id\":\"https:\\\/\\\/www.smokershop.es\\\/index.php\\\/producto\\\/pack-clipper-monkey-king\\\/\",\"url\":\"https:\\\/\\\/www.smokershop.es\\\/index.php\\\/producto\\\/pack-clipper-monkey-king\\\/\",\"name\":\"PACK CLIPPER MONKEY KING - The Smoker&#039;s Shop\",\"isPartOf\":{\"@id\":\"https:\\\/\\\/www.smokershop.es\\\/#website\"},\"primaryImageOfPage\":{\"@id\":\"https:\\\/\\\/www.smokershop.es\\\/index.php\\\/producto\\\/pack-clipper-monkey-king\\\/#primaryimage\"},\"image\":{\"@id\":\"https:\\\/\\\/www.smokershop.es\\\/index.php\\\/producto\\\/pack-clipper-monkey-king\\\/#primaryimage\"},\"thumbnailUrl\":\"https:\\\/\\\/www.smokershop.es\\\/wp-content\\\/uploads\\\/2024\\\/11\\\/pack-clipper-mk.jpg\",\"datePublished\":\"2024-11-05T20:32:28+00:00\",\"dateModified\":\"2026-04-23T17:41:30+00:00\",\"description\":\"El PACK CLIPPER MONKEY KING cuenta con un librillo de 32 hojas, 32 filtros de cart\u00f3n troquelados y un Clipper, todo con un dise\u00f1o nuevo de Monkey King,\",\"breadcrumb\":{\"@id\":\"https:\\\/\\\/www.smokershop.es\\\/index.php\\\/producto\\\/pack-clipper-monkey-king\\\/#breadcrumb\"},\"inLanguage\":\"es\",\"potentialAction\":[{\"@type\":\"ReadAction\",\"target\":[\"https:\\\/\\\/www.smokershop.es\\\/index.php\\\/producto\\\/pack-clipper-monkey-king\\\/\"]}]},{\"@type\":\"ImageObject\",\"inLanguage\":\"es\",\"@id\":\"https:\\\/\\\/www.smokershop.es\\\/index.php\\\/producto\\\/pack-clipper-monkey-king\\\/#primaryimage\",\"url\":\"https:\\\/\\\/www.smokershop.es\\\/wp-content\\\/uploads\\\/2024\\\/11\\\/pack-clipper-mk.jpg\",\"contentUrl\":\"https:\\\/\\\/www.smokershop.es\\\/wp-content\\\/uploads\\\/2024\\\/11\\\/pack-clipper-mk.jpg\",\"width\":1350,\"height\":1350,\"caption\":\"PACK CLIPPER MONKEY KING\"},{\"@type\":\"BreadcrumbList\",\"@id\":\"https:\\\/\\\/www.smokershop.es\\\/index.php\\\/producto\\\/pack-clipper-monkey-king\\\/#breadcrumb\",\"itemListElement\":[{\"@type\":\"ListItem\",\"position\":1,\"name\":\"Portada\",\"item\":\"https:\\\/\\\/www.smokershop.es\\\/\"},{\"@type\":\"ListItem\",\"position\":2,\"name\":\"The Shop\",\"item\":\"https:\\\/\\\/www.smokershop.es\\\/index.php\\\/shop\\\/\"},{\"@type\":\"ListItem\",\"position\":3,\"name\":\"PACK CLIPPER MONKEY KING\"}]},{\"@type\":\"WebSite\",\"@id\":\"https:\\\/\\\/www.smokershop.es\\\/#website\",\"url\":\"https:\\\/\\\/www.smokershop.es\\\/\",\"name\":\"The Smoker&#039;s Shop\",\"description\":\"Todo para los fumadores\",\"publisher\":{\"@id\":\"https:\\\/\\\/www.smokershop.es\\\/#organization\"},\"potentialAction\":[{\"@type\":\"SearchAction\",\"target\":{\"@type\":\"EntryPoint\",\"urlTemplate\":\"https:\\\/\\\/www.smokershop.es\\\/?s={search_term_string}\"},\"query-input\":{\"@type\":\"PropertyValueSpecification\",\"valueRequired\":true,\"valueName\":\"search_term_string\"}}],\"inLanguage\":\"es\"},{\"@type\":\"Organization\",\"@id\":\"https:\\\/\\\/www.smokershop.es\\\/#organization\",\"name\":\"The Smoker&#039;s Shop\",\"url\":\"https:\\\/\\\/www.smokershop.es\\\/\",\"logo\":{\"@type\":\"ImageObject\",\"inLanguage\":\"es\",\"@id\":\"https:\\\/\\\/www.smokershop.es\\\/#\\\/schema\\\/logo\\\/image\\\/\",\"url\":\"https:\\\/\\\/www.smokershop.es\\\/wp-content\\\/uploads\\\/2023\\\/10\\\/smokershop-logo.png\",\"contentUrl\":\"https:\\\/\\\/www.smokershop.es\\\/wp-content\\\/uploads\\\/2023\\\/10\\\/smokershop-logo.png\",\"width\":1711,\"height\":752,\"caption\":\"The Smoker&#039;s Shop\"},\"image\":{\"@id\":\"https:\\\/\\\/www.smokershop.es\\\/#\\\/schema\\\/logo\\\/image\\\/\"},\"sameAs\":[\"https:\\\/\\\/www.instagram.com\\\/thesmokersshopofficial\"]}]}<\/script>\n<!-- \/ Yoast SEO plugin. -->","yoast_head_json":{"title":"PACK CLIPPER MONKEY KING - The Smoker&#039;s Shop","description":"El PACK CLIPPER MONKEY KING cuenta con un librillo de 32 hojas, 32 filtros de cart\u00f3n troquelados y un Clipper, todo con un dise\u00f1o nuevo de Monkey King,","robots":{"index":"index","follow":"follow","max-snippet":"max-snippet:-1","max-image-preview":"max-image-preview:large","max-video-preview":"max-video-preview:-1"},"canonical":"https:\/\/www.smokershop.es\/index.php\/producto\/pack-clipper-monkey-king\/","og_locale":"es_ES","og_type":"article","og_title":"PACK CLIPPER MONKEY KING - The Smoker&#039;s Shop","og_description":"El PACK CLIPPER MONKEY KING cuenta con un librillo de 32 hojas, 32 filtros de cart\u00f3n troquelados y un Clipper, todo con un dise\u00f1o nuevo de Monkey King,","og_url":"https:\/\/www.smokershop.es\/index.php\/producto\/pack-clipper-monkey-king\/","og_site_name":"The Smoker&#039;s Shop","article_modified_time":"2026-04-23T17:41:30+00:00","og_image":[{"width":1350,"height":1350,"url":"https:\/\/www.smokershop.es\/wp-content\/uploads\/2024\/11\/pack-clipper-mk.jpg","type":"image\/jpeg"}],"twitter_card":"summary_large_image","twitter_misc":{"Tiempo de lectura":"1 minuto"},"schema":{"@context":"https:\/\/schema.org","@graph":[{"@type":"WebPage","@id":"https:\/\/www.smokershop.es\/index.php\/producto\/pack-clipper-monkey-king\/","url":"https:\/\/www.smokershop.es\/index.php\/producto\/pack-clipper-monkey-king\/","name":"PACK CLIPPER MONKEY KING - The Smoker&#039;s Shop","isPartOf":{"@id":"https:\/\/www.smokershop.es\/#website"},"primaryImageOfPage":{"@id":"https:\/\/www.smokershop.es\/index.php\/producto\/pack-clipper-monkey-king\/#primaryimage"},"image":{"@id":"https:\/\/www.smokershop.es\/index.php\/producto\/pack-clipper-monkey-king\/#primaryimage"},"thumbnailUrl":"https:\/\/www.smokershop.es\/wp-content\/uploads\/2024\/11\/pack-clipper-mk.jpg","datePublished":"2024-11-05T20:32:28+00:00","dateModified":"2026-04-23T17:41:30+00:00","description":"El PACK CLIPPER MONKEY KING cuenta con un librillo de 32 hojas, 32 filtros de cart\u00f3n troquelados y un Clipper, todo con un dise\u00f1o nuevo de Monkey King,","breadcrumb":{"@id":"https:\/\/www.smokershop.es\/index.php\/producto\/pack-clipper-monkey-king\/#breadcrumb"},"inLanguage":"es","potentialAction":[{"@type":"ReadAction","target":["https:\/\/www.smokershop.es\/index.php\/producto\/pack-clipper-monkey-king\/"]}]},{"@type":"ImageObject","inLanguage":"es","@id":"https:\/\/www.smokershop.es\/index.php\/producto\/pack-clipper-monkey-king\/#primaryimage","url":"https:\/\/www.smokershop.es\/wp-content\/uploads\/2024\/11\/pack-clipper-mk.jpg","contentUrl":"https:\/\/www.smokershop.es\/wp-content\/uploads\/2024\/11\/pack-clipper-mk.jpg","width":1350,"height":1350,"caption":"PACK CLIPPER MONKEY KING"},{"@type":"BreadcrumbList","@id":"https:\/\/www.smokershop.es\/index.php\/producto\/pack-clipper-monkey-king\/#breadcrumb","itemListElement":[{"@type":"ListItem","position":1,"name":"Portada","item":"https:\/\/www.smokershop.es\/"},{"@type":"ListItem","position":2,"name":"The Shop","item":"https:\/\/www.smokershop.es\/index.php\/shop\/"},{"@type":"ListItem","position":3,"name":"PACK CLIPPER MONKEY KING"}]},{"@type":"WebSite","@id":"https:\/\/www.smokershop.es\/#website","url":"https:\/\/www.smokershop.es\/","name":"The Smoker&#039;s Shop","description":"Todo para los fumadores","publisher":{"@id":"https:\/\/www.smokershop.es\/#organization"},"potentialAction":[{"@type":"SearchAction","target":{"@type":"EntryPoint","urlTemplate":"https:\/\/www.smokershop.es\/?s={search_term_string}"},"query-input":{"@type":"PropertyValueSpecification","valueRequired":true,"valueName":"search_term_string"}}],"inLanguage":"es"},{"@type":"Organization","@id":"https:\/\/www.smokershop.es\/#organization","name":"The Smoker&#039;s Shop","url":"https:\/\/www.smokershop.es\/","logo":{"@type":"ImageObject","inLanguage":"es","@id":"https:\/\/www.smokershop.es\/#\/schema\/logo\/image\/","url":"https:\/\/www.smokershop.es\/wp-content\/uploads\/2023\/10\/smokershop-logo.png","contentUrl":"https:\/\/www.smokershop.es\/wp-content\/uploads\/2023\/10\/smokershop-logo.png","width":1711,"height":752,"caption":"The Smoker&#039;s Shop"},"image":{"@id":"https:\/\/www.smokershop.es\/#\/schema\/logo\/image\/"},"sameAs":["https:\/\/www.instagram.com\/thesmokersshopofficial"]}]}},"_links":{"self":[{"href":"https:\/\/www.smokershop.es\/index.php\/wp-json\/wp\/v2\/product\/2587","targetHints":{"allow":["GET"]}}],"collection":[{"href":"https:\/\/www.smokershop.es\/index.php\/wp-json\/wp\/v2\/product"}],"about":[{"href":"https:\/\/www.smokershop.es\/index.php\/wp-json\/wp\/v2\/types\/product"}],"wp:featuredmedia":[{"embeddable":true,"href":"https:\/\/www.smokershop.es\/index.php\/wp-json\/wp\/v2\/media\/3639"}],"wp:attachment":[{"href":"https:\/\/www.smokershop.es\/index.php\/wp-json\/wp\/v2\/media?parent=2587"}],"wp:term":[{"taxonomy":"product_brand","embeddable":true,"href":"https:\/\/www.smokershop.es\/index.php\/wp-json\/wp\/v2\/product_brand?post=2587"},{"taxonomy":"product_cat","embeddable":true,"href":"https:\/\/www.smokershop.es\/index.php\/wp-json\/wp\/v2\/product_cat?post=2587"},{"taxonomy":"product_tag","embeddable":true,"href":"https:\/\/www.smokershop.es\/index.php\/wp-json\/wp\/v2\/product_tag?post=2587"}],"curies":[{"name":"wp","href":"https:\/\/api.w.org\/{rel}","templated":true}]}}