{"id":2613,"date":"2024-11-15T16:23:09","date_gmt":"2024-11-15T15:23:09","guid":{"rendered":"https:\/\/www.smokershop.es\/?post_type=product&#038;p=2613"},"modified":"2026-02-28T16:59:26","modified_gmt":"2026-02-28T15:59:26","slug":"monkey-grinder-metallic","status":"publish","type":"product","link":"https:\/\/www.smokershop.es\/index.php\/producto\/monkey-grinder-metallic\/","title":{"rendered":"MONKEY GRINDER METALLIC"},"content":{"rendered":"<p>\u00a1Descubre este nuevo producto, el Monkey Grinder Metallic!<\/p>\n<p>Una nueva edici\u00f3n de grinders que llega pisando fuerte. En esta ocasi\u00f3n Monkey King nos trae una l\u00ednea de grinders met\u00e1licos de la m\u00e1s novedosa, no solo por que es la primera vez que la marca fabrica grinders met\u00e1licos sino por que adem\u00e1s podr\u00e1s elegir tu favorito entre sus \u00faltimos dise\u00f1os<\/p>\n<p>Disfruta de la forma m\u00e1s eficiente de preparar tus hierbas con nuestros grinders, el accesorio que no puede faltar en tu colecci\u00f3n. Fabricado con metal resistente y de alta calidad, para soportar el uso diario y ofrecerte un rendimiento optimo y duradero.<\/p>\n<p>Monkey Grinder Metallic no solo es funcional, sino que tambi\u00e9n a\u00f1ade un toque de estilo a tu experiencia de fumar. No te conformes con menos y disfruta de la calidad y la comodidad que mereces.<\/p>\n","protected":false},"excerpt":{"rendered":"<ul>\n<li>Grinder met\u00e1lico de Monkey King.<\/li>\n<li>Edici\u00f3n limitada.<\/li>\n<\/ul>\n<p>&nbsp;<\/p>\n<ul>\n<li>Para Profesionales -&gt; 12 unidades por caja \/ dise\u00f1os variados.<\/li>\n<\/ul>\n","protected":false},"featured_media":3600,"template":"","meta":{"_joinchat":[]},"product_brand":[],"product_cat":[48],"product_tag":[],"class_list":{"0":"post-2613","1":"product","2":"type-product","3":"status-publish","4":"has-post-thumbnail","6":"product_cat-grinders-packs","8":"first","9":"outofstock","10":"taxable","11":"shipping-taxable","12":"purchasable","13":"product-type-simple"},"yoast_head":"<!-- This site is optimized with the Yoast SEO plugin v27.4 - https:\/\/yoast.com\/product\/yoast-seo-wordpress\/ -->\n<title>MONKEY GRINDER METALLIC - The Smoker&#039;s Shop<\/title>\n<meta name=\"description\" content=\"MONKEY GRINDER METALLIC disfruta de tus hierbas con un grinder met\u00e1lico de calidad, con un dise\u00f1o \u00fanico y original de Monkey King.\" \/>\n<meta name=\"robots\" content=\"index, follow, max-snippet:-1, max-image-preview:large, max-video-preview:-1\" \/>\n<link rel=\"canonical\" href=\"https:\/\/www.smokershop.es\/index.php\/producto\/monkey-grinder-metallic\/\" \/>\n<meta property=\"og:locale\" content=\"es_ES\" \/>\n<meta property=\"og:type\" content=\"article\" \/>\n<meta property=\"og:title\" content=\"MONKEY GRINDER METALLIC - The Smoker&#039;s Shop\" \/>\n<meta property=\"og:description\" content=\"MONKEY GRINDER METALLIC disfruta de tus hierbas con un grinder met\u00e1lico de calidad, con un dise\u00f1o \u00fanico y original de Monkey King.\" \/>\n<meta property=\"og:url\" content=\"https:\/\/www.smokershop.es\/index.php\/producto\/monkey-grinder-metallic\/\" \/>\n<meta property=\"og:site_name\" content=\"The Smoker&#039;s Shop\" \/>\n<meta property=\"article:modified_time\" content=\"2026-02-28T15:59:26+00:00\" \/>\n<meta property=\"og:image\" content=\"https:\/\/www.smokershop.es\/wp-content\/uploads\/2024\/11\/metalic-grinder.jpg\" \/>\n\t<meta property=\"og:image:width\" content=\"1350\" \/>\n\t<meta property=\"og:image:height\" content=\"1350\" \/>\n\t<meta property=\"og:image:type\" content=\"image\/jpeg\" \/>\n<meta name=\"twitter:card\" content=\"summary_large_image\" \/>\n<meta name=\"twitter:label1\" content=\"Tiempo de lectura\" \/>\n\t<meta name=\"twitter:data1\" content=\"1 minuto\" \/>\n<script type=\"application\/ld+json\" class=\"yoast-schema-graph\">{\"@context\":\"https:\\\/\\\/schema.org\",\"@graph\":[{\"@type\":\"WebPage\",\"@id\":\"https:\\\/\\\/www.smokershop.es\\\/index.php\\\/producto\\\/monkey-grinder-metallic\\\/\",\"url\":\"https:\\\/\\\/www.smokershop.es\\\/index.php\\\/producto\\\/monkey-grinder-metallic\\\/\",\"name\":\"MONKEY GRINDER METALLIC - The Smoker&#039;s Shop\",\"isPartOf\":{\"@id\":\"https:\\\/\\\/www.smokershop.es\\\/#website\"},\"primaryImageOfPage\":{\"@id\":\"https:\\\/\\\/www.smokershop.es\\\/index.php\\\/producto\\\/monkey-grinder-metallic\\\/#primaryimage\"},\"image\":{\"@id\":\"https:\\\/\\\/www.smokershop.es\\\/index.php\\\/producto\\\/monkey-grinder-metallic\\\/#primaryimage\"},\"thumbnailUrl\":\"https:\\\/\\\/www.smokershop.es\\\/wp-content\\\/uploads\\\/2024\\\/11\\\/metalic-grinder.jpg\",\"datePublished\":\"2024-11-15T15:23:09+00:00\",\"dateModified\":\"2026-02-28T15:59:26+00:00\",\"description\":\"MONKEY GRINDER METALLIC disfruta de tus hierbas con un grinder met\u00e1lico de calidad, con un dise\u00f1o \u00fanico y original de Monkey King.\",\"breadcrumb\":{\"@id\":\"https:\\\/\\\/www.smokershop.es\\\/index.php\\\/producto\\\/monkey-grinder-metallic\\\/#breadcrumb\"},\"inLanguage\":\"es\",\"potentialAction\":[{\"@type\":\"ReadAction\",\"target\":[\"https:\\\/\\\/www.smokershop.es\\\/index.php\\\/producto\\\/monkey-grinder-metallic\\\/\"]}]},{\"@type\":\"ImageObject\",\"inLanguage\":\"es\",\"@id\":\"https:\\\/\\\/www.smokershop.es\\\/index.php\\\/producto\\\/monkey-grinder-metallic\\\/#primaryimage\",\"url\":\"https:\\\/\\\/www.smokershop.es\\\/wp-content\\\/uploads\\\/2024\\\/11\\\/metalic-grinder.jpg\",\"contentUrl\":\"https:\\\/\\\/www.smokershop.es\\\/wp-content\\\/uploads\\\/2024\\\/11\\\/metalic-grinder.jpg\",\"width\":1350,\"height\":1350,\"caption\":\"MONKEY GRINDER METALLIC\"},{\"@type\":\"BreadcrumbList\",\"@id\":\"https:\\\/\\\/www.smokershop.es\\\/index.php\\\/producto\\\/monkey-grinder-metallic\\\/#breadcrumb\",\"itemListElement\":[{\"@type\":\"ListItem\",\"position\":1,\"name\":\"Portada\",\"item\":\"https:\\\/\\\/www.smokershop.es\\\/\"},{\"@type\":\"ListItem\",\"position\":2,\"name\":\"The Shop\",\"item\":\"https:\\\/\\\/www.smokershop.es\\\/index.php\\\/shop\\\/\"},{\"@type\":\"ListItem\",\"position\":3,\"name\":\"MONKEY GRINDER METALLIC\"}]},{\"@type\":\"WebSite\",\"@id\":\"https:\\\/\\\/www.smokershop.es\\\/#website\",\"url\":\"https:\\\/\\\/www.smokershop.es\\\/\",\"name\":\"The Smoker&#039;s Shop\",\"description\":\"Todo para los fumadores\",\"publisher\":{\"@id\":\"https:\\\/\\\/www.smokershop.es\\\/#organization\"},\"potentialAction\":[{\"@type\":\"SearchAction\",\"target\":{\"@type\":\"EntryPoint\",\"urlTemplate\":\"https:\\\/\\\/www.smokershop.es\\\/?s={search_term_string}\"},\"query-input\":{\"@type\":\"PropertyValueSpecification\",\"valueRequired\":true,\"valueName\":\"search_term_string\"}}],\"inLanguage\":\"es\"},{\"@type\":\"Organization\",\"@id\":\"https:\\\/\\\/www.smokershop.es\\\/#organization\",\"name\":\"The Smoker&#039;s Shop\",\"url\":\"https:\\\/\\\/www.smokershop.es\\\/\",\"logo\":{\"@type\":\"ImageObject\",\"inLanguage\":\"es\",\"@id\":\"https:\\\/\\\/www.smokershop.es\\\/#\\\/schema\\\/logo\\\/image\\\/\",\"url\":\"https:\\\/\\\/www.smokershop.es\\\/wp-content\\\/uploads\\\/2023\\\/10\\\/smokershop-logo.png\",\"contentUrl\":\"https:\\\/\\\/www.smokershop.es\\\/wp-content\\\/uploads\\\/2023\\\/10\\\/smokershop-logo.png\",\"width\":1711,\"height\":752,\"caption\":\"The Smoker&#039;s Shop\"},\"image\":{\"@id\":\"https:\\\/\\\/www.smokershop.es\\\/#\\\/schema\\\/logo\\\/image\\\/\"},\"sameAs\":[\"https:\\\/\\\/www.instagram.com\\\/thesmokersshopofficial\"]}]}<\/script>\n<!-- \/ Yoast SEO plugin. -->","yoast_head_json":{"title":"MONKEY GRINDER METALLIC - The Smoker&#039;s Shop","description":"MONKEY GRINDER METALLIC disfruta de tus hierbas con un grinder met\u00e1lico de calidad, con un dise\u00f1o \u00fanico y original de Monkey King.","robots":{"index":"index","follow":"follow","max-snippet":"max-snippet:-1","max-image-preview":"max-image-preview:large","max-video-preview":"max-video-preview:-1"},"canonical":"https:\/\/www.smokershop.es\/index.php\/producto\/monkey-grinder-metallic\/","og_locale":"es_ES","og_type":"article","og_title":"MONKEY GRINDER METALLIC - The Smoker&#039;s Shop","og_description":"MONKEY GRINDER METALLIC disfruta de tus hierbas con un grinder met\u00e1lico de calidad, con un dise\u00f1o \u00fanico y original de Monkey King.","og_url":"https:\/\/www.smokershop.es\/index.php\/producto\/monkey-grinder-metallic\/","og_site_name":"The Smoker&#039;s Shop","article_modified_time":"2026-02-28T15:59:26+00:00","og_image":[{"width":1350,"height":1350,"url":"https:\/\/www.smokershop.es\/wp-content\/uploads\/2024\/11\/metalic-grinder.jpg","type":"image\/jpeg"}],"twitter_card":"summary_large_image","twitter_misc":{"Tiempo de lectura":"1 minuto"},"schema":{"@context":"https:\/\/schema.org","@graph":[{"@type":"WebPage","@id":"https:\/\/www.smokershop.es\/index.php\/producto\/monkey-grinder-metallic\/","url":"https:\/\/www.smokershop.es\/index.php\/producto\/monkey-grinder-metallic\/","name":"MONKEY GRINDER METALLIC - The Smoker&#039;s Shop","isPartOf":{"@id":"https:\/\/www.smokershop.es\/#website"},"primaryImageOfPage":{"@id":"https:\/\/www.smokershop.es\/index.php\/producto\/monkey-grinder-metallic\/#primaryimage"},"image":{"@id":"https:\/\/www.smokershop.es\/index.php\/producto\/monkey-grinder-metallic\/#primaryimage"},"thumbnailUrl":"https:\/\/www.smokershop.es\/wp-content\/uploads\/2024\/11\/metalic-grinder.jpg","datePublished":"2024-11-15T15:23:09+00:00","dateModified":"2026-02-28T15:59:26+00:00","description":"MONKEY GRINDER METALLIC disfruta de tus hierbas con un grinder met\u00e1lico de calidad, con un dise\u00f1o \u00fanico y original de Monkey King.","breadcrumb":{"@id":"https:\/\/www.smokershop.es\/index.php\/producto\/monkey-grinder-metallic\/#breadcrumb"},"inLanguage":"es","potentialAction":[{"@type":"ReadAction","target":["https:\/\/www.smokershop.es\/index.php\/producto\/monkey-grinder-metallic\/"]}]},{"@type":"ImageObject","inLanguage":"es","@id":"https:\/\/www.smokershop.es\/index.php\/producto\/monkey-grinder-metallic\/#primaryimage","url":"https:\/\/www.smokershop.es\/wp-content\/uploads\/2024\/11\/metalic-grinder.jpg","contentUrl":"https:\/\/www.smokershop.es\/wp-content\/uploads\/2024\/11\/metalic-grinder.jpg","width":1350,"height":1350,"caption":"MONKEY GRINDER METALLIC"},{"@type":"BreadcrumbList","@id":"https:\/\/www.smokershop.es\/index.php\/producto\/monkey-grinder-metallic\/#breadcrumb","itemListElement":[{"@type":"ListItem","position":1,"name":"Portada","item":"https:\/\/www.smokershop.es\/"},{"@type":"ListItem","position":2,"name":"The Shop","item":"https:\/\/www.smokershop.es\/index.php\/shop\/"},{"@type":"ListItem","position":3,"name":"MONKEY GRINDER METALLIC"}]},{"@type":"WebSite","@id":"https:\/\/www.smokershop.es\/#website","url":"https:\/\/www.smokershop.es\/","name":"The Smoker&#039;s Shop","description":"Todo para los fumadores","publisher":{"@id":"https:\/\/www.smokershop.es\/#organization"},"potentialAction":[{"@type":"SearchAction","target":{"@type":"EntryPoint","urlTemplate":"https:\/\/www.smokershop.es\/?s={search_term_string}"},"query-input":{"@type":"PropertyValueSpecification","valueRequired":true,"valueName":"search_term_string"}}],"inLanguage":"es"},{"@type":"Organization","@id":"https:\/\/www.smokershop.es\/#organization","name":"The Smoker&#039;s Shop","url":"https:\/\/www.smokershop.es\/","logo":{"@type":"ImageObject","inLanguage":"es","@id":"https:\/\/www.smokershop.es\/#\/schema\/logo\/image\/","url":"https:\/\/www.smokershop.es\/wp-content\/uploads\/2023\/10\/smokershop-logo.png","contentUrl":"https:\/\/www.smokershop.es\/wp-content\/uploads\/2023\/10\/smokershop-logo.png","width":1711,"height":752,"caption":"The Smoker&#039;s Shop"},"image":{"@id":"https:\/\/www.smokershop.es\/#\/schema\/logo\/image\/"},"sameAs":["https:\/\/www.instagram.com\/thesmokersshopofficial"]}]}},"_links":{"self":[{"href":"https:\/\/www.smokershop.es\/index.php\/wp-json\/wp\/v2\/product\/2613","targetHints":{"allow":["GET"]}}],"collection":[{"href":"https:\/\/www.smokershop.es\/index.php\/wp-json\/wp\/v2\/product"}],"about":[{"href":"https:\/\/www.smokershop.es\/index.php\/wp-json\/wp\/v2\/types\/product"}],"wp:featuredmedia":[{"embeddable":true,"href":"https:\/\/www.smokershop.es\/index.php\/wp-json\/wp\/v2\/media\/3600"}],"wp:attachment":[{"href":"https:\/\/www.smokershop.es\/index.php\/wp-json\/wp\/v2\/media?parent=2613"}],"wp:term":[{"taxonomy":"product_brand","embeddable":true,"href":"https:\/\/www.smokershop.es\/index.php\/wp-json\/wp\/v2\/product_brand?post=2613"},{"taxonomy":"product_cat","embeddable":true,"href":"https:\/\/www.smokershop.es\/index.php\/wp-json\/wp\/v2\/product_cat?post=2613"},{"taxonomy":"product_tag","embeddable":true,"href":"https:\/\/www.smokershop.es\/index.php\/wp-json\/wp\/v2\/product_tag?post=2613"}],"curies":[{"name":"wp","href":"https:\/\/api.w.org\/{rel}","templated":true}]}}