{"id":2617,"date":"2024-11-13T19:16:28","date_gmt":"2024-11-13T18:16:28","guid":{"rendered":"https:\/\/www.smokershop.es\/?post_type=product&#038;p=2617"},"modified":"2026-04-23T19:34:27","modified_gmt":"2026-04-23T17:34:27","slug":"monkey-joint-tube","status":"publish","type":"product","link":"https:\/\/www.smokershop.es\/index.php\/producto\/monkey-joint-tube\/","title":{"rendered":"MONKEY JOINT TUBE"},"content":{"rendered":"<p>MONKEY JOINT TUBE<\/p>\n<div>Portaconos de pl\u00e1stico herm\u00e9tico para guardar y transportar cigarrillos. Resistente al agua y no deja escapar olores ni humo.\u00a0 Es un accesorio perfecto para esos cigarros que se encienden justo cuando llega el autob\u00fas, ahora los puedes guardar para cuando te bajes. Si metes un cigarro encendido y lo cierras se apagar\u00e1 de inmediato.<\/div>\n<div>El Monkey Joint Tube al ser estanco protege el interior de humedad, suciedad, polvo y golpes y evita adem\u00e1s que puedan salir olores de su interior.<\/div>\n","protected":false},"excerpt":{"rendered":"<p>Portaconos de pl\u00e1stico dise\u00f1o Monkey King.<\/p>\n<ul>\n<li style=\"list-style-type: none;\">\n<ul>\n<li><em>FORMATO PRO -&gt; DISPLAY 24x<\/em><\/li>\n<li><strong>\u2b07\ufe0f PRECIOS MAYORISTA PARA PROFESIONALES \u2b07\ufe0f<\/strong><\/li>\n<\/ul>\n<\/li>\n<\/ul>\n<p style=\"padding-left: 200px;\"><strong><a href=\"https:\/\/www.smokershop.es\/index.php\/register\/\" target=\"_blank\" rel=\"noopener\">\ud83d\udc49 REGISTRATE AQUI \ud83d\udc48<\/a><\/strong><\/p>\n","protected":false},"featured_media":3602,"template":"","meta":{"_joinchat":[]},"product_brand":[],"product_cat":[49,50],"product_tag":[],"class_list":{"0":"post-2617","1":"product","2":"type-product","3":"status-publish","4":"has-post-thumbnail","6":"product_cat-almacenamiento","7":"product_cat-envases","9":"first","10":"instock","11":"taxable","12":"shipping-taxable","13":"purchasable","14":"product-type-simple"},"yoast_head":"<!-- This site is optimized with the Yoast SEO plugin v27.4 - https:\/\/yoast.com\/product\/yoast-seo-wordpress\/ -->\n<title>MONKEY JOINT TUBE - The Smoker&#039;s Shop<\/title>\n<meta name=\"description\" content=\"MONKEY JOINT TUBE portaconos de pl\u00e1stico dise\u00f1o Monkey King, para que guardes y transportes tus cigarrillos de forma pr\u00e1ctica y c\u00f3moda.\" \/>\n<meta name=\"robots\" content=\"index, follow, max-snippet:-1, max-image-preview:large, max-video-preview:-1\" \/>\n<link rel=\"canonical\" href=\"https:\/\/www.smokershop.es\/index.php\/producto\/monkey-joint-tube\/\" \/>\n<meta property=\"og:locale\" content=\"es_ES\" \/>\n<meta property=\"og:type\" content=\"article\" \/>\n<meta property=\"og:title\" content=\"MONKEY JOINT TUBE - The Smoker&#039;s Shop\" \/>\n<meta property=\"og:description\" content=\"MONKEY JOINT TUBE portaconos de pl\u00e1stico dise\u00f1o Monkey King, para que guardes y transportes tus cigarrillos de forma pr\u00e1ctica y c\u00f3moda.\" \/>\n<meta property=\"og:url\" content=\"https:\/\/www.smokershop.es\/index.php\/producto\/monkey-joint-tube\/\" \/>\n<meta property=\"og:site_name\" content=\"The Smoker&#039;s Shop\" \/>\n<meta property=\"article:modified_time\" content=\"2026-04-23T17:34:27+00:00\" \/>\n<meta property=\"og:image\" content=\"https:\/\/www.smokershop.es\/wp-content\/uploads\/2024\/11\/monkey-porta-cono.jpg\" \/>\n\t<meta property=\"og:image:width\" content=\"1350\" \/>\n\t<meta property=\"og:image:height\" content=\"1350\" \/>\n\t<meta property=\"og:image:type\" content=\"image\/jpeg\" \/>\n<meta name=\"twitter:card\" content=\"summary_large_image\" \/>\n<meta name=\"twitter:label1\" content=\"Tiempo de lectura\" \/>\n\t<meta name=\"twitter:data1\" content=\"1 minuto\" \/>\n<script type=\"application\/ld+json\" class=\"yoast-schema-graph\">{\"@context\":\"https:\\\/\\\/schema.org\",\"@graph\":[{\"@type\":\"WebPage\",\"@id\":\"https:\\\/\\\/www.smokershop.es\\\/index.php\\\/producto\\\/monkey-joint-tube\\\/\",\"url\":\"https:\\\/\\\/www.smokershop.es\\\/index.php\\\/producto\\\/monkey-joint-tube\\\/\",\"name\":\"MONKEY JOINT TUBE - The Smoker&#039;s Shop\",\"isPartOf\":{\"@id\":\"https:\\\/\\\/www.smokershop.es\\\/#website\"},\"primaryImageOfPage\":{\"@id\":\"https:\\\/\\\/www.smokershop.es\\\/index.php\\\/producto\\\/monkey-joint-tube\\\/#primaryimage\"},\"image\":{\"@id\":\"https:\\\/\\\/www.smokershop.es\\\/index.php\\\/producto\\\/monkey-joint-tube\\\/#primaryimage\"},\"thumbnailUrl\":\"https:\\\/\\\/www.smokershop.es\\\/wp-content\\\/uploads\\\/2024\\\/11\\\/monkey-porta-cono.jpg\",\"datePublished\":\"2024-11-13T18:16:28+00:00\",\"dateModified\":\"2026-04-23T17:34:27+00:00\",\"description\":\"MONKEY JOINT TUBE portaconos de pl\u00e1stico dise\u00f1o Monkey King, para que guardes y transportes tus cigarrillos de forma pr\u00e1ctica y c\u00f3moda.\",\"breadcrumb\":{\"@id\":\"https:\\\/\\\/www.smokershop.es\\\/index.php\\\/producto\\\/monkey-joint-tube\\\/#breadcrumb\"},\"inLanguage\":\"es\",\"potentialAction\":[{\"@type\":\"ReadAction\",\"target\":[\"https:\\\/\\\/www.smokershop.es\\\/index.php\\\/producto\\\/monkey-joint-tube\\\/\"]}]},{\"@type\":\"ImageObject\",\"inLanguage\":\"es\",\"@id\":\"https:\\\/\\\/www.smokershop.es\\\/index.php\\\/producto\\\/monkey-joint-tube\\\/#primaryimage\",\"url\":\"https:\\\/\\\/www.smokershop.es\\\/wp-content\\\/uploads\\\/2024\\\/11\\\/monkey-porta-cono.jpg\",\"contentUrl\":\"https:\\\/\\\/www.smokershop.es\\\/wp-content\\\/uploads\\\/2024\\\/11\\\/monkey-porta-cono.jpg\",\"width\":1350,\"height\":1350,\"caption\":\"MONKEY JOINT TUBE\"},{\"@type\":\"BreadcrumbList\",\"@id\":\"https:\\\/\\\/www.smokershop.es\\\/index.php\\\/producto\\\/monkey-joint-tube\\\/#breadcrumb\",\"itemListElement\":[{\"@type\":\"ListItem\",\"position\":1,\"name\":\"Portada\",\"item\":\"https:\\\/\\\/www.smokershop.es\\\/\"},{\"@type\":\"ListItem\",\"position\":2,\"name\":\"The Shop\",\"item\":\"https:\\\/\\\/www.smokershop.es\\\/index.php\\\/shop\\\/\"},{\"@type\":\"ListItem\",\"position\":3,\"name\":\"MONKEY JOINT TUBE\"}]},{\"@type\":\"WebSite\",\"@id\":\"https:\\\/\\\/www.smokershop.es\\\/#website\",\"url\":\"https:\\\/\\\/www.smokershop.es\\\/\",\"name\":\"The Smoker&#039;s Shop\",\"description\":\"Todo para los fumadores\",\"publisher\":{\"@id\":\"https:\\\/\\\/www.smokershop.es\\\/#organization\"},\"potentialAction\":[{\"@type\":\"SearchAction\",\"target\":{\"@type\":\"EntryPoint\",\"urlTemplate\":\"https:\\\/\\\/www.smokershop.es\\\/?s={search_term_string}\"},\"query-input\":{\"@type\":\"PropertyValueSpecification\",\"valueRequired\":true,\"valueName\":\"search_term_string\"}}],\"inLanguage\":\"es\"},{\"@type\":\"Organization\",\"@id\":\"https:\\\/\\\/www.smokershop.es\\\/#organization\",\"name\":\"The Smoker&#039;s Shop\",\"url\":\"https:\\\/\\\/www.smokershop.es\\\/\",\"logo\":{\"@type\":\"ImageObject\",\"inLanguage\":\"es\",\"@id\":\"https:\\\/\\\/www.smokershop.es\\\/#\\\/schema\\\/logo\\\/image\\\/\",\"url\":\"https:\\\/\\\/www.smokershop.es\\\/wp-content\\\/uploads\\\/2023\\\/10\\\/smokershop-logo.png\",\"contentUrl\":\"https:\\\/\\\/www.smokershop.es\\\/wp-content\\\/uploads\\\/2023\\\/10\\\/smokershop-logo.png\",\"width\":1711,\"height\":752,\"caption\":\"The Smoker&#039;s Shop\"},\"image\":{\"@id\":\"https:\\\/\\\/www.smokershop.es\\\/#\\\/schema\\\/logo\\\/image\\\/\"},\"sameAs\":[\"https:\\\/\\\/www.instagram.com\\\/thesmokersshopofficial\"]}]}<\/script>\n<!-- \/ Yoast SEO plugin. -->","yoast_head_json":{"title":"MONKEY JOINT TUBE - The Smoker&#039;s Shop","description":"MONKEY JOINT TUBE portaconos de pl\u00e1stico dise\u00f1o Monkey King, para que guardes y transportes tus cigarrillos de forma pr\u00e1ctica y c\u00f3moda.","robots":{"index":"index","follow":"follow","max-snippet":"max-snippet:-1","max-image-preview":"max-image-preview:large","max-video-preview":"max-video-preview:-1"},"canonical":"https:\/\/www.smokershop.es\/index.php\/producto\/monkey-joint-tube\/","og_locale":"es_ES","og_type":"article","og_title":"MONKEY JOINT TUBE - The Smoker&#039;s Shop","og_description":"MONKEY JOINT TUBE portaconos de pl\u00e1stico dise\u00f1o Monkey King, para que guardes y transportes tus cigarrillos de forma pr\u00e1ctica y c\u00f3moda.","og_url":"https:\/\/www.smokershop.es\/index.php\/producto\/monkey-joint-tube\/","og_site_name":"The Smoker&#039;s Shop","article_modified_time":"2026-04-23T17:34:27+00:00","og_image":[{"width":1350,"height":1350,"url":"https:\/\/www.smokershop.es\/wp-content\/uploads\/2024\/11\/monkey-porta-cono.jpg","type":"image\/jpeg"}],"twitter_card":"summary_large_image","twitter_misc":{"Tiempo de lectura":"1 minuto"},"schema":{"@context":"https:\/\/schema.org","@graph":[{"@type":"WebPage","@id":"https:\/\/www.smokershop.es\/index.php\/producto\/monkey-joint-tube\/","url":"https:\/\/www.smokershop.es\/index.php\/producto\/monkey-joint-tube\/","name":"MONKEY JOINT TUBE - The Smoker&#039;s Shop","isPartOf":{"@id":"https:\/\/www.smokershop.es\/#website"},"primaryImageOfPage":{"@id":"https:\/\/www.smokershop.es\/index.php\/producto\/monkey-joint-tube\/#primaryimage"},"image":{"@id":"https:\/\/www.smokershop.es\/index.php\/producto\/monkey-joint-tube\/#primaryimage"},"thumbnailUrl":"https:\/\/www.smokershop.es\/wp-content\/uploads\/2024\/11\/monkey-porta-cono.jpg","datePublished":"2024-11-13T18:16:28+00:00","dateModified":"2026-04-23T17:34:27+00:00","description":"MONKEY JOINT TUBE portaconos de pl\u00e1stico dise\u00f1o Monkey King, para que guardes y transportes tus cigarrillos de forma pr\u00e1ctica y c\u00f3moda.","breadcrumb":{"@id":"https:\/\/www.smokershop.es\/index.php\/producto\/monkey-joint-tube\/#breadcrumb"},"inLanguage":"es","potentialAction":[{"@type":"ReadAction","target":["https:\/\/www.smokershop.es\/index.php\/producto\/monkey-joint-tube\/"]}]},{"@type":"ImageObject","inLanguage":"es","@id":"https:\/\/www.smokershop.es\/index.php\/producto\/monkey-joint-tube\/#primaryimage","url":"https:\/\/www.smokershop.es\/wp-content\/uploads\/2024\/11\/monkey-porta-cono.jpg","contentUrl":"https:\/\/www.smokershop.es\/wp-content\/uploads\/2024\/11\/monkey-porta-cono.jpg","width":1350,"height":1350,"caption":"MONKEY JOINT TUBE"},{"@type":"BreadcrumbList","@id":"https:\/\/www.smokershop.es\/index.php\/producto\/monkey-joint-tube\/#breadcrumb","itemListElement":[{"@type":"ListItem","position":1,"name":"Portada","item":"https:\/\/www.smokershop.es\/"},{"@type":"ListItem","position":2,"name":"The Shop","item":"https:\/\/www.smokershop.es\/index.php\/shop\/"},{"@type":"ListItem","position":3,"name":"MONKEY JOINT TUBE"}]},{"@type":"WebSite","@id":"https:\/\/www.smokershop.es\/#website","url":"https:\/\/www.smokershop.es\/","name":"The Smoker&#039;s Shop","description":"Todo para los fumadores","publisher":{"@id":"https:\/\/www.smokershop.es\/#organization"},"potentialAction":[{"@type":"SearchAction","target":{"@type":"EntryPoint","urlTemplate":"https:\/\/www.smokershop.es\/?s={search_term_string}"},"query-input":{"@type":"PropertyValueSpecification","valueRequired":true,"valueName":"search_term_string"}}],"inLanguage":"es"},{"@type":"Organization","@id":"https:\/\/www.smokershop.es\/#organization","name":"The Smoker&#039;s Shop","url":"https:\/\/www.smokershop.es\/","logo":{"@type":"ImageObject","inLanguage":"es","@id":"https:\/\/www.smokershop.es\/#\/schema\/logo\/image\/","url":"https:\/\/www.smokershop.es\/wp-content\/uploads\/2023\/10\/smokershop-logo.png","contentUrl":"https:\/\/www.smokershop.es\/wp-content\/uploads\/2023\/10\/smokershop-logo.png","width":1711,"height":752,"caption":"The Smoker&#039;s Shop"},"image":{"@id":"https:\/\/www.smokershop.es\/#\/schema\/logo\/image\/"},"sameAs":["https:\/\/www.instagram.com\/thesmokersshopofficial"]}]}},"_links":{"self":[{"href":"https:\/\/www.smokershop.es\/index.php\/wp-json\/wp\/v2\/product\/2617","targetHints":{"allow":["GET"]}}],"collection":[{"href":"https:\/\/www.smokershop.es\/index.php\/wp-json\/wp\/v2\/product"}],"about":[{"href":"https:\/\/www.smokershop.es\/index.php\/wp-json\/wp\/v2\/types\/product"}],"wp:featuredmedia":[{"embeddable":true,"href":"https:\/\/www.smokershop.es\/index.php\/wp-json\/wp\/v2\/media\/3602"}],"wp:attachment":[{"href":"https:\/\/www.smokershop.es\/index.php\/wp-json\/wp\/v2\/media?parent=2617"}],"wp:term":[{"taxonomy":"product_brand","embeddable":true,"href":"https:\/\/www.smokershop.es\/index.php\/wp-json\/wp\/v2\/product_brand?post=2617"},{"taxonomy":"product_cat","embeddable":true,"href":"https:\/\/www.smokershop.es\/index.php\/wp-json\/wp\/v2\/product_cat?post=2617"},{"taxonomy":"product_tag","embeddable":true,"href":"https:\/\/www.smokershop.es\/index.php\/wp-json\/wp\/v2\/product_tag?post=2617"}],"curies":[{"name":"wp","href":"https:\/\/api.w.org\/{rel}","templated":true}]}}