{"id":268,"date":"2023-03-09T08:53:28","date_gmt":"2023-03-09T07:53:28","guid":{"rendered":"https:\/\/www.smokershop.es\/?post_type=product&#038;p=268"},"modified":"2025-11-04T13:20:25","modified_gmt":"2025-11-04T12:20:25","slug":"papel-unbleached-edition-lgtbiq","status":"publish","type":"product","link":"https:\/\/www.smokershop.es\/index.php\/producto\/papel-unbleached-edition-lgtbiq\/","title":{"rendered":"PAPEL UNBLEACHED EDITION LGTBIQ+"},"content":{"rendered":"<p>PAPEL UNBLEACHED EDITION LGTBIQ+<\/p>\n<p>Papel King Size Slim Unblached, papel sin blanquar de fibras naturales sin ningu\u0301n tipo de colorante ni aditivo. De combustio\u0301n lenta y con goma ara\u0301biga 100% natural<\/p>\n<p>Esta edici\u00f3n especial de Monkey King tiene un dise\u00f1o \u00fanico, Proud of you, no te quedes sin el tuyo.<\/p>\n","protected":false},"excerpt":{"rendered":"<div class=\"page\" title=\"Page 7\">\n<div class=\"section\">\n<div class=\"layoutArea\">\n<div class=\"column\">\n<ul>\n<li>Medidas 108 mm X 44 mm<\/li>\n<li>32 hojas por librillo<\/li>\n<li>50 unidades por caja<\/li>\n<\/ul>\n<ul>\n<li style=\"list-style-type: none;\"><\/li>\n<\/ul>\n<\/div>\n<\/div>\n<\/div>\n<\/div>\n","protected":false},"featured_media":1370,"template":"","meta":{"_joinchat":[]},"product_brand":[],"product_cat":[74,40,42],"product_tag":[],"class_list":{"0":"post-268","1":"product","2":"type-product","3":"status-publish","4":"has-post-thumbnail","6":"product_cat-king-size","7":"product_cat-papel-de-fumar","8":"product_cat-papel-king-size","10":"first","11":"instock","12":"taxable","13":"shipping-taxable","14":"purchasable","15":"product-type-simple"},"yoast_head":"<!-- This site is optimized with the Yoast SEO plugin v27.4 - https:\/\/yoast.com\/product\/yoast-seo-wordpress\/ -->\n<title>PAPEL UNBLEACHED EDITION LGTBIQ+ - The Smoker&#039;s Shop<\/title>\n<meta name=\"description\" content=\"PAPEL UNBLEACHED EDITION LGTBIQ+. Papel 100% natural sin blanquear de fibras naturales con dise\u00f1o de apoyo al colectivo LGTBIQ+\" \/>\n<meta name=\"robots\" content=\"index, follow, max-snippet:-1, max-image-preview:large, max-video-preview:-1\" \/>\n<link rel=\"canonical\" href=\"https:\/\/www.smokershop.es\/index.php\/producto\/papel-unbleached-edition-lgtbiq\/\" \/>\n<meta property=\"og:locale\" content=\"es_ES\" \/>\n<meta property=\"og:type\" content=\"article\" \/>\n<meta property=\"og:title\" content=\"PAPEL UNBLEACHED EDITION LGTBIQ+ - The Smoker&#039;s Shop\" \/>\n<meta property=\"og:description\" content=\"PAPEL UNBLEACHED EDITION LGTBIQ+. Papel 100% natural sin blanquear de fibras naturales con dise\u00f1o de apoyo al colectivo LGTBIQ+\" \/>\n<meta property=\"og:url\" content=\"https:\/\/www.smokershop.es\/index.php\/producto\/papel-unbleached-edition-lgtbiq\/\" \/>\n<meta property=\"og:site_name\" content=\"The Smoker&#039;s Shop\" \/>\n<meta property=\"article:modified_time\" content=\"2025-11-04T12:20:25+00:00\" \/>\n<meta property=\"og:image\" content=\"https:\/\/www.smokershop.es\/wp-content\/uploads\/2023\/03\/papel-unbleached-edition-lgtbiq.jpg\" \/>\n\t<meta property=\"og:image:width\" content=\"600\" \/>\n\t<meta property=\"og:image:height\" content=\"600\" \/>\n\t<meta property=\"og:image:type\" content=\"image\/jpeg\" \/>\n<meta name=\"twitter:card\" content=\"summary_large_image\" \/>\n<meta name=\"twitter:label1\" content=\"Tiempo de lectura\" \/>\n\t<meta name=\"twitter:data1\" content=\"1 minuto\" \/>\n<script type=\"application\/ld+json\" class=\"yoast-schema-graph\">{\"@context\":\"https:\\\/\\\/schema.org\",\"@graph\":[{\"@type\":\"WebPage\",\"@id\":\"https:\\\/\\\/www.smokershop.es\\\/index.php\\\/producto\\\/papel-unbleached-edition-lgtbiq\\\/\",\"url\":\"https:\\\/\\\/www.smokershop.es\\\/index.php\\\/producto\\\/papel-unbleached-edition-lgtbiq\\\/\",\"name\":\"PAPEL UNBLEACHED EDITION LGTBIQ+ - The Smoker&#039;s Shop\",\"isPartOf\":{\"@id\":\"https:\\\/\\\/www.smokershop.es\\\/#website\"},\"primaryImageOfPage\":{\"@id\":\"https:\\\/\\\/www.smokershop.es\\\/index.php\\\/producto\\\/papel-unbleached-edition-lgtbiq\\\/#primaryimage\"},\"image\":{\"@id\":\"https:\\\/\\\/www.smokershop.es\\\/index.php\\\/producto\\\/papel-unbleached-edition-lgtbiq\\\/#primaryimage\"},\"thumbnailUrl\":\"https:\\\/\\\/www.smokershop.es\\\/wp-content\\\/uploads\\\/2023\\\/03\\\/papel-unbleached-edition-lgtbiq.jpg\",\"datePublished\":\"2023-03-09T07:53:28+00:00\",\"dateModified\":\"2025-11-04T12:20:25+00:00\",\"description\":\"PAPEL UNBLEACHED EDITION LGTBIQ+. Papel 100% natural sin blanquear de fibras naturales con dise\u00f1o de apoyo al colectivo LGTBIQ+\",\"breadcrumb\":{\"@id\":\"https:\\\/\\\/www.smokershop.es\\\/index.php\\\/producto\\\/papel-unbleached-edition-lgtbiq\\\/#breadcrumb\"},\"inLanguage\":\"es\",\"potentialAction\":[{\"@type\":\"ReadAction\",\"target\":[\"https:\\\/\\\/www.smokershop.es\\\/index.php\\\/producto\\\/papel-unbleached-edition-lgtbiq\\\/\"]}]},{\"@type\":\"ImageObject\",\"inLanguage\":\"es\",\"@id\":\"https:\\\/\\\/www.smokershop.es\\\/index.php\\\/producto\\\/papel-unbleached-edition-lgtbiq\\\/#primaryimage\",\"url\":\"https:\\\/\\\/www.smokershop.es\\\/wp-content\\\/uploads\\\/2023\\\/03\\\/papel-unbleached-edition-lgtbiq.jpg\",\"contentUrl\":\"https:\\\/\\\/www.smokershop.es\\\/wp-content\\\/uploads\\\/2023\\\/03\\\/papel-unbleached-edition-lgtbiq.jpg\",\"width\":600,\"height\":600},{\"@type\":\"BreadcrumbList\",\"@id\":\"https:\\\/\\\/www.smokershop.es\\\/index.php\\\/producto\\\/papel-unbleached-edition-lgtbiq\\\/#breadcrumb\",\"itemListElement\":[{\"@type\":\"ListItem\",\"position\":1,\"name\":\"Portada\",\"item\":\"https:\\\/\\\/www.smokershop.es\\\/\"},{\"@type\":\"ListItem\",\"position\":2,\"name\":\"The Shop\",\"item\":\"https:\\\/\\\/www.smokershop.es\\\/index.php\\\/shop\\\/\"},{\"@type\":\"ListItem\",\"position\":3,\"name\":\"PAPEL UNBLEACHED EDITION LGTBIQ+\"}]},{\"@type\":\"WebSite\",\"@id\":\"https:\\\/\\\/www.smokershop.es\\\/#website\",\"url\":\"https:\\\/\\\/www.smokershop.es\\\/\",\"name\":\"The Smoker&#039;s Shop\",\"description\":\"Todo para los fumadores\",\"publisher\":{\"@id\":\"https:\\\/\\\/www.smokershop.es\\\/#organization\"},\"potentialAction\":[{\"@type\":\"SearchAction\",\"target\":{\"@type\":\"EntryPoint\",\"urlTemplate\":\"https:\\\/\\\/www.smokershop.es\\\/?s={search_term_string}\"},\"query-input\":{\"@type\":\"PropertyValueSpecification\",\"valueRequired\":true,\"valueName\":\"search_term_string\"}}],\"inLanguage\":\"es\"},{\"@type\":\"Organization\",\"@id\":\"https:\\\/\\\/www.smokershop.es\\\/#organization\",\"name\":\"The Smoker&#039;s Shop\",\"url\":\"https:\\\/\\\/www.smokershop.es\\\/\",\"logo\":{\"@type\":\"ImageObject\",\"inLanguage\":\"es\",\"@id\":\"https:\\\/\\\/www.smokershop.es\\\/#\\\/schema\\\/logo\\\/image\\\/\",\"url\":\"https:\\\/\\\/www.smokershop.es\\\/wp-content\\\/uploads\\\/2023\\\/10\\\/smokershop-logo.png\",\"contentUrl\":\"https:\\\/\\\/www.smokershop.es\\\/wp-content\\\/uploads\\\/2023\\\/10\\\/smokershop-logo.png\",\"width\":1711,\"height\":752,\"caption\":\"The Smoker&#039;s Shop\"},\"image\":{\"@id\":\"https:\\\/\\\/www.smokershop.es\\\/#\\\/schema\\\/logo\\\/image\\\/\"},\"sameAs\":[\"https:\\\/\\\/www.instagram.com\\\/thesmokersshopofficial\"]}]}<\/script>\n<!-- \/ Yoast SEO plugin. -->","yoast_head_json":{"title":"PAPEL UNBLEACHED EDITION LGTBIQ+ - The Smoker&#039;s Shop","description":"PAPEL UNBLEACHED EDITION LGTBIQ+. Papel 100% natural sin blanquear de fibras naturales con dise\u00f1o de apoyo al colectivo LGTBIQ+","robots":{"index":"index","follow":"follow","max-snippet":"max-snippet:-1","max-image-preview":"max-image-preview:large","max-video-preview":"max-video-preview:-1"},"canonical":"https:\/\/www.smokershop.es\/index.php\/producto\/papel-unbleached-edition-lgtbiq\/","og_locale":"es_ES","og_type":"article","og_title":"PAPEL UNBLEACHED EDITION LGTBIQ+ - The Smoker&#039;s Shop","og_description":"PAPEL UNBLEACHED EDITION LGTBIQ+. Papel 100% natural sin blanquear de fibras naturales con dise\u00f1o de apoyo al colectivo LGTBIQ+","og_url":"https:\/\/www.smokershop.es\/index.php\/producto\/papel-unbleached-edition-lgtbiq\/","og_site_name":"The Smoker&#039;s Shop","article_modified_time":"2025-11-04T12:20:25+00:00","og_image":[{"width":600,"height":600,"url":"https:\/\/www.smokershop.es\/wp-content\/uploads\/2023\/03\/papel-unbleached-edition-lgtbiq.jpg","type":"image\/jpeg"}],"twitter_card":"summary_large_image","twitter_misc":{"Tiempo de lectura":"1 minuto"},"schema":{"@context":"https:\/\/schema.org","@graph":[{"@type":"WebPage","@id":"https:\/\/www.smokershop.es\/index.php\/producto\/papel-unbleached-edition-lgtbiq\/","url":"https:\/\/www.smokershop.es\/index.php\/producto\/papel-unbleached-edition-lgtbiq\/","name":"PAPEL UNBLEACHED EDITION LGTBIQ+ - The Smoker&#039;s Shop","isPartOf":{"@id":"https:\/\/www.smokershop.es\/#website"},"primaryImageOfPage":{"@id":"https:\/\/www.smokershop.es\/index.php\/producto\/papel-unbleached-edition-lgtbiq\/#primaryimage"},"image":{"@id":"https:\/\/www.smokershop.es\/index.php\/producto\/papel-unbleached-edition-lgtbiq\/#primaryimage"},"thumbnailUrl":"https:\/\/www.smokershop.es\/wp-content\/uploads\/2023\/03\/papel-unbleached-edition-lgtbiq.jpg","datePublished":"2023-03-09T07:53:28+00:00","dateModified":"2025-11-04T12:20:25+00:00","description":"PAPEL UNBLEACHED EDITION LGTBIQ+. Papel 100% natural sin blanquear de fibras naturales con dise\u00f1o de apoyo al colectivo LGTBIQ+","breadcrumb":{"@id":"https:\/\/www.smokershop.es\/index.php\/producto\/papel-unbleached-edition-lgtbiq\/#breadcrumb"},"inLanguage":"es","potentialAction":[{"@type":"ReadAction","target":["https:\/\/www.smokershop.es\/index.php\/producto\/papel-unbleached-edition-lgtbiq\/"]}]},{"@type":"ImageObject","inLanguage":"es","@id":"https:\/\/www.smokershop.es\/index.php\/producto\/papel-unbleached-edition-lgtbiq\/#primaryimage","url":"https:\/\/www.smokershop.es\/wp-content\/uploads\/2023\/03\/papel-unbleached-edition-lgtbiq.jpg","contentUrl":"https:\/\/www.smokershop.es\/wp-content\/uploads\/2023\/03\/papel-unbleached-edition-lgtbiq.jpg","width":600,"height":600},{"@type":"BreadcrumbList","@id":"https:\/\/www.smokershop.es\/index.php\/producto\/papel-unbleached-edition-lgtbiq\/#breadcrumb","itemListElement":[{"@type":"ListItem","position":1,"name":"Portada","item":"https:\/\/www.smokershop.es\/"},{"@type":"ListItem","position":2,"name":"The Shop","item":"https:\/\/www.smokershop.es\/index.php\/shop\/"},{"@type":"ListItem","position":3,"name":"PAPEL UNBLEACHED EDITION LGTBIQ+"}]},{"@type":"WebSite","@id":"https:\/\/www.smokershop.es\/#website","url":"https:\/\/www.smokershop.es\/","name":"The Smoker&#039;s Shop","description":"Todo para los fumadores","publisher":{"@id":"https:\/\/www.smokershop.es\/#organization"},"potentialAction":[{"@type":"SearchAction","target":{"@type":"EntryPoint","urlTemplate":"https:\/\/www.smokershop.es\/?s={search_term_string}"},"query-input":{"@type":"PropertyValueSpecification","valueRequired":true,"valueName":"search_term_string"}}],"inLanguage":"es"},{"@type":"Organization","@id":"https:\/\/www.smokershop.es\/#organization","name":"The Smoker&#039;s Shop","url":"https:\/\/www.smokershop.es\/","logo":{"@type":"ImageObject","inLanguage":"es","@id":"https:\/\/www.smokershop.es\/#\/schema\/logo\/image\/","url":"https:\/\/www.smokershop.es\/wp-content\/uploads\/2023\/10\/smokershop-logo.png","contentUrl":"https:\/\/www.smokershop.es\/wp-content\/uploads\/2023\/10\/smokershop-logo.png","width":1711,"height":752,"caption":"The Smoker&#039;s Shop"},"image":{"@id":"https:\/\/www.smokershop.es\/#\/schema\/logo\/image\/"},"sameAs":["https:\/\/www.instagram.com\/thesmokersshopofficial"]}]}},"_links":{"self":[{"href":"https:\/\/www.smokershop.es\/index.php\/wp-json\/wp\/v2\/product\/268","targetHints":{"allow":["GET"]}}],"collection":[{"href":"https:\/\/www.smokershop.es\/index.php\/wp-json\/wp\/v2\/product"}],"about":[{"href":"https:\/\/www.smokershop.es\/index.php\/wp-json\/wp\/v2\/types\/product"}],"wp:featuredmedia":[{"embeddable":true,"href":"https:\/\/www.smokershop.es\/index.php\/wp-json\/wp\/v2\/media\/1370"}],"wp:attachment":[{"href":"https:\/\/www.smokershop.es\/index.php\/wp-json\/wp\/v2\/media?parent=268"}],"wp:term":[{"taxonomy":"product_brand","embeddable":true,"href":"https:\/\/www.smokershop.es\/index.php\/wp-json\/wp\/v2\/product_brand?post=268"},{"taxonomy":"product_cat","embeddable":true,"href":"https:\/\/www.smokershop.es\/index.php\/wp-json\/wp\/v2\/product_cat?post=268"},{"taxonomy":"product_tag","embeddable":true,"href":"https:\/\/www.smokershop.es\/index.php\/wp-json\/wp\/v2\/product_tag?post=268"}],"curies":[{"name":"wp","href":"https:\/\/api.w.org\/{rel}","templated":true}]}}