{"id":2701,"date":"2025-02-11T19:39:28","date_gmt":"2025-02-11T18:39:28","guid":{"rendered":"https:\/\/www.smokershop.es\/?post_type=product&#038;p=2701"},"modified":"2026-04-23T19:27:14","modified_gmt":"2026-04-23T17:27:14","slug":"raw-parchment-300mmx10mm","status":"publish","type":"product","link":"https:\/\/www.smokershop.es\/index.php\/producto\/raw-parchment-300mmx10mm\/","title":{"rendered":"RAW PARCHMENT 300mmX10mm"},"content":{"rendered":"<p data-start=\"63\" data-end=\"338\">Descubre la versatilidad del RAW Parchment 300mm x 10m, un papel de alta calidad, anti-adherente, dise\u00f1ado para resinas y extracciones, resistente y ecol\u00f3gico. Y con un tama\u00f1o generoso de 300 mm de ancho y 10 metros de largo.<\/p>\n<p>Este papel 100% ecol\u00f3gico, \u00a0sin blanquear, ni productos qu\u00edmicos garantiza que tus extracciones no se vean afectados por agentes indeseados. Tienen adem\u00e1s una capa de silicona natural, es resistente al calor y muy f\u00e1cil de usar, ya que puedes cortarlo a la medida que necesites.\u00a0 \u00a0es una opci\u00f3n m\u00e1s amigable con el medio ambiente.<\/p>\n<p>&nbsp;<\/p>\n<p data-start=\"1378\" data-end=\"1614\">\n","protected":false},"excerpt":{"rendered":"<ul>\n<li>Papel anti-adherente para resinas y extracciones, de alta calidad, con silicona natural, resistente al calor.<\/li>\n<\/ul>\n<p>&nbsp;<\/p>\n<ul>\n<li style=\"list-style-type: none;\">\n<ul>\n<li><em>FORMATO PRO -&gt; DISPLAY 6x<\/em><\/li>\n<li><strong>\u2b07\ufe0f PRECIOS MAYORISTA PARA PROFESIONALES \u2b07\ufe0f<\/strong><\/li>\n<\/ul>\n<\/li>\n<\/ul>\n<p style=\"padding-left: 200px;\"><strong><a href=\"https:\/\/www.smokershop.es\/index.php\/register\/\" target=\"_blank\" rel=\"noopener\">\ud83d\udc49 REGISTRATE AQUI \ud83d\udc48<\/a><\/strong><\/p>\n<p>&nbsp;<\/p>\n<p>&nbsp;<\/p>\n","protected":false},"featured_media":2702,"template":"","meta":{"_joinchat":[]},"product_brand":[],"product_cat":[54],"product_tag":[],"class_list":{"0":"post-2701","1":"product","2":"type-product","3":"status-publish","4":"has-post-thumbnail","6":"product_cat-pipas-bangers-herramientas","8":"first","9":"outofstock","10":"taxable","11":"shipping-taxable","12":"purchasable","13":"product-type-simple"},"yoast_head":"<!-- This site is optimized with the Yoast SEO plugin v27.4 - https:\/\/yoast.com\/product\/yoast-seo-wordpress\/ -->\n<title>RAW PARCHMENT 300mmX10mm - The Smoker&#039;s Shop<\/title>\n<meta name=\"description\" content=\"RAW PARCHMENT 300mmX10mm papel anti-adherente para resinas y extracciones, de alta calidad, con silicona natural, resistente al calor.\" \/>\n<meta name=\"robots\" content=\"index, follow, max-snippet:-1, max-image-preview:large, max-video-preview:-1\" \/>\n<link rel=\"canonical\" href=\"https:\/\/www.smokershop.es\/index.php\/producto\/raw-parchment-300mmx10mm\/\" \/>\n<meta property=\"og:locale\" content=\"es_ES\" \/>\n<meta property=\"og:type\" content=\"article\" \/>\n<meta property=\"og:title\" content=\"RAW PARCHMENT 300mmX10mm - The Smoker&#039;s Shop\" \/>\n<meta property=\"og:description\" content=\"RAW PARCHMENT 300mmX10mm papel anti-adherente para resinas y extracciones, de alta calidad, con silicona natural, resistente al calor.\" \/>\n<meta property=\"og:url\" content=\"https:\/\/www.smokershop.es\/index.php\/producto\/raw-parchment-300mmx10mm\/\" \/>\n<meta property=\"og:site_name\" content=\"The Smoker&#039;s Shop\" \/>\n<meta property=\"article:modified_time\" content=\"2026-04-23T17:27:14+00:00\" \/>\n<meta property=\"og:image\" content=\"https:\/\/www.smokershop.es\/wp-content\/uploads\/2025\/02\/RAW12886D-RAW-Parchment-300mmx10m6-Unid.jpg\" \/>\n\t<meta property=\"og:image:width\" content=\"548\" \/>\n\t<meta property=\"og:image:height\" content=\"482\" \/>\n\t<meta property=\"og:image:type\" content=\"image\/jpeg\" \/>\n<meta name=\"twitter:card\" content=\"summary_large_image\" \/>\n<meta name=\"twitter:label1\" content=\"Tiempo de lectura\" \/>\n\t<meta name=\"twitter:data1\" content=\"1 minuto\" \/>\n<script type=\"application\/ld+json\" class=\"yoast-schema-graph\">{\"@context\":\"https:\\\/\\\/schema.org\",\"@graph\":[{\"@type\":\"WebPage\",\"@id\":\"https:\\\/\\\/www.smokershop.es\\\/index.php\\\/producto\\\/raw-parchment-300mmx10mm\\\/\",\"url\":\"https:\\\/\\\/www.smokershop.es\\\/index.php\\\/producto\\\/raw-parchment-300mmx10mm\\\/\",\"name\":\"RAW PARCHMENT 300mmX10mm - The Smoker&#039;s Shop\",\"isPartOf\":{\"@id\":\"https:\\\/\\\/www.smokershop.es\\\/#website\"},\"primaryImageOfPage\":{\"@id\":\"https:\\\/\\\/www.smokershop.es\\\/index.php\\\/producto\\\/raw-parchment-300mmx10mm\\\/#primaryimage\"},\"image\":{\"@id\":\"https:\\\/\\\/www.smokershop.es\\\/index.php\\\/producto\\\/raw-parchment-300mmx10mm\\\/#primaryimage\"},\"thumbnailUrl\":\"https:\\\/\\\/www.smokershop.es\\\/wp-content\\\/uploads\\\/2025\\\/02\\\/RAW12886D-RAW-Parchment-300mmx10m6-Unid.jpg\",\"datePublished\":\"2025-02-11T18:39:28+00:00\",\"dateModified\":\"2026-04-23T17:27:14+00:00\",\"description\":\"RAW PARCHMENT 300mmX10mm papel anti-adherente para resinas y extracciones, de alta calidad, con silicona natural, resistente al calor.\",\"breadcrumb\":{\"@id\":\"https:\\\/\\\/www.smokershop.es\\\/index.php\\\/producto\\\/raw-parchment-300mmx10mm\\\/#breadcrumb\"},\"inLanguage\":\"es\",\"potentialAction\":[{\"@type\":\"ReadAction\",\"target\":[\"https:\\\/\\\/www.smokershop.es\\\/index.php\\\/producto\\\/raw-parchment-300mmx10mm\\\/\"]}]},{\"@type\":\"ImageObject\",\"inLanguage\":\"es\",\"@id\":\"https:\\\/\\\/www.smokershop.es\\\/index.php\\\/producto\\\/raw-parchment-300mmx10mm\\\/#primaryimage\",\"url\":\"https:\\\/\\\/www.smokershop.es\\\/wp-content\\\/uploads\\\/2025\\\/02\\\/RAW12886D-RAW-Parchment-300mmx10m6-Unid.jpg\",\"contentUrl\":\"https:\\\/\\\/www.smokershop.es\\\/wp-content\\\/uploads\\\/2025\\\/02\\\/RAW12886D-RAW-Parchment-300mmx10m6-Unid.jpg\",\"width\":548,\"height\":482,\"caption\":\"RAW Parchment 300mmx10mm\"},{\"@type\":\"BreadcrumbList\",\"@id\":\"https:\\\/\\\/www.smokershop.es\\\/index.php\\\/producto\\\/raw-parchment-300mmx10mm\\\/#breadcrumb\",\"itemListElement\":[{\"@type\":\"ListItem\",\"position\":1,\"name\":\"Portada\",\"item\":\"https:\\\/\\\/www.smokershop.es\\\/\"},{\"@type\":\"ListItem\",\"position\":2,\"name\":\"The Shop\",\"item\":\"https:\\\/\\\/www.smokershop.es\\\/index.php\\\/shop\\\/\"},{\"@type\":\"ListItem\",\"position\":3,\"name\":\"RAW PARCHMENT 300mmX10mm\"}]},{\"@type\":\"WebSite\",\"@id\":\"https:\\\/\\\/www.smokershop.es\\\/#website\",\"url\":\"https:\\\/\\\/www.smokershop.es\\\/\",\"name\":\"The Smoker&#039;s Shop\",\"description\":\"Todo para los fumadores\",\"publisher\":{\"@id\":\"https:\\\/\\\/www.smokershop.es\\\/#organization\"},\"potentialAction\":[{\"@type\":\"SearchAction\",\"target\":{\"@type\":\"EntryPoint\",\"urlTemplate\":\"https:\\\/\\\/www.smokershop.es\\\/?s={search_term_string}\"},\"query-input\":{\"@type\":\"PropertyValueSpecification\",\"valueRequired\":true,\"valueName\":\"search_term_string\"}}],\"inLanguage\":\"es\"},{\"@type\":\"Organization\",\"@id\":\"https:\\\/\\\/www.smokershop.es\\\/#organization\",\"name\":\"The Smoker&#039;s Shop\",\"url\":\"https:\\\/\\\/www.smokershop.es\\\/\",\"logo\":{\"@type\":\"ImageObject\",\"inLanguage\":\"es\",\"@id\":\"https:\\\/\\\/www.smokershop.es\\\/#\\\/schema\\\/logo\\\/image\\\/\",\"url\":\"https:\\\/\\\/www.smokershop.es\\\/wp-content\\\/uploads\\\/2023\\\/10\\\/smokershop-logo.png\",\"contentUrl\":\"https:\\\/\\\/www.smokershop.es\\\/wp-content\\\/uploads\\\/2023\\\/10\\\/smokershop-logo.png\",\"width\":1711,\"height\":752,\"caption\":\"The Smoker&#039;s Shop\"},\"image\":{\"@id\":\"https:\\\/\\\/www.smokershop.es\\\/#\\\/schema\\\/logo\\\/image\\\/\"},\"sameAs\":[\"https:\\\/\\\/www.instagram.com\\\/thesmokersshopofficial\"]}]}<\/script>\n<!-- \/ Yoast SEO plugin. -->","yoast_head_json":{"title":"RAW PARCHMENT 300mmX10mm - The Smoker&#039;s Shop","description":"RAW PARCHMENT 300mmX10mm papel anti-adherente para resinas y extracciones, de alta calidad, con silicona natural, resistente al calor.","robots":{"index":"index","follow":"follow","max-snippet":"max-snippet:-1","max-image-preview":"max-image-preview:large","max-video-preview":"max-video-preview:-1"},"canonical":"https:\/\/www.smokershop.es\/index.php\/producto\/raw-parchment-300mmx10mm\/","og_locale":"es_ES","og_type":"article","og_title":"RAW PARCHMENT 300mmX10mm - The Smoker&#039;s Shop","og_description":"RAW PARCHMENT 300mmX10mm papel anti-adherente para resinas y extracciones, de alta calidad, con silicona natural, resistente al calor.","og_url":"https:\/\/www.smokershop.es\/index.php\/producto\/raw-parchment-300mmx10mm\/","og_site_name":"The Smoker&#039;s Shop","article_modified_time":"2026-04-23T17:27:14+00:00","og_image":[{"width":548,"height":482,"url":"https:\/\/www.smokershop.es\/wp-content\/uploads\/2025\/02\/RAW12886D-RAW-Parchment-300mmx10m6-Unid.jpg","type":"image\/jpeg"}],"twitter_card":"summary_large_image","twitter_misc":{"Tiempo de lectura":"1 minuto"},"schema":{"@context":"https:\/\/schema.org","@graph":[{"@type":"WebPage","@id":"https:\/\/www.smokershop.es\/index.php\/producto\/raw-parchment-300mmx10mm\/","url":"https:\/\/www.smokershop.es\/index.php\/producto\/raw-parchment-300mmx10mm\/","name":"RAW PARCHMENT 300mmX10mm - The Smoker&#039;s Shop","isPartOf":{"@id":"https:\/\/www.smokershop.es\/#website"},"primaryImageOfPage":{"@id":"https:\/\/www.smokershop.es\/index.php\/producto\/raw-parchment-300mmx10mm\/#primaryimage"},"image":{"@id":"https:\/\/www.smokershop.es\/index.php\/producto\/raw-parchment-300mmx10mm\/#primaryimage"},"thumbnailUrl":"https:\/\/www.smokershop.es\/wp-content\/uploads\/2025\/02\/RAW12886D-RAW-Parchment-300mmx10m6-Unid.jpg","datePublished":"2025-02-11T18:39:28+00:00","dateModified":"2026-04-23T17:27:14+00:00","description":"RAW PARCHMENT 300mmX10mm papel anti-adherente para resinas y extracciones, de alta calidad, con silicona natural, resistente al calor.","breadcrumb":{"@id":"https:\/\/www.smokershop.es\/index.php\/producto\/raw-parchment-300mmx10mm\/#breadcrumb"},"inLanguage":"es","potentialAction":[{"@type":"ReadAction","target":["https:\/\/www.smokershop.es\/index.php\/producto\/raw-parchment-300mmx10mm\/"]}]},{"@type":"ImageObject","inLanguage":"es","@id":"https:\/\/www.smokershop.es\/index.php\/producto\/raw-parchment-300mmx10mm\/#primaryimage","url":"https:\/\/www.smokershop.es\/wp-content\/uploads\/2025\/02\/RAW12886D-RAW-Parchment-300mmx10m6-Unid.jpg","contentUrl":"https:\/\/www.smokershop.es\/wp-content\/uploads\/2025\/02\/RAW12886D-RAW-Parchment-300mmx10m6-Unid.jpg","width":548,"height":482,"caption":"RAW Parchment 300mmx10mm"},{"@type":"BreadcrumbList","@id":"https:\/\/www.smokershop.es\/index.php\/producto\/raw-parchment-300mmx10mm\/#breadcrumb","itemListElement":[{"@type":"ListItem","position":1,"name":"Portada","item":"https:\/\/www.smokershop.es\/"},{"@type":"ListItem","position":2,"name":"The Shop","item":"https:\/\/www.smokershop.es\/index.php\/shop\/"},{"@type":"ListItem","position":3,"name":"RAW PARCHMENT 300mmX10mm"}]},{"@type":"WebSite","@id":"https:\/\/www.smokershop.es\/#website","url":"https:\/\/www.smokershop.es\/","name":"The Smoker&#039;s Shop","description":"Todo para los fumadores","publisher":{"@id":"https:\/\/www.smokershop.es\/#organization"},"potentialAction":[{"@type":"SearchAction","target":{"@type":"EntryPoint","urlTemplate":"https:\/\/www.smokershop.es\/?s={search_term_string}"},"query-input":{"@type":"PropertyValueSpecification","valueRequired":true,"valueName":"search_term_string"}}],"inLanguage":"es"},{"@type":"Organization","@id":"https:\/\/www.smokershop.es\/#organization","name":"The Smoker&#039;s Shop","url":"https:\/\/www.smokershop.es\/","logo":{"@type":"ImageObject","inLanguage":"es","@id":"https:\/\/www.smokershop.es\/#\/schema\/logo\/image\/","url":"https:\/\/www.smokershop.es\/wp-content\/uploads\/2023\/10\/smokershop-logo.png","contentUrl":"https:\/\/www.smokershop.es\/wp-content\/uploads\/2023\/10\/smokershop-logo.png","width":1711,"height":752,"caption":"The Smoker&#039;s Shop"},"image":{"@id":"https:\/\/www.smokershop.es\/#\/schema\/logo\/image\/"},"sameAs":["https:\/\/www.instagram.com\/thesmokersshopofficial"]}]}},"_links":{"self":[{"href":"https:\/\/www.smokershop.es\/index.php\/wp-json\/wp\/v2\/product\/2701","targetHints":{"allow":["GET"]}}],"collection":[{"href":"https:\/\/www.smokershop.es\/index.php\/wp-json\/wp\/v2\/product"}],"about":[{"href":"https:\/\/www.smokershop.es\/index.php\/wp-json\/wp\/v2\/types\/product"}],"wp:featuredmedia":[{"embeddable":true,"href":"https:\/\/www.smokershop.es\/index.php\/wp-json\/wp\/v2\/media\/2702"}],"wp:attachment":[{"href":"https:\/\/www.smokershop.es\/index.php\/wp-json\/wp\/v2\/media?parent=2701"}],"wp:term":[{"taxonomy":"product_brand","embeddable":true,"href":"https:\/\/www.smokershop.es\/index.php\/wp-json\/wp\/v2\/product_brand?post=2701"},{"taxonomy":"product_cat","embeddable":true,"href":"https:\/\/www.smokershop.es\/index.php\/wp-json\/wp\/v2\/product_cat?post=2701"},{"taxonomy":"product_tag","embeddable":true,"href":"https:\/\/www.smokershop.es\/index.php\/wp-json\/wp\/v2\/product_tag?post=2701"}],"curies":[{"name":"wp","href":"https:\/\/api.w.org\/{rel}","templated":true}]}}