{"id":2720,"date":"2025-02-17T20:51:51","date_gmt":"2025-02-17T19:51:51","guid":{"rendered":"https:\/\/www.smokershop.es\/?post_type=product&#038;p=2720"},"modified":"2026-04-23T19:13:26","modified_gmt":"2026-04-23T17:13:26","slug":"pack-smell-monkey-liquo","status":"publish","type":"product","link":"https:\/\/www.smokershop.es\/index.php\/producto\/pack-smell-monkey-liquo\/","title":{"rendered":"PACK SMELL MONKEY LIQUORICE"},"content":{"rendered":"<p>PACK SMELL MONKEY LIQUORICE<\/p>\n<p>El Pack Smell Monkey Liquorice es uno de los dos nuevos productos de la gama Smell de Monkey King, un m\u00e1s que reconocible olor al m\u00edtico licor de hierbas que todos conocemos.<\/p>\n<p>Su envase perfumado para que frotes y te limpies las manos, dej\u00e1ndolas con fresco y original aroma que\u00a0 sorprender\u00e1.<\/p>\n<p>Compuesto por un librillo de 32 hojas de papel king size, hecho de\u00a0 fibra y colorante vegetal y goma ar\u00e1biga 100% natural, sin aditivos, lo convierten en una opci\u00f3n de gran calidad, con una combusti\u00f3n lenta y uniforme. Y con 32 filtros marrones, de 51 mm X 25 mm, troquelados para facilitar su uso y mejorar su filtrado.<\/p>\n","protected":false},"excerpt":{"rendered":"<ul>\n<li>Papel King Size Slim, hecho con fibras naturales. De combustio\u0301n lenta y con goma ara\u0301biga 100% natural.<\/li>\n<li>Filtros marr\u00f3n de cart\u00f3n troquelados de 160 gr.<\/li>\n<li>Tama\u00f1o del papel 108 mm X 44 mm<\/li>\n<li>32 hojas por librillo y 32 filtros.<\/li>\n<li>Envase perfumado, con aroma al famoso licor de hierbas, para que frotes y limpies tus manos de otros olores.<\/li>\n<\/ul>\n<ul>\n<li style=\"list-style-type: none;\">\n<ul>\n<li><em>FORMATO PRO -&gt; DISPLAY 24x<\/em><\/li>\n<li><strong>\u2b07\ufe0f PRECIOS MAYORISTA PARA PROFESIONALES \u2b07\ufe0f<\/strong><\/li>\n<\/ul>\n<\/li>\n<\/ul>\n<p style=\"padding-left: 200px;\"><strong><a href=\"https:\/\/www.smokershop.es\/index.php\/register\/\" target=\"_blank\" rel=\"noopener\">\ud83d\udc49 REGISTRATE AQUI \ud83d\udc48<\/a><\/strong><\/p>\n<p>&nbsp;<\/p>\n<p>&nbsp;<\/p>\n","protected":false},"featured_media":3596,"template":"","meta":{"_joinchat":[]},"product_brand":[],"product_cat":[40,42,66],"product_tag":[],"class_list":{"0":"post-2720","1":"product","2":"type-product","3":"status-publish","4":"has-post-thumbnail","6":"product_cat-papel-de-fumar","7":"product_cat-papel-king-size","8":"product_cat-papel-king-size-tips-papel-king-size","10":"first","11":"instock","12":"taxable","13":"shipping-taxable","14":"purchasable","15":"product-type-simple"},"yoast_head":"<!-- This site is optimized with the Yoast SEO plugin v27.4 - https:\/\/yoast.com\/product\/yoast-seo-wordpress\/ -->\n<title>PACK SMELL MONKEY LIQUORICE - The Smoker&#039;s Shop<\/title>\n<meta name=\"description\" content=\"El PACK SMELL MONKEY LIQUORICE de Monkey King trae un envase perfumado, para que frotes y limpies tus manos, y 32 papeles y filtros.\" \/>\n<meta name=\"robots\" content=\"index, follow, max-snippet:-1, max-image-preview:large, max-video-preview:-1\" \/>\n<link rel=\"canonical\" href=\"https:\/\/www.smokershop.es\/index.php\/producto\/pack-smell-monkey-liquo\/\" \/>\n<meta property=\"og:locale\" content=\"es_ES\" \/>\n<meta property=\"og:type\" content=\"article\" \/>\n<meta property=\"og:title\" content=\"PACK SMELL MONKEY LIQUORICE - The Smoker&#039;s Shop\" \/>\n<meta property=\"og:description\" content=\"El PACK SMELL MONKEY LIQUORICE de Monkey King trae un envase perfumado, para que frotes y limpies tus manos, y 32 papeles y filtros.\" \/>\n<meta property=\"og:url\" content=\"https:\/\/www.smokershop.es\/index.php\/producto\/pack-smell-monkey-liquo\/\" \/>\n<meta property=\"og:site_name\" content=\"The Smoker&#039;s Shop\" \/>\n<meta property=\"article:modified_time\" content=\"2026-04-23T17:13:26+00:00\" \/>\n<meta property=\"og:image\" content=\"https:\/\/www.smokershop.es\/wp-content\/uploads\/2025\/02\/monkymaster.jpg\" \/>\n\t<meta property=\"og:image:width\" content=\"1350\" \/>\n\t<meta property=\"og:image:height\" content=\"1350\" \/>\n\t<meta property=\"og:image:type\" content=\"image\/jpeg\" \/>\n<meta name=\"twitter:card\" content=\"summary_large_image\" \/>\n<meta name=\"twitter:label1\" content=\"Tiempo de lectura\" \/>\n\t<meta name=\"twitter:data1\" content=\"1 minuto\" \/>\n<script type=\"application\/ld+json\" class=\"yoast-schema-graph\">{\"@context\":\"https:\\\/\\\/schema.org\",\"@graph\":[{\"@type\":\"WebPage\",\"@id\":\"https:\\\/\\\/www.smokershop.es\\\/index.php\\\/producto\\\/pack-smell-monkey-liquo\\\/\",\"url\":\"https:\\\/\\\/www.smokershop.es\\\/index.php\\\/producto\\\/pack-smell-monkey-liquo\\\/\",\"name\":\"PACK SMELL MONKEY LIQUORICE - The Smoker&#039;s Shop\",\"isPartOf\":{\"@id\":\"https:\\\/\\\/www.smokershop.es\\\/#website\"},\"primaryImageOfPage\":{\"@id\":\"https:\\\/\\\/www.smokershop.es\\\/index.php\\\/producto\\\/pack-smell-monkey-liquo\\\/#primaryimage\"},\"image\":{\"@id\":\"https:\\\/\\\/www.smokershop.es\\\/index.php\\\/producto\\\/pack-smell-monkey-liquo\\\/#primaryimage\"},\"thumbnailUrl\":\"https:\\\/\\\/www.smokershop.es\\\/wp-content\\\/uploads\\\/2025\\\/02\\\/monkymaster.jpg\",\"datePublished\":\"2025-02-17T19:51:51+00:00\",\"dateModified\":\"2026-04-23T17:13:26+00:00\",\"description\":\"El PACK SMELL MONKEY LIQUORICE de Monkey King trae un envase perfumado, para que frotes y limpies tus manos, y 32 papeles y filtros.\",\"breadcrumb\":{\"@id\":\"https:\\\/\\\/www.smokershop.es\\\/index.php\\\/producto\\\/pack-smell-monkey-liquo\\\/#breadcrumb\"},\"inLanguage\":\"es\",\"potentialAction\":[{\"@type\":\"ReadAction\",\"target\":[\"https:\\\/\\\/www.smokershop.es\\\/index.php\\\/producto\\\/pack-smell-monkey-liquo\\\/\"]}]},{\"@type\":\"ImageObject\",\"inLanguage\":\"es\",\"@id\":\"https:\\\/\\\/www.smokershop.es\\\/index.php\\\/producto\\\/pack-smell-monkey-liquo\\\/#primaryimage\",\"url\":\"https:\\\/\\\/www.smokershop.es\\\/wp-content\\\/uploads\\\/2025\\\/02\\\/monkymaster.jpg\",\"contentUrl\":\"https:\\\/\\\/www.smokershop.es\\\/wp-content\\\/uploads\\\/2025\\\/02\\\/monkymaster.jpg\",\"width\":1350,\"height\":1350,\"caption\":\"PACK SMELL MONKEY LIQUO\"},{\"@type\":\"BreadcrumbList\",\"@id\":\"https:\\\/\\\/www.smokershop.es\\\/index.php\\\/producto\\\/pack-smell-monkey-liquo\\\/#breadcrumb\",\"itemListElement\":[{\"@type\":\"ListItem\",\"position\":1,\"name\":\"Portada\",\"item\":\"https:\\\/\\\/www.smokershop.es\\\/\"},{\"@type\":\"ListItem\",\"position\":2,\"name\":\"The Shop\",\"item\":\"https:\\\/\\\/www.smokershop.es\\\/index.php\\\/shop\\\/\"},{\"@type\":\"ListItem\",\"position\":3,\"name\":\"PACK SMELL MONKEY LIQUORICE\"}]},{\"@type\":\"WebSite\",\"@id\":\"https:\\\/\\\/www.smokershop.es\\\/#website\",\"url\":\"https:\\\/\\\/www.smokershop.es\\\/\",\"name\":\"The Smoker&#039;s Shop\",\"description\":\"Todo para los fumadores\",\"publisher\":{\"@id\":\"https:\\\/\\\/www.smokershop.es\\\/#organization\"},\"potentialAction\":[{\"@type\":\"SearchAction\",\"target\":{\"@type\":\"EntryPoint\",\"urlTemplate\":\"https:\\\/\\\/www.smokershop.es\\\/?s={search_term_string}\"},\"query-input\":{\"@type\":\"PropertyValueSpecification\",\"valueRequired\":true,\"valueName\":\"search_term_string\"}}],\"inLanguage\":\"es\"},{\"@type\":\"Organization\",\"@id\":\"https:\\\/\\\/www.smokershop.es\\\/#organization\",\"name\":\"The Smoker&#039;s Shop\",\"url\":\"https:\\\/\\\/www.smokershop.es\\\/\",\"logo\":{\"@type\":\"ImageObject\",\"inLanguage\":\"es\",\"@id\":\"https:\\\/\\\/www.smokershop.es\\\/#\\\/schema\\\/logo\\\/image\\\/\",\"url\":\"https:\\\/\\\/www.smokershop.es\\\/wp-content\\\/uploads\\\/2023\\\/10\\\/smokershop-logo.png\",\"contentUrl\":\"https:\\\/\\\/www.smokershop.es\\\/wp-content\\\/uploads\\\/2023\\\/10\\\/smokershop-logo.png\",\"width\":1711,\"height\":752,\"caption\":\"The Smoker&#039;s Shop\"},\"image\":{\"@id\":\"https:\\\/\\\/www.smokershop.es\\\/#\\\/schema\\\/logo\\\/image\\\/\"},\"sameAs\":[\"https:\\\/\\\/www.instagram.com\\\/thesmokersshopofficial\"]}]}<\/script>\n<!-- \/ Yoast SEO plugin. -->","yoast_head_json":{"title":"PACK SMELL MONKEY LIQUORICE - The Smoker&#039;s Shop","description":"El PACK SMELL MONKEY LIQUORICE de Monkey King trae un envase perfumado, para que frotes y limpies tus manos, y 32 papeles y filtros.","robots":{"index":"index","follow":"follow","max-snippet":"max-snippet:-1","max-image-preview":"max-image-preview:large","max-video-preview":"max-video-preview:-1"},"canonical":"https:\/\/www.smokershop.es\/index.php\/producto\/pack-smell-monkey-liquo\/","og_locale":"es_ES","og_type":"article","og_title":"PACK SMELL MONKEY LIQUORICE - The Smoker&#039;s Shop","og_description":"El PACK SMELL MONKEY LIQUORICE de Monkey King trae un envase perfumado, para que frotes y limpies tus manos, y 32 papeles y filtros.","og_url":"https:\/\/www.smokershop.es\/index.php\/producto\/pack-smell-monkey-liquo\/","og_site_name":"The Smoker&#039;s Shop","article_modified_time":"2026-04-23T17:13:26+00:00","og_image":[{"width":1350,"height":1350,"url":"https:\/\/www.smokershop.es\/wp-content\/uploads\/2025\/02\/monkymaster.jpg","type":"image\/jpeg"}],"twitter_card":"summary_large_image","twitter_misc":{"Tiempo de lectura":"1 minuto"},"schema":{"@context":"https:\/\/schema.org","@graph":[{"@type":"WebPage","@id":"https:\/\/www.smokershop.es\/index.php\/producto\/pack-smell-monkey-liquo\/","url":"https:\/\/www.smokershop.es\/index.php\/producto\/pack-smell-monkey-liquo\/","name":"PACK SMELL MONKEY LIQUORICE - The Smoker&#039;s Shop","isPartOf":{"@id":"https:\/\/www.smokershop.es\/#website"},"primaryImageOfPage":{"@id":"https:\/\/www.smokershop.es\/index.php\/producto\/pack-smell-monkey-liquo\/#primaryimage"},"image":{"@id":"https:\/\/www.smokershop.es\/index.php\/producto\/pack-smell-monkey-liquo\/#primaryimage"},"thumbnailUrl":"https:\/\/www.smokershop.es\/wp-content\/uploads\/2025\/02\/monkymaster.jpg","datePublished":"2025-02-17T19:51:51+00:00","dateModified":"2026-04-23T17:13:26+00:00","description":"El PACK SMELL MONKEY LIQUORICE de Monkey King trae un envase perfumado, para que frotes y limpies tus manos, y 32 papeles y filtros.","breadcrumb":{"@id":"https:\/\/www.smokershop.es\/index.php\/producto\/pack-smell-monkey-liquo\/#breadcrumb"},"inLanguage":"es","potentialAction":[{"@type":"ReadAction","target":["https:\/\/www.smokershop.es\/index.php\/producto\/pack-smell-monkey-liquo\/"]}]},{"@type":"ImageObject","inLanguage":"es","@id":"https:\/\/www.smokershop.es\/index.php\/producto\/pack-smell-monkey-liquo\/#primaryimage","url":"https:\/\/www.smokershop.es\/wp-content\/uploads\/2025\/02\/monkymaster.jpg","contentUrl":"https:\/\/www.smokershop.es\/wp-content\/uploads\/2025\/02\/monkymaster.jpg","width":1350,"height":1350,"caption":"PACK SMELL MONKEY LIQUO"},{"@type":"BreadcrumbList","@id":"https:\/\/www.smokershop.es\/index.php\/producto\/pack-smell-monkey-liquo\/#breadcrumb","itemListElement":[{"@type":"ListItem","position":1,"name":"Portada","item":"https:\/\/www.smokershop.es\/"},{"@type":"ListItem","position":2,"name":"The Shop","item":"https:\/\/www.smokershop.es\/index.php\/shop\/"},{"@type":"ListItem","position":3,"name":"PACK SMELL MONKEY LIQUORICE"}]},{"@type":"WebSite","@id":"https:\/\/www.smokershop.es\/#website","url":"https:\/\/www.smokershop.es\/","name":"The Smoker&#039;s Shop","description":"Todo para los fumadores","publisher":{"@id":"https:\/\/www.smokershop.es\/#organization"},"potentialAction":[{"@type":"SearchAction","target":{"@type":"EntryPoint","urlTemplate":"https:\/\/www.smokershop.es\/?s={search_term_string}"},"query-input":{"@type":"PropertyValueSpecification","valueRequired":true,"valueName":"search_term_string"}}],"inLanguage":"es"},{"@type":"Organization","@id":"https:\/\/www.smokershop.es\/#organization","name":"The Smoker&#039;s Shop","url":"https:\/\/www.smokershop.es\/","logo":{"@type":"ImageObject","inLanguage":"es","@id":"https:\/\/www.smokershop.es\/#\/schema\/logo\/image\/","url":"https:\/\/www.smokershop.es\/wp-content\/uploads\/2023\/10\/smokershop-logo.png","contentUrl":"https:\/\/www.smokershop.es\/wp-content\/uploads\/2023\/10\/smokershop-logo.png","width":1711,"height":752,"caption":"The Smoker&#039;s Shop"},"image":{"@id":"https:\/\/www.smokershop.es\/#\/schema\/logo\/image\/"},"sameAs":["https:\/\/www.instagram.com\/thesmokersshopofficial"]}]}},"_links":{"self":[{"href":"https:\/\/www.smokershop.es\/index.php\/wp-json\/wp\/v2\/product\/2720","targetHints":{"allow":["GET"]}}],"collection":[{"href":"https:\/\/www.smokershop.es\/index.php\/wp-json\/wp\/v2\/product"}],"about":[{"href":"https:\/\/www.smokershop.es\/index.php\/wp-json\/wp\/v2\/types\/product"}],"wp:featuredmedia":[{"embeddable":true,"href":"https:\/\/www.smokershop.es\/index.php\/wp-json\/wp\/v2\/media\/3596"}],"wp:attachment":[{"href":"https:\/\/www.smokershop.es\/index.php\/wp-json\/wp\/v2\/media?parent=2720"}],"wp:term":[{"taxonomy":"product_brand","embeddable":true,"href":"https:\/\/www.smokershop.es\/index.php\/wp-json\/wp\/v2\/product_brand?post=2720"},{"taxonomy":"product_cat","embeddable":true,"href":"https:\/\/www.smokershop.es\/index.php\/wp-json\/wp\/v2\/product_cat?post=2720"},{"taxonomy":"product_tag","embeddable":true,"href":"https:\/\/www.smokershop.es\/index.php\/wp-json\/wp\/v2\/product_tag?post=2720"}],"curies":[{"name":"wp","href":"https:\/\/api.w.org\/{rel}","templated":true}]}}