{"id":2766,"date":"2025-04-21T20:37:24","date_gmt":"2025-04-21T18:37:24","guid":{"rendered":"https:\/\/www.smokershop.es\/?post_type=product&#038;p=2766"},"modified":"2026-03-02T21:00:58","modified_gmt":"2026-03-02T20:00:58","slug":"papel-monkey-king-unbleached-psychodelic","status":"publish","type":"product","link":"https:\/\/www.smokershop.es\/index.php\/producto\/papel-monkey-king-unbleached-psychodelic\/","title":{"rendered":"PAPEL MONKEY KING UNBLEACHED PSYCHODELIC"},"content":{"rendered":"<p>PAPEL MONKEY KING UNBLEACHED PSYCHODELIC<\/p>\n<p>Nueva edici\u00f3n del Papel Monkey King Unbleached Psychodelic, ahora con un nuevo dise\u00f1o para todos los amantes de Moneky King. Librillo de papel king size marr\u00f3n 100% goma ar\u00e1bica, de combusti\u00f3n lenta, sin ning\u00fan tipo de colorante ni aditivos<\/p>\n<p>&nbsp;<\/p>\n","protected":false},"excerpt":{"rendered":"<ul>\n<li>Papel king size marr\u00f3n, 108 mm X 44 mm<\/li>\n<li>Papel ultra fino, 14 gr. \/ m2, con 32 hojas por librillo<\/li>\n<li>Combusti\u00f3n lenta y 100% goma ar\u00e1bica<\/li>\n<\/ul>\n<p>&nbsp;<\/p>\n<ul>\n<li>Para Profesionales -&gt; 50 unidades por caja<\/li>\n<\/ul>\n","protected":false},"featured_media":3594,"template":"","meta":{"_joinchat":[]},"product_brand":[],"product_cat":[74,40,42],"product_tag":[],"class_list":{"0":"post-2766","1":"product","2":"type-product","3":"status-publish","4":"has-post-thumbnail","6":"product_cat-king-size","7":"product_cat-papel-de-fumar","8":"product_cat-papel-king-size","10":"first","11":"outofstock","12":"taxable","13":"shipping-taxable","14":"purchasable","15":"product-type-simple"},"yoast_head":"<!-- This site is optimized with the Yoast SEO plugin v27.4 - https:\/\/yoast.com\/product\/yoast-seo-wordpress\/ -->\n<title>PAPEL MONKEY KING UNBLEACHED PSYCHODELIC - The Smoker&#039;s Shop<\/title>\n<meta name=\"description\" content=\"El PAPEL MONKEY KING UNBLEACHED PSYCHODELIC es un librillo de papel marr\u00f3n, 100% natural, ultra fino y de combusti\u00f3n lenta, de tama\u00f1o king size.\" \/>\n<meta name=\"robots\" content=\"index, follow, max-snippet:-1, max-image-preview:large, max-video-preview:-1\" \/>\n<link rel=\"canonical\" href=\"https:\/\/www.smokershop.es\/index.php\/producto\/papel-monkey-king-unbleached-psychodelic\/\" \/>\n<meta property=\"og:locale\" content=\"es_ES\" \/>\n<meta property=\"og:type\" content=\"article\" \/>\n<meta property=\"og:title\" content=\"PAPEL MONKEY KING UNBLEACHED PSYCHODELIC - The Smoker&#039;s Shop\" \/>\n<meta property=\"og:description\" content=\"El PAPEL MONKEY KING UNBLEACHED PSYCHODELIC es un librillo de papel marr\u00f3n, 100% natural, ultra fino y de combusti\u00f3n lenta, de tama\u00f1o king size.\" \/>\n<meta property=\"og:url\" content=\"https:\/\/www.smokershop.es\/index.php\/producto\/papel-monkey-king-unbleached-psychodelic\/\" \/>\n<meta property=\"og:site_name\" content=\"The Smoker&#039;s Shop\" \/>\n<meta property=\"article:modified_time\" content=\"2026-03-02T20:00:58+00:00\" \/>\n<meta property=\"og:image\" content=\"https:\/\/www.smokershop.es\/wp-content\/uploads\/2025\/04\/hypno-ks.jpg\" \/>\n\t<meta property=\"og:image:width\" content=\"1350\" \/>\n\t<meta property=\"og:image:height\" content=\"1350\" \/>\n\t<meta property=\"og:image:type\" content=\"image\/jpeg\" \/>\n<meta name=\"twitter:card\" content=\"summary_large_image\" \/>\n<meta name=\"twitter:label1\" content=\"Tiempo de lectura\" \/>\n\t<meta name=\"twitter:data1\" content=\"1 minuto\" \/>\n<script type=\"application\/ld+json\" class=\"yoast-schema-graph\">{\"@context\":\"https:\\\/\\\/schema.org\",\"@graph\":[{\"@type\":\"WebPage\",\"@id\":\"https:\\\/\\\/www.smokershop.es\\\/index.php\\\/producto\\\/papel-monkey-king-unbleached-psychodelic\\\/\",\"url\":\"https:\\\/\\\/www.smokershop.es\\\/index.php\\\/producto\\\/papel-monkey-king-unbleached-psychodelic\\\/\",\"name\":\"PAPEL MONKEY KING UNBLEACHED PSYCHODELIC - The Smoker&#039;s Shop\",\"isPartOf\":{\"@id\":\"https:\\\/\\\/www.smokershop.es\\\/#website\"},\"primaryImageOfPage\":{\"@id\":\"https:\\\/\\\/www.smokershop.es\\\/index.php\\\/producto\\\/papel-monkey-king-unbleached-psychodelic\\\/#primaryimage\"},\"image\":{\"@id\":\"https:\\\/\\\/www.smokershop.es\\\/index.php\\\/producto\\\/papel-monkey-king-unbleached-psychodelic\\\/#primaryimage\"},\"thumbnailUrl\":\"https:\\\/\\\/www.smokershop.es\\\/wp-content\\\/uploads\\\/2025\\\/04\\\/hypno-ks.jpg\",\"datePublished\":\"2025-04-21T18:37:24+00:00\",\"dateModified\":\"2026-03-02T20:00:58+00:00\",\"description\":\"El PAPEL MONKEY KING UNBLEACHED PSYCHODELIC es un librillo de papel marr\u00f3n, 100% natural, ultra fino y de combusti\u00f3n lenta, de tama\u00f1o king size.\",\"breadcrumb\":{\"@id\":\"https:\\\/\\\/www.smokershop.es\\\/index.php\\\/producto\\\/papel-monkey-king-unbleached-psychodelic\\\/#breadcrumb\"},\"inLanguage\":\"es\",\"potentialAction\":[{\"@type\":\"ReadAction\",\"target\":[\"https:\\\/\\\/www.smokershop.es\\\/index.php\\\/producto\\\/papel-monkey-king-unbleached-psychodelic\\\/\"]}]},{\"@type\":\"ImageObject\",\"inLanguage\":\"es\",\"@id\":\"https:\\\/\\\/www.smokershop.es\\\/index.php\\\/producto\\\/papel-monkey-king-unbleached-psychodelic\\\/#primaryimage\",\"url\":\"https:\\\/\\\/www.smokershop.es\\\/wp-content\\\/uploads\\\/2025\\\/04\\\/hypno-ks.jpg\",\"contentUrl\":\"https:\\\/\\\/www.smokershop.es\\\/wp-content\\\/uploads\\\/2025\\\/04\\\/hypno-ks.jpg\",\"width\":1350,\"height\":1350,\"caption\":\"PAPEL MONKEY KING UNBLEACHED PSYCHODELIC\"},{\"@type\":\"BreadcrumbList\",\"@id\":\"https:\\\/\\\/www.smokershop.es\\\/index.php\\\/producto\\\/papel-monkey-king-unbleached-psychodelic\\\/#breadcrumb\",\"itemListElement\":[{\"@type\":\"ListItem\",\"position\":1,\"name\":\"Portada\",\"item\":\"https:\\\/\\\/www.smokershop.es\\\/\"},{\"@type\":\"ListItem\",\"position\":2,\"name\":\"The Shop\",\"item\":\"https:\\\/\\\/www.smokershop.es\\\/index.php\\\/shop\\\/\"},{\"@type\":\"ListItem\",\"position\":3,\"name\":\"PAPEL MONKEY KING UNBLEACHED PSYCHODELIC\"}]},{\"@type\":\"WebSite\",\"@id\":\"https:\\\/\\\/www.smokershop.es\\\/#website\",\"url\":\"https:\\\/\\\/www.smokershop.es\\\/\",\"name\":\"The Smoker&#039;s Shop\",\"description\":\"Todo para los fumadores\",\"publisher\":{\"@id\":\"https:\\\/\\\/www.smokershop.es\\\/#organization\"},\"potentialAction\":[{\"@type\":\"SearchAction\",\"target\":{\"@type\":\"EntryPoint\",\"urlTemplate\":\"https:\\\/\\\/www.smokershop.es\\\/?s={search_term_string}\"},\"query-input\":{\"@type\":\"PropertyValueSpecification\",\"valueRequired\":true,\"valueName\":\"search_term_string\"}}],\"inLanguage\":\"es\"},{\"@type\":\"Organization\",\"@id\":\"https:\\\/\\\/www.smokershop.es\\\/#organization\",\"name\":\"The Smoker&#039;s Shop\",\"url\":\"https:\\\/\\\/www.smokershop.es\\\/\",\"logo\":{\"@type\":\"ImageObject\",\"inLanguage\":\"es\",\"@id\":\"https:\\\/\\\/www.smokershop.es\\\/#\\\/schema\\\/logo\\\/image\\\/\",\"url\":\"https:\\\/\\\/www.smokershop.es\\\/wp-content\\\/uploads\\\/2023\\\/10\\\/smokershop-logo.png\",\"contentUrl\":\"https:\\\/\\\/www.smokershop.es\\\/wp-content\\\/uploads\\\/2023\\\/10\\\/smokershop-logo.png\",\"width\":1711,\"height\":752,\"caption\":\"The Smoker&#039;s Shop\"},\"image\":{\"@id\":\"https:\\\/\\\/www.smokershop.es\\\/#\\\/schema\\\/logo\\\/image\\\/\"},\"sameAs\":[\"https:\\\/\\\/www.instagram.com\\\/thesmokersshopofficial\"]}]}<\/script>\n<!-- \/ Yoast SEO plugin. -->","yoast_head_json":{"title":"PAPEL MONKEY KING UNBLEACHED PSYCHODELIC - The Smoker&#039;s Shop","description":"El PAPEL MONKEY KING UNBLEACHED PSYCHODELIC es un librillo de papel marr\u00f3n, 100% natural, ultra fino y de combusti\u00f3n lenta, de tama\u00f1o king size.","robots":{"index":"index","follow":"follow","max-snippet":"max-snippet:-1","max-image-preview":"max-image-preview:large","max-video-preview":"max-video-preview:-1"},"canonical":"https:\/\/www.smokershop.es\/index.php\/producto\/papel-monkey-king-unbleached-psychodelic\/","og_locale":"es_ES","og_type":"article","og_title":"PAPEL MONKEY KING UNBLEACHED PSYCHODELIC - The Smoker&#039;s Shop","og_description":"El PAPEL MONKEY KING UNBLEACHED PSYCHODELIC es un librillo de papel marr\u00f3n, 100% natural, ultra fino y de combusti\u00f3n lenta, de tama\u00f1o king size.","og_url":"https:\/\/www.smokershop.es\/index.php\/producto\/papel-monkey-king-unbleached-psychodelic\/","og_site_name":"The Smoker&#039;s Shop","article_modified_time":"2026-03-02T20:00:58+00:00","og_image":[{"width":1350,"height":1350,"url":"https:\/\/www.smokershop.es\/wp-content\/uploads\/2025\/04\/hypno-ks.jpg","type":"image\/jpeg"}],"twitter_card":"summary_large_image","twitter_misc":{"Tiempo de lectura":"1 minuto"},"schema":{"@context":"https:\/\/schema.org","@graph":[{"@type":"WebPage","@id":"https:\/\/www.smokershop.es\/index.php\/producto\/papel-monkey-king-unbleached-psychodelic\/","url":"https:\/\/www.smokershop.es\/index.php\/producto\/papel-monkey-king-unbleached-psychodelic\/","name":"PAPEL MONKEY KING UNBLEACHED PSYCHODELIC - The Smoker&#039;s Shop","isPartOf":{"@id":"https:\/\/www.smokershop.es\/#website"},"primaryImageOfPage":{"@id":"https:\/\/www.smokershop.es\/index.php\/producto\/papel-monkey-king-unbleached-psychodelic\/#primaryimage"},"image":{"@id":"https:\/\/www.smokershop.es\/index.php\/producto\/papel-monkey-king-unbleached-psychodelic\/#primaryimage"},"thumbnailUrl":"https:\/\/www.smokershop.es\/wp-content\/uploads\/2025\/04\/hypno-ks.jpg","datePublished":"2025-04-21T18:37:24+00:00","dateModified":"2026-03-02T20:00:58+00:00","description":"El PAPEL MONKEY KING UNBLEACHED PSYCHODELIC es un librillo de papel marr\u00f3n, 100% natural, ultra fino y de combusti\u00f3n lenta, de tama\u00f1o king size.","breadcrumb":{"@id":"https:\/\/www.smokershop.es\/index.php\/producto\/papel-monkey-king-unbleached-psychodelic\/#breadcrumb"},"inLanguage":"es","potentialAction":[{"@type":"ReadAction","target":["https:\/\/www.smokershop.es\/index.php\/producto\/papel-monkey-king-unbleached-psychodelic\/"]}]},{"@type":"ImageObject","inLanguage":"es","@id":"https:\/\/www.smokershop.es\/index.php\/producto\/papel-monkey-king-unbleached-psychodelic\/#primaryimage","url":"https:\/\/www.smokershop.es\/wp-content\/uploads\/2025\/04\/hypno-ks.jpg","contentUrl":"https:\/\/www.smokershop.es\/wp-content\/uploads\/2025\/04\/hypno-ks.jpg","width":1350,"height":1350,"caption":"PAPEL MONKEY KING UNBLEACHED PSYCHODELIC"},{"@type":"BreadcrumbList","@id":"https:\/\/www.smokershop.es\/index.php\/producto\/papel-monkey-king-unbleached-psychodelic\/#breadcrumb","itemListElement":[{"@type":"ListItem","position":1,"name":"Portada","item":"https:\/\/www.smokershop.es\/"},{"@type":"ListItem","position":2,"name":"The Shop","item":"https:\/\/www.smokershop.es\/index.php\/shop\/"},{"@type":"ListItem","position":3,"name":"PAPEL MONKEY KING UNBLEACHED PSYCHODELIC"}]},{"@type":"WebSite","@id":"https:\/\/www.smokershop.es\/#website","url":"https:\/\/www.smokershop.es\/","name":"The Smoker&#039;s Shop","description":"Todo para los fumadores","publisher":{"@id":"https:\/\/www.smokershop.es\/#organization"},"potentialAction":[{"@type":"SearchAction","target":{"@type":"EntryPoint","urlTemplate":"https:\/\/www.smokershop.es\/?s={search_term_string}"},"query-input":{"@type":"PropertyValueSpecification","valueRequired":true,"valueName":"search_term_string"}}],"inLanguage":"es"},{"@type":"Organization","@id":"https:\/\/www.smokershop.es\/#organization","name":"The Smoker&#039;s Shop","url":"https:\/\/www.smokershop.es\/","logo":{"@type":"ImageObject","inLanguage":"es","@id":"https:\/\/www.smokershop.es\/#\/schema\/logo\/image\/","url":"https:\/\/www.smokershop.es\/wp-content\/uploads\/2023\/10\/smokershop-logo.png","contentUrl":"https:\/\/www.smokershop.es\/wp-content\/uploads\/2023\/10\/smokershop-logo.png","width":1711,"height":752,"caption":"The Smoker&#039;s Shop"},"image":{"@id":"https:\/\/www.smokershop.es\/#\/schema\/logo\/image\/"},"sameAs":["https:\/\/www.instagram.com\/thesmokersshopofficial"]}]}},"_links":{"self":[{"href":"https:\/\/www.smokershop.es\/index.php\/wp-json\/wp\/v2\/product\/2766","targetHints":{"allow":["GET"]}}],"collection":[{"href":"https:\/\/www.smokershop.es\/index.php\/wp-json\/wp\/v2\/product"}],"about":[{"href":"https:\/\/www.smokershop.es\/index.php\/wp-json\/wp\/v2\/types\/product"}],"wp:featuredmedia":[{"embeddable":true,"href":"https:\/\/www.smokershop.es\/index.php\/wp-json\/wp\/v2\/media\/3594"}],"wp:attachment":[{"href":"https:\/\/www.smokershop.es\/index.php\/wp-json\/wp\/v2\/media?parent=2766"}],"wp:term":[{"taxonomy":"product_brand","embeddable":true,"href":"https:\/\/www.smokershop.es\/index.php\/wp-json\/wp\/v2\/product_brand?post=2766"},{"taxonomy":"product_cat","embeddable":true,"href":"https:\/\/www.smokershop.es\/index.php\/wp-json\/wp\/v2\/product_cat?post=2766"},{"taxonomy":"product_tag","embeddable":true,"href":"https:\/\/www.smokershop.es\/index.php\/wp-json\/wp\/v2\/product_tag?post=2766"}],"curies":[{"name":"wp","href":"https:\/\/api.w.org\/{rel}","templated":true}]}}