{"id":2802,"date":"2025-04-24T18:38:24","date_gmt":"2025-04-24T16:38:24","guid":{"rendered":"https:\/\/www.smokershop.es\/?post_type=product&#038;p=2802"},"modified":"2025-11-09T03:43:59","modified_gmt":"2025-11-09T02:43:59","slug":"caja-monkey-tin-box-skull","status":"publish","type":"product","link":"https:\/\/www.smokershop.es\/index.php\/producto\/caja-monkey-tin-box-skull\/","title":{"rendered":"CAJA MONKEY TIN BOX SKULL"},"content":{"rendered":"<p>CAJA MONKEY TIN BOX SKULL<\/p>\n<div class=\"lRu31\" dir=\"ltr\"><span class=\"HwtZe\" lang=\"es\"><span class=\"jCAhz ChMk0b\"><span class=\"ryNqvb\">Con sus generosas dimensiones de 11,5 cm de largo, 6 cm de ancho y 2 cm de alto, Monkey King ofrece un amplio espacio para guardar de forma segura los elementos esenciales para fumar, como papel de liar, encendedores e hierbas.<\/span><\/span> <\/span><\/div>\n<div dir=\"ltr\"><\/div>\n<div class=\"lRu31\" dir=\"ltr\"><span class=\"HwtZe\" lang=\"es\"><span class=\"jCAhz ChMk0b\"><span class=\"ryNqvb\">Lo que hace que este producto sea verdaderamente \u00fanico es su espacio y sus dise\u00f1os.<br \/>\n<\/span><\/span><\/span><\/div>\n<div dir=\"ltr\"><\/div>\n<div class=\"lRu31\" dir=\"ltr\"><span class=\"HwtZe\" lang=\"es\"> <span class=\"jCAhz ChMk0b\"><span class=\"ryNqvb\">Esta colecci\u00f3n viene en tres dise\u00f1os \u00fanicos, que le permiten expresar su estilo personal.<\/span><\/span> <\/span><\/div>\n<div dir=\"ltr\"><\/div>\n<div class=\"lRu31\" dir=\"ltr\">\n<p><span class=\"HwtZe\" lang=\"es\"><span class=\"jCAhz ChMk0b\"><span class=\"ryNqvb\">Pero hay m\u00e1s en la Caja Monkey Tin Box Skull que solo su atractivo visual.<\/span><\/span> <span class=\"jCAhz ChMk0b\"><span class=\"ryNqvb\">Fabricada con hojalata de metal de alta calidad, esta caja de almacenamiento garantiza la seguridad de sus accesorios.<\/span><\/span> <span class=\"jCAhz ChMk0b\"><span class=\"ryNqvb\">Su construcci\u00f3n robusta lo convierte en la opci\u00f3n ideal para el uso diario y lo protege del desgaste con el paso del tiempo.<\/span><\/span><\/span><\/p>\n<\/div>\n","protected":false},"excerpt":{"rendered":"<ul>\n<li>11,5 cm de largo. 6 cm de ancho. 2 cm de alt<\/li>\n<li>Material: metal<\/li>\n<li>Tres modelos diferentes<\/li>\n<\/ul>\n<p>&nbsp;<\/p>\n<ul>\n<li>Para Profesionales -&gt; 18 unidades por caja<\/li>\n<\/ul>\n","protected":false},"featured_media":3589,"template":"","meta":{"_joinchat":[]},"product_brand":[],"product_cat":[49,52],"product_tag":[],"class_list":{"0":"post-2802","1":"product","2":"type-product","3":"status-publish","4":"has-post-thumbnail","6":"product_cat-almacenamiento","7":"product_cat-cajas","9":"first","10":"instock","11":"taxable","12":"shipping-taxable","13":"purchasable","14":"product-type-variable"},"yoast_head":"<!-- This site is optimized with the Yoast SEO plugin v27.2 - https:\/\/yoast.com\/product\/yoast-seo-wordpress\/ -->\n<title>CAJA MONKEY TIN BOX SKULL - The Smoker&#039;s Shop<\/title>\n<meta name=\"description\" content=\"CAJA MONKEY TIN BOX SKULL. La caja porta tabaco Met\u00e1lica Monkey con sus generosas dimensiones de 11,5 cm de largo, 6 cm de ancho y 2 cm de alto.\" \/>\n<meta name=\"robots\" content=\"index, follow, max-snippet:-1, max-image-preview:large, max-video-preview:-1\" \/>\n<link rel=\"canonical\" href=\"https:\/\/www.smokershop.es\/index.php\/producto\/caja-monkey-tin-box-skull\/\" \/>\n<meta property=\"og:locale\" content=\"es_ES\" \/>\n<meta property=\"og:type\" content=\"article\" \/>\n<meta property=\"og:title\" content=\"CAJA MONKEY TIN BOX SKULL - The Smoker&#039;s Shop\" \/>\n<meta property=\"og:description\" content=\"CAJA MONKEY TIN BOX SKULL. La caja porta tabaco Met\u00e1lica Monkey con sus generosas dimensiones de 11,5 cm de largo, 6 cm de ancho y 2 cm de alto.\" \/>\n<meta property=\"og:url\" content=\"https:\/\/www.smokershop.es\/index.php\/producto\/caja-monkey-tin-box-skull\/\" \/>\n<meta property=\"og:site_name\" content=\"The Smoker&#039;s Shop\" \/>\n<meta property=\"article:modified_time\" content=\"2025-11-09T02:43:59+00:00\" \/>\n<meta property=\"og:image\" content=\"https:\/\/www.smokershop.es\/wp-content\/uploads\/2025\/04\/TIN-BOX-SKULL.jpg\" \/>\n\t<meta property=\"og:image:width\" content=\"1350\" \/>\n\t<meta property=\"og:image:height\" content=\"1350\" \/>\n\t<meta property=\"og:image:type\" content=\"image\/jpeg\" \/>\n<meta name=\"twitter:card\" content=\"summary_large_image\" \/>\n<meta name=\"twitter:label1\" content=\"Tiempo de lectura\" \/>\n\t<meta name=\"twitter:data1\" content=\"1 minuto\" \/>\n<script type=\"application\/ld+json\" class=\"yoast-schema-graph\">{\"@context\":\"https:\/\/schema.org\",\"@graph\":[{\"@type\":\"WebPage\",\"@id\":\"https:\/\/www.smokershop.es\/index.php\/producto\/caja-monkey-tin-box-skull\/\",\"url\":\"https:\/\/www.smokershop.es\/index.php\/producto\/caja-monkey-tin-box-skull\/\",\"name\":\"CAJA MONKEY TIN BOX SKULL - The Smoker&#039;s Shop\",\"isPartOf\":{\"@id\":\"https:\/\/www.smokershop.es\/#website\"},\"primaryImageOfPage\":{\"@id\":\"https:\/\/www.smokershop.es\/index.php\/producto\/caja-monkey-tin-box-skull\/#primaryimage\"},\"image\":{\"@id\":\"https:\/\/www.smokershop.es\/index.php\/producto\/caja-monkey-tin-box-skull\/#primaryimage\"},\"thumbnailUrl\":\"https:\/\/www.smokershop.es\/wp-content\/uploads\/2025\/04\/TIN-BOX-SKULL.jpg\",\"datePublished\":\"2025-04-24T16:38:24+00:00\",\"dateModified\":\"2025-11-09T02:43:59+00:00\",\"description\":\"CAJA MONKEY TIN BOX SKULL. La caja porta tabaco Met\u00e1lica Monkey con sus generosas dimensiones de 11,5 cm de largo, 6 cm de ancho y 2 cm de alto.\",\"breadcrumb\":{\"@id\":\"https:\/\/www.smokershop.es\/index.php\/producto\/caja-monkey-tin-box-skull\/#breadcrumb\"},\"inLanguage\":\"es\",\"potentialAction\":[{\"@type\":\"ReadAction\",\"target\":[\"https:\/\/www.smokershop.es\/index.php\/producto\/caja-monkey-tin-box-skull\/\"]}]},{\"@type\":\"ImageObject\",\"inLanguage\":\"es\",\"@id\":\"https:\/\/www.smokershop.es\/index.php\/producto\/caja-monkey-tin-box-skull\/#primaryimage\",\"url\":\"https:\/\/www.smokershop.es\/wp-content\/uploads\/2025\/04\/TIN-BOX-SKULL.jpg\",\"contentUrl\":\"https:\/\/www.smokershop.es\/wp-content\/uploads\/2025\/04\/TIN-BOX-SKULL.jpg\",\"width\":1350,\"height\":1350,\"caption\":\"CAJA MONKEY TIN BOX SKULL\"},{\"@type\":\"BreadcrumbList\",\"@id\":\"https:\/\/www.smokershop.es\/index.php\/producto\/caja-monkey-tin-box-skull\/#breadcrumb\",\"itemListElement\":[{\"@type\":\"ListItem\",\"position\":1,\"name\":\"Portada\",\"item\":\"https:\/\/www.smokershop.es\/\"},{\"@type\":\"ListItem\",\"position\":2,\"name\":\"The Shop\",\"item\":\"https:\/\/www.smokershop.es\/index.php\/shop\/\"},{\"@type\":\"ListItem\",\"position\":3,\"name\":\"CAJA MONKEY TIN BOX SKULL\"}]},{\"@type\":\"WebSite\",\"@id\":\"https:\/\/www.smokershop.es\/#website\",\"url\":\"https:\/\/www.smokershop.es\/\",\"name\":\"The Smoker&#039;s Shop\",\"description\":\"Todo para los fumadores\",\"publisher\":{\"@id\":\"https:\/\/www.smokershop.es\/#organization\"},\"potentialAction\":[{\"@type\":\"SearchAction\",\"target\":{\"@type\":\"EntryPoint\",\"urlTemplate\":\"https:\/\/www.smokershop.es\/?s={search_term_string}\"},\"query-input\":{\"@type\":\"PropertyValueSpecification\",\"valueRequired\":true,\"valueName\":\"search_term_string\"}}],\"inLanguage\":\"es\"},{\"@type\":\"Organization\",\"@id\":\"https:\/\/www.smokershop.es\/#organization\",\"name\":\"The Smoker&#039;s Shop\",\"url\":\"https:\/\/www.smokershop.es\/\",\"logo\":{\"@type\":\"ImageObject\",\"inLanguage\":\"es\",\"@id\":\"https:\/\/www.smokershop.es\/#\/schema\/logo\/image\/\",\"url\":\"https:\/\/www.smokershop.es\/wp-content\/uploads\/2023\/10\/smokershop-logo.png\",\"contentUrl\":\"https:\/\/www.smokershop.es\/wp-content\/uploads\/2023\/10\/smokershop-logo.png\",\"width\":1711,\"height\":752,\"caption\":\"The Smoker&#039;s Shop\"},\"image\":{\"@id\":\"https:\/\/www.smokershop.es\/#\/schema\/logo\/image\/\"},\"sameAs\":[\"https:\/\/www.instagram.com\/thesmokersshopofficial\"]}]}<\/script>\n<!-- \/ Yoast SEO plugin. -->","yoast_head_json":{"title":"CAJA MONKEY TIN BOX SKULL - The Smoker&#039;s Shop","description":"CAJA MONKEY TIN BOX SKULL. La caja porta tabaco Met\u00e1lica Monkey con sus generosas dimensiones de 11,5 cm de largo, 6 cm de ancho y 2 cm de alto.","robots":{"index":"index","follow":"follow","max-snippet":"max-snippet:-1","max-image-preview":"max-image-preview:large","max-video-preview":"max-video-preview:-1"},"canonical":"https:\/\/www.smokershop.es\/index.php\/producto\/caja-monkey-tin-box-skull\/","og_locale":"es_ES","og_type":"article","og_title":"CAJA MONKEY TIN BOX SKULL - The Smoker&#039;s Shop","og_description":"CAJA MONKEY TIN BOX SKULL. La caja porta tabaco Met\u00e1lica Monkey con sus generosas dimensiones de 11,5 cm de largo, 6 cm de ancho y 2 cm de alto.","og_url":"https:\/\/www.smokershop.es\/index.php\/producto\/caja-monkey-tin-box-skull\/","og_site_name":"The Smoker&#039;s Shop","article_modified_time":"2025-11-09T02:43:59+00:00","og_image":[{"width":1350,"height":1350,"url":"https:\/\/www.smokershop.es\/wp-content\/uploads\/2025\/04\/TIN-BOX-SKULL.jpg","type":"image\/jpeg"}],"twitter_card":"summary_large_image","twitter_misc":{"Tiempo de lectura":"1 minuto"},"schema":{"@context":"https:\/\/schema.org","@graph":[{"@type":"WebPage","@id":"https:\/\/www.smokershop.es\/index.php\/producto\/caja-monkey-tin-box-skull\/","url":"https:\/\/www.smokershop.es\/index.php\/producto\/caja-monkey-tin-box-skull\/","name":"CAJA MONKEY TIN BOX SKULL - The Smoker&#039;s Shop","isPartOf":{"@id":"https:\/\/www.smokershop.es\/#website"},"primaryImageOfPage":{"@id":"https:\/\/www.smokershop.es\/index.php\/producto\/caja-monkey-tin-box-skull\/#primaryimage"},"image":{"@id":"https:\/\/www.smokershop.es\/index.php\/producto\/caja-monkey-tin-box-skull\/#primaryimage"},"thumbnailUrl":"https:\/\/www.smokershop.es\/wp-content\/uploads\/2025\/04\/TIN-BOX-SKULL.jpg","datePublished":"2025-04-24T16:38:24+00:00","dateModified":"2025-11-09T02:43:59+00:00","description":"CAJA MONKEY TIN BOX SKULL. La caja porta tabaco Met\u00e1lica Monkey con sus generosas dimensiones de 11,5 cm de largo, 6 cm de ancho y 2 cm de alto.","breadcrumb":{"@id":"https:\/\/www.smokershop.es\/index.php\/producto\/caja-monkey-tin-box-skull\/#breadcrumb"},"inLanguage":"es","potentialAction":[{"@type":"ReadAction","target":["https:\/\/www.smokershop.es\/index.php\/producto\/caja-monkey-tin-box-skull\/"]}]},{"@type":"ImageObject","inLanguage":"es","@id":"https:\/\/www.smokershop.es\/index.php\/producto\/caja-monkey-tin-box-skull\/#primaryimage","url":"https:\/\/www.smokershop.es\/wp-content\/uploads\/2025\/04\/TIN-BOX-SKULL.jpg","contentUrl":"https:\/\/www.smokershop.es\/wp-content\/uploads\/2025\/04\/TIN-BOX-SKULL.jpg","width":1350,"height":1350,"caption":"CAJA MONKEY TIN BOX SKULL"},{"@type":"BreadcrumbList","@id":"https:\/\/www.smokershop.es\/index.php\/producto\/caja-monkey-tin-box-skull\/#breadcrumb","itemListElement":[{"@type":"ListItem","position":1,"name":"Portada","item":"https:\/\/www.smokershop.es\/"},{"@type":"ListItem","position":2,"name":"The Shop","item":"https:\/\/www.smokershop.es\/index.php\/shop\/"},{"@type":"ListItem","position":3,"name":"CAJA MONKEY TIN BOX SKULL"}]},{"@type":"WebSite","@id":"https:\/\/www.smokershop.es\/#website","url":"https:\/\/www.smokershop.es\/","name":"The Smoker&#039;s Shop","description":"Todo para los fumadores","publisher":{"@id":"https:\/\/www.smokershop.es\/#organization"},"potentialAction":[{"@type":"SearchAction","target":{"@type":"EntryPoint","urlTemplate":"https:\/\/www.smokershop.es\/?s={search_term_string}"},"query-input":{"@type":"PropertyValueSpecification","valueRequired":true,"valueName":"search_term_string"}}],"inLanguage":"es"},{"@type":"Organization","@id":"https:\/\/www.smokershop.es\/#organization","name":"The Smoker&#039;s Shop","url":"https:\/\/www.smokershop.es\/","logo":{"@type":"ImageObject","inLanguage":"es","@id":"https:\/\/www.smokershop.es\/#\/schema\/logo\/image\/","url":"https:\/\/www.smokershop.es\/wp-content\/uploads\/2023\/10\/smokershop-logo.png","contentUrl":"https:\/\/www.smokershop.es\/wp-content\/uploads\/2023\/10\/smokershop-logo.png","width":1711,"height":752,"caption":"The Smoker&#039;s Shop"},"image":{"@id":"https:\/\/www.smokershop.es\/#\/schema\/logo\/image\/"},"sameAs":["https:\/\/www.instagram.com\/thesmokersshopofficial"]}]}},"_links":{"self":[{"href":"https:\/\/www.smokershop.es\/index.php\/wp-json\/wp\/v2\/product\/2802","targetHints":{"allow":["GET"]}}],"collection":[{"href":"https:\/\/www.smokershop.es\/index.php\/wp-json\/wp\/v2\/product"}],"about":[{"href":"https:\/\/www.smokershop.es\/index.php\/wp-json\/wp\/v2\/types\/product"}],"wp:featuredmedia":[{"embeddable":true,"href":"https:\/\/www.smokershop.es\/index.php\/wp-json\/wp\/v2\/media\/3589"}],"wp:attachment":[{"href":"https:\/\/www.smokershop.es\/index.php\/wp-json\/wp\/v2\/media?parent=2802"}],"wp:term":[{"taxonomy":"product_brand","embeddable":true,"href":"https:\/\/www.smokershop.es\/index.php\/wp-json\/wp\/v2\/product_brand?post=2802"},{"taxonomy":"product_cat","embeddable":true,"href":"https:\/\/www.smokershop.es\/index.php\/wp-json\/wp\/v2\/product_cat?post=2802"},{"taxonomy":"product_tag","embeddable":true,"href":"https:\/\/www.smokershop.es\/index.php\/wp-json\/wp\/v2\/product_tag?post=2802"}],"curies":[{"name":"wp","href":"https:\/\/api.w.org\/{rel}","templated":true}]}}