{"id":2814,"date":"2025-04-24T19:11:01","date_gmt":"2025-04-24T17:11:01","guid":{"rendered":"https:\/\/www.smokershop.es\/?post_type=product&#038;p=2814"},"modified":"2025-09-29T15:37:04","modified_gmt":"2025-09-29T13:37:04","slug":"caja-monkey-metalic-box-pink-2","status":"publish","type":"product","link":"https:\/\/www.smokershop.es\/index.php\/producto\/caja-monkey-metalic-box-pink-2\/","title":{"rendered":"CAJA MONKEY METALIC BOX PINK 2"},"content":{"rendered":"<p>CAJA MONKEY METALIC BOX PINK 2<\/p>\n<div class=\"lRu31\" dir=\"ltr\"><span class=\"HwtZe\" lang=\"es\"><span class=\"jCAhz ChMk0b\"><span class=\"ryNqvb\">Con sus generosas dimensiones de 19,5cm de largo, 15,5cm de ancho y 5,5 cm de alto, Monkey King ofrece un amplio espacio para guardar de forma segura los elementos esenciales para fumar, como papel de liar, encendedores, hierbas y dem\u00e1s parafernalia.<\/span><\/span><\/span><\/div>\n<div dir=\"ltr\"><\/div>\n<div class=\"lRu31\" dir=\"ltr\"><span class=\"HwtZe\" lang=\"es\"><span class=\"jCAhz ChMk0b\"><span class=\"ryNqvb\">Lo que hace que este producto sea verdaderamente \u00fanico es su espacio y sus dise\u00f1os con motivos espaciales y de lo m\u00e1s originales.<\/span><\/span><\/span><\/div>\n<div dir=\"ltr\"><\/div>\n<div dir=\"ltr\"><span class=\"jCAhz ChMk0b\"><span class=\"ryNqvb\">Pero hay m\u00e1s en la Caja Monkey Metalic Box Pink 2 que solo su atractivo visual.<\/span><\/span> <span class=\"jCAhz ChMk0b\"><span class=\"ryNqvb\">Fabricada con hojalata de metal de alta calidad, esta caja de almacenamiento garantiza la seguridad de tus accesorios.<\/span><\/span> <span class=\"jCAhz ChMk0b\"><span class=\"ryNqvb\">Su construcci\u00f3n robusta lo convierte en la opci\u00f3n ideal para el uso diario y lo protege del desgaste con el paso del tiempo.<\/span><\/span><\/div>\n","protected":false},"excerpt":{"rendered":"<ul>\n<li><span class=\"HwtZe\" lang=\"es\"><span class=\"jCAhz ChMk0b\"><span class=\"ryNqvb\">19,5cm de largo, 15,5cm de ancho y 5,5 cm de alto.<\/span><\/span><\/span><\/li>\n<li>Material: metal.<\/li>\n<\/ul>\n","protected":false},"featured_media":2816,"template":"","meta":{"_joinchat":[]},"product_brand":[],"product_cat":[49,52],"product_tag":[],"class_list":{"0":"post-2814","1":"product","2":"type-product","3":"status-publish","4":"has-post-thumbnail","6":"product_cat-almacenamiento","7":"product_cat-cajas","9":"first","10":"outofstock","11":"taxable","12":"shipping-taxable","13":"purchasable","14":"product-type-simple"},"yoast_head":"<!-- This site is optimized with the Yoast SEO plugin v27.2 - https:\/\/yoast.com\/product\/yoast-seo-wordpress\/ -->\n<title>CAJA MONKEY METALIC BOX PINK 2 - The Smoker&#039;s Shop<\/title>\n<meta name=\"description\" content=\"CAJA MONKEY METALIC BOX PINK 2 con sus 19,5cm de largo, 15,5cm de ancho y 5,5 cm de alto son perfectas para guardar toda tu parafernalia de fumador.\" \/>\n<meta name=\"robots\" content=\"index, follow, max-snippet:-1, max-image-preview:large, max-video-preview:-1\" \/>\n<link rel=\"canonical\" href=\"https:\/\/www.smokershop.es\/index.php\/producto\/caja-monkey-metalic-box-pink-2\/\" \/>\n<meta property=\"og:locale\" content=\"es_ES\" \/>\n<meta property=\"og:type\" content=\"article\" \/>\n<meta property=\"og:title\" content=\"CAJA MONKEY METALIC BOX PINK 2 - The Smoker&#039;s Shop\" \/>\n<meta property=\"og:description\" content=\"CAJA MONKEY METALIC BOX PINK 2 con sus 19,5cm de largo, 15,5cm de ancho y 5,5 cm de alto son perfectas para guardar toda tu parafernalia de fumador.\" \/>\n<meta property=\"og:url\" content=\"https:\/\/www.smokershop.es\/index.php\/producto\/caja-monkey-metalic-box-pink-2\/\" \/>\n<meta property=\"og:site_name\" content=\"The Smoker&#039;s Shop\" \/>\n<meta property=\"article:modified_time\" content=\"2025-09-29T13:37:04+00:00\" \/>\n<meta property=\"og:image\" content=\"https:\/\/www.smokershop.es\/wp-content\/uploads\/2025\/04\/CAJA-MONKEY-METALIC-BOX-PINK-2-1-scaled.jpg\" \/>\n\t<meta property=\"og:image:width\" content=\"2560\" \/>\n\t<meta property=\"og:image:height\" content=\"2072\" \/>\n\t<meta property=\"og:image:type\" content=\"image\/jpeg\" \/>\n<meta name=\"twitter:card\" content=\"summary_large_image\" \/>\n<meta name=\"twitter:label1\" content=\"Tiempo de lectura\" \/>\n\t<meta name=\"twitter:data1\" content=\"1 minuto\" \/>\n<script type=\"application\/ld+json\" class=\"yoast-schema-graph\">{\"@context\":\"https:\/\/schema.org\",\"@graph\":[{\"@type\":\"WebPage\",\"@id\":\"https:\/\/www.smokershop.es\/index.php\/producto\/caja-monkey-metalic-box-pink-2\/\",\"url\":\"https:\/\/www.smokershop.es\/index.php\/producto\/caja-monkey-metalic-box-pink-2\/\",\"name\":\"CAJA MONKEY METALIC BOX PINK 2 - The Smoker&#039;s Shop\",\"isPartOf\":{\"@id\":\"https:\/\/www.smokershop.es\/#website\"},\"primaryImageOfPage\":{\"@id\":\"https:\/\/www.smokershop.es\/index.php\/producto\/caja-monkey-metalic-box-pink-2\/#primaryimage\"},\"image\":{\"@id\":\"https:\/\/www.smokershop.es\/index.php\/producto\/caja-monkey-metalic-box-pink-2\/#primaryimage\"},\"thumbnailUrl\":\"https:\/\/www.smokershop.es\/wp-content\/uploads\/2025\/04\/CAJA-MONKEY-METALIC-BOX-PINK-2-1-scaled.jpg\",\"datePublished\":\"2025-04-24T17:11:01+00:00\",\"dateModified\":\"2025-09-29T13:37:04+00:00\",\"description\":\"CAJA MONKEY METALIC BOX PINK 2 con sus 19,5cm de largo, 15,5cm de ancho y 5,5 cm de alto son perfectas para guardar toda tu parafernalia de fumador.\",\"breadcrumb\":{\"@id\":\"https:\/\/www.smokershop.es\/index.php\/producto\/caja-monkey-metalic-box-pink-2\/#breadcrumb\"},\"inLanguage\":\"es\",\"potentialAction\":[{\"@type\":\"ReadAction\",\"target\":[\"https:\/\/www.smokershop.es\/index.php\/producto\/caja-monkey-metalic-box-pink-2\/\"]}]},{\"@type\":\"ImageObject\",\"inLanguage\":\"es\",\"@id\":\"https:\/\/www.smokershop.es\/index.php\/producto\/caja-monkey-metalic-box-pink-2\/#primaryimage\",\"url\":\"https:\/\/www.smokershop.es\/wp-content\/uploads\/2025\/04\/CAJA-MONKEY-METALIC-BOX-PINK-2-1-scaled.jpg\",\"contentUrl\":\"https:\/\/www.smokershop.es\/wp-content\/uploads\/2025\/04\/CAJA-MONKEY-METALIC-BOX-PINK-2-1-scaled.jpg\",\"width\":2560,\"height\":2072,\"caption\":\"19,5cm de largo, 15,5cm de ancho y 5,5 cm de alto. Material: metal.\"},{\"@type\":\"BreadcrumbList\",\"@id\":\"https:\/\/www.smokershop.es\/index.php\/producto\/caja-monkey-metalic-box-pink-2\/#breadcrumb\",\"itemListElement\":[{\"@type\":\"ListItem\",\"position\":1,\"name\":\"Portada\",\"item\":\"https:\/\/www.smokershop.es\/\"},{\"@type\":\"ListItem\",\"position\":2,\"name\":\"The Shop\",\"item\":\"https:\/\/www.smokershop.es\/index.php\/shop\/\"},{\"@type\":\"ListItem\",\"position\":3,\"name\":\"CAJA MONKEY METALIC BOX PINK 2\"}]},{\"@type\":\"WebSite\",\"@id\":\"https:\/\/www.smokershop.es\/#website\",\"url\":\"https:\/\/www.smokershop.es\/\",\"name\":\"The Smoker&#039;s Shop\",\"description\":\"Todo para los fumadores\",\"publisher\":{\"@id\":\"https:\/\/www.smokershop.es\/#organization\"},\"potentialAction\":[{\"@type\":\"SearchAction\",\"target\":{\"@type\":\"EntryPoint\",\"urlTemplate\":\"https:\/\/www.smokershop.es\/?s={search_term_string}\"},\"query-input\":{\"@type\":\"PropertyValueSpecification\",\"valueRequired\":true,\"valueName\":\"search_term_string\"}}],\"inLanguage\":\"es\"},{\"@type\":\"Organization\",\"@id\":\"https:\/\/www.smokershop.es\/#organization\",\"name\":\"The Smoker&#039;s Shop\",\"url\":\"https:\/\/www.smokershop.es\/\",\"logo\":{\"@type\":\"ImageObject\",\"inLanguage\":\"es\",\"@id\":\"https:\/\/www.smokershop.es\/#\/schema\/logo\/image\/\",\"url\":\"https:\/\/www.smokershop.es\/wp-content\/uploads\/2023\/10\/smokershop-logo.png\",\"contentUrl\":\"https:\/\/www.smokershop.es\/wp-content\/uploads\/2023\/10\/smokershop-logo.png\",\"width\":1711,\"height\":752,\"caption\":\"The Smoker&#039;s Shop\"},\"image\":{\"@id\":\"https:\/\/www.smokershop.es\/#\/schema\/logo\/image\/\"},\"sameAs\":[\"https:\/\/www.instagram.com\/thesmokersshopofficial\"]}]}<\/script>\n<!-- \/ Yoast SEO plugin. -->","yoast_head_json":{"title":"CAJA MONKEY METALIC BOX PINK 2 - The Smoker&#039;s Shop","description":"CAJA MONKEY METALIC BOX PINK 2 con sus 19,5cm de largo, 15,5cm de ancho y 5,5 cm de alto son perfectas para guardar toda tu parafernalia de fumador.","robots":{"index":"index","follow":"follow","max-snippet":"max-snippet:-1","max-image-preview":"max-image-preview:large","max-video-preview":"max-video-preview:-1"},"canonical":"https:\/\/www.smokershop.es\/index.php\/producto\/caja-monkey-metalic-box-pink-2\/","og_locale":"es_ES","og_type":"article","og_title":"CAJA MONKEY METALIC BOX PINK 2 - The Smoker&#039;s Shop","og_description":"CAJA MONKEY METALIC BOX PINK 2 con sus 19,5cm de largo, 15,5cm de ancho y 5,5 cm de alto son perfectas para guardar toda tu parafernalia de fumador.","og_url":"https:\/\/www.smokershop.es\/index.php\/producto\/caja-monkey-metalic-box-pink-2\/","og_site_name":"The Smoker&#039;s Shop","article_modified_time":"2025-09-29T13:37:04+00:00","og_image":[{"width":2560,"height":2072,"url":"https:\/\/www.smokershop.es\/wp-content\/uploads\/2025\/04\/CAJA-MONKEY-METALIC-BOX-PINK-2-1-scaled.jpg","type":"image\/jpeg"}],"twitter_card":"summary_large_image","twitter_misc":{"Tiempo de lectura":"1 minuto"},"schema":{"@context":"https:\/\/schema.org","@graph":[{"@type":"WebPage","@id":"https:\/\/www.smokershop.es\/index.php\/producto\/caja-monkey-metalic-box-pink-2\/","url":"https:\/\/www.smokershop.es\/index.php\/producto\/caja-monkey-metalic-box-pink-2\/","name":"CAJA MONKEY METALIC BOX PINK 2 - The Smoker&#039;s Shop","isPartOf":{"@id":"https:\/\/www.smokershop.es\/#website"},"primaryImageOfPage":{"@id":"https:\/\/www.smokershop.es\/index.php\/producto\/caja-monkey-metalic-box-pink-2\/#primaryimage"},"image":{"@id":"https:\/\/www.smokershop.es\/index.php\/producto\/caja-monkey-metalic-box-pink-2\/#primaryimage"},"thumbnailUrl":"https:\/\/www.smokershop.es\/wp-content\/uploads\/2025\/04\/CAJA-MONKEY-METALIC-BOX-PINK-2-1-scaled.jpg","datePublished":"2025-04-24T17:11:01+00:00","dateModified":"2025-09-29T13:37:04+00:00","description":"CAJA MONKEY METALIC BOX PINK 2 con sus 19,5cm de largo, 15,5cm de ancho y 5,5 cm de alto son perfectas para guardar toda tu parafernalia de fumador.","breadcrumb":{"@id":"https:\/\/www.smokershop.es\/index.php\/producto\/caja-monkey-metalic-box-pink-2\/#breadcrumb"},"inLanguage":"es","potentialAction":[{"@type":"ReadAction","target":["https:\/\/www.smokershop.es\/index.php\/producto\/caja-monkey-metalic-box-pink-2\/"]}]},{"@type":"ImageObject","inLanguage":"es","@id":"https:\/\/www.smokershop.es\/index.php\/producto\/caja-monkey-metalic-box-pink-2\/#primaryimage","url":"https:\/\/www.smokershop.es\/wp-content\/uploads\/2025\/04\/CAJA-MONKEY-METALIC-BOX-PINK-2-1-scaled.jpg","contentUrl":"https:\/\/www.smokershop.es\/wp-content\/uploads\/2025\/04\/CAJA-MONKEY-METALIC-BOX-PINK-2-1-scaled.jpg","width":2560,"height":2072,"caption":"19,5cm de largo, 15,5cm de ancho y 5,5 cm de alto. Material: metal."},{"@type":"BreadcrumbList","@id":"https:\/\/www.smokershop.es\/index.php\/producto\/caja-monkey-metalic-box-pink-2\/#breadcrumb","itemListElement":[{"@type":"ListItem","position":1,"name":"Portada","item":"https:\/\/www.smokershop.es\/"},{"@type":"ListItem","position":2,"name":"The Shop","item":"https:\/\/www.smokershop.es\/index.php\/shop\/"},{"@type":"ListItem","position":3,"name":"CAJA MONKEY METALIC BOX PINK 2"}]},{"@type":"WebSite","@id":"https:\/\/www.smokershop.es\/#website","url":"https:\/\/www.smokershop.es\/","name":"The Smoker&#039;s Shop","description":"Todo para los fumadores","publisher":{"@id":"https:\/\/www.smokershop.es\/#organization"},"potentialAction":[{"@type":"SearchAction","target":{"@type":"EntryPoint","urlTemplate":"https:\/\/www.smokershop.es\/?s={search_term_string}"},"query-input":{"@type":"PropertyValueSpecification","valueRequired":true,"valueName":"search_term_string"}}],"inLanguage":"es"},{"@type":"Organization","@id":"https:\/\/www.smokershop.es\/#organization","name":"The Smoker&#039;s Shop","url":"https:\/\/www.smokershop.es\/","logo":{"@type":"ImageObject","inLanguage":"es","@id":"https:\/\/www.smokershop.es\/#\/schema\/logo\/image\/","url":"https:\/\/www.smokershop.es\/wp-content\/uploads\/2023\/10\/smokershop-logo.png","contentUrl":"https:\/\/www.smokershop.es\/wp-content\/uploads\/2023\/10\/smokershop-logo.png","width":1711,"height":752,"caption":"The Smoker&#039;s Shop"},"image":{"@id":"https:\/\/www.smokershop.es\/#\/schema\/logo\/image\/"},"sameAs":["https:\/\/www.instagram.com\/thesmokersshopofficial"]}]}},"_links":{"self":[{"href":"https:\/\/www.smokershop.es\/index.php\/wp-json\/wp\/v2\/product\/2814","targetHints":{"allow":["GET"]}}],"collection":[{"href":"https:\/\/www.smokershop.es\/index.php\/wp-json\/wp\/v2\/product"}],"about":[{"href":"https:\/\/www.smokershop.es\/index.php\/wp-json\/wp\/v2\/types\/product"}],"wp:featuredmedia":[{"embeddable":true,"href":"https:\/\/www.smokershop.es\/index.php\/wp-json\/wp\/v2\/media\/2816"}],"wp:attachment":[{"href":"https:\/\/www.smokershop.es\/index.php\/wp-json\/wp\/v2\/media?parent=2814"}],"wp:term":[{"taxonomy":"product_brand","embeddable":true,"href":"https:\/\/www.smokershop.es\/index.php\/wp-json\/wp\/v2\/product_brand?post=2814"},{"taxonomy":"product_cat","embeddable":true,"href":"https:\/\/www.smokershop.es\/index.php\/wp-json\/wp\/v2\/product_cat?post=2814"},{"taxonomy":"product_tag","embeddable":true,"href":"https:\/\/www.smokershop.es\/index.php\/wp-json\/wp\/v2\/product_tag?post=2814"}],"curies":[{"name":"wp","href":"https:\/\/api.w.org\/{rel}","templated":true}]}}