{"id":2864,"date":"2025-05-22T20:08:23","date_gmt":"2025-05-22T18:08:23","guid":{"rendered":"https:\/\/www.smokershop.es\/?post_type=product&#038;p=2864"},"modified":"2026-04-10T14:57:33","modified_gmt":"2026-04-10T12:57:33","slug":"flor-aromatica-mimosa-de-monkey-king","status":"publish","type":"product","link":"https:\/\/www.smokershop.es\/index.php\/producto\/flor-aromatica-mimosa-de-monkey-king\/","title":{"rendered":"FLOR AROMATICA MIMOSA DE MONKEY KING"},"content":{"rendered":"<p>FLOR AROMATICA MIMOSA DE MONKEY KING<\/p>\n<p>Nuestra flor arom\u00e1tica Mimosa de Monkey King, ha sido cultivada con mimo en entornos controlados para garantizar una calidad superior. Cada flor es el resultado de una selecci\u00f3n cuidadosa de gen\u00e9ticas ricas en CBD, cultivadas sin pesticidas ni qu\u00edmicos y secadas para conservar todo su sabor, aroma y potencia.<\/p>\n<p>Monkey King es sin\u00f3nimo de calidad. Si buscas flores premium, esta es tu mejor elecci\u00f3n.<\/p>\n<p>Uso externo, producto decorativo. No inhalar, Semilla certificada UE seg\u00fan real decreto 1729\/1999. Todos los productos comercializados por Monkey King cumplen con las leyes europeas sobre el cultivo de c\u00e1\u00f1amo. Para seguir cumpliendo con la legislaci\u00f3n vigente, nuestra empresa no defiende las virtudes terap\u00e9uticas de los productos que comercializamos. NO APTO USO HUMANO.<\/p>\n<p>-BIOMASA DECORATIVA, lot: fh30062114cartellino b30497202000003 canapa Carmagnola n974400541939 THC INFERIOR AL 0,2%, SEMILLA CERTIFICADA POR LA UE. CONFORME REAL DECRETO 1729\/1999 Y EU 1307\/2013. PRODUCTO NO PSICOACTIVO. NO APTO CONSUMO HUMANO PRODUCIDO EN ITALIA.<\/p>\n","protected":false},"excerpt":{"rendered":"<ul>\n<li class=\"\" data-start=\"658\" data-end=\"730\">\n<p class=\"\" data-start=\"660\" data-end=\"730\">Contenido alto en CBD, dentro de los l\u00edmites legales (&lt;0,2% THC)<\/p>\n<\/li>\n<li class=\"\" data-start=\"731\" data-end=\"804\">\n<p class=\"\" data-start=\"733\" data-end=\"804\">Aromas intensos y complejos: notas c\u00edtricas, terrosas y afrutadas<\/p>\n<\/li>\n<li class=\"\" data-start=\"805\" data-end=\"875\">\n<p class=\"\" data-start=\"807\" data-end=\"875\">Textura resinosa y aspecto impecable gracias al cultivo indoor<\/p>\n<\/li>\n<li class=\"\" data-start=\"876\" data-end=\"916\">\n<p class=\"\" data-start=\"878\" data-end=\"916\">100% natural y libre de aditivos<\/p>\n<\/li>\n<\/ul>\n","protected":false},"featured_media":2892,"template":"","meta":{"_joinchat":[]},"product_brand":[],"product_cat":[56,57],"product_tag":[],"class_list":{"0":"post-2864","1":"product","2":"type-product","3":"status-publish","4":"has-post-thumbnail","6":"product_cat-cbd","7":"product_cat-indoor","9":"first","10":"instock","11":"taxable","12":"shipping-taxable","13":"purchasable","14":"product-type-variable"},"yoast_head":"<!-- This site is optimized with the Yoast SEO plugin v27.4 - https:\/\/yoast.com\/product\/yoast-seo-wordpress\/ -->\n<title>FLOR AROMATICA MIMOSA DE MONKEY KING - The Smoker&#039;s Shop<\/title>\n<meta name=\"description\" content=\"La FLOR AROMATICA MIMOSA DE MONKEY KING de una gran calidad, con un aspecto de lo m\u00e1s apetecible y un aroma y sabor ricos y cuidados es una opci\u00f3n de 10.\" \/>\n<meta name=\"robots\" content=\"index, follow, max-snippet:-1, max-image-preview:large, max-video-preview:-1\" \/>\n<link rel=\"canonical\" href=\"https:\/\/www.smokershop.es\/index.php\/producto\/flor-aromatica-mimosa-de-monkey-king\/\" \/>\n<meta property=\"og:locale\" content=\"es_ES\" \/>\n<meta property=\"og:type\" content=\"article\" \/>\n<meta property=\"og:title\" content=\"FLOR AROMATICA MIMOSA DE MONKEY KING - The Smoker&#039;s Shop\" \/>\n<meta property=\"og:description\" content=\"La FLOR AROMATICA MIMOSA DE MONKEY KING de una gran calidad, con un aspecto de lo m\u00e1s apetecible y un aroma y sabor ricos y cuidados es una opci\u00f3n de 10.\" \/>\n<meta property=\"og:url\" content=\"https:\/\/www.smokershop.es\/index.php\/producto\/flor-aromatica-mimosa-de-monkey-king\/\" \/>\n<meta property=\"og:site_name\" content=\"The Smoker&#039;s Shop\" \/>\n<meta property=\"article:modified_time\" content=\"2026-04-10T12:57:33+00:00\" \/>\n<meta property=\"og:image\" content=\"https:\/\/www.smokershop.es\/wp-content\/uploads\/2025\/05\/WhatsApp-Image-2025-05-21-at-20.36.26-5.jpeg\" \/>\n\t<meta property=\"og:image:width\" content=\"500\" \/>\n\t<meta property=\"og:image:height\" content=\"500\" \/>\n\t<meta property=\"og:image:type\" content=\"image\/jpeg\" \/>\n<meta name=\"twitter:card\" content=\"summary_large_image\" \/>\n<meta name=\"twitter:label1\" content=\"Tiempo de lectura\" \/>\n\t<meta name=\"twitter:data1\" content=\"1 minuto\" \/>\n<script type=\"application\/ld+json\" class=\"yoast-schema-graph\">{\"@context\":\"https:\\\/\\\/schema.org\",\"@graph\":[{\"@type\":\"WebPage\",\"@id\":\"https:\\\/\\\/www.smokershop.es\\\/index.php\\\/producto\\\/flor-aromatica-mimosa-de-monkey-king\\\/\",\"url\":\"https:\\\/\\\/www.smokershop.es\\\/index.php\\\/producto\\\/flor-aromatica-mimosa-de-monkey-king\\\/\",\"name\":\"FLOR AROMATICA MIMOSA DE MONKEY KING - The Smoker&#039;s Shop\",\"isPartOf\":{\"@id\":\"https:\\\/\\\/www.smokershop.es\\\/#website\"},\"primaryImageOfPage\":{\"@id\":\"https:\\\/\\\/www.smokershop.es\\\/index.php\\\/producto\\\/flor-aromatica-mimosa-de-monkey-king\\\/#primaryimage\"},\"image\":{\"@id\":\"https:\\\/\\\/www.smokershop.es\\\/index.php\\\/producto\\\/flor-aromatica-mimosa-de-monkey-king\\\/#primaryimage\"},\"thumbnailUrl\":\"https:\\\/\\\/www.smokershop.es\\\/wp-content\\\/uploads\\\/2025\\\/05\\\/WhatsApp-Image-2025-05-21-at-20.36.26-5.jpeg\",\"datePublished\":\"2025-05-22T18:08:23+00:00\",\"dateModified\":\"2026-04-10T12:57:33+00:00\",\"description\":\"La FLOR AROMATICA MIMOSA DE MONKEY KING de una gran calidad, con un aspecto de lo m\u00e1s apetecible y un aroma y sabor ricos y cuidados es una opci\u00f3n de 10.\",\"breadcrumb\":{\"@id\":\"https:\\\/\\\/www.smokershop.es\\\/index.php\\\/producto\\\/flor-aromatica-mimosa-de-monkey-king\\\/#breadcrumb\"},\"inLanguage\":\"es\",\"potentialAction\":[{\"@type\":\"ReadAction\",\"target\":[\"https:\\\/\\\/www.smokershop.es\\\/index.php\\\/producto\\\/flor-aromatica-mimosa-de-monkey-king\\\/\"]}]},{\"@type\":\"ImageObject\",\"inLanguage\":\"es\",\"@id\":\"https:\\\/\\\/www.smokershop.es\\\/index.php\\\/producto\\\/flor-aromatica-mimosa-de-monkey-king\\\/#primaryimage\",\"url\":\"https:\\\/\\\/www.smokershop.es\\\/wp-content\\\/uploads\\\/2025\\\/05\\\/WhatsApp-Image-2025-05-21-at-20.36.26-5.jpeg\",\"contentUrl\":\"https:\\\/\\\/www.smokershop.es\\\/wp-content\\\/uploads\\\/2025\\\/05\\\/WhatsApp-Image-2025-05-21-at-20.36.26-5.jpeg\",\"width\":500,\"height\":500,\"caption\":\"FLOR AROMATICA MIMOSA DE MONKEY KING\"},{\"@type\":\"BreadcrumbList\",\"@id\":\"https:\\\/\\\/www.smokershop.es\\\/index.php\\\/producto\\\/flor-aromatica-mimosa-de-monkey-king\\\/#breadcrumb\",\"itemListElement\":[{\"@type\":\"ListItem\",\"position\":1,\"name\":\"Portada\",\"item\":\"https:\\\/\\\/www.smokershop.es\\\/\"},{\"@type\":\"ListItem\",\"position\":2,\"name\":\"The Shop\",\"item\":\"https:\\\/\\\/www.smokershop.es\\\/index.php\\\/shop\\\/\"},{\"@type\":\"ListItem\",\"position\":3,\"name\":\"FLOR AROMATICA MIMOSA DE MONKEY KING\"}]},{\"@type\":\"WebSite\",\"@id\":\"https:\\\/\\\/www.smokershop.es\\\/#website\",\"url\":\"https:\\\/\\\/www.smokershop.es\\\/\",\"name\":\"The Smoker&#039;s Shop\",\"description\":\"Todo para los fumadores\",\"publisher\":{\"@id\":\"https:\\\/\\\/www.smokershop.es\\\/#organization\"},\"potentialAction\":[{\"@type\":\"SearchAction\",\"target\":{\"@type\":\"EntryPoint\",\"urlTemplate\":\"https:\\\/\\\/www.smokershop.es\\\/?s={search_term_string}\"},\"query-input\":{\"@type\":\"PropertyValueSpecification\",\"valueRequired\":true,\"valueName\":\"search_term_string\"}}],\"inLanguage\":\"es\"},{\"@type\":\"Organization\",\"@id\":\"https:\\\/\\\/www.smokershop.es\\\/#organization\",\"name\":\"The Smoker&#039;s Shop\",\"url\":\"https:\\\/\\\/www.smokershop.es\\\/\",\"logo\":{\"@type\":\"ImageObject\",\"inLanguage\":\"es\",\"@id\":\"https:\\\/\\\/www.smokershop.es\\\/#\\\/schema\\\/logo\\\/image\\\/\",\"url\":\"https:\\\/\\\/www.smokershop.es\\\/wp-content\\\/uploads\\\/2023\\\/10\\\/smokershop-logo.png\",\"contentUrl\":\"https:\\\/\\\/www.smokershop.es\\\/wp-content\\\/uploads\\\/2023\\\/10\\\/smokershop-logo.png\",\"width\":1711,\"height\":752,\"caption\":\"The Smoker&#039;s Shop\"},\"image\":{\"@id\":\"https:\\\/\\\/www.smokershop.es\\\/#\\\/schema\\\/logo\\\/image\\\/\"},\"sameAs\":[\"https:\\\/\\\/www.instagram.com\\\/thesmokersshopofficial\"]}]}<\/script>\n<!-- \/ Yoast SEO plugin. -->","yoast_head_json":{"title":"FLOR AROMATICA MIMOSA DE MONKEY KING - The Smoker&#039;s Shop","description":"La FLOR AROMATICA MIMOSA DE MONKEY KING de una gran calidad, con un aspecto de lo m\u00e1s apetecible y un aroma y sabor ricos y cuidados es una opci\u00f3n de 10.","robots":{"index":"index","follow":"follow","max-snippet":"max-snippet:-1","max-image-preview":"max-image-preview:large","max-video-preview":"max-video-preview:-1"},"canonical":"https:\/\/www.smokershop.es\/index.php\/producto\/flor-aromatica-mimosa-de-monkey-king\/","og_locale":"es_ES","og_type":"article","og_title":"FLOR AROMATICA MIMOSA DE MONKEY KING - The Smoker&#039;s Shop","og_description":"La FLOR AROMATICA MIMOSA DE MONKEY KING de una gran calidad, con un aspecto de lo m\u00e1s apetecible y un aroma y sabor ricos y cuidados es una opci\u00f3n de 10.","og_url":"https:\/\/www.smokershop.es\/index.php\/producto\/flor-aromatica-mimosa-de-monkey-king\/","og_site_name":"The Smoker&#039;s Shop","article_modified_time":"2026-04-10T12:57:33+00:00","og_image":[{"width":500,"height":500,"url":"https:\/\/www.smokershop.es\/wp-content\/uploads\/2025\/05\/WhatsApp-Image-2025-05-21-at-20.36.26-5.jpeg","type":"image\/jpeg"}],"twitter_card":"summary_large_image","twitter_misc":{"Tiempo de lectura":"1 minuto"},"schema":{"@context":"https:\/\/schema.org","@graph":[{"@type":"WebPage","@id":"https:\/\/www.smokershop.es\/index.php\/producto\/flor-aromatica-mimosa-de-monkey-king\/","url":"https:\/\/www.smokershop.es\/index.php\/producto\/flor-aromatica-mimosa-de-monkey-king\/","name":"FLOR AROMATICA MIMOSA DE MONKEY KING - The Smoker&#039;s Shop","isPartOf":{"@id":"https:\/\/www.smokershop.es\/#website"},"primaryImageOfPage":{"@id":"https:\/\/www.smokershop.es\/index.php\/producto\/flor-aromatica-mimosa-de-monkey-king\/#primaryimage"},"image":{"@id":"https:\/\/www.smokershop.es\/index.php\/producto\/flor-aromatica-mimosa-de-monkey-king\/#primaryimage"},"thumbnailUrl":"https:\/\/www.smokershop.es\/wp-content\/uploads\/2025\/05\/WhatsApp-Image-2025-05-21-at-20.36.26-5.jpeg","datePublished":"2025-05-22T18:08:23+00:00","dateModified":"2026-04-10T12:57:33+00:00","description":"La FLOR AROMATICA MIMOSA DE MONKEY KING de una gran calidad, con un aspecto de lo m\u00e1s apetecible y un aroma y sabor ricos y cuidados es una opci\u00f3n de 10.","breadcrumb":{"@id":"https:\/\/www.smokershop.es\/index.php\/producto\/flor-aromatica-mimosa-de-monkey-king\/#breadcrumb"},"inLanguage":"es","potentialAction":[{"@type":"ReadAction","target":["https:\/\/www.smokershop.es\/index.php\/producto\/flor-aromatica-mimosa-de-monkey-king\/"]}]},{"@type":"ImageObject","inLanguage":"es","@id":"https:\/\/www.smokershop.es\/index.php\/producto\/flor-aromatica-mimosa-de-monkey-king\/#primaryimage","url":"https:\/\/www.smokershop.es\/wp-content\/uploads\/2025\/05\/WhatsApp-Image-2025-05-21-at-20.36.26-5.jpeg","contentUrl":"https:\/\/www.smokershop.es\/wp-content\/uploads\/2025\/05\/WhatsApp-Image-2025-05-21-at-20.36.26-5.jpeg","width":500,"height":500,"caption":"FLOR AROMATICA MIMOSA DE MONKEY KING"},{"@type":"BreadcrumbList","@id":"https:\/\/www.smokershop.es\/index.php\/producto\/flor-aromatica-mimosa-de-monkey-king\/#breadcrumb","itemListElement":[{"@type":"ListItem","position":1,"name":"Portada","item":"https:\/\/www.smokershop.es\/"},{"@type":"ListItem","position":2,"name":"The Shop","item":"https:\/\/www.smokershop.es\/index.php\/shop\/"},{"@type":"ListItem","position":3,"name":"FLOR AROMATICA MIMOSA DE MONKEY KING"}]},{"@type":"WebSite","@id":"https:\/\/www.smokershop.es\/#website","url":"https:\/\/www.smokershop.es\/","name":"The Smoker&#039;s Shop","description":"Todo para los fumadores","publisher":{"@id":"https:\/\/www.smokershop.es\/#organization"},"potentialAction":[{"@type":"SearchAction","target":{"@type":"EntryPoint","urlTemplate":"https:\/\/www.smokershop.es\/?s={search_term_string}"},"query-input":{"@type":"PropertyValueSpecification","valueRequired":true,"valueName":"search_term_string"}}],"inLanguage":"es"},{"@type":"Organization","@id":"https:\/\/www.smokershop.es\/#organization","name":"The Smoker&#039;s Shop","url":"https:\/\/www.smokershop.es\/","logo":{"@type":"ImageObject","inLanguage":"es","@id":"https:\/\/www.smokershop.es\/#\/schema\/logo\/image\/","url":"https:\/\/www.smokershop.es\/wp-content\/uploads\/2023\/10\/smokershop-logo.png","contentUrl":"https:\/\/www.smokershop.es\/wp-content\/uploads\/2023\/10\/smokershop-logo.png","width":1711,"height":752,"caption":"The Smoker&#039;s Shop"},"image":{"@id":"https:\/\/www.smokershop.es\/#\/schema\/logo\/image\/"},"sameAs":["https:\/\/www.instagram.com\/thesmokersshopofficial"]}]}},"_links":{"self":[{"href":"https:\/\/www.smokershop.es\/index.php\/wp-json\/wp\/v2\/product\/2864","targetHints":{"allow":["GET"]}}],"collection":[{"href":"https:\/\/www.smokershop.es\/index.php\/wp-json\/wp\/v2\/product"}],"about":[{"href":"https:\/\/www.smokershop.es\/index.php\/wp-json\/wp\/v2\/types\/product"}],"wp:featuredmedia":[{"embeddable":true,"href":"https:\/\/www.smokershop.es\/index.php\/wp-json\/wp\/v2\/media\/2892"}],"wp:attachment":[{"href":"https:\/\/www.smokershop.es\/index.php\/wp-json\/wp\/v2\/media?parent=2864"}],"wp:term":[{"taxonomy":"product_brand","embeddable":true,"href":"https:\/\/www.smokershop.es\/index.php\/wp-json\/wp\/v2\/product_brand?post=2864"},{"taxonomy":"product_cat","embeddable":true,"href":"https:\/\/www.smokershop.es\/index.php\/wp-json\/wp\/v2\/product_cat?post=2864"},{"taxonomy":"product_tag","embeddable":true,"href":"https:\/\/www.smokershop.es\/index.php\/wp-json\/wp\/v2\/product_tag?post=2864"}],"curies":[{"name":"wp","href":"https:\/\/api.w.org\/{rel}","templated":true}]}}