{"id":2867,"date":"2025-05-22T20:19:40","date_gmt":"2025-05-22T18:19:40","guid":{"rendered":"https:\/\/www.smokershop.es\/?post_type=product&#038;p=2867"},"modified":"2026-04-13T13:36:09","modified_gmt":"2026-04-13T11:36:09","slug":"flor-aromatica-gelato-de-monkey-king","status":"publish","type":"product","link":"https:\/\/www.smokershop.es\/index.php\/producto\/flor-aromatica-gelato-de-monkey-king\/","title":{"rendered":"FLOR AROMATICA GELATO DE MONKEY KING"},"content":{"rendered":"<p>FLOR AROMATICA GELATO DE MONKEY KING<\/p>\n<p>Descubre nuestra selecci\u00f3n de flores CBD Greenhouse, cultivadas en invernaderos de \u00faltima generaci\u00f3n que combinan lo mejor de la naturaleza y la tecnolog\u00eda. La flor arom\u00e1tica Gelato de Monkey King gracias a un entorno controlado que aprovecha la luz natural y una protecci\u00f3n \u00f3ptima contra agentes externos, ofrece una calidad superior con un perfil de terpenos complejo y equilibrado.<\/p>\n<p>Cada variedad contiene menos del 0,2% de THC, cumpliendo con la normativa vigente en la UE. Con aromas intensos y sabores que van desde notas c\u00edtricas y especiadas hasta toques terrosos y amaderados, nuestras flores Greenhouse son la opci\u00f3n perfecta para quienes buscan un equilibrio entre calidad, potencia y un cultivo sostenible.<\/p>\n<p>Uso externo, producto decorativo. No inhalar, Semilla certificada UE seg\u00fan real decreto 1729\/1999. Todos los productos comercializados por Monkey King cumplen con las leyes europeas sobre el cultivo de c\u00e1\u00f1amo. Para seguir cumpliendo con la legislaci\u00f3n vigente, nuestra empresa no defiende las virtudes terap\u00e9uticas de los productos que comercializamos. NO APTO USO HUMANO.<\/p>\n<p>-BIOMASA DECORATIVA, lot: fh30062114cartellino b30497202000003 canapa Carmagnola n974400541939 THC INFERIOR AL 0,2%, SEMILLA CERTIFICADA POR LA UE. CONFORME REAL DECRETO 1729\/1999 Y EU 1307\/2013. PRODUCTO NO PSICOACTIVO. NO APTO CONSUMO HUMANO PRODUCIDO EN ITALIA.<\/p>\n","protected":false},"excerpt":{"rendered":"<ul>\n<li class=\"\" data-start=\"658\" data-end=\"730\">\n<p class=\"\" data-start=\"660\" data-end=\"730\">Contenido alto en CBD, dentro de los l\u00edmites legales (&lt;0,2% THC)<\/p>\n<\/li>\n<li class=\"\" data-start=\"731\" data-end=\"804\">\n<p class=\"\" data-start=\"733\" data-end=\"804\">Aromas intensos y complejos.<\/p>\n<\/li>\n<li class=\"\" data-start=\"805\" data-end=\"875\">\n<p class=\"\" data-start=\"807\" data-end=\"875\">Textura resinosa, aspecto impecable y terpenos profundos.<\/p>\n<\/li>\n<li class=\"\" data-start=\"876\" data-end=\"916\">\n<p class=\"\" data-start=\"878\" data-end=\"916\">100% natural y libre de aditivos<\/p>\n<\/li>\n<\/ul>\n<ul>\n<li style=\"list-style-type: none;\">\n<ul>\n<li><strong>\u2b07\ufe0f PRECIOS MAYORISTA PARA PROFESIONALES \u2b07\ufe0f<\/strong><\/li>\n<\/ul>\n<\/li>\n<\/ul>\n<p style=\"padding-left: 200px;\"><strong><a href=\"https:\/\/www.smokershop.es\/index.php\/register\/\" target=\"_blank\" rel=\"noopener\">\ud83d\udc49 REGISTRATE AQUI \ud83d\udc48<\/a><\/strong><\/p>\n","protected":false},"featured_media":2899,"template":"","meta":{"_joinchat":[]},"product_brand":[],"product_cat":[56,58],"product_tag":[],"class_list":{"0":"post-2867","1":"product","2":"type-product","3":"status-publish","4":"has-post-thumbnail","6":"product_cat-cbd","7":"product_cat-invernadero","9":"first","10":"instock","11":"taxable","12":"shipping-taxable","13":"purchasable","14":"product-type-variable"},"yoast_head":"<!-- This site is optimized with the Yoast SEO plugin v27.4 - https:\/\/yoast.com\/product\/yoast-seo-wordpress\/ -->\n<title>FLOR AROMATICA GELATO DE MONKEY KING - The Smoker&#039;s Shop<\/title>\n<meta name=\"description\" content=\"FLOR AROMATICA GELATO DE MONKEY KING combina un sabor intenso con una presencia y aspecto apetecible, adem\u00e1s de un rico aroma.\" \/>\n<meta name=\"robots\" content=\"index, follow, max-snippet:-1, max-image-preview:large, max-video-preview:-1\" \/>\n<link rel=\"canonical\" href=\"https:\/\/www.smokershop.es\/index.php\/producto\/flor-aromatica-gelato-de-monkey-king\/\" \/>\n<meta property=\"og:locale\" content=\"es_ES\" \/>\n<meta property=\"og:type\" content=\"article\" \/>\n<meta property=\"og:title\" content=\"FLOR AROMATICA GELATO DE MONKEY KING - The Smoker&#039;s Shop\" \/>\n<meta property=\"og:description\" content=\"FLOR AROMATICA GELATO DE MONKEY KING combina un sabor intenso con una presencia y aspecto apetecible, adem\u00e1s de un rico aroma.\" \/>\n<meta property=\"og:url\" content=\"https:\/\/www.smokershop.es\/index.php\/producto\/flor-aromatica-gelato-de-monkey-king\/\" \/>\n<meta property=\"og:site_name\" content=\"The Smoker&#039;s Shop\" \/>\n<meta property=\"article:modified_time\" content=\"2026-04-13T11:36:09+00:00\" \/>\n<meta property=\"og:image\" content=\"https:\/\/www.smokershop.es\/wp-content\/uploads\/2025\/05\/WhatsApp-Image-2025-05-21-at-20.36.26-2-1.jpeg\" \/>\n\t<meta property=\"og:image:width\" content=\"500\" \/>\n\t<meta property=\"og:image:height\" content=\"500\" \/>\n\t<meta property=\"og:image:type\" content=\"image\/jpeg\" \/>\n<meta name=\"twitter:card\" content=\"summary_large_image\" \/>\n<meta name=\"twitter:label1\" content=\"Tiempo de lectura\" \/>\n\t<meta name=\"twitter:data1\" content=\"2 minutos\" \/>\n<script type=\"application\/ld+json\" class=\"yoast-schema-graph\">{\"@context\":\"https:\\\/\\\/schema.org\",\"@graph\":[{\"@type\":\"WebPage\",\"@id\":\"https:\\\/\\\/www.smokershop.es\\\/index.php\\\/producto\\\/flor-aromatica-gelato-de-monkey-king\\\/\",\"url\":\"https:\\\/\\\/www.smokershop.es\\\/index.php\\\/producto\\\/flor-aromatica-gelato-de-monkey-king\\\/\",\"name\":\"FLOR AROMATICA GELATO DE MONKEY KING - The Smoker&#039;s Shop\",\"isPartOf\":{\"@id\":\"https:\\\/\\\/www.smokershop.es\\\/#website\"},\"primaryImageOfPage\":{\"@id\":\"https:\\\/\\\/www.smokershop.es\\\/index.php\\\/producto\\\/flor-aromatica-gelato-de-monkey-king\\\/#primaryimage\"},\"image\":{\"@id\":\"https:\\\/\\\/www.smokershop.es\\\/index.php\\\/producto\\\/flor-aromatica-gelato-de-monkey-king\\\/#primaryimage\"},\"thumbnailUrl\":\"https:\\\/\\\/www.smokershop.es\\\/wp-content\\\/uploads\\\/2025\\\/05\\\/WhatsApp-Image-2025-05-21-at-20.36.26-2-1.jpeg\",\"datePublished\":\"2025-05-22T18:19:40+00:00\",\"dateModified\":\"2026-04-13T11:36:09+00:00\",\"description\":\"FLOR AROMATICA GELATO DE MONKEY KING combina un sabor intenso con una presencia y aspecto apetecible, adem\u00e1s de un rico aroma.\",\"breadcrumb\":{\"@id\":\"https:\\\/\\\/www.smokershop.es\\\/index.php\\\/producto\\\/flor-aromatica-gelato-de-monkey-king\\\/#breadcrumb\"},\"inLanguage\":\"es\",\"potentialAction\":[{\"@type\":\"ReadAction\",\"target\":[\"https:\\\/\\\/www.smokershop.es\\\/index.php\\\/producto\\\/flor-aromatica-gelato-de-monkey-king\\\/\"]}]},{\"@type\":\"ImageObject\",\"inLanguage\":\"es\",\"@id\":\"https:\\\/\\\/www.smokershop.es\\\/index.php\\\/producto\\\/flor-aromatica-gelato-de-monkey-king\\\/#primaryimage\",\"url\":\"https:\\\/\\\/www.smokershop.es\\\/wp-content\\\/uploads\\\/2025\\\/05\\\/WhatsApp-Image-2025-05-21-at-20.36.26-2-1.jpeg\",\"contentUrl\":\"https:\\\/\\\/www.smokershop.es\\\/wp-content\\\/uploads\\\/2025\\\/05\\\/WhatsApp-Image-2025-05-21-at-20.36.26-2-1.jpeg\",\"width\":500,\"height\":500,\"caption\":\"FLOR AROMATICA GELATO DE MONKEY KING\"},{\"@type\":\"BreadcrumbList\",\"@id\":\"https:\\\/\\\/www.smokershop.es\\\/index.php\\\/producto\\\/flor-aromatica-gelato-de-monkey-king\\\/#breadcrumb\",\"itemListElement\":[{\"@type\":\"ListItem\",\"position\":1,\"name\":\"Portada\",\"item\":\"https:\\\/\\\/www.smokershop.es\\\/\"},{\"@type\":\"ListItem\",\"position\":2,\"name\":\"The Shop\",\"item\":\"https:\\\/\\\/www.smokershop.es\\\/index.php\\\/shop\\\/\"},{\"@type\":\"ListItem\",\"position\":3,\"name\":\"FLOR AROMATICA GELATO DE MONKEY KING\"}]},{\"@type\":\"WebSite\",\"@id\":\"https:\\\/\\\/www.smokershop.es\\\/#website\",\"url\":\"https:\\\/\\\/www.smokershop.es\\\/\",\"name\":\"The Smoker&#039;s Shop\",\"description\":\"Todo para los fumadores\",\"publisher\":{\"@id\":\"https:\\\/\\\/www.smokershop.es\\\/#organization\"},\"potentialAction\":[{\"@type\":\"SearchAction\",\"target\":{\"@type\":\"EntryPoint\",\"urlTemplate\":\"https:\\\/\\\/www.smokershop.es\\\/?s={search_term_string}\"},\"query-input\":{\"@type\":\"PropertyValueSpecification\",\"valueRequired\":true,\"valueName\":\"search_term_string\"}}],\"inLanguage\":\"es\"},{\"@type\":\"Organization\",\"@id\":\"https:\\\/\\\/www.smokershop.es\\\/#organization\",\"name\":\"The Smoker&#039;s Shop\",\"url\":\"https:\\\/\\\/www.smokershop.es\\\/\",\"logo\":{\"@type\":\"ImageObject\",\"inLanguage\":\"es\",\"@id\":\"https:\\\/\\\/www.smokershop.es\\\/#\\\/schema\\\/logo\\\/image\\\/\",\"url\":\"https:\\\/\\\/www.smokershop.es\\\/wp-content\\\/uploads\\\/2023\\\/10\\\/smokershop-logo.png\",\"contentUrl\":\"https:\\\/\\\/www.smokershop.es\\\/wp-content\\\/uploads\\\/2023\\\/10\\\/smokershop-logo.png\",\"width\":1711,\"height\":752,\"caption\":\"The Smoker&#039;s Shop\"},\"image\":{\"@id\":\"https:\\\/\\\/www.smokershop.es\\\/#\\\/schema\\\/logo\\\/image\\\/\"},\"sameAs\":[\"https:\\\/\\\/www.instagram.com\\\/thesmokersshopofficial\"]}]}<\/script>\n<!-- \/ Yoast SEO plugin. -->","yoast_head_json":{"title":"FLOR AROMATICA GELATO DE MONKEY KING - The Smoker&#039;s Shop","description":"FLOR AROMATICA GELATO DE MONKEY KING combina un sabor intenso con una presencia y aspecto apetecible, adem\u00e1s de un rico aroma.","robots":{"index":"index","follow":"follow","max-snippet":"max-snippet:-1","max-image-preview":"max-image-preview:large","max-video-preview":"max-video-preview:-1"},"canonical":"https:\/\/www.smokershop.es\/index.php\/producto\/flor-aromatica-gelato-de-monkey-king\/","og_locale":"es_ES","og_type":"article","og_title":"FLOR AROMATICA GELATO DE MONKEY KING - The Smoker&#039;s Shop","og_description":"FLOR AROMATICA GELATO DE MONKEY KING combina un sabor intenso con una presencia y aspecto apetecible, adem\u00e1s de un rico aroma.","og_url":"https:\/\/www.smokershop.es\/index.php\/producto\/flor-aromatica-gelato-de-monkey-king\/","og_site_name":"The Smoker&#039;s Shop","article_modified_time":"2026-04-13T11:36:09+00:00","og_image":[{"width":500,"height":500,"url":"https:\/\/www.smokershop.es\/wp-content\/uploads\/2025\/05\/WhatsApp-Image-2025-05-21-at-20.36.26-2-1.jpeg","type":"image\/jpeg"}],"twitter_card":"summary_large_image","twitter_misc":{"Tiempo de lectura":"2 minutos"},"schema":{"@context":"https:\/\/schema.org","@graph":[{"@type":"WebPage","@id":"https:\/\/www.smokershop.es\/index.php\/producto\/flor-aromatica-gelato-de-monkey-king\/","url":"https:\/\/www.smokershop.es\/index.php\/producto\/flor-aromatica-gelato-de-monkey-king\/","name":"FLOR AROMATICA GELATO DE MONKEY KING - The Smoker&#039;s Shop","isPartOf":{"@id":"https:\/\/www.smokershop.es\/#website"},"primaryImageOfPage":{"@id":"https:\/\/www.smokershop.es\/index.php\/producto\/flor-aromatica-gelato-de-monkey-king\/#primaryimage"},"image":{"@id":"https:\/\/www.smokershop.es\/index.php\/producto\/flor-aromatica-gelato-de-monkey-king\/#primaryimage"},"thumbnailUrl":"https:\/\/www.smokershop.es\/wp-content\/uploads\/2025\/05\/WhatsApp-Image-2025-05-21-at-20.36.26-2-1.jpeg","datePublished":"2025-05-22T18:19:40+00:00","dateModified":"2026-04-13T11:36:09+00:00","description":"FLOR AROMATICA GELATO DE MONKEY KING combina un sabor intenso con una presencia y aspecto apetecible, adem\u00e1s de un rico aroma.","breadcrumb":{"@id":"https:\/\/www.smokershop.es\/index.php\/producto\/flor-aromatica-gelato-de-monkey-king\/#breadcrumb"},"inLanguage":"es","potentialAction":[{"@type":"ReadAction","target":["https:\/\/www.smokershop.es\/index.php\/producto\/flor-aromatica-gelato-de-monkey-king\/"]}]},{"@type":"ImageObject","inLanguage":"es","@id":"https:\/\/www.smokershop.es\/index.php\/producto\/flor-aromatica-gelato-de-monkey-king\/#primaryimage","url":"https:\/\/www.smokershop.es\/wp-content\/uploads\/2025\/05\/WhatsApp-Image-2025-05-21-at-20.36.26-2-1.jpeg","contentUrl":"https:\/\/www.smokershop.es\/wp-content\/uploads\/2025\/05\/WhatsApp-Image-2025-05-21-at-20.36.26-2-1.jpeg","width":500,"height":500,"caption":"FLOR AROMATICA GELATO DE MONKEY KING"},{"@type":"BreadcrumbList","@id":"https:\/\/www.smokershop.es\/index.php\/producto\/flor-aromatica-gelato-de-monkey-king\/#breadcrumb","itemListElement":[{"@type":"ListItem","position":1,"name":"Portada","item":"https:\/\/www.smokershop.es\/"},{"@type":"ListItem","position":2,"name":"The Shop","item":"https:\/\/www.smokershop.es\/index.php\/shop\/"},{"@type":"ListItem","position":3,"name":"FLOR AROMATICA GELATO DE MONKEY KING"}]},{"@type":"WebSite","@id":"https:\/\/www.smokershop.es\/#website","url":"https:\/\/www.smokershop.es\/","name":"The Smoker&#039;s Shop","description":"Todo para los fumadores","publisher":{"@id":"https:\/\/www.smokershop.es\/#organization"},"potentialAction":[{"@type":"SearchAction","target":{"@type":"EntryPoint","urlTemplate":"https:\/\/www.smokershop.es\/?s={search_term_string}"},"query-input":{"@type":"PropertyValueSpecification","valueRequired":true,"valueName":"search_term_string"}}],"inLanguage":"es"},{"@type":"Organization","@id":"https:\/\/www.smokershop.es\/#organization","name":"The Smoker&#039;s Shop","url":"https:\/\/www.smokershop.es\/","logo":{"@type":"ImageObject","inLanguage":"es","@id":"https:\/\/www.smokershop.es\/#\/schema\/logo\/image\/","url":"https:\/\/www.smokershop.es\/wp-content\/uploads\/2023\/10\/smokershop-logo.png","contentUrl":"https:\/\/www.smokershop.es\/wp-content\/uploads\/2023\/10\/smokershop-logo.png","width":1711,"height":752,"caption":"The Smoker&#039;s Shop"},"image":{"@id":"https:\/\/www.smokershop.es\/#\/schema\/logo\/image\/"},"sameAs":["https:\/\/www.instagram.com\/thesmokersshopofficial"]}]}},"_links":{"self":[{"href":"https:\/\/www.smokershop.es\/index.php\/wp-json\/wp\/v2\/product\/2867","targetHints":{"allow":["GET"]}}],"collection":[{"href":"https:\/\/www.smokershop.es\/index.php\/wp-json\/wp\/v2\/product"}],"about":[{"href":"https:\/\/www.smokershop.es\/index.php\/wp-json\/wp\/v2\/types\/product"}],"wp:featuredmedia":[{"embeddable":true,"href":"https:\/\/www.smokershop.es\/index.php\/wp-json\/wp\/v2\/media\/2899"}],"wp:attachment":[{"href":"https:\/\/www.smokershop.es\/index.php\/wp-json\/wp\/v2\/media?parent=2867"}],"wp:term":[{"taxonomy":"product_brand","embeddable":true,"href":"https:\/\/www.smokershop.es\/index.php\/wp-json\/wp\/v2\/product_brand?post=2867"},{"taxonomy":"product_cat","embeddable":true,"href":"https:\/\/www.smokershop.es\/index.php\/wp-json\/wp\/v2\/product_cat?post=2867"},{"taxonomy":"product_tag","embeddable":true,"href":"https:\/\/www.smokershop.es\/index.php\/wp-json\/wp\/v2\/product_tag?post=2867"}],"curies":[{"name":"wp","href":"https:\/\/api.w.org\/{rel}","templated":true}]}}