{"id":295,"date":"2023-03-09T09:59:47","date_gmt":"2023-03-09T08:59:47","guid":{"rendered":"https:\/\/www.smokershop.es\/?post_type=product&#038;p=295"},"modified":"2025-06-16T19:42:01","modified_gmt":"2025-06-16T17:42:01","slug":"pack-1-1-4-trymix-monkey","status":"publish","type":"product","link":"https:\/\/www.smokershop.es\/index.php\/producto\/pack-1-1-4-trymix-monkey\/","title":{"rendered":"PACK 1 1\/ 4 TRYMIX MONKEY"},"content":{"rendered":"<div class=\"page\" title=\"Page 6\">\n<div class=\"section\">\n<div class=\"layoutArea\">\n<div class=\"column\">\n<p>PACK 1 1\/ 4 TRYMIX MONKEY<\/p>\n<p>Este pack cuenta con todo lo necesario para que l\u00edes con total comodidad est\u00e9s donde est\u00e9s.<\/p>\n<p>Papel 100% natural, sin blanquear, sin aditivos, ni colorantes, filtros de cart\u00f3n troquelados para facilitar su colocaci\u00f3n y mejorar la filtraci\u00f3n y con una estupenda bandeja plegada lista para ser usada.<\/p>\n<p>Adem\u00e1s de un dise\u00f1o de lo m\u00e1s original, caracter\u00edsticos de la marca Monkey King.<\/p>\n<div class=\"column\"><\/div>\n<\/div>\n<\/div>\n<\/div>\n<\/div>\n","protected":false},"excerpt":{"rendered":"<div class=\"column\">\n<ul>\n<li>Pack de 50 hojas, con 50 filtros troquelado y una bandeja plegable<\/li>\n<li>Papel 1 1\/4 natural sin blanquear<\/li>\n<li>Filtro de cart\u00f3n de 140 gr troquelados<\/li>\n<li>Medidas: 76 mm X 44 mm<\/li>\n<li>22 unidades por caja<\/li>\n<\/ul>\n<p>&nbsp;<\/p>\n<\/div>\n","protected":false},"featured_media":1707,"template":"","meta":{"_joinchat":[]},"product_brand":[],"product_cat":[64,41,40],"product_tag":[],"class_list":{"0":"post-295","1":"product","2":"type-product","3":"status-publish","4":"has-post-thumbnail","6":"product_cat-papel-1-1-4-tips","7":"product_cat-papel-1-4","8":"product_cat-papel-de-fumar","10":"first","11":"instock","12":"taxable","13":"shipping-taxable","14":"purchasable","15":"product-type-simple"},"yoast_head":"<!-- This site is optimized with the Yoast SEO plugin v27.4 - https:\/\/yoast.com\/product\/yoast-seo-wordpress\/ -->\n<title>PACK 1 1\/ 4 TRYMIX MONKEY - The Smoker&#039;s Shop<\/title>\n<meta name=\"description\" content=\"PACK 1 1\/ 4 TRYMIX MONKEY incluye librillo con 50 papeles de liar, 50 filtros de cart\u00f3n troquelados y una bandeja plegable de lo m\u00e1s practica.\" \/>\n<meta name=\"robots\" content=\"index, follow, max-snippet:-1, max-image-preview:large, max-video-preview:-1\" \/>\n<link rel=\"canonical\" href=\"https:\/\/www.smokershop.es\/index.php\/producto\/pack-1-1-4-trymix-monkey\/\" \/>\n<meta property=\"og:locale\" content=\"es_ES\" \/>\n<meta property=\"og:type\" content=\"article\" \/>\n<meta property=\"og:title\" content=\"PACK 1 1\/ 4 TRYMIX MONKEY - The Smoker&#039;s Shop\" \/>\n<meta property=\"og:description\" content=\"PACK 1 1\/ 4 TRYMIX MONKEY incluye librillo con 50 papeles de liar, 50 filtros de cart\u00f3n troquelados y una bandeja plegable de lo m\u00e1s practica.\" \/>\n<meta property=\"og:url\" content=\"https:\/\/www.smokershop.es\/index.php\/producto\/pack-1-1-4-trymix-monkey\/\" \/>\n<meta property=\"og:site_name\" content=\"The Smoker&#039;s Shop\" \/>\n<meta property=\"article:modified_time\" content=\"2025-06-16T17:42:01+00:00\" \/>\n<meta property=\"og:image\" content=\"https:\/\/www.smokershop.es\/wp-content\/uploads\/2023\/03\/pack-1-1-4-trymix-monkey.jpg\" \/>\n\t<meta property=\"og:image:width\" content=\"600\" \/>\n\t<meta property=\"og:image:height\" content=\"600\" \/>\n\t<meta property=\"og:image:type\" content=\"image\/jpeg\" \/>\n<meta name=\"twitter:card\" content=\"summary_large_image\" \/>\n<meta name=\"twitter:label1\" content=\"Tiempo de lectura\" \/>\n\t<meta name=\"twitter:data1\" content=\"1 minuto\" \/>\n<script type=\"application\/ld+json\" class=\"yoast-schema-graph\">{\"@context\":\"https:\\\/\\\/schema.org\",\"@graph\":[{\"@type\":\"WebPage\",\"@id\":\"https:\\\/\\\/www.smokershop.es\\\/index.php\\\/producto\\\/pack-1-1-4-trymix-monkey\\\/\",\"url\":\"https:\\\/\\\/www.smokershop.es\\\/index.php\\\/producto\\\/pack-1-1-4-trymix-monkey\\\/\",\"name\":\"PACK 1 1\\\/ 4 TRYMIX MONKEY - The Smoker&#039;s Shop\",\"isPartOf\":{\"@id\":\"https:\\\/\\\/www.smokershop.es\\\/#website\"},\"primaryImageOfPage\":{\"@id\":\"https:\\\/\\\/www.smokershop.es\\\/index.php\\\/producto\\\/pack-1-1-4-trymix-monkey\\\/#primaryimage\"},\"image\":{\"@id\":\"https:\\\/\\\/www.smokershop.es\\\/index.php\\\/producto\\\/pack-1-1-4-trymix-monkey\\\/#primaryimage\"},\"thumbnailUrl\":\"https:\\\/\\\/www.smokershop.es\\\/wp-content\\\/uploads\\\/2023\\\/03\\\/pack-1-1-4-trymix-monkey.jpg\",\"datePublished\":\"2023-03-09T08:59:47+00:00\",\"dateModified\":\"2025-06-16T17:42:01+00:00\",\"description\":\"PACK 1 1\\\/ 4 TRYMIX MONKEY incluye librillo con 50 papeles de liar, 50 filtros de cart\u00f3n troquelados y una bandeja plegable de lo m\u00e1s practica.\",\"breadcrumb\":{\"@id\":\"https:\\\/\\\/www.smokershop.es\\\/index.php\\\/producto\\\/pack-1-1-4-trymix-monkey\\\/#breadcrumb\"},\"inLanguage\":\"es\",\"potentialAction\":[{\"@type\":\"ReadAction\",\"target\":[\"https:\\\/\\\/www.smokershop.es\\\/index.php\\\/producto\\\/pack-1-1-4-trymix-monkey\\\/\"]}]},{\"@type\":\"ImageObject\",\"inLanguage\":\"es\",\"@id\":\"https:\\\/\\\/www.smokershop.es\\\/index.php\\\/producto\\\/pack-1-1-4-trymix-monkey\\\/#primaryimage\",\"url\":\"https:\\\/\\\/www.smokershop.es\\\/wp-content\\\/uploads\\\/2023\\\/03\\\/pack-1-1-4-trymix-monkey.jpg\",\"contentUrl\":\"https:\\\/\\\/www.smokershop.es\\\/wp-content\\\/uploads\\\/2023\\\/03\\\/pack-1-1-4-trymix-monkey.jpg\",\"width\":600,\"height\":600},{\"@type\":\"BreadcrumbList\",\"@id\":\"https:\\\/\\\/www.smokershop.es\\\/index.php\\\/producto\\\/pack-1-1-4-trymix-monkey\\\/#breadcrumb\",\"itemListElement\":[{\"@type\":\"ListItem\",\"position\":1,\"name\":\"Portada\",\"item\":\"https:\\\/\\\/www.smokershop.es\\\/\"},{\"@type\":\"ListItem\",\"position\":2,\"name\":\"The Shop\",\"item\":\"https:\\\/\\\/www.smokershop.es\\\/index.php\\\/shop\\\/\"},{\"@type\":\"ListItem\",\"position\":3,\"name\":\"PACK 1 1\\\/ 4 TRYMIX MONKEY\"}]},{\"@type\":\"WebSite\",\"@id\":\"https:\\\/\\\/www.smokershop.es\\\/#website\",\"url\":\"https:\\\/\\\/www.smokershop.es\\\/\",\"name\":\"The Smoker&#039;s Shop\",\"description\":\"Todo para los fumadores\",\"publisher\":{\"@id\":\"https:\\\/\\\/www.smokershop.es\\\/#organization\"},\"potentialAction\":[{\"@type\":\"SearchAction\",\"target\":{\"@type\":\"EntryPoint\",\"urlTemplate\":\"https:\\\/\\\/www.smokershop.es\\\/?s={search_term_string}\"},\"query-input\":{\"@type\":\"PropertyValueSpecification\",\"valueRequired\":true,\"valueName\":\"search_term_string\"}}],\"inLanguage\":\"es\"},{\"@type\":\"Organization\",\"@id\":\"https:\\\/\\\/www.smokershop.es\\\/#organization\",\"name\":\"The Smoker&#039;s Shop\",\"url\":\"https:\\\/\\\/www.smokershop.es\\\/\",\"logo\":{\"@type\":\"ImageObject\",\"inLanguage\":\"es\",\"@id\":\"https:\\\/\\\/www.smokershop.es\\\/#\\\/schema\\\/logo\\\/image\\\/\",\"url\":\"https:\\\/\\\/www.smokershop.es\\\/wp-content\\\/uploads\\\/2023\\\/10\\\/smokershop-logo.png\",\"contentUrl\":\"https:\\\/\\\/www.smokershop.es\\\/wp-content\\\/uploads\\\/2023\\\/10\\\/smokershop-logo.png\",\"width\":1711,\"height\":752,\"caption\":\"The Smoker&#039;s Shop\"},\"image\":{\"@id\":\"https:\\\/\\\/www.smokershop.es\\\/#\\\/schema\\\/logo\\\/image\\\/\"},\"sameAs\":[\"https:\\\/\\\/www.instagram.com\\\/thesmokersshopofficial\"]}]}<\/script>\n<!-- \/ Yoast SEO plugin. -->","yoast_head_json":{"title":"PACK 1 1\/ 4 TRYMIX MONKEY - The Smoker&#039;s Shop","description":"PACK 1 1\/ 4 TRYMIX MONKEY incluye librillo con 50 papeles de liar, 50 filtros de cart\u00f3n troquelados y una bandeja plegable de lo m\u00e1s practica.","robots":{"index":"index","follow":"follow","max-snippet":"max-snippet:-1","max-image-preview":"max-image-preview:large","max-video-preview":"max-video-preview:-1"},"canonical":"https:\/\/www.smokershop.es\/index.php\/producto\/pack-1-1-4-trymix-monkey\/","og_locale":"es_ES","og_type":"article","og_title":"PACK 1 1\/ 4 TRYMIX MONKEY - The Smoker&#039;s Shop","og_description":"PACK 1 1\/ 4 TRYMIX MONKEY incluye librillo con 50 papeles de liar, 50 filtros de cart\u00f3n troquelados y una bandeja plegable de lo m\u00e1s practica.","og_url":"https:\/\/www.smokershop.es\/index.php\/producto\/pack-1-1-4-trymix-monkey\/","og_site_name":"The Smoker&#039;s Shop","article_modified_time":"2025-06-16T17:42:01+00:00","og_image":[{"width":600,"height":600,"url":"https:\/\/www.smokershop.es\/wp-content\/uploads\/2023\/03\/pack-1-1-4-trymix-monkey.jpg","type":"image\/jpeg"}],"twitter_card":"summary_large_image","twitter_misc":{"Tiempo de lectura":"1 minuto"},"schema":{"@context":"https:\/\/schema.org","@graph":[{"@type":"WebPage","@id":"https:\/\/www.smokershop.es\/index.php\/producto\/pack-1-1-4-trymix-monkey\/","url":"https:\/\/www.smokershop.es\/index.php\/producto\/pack-1-1-4-trymix-monkey\/","name":"PACK 1 1\/ 4 TRYMIX MONKEY - The Smoker&#039;s Shop","isPartOf":{"@id":"https:\/\/www.smokershop.es\/#website"},"primaryImageOfPage":{"@id":"https:\/\/www.smokershop.es\/index.php\/producto\/pack-1-1-4-trymix-monkey\/#primaryimage"},"image":{"@id":"https:\/\/www.smokershop.es\/index.php\/producto\/pack-1-1-4-trymix-monkey\/#primaryimage"},"thumbnailUrl":"https:\/\/www.smokershop.es\/wp-content\/uploads\/2023\/03\/pack-1-1-4-trymix-monkey.jpg","datePublished":"2023-03-09T08:59:47+00:00","dateModified":"2025-06-16T17:42:01+00:00","description":"PACK 1 1\/ 4 TRYMIX MONKEY incluye librillo con 50 papeles de liar, 50 filtros de cart\u00f3n troquelados y una bandeja plegable de lo m\u00e1s practica.","breadcrumb":{"@id":"https:\/\/www.smokershop.es\/index.php\/producto\/pack-1-1-4-trymix-monkey\/#breadcrumb"},"inLanguage":"es","potentialAction":[{"@type":"ReadAction","target":["https:\/\/www.smokershop.es\/index.php\/producto\/pack-1-1-4-trymix-monkey\/"]}]},{"@type":"ImageObject","inLanguage":"es","@id":"https:\/\/www.smokershop.es\/index.php\/producto\/pack-1-1-4-trymix-monkey\/#primaryimage","url":"https:\/\/www.smokershop.es\/wp-content\/uploads\/2023\/03\/pack-1-1-4-trymix-monkey.jpg","contentUrl":"https:\/\/www.smokershop.es\/wp-content\/uploads\/2023\/03\/pack-1-1-4-trymix-monkey.jpg","width":600,"height":600},{"@type":"BreadcrumbList","@id":"https:\/\/www.smokershop.es\/index.php\/producto\/pack-1-1-4-trymix-monkey\/#breadcrumb","itemListElement":[{"@type":"ListItem","position":1,"name":"Portada","item":"https:\/\/www.smokershop.es\/"},{"@type":"ListItem","position":2,"name":"The Shop","item":"https:\/\/www.smokershop.es\/index.php\/shop\/"},{"@type":"ListItem","position":3,"name":"PACK 1 1\/ 4 TRYMIX MONKEY"}]},{"@type":"WebSite","@id":"https:\/\/www.smokershop.es\/#website","url":"https:\/\/www.smokershop.es\/","name":"The Smoker&#039;s Shop","description":"Todo para los fumadores","publisher":{"@id":"https:\/\/www.smokershop.es\/#organization"},"potentialAction":[{"@type":"SearchAction","target":{"@type":"EntryPoint","urlTemplate":"https:\/\/www.smokershop.es\/?s={search_term_string}"},"query-input":{"@type":"PropertyValueSpecification","valueRequired":true,"valueName":"search_term_string"}}],"inLanguage":"es"},{"@type":"Organization","@id":"https:\/\/www.smokershop.es\/#organization","name":"The Smoker&#039;s Shop","url":"https:\/\/www.smokershop.es\/","logo":{"@type":"ImageObject","inLanguage":"es","@id":"https:\/\/www.smokershop.es\/#\/schema\/logo\/image\/","url":"https:\/\/www.smokershop.es\/wp-content\/uploads\/2023\/10\/smokershop-logo.png","contentUrl":"https:\/\/www.smokershop.es\/wp-content\/uploads\/2023\/10\/smokershop-logo.png","width":1711,"height":752,"caption":"The Smoker&#039;s Shop"},"image":{"@id":"https:\/\/www.smokershop.es\/#\/schema\/logo\/image\/"},"sameAs":["https:\/\/www.instagram.com\/thesmokersshopofficial"]}]}},"_links":{"self":[{"href":"https:\/\/www.smokershop.es\/index.php\/wp-json\/wp\/v2\/product\/295","targetHints":{"allow":["GET"]}}],"collection":[{"href":"https:\/\/www.smokershop.es\/index.php\/wp-json\/wp\/v2\/product"}],"about":[{"href":"https:\/\/www.smokershop.es\/index.php\/wp-json\/wp\/v2\/types\/product"}],"wp:featuredmedia":[{"embeddable":true,"href":"https:\/\/www.smokershop.es\/index.php\/wp-json\/wp\/v2\/media\/1707"}],"wp:attachment":[{"href":"https:\/\/www.smokershop.es\/index.php\/wp-json\/wp\/v2\/media?parent=295"}],"wp:term":[{"taxonomy":"product_brand","embeddable":true,"href":"https:\/\/www.smokershop.es\/index.php\/wp-json\/wp\/v2\/product_brand?post=295"},{"taxonomy":"product_cat","embeddable":true,"href":"https:\/\/www.smokershop.es\/index.php\/wp-json\/wp\/v2\/product_cat?post=295"},{"taxonomy":"product_tag","embeddable":true,"href":"https:\/\/www.smokershop.es\/index.php\/wp-json\/wp\/v2\/product_tag?post=295"}],"curies":[{"name":"wp","href":"https:\/\/api.w.org\/{rel}","templated":true}]}}