{"id":3027,"date":"2025-07-09T20:29:26","date_gmt":"2025-07-09T18:29:26","guid":{"rendered":"https:\/\/www.smokershop.es\/?post_type=product&#038;p=3027"},"modified":"2026-04-10T04:02:50","modified_gmt":"2026-04-10T02:02:50","slug":"pack-grinde-y-cenicero-personaje-animacion","status":"publish","type":"product","link":"https:\/\/www.smokershop.es\/index.php\/producto\/pack-grinde-y-cenicero-personaje-animacion\/","title":{"rendered":"PACK GRINDER Y CENICERO PERSONAJE ANIMACI\u00d3N"},"content":{"rendered":"<p>PACK GRINDE Y CENICERO PERSONAJE ANIMACI\u00d3N<\/p>\n<p>Los nuevos Packs de grinders y cenicero de cristal son perfectos para los verdaderos amantes de los personajes de las m\u00edticas series que en ellos salen. Son de calidad, resistentes y \u00fanicos.\u00a0 Las ilustraciones de personajes de animaci\u00f3n de Mucho Mechero cuentan con dise\u00f1os de lo m\u00e1s originales, combinando escenarios emblem\u00e1ticos con personajes de nuestras series favoritas de animaci\u00f3n. Descubre los diferentes modelos y ll\u00e9vate tu favorito.<\/p>\n","protected":false},"excerpt":{"rendered":"<ul>\n<li>Pack de cenicero de cristal y grinder de pl\u00e1stico con ilustraci\u00f3n, resistente y de gran calidad.<\/li>\n<li>Diferentes dise\u00f1os con los personajes de tus series favoritas de animaci\u00f3n.<\/li>\n<\/ul>\n<ul>\n<li><strong>\u2b07\ufe0f PRECIOS MAYORISTA PARA PROFESIONALES \u2b07\ufe0f<\/strong><\/li>\n<\/ul>\n<p style=\"padding-left: 160px;\"><strong><a href=\"https:\/\/www.smokershop.es\/index.php\/register\/\" target=\"_blank\" rel=\"noopener\">\ud83d\udc49 REGISTRATE AQUI \ud83d\udc48<\/a><\/strong><\/p>\n","protected":false},"featured_media":3468,"template":"","meta":{"_joinchat":[]},"product_brand":[],"product_cat":[47,48],"product_tag":[],"class_list":{"0":"post-3027","1":"product","2":"type-product","3":"status-publish","4":"has-post-thumbnail","6":"product_cat-bandejas-y-ceniceros","7":"product_cat-grinders-packs","9":"first","10":"instock","11":"taxable","12":"shipping-taxable","13":"purchasable","14":"product-type-variable"},"yoast_head":"<!-- This site is optimized with the Yoast SEO plugin v27.4 - https:\/\/yoast.com\/product\/yoast-seo-wordpress\/ -->\n<title>PACK GRINDER Y CENICERO PERSONAJE ANIMACI\u00d3N - The Smoker&#039;s Shop<\/title>\n<meta name=\"description\" content=\"PACK GRINDE Y CENICERO PERSONAJE ANIMACI\u00d3N cuenta con un cenicero de cristal y un grinder de pl\u00e1stico ambos de gran calidad y con una ilustraci\u00f3n.\" \/>\n<meta name=\"robots\" content=\"index, follow, max-snippet:-1, max-image-preview:large, max-video-preview:-1\" \/>\n<link rel=\"canonical\" href=\"https:\/\/www.smokershop.es\/index.php\/producto\/pack-grinde-y-cenicero-personaje-animacion\/\" \/>\n<meta property=\"og:locale\" content=\"es_ES\" \/>\n<meta property=\"og:type\" content=\"article\" \/>\n<meta property=\"og:title\" content=\"PACK GRINDER Y CENICERO PERSONAJE ANIMACI\u00d3N - The Smoker&#039;s Shop\" \/>\n<meta property=\"og:description\" content=\"PACK GRINDE Y CENICERO PERSONAJE ANIMACI\u00d3N cuenta con un cenicero de cristal y un grinder de pl\u00e1stico ambos de gran calidad y con una ilustraci\u00f3n.\" \/>\n<meta property=\"og:url\" content=\"https:\/\/www.smokershop.es\/index.php\/producto\/pack-grinde-y-cenicero-personaje-animacion\/\" \/>\n<meta property=\"og:site_name\" content=\"The Smoker&#039;s Shop\" \/>\n<meta property=\"article:modified_time\" content=\"2026-04-10T02:02:50+00:00\" \/>\n<meta property=\"og:image\" content=\"https:\/\/www.smokershop.es\/wp-content\/uploads\/2025\/07\/MUCHO-WEB.jpg\" \/>\n\t<meta property=\"og:image:width\" content=\"1350\" \/>\n\t<meta property=\"og:image:height\" content=\"1350\" \/>\n\t<meta property=\"og:image:type\" content=\"image\/jpeg\" \/>\n<meta name=\"twitter:card\" content=\"summary_large_image\" \/>\n<meta name=\"twitter:label1\" content=\"Tiempo de lectura\" \/>\n\t<meta name=\"twitter:data1\" content=\"1 minuto\" \/>\n<script type=\"application\/ld+json\" class=\"yoast-schema-graph\">{\"@context\":\"https:\\\/\\\/schema.org\",\"@graph\":[{\"@type\":\"WebPage\",\"@id\":\"https:\\\/\\\/www.smokershop.es\\\/index.php\\\/producto\\\/pack-grinde-y-cenicero-personaje-animacion\\\/\",\"url\":\"https:\\\/\\\/www.smokershop.es\\\/index.php\\\/producto\\\/pack-grinde-y-cenicero-personaje-animacion\\\/\",\"name\":\"PACK GRINDER Y CENICERO PERSONAJE ANIMACI\u00d3N - The Smoker&#039;s Shop\",\"isPartOf\":{\"@id\":\"https:\\\/\\\/www.smokershop.es\\\/#website\"},\"primaryImageOfPage\":{\"@id\":\"https:\\\/\\\/www.smokershop.es\\\/index.php\\\/producto\\\/pack-grinde-y-cenicero-personaje-animacion\\\/#primaryimage\"},\"image\":{\"@id\":\"https:\\\/\\\/www.smokershop.es\\\/index.php\\\/producto\\\/pack-grinde-y-cenicero-personaje-animacion\\\/#primaryimage\"},\"thumbnailUrl\":\"https:\\\/\\\/www.smokershop.es\\\/wp-content\\\/uploads\\\/2025\\\/07\\\/MUCHO-WEB.jpg\",\"datePublished\":\"2025-07-09T18:29:26+00:00\",\"dateModified\":\"2026-04-10T02:02:50+00:00\",\"description\":\"PACK GRINDE Y CENICERO PERSONAJE ANIMACI\u00d3N cuenta con un cenicero de cristal y un grinder de pl\u00e1stico ambos de gran calidad y con una ilustraci\u00f3n.\",\"breadcrumb\":{\"@id\":\"https:\\\/\\\/www.smokershop.es\\\/index.php\\\/producto\\\/pack-grinde-y-cenicero-personaje-animacion\\\/#breadcrumb\"},\"inLanguage\":\"es\",\"potentialAction\":[{\"@type\":\"ReadAction\",\"target\":[\"https:\\\/\\\/www.smokershop.es\\\/index.php\\\/producto\\\/pack-grinde-y-cenicero-personaje-animacion\\\/\"]}]},{\"@type\":\"ImageObject\",\"inLanguage\":\"es\",\"@id\":\"https:\\\/\\\/www.smokershop.es\\\/index.php\\\/producto\\\/pack-grinde-y-cenicero-personaje-animacion\\\/#primaryimage\",\"url\":\"https:\\\/\\\/www.smokershop.es\\\/wp-content\\\/uploads\\\/2025\\\/07\\\/MUCHO-WEB.jpg\",\"contentUrl\":\"https:\\\/\\\/www.smokershop.es\\\/wp-content\\\/uploads\\\/2025\\\/07\\\/MUCHO-WEB.jpg\",\"width\":1350,\"height\":1350,\"caption\":\"PACK CENICERO + GRINDER EDICION LIMITADA\"},{\"@type\":\"BreadcrumbList\",\"@id\":\"https:\\\/\\\/www.smokershop.es\\\/index.php\\\/producto\\\/pack-grinde-y-cenicero-personaje-animacion\\\/#breadcrumb\",\"itemListElement\":[{\"@type\":\"ListItem\",\"position\":1,\"name\":\"Portada\",\"item\":\"https:\\\/\\\/www.smokershop.es\\\/\"},{\"@type\":\"ListItem\",\"position\":2,\"name\":\"The Shop\",\"item\":\"https:\\\/\\\/www.smokershop.es\\\/index.php\\\/shop\\\/\"},{\"@type\":\"ListItem\",\"position\":3,\"name\":\"PACK GRINDER Y CENICERO PERSONAJE ANIMACI\u00d3N\"}]},{\"@type\":\"WebSite\",\"@id\":\"https:\\\/\\\/www.smokershop.es\\\/#website\",\"url\":\"https:\\\/\\\/www.smokershop.es\\\/\",\"name\":\"The Smoker&#039;s Shop\",\"description\":\"Todo para los fumadores\",\"publisher\":{\"@id\":\"https:\\\/\\\/www.smokershop.es\\\/#organization\"},\"potentialAction\":[{\"@type\":\"SearchAction\",\"target\":{\"@type\":\"EntryPoint\",\"urlTemplate\":\"https:\\\/\\\/www.smokershop.es\\\/?s={search_term_string}\"},\"query-input\":{\"@type\":\"PropertyValueSpecification\",\"valueRequired\":true,\"valueName\":\"search_term_string\"}}],\"inLanguage\":\"es\"},{\"@type\":\"Organization\",\"@id\":\"https:\\\/\\\/www.smokershop.es\\\/#organization\",\"name\":\"The Smoker&#039;s Shop\",\"url\":\"https:\\\/\\\/www.smokershop.es\\\/\",\"logo\":{\"@type\":\"ImageObject\",\"inLanguage\":\"es\",\"@id\":\"https:\\\/\\\/www.smokershop.es\\\/#\\\/schema\\\/logo\\\/image\\\/\",\"url\":\"https:\\\/\\\/www.smokershop.es\\\/wp-content\\\/uploads\\\/2023\\\/10\\\/smokershop-logo.png\",\"contentUrl\":\"https:\\\/\\\/www.smokershop.es\\\/wp-content\\\/uploads\\\/2023\\\/10\\\/smokershop-logo.png\",\"width\":1711,\"height\":752,\"caption\":\"The Smoker&#039;s Shop\"},\"image\":{\"@id\":\"https:\\\/\\\/www.smokershop.es\\\/#\\\/schema\\\/logo\\\/image\\\/\"},\"sameAs\":[\"https:\\\/\\\/www.instagram.com\\\/thesmokersshopofficial\"]}]}<\/script>\n<!-- \/ Yoast SEO plugin. -->","yoast_head_json":{"title":"PACK GRINDER Y CENICERO PERSONAJE ANIMACI\u00d3N - The Smoker&#039;s Shop","description":"PACK GRINDE Y CENICERO PERSONAJE ANIMACI\u00d3N cuenta con un cenicero de cristal y un grinder de pl\u00e1stico ambos de gran calidad y con una ilustraci\u00f3n.","robots":{"index":"index","follow":"follow","max-snippet":"max-snippet:-1","max-image-preview":"max-image-preview:large","max-video-preview":"max-video-preview:-1"},"canonical":"https:\/\/www.smokershop.es\/index.php\/producto\/pack-grinde-y-cenicero-personaje-animacion\/","og_locale":"es_ES","og_type":"article","og_title":"PACK GRINDER Y CENICERO PERSONAJE ANIMACI\u00d3N - The Smoker&#039;s Shop","og_description":"PACK GRINDE Y CENICERO PERSONAJE ANIMACI\u00d3N cuenta con un cenicero de cristal y un grinder de pl\u00e1stico ambos de gran calidad y con una ilustraci\u00f3n.","og_url":"https:\/\/www.smokershop.es\/index.php\/producto\/pack-grinde-y-cenicero-personaje-animacion\/","og_site_name":"The Smoker&#039;s Shop","article_modified_time":"2026-04-10T02:02:50+00:00","og_image":[{"width":1350,"height":1350,"url":"https:\/\/www.smokershop.es\/wp-content\/uploads\/2025\/07\/MUCHO-WEB.jpg","type":"image\/jpeg"}],"twitter_card":"summary_large_image","twitter_misc":{"Tiempo de lectura":"1 minuto"},"schema":{"@context":"https:\/\/schema.org","@graph":[{"@type":"WebPage","@id":"https:\/\/www.smokershop.es\/index.php\/producto\/pack-grinde-y-cenicero-personaje-animacion\/","url":"https:\/\/www.smokershop.es\/index.php\/producto\/pack-grinde-y-cenicero-personaje-animacion\/","name":"PACK GRINDER Y CENICERO PERSONAJE ANIMACI\u00d3N - The Smoker&#039;s Shop","isPartOf":{"@id":"https:\/\/www.smokershop.es\/#website"},"primaryImageOfPage":{"@id":"https:\/\/www.smokershop.es\/index.php\/producto\/pack-grinde-y-cenicero-personaje-animacion\/#primaryimage"},"image":{"@id":"https:\/\/www.smokershop.es\/index.php\/producto\/pack-grinde-y-cenicero-personaje-animacion\/#primaryimage"},"thumbnailUrl":"https:\/\/www.smokershop.es\/wp-content\/uploads\/2025\/07\/MUCHO-WEB.jpg","datePublished":"2025-07-09T18:29:26+00:00","dateModified":"2026-04-10T02:02:50+00:00","description":"PACK GRINDE Y CENICERO PERSONAJE ANIMACI\u00d3N cuenta con un cenicero de cristal y un grinder de pl\u00e1stico ambos de gran calidad y con una ilustraci\u00f3n.","breadcrumb":{"@id":"https:\/\/www.smokershop.es\/index.php\/producto\/pack-grinde-y-cenicero-personaje-animacion\/#breadcrumb"},"inLanguage":"es","potentialAction":[{"@type":"ReadAction","target":["https:\/\/www.smokershop.es\/index.php\/producto\/pack-grinde-y-cenicero-personaje-animacion\/"]}]},{"@type":"ImageObject","inLanguage":"es","@id":"https:\/\/www.smokershop.es\/index.php\/producto\/pack-grinde-y-cenicero-personaje-animacion\/#primaryimage","url":"https:\/\/www.smokershop.es\/wp-content\/uploads\/2025\/07\/MUCHO-WEB.jpg","contentUrl":"https:\/\/www.smokershop.es\/wp-content\/uploads\/2025\/07\/MUCHO-WEB.jpg","width":1350,"height":1350,"caption":"PACK CENICERO + GRINDER EDICION LIMITADA"},{"@type":"BreadcrumbList","@id":"https:\/\/www.smokershop.es\/index.php\/producto\/pack-grinde-y-cenicero-personaje-animacion\/#breadcrumb","itemListElement":[{"@type":"ListItem","position":1,"name":"Portada","item":"https:\/\/www.smokershop.es\/"},{"@type":"ListItem","position":2,"name":"The Shop","item":"https:\/\/www.smokershop.es\/index.php\/shop\/"},{"@type":"ListItem","position":3,"name":"PACK GRINDER Y CENICERO PERSONAJE ANIMACI\u00d3N"}]},{"@type":"WebSite","@id":"https:\/\/www.smokershop.es\/#website","url":"https:\/\/www.smokershop.es\/","name":"The Smoker&#039;s Shop","description":"Todo para los fumadores","publisher":{"@id":"https:\/\/www.smokershop.es\/#organization"},"potentialAction":[{"@type":"SearchAction","target":{"@type":"EntryPoint","urlTemplate":"https:\/\/www.smokershop.es\/?s={search_term_string}"},"query-input":{"@type":"PropertyValueSpecification","valueRequired":true,"valueName":"search_term_string"}}],"inLanguage":"es"},{"@type":"Organization","@id":"https:\/\/www.smokershop.es\/#organization","name":"The Smoker&#039;s Shop","url":"https:\/\/www.smokershop.es\/","logo":{"@type":"ImageObject","inLanguage":"es","@id":"https:\/\/www.smokershop.es\/#\/schema\/logo\/image\/","url":"https:\/\/www.smokershop.es\/wp-content\/uploads\/2023\/10\/smokershop-logo.png","contentUrl":"https:\/\/www.smokershop.es\/wp-content\/uploads\/2023\/10\/smokershop-logo.png","width":1711,"height":752,"caption":"The Smoker&#039;s Shop"},"image":{"@id":"https:\/\/www.smokershop.es\/#\/schema\/logo\/image\/"},"sameAs":["https:\/\/www.instagram.com\/thesmokersshopofficial"]}]}},"_links":{"self":[{"href":"https:\/\/www.smokershop.es\/index.php\/wp-json\/wp\/v2\/product\/3027","targetHints":{"allow":["GET"]}}],"collection":[{"href":"https:\/\/www.smokershop.es\/index.php\/wp-json\/wp\/v2\/product"}],"about":[{"href":"https:\/\/www.smokershop.es\/index.php\/wp-json\/wp\/v2\/types\/product"}],"wp:featuredmedia":[{"embeddable":true,"href":"https:\/\/www.smokershop.es\/index.php\/wp-json\/wp\/v2\/media\/3468"}],"wp:attachment":[{"href":"https:\/\/www.smokershop.es\/index.php\/wp-json\/wp\/v2\/media?parent=3027"}],"wp:term":[{"taxonomy":"product_brand","embeddable":true,"href":"https:\/\/www.smokershop.es\/index.php\/wp-json\/wp\/v2\/product_brand?post=3027"},{"taxonomy":"product_cat","embeddable":true,"href":"https:\/\/www.smokershop.es\/index.php\/wp-json\/wp\/v2\/product_cat?post=3027"},{"taxonomy":"product_tag","embeddable":true,"href":"https:\/\/www.smokershop.es\/index.php\/wp-json\/wp\/v2\/product_tag?post=3027"}],"curies":[{"name":"wp","href":"https:\/\/api.w.org\/{rel}","templated":true}]}}