{"id":3076,"date":"2025-07-09T20:31:55","date_gmt":"2025-07-09T18:31:55","guid":{"rendered":"https:\/\/www.smokershop.es\/?post_type=product&#038;p=3076"},"modified":"2026-04-10T19:45:13","modified_gmt":"2026-04-10T17:45:13","slug":"world-breeders-bubba-edition","status":"publish","type":"product","link":"https:\/\/www.smokershop.es\/index.php\/producto\/world-breeders-bubba-edition\/","title":{"rendered":"WORLD BREEDERS BUBBA EDITION"},"content":{"rendered":"<p>WORLD BREEDERS BUBBA EDITION<\/p>\n<p>La ilusi\u00f3n del equipo de world breeders, as\u00ed como la certeza de que nuestras semillas marcan la diferencia han hecho que se lance por primera vez en su historia al mercado como banco de semillas.<\/p>\n<p>Est\u00e1s a un solo click de poder comprar semillas de cannabis de la m\u00e1s alta calidad, pudiendo adquirir semillas de nuestra colecci\u00f3n Bubba Edition.\u00a0 Descubre nuestra selecci\u00f3n de semillas de cannabis feminizadas, con variedades exclusivas, cruzadas con una de nuestras gen\u00e9ticas m\u00e1s salvajes, Bubba.<\/p>\n<p>&nbsp;<\/p>\n<p>&nbsp;<\/p>\n<p>En The Smoker\u00b4s Shop solo se comercializan semillas con fines de recolecci\u00f3n, excepto en los pa\u00edses en los que este permitido el auto cultivo. Pro este motivo, ni The Smoker\u00b4s Shop ni World Breeders, se hacen responsables del uso indebido de las mismas, por lo que recomendamos comprobar la legislaci\u00f3n vigente de cada pa\u00eds para evitar posibles malos usos y problemas legales.<\/p>\n","protected":false},"excerpt":{"rendered":"<ul>\n<li>Semillas World Breeders de la l\u00ednea Bubba Edition.<\/li>\n<li>Diferentes variedades para seleccionar.<\/li>\n<\/ul>\n<p>&nbsp;<\/p>\n<ul>\n<li><strong>\u2b07\ufe0f PRECIOS MAYORISTA PARA PROFESIONALES \u2b07\ufe0f<\/strong><\/li>\n<\/ul>\n<p style=\"padding-left: 160px;\"><strong><a href=\"https:\/\/www.smokershop.es\/index.php\/register\/\" target=\"_blank\" rel=\"noopener\">\ud83d\udc49 REGISTRATE AQUI \ud83d\udc48<\/a><\/strong><\/p>\n","protected":false},"featured_media":3186,"template":"","meta":{"_joinchat":[]},"product_brand":[],"product_cat":[75,76],"product_tag":[],"class_list":{"0":"post-3076","1":"product","2":"type-product","3":"status-publish","4":"has-post-thumbnail","6":"product_cat-semillas","7":"product_cat-world-breeders","9":"first","10":"instock","11":"taxable","12":"shipping-taxable","13":"purchasable","14":"product-type-variable"},"yoast_head":"<!-- This site is optimized with the Yoast SEO plugin v27.4 - https:\/\/yoast.com\/product\/yoast-seo-wordpress\/ -->\n<title>WORLD BREEDERS BUBBA EDITION - The Smoker&#039;s Shop<\/title>\n<meta name=\"description\" content=\"WORLD BREEDERS BUBBA EDITION descubre y disfruta de una variedad de semillas de gran calidad y cuidadosamente seleccionadas.\" \/>\n<meta name=\"robots\" content=\"index, follow, max-snippet:-1, max-image-preview:large, max-video-preview:-1\" \/>\n<link rel=\"canonical\" href=\"https:\/\/www.smokershop.es\/index.php\/producto\/world-breeders-bubba-edition\/\" \/>\n<meta property=\"og:locale\" content=\"es_ES\" \/>\n<meta property=\"og:type\" content=\"article\" \/>\n<meta property=\"og:title\" content=\"WORLD BREEDERS BUBBA EDITION - The Smoker&#039;s Shop\" \/>\n<meta property=\"og:description\" content=\"WORLD BREEDERS BUBBA EDITION descubre y disfruta de una variedad de semillas de gran calidad y cuidadosamente seleccionadas.\" \/>\n<meta property=\"og:url\" content=\"https:\/\/www.smokershop.es\/index.php\/producto\/world-breeders-bubba-edition\/\" \/>\n<meta property=\"og:site_name\" content=\"The Smoker&#039;s Shop\" \/>\n<meta property=\"article:modified_time\" content=\"2026-04-10T17:45:13+00:00\" \/>\n<meta property=\"og:image\" content=\"https:\/\/www.smokershop.es\/wp-content\/uploads\/2025\/07\/WhatsApp-Image-2025-07-22-at-19.24.16-1.jpeg\" \/>\n\t<meta property=\"og:image:width\" content=\"1350\" \/>\n\t<meta property=\"og:image:height\" content=\"1350\" \/>\n\t<meta property=\"og:image:type\" content=\"image\/jpeg\" \/>\n<meta name=\"twitter:card\" content=\"summary_large_image\" \/>\n<meta name=\"twitter:label1\" content=\"Tiempo de lectura\" \/>\n\t<meta name=\"twitter:data1\" content=\"1 minuto\" \/>\n<script type=\"application\/ld+json\" class=\"yoast-schema-graph\">{\"@context\":\"https:\\\/\\\/schema.org\",\"@graph\":[{\"@type\":\"WebPage\",\"@id\":\"https:\\\/\\\/www.smokershop.es\\\/index.php\\\/producto\\\/world-breeders-bubba-edition\\\/\",\"url\":\"https:\\\/\\\/www.smokershop.es\\\/index.php\\\/producto\\\/world-breeders-bubba-edition\\\/\",\"name\":\"WORLD BREEDERS BUBBA EDITION - The Smoker&#039;s Shop\",\"isPartOf\":{\"@id\":\"https:\\\/\\\/www.smokershop.es\\\/#website\"},\"primaryImageOfPage\":{\"@id\":\"https:\\\/\\\/www.smokershop.es\\\/index.php\\\/producto\\\/world-breeders-bubba-edition\\\/#primaryimage\"},\"image\":{\"@id\":\"https:\\\/\\\/www.smokershop.es\\\/index.php\\\/producto\\\/world-breeders-bubba-edition\\\/#primaryimage\"},\"thumbnailUrl\":\"https:\\\/\\\/www.smokershop.es\\\/wp-content\\\/uploads\\\/2025\\\/07\\\/WhatsApp-Image-2025-07-22-at-19.24.16-1.jpeg\",\"datePublished\":\"2025-07-09T18:31:55+00:00\",\"dateModified\":\"2026-04-10T17:45:13+00:00\",\"description\":\"WORLD BREEDERS BUBBA EDITION descubre y disfruta de una variedad de semillas de gran calidad y cuidadosamente seleccionadas.\",\"breadcrumb\":{\"@id\":\"https:\\\/\\\/www.smokershop.es\\\/index.php\\\/producto\\\/world-breeders-bubba-edition\\\/#breadcrumb\"},\"inLanguage\":\"es\",\"potentialAction\":[{\"@type\":\"ReadAction\",\"target\":[\"https:\\\/\\\/www.smokershop.es\\\/index.php\\\/producto\\\/world-breeders-bubba-edition\\\/\"]}]},{\"@type\":\"ImageObject\",\"inLanguage\":\"es\",\"@id\":\"https:\\\/\\\/www.smokershop.es\\\/index.php\\\/producto\\\/world-breeders-bubba-edition\\\/#primaryimage\",\"url\":\"https:\\\/\\\/www.smokershop.es\\\/wp-content\\\/uploads\\\/2025\\\/07\\\/WhatsApp-Image-2025-07-22-at-19.24.16-1.jpeg\",\"contentUrl\":\"https:\\\/\\\/www.smokershop.es\\\/wp-content\\\/uploads\\\/2025\\\/07\\\/WhatsApp-Image-2025-07-22-at-19.24.16-1.jpeg\",\"width\":1350,\"height\":1350,\"caption\":\"WORLD BREEDERS BUBBA EDITION\"},{\"@type\":\"BreadcrumbList\",\"@id\":\"https:\\\/\\\/www.smokershop.es\\\/index.php\\\/producto\\\/world-breeders-bubba-edition\\\/#breadcrumb\",\"itemListElement\":[{\"@type\":\"ListItem\",\"position\":1,\"name\":\"Portada\",\"item\":\"https:\\\/\\\/www.smokershop.es\\\/\"},{\"@type\":\"ListItem\",\"position\":2,\"name\":\"The Shop\",\"item\":\"https:\\\/\\\/www.smokershop.es\\\/index.php\\\/shop\\\/\"},{\"@type\":\"ListItem\",\"position\":3,\"name\":\"WORLD BREEDERS BUBBA EDITION\"}]},{\"@type\":\"WebSite\",\"@id\":\"https:\\\/\\\/www.smokershop.es\\\/#website\",\"url\":\"https:\\\/\\\/www.smokershop.es\\\/\",\"name\":\"The Smoker&#039;s Shop\",\"description\":\"Todo para los fumadores\",\"publisher\":{\"@id\":\"https:\\\/\\\/www.smokershop.es\\\/#organization\"},\"potentialAction\":[{\"@type\":\"SearchAction\",\"target\":{\"@type\":\"EntryPoint\",\"urlTemplate\":\"https:\\\/\\\/www.smokershop.es\\\/?s={search_term_string}\"},\"query-input\":{\"@type\":\"PropertyValueSpecification\",\"valueRequired\":true,\"valueName\":\"search_term_string\"}}],\"inLanguage\":\"es\"},{\"@type\":\"Organization\",\"@id\":\"https:\\\/\\\/www.smokershop.es\\\/#organization\",\"name\":\"The Smoker&#039;s Shop\",\"url\":\"https:\\\/\\\/www.smokershop.es\\\/\",\"logo\":{\"@type\":\"ImageObject\",\"inLanguage\":\"es\",\"@id\":\"https:\\\/\\\/www.smokershop.es\\\/#\\\/schema\\\/logo\\\/image\\\/\",\"url\":\"https:\\\/\\\/www.smokershop.es\\\/wp-content\\\/uploads\\\/2023\\\/10\\\/smokershop-logo.png\",\"contentUrl\":\"https:\\\/\\\/www.smokershop.es\\\/wp-content\\\/uploads\\\/2023\\\/10\\\/smokershop-logo.png\",\"width\":1711,\"height\":752,\"caption\":\"The Smoker&#039;s Shop\"},\"image\":{\"@id\":\"https:\\\/\\\/www.smokershop.es\\\/#\\\/schema\\\/logo\\\/image\\\/\"},\"sameAs\":[\"https:\\\/\\\/www.instagram.com\\\/thesmokersshopofficial\"]}]}<\/script>\n<!-- \/ Yoast SEO plugin. -->","yoast_head_json":{"title":"WORLD BREEDERS BUBBA EDITION - The Smoker&#039;s Shop","description":"WORLD BREEDERS BUBBA EDITION descubre y disfruta de una variedad de semillas de gran calidad y cuidadosamente seleccionadas.","robots":{"index":"index","follow":"follow","max-snippet":"max-snippet:-1","max-image-preview":"max-image-preview:large","max-video-preview":"max-video-preview:-1"},"canonical":"https:\/\/www.smokershop.es\/index.php\/producto\/world-breeders-bubba-edition\/","og_locale":"es_ES","og_type":"article","og_title":"WORLD BREEDERS BUBBA EDITION - The Smoker&#039;s Shop","og_description":"WORLD BREEDERS BUBBA EDITION descubre y disfruta de una variedad de semillas de gran calidad y cuidadosamente seleccionadas.","og_url":"https:\/\/www.smokershop.es\/index.php\/producto\/world-breeders-bubba-edition\/","og_site_name":"The Smoker&#039;s Shop","article_modified_time":"2026-04-10T17:45:13+00:00","og_image":[{"width":1350,"height":1350,"url":"https:\/\/www.smokershop.es\/wp-content\/uploads\/2025\/07\/WhatsApp-Image-2025-07-22-at-19.24.16-1.jpeg","type":"image\/jpeg"}],"twitter_card":"summary_large_image","twitter_misc":{"Tiempo de lectura":"1 minuto"},"schema":{"@context":"https:\/\/schema.org","@graph":[{"@type":"WebPage","@id":"https:\/\/www.smokershop.es\/index.php\/producto\/world-breeders-bubba-edition\/","url":"https:\/\/www.smokershop.es\/index.php\/producto\/world-breeders-bubba-edition\/","name":"WORLD BREEDERS BUBBA EDITION - The Smoker&#039;s Shop","isPartOf":{"@id":"https:\/\/www.smokershop.es\/#website"},"primaryImageOfPage":{"@id":"https:\/\/www.smokershop.es\/index.php\/producto\/world-breeders-bubba-edition\/#primaryimage"},"image":{"@id":"https:\/\/www.smokershop.es\/index.php\/producto\/world-breeders-bubba-edition\/#primaryimage"},"thumbnailUrl":"https:\/\/www.smokershop.es\/wp-content\/uploads\/2025\/07\/WhatsApp-Image-2025-07-22-at-19.24.16-1.jpeg","datePublished":"2025-07-09T18:31:55+00:00","dateModified":"2026-04-10T17:45:13+00:00","description":"WORLD BREEDERS BUBBA EDITION descubre y disfruta de una variedad de semillas de gran calidad y cuidadosamente seleccionadas.","breadcrumb":{"@id":"https:\/\/www.smokershop.es\/index.php\/producto\/world-breeders-bubba-edition\/#breadcrumb"},"inLanguage":"es","potentialAction":[{"@type":"ReadAction","target":["https:\/\/www.smokershop.es\/index.php\/producto\/world-breeders-bubba-edition\/"]}]},{"@type":"ImageObject","inLanguage":"es","@id":"https:\/\/www.smokershop.es\/index.php\/producto\/world-breeders-bubba-edition\/#primaryimage","url":"https:\/\/www.smokershop.es\/wp-content\/uploads\/2025\/07\/WhatsApp-Image-2025-07-22-at-19.24.16-1.jpeg","contentUrl":"https:\/\/www.smokershop.es\/wp-content\/uploads\/2025\/07\/WhatsApp-Image-2025-07-22-at-19.24.16-1.jpeg","width":1350,"height":1350,"caption":"WORLD BREEDERS BUBBA EDITION"},{"@type":"BreadcrumbList","@id":"https:\/\/www.smokershop.es\/index.php\/producto\/world-breeders-bubba-edition\/#breadcrumb","itemListElement":[{"@type":"ListItem","position":1,"name":"Portada","item":"https:\/\/www.smokershop.es\/"},{"@type":"ListItem","position":2,"name":"The Shop","item":"https:\/\/www.smokershop.es\/index.php\/shop\/"},{"@type":"ListItem","position":3,"name":"WORLD BREEDERS BUBBA EDITION"}]},{"@type":"WebSite","@id":"https:\/\/www.smokershop.es\/#website","url":"https:\/\/www.smokershop.es\/","name":"The Smoker&#039;s Shop","description":"Todo para los fumadores","publisher":{"@id":"https:\/\/www.smokershop.es\/#organization"},"potentialAction":[{"@type":"SearchAction","target":{"@type":"EntryPoint","urlTemplate":"https:\/\/www.smokershop.es\/?s={search_term_string}"},"query-input":{"@type":"PropertyValueSpecification","valueRequired":true,"valueName":"search_term_string"}}],"inLanguage":"es"},{"@type":"Organization","@id":"https:\/\/www.smokershop.es\/#organization","name":"The Smoker&#039;s Shop","url":"https:\/\/www.smokershop.es\/","logo":{"@type":"ImageObject","inLanguage":"es","@id":"https:\/\/www.smokershop.es\/#\/schema\/logo\/image\/","url":"https:\/\/www.smokershop.es\/wp-content\/uploads\/2023\/10\/smokershop-logo.png","contentUrl":"https:\/\/www.smokershop.es\/wp-content\/uploads\/2023\/10\/smokershop-logo.png","width":1711,"height":752,"caption":"The Smoker&#039;s Shop"},"image":{"@id":"https:\/\/www.smokershop.es\/#\/schema\/logo\/image\/"},"sameAs":["https:\/\/www.instagram.com\/thesmokersshopofficial"]}]}},"_links":{"self":[{"href":"https:\/\/www.smokershop.es\/index.php\/wp-json\/wp\/v2\/product\/3076","targetHints":{"allow":["GET"]}}],"collection":[{"href":"https:\/\/www.smokershop.es\/index.php\/wp-json\/wp\/v2\/product"}],"about":[{"href":"https:\/\/www.smokershop.es\/index.php\/wp-json\/wp\/v2\/types\/product"}],"wp:featuredmedia":[{"embeddable":true,"href":"https:\/\/www.smokershop.es\/index.php\/wp-json\/wp\/v2\/media\/3186"}],"wp:attachment":[{"href":"https:\/\/www.smokershop.es\/index.php\/wp-json\/wp\/v2\/media?parent=3076"}],"wp:term":[{"taxonomy":"product_brand","embeddable":true,"href":"https:\/\/www.smokershop.es\/index.php\/wp-json\/wp\/v2\/product_brand?post=3076"},{"taxonomy":"product_cat","embeddable":true,"href":"https:\/\/www.smokershop.es\/index.php\/wp-json\/wp\/v2\/product_cat?post=3076"},{"taxonomy":"product_tag","embeddable":true,"href":"https:\/\/www.smokershop.es\/index.php\/wp-json\/wp\/v2\/product_tag?post=3076"}],"curies":[{"name":"wp","href":"https:\/\/api.w.org\/{rel}","templated":true}]}}