{"id":3103,"date":"2025-07-14T20:36:26","date_gmt":"2025-07-14T18:36:26","guid":{"rendered":"https:\/\/www.smokershop.es\/?post_type=product&#038;p=3103"},"modified":"2026-04-13T13:54:08","modified_gmt":"2026-04-13T11:54:08","slug":"world-breeders-iconic-line","status":"publish","type":"product","link":"https:\/\/www.smokershop.es\/index.php\/producto\/world-breeders-iconic-line\/","title":{"rendered":"WORLD BREEDERS ICONIC LINE"},"content":{"rendered":"<p>WORLD BREEDERS ICONIC LINE<\/p>\n<p>Descubre las dos ediciones de la l\u00ednea ICONIC de World Breeders: Pilot y Hokuzan.<\/p>\n<p>La Pilot es el resultado de la uni\u00f3n entre JC Reyes, el popular cantante y artista, y la renombrada empresa World Breeders marca un hito importante en la industria del cannabis. Esta colaboraci\u00f3n combina la pasi\u00f3n musical de Reyes con la experiencia y los conocimientos de World Breeders en la creaci\u00f3n de variedades de cannabis de primera calidad. Con esta colaboraci\u00f3n, JC Reyes y World Breeders buscan no s\u00f3lo desarrollar una variedad de cannabis excepcional, sino tambi\u00e9n crear un v\u00ednculo entre la m\u00fasica y el cannabis.<\/p>\n<p>\u00abLa Pilot\u00bb es una variante espec\u00edficamente seleccionada por el artista JC Reyes, que se ha desplazado a varias de nuestras instalaciones para realizar un estudio de selecci\u00f3n evaluando cientos de propuestas. Creando una variedad a su gusto, criterio y amor por la marihuana. Resultando una l\u00ednea ic\u00f3nica y completamente \u00fanica<\/p>\n<p>Pilot es una variedad especialmente desarrollada por el famoso cantante JC Reyes. Despu\u00e9s de mucho desarrollo y trabajo por parte del equipo de World Breeders junto con el artista, hemos conseguido una variedad a la altura de esta gran colaboraci\u00f3n.<\/p>\n<p>Una planta h\u00edbrida muy apreciada en el mundo cann\u00e1bico por su delicioso perfil de sabor y efectos equilibrados, combinando lo mejor de sus padres. El aroma y el sabor de Pilot son realmente \u00fanicos, con notas dulces y jugosas de sand\u00eda, matices c\u00edtricos y un toque de caramelo que recuerda a un caramelo de frutas.<\/p>\n<p>Su estructura es robusta, caracterizada por cogollos densos y resinosos, lo que la convierte en una elecci\u00f3n popular con una combinaci\u00f3n de sabores refrescantes y efectos placenteros.<\/p>\n<p>Pink Wtaermelon X Jokerz X WB Bubba<\/p>\n<p>&nbsp;<\/p>\n<p>Hokuzan es una variedad h\u00edbrida que destaca por su sofisticado perfil arom\u00e1tico y su prestigioso linaje. Fruto de una colaboraci\u00f3n con Hidden Group Genetics, combina la intensidad terrosa de Hokuzai con el toque afrutado y chispeante de Fizzy Gum.<\/p>\n<p>Su aroma presenta notas de tierra h\u00fameda, frutos rojos efervescentes y un fondo cremoso que redondea la experiencia sensorial. Este perfil complejo se ve realzado por la presencia de terpenos como el cariofileno, el limoneno y el mirceno.<\/p>\n<p>Los cogollos son densos y resinosos, con una estructura robusta y tonos verde oscuro acentuados por reflejos rojizos.<\/p>\n<p>Con su gen\u00e9tica equilibrada y su car\u00e1cter arom\u00e1tico distintivo, Hokuzan destaca como una opci\u00f3n atractiva para quienes buscan una experiencia intensa y refinada.<\/p>\n<p>Slapz x Grapes N Cream x WB Bubba<\/p>\n<p>&nbsp;<\/p>\n<p>En The Smoker\u00b4s Shop solo se comercializan semillas con fines de recolecci\u00f3n, excepto en los pa\u00edses en los que este permitido el auto cultivo. Pro este motivo, ni The Smoker\u00b4s Shop ni World Breeders, se hacen responsables del uso indebido de las mismas, por lo que recomendamos comprobar la legislaci\u00f3n vigente de cada pa\u00eds para evitar posibles malos usos y problemas legales.<\/p>\n","protected":false},"excerpt":{"rendered":"<ul>\n<li>\u00a0World Breeders Iconic Line ft JC Reyers Semilla Pilot : Pink Wtaermelon X Jokerz X WB Bubba<\/li>\n<li>23% THC<\/li>\n<li>0,1% CBD<\/li>\n<li>60% Sativa<\/li>\n<li>40% Indica<\/li>\n<\/ul>\n<ul>\n<li><strong>\u2b07\ufe0f PRECIOS MAYORISTA PARA PROFESIONALES \u2b07\ufe0f<\/strong><\/li>\n<\/ul>\n<p style=\"padding-left: 160px;\"><strong><a href=\"https:\/\/www.smokershop.es\/index.php\/register\/\" target=\"_blank\" rel=\"noopener\">\ud83d\udc49 REGISTRATE AQUI \ud83d\udc48<\/a><\/strong><\/p>\n","protected":false},"featured_media":3185,"template":"","meta":{"_joinchat":[]},"product_brand":[],"product_cat":[75,76],"product_tag":[],"class_list":{"0":"post-3103","1":"product","2":"type-product","3":"status-publish","4":"has-post-thumbnail","6":"product_cat-semillas","7":"product_cat-world-breeders","9":"first","10":"instock","11":"taxable","12":"shipping-taxable","13":"purchasable","14":"product-type-variable"},"yoast_head":"<!-- This site is optimized with the Yoast SEO plugin v27.2 - https:\/\/yoast.com\/product\/yoast-seo-wordpress\/ -->\n<title>WORLD BREEDERS ICONIC LINE - The Smoker&#039;s Shop<\/title>\n<meta name=\"description\" content=\"WORLD BREEDERS ICONIC LINE descubre la nueva y exclusiva colaboraci\u00f3n entre World Breeders y JC Reyes, Pilot, una variedad creada para enamorar.\" \/>\n<meta name=\"robots\" content=\"index, follow, max-snippet:-1, max-image-preview:large, max-video-preview:-1\" \/>\n<link rel=\"canonical\" href=\"https:\/\/www.smokershop.es\/index.php\/producto\/world-breeders-iconic-line\/\" \/>\n<meta property=\"og:locale\" content=\"es_ES\" \/>\n<meta property=\"og:type\" content=\"article\" \/>\n<meta property=\"og:title\" content=\"WORLD BREEDERS ICONIC LINE - The Smoker&#039;s Shop\" \/>\n<meta property=\"og:description\" content=\"WORLD BREEDERS ICONIC LINE descubre la nueva y exclusiva colaboraci\u00f3n entre World Breeders y JC Reyes, Pilot, una variedad creada para enamorar.\" \/>\n<meta property=\"og:url\" content=\"https:\/\/www.smokershop.es\/index.php\/producto\/world-breeders-iconic-line\/\" \/>\n<meta property=\"og:site_name\" content=\"The Smoker&#039;s Shop\" \/>\n<meta property=\"article:modified_time\" content=\"2026-04-13T11:54:08+00:00\" \/>\n<meta property=\"og:image\" content=\"https:\/\/www.smokershop.es\/wp-content\/uploads\/2025\/07\/WhatsApp-Image-2025-07-22-at-19.24.16.jpeg\" \/>\n\t<meta property=\"og:image:width\" content=\"1350\" \/>\n\t<meta property=\"og:image:height\" content=\"1350\" \/>\n\t<meta property=\"og:image:type\" content=\"image\/jpeg\" \/>\n<meta name=\"twitter:card\" content=\"summary_large_image\" \/>\n<meta name=\"twitter:label1\" content=\"Tiempo de lectura\" \/>\n\t<meta name=\"twitter:data1\" content=\"3 minutos\" \/>\n<script type=\"application\/ld+json\" class=\"yoast-schema-graph\">{\"@context\":\"https:\/\/schema.org\",\"@graph\":[{\"@type\":\"WebPage\",\"@id\":\"https:\/\/www.smokershop.es\/index.php\/producto\/world-breeders-iconic-line\/\",\"url\":\"https:\/\/www.smokershop.es\/index.php\/producto\/world-breeders-iconic-line\/\",\"name\":\"WORLD BREEDERS ICONIC LINE - The Smoker&#039;s Shop\",\"isPartOf\":{\"@id\":\"https:\/\/www.smokershop.es\/#website\"},\"primaryImageOfPage\":{\"@id\":\"https:\/\/www.smokershop.es\/index.php\/producto\/world-breeders-iconic-line\/#primaryimage\"},\"image\":{\"@id\":\"https:\/\/www.smokershop.es\/index.php\/producto\/world-breeders-iconic-line\/#primaryimage\"},\"thumbnailUrl\":\"https:\/\/www.smokershop.es\/wp-content\/uploads\/2025\/07\/WhatsApp-Image-2025-07-22-at-19.24.16.jpeg\",\"datePublished\":\"2025-07-14T18:36:26+00:00\",\"dateModified\":\"2026-04-13T11:54:08+00:00\",\"description\":\"WORLD BREEDERS ICONIC LINE descubre la nueva y exclusiva colaboraci\u00f3n entre World Breeders y JC Reyes, Pilot, una variedad creada para enamorar.\",\"breadcrumb\":{\"@id\":\"https:\/\/www.smokershop.es\/index.php\/producto\/world-breeders-iconic-line\/#breadcrumb\"},\"inLanguage\":\"es\",\"potentialAction\":[{\"@type\":\"ReadAction\",\"target\":[\"https:\/\/www.smokershop.es\/index.php\/producto\/world-breeders-iconic-line\/\"]}]},{\"@type\":\"ImageObject\",\"inLanguage\":\"es\",\"@id\":\"https:\/\/www.smokershop.es\/index.php\/producto\/world-breeders-iconic-line\/#primaryimage\",\"url\":\"https:\/\/www.smokershop.es\/wp-content\/uploads\/2025\/07\/WhatsApp-Image-2025-07-22-at-19.24.16.jpeg\",\"contentUrl\":\"https:\/\/www.smokershop.es\/wp-content\/uploads\/2025\/07\/WhatsApp-Image-2025-07-22-at-19.24.16.jpeg\",\"width\":1350,\"height\":1350,\"caption\":\"WORLD BREEDERS ICONIC LINE JCREYES\"},{\"@type\":\"BreadcrumbList\",\"@id\":\"https:\/\/www.smokershop.es\/index.php\/producto\/world-breeders-iconic-line\/#breadcrumb\",\"itemListElement\":[{\"@type\":\"ListItem\",\"position\":1,\"name\":\"Portada\",\"item\":\"https:\/\/www.smokershop.es\/\"},{\"@type\":\"ListItem\",\"position\":2,\"name\":\"The Shop\",\"item\":\"https:\/\/www.smokershop.es\/index.php\/shop\/\"},{\"@type\":\"ListItem\",\"position\":3,\"name\":\"WORLD BREEDERS ICONIC LINE\"}]},{\"@type\":\"WebSite\",\"@id\":\"https:\/\/www.smokershop.es\/#website\",\"url\":\"https:\/\/www.smokershop.es\/\",\"name\":\"The Smoker&#039;s Shop\",\"description\":\"Todo para los fumadores\",\"publisher\":{\"@id\":\"https:\/\/www.smokershop.es\/#organization\"},\"potentialAction\":[{\"@type\":\"SearchAction\",\"target\":{\"@type\":\"EntryPoint\",\"urlTemplate\":\"https:\/\/www.smokershop.es\/?s={search_term_string}\"},\"query-input\":{\"@type\":\"PropertyValueSpecification\",\"valueRequired\":true,\"valueName\":\"search_term_string\"}}],\"inLanguage\":\"es\"},{\"@type\":\"Organization\",\"@id\":\"https:\/\/www.smokershop.es\/#organization\",\"name\":\"The Smoker&#039;s Shop\",\"url\":\"https:\/\/www.smokershop.es\/\",\"logo\":{\"@type\":\"ImageObject\",\"inLanguage\":\"es\",\"@id\":\"https:\/\/www.smokershop.es\/#\/schema\/logo\/image\/\",\"url\":\"https:\/\/www.smokershop.es\/wp-content\/uploads\/2023\/10\/smokershop-logo.png\",\"contentUrl\":\"https:\/\/www.smokershop.es\/wp-content\/uploads\/2023\/10\/smokershop-logo.png\",\"width\":1711,\"height\":752,\"caption\":\"The Smoker&#039;s Shop\"},\"image\":{\"@id\":\"https:\/\/www.smokershop.es\/#\/schema\/logo\/image\/\"},\"sameAs\":[\"https:\/\/www.instagram.com\/thesmokersshopofficial\"]}]}<\/script>\n<!-- \/ Yoast SEO plugin. -->","yoast_head_json":{"title":"WORLD BREEDERS ICONIC LINE - The Smoker&#039;s Shop","description":"WORLD BREEDERS ICONIC LINE descubre la nueva y exclusiva colaboraci\u00f3n entre World Breeders y JC Reyes, Pilot, una variedad creada para enamorar.","robots":{"index":"index","follow":"follow","max-snippet":"max-snippet:-1","max-image-preview":"max-image-preview:large","max-video-preview":"max-video-preview:-1"},"canonical":"https:\/\/www.smokershop.es\/index.php\/producto\/world-breeders-iconic-line\/","og_locale":"es_ES","og_type":"article","og_title":"WORLD BREEDERS ICONIC LINE - The Smoker&#039;s Shop","og_description":"WORLD BREEDERS ICONIC LINE descubre la nueva y exclusiva colaboraci\u00f3n entre World Breeders y JC Reyes, Pilot, una variedad creada para enamorar.","og_url":"https:\/\/www.smokershop.es\/index.php\/producto\/world-breeders-iconic-line\/","og_site_name":"The Smoker&#039;s Shop","article_modified_time":"2026-04-13T11:54:08+00:00","og_image":[{"width":1350,"height":1350,"url":"https:\/\/www.smokershop.es\/wp-content\/uploads\/2025\/07\/WhatsApp-Image-2025-07-22-at-19.24.16.jpeg","type":"image\/jpeg"}],"twitter_card":"summary_large_image","twitter_misc":{"Tiempo de lectura":"3 minutos"},"schema":{"@context":"https:\/\/schema.org","@graph":[{"@type":"WebPage","@id":"https:\/\/www.smokershop.es\/index.php\/producto\/world-breeders-iconic-line\/","url":"https:\/\/www.smokershop.es\/index.php\/producto\/world-breeders-iconic-line\/","name":"WORLD BREEDERS ICONIC LINE - The Smoker&#039;s Shop","isPartOf":{"@id":"https:\/\/www.smokershop.es\/#website"},"primaryImageOfPage":{"@id":"https:\/\/www.smokershop.es\/index.php\/producto\/world-breeders-iconic-line\/#primaryimage"},"image":{"@id":"https:\/\/www.smokershop.es\/index.php\/producto\/world-breeders-iconic-line\/#primaryimage"},"thumbnailUrl":"https:\/\/www.smokershop.es\/wp-content\/uploads\/2025\/07\/WhatsApp-Image-2025-07-22-at-19.24.16.jpeg","datePublished":"2025-07-14T18:36:26+00:00","dateModified":"2026-04-13T11:54:08+00:00","description":"WORLD BREEDERS ICONIC LINE descubre la nueva y exclusiva colaboraci\u00f3n entre World Breeders y JC Reyes, Pilot, una variedad creada para enamorar.","breadcrumb":{"@id":"https:\/\/www.smokershop.es\/index.php\/producto\/world-breeders-iconic-line\/#breadcrumb"},"inLanguage":"es","potentialAction":[{"@type":"ReadAction","target":["https:\/\/www.smokershop.es\/index.php\/producto\/world-breeders-iconic-line\/"]}]},{"@type":"ImageObject","inLanguage":"es","@id":"https:\/\/www.smokershop.es\/index.php\/producto\/world-breeders-iconic-line\/#primaryimage","url":"https:\/\/www.smokershop.es\/wp-content\/uploads\/2025\/07\/WhatsApp-Image-2025-07-22-at-19.24.16.jpeg","contentUrl":"https:\/\/www.smokershop.es\/wp-content\/uploads\/2025\/07\/WhatsApp-Image-2025-07-22-at-19.24.16.jpeg","width":1350,"height":1350,"caption":"WORLD BREEDERS ICONIC LINE JCREYES"},{"@type":"BreadcrumbList","@id":"https:\/\/www.smokershop.es\/index.php\/producto\/world-breeders-iconic-line\/#breadcrumb","itemListElement":[{"@type":"ListItem","position":1,"name":"Portada","item":"https:\/\/www.smokershop.es\/"},{"@type":"ListItem","position":2,"name":"The Shop","item":"https:\/\/www.smokershop.es\/index.php\/shop\/"},{"@type":"ListItem","position":3,"name":"WORLD BREEDERS ICONIC LINE"}]},{"@type":"WebSite","@id":"https:\/\/www.smokershop.es\/#website","url":"https:\/\/www.smokershop.es\/","name":"The Smoker&#039;s Shop","description":"Todo para los fumadores","publisher":{"@id":"https:\/\/www.smokershop.es\/#organization"},"potentialAction":[{"@type":"SearchAction","target":{"@type":"EntryPoint","urlTemplate":"https:\/\/www.smokershop.es\/?s={search_term_string}"},"query-input":{"@type":"PropertyValueSpecification","valueRequired":true,"valueName":"search_term_string"}}],"inLanguage":"es"},{"@type":"Organization","@id":"https:\/\/www.smokershop.es\/#organization","name":"The Smoker&#039;s Shop","url":"https:\/\/www.smokershop.es\/","logo":{"@type":"ImageObject","inLanguage":"es","@id":"https:\/\/www.smokershop.es\/#\/schema\/logo\/image\/","url":"https:\/\/www.smokershop.es\/wp-content\/uploads\/2023\/10\/smokershop-logo.png","contentUrl":"https:\/\/www.smokershop.es\/wp-content\/uploads\/2023\/10\/smokershop-logo.png","width":1711,"height":752,"caption":"The Smoker&#039;s Shop"},"image":{"@id":"https:\/\/www.smokershop.es\/#\/schema\/logo\/image\/"},"sameAs":["https:\/\/www.instagram.com\/thesmokersshopofficial"]}]}},"_links":{"self":[{"href":"https:\/\/www.smokershop.es\/index.php\/wp-json\/wp\/v2\/product\/3103","targetHints":{"allow":["GET"]}}],"collection":[{"href":"https:\/\/www.smokershop.es\/index.php\/wp-json\/wp\/v2\/product"}],"about":[{"href":"https:\/\/www.smokershop.es\/index.php\/wp-json\/wp\/v2\/types\/product"}],"wp:featuredmedia":[{"embeddable":true,"href":"https:\/\/www.smokershop.es\/index.php\/wp-json\/wp\/v2\/media\/3185"}],"wp:attachment":[{"href":"https:\/\/www.smokershop.es\/index.php\/wp-json\/wp\/v2\/media?parent=3103"}],"wp:term":[{"taxonomy":"product_brand","embeddable":true,"href":"https:\/\/www.smokershop.es\/index.php\/wp-json\/wp\/v2\/product_brand?post=3103"},{"taxonomy":"product_cat","embeddable":true,"href":"https:\/\/www.smokershop.es\/index.php\/wp-json\/wp\/v2\/product_cat?post=3103"},{"taxonomy":"product_tag","embeddable":true,"href":"https:\/\/www.smokershop.es\/index.php\/wp-json\/wp\/v2\/product_tag?post=3103"}],"curies":[{"name":"wp","href":"https:\/\/api.w.org\/{rel}","templated":true}]}}