{"id":3124,"date":"2025-07-15T20:28:00","date_gmt":"2025-07-15T18:28:00","guid":{"rendered":"https:\/\/www.smokershop.es\/?post_type=product&#038;p=3124"},"modified":"2026-04-10T03:55:35","modified_gmt":"2026-04-10T01:55:35","slug":"pre-roll-cbd-monkey-king","status":"publish","type":"product","link":"https:\/\/www.smokershop.es\/index.php\/producto\/pre-roll-cbd-monkey-king\/","title":{"rendered":"PRE ROLL CBD MONKEY KING"},"content":{"rendered":"<p>PRE ROLL CBD MONKEY KING<\/p>\n<p>Descubre nuestros nuevos Pre Roll de CBD de Monkey King. Contienen 1g de CBD de gran calidad y podr\u00e1s escoger entre 4 gen\u00e9ticas diferentes.<\/p>\n","protected":false},"excerpt":{"rendered":"<ul>\n<li>\u00a0Producto no estupefaciente (Ley 17\/1967)<\/li>\n<li>Pre roll de CBD de 1g<\/li>\n<li>THC &lt; 0,3 % &#8211; Legal seg\u00fan normativa UE<\/li>\n<li>\u00a0No apto para menores de 18 a\u00f1os<\/li>\n<li>\u00a0No usar en embarazo o lactancia<\/li>\n<li>\u00a0Solo para uso t\u00e9cnico, arom\u00e1tico o decorativo, no apto para combusti\u00f3n (excepto donde sea legal)<\/li>\n<li>\u00a0Producto legal conforme a normativa espa\u00f1ola y europea vigente<\/li>\n<\/ul>\n<p>&nbsp;<\/p>\n<ul>\n<li><strong>\u2b07\ufe0f PRECIOS MAYORISTA PARA PROFESIONALES \u2b07\ufe0f<\/strong><\/li>\n<\/ul>\n<p style=\"padding-left: 160px;\"><strong><a href=\"https:\/\/www.smokershop.es\/index.php\/register\/\" target=\"_blank\" rel=\"noopener\">\ud83d\udc49 REGISTRATE AQUI \ud83d\udc48<\/a><\/strong><\/p>\n","protected":false},"featured_media":3136,"template":"","meta":{"_joinchat":[]},"product_brand":[],"product_cat":[56],"product_tag":[],"class_list":{"0":"post-3124","1":"product","2":"type-product","3":"status-publish","4":"has-post-thumbnail","6":"product_cat-cbd","8":"first","9":"instock","10":"taxable","11":"shipping-taxable","12":"purchasable","13":"product-type-variable"},"yoast_head":"<!-- This site is optimized with the Yoast SEO plugin v27.4 - https:\/\/yoast.com\/product\/yoast-seo-wordpress\/ -->\n<title>PRE ROLL CBD MONKEY KING - The Smoker&#039;s Shop<\/title>\n<meta name=\"description\" content=\"Los PRE ROLL CBD MONKEY KING contienen un gramo de CBD de gran calidad, puedes escoger entre las cuatro variedades que se encuentran disponibles.\" \/>\n<meta name=\"robots\" content=\"index, follow, max-snippet:-1, max-image-preview:large, max-video-preview:-1\" \/>\n<link rel=\"canonical\" href=\"https:\/\/www.smokershop.es\/index.php\/producto\/pre-roll-cbd-monkey-king\/\" \/>\n<meta property=\"og:locale\" content=\"es_ES\" \/>\n<meta property=\"og:type\" content=\"article\" \/>\n<meta property=\"og:title\" content=\"PRE ROLL CBD MONKEY KING - The Smoker&#039;s Shop\" \/>\n<meta property=\"og:description\" content=\"Los PRE ROLL CBD MONKEY KING contienen un gramo de CBD de gran calidad, puedes escoger entre las cuatro variedades que se encuentran disponibles.\" \/>\n<meta property=\"og:url\" content=\"https:\/\/www.smokershop.es\/index.php\/producto\/pre-roll-cbd-monkey-king\/\" \/>\n<meta property=\"og:site_name\" content=\"The Smoker&#039;s Shop\" \/>\n<meta property=\"article:modified_time\" content=\"2026-04-10T01:55:35+00:00\" \/>\n<meta property=\"og:image\" content=\"https:\/\/www.smokershop.es\/wp-content\/uploads\/2025\/07\/WhatsApp-Image-2025-07-16-at-14.00.34.jpeg\" \/>\n\t<meta property=\"og:image:width\" content=\"1350\" \/>\n\t<meta property=\"og:image:height\" content=\"1350\" \/>\n\t<meta property=\"og:image:type\" content=\"image\/jpeg\" \/>\n<meta name=\"twitter:card\" content=\"summary_large_image\" \/>\n<meta name=\"twitter:label1\" content=\"Tiempo de lectura\" \/>\n\t<meta name=\"twitter:data1\" content=\"1 minuto\" \/>\n<script type=\"application\/ld+json\" class=\"yoast-schema-graph\">{\"@context\":\"https:\\\/\\\/schema.org\",\"@graph\":[{\"@type\":\"WebPage\",\"@id\":\"https:\\\/\\\/www.smokershop.es\\\/index.php\\\/producto\\\/pre-roll-cbd-monkey-king\\\/\",\"url\":\"https:\\\/\\\/www.smokershop.es\\\/index.php\\\/producto\\\/pre-roll-cbd-monkey-king\\\/\",\"name\":\"PRE ROLL CBD MONKEY KING - The Smoker&#039;s Shop\",\"isPartOf\":{\"@id\":\"https:\\\/\\\/www.smokershop.es\\\/#website\"},\"primaryImageOfPage\":{\"@id\":\"https:\\\/\\\/www.smokershop.es\\\/index.php\\\/producto\\\/pre-roll-cbd-monkey-king\\\/#primaryimage\"},\"image\":{\"@id\":\"https:\\\/\\\/www.smokershop.es\\\/index.php\\\/producto\\\/pre-roll-cbd-monkey-king\\\/#primaryimage\"},\"thumbnailUrl\":\"https:\\\/\\\/www.smokershop.es\\\/wp-content\\\/uploads\\\/2025\\\/07\\\/WhatsApp-Image-2025-07-16-at-14.00.34.jpeg\",\"datePublished\":\"2025-07-15T18:28:00+00:00\",\"dateModified\":\"2026-04-10T01:55:35+00:00\",\"description\":\"Los PRE ROLL CBD MONKEY KING contienen un gramo de CBD de gran calidad, puedes escoger entre las cuatro variedades que se encuentran disponibles.\",\"breadcrumb\":{\"@id\":\"https:\\\/\\\/www.smokershop.es\\\/index.php\\\/producto\\\/pre-roll-cbd-monkey-king\\\/#breadcrumb\"},\"inLanguage\":\"es\",\"potentialAction\":[{\"@type\":\"ReadAction\",\"target\":[\"https:\\\/\\\/www.smokershop.es\\\/index.php\\\/producto\\\/pre-roll-cbd-monkey-king\\\/\"]}]},{\"@type\":\"ImageObject\",\"inLanguage\":\"es\",\"@id\":\"https:\\\/\\\/www.smokershop.es\\\/index.php\\\/producto\\\/pre-roll-cbd-monkey-king\\\/#primaryimage\",\"url\":\"https:\\\/\\\/www.smokershop.es\\\/wp-content\\\/uploads\\\/2025\\\/07\\\/WhatsApp-Image-2025-07-16-at-14.00.34.jpeg\",\"contentUrl\":\"https:\\\/\\\/www.smokershop.es\\\/wp-content\\\/uploads\\\/2025\\\/07\\\/WhatsApp-Image-2025-07-16-at-14.00.34.jpeg\",\"width\":1350,\"height\":1350,\"caption\":\"PRE ROLL GELATO OG CBD MONKEY KING\"},{\"@type\":\"BreadcrumbList\",\"@id\":\"https:\\\/\\\/www.smokershop.es\\\/index.php\\\/producto\\\/pre-roll-cbd-monkey-king\\\/#breadcrumb\",\"itemListElement\":[{\"@type\":\"ListItem\",\"position\":1,\"name\":\"Portada\",\"item\":\"https:\\\/\\\/www.smokershop.es\\\/\"},{\"@type\":\"ListItem\",\"position\":2,\"name\":\"The Shop\",\"item\":\"https:\\\/\\\/www.smokershop.es\\\/index.php\\\/shop\\\/\"},{\"@type\":\"ListItem\",\"position\":3,\"name\":\"PRE ROLL CBD MONKEY KING\"}]},{\"@type\":\"WebSite\",\"@id\":\"https:\\\/\\\/www.smokershop.es\\\/#website\",\"url\":\"https:\\\/\\\/www.smokershop.es\\\/\",\"name\":\"The Smoker&#039;s Shop\",\"description\":\"Todo para los fumadores\",\"publisher\":{\"@id\":\"https:\\\/\\\/www.smokershop.es\\\/#organization\"},\"potentialAction\":[{\"@type\":\"SearchAction\",\"target\":{\"@type\":\"EntryPoint\",\"urlTemplate\":\"https:\\\/\\\/www.smokershop.es\\\/?s={search_term_string}\"},\"query-input\":{\"@type\":\"PropertyValueSpecification\",\"valueRequired\":true,\"valueName\":\"search_term_string\"}}],\"inLanguage\":\"es\"},{\"@type\":\"Organization\",\"@id\":\"https:\\\/\\\/www.smokershop.es\\\/#organization\",\"name\":\"The Smoker&#039;s Shop\",\"url\":\"https:\\\/\\\/www.smokershop.es\\\/\",\"logo\":{\"@type\":\"ImageObject\",\"inLanguage\":\"es\",\"@id\":\"https:\\\/\\\/www.smokershop.es\\\/#\\\/schema\\\/logo\\\/image\\\/\",\"url\":\"https:\\\/\\\/www.smokershop.es\\\/wp-content\\\/uploads\\\/2023\\\/10\\\/smokershop-logo.png\",\"contentUrl\":\"https:\\\/\\\/www.smokershop.es\\\/wp-content\\\/uploads\\\/2023\\\/10\\\/smokershop-logo.png\",\"width\":1711,\"height\":752,\"caption\":\"The Smoker&#039;s Shop\"},\"image\":{\"@id\":\"https:\\\/\\\/www.smokershop.es\\\/#\\\/schema\\\/logo\\\/image\\\/\"},\"sameAs\":[\"https:\\\/\\\/www.instagram.com\\\/thesmokersshopofficial\"]}]}<\/script>\n<!-- \/ Yoast SEO plugin. -->","yoast_head_json":{"title":"PRE ROLL CBD MONKEY KING - The Smoker&#039;s Shop","description":"Los PRE ROLL CBD MONKEY KING contienen un gramo de CBD de gran calidad, puedes escoger entre las cuatro variedades que se encuentran disponibles.","robots":{"index":"index","follow":"follow","max-snippet":"max-snippet:-1","max-image-preview":"max-image-preview:large","max-video-preview":"max-video-preview:-1"},"canonical":"https:\/\/www.smokershop.es\/index.php\/producto\/pre-roll-cbd-monkey-king\/","og_locale":"es_ES","og_type":"article","og_title":"PRE ROLL CBD MONKEY KING - The Smoker&#039;s Shop","og_description":"Los PRE ROLL CBD MONKEY KING contienen un gramo de CBD de gran calidad, puedes escoger entre las cuatro variedades que se encuentran disponibles.","og_url":"https:\/\/www.smokershop.es\/index.php\/producto\/pre-roll-cbd-monkey-king\/","og_site_name":"The Smoker&#039;s Shop","article_modified_time":"2026-04-10T01:55:35+00:00","og_image":[{"width":1350,"height":1350,"url":"https:\/\/www.smokershop.es\/wp-content\/uploads\/2025\/07\/WhatsApp-Image-2025-07-16-at-14.00.34.jpeg","type":"image\/jpeg"}],"twitter_card":"summary_large_image","twitter_misc":{"Tiempo de lectura":"1 minuto"},"schema":{"@context":"https:\/\/schema.org","@graph":[{"@type":"WebPage","@id":"https:\/\/www.smokershop.es\/index.php\/producto\/pre-roll-cbd-monkey-king\/","url":"https:\/\/www.smokershop.es\/index.php\/producto\/pre-roll-cbd-monkey-king\/","name":"PRE ROLL CBD MONKEY KING - The Smoker&#039;s Shop","isPartOf":{"@id":"https:\/\/www.smokershop.es\/#website"},"primaryImageOfPage":{"@id":"https:\/\/www.smokershop.es\/index.php\/producto\/pre-roll-cbd-monkey-king\/#primaryimage"},"image":{"@id":"https:\/\/www.smokershop.es\/index.php\/producto\/pre-roll-cbd-monkey-king\/#primaryimage"},"thumbnailUrl":"https:\/\/www.smokershop.es\/wp-content\/uploads\/2025\/07\/WhatsApp-Image-2025-07-16-at-14.00.34.jpeg","datePublished":"2025-07-15T18:28:00+00:00","dateModified":"2026-04-10T01:55:35+00:00","description":"Los PRE ROLL CBD MONKEY KING contienen un gramo de CBD de gran calidad, puedes escoger entre las cuatro variedades que se encuentran disponibles.","breadcrumb":{"@id":"https:\/\/www.smokershop.es\/index.php\/producto\/pre-roll-cbd-monkey-king\/#breadcrumb"},"inLanguage":"es","potentialAction":[{"@type":"ReadAction","target":["https:\/\/www.smokershop.es\/index.php\/producto\/pre-roll-cbd-monkey-king\/"]}]},{"@type":"ImageObject","inLanguage":"es","@id":"https:\/\/www.smokershop.es\/index.php\/producto\/pre-roll-cbd-monkey-king\/#primaryimage","url":"https:\/\/www.smokershop.es\/wp-content\/uploads\/2025\/07\/WhatsApp-Image-2025-07-16-at-14.00.34.jpeg","contentUrl":"https:\/\/www.smokershop.es\/wp-content\/uploads\/2025\/07\/WhatsApp-Image-2025-07-16-at-14.00.34.jpeg","width":1350,"height":1350,"caption":"PRE ROLL GELATO OG CBD MONKEY KING"},{"@type":"BreadcrumbList","@id":"https:\/\/www.smokershop.es\/index.php\/producto\/pre-roll-cbd-monkey-king\/#breadcrumb","itemListElement":[{"@type":"ListItem","position":1,"name":"Portada","item":"https:\/\/www.smokershop.es\/"},{"@type":"ListItem","position":2,"name":"The Shop","item":"https:\/\/www.smokershop.es\/index.php\/shop\/"},{"@type":"ListItem","position":3,"name":"PRE ROLL CBD MONKEY KING"}]},{"@type":"WebSite","@id":"https:\/\/www.smokershop.es\/#website","url":"https:\/\/www.smokershop.es\/","name":"The Smoker&#039;s Shop","description":"Todo para los fumadores","publisher":{"@id":"https:\/\/www.smokershop.es\/#organization"},"potentialAction":[{"@type":"SearchAction","target":{"@type":"EntryPoint","urlTemplate":"https:\/\/www.smokershop.es\/?s={search_term_string}"},"query-input":{"@type":"PropertyValueSpecification","valueRequired":true,"valueName":"search_term_string"}}],"inLanguage":"es"},{"@type":"Organization","@id":"https:\/\/www.smokershop.es\/#organization","name":"The Smoker&#039;s Shop","url":"https:\/\/www.smokershop.es\/","logo":{"@type":"ImageObject","inLanguage":"es","@id":"https:\/\/www.smokershop.es\/#\/schema\/logo\/image\/","url":"https:\/\/www.smokershop.es\/wp-content\/uploads\/2023\/10\/smokershop-logo.png","contentUrl":"https:\/\/www.smokershop.es\/wp-content\/uploads\/2023\/10\/smokershop-logo.png","width":1711,"height":752,"caption":"The Smoker&#039;s Shop"},"image":{"@id":"https:\/\/www.smokershop.es\/#\/schema\/logo\/image\/"},"sameAs":["https:\/\/www.instagram.com\/thesmokersshopofficial"]}]}},"_links":{"self":[{"href":"https:\/\/www.smokershop.es\/index.php\/wp-json\/wp\/v2\/product\/3124","targetHints":{"allow":["GET"]}}],"collection":[{"href":"https:\/\/www.smokershop.es\/index.php\/wp-json\/wp\/v2\/product"}],"about":[{"href":"https:\/\/www.smokershop.es\/index.php\/wp-json\/wp\/v2\/types\/product"}],"wp:featuredmedia":[{"embeddable":true,"href":"https:\/\/www.smokershop.es\/index.php\/wp-json\/wp\/v2\/media\/3136"}],"wp:attachment":[{"href":"https:\/\/www.smokershop.es\/index.php\/wp-json\/wp\/v2\/media?parent=3124"}],"wp:term":[{"taxonomy":"product_brand","embeddable":true,"href":"https:\/\/www.smokershop.es\/index.php\/wp-json\/wp\/v2\/product_brand?post=3124"},{"taxonomy":"product_cat","embeddable":true,"href":"https:\/\/www.smokershop.es\/index.php\/wp-json\/wp\/v2\/product_cat?post=3124"},{"taxonomy":"product_tag","embeddable":true,"href":"https:\/\/www.smokershop.es\/index.php\/wp-json\/wp\/v2\/product_tag?post=3124"}],"curies":[{"name":"wp","href":"https:\/\/api.w.org\/{rel}","templated":true}]}}