{"id":3221,"date":"2025-09-05T21:29:47","date_gmt":"2025-09-05T19:29:47","guid":{"rendered":"https:\/\/www.smokershop.es\/?post_type=product&#038;p=3221"},"modified":"2026-04-10T03:46:05","modified_gmt":"2026-04-10T01:46:05","slug":"monkey-cones-ks-unbleached-50","status":"publish","type":"product","link":"https:\/\/www.smokershop.es\/index.php\/producto\/monkey-cones-ks-unbleached-50\/","title":{"rendered":"MONKEY CONES KS UNBLEACHED 50"},"content":{"rendered":"<p>MONKEY CONES KS UNBLEACHED 50<\/p>\n<p data-start=\"322\" data-end=\"630\">Los Monkey Cones KS Unbleached 50 son la opci\u00f3n ideal para los amantes de una fumada natural, pr\u00e1ctica y sin complicaciones. Este pack incluye 50 conos King Size pre-enrollados, fabricados con papel sin blanquear, libre de qu\u00edmicos y aditivos, para una experiencia pura y aut\u00e9ntica.<\/p>\n<p data-start=\"632\" data-end=\"803\">Con su dise\u00f1o profesional, cada cono ofrece una combusti\u00f3n lenta y uniforme, permiti\u00e9ndote disfrutar al m\u00e1ximo de tus mezclas favoritas, conservando su sabor original.<\/p>\n<p data-start=\"1146\" data-end=\"1375\">Ya sea para uso diario o para compartir con amigos, este pack grande te asegura que nunca te falte un buen cono a mano. Si buscas calidad, naturalidad y comodidad, Monkey Cones Unbleached 50 unidades es tu mejor elecci\u00f3n.<\/p>\n<p data-start=\"1146\" data-end=\"1375\">Listos para rellenar y disfrutar.<\/p>\n","protected":false},"excerpt":{"rendered":"<ul>\n<li>Envase con 50 conos preliados, listos para rellenar y disfrutar.<\/li>\n<li>Papel king size, marr\u00f3n 100% natural, sin colorante ni aditivos qu\u00edmicos, de combusti\u00f3n lenta y uniforme.<\/li>\n<\/ul>\n<p>&nbsp;<\/p>\n<ul>\n<li><em>FORMATO PRO -&gt; DISPLAY x600<\/em><\/li>\n<li><strong>\u2b07\ufe0f PRECIOS MAYORISTA PARA PROFESIONALES \u2b07\ufe0f<\/strong><\/li>\n<\/ul>\n<p style=\"padding-left: 160px;\"><strong><a href=\"https:\/\/www.smokershop.es\/index.php\/register\/\" target=\"_blank\" rel=\"noopener\">\ud83d\udc49 REGISTRATE AQUI \ud83d\udc48<\/a><\/strong><\/p>\n","protected":false},"featured_media":3228,"template":"","meta":{"_joinchat":[]},"product_brand":[],"product_cat":[45,40],"product_tag":[],"class_list":{"0":"post-3221","1":"product","2":"type-product","3":"status-publish","4":"has-post-thumbnail","6":"product_cat-conos","7":"product_cat-papel-de-fumar","9":"first","10":"instock","11":"taxable","12":"shipping-taxable","13":"purchasable","14":"product-type-simple"},"yoast_head":"<!-- This site is optimized with the Yoast SEO plugin v27.2 - https:\/\/yoast.com\/product\/yoast-seo-wordpress\/ -->\n<title>MONKEY CONES KS UNBLEACHED 50 - The Smoker&#039;s Shop<\/title>\n<meta name=\"description\" content=\"MONKEY CONES KS UNBLEACHED 50 pack de 50 conos preliados, king size, de papel marr\u00f3n 100% natural, listos para rellenar y disfrutar.\" \/>\n<meta name=\"robots\" content=\"index, follow, max-snippet:-1, max-image-preview:large, max-video-preview:-1\" \/>\n<link rel=\"canonical\" href=\"https:\/\/www.smokershop.es\/index.php\/producto\/monkey-cones-ks-unbleached-50\/\" \/>\n<meta property=\"og:locale\" content=\"es_ES\" \/>\n<meta property=\"og:type\" content=\"article\" \/>\n<meta property=\"og:title\" content=\"MONKEY CONES KS UNBLEACHED 50 - The Smoker&#039;s Shop\" \/>\n<meta property=\"og:description\" content=\"MONKEY CONES KS UNBLEACHED 50 pack de 50 conos preliados, king size, de papel marr\u00f3n 100% natural, listos para rellenar y disfrutar.\" \/>\n<meta property=\"og:url\" content=\"https:\/\/www.smokershop.es\/index.php\/producto\/monkey-cones-ks-unbleached-50\/\" \/>\n<meta property=\"og:site_name\" content=\"The Smoker&#039;s Shop\" \/>\n<meta property=\"article:modified_time\" content=\"2026-04-10T01:46:05+00:00\" \/>\n<meta property=\"og:image\" content=\"https:\/\/www.smokershop.es\/wp-content\/uploads\/2025\/09\/WhatsApp-Image-2025-09-08-at-12.41.06-1.jpeg\" \/>\n\t<meta property=\"og:image:width\" content=\"1350\" \/>\n\t<meta property=\"og:image:height\" content=\"1350\" \/>\n\t<meta property=\"og:image:type\" content=\"image\/jpeg\" \/>\n<meta name=\"twitter:card\" content=\"summary_large_image\" \/>\n<meta name=\"twitter:label1\" content=\"Tiempo de lectura\" \/>\n\t<meta name=\"twitter:data1\" content=\"1 minuto\" \/>\n<script type=\"application\/ld+json\" class=\"yoast-schema-graph\">{\"@context\":\"https:\/\/schema.org\",\"@graph\":[{\"@type\":\"WebPage\",\"@id\":\"https:\/\/www.smokershop.es\/index.php\/producto\/monkey-cones-ks-unbleached-50\/\",\"url\":\"https:\/\/www.smokershop.es\/index.php\/producto\/monkey-cones-ks-unbleached-50\/\",\"name\":\"MONKEY CONES KS UNBLEACHED 50 - The Smoker&#039;s Shop\",\"isPartOf\":{\"@id\":\"https:\/\/www.smokershop.es\/#website\"},\"primaryImageOfPage\":{\"@id\":\"https:\/\/www.smokershop.es\/index.php\/producto\/monkey-cones-ks-unbleached-50\/#primaryimage\"},\"image\":{\"@id\":\"https:\/\/www.smokershop.es\/index.php\/producto\/monkey-cones-ks-unbleached-50\/#primaryimage\"},\"thumbnailUrl\":\"https:\/\/www.smokershop.es\/wp-content\/uploads\/2025\/09\/WhatsApp-Image-2025-09-08-at-12.41.06-1.jpeg\",\"datePublished\":\"2025-09-05T19:29:47+00:00\",\"dateModified\":\"2026-04-10T01:46:05+00:00\",\"description\":\"MONKEY CONES KS UNBLEACHED 50 pack de 50 conos preliados, king size, de papel marr\u00f3n 100% natural, listos para rellenar y disfrutar.\",\"breadcrumb\":{\"@id\":\"https:\/\/www.smokershop.es\/index.php\/producto\/monkey-cones-ks-unbleached-50\/#breadcrumb\"},\"inLanguage\":\"es\",\"potentialAction\":[{\"@type\":\"ReadAction\",\"target\":[\"https:\/\/www.smokershop.es\/index.php\/producto\/monkey-cones-ks-unbleached-50\/\"]}]},{\"@type\":\"ImageObject\",\"inLanguage\":\"es\",\"@id\":\"https:\/\/www.smokershop.es\/index.php\/producto\/monkey-cones-ks-unbleached-50\/#primaryimage\",\"url\":\"https:\/\/www.smokershop.es\/wp-content\/uploads\/2025\/09\/WhatsApp-Image-2025-09-08-at-12.41.06-1.jpeg\",\"contentUrl\":\"https:\/\/www.smokershop.es\/wp-content\/uploads\/2025\/09\/WhatsApp-Image-2025-09-08-at-12.41.06-1.jpeg\",\"width\":1350,\"height\":1350,\"caption\":\"MONKEY CONES KS UNBLEACHED 50\"},{\"@type\":\"BreadcrumbList\",\"@id\":\"https:\/\/www.smokershop.es\/index.php\/producto\/monkey-cones-ks-unbleached-50\/#breadcrumb\",\"itemListElement\":[{\"@type\":\"ListItem\",\"position\":1,\"name\":\"Portada\",\"item\":\"https:\/\/www.smokershop.es\/\"},{\"@type\":\"ListItem\",\"position\":2,\"name\":\"The Shop\",\"item\":\"https:\/\/www.smokershop.es\/index.php\/shop\/\"},{\"@type\":\"ListItem\",\"position\":3,\"name\":\"MONKEY CONES KS UNBLEACHED 50\"}]},{\"@type\":\"WebSite\",\"@id\":\"https:\/\/www.smokershop.es\/#website\",\"url\":\"https:\/\/www.smokershop.es\/\",\"name\":\"The Smoker&#039;s Shop\",\"description\":\"Todo para los fumadores\",\"publisher\":{\"@id\":\"https:\/\/www.smokershop.es\/#organization\"},\"potentialAction\":[{\"@type\":\"SearchAction\",\"target\":{\"@type\":\"EntryPoint\",\"urlTemplate\":\"https:\/\/www.smokershop.es\/?s={search_term_string}\"},\"query-input\":{\"@type\":\"PropertyValueSpecification\",\"valueRequired\":true,\"valueName\":\"search_term_string\"}}],\"inLanguage\":\"es\"},{\"@type\":\"Organization\",\"@id\":\"https:\/\/www.smokershop.es\/#organization\",\"name\":\"The Smoker&#039;s Shop\",\"url\":\"https:\/\/www.smokershop.es\/\",\"logo\":{\"@type\":\"ImageObject\",\"inLanguage\":\"es\",\"@id\":\"https:\/\/www.smokershop.es\/#\/schema\/logo\/image\/\",\"url\":\"https:\/\/www.smokershop.es\/wp-content\/uploads\/2023\/10\/smokershop-logo.png\",\"contentUrl\":\"https:\/\/www.smokershop.es\/wp-content\/uploads\/2023\/10\/smokershop-logo.png\",\"width\":1711,\"height\":752,\"caption\":\"The Smoker&#039;s Shop\"},\"image\":{\"@id\":\"https:\/\/www.smokershop.es\/#\/schema\/logo\/image\/\"},\"sameAs\":[\"https:\/\/www.instagram.com\/thesmokersshopofficial\"]}]}<\/script>\n<!-- \/ Yoast SEO plugin. -->","yoast_head_json":{"title":"MONKEY CONES KS UNBLEACHED 50 - The Smoker&#039;s Shop","description":"MONKEY CONES KS UNBLEACHED 50 pack de 50 conos preliados, king size, de papel marr\u00f3n 100% natural, listos para rellenar y disfrutar.","robots":{"index":"index","follow":"follow","max-snippet":"max-snippet:-1","max-image-preview":"max-image-preview:large","max-video-preview":"max-video-preview:-1"},"canonical":"https:\/\/www.smokershop.es\/index.php\/producto\/monkey-cones-ks-unbleached-50\/","og_locale":"es_ES","og_type":"article","og_title":"MONKEY CONES KS UNBLEACHED 50 - The Smoker&#039;s Shop","og_description":"MONKEY CONES KS UNBLEACHED 50 pack de 50 conos preliados, king size, de papel marr\u00f3n 100% natural, listos para rellenar y disfrutar.","og_url":"https:\/\/www.smokershop.es\/index.php\/producto\/monkey-cones-ks-unbleached-50\/","og_site_name":"The Smoker&#039;s Shop","article_modified_time":"2026-04-10T01:46:05+00:00","og_image":[{"width":1350,"height":1350,"url":"https:\/\/www.smokershop.es\/wp-content\/uploads\/2025\/09\/WhatsApp-Image-2025-09-08-at-12.41.06-1.jpeg","type":"image\/jpeg"}],"twitter_card":"summary_large_image","twitter_misc":{"Tiempo de lectura":"1 minuto"},"schema":{"@context":"https:\/\/schema.org","@graph":[{"@type":"WebPage","@id":"https:\/\/www.smokershop.es\/index.php\/producto\/monkey-cones-ks-unbleached-50\/","url":"https:\/\/www.smokershop.es\/index.php\/producto\/monkey-cones-ks-unbleached-50\/","name":"MONKEY CONES KS UNBLEACHED 50 - The Smoker&#039;s Shop","isPartOf":{"@id":"https:\/\/www.smokershop.es\/#website"},"primaryImageOfPage":{"@id":"https:\/\/www.smokershop.es\/index.php\/producto\/monkey-cones-ks-unbleached-50\/#primaryimage"},"image":{"@id":"https:\/\/www.smokershop.es\/index.php\/producto\/monkey-cones-ks-unbleached-50\/#primaryimage"},"thumbnailUrl":"https:\/\/www.smokershop.es\/wp-content\/uploads\/2025\/09\/WhatsApp-Image-2025-09-08-at-12.41.06-1.jpeg","datePublished":"2025-09-05T19:29:47+00:00","dateModified":"2026-04-10T01:46:05+00:00","description":"MONKEY CONES KS UNBLEACHED 50 pack de 50 conos preliados, king size, de papel marr\u00f3n 100% natural, listos para rellenar y disfrutar.","breadcrumb":{"@id":"https:\/\/www.smokershop.es\/index.php\/producto\/monkey-cones-ks-unbleached-50\/#breadcrumb"},"inLanguage":"es","potentialAction":[{"@type":"ReadAction","target":["https:\/\/www.smokershop.es\/index.php\/producto\/monkey-cones-ks-unbleached-50\/"]}]},{"@type":"ImageObject","inLanguage":"es","@id":"https:\/\/www.smokershop.es\/index.php\/producto\/monkey-cones-ks-unbleached-50\/#primaryimage","url":"https:\/\/www.smokershop.es\/wp-content\/uploads\/2025\/09\/WhatsApp-Image-2025-09-08-at-12.41.06-1.jpeg","contentUrl":"https:\/\/www.smokershop.es\/wp-content\/uploads\/2025\/09\/WhatsApp-Image-2025-09-08-at-12.41.06-1.jpeg","width":1350,"height":1350,"caption":"MONKEY CONES KS UNBLEACHED 50"},{"@type":"BreadcrumbList","@id":"https:\/\/www.smokershop.es\/index.php\/producto\/monkey-cones-ks-unbleached-50\/#breadcrumb","itemListElement":[{"@type":"ListItem","position":1,"name":"Portada","item":"https:\/\/www.smokershop.es\/"},{"@type":"ListItem","position":2,"name":"The Shop","item":"https:\/\/www.smokershop.es\/index.php\/shop\/"},{"@type":"ListItem","position":3,"name":"MONKEY CONES KS UNBLEACHED 50"}]},{"@type":"WebSite","@id":"https:\/\/www.smokershop.es\/#website","url":"https:\/\/www.smokershop.es\/","name":"The Smoker&#039;s Shop","description":"Todo para los fumadores","publisher":{"@id":"https:\/\/www.smokershop.es\/#organization"},"potentialAction":[{"@type":"SearchAction","target":{"@type":"EntryPoint","urlTemplate":"https:\/\/www.smokershop.es\/?s={search_term_string}"},"query-input":{"@type":"PropertyValueSpecification","valueRequired":true,"valueName":"search_term_string"}}],"inLanguage":"es"},{"@type":"Organization","@id":"https:\/\/www.smokershop.es\/#organization","name":"The Smoker&#039;s Shop","url":"https:\/\/www.smokershop.es\/","logo":{"@type":"ImageObject","inLanguage":"es","@id":"https:\/\/www.smokershop.es\/#\/schema\/logo\/image\/","url":"https:\/\/www.smokershop.es\/wp-content\/uploads\/2023\/10\/smokershop-logo.png","contentUrl":"https:\/\/www.smokershop.es\/wp-content\/uploads\/2023\/10\/smokershop-logo.png","width":1711,"height":752,"caption":"The Smoker&#039;s Shop"},"image":{"@id":"https:\/\/www.smokershop.es\/#\/schema\/logo\/image\/"},"sameAs":["https:\/\/www.instagram.com\/thesmokersshopofficial"]}]}},"_links":{"self":[{"href":"https:\/\/www.smokershop.es\/index.php\/wp-json\/wp\/v2\/product\/3221","targetHints":{"allow":["GET"]}}],"collection":[{"href":"https:\/\/www.smokershop.es\/index.php\/wp-json\/wp\/v2\/product"}],"about":[{"href":"https:\/\/www.smokershop.es\/index.php\/wp-json\/wp\/v2\/types\/product"}],"wp:featuredmedia":[{"embeddable":true,"href":"https:\/\/www.smokershop.es\/index.php\/wp-json\/wp\/v2\/media\/3228"}],"wp:attachment":[{"href":"https:\/\/www.smokershop.es\/index.php\/wp-json\/wp\/v2\/media?parent=3221"}],"wp:term":[{"taxonomy":"product_brand","embeddable":true,"href":"https:\/\/www.smokershop.es\/index.php\/wp-json\/wp\/v2\/product_brand?post=3221"},{"taxonomy":"product_cat","embeddable":true,"href":"https:\/\/www.smokershop.es\/index.php\/wp-json\/wp\/v2\/product_cat?post=3221"},{"taxonomy":"product_tag","embeddable":true,"href":"https:\/\/www.smokershop.es\/index.php\/wp-json\/wp\/v2\/product_tag?post=3221"}],"curies":[{"name":"wp","href":"https:\/\/api.w.org\/{rel}","templated":true}]}}