{"id":3233,"date":"2025-09-08T19:51:42","date_gmt":"2025-09-08T17:51:42","guid":{"rendered":"https:\/\/www.smokershop.es\/?post_type=product&#038;p=3233"},"modified":"2026-04-10T03:42:03","modified_gmt":"2026-04-10T01:42:03","slug":"monkey-kong-tube-2gr","status":"publish","type":"product","link":"https:\/\/www.smokershop.es\/index.php\/producto\/monkey-kong-tube-2gr\/","title":{"rendered":"MONKEY KONG TUBE 2GR"},"content":{"rendered":"<p>MONKEY KONG TUBE 2GR<\/p>\n<p>Este nuevo producto pensado para que disfrutes de tus hash holes de una forma c\u00f3moda y f\u00e1cil te sorprender\u00e1 gratamente.<\/p>\n<p>Este estuche cuenta con tres conos ya preparados para que los rellenes, hechos con papel 100% natural, sin conservantes ni colorantes qu\u00edmicos y de combusti\u00f3n lenta y uniforme y con una boquilla ya incluida de cart\u00f3n, para que solo tengas que preocuparte de rellenarlos de tus mezclas favoritas. Un nuevo formato que elevara tu experiencia a un nuevo nivel, al m\u00e1s puro estilo americano.<\/p>\n<p>&nbsp;<\/p>\n","protected":false},"excerpt":{"rendered":"<ul>\n<li>Estuche compacto que contiene tres conos de papel 100% natural, con boquilla de cart\u00f3n incluida, para que rellenes creando tus hash holes perfectos.<\/li>\n<li>Incluye un peque\u00f1o embudo de cart\u00f3n para que los rellenes f\u00e1cilmente.<\/li>\n<\/ul>\n<ul>\n<li><em>FORMATO PRO -&gt; DISPLAY x10<\/em><\/li>\n<li><strong>\u2b07\ufe0f PRECIOS MAYORISTA PARA PROFESIONALES \u2b07\ufe0f<\/strong><\/li>\n<\/ul>\n<p style=\"padding-left: 160px;\"><strong><a href=\"https:\/\/www.smokershop.es\/index.php\/register\/\" target=\"_blank\" rel=\"noopener\">\ud83d\udc49 REGISTRATE AQUI \ud83d\udc48<\/a><\/strong><\/p>\n<p>&nbsp;<\/p>\n","protected":false},"featured_media":3490,"template":"","meta":{"_joinchat":[]},"product_brand":[],"product_cat":[45,40],"product_tag":[],"class_list":{"0":"post-3233","1":"product","2":"type-product","3":"status-publish","4":"has-post-thumbnail","6":"product_cat-conos","7":"product_cat-papel-de-fumar","9":"first","10":"instock","11":"taxable","12":"shipping-taxable","13":"purchasable","14":"product-type-simple"},"yoast_head":"<!-- This site is optimized with the Yoast SEO plugin v27.2 - https:\/\/yoast.com\/product\/yoast-seo-wordpress\/ -->\n<title>MONKEY KONG TUBE 2GR - The Smoker&#039;s Shop<\/title>\n<meta name=\"description\" content=\"MONKEY KONG TUBE 2GR estuche que cuenta con tres conos preparados con boquilla de cart\u00f3n incluida para que hagas tus hash holes m\u00e1s f\u00e1cil que nunca.\" \/>\n<meta name=\"robots\" content=\"index, follow, max-snippet:-1, max-image-preview:large, max-video-preview:-1\" \/>\n<link rel=\"canonical\" href=\"https:\/\/www.smokershop.es\/index.php\/producto\/monkey-kong-tube-2gr\/\" \/>\n<meta property=\"og:locale\" content=\"es_ES\" \/>\n<meta property=\"og:type\" content=\"article\" \/>\n<meta property=\"og:title\" content=\"MONKEY KONG TUBE 2GR - The Smoker&#039;s Shop\" \/>\n<meta property=\"og:description\" content=\"MONKEY KONG TUBE 2GR estuche que cuenta con tres conos preparados con boquilla de cart\u00f3n incluida para que hagas tus hash holes m\u00e1s f\u00e1cil que nunca.\" \/>\n<meta property=\"og:url\" content=\"https:\/\/www.smokershop.es\/index.php\/producto\/monkey-kong-tube-2gr\/\" \/>\n<meta property=\"og:site_name\" content=\"The Smoker&#039;s Shop\" \/>\n<meta property=\"article:modified_time\" content=\"2026-04-10T01:42:03+00:00\" \/>\n<meta property=\"og:image\" content=\"https:\/\/www.smokershop.es\/wp-content\/uploads\/2025\/09\/HASH-HOLE-BLUE.jpg\" \/>\n\t<meta property=\"og:image:width\" content=\"1350\" \/>\n\t<meta property=\"og:image:height\" content=\"1350\" \/>\n\t<meta property=\"og:image:type\" content=\"image\/jpeg\" \/>\n<meta name=\"twitter:card\" content=\"summary_large_image\" \/>\n<meta name=\"twitter:label1\" content=\"Tiempo de lectura\" \/>\n\t<meta name=\"twitter:data1\" content=\"1 minuto\" \/>\n<script type=\"application\/ld+json\" class=\"yoast-schema-graph\">{\"@context\":\"https:\/\/schema.org\",\"@graph\":[{\"@type\":\"WebPage\",\"@id\":\"https:\/\/www.smokershop.es\/index.php\/producto\/monkey-kong-tube-2gr\/\",\"url\":\"https:\/\/www.smokershop.es\/index.php\/producto\/monkey-kong-tube-2gr\/\",\"name\":\"MONKEY KONG TUBE 2GR - The Smoker&#039;s Shop\",\"isPartOf\":{\"@id\":\"https:\/\/www.smokershop.es\/#website\"},\"primaryImageOfPage\":{\"@id\":\"https:\/\/www.smokershop.es\/index.php\/producto\/monkey-kong-tube-2gr\/#primaryimage\"},\"image\":{\"@id\":\"https:\/\/www.smokershop.es\/index.php\/producto\/monkey-kong-tube-2gr\/#primaryimage\"},\"thumbnailUrl\":\"https:\/\/www.smokershop.es\/wp-content\/uploads\/2025\/09\/HASH-HOLE-BLUE.jpg\",\"datePublished\":\"2025-09-08T17:51:42+00:00\",\"dateModified\":\"2026-04-10T01:42:03+00:00\",\"description\":\"MONKEY KONG TUBE 2GR estuche que cuenta con tres conos preparados con boquilla de cart\u00f3n incluida para que hagas tus hash holes m\u00e1s f\u00e1cil que nunca.\",\"breadcrumb\":{\"@id\":\"https:\/\/www.smokershop.es\/index.php\/producto\/monkey-kong-tube-2gr\/#breadcrumb\"},\"inLanguage\":\"es\",\"potentialAction\":[{\"@type\":\"ReadAction\",\"target\":[\"https:\/\/www.smokershop.es\/index.php\/producto\/monkey-kong-tube-2gr\/\"]}]},{\"@type\":\"ImageObject\",\"inLanguage\":\"es\",\"@id\":\"https:\/\/www.smokershop.es\/index.php\/producto\/monkey-kong-tube-2gr\/#primaryimage\",\"url\":\"https:\/\/www.smokershop.es\/wp-content\/uploads\/2025\/09\/HASH-HOLE-BLUE.jpg\",\"contentUrl\":\"https:\/\/www.smokershop.es\/wp-content\/uploads\/2025\/09\/HASH-HOLE-BLUE.jpg\",\"width\":1350,\"height\":1350,\"caption\":\"MONKEY KONG TUBE 2GR\"},{\"@type\":\"BreadcrumbList\",\"@id\":\"https:\/\/www.smokershop.es\/index.php\/producto\/monkey-kong-tube-2gr\/#breadcrumb\",\"itemListElement\":[{\"@type\":\"ListItem\",\"position\":1,\"name\":\"Portada\",\"item\":\"https:\/\/www.smokershop.es\/\"},{\"@type\":\"ListItem\",\"position\":2,\"name\":\"The Shop\",\"item\":\"https:\/\/www.smokershop.es\/index.php\/shop\/\"},{\"@type\":\"ListItem\",\"position\":3,\"name\":\"MONKEY KONG TUBE 2GR\"}]},{\"@type\":\"WebSite\",\"@id\":\"https:\/\/www.smokershop.es\/#website\",\"url\":\"https:\/\/www.smokershop.es\/\",\"name\":\"The Smoker&#039;s Shop\",\"description\":\"Todo para los fumadores\",\"publisher\":{\"@id\":\"https:\/\/www.smokershop.es\/#organization\"},\"potentialAction\":[{\"@type\":\"SearchAction\",\"target\":{\"@type\":\"EntryPoint\",\"urlTemplate\":\"https:\/\/www.smokershop.es\/?s={search_term_string}\"},\"query-input\":{\"@type\":\"PropertyValueSpecification\",\"valueRequired\":true,\"valueName\":\"search_term_string\"}}],\"inLanguage\":\"es\"},{\"@type\":\"Organization\",\"@id\":\"https:\/\/www.smokershop.es\/#organization\",\"name\":\"The Smoker&#039;s Shop\",\"url\":\"https:\/\/www.smokershop.es\/\",\"logo\":{\"@type\":\"ImageObject\",\"inLanguage\":\"es\",\"@id\":\"https:\/\/www.smokershop.es\/#\/schema\/logo\/image\/\",\"url\":\"https:\/\/www.smokershop.es\/wp-content\/uploads\/2023\/10\/smokershop-logo.png\",\"contentUrl\":\"https:\/\/www.smokershop.es\/wp-content\/uploads\/2023\/10\/smokershop-logo.png\",\"width\":1711,\"height\":752,\"caption\":\"The Smoker&#039;s Shop\"},\"image\":{\"@id\":\"https:\/\/www.smokershop.es\/#\/schema\/logo\/image\/\"},\"sameAs\":[\"https:\/\/www.instagram.com\/thesmokersshopofficial\"]}]}<\/script>\n<!-- \/ Yoast SEO plugin. -->","yoast_head_json":{"title":"MONKEY KONG TUBE 2GR - The Smoker&#039;s Shop","description":"MONKEY KONG TUBE 2GR estuche que cuenta con tres conos preparados con boquilla de cart\u00f3n incluida para que hagas tus hash holes m\u00e1s f\u00e1cil que nunca.","robots":{"index":"index","follow":"follow","max-snippet":"max-snippet:-1","max-image-preview":"max-image-preview:large","max-video-preview":"max-video-preview:-1"},"canonical":"https:\/\/www.smokershop.es\/index.php\/producto\/monkey-kong-tube-2gr\/","og_locale":"es_ES","og_type":"article","og_title":"MONKEY KONG TUBE 2GR - The Smoker&#039;s Shop","og_description":"MONKEY KONG TUBE 2GR estuche que cuenta con tres conos preparados con boquilla de cart\u00f3n incluida para que hagas tus hash holes m\u00e1s f\u00e1cil que nunca.","og_url":"https:\/\/www.smokershop.es\/index.php\/producto\/monkey-kong-tube-2gr\/","og_site_name":"The Smoker&#039;s Shop","article_modified_time":"2026-04-10T01:42:03+00:00","og_image":[{"width":1350,"height":1350,"url":"https:\/\/www.smokershop.es\/wp-content\/uploads\/2025\/09\/HASH-HOLE-BLUE.jpg","type":"image\/jpeg"}],"twitter_card":"summary_large_image","twitter_misc":{"Tiempo de lectura":"1 minuto"},"schema":{"@context":"https:\/\/schema.org","@graph":[{"@type":"WebPage","@id":"https:\/\/www.smokershop.es\/index.php\/producto\/monkey-kong-tube-2gr\/","url":"https:\/\/www.smokershop.es\/index.php\/producto\/monkey-kong-tube-2gr\/","name":"MONKEY KONG TUBE 2GR - The Smoker&#039;s Shop","isPartOf":{"@id":"https:\/\/www.smokershop.es\/#website"},"primaryImageOfPage":{"@id":"https:\/\/www.smokershop.es\/index.php\/producto\/monkey-kong-tube-2gr\/#primaryimage"},"image":{"@id":"https:\/\/www.smokershop.es\/index.php\/producto\/monkey-kong-tube-2gr\/#primaryimage"},"thumbnailUrl":"https:\/\/www.smokershop.es\/wp-content\/uploads\/2025\/09\/HASH-HOLE-BLUE.jpg","datePublished":"2025-09-08T17:51:42+00:00","dateModified":"2026-04-10T01:42:03+00:00","description":"MONKEY KONG TUBE 2GR estuche que cuenta con tres conos preparados con boquilla de cart\u00f3n incluida para que hagas tus hash holes m\u00e1s f\u00e1cil que nunca.","breadcrumb":{"@id":"https:\/\/www.smokershop.es\/index.php\/producto\/monkey-kong-tube-2gr\/#breadcrumb"},"inLanguage":"es","potentialAction":[{"@type":"ReadAction","target":["https:\/\/www.smokershop.es\/index.php\/producto\/monkey-kong-tube-2gr\/"]}]},{"@type":"ImageObject","inLanguage":"es","@id":"https:\/\/www.smokershop.es\/index.php\/producto\/monkey-kong-tube-2gr\/#primaryimage","url":"https:\/\/www.smokershop.es\/wp-content\/uploads\/2025\/09\/HASH-HOLE-BLUE.jpg","contentUrl":"https:\/\/www.smokershop.es\/wp-content\/uploads\/2025\/09\/HASH-HOLE-BLUE.jpg","width":1350,"height":1350,"caption":"MONKEY KONG TUBE 2GR"},{"@type":"BreadcrumbList","@id":"https:\/\/www.smokershop.es\/index.php\/producto\/monkey-kong-tube-2gr\/#breadcrumb","itemListElement":[{"@type":"ListItem","position":1,"name":"Portada","item":"https:\/\/www.smokershop.es\/"},{"@type":"ListItem","position":2,"name":"The Shop","item":"https:\/\/www.smokershop.es\/index.php\/shop\/"},{"@type":"ListItem","position":3,"name":"MONKEY KONG TUBE 2GR"}]},{"@type":"WebSite","@id":"https:\/\/www.smokershop.es\/#website","url":"https:\/\/www.smokershop.es\/","name":"The Smoker&#039;s Shop","description":"Todo para los fumadores","publisher":{"@id":"https:\/\/www.smokershop.es\/#organization"},"potentialAction":[{"@type":"SearchAction","target":{"@type":"EntryPoint","urlTemplate":"https:\/\/www.smokershop.es\/?s={search_term_string}"},"query-input":{"@type":"PropertyValueSpecification","valueRequired":true,"valueName":"search_term_string"}}],"inLanguage":"es"},{"@type":"Organization","@id":"https:\/\/www.smokershop.es\/#organization","name":"The Smoker&#039;s Shop","url":"https:\/\/www.smokershop.es\/","logo":{"@type":"ImageObject","inLanguage":"es","@id":"https:\/\/www.smokershop.es\/#\/schema\/logo\/image\/","url":"https:\/\/www.smokershop.es\/wp-content\/uploads\/2023\/10\/smokershop-logo.png","contentUrl":"https:\/\/www.smokershop.es\/wp-content\/uploads\/2023\/10\/smokershop-logo.png","width":1711,"height":752,"caption":"The Smoker&#039;s Shop"},"image":{"@id":"https:\/\/www.smokershop.es\/#\/schema\/logo\/image\/"},"sameAs":["https:\/\/www.instagram.com\/thesmokersshopofficial"]}]}},"_links":{"self":[{"href":"https:\/\/www.smokershop.es\/index.php\/wp-json\/wp\/v2\/product\/3233","targetHints":{"allow":["GET"]}}],"collection":[{"href":"https:\/\/www.smokershop.es\/index.php\/wp-json\/wp\/v2\/product"}],"about":[{"href":"https:\/\/www.smokershop.es\/index.php\/wp-json\/wp\/v2\/types\/product"}],"wp:featuredmedia":[{"embeddable":true,"href":"https:\/\/www.smokershop.es\/index.php\/wp-json\/wp\/v2\/media\/3490"}],"wp:attachment":[{"href":"https:\/\/www.smokershop.es\/index.php\/wp-json\/wp\/v2\/media?parent=3233"}],"wp:term":[{"taxonomy":"product_brand","embeddable":true,"href":"https:\/\/www.smokershop.es\/index.php\/wp-json\/wp\/v2\/product_brand?post=3233"},{"taxonomy":"product_cat","embeddable":true,"href":"https:\/\/www.smokershop.es\/index.php\/wp-json\/wp\/v2\/product_cat?post=3233"},{"taxonomy":"product_tag","embeddable":true,"href":"https:\/\/www.smokershop.es\/index.php\/wp-json\/wp\/v2\/product_tag?post=3233"}],"curies":[{"name":"wp","href":"https:\/\/api.w.org\/{rel}","templated":true}]}}