{"id":3241,"date":"2022-09-08T20:14:08","date_gmt":"2022-09-08T18:14:08","guid":{"rendered":"https:\/\/www.smokershop.es\/?post_type=product&#038;p=3241"},"modified":"2026-04-13T14:04:45","modified_gmt":"2026-04-13T12:04:45","slug":"monkey-cones-ks-unbleached-1000","status":"publish","type":"product","link":"https:\/\/www.smokershop.es\/index.php\/producto\/monkey-cones-ks-unbleached-1000\/","title":{"rendered":"Contenido restringido"},"content":{"rendered":"","protected":false},"excerpt":{"rendered":"","protected":false},"featured_media":3242,"template":"","meta":{"_joinchat":[]},"product_brand":[],"product_cat":[45,40],"product_tag":[],"class_list":{"0":"post-3241","1":"product","2":"type-product","3":"status-publish","5":"product_cat-conos","6":"product_cat-papel-de-fumar","8":"first","9":"instock","10":"sale","11":"taxable","12":"shipping-taxable","13":"purchasable","14":"product-type-simple"},"yoast_head":"<!-- This site is optimized with the Yoast SEO plugin v27.2 - https:\/\/yoast.com\/product\/yoast-seo-wordpress\/ -->\n<title>MONKEY CONES KS UNBLEACHED 1000 - The Smoker&#039;s Shop<\/title>\n<meta name=\"description\" content=\"MONKEY CONES KS UNBLEACHED 1000 caja de 1000 conos king size de papel marr\u00f3n 100% natural, con boquilla de cart\u00f3n, f\u00e1cil de rellenar.\" \/>\n<meta name=\"robots\" content=\"index, follow, max-snippet:-1, max-image-preview:large, max-video-preview:-1\" \/>\n<link rel=\"canonical\" href=\"https:\/\/www.smokershop.es\/index.php\/producto\/monkey-cones-ks-unbleached-1000\/\" \/>\n<meta property=\"og:locale\" content=\"es_ES\" \/>\n<meta property=\"og:type\" content=\"article\" \/>\n<meta property=\"og:title\" content=\"MONKEY CONES KS UNBLEACHED 1000 - The Smoker&#039;s Shop\" \/>\n<meta property=\"og:description\" content=\"MONKEY CONES KS UNBLEACHED 1000 caja de 1000 conos king size de papel marr\u00f3n 100% natural, con boquilla de cart\u00f3n, f\u00e1cil de rellenar.\" \/>\n<meta property=\"og:url\" content=\"https:\/\/www.smokershop.es\/index.php\/producto\/monkey-cones-ks-unbleached-1000\/\" \/>\n<meta property=\"og:site_name\" content=\"The Smoker&#039;s Shop\" \/>\n<meta property=\"article:modified_time\" content=\"2026-04-13T12:04:45+00:00\" \/>\n<meta property=\"og:image\" content=\"https:\/\/www.smokershop.es\/wp-content\/uploads\/2025\/09\/WhatsApp-Image-2025-09-08-at-12.41.07-2.jpeg\" \/>\n\t<meta property=\"og:image:width\" content=\"1350\" \/>\n\t<meta property=\"og:image:height\" content=\"1350\" \/>\n\t<meta property=\"og:image:type\" content=\"image\/jpeg\" \/>\n<meta name=\"twitter:card\" content=\"summary_large_image\" \/>\n<meta name=\"twitter:label1\" content=\"Tiempo de lectura\" \/>\n\t<meta name=\"twitter:data1\" content=\"1 minuto\" \/>\n<script type=\"application\/ld+json\" class=\"yoast-schema-graph\">{\"@context\":\"https:\/\/schema.org\",\"@graph\":[{\"@type\":\"WebPage\",\"@id\":\"https:\/\/www.smokershop.es\/index.php\/producto\/monkey-cones-ks-unbleached-1000\/\",\"url\":\"https:\/\/www.smokershop.es\/index.php\/producto\/monkey-cones-ks-unbleached-1000\/\",\"name\":\"MONKEY CONES KS UNBLEACHED 1000 - The Smoker&#039;s Shop\",\"isPartOf\":{\"@id\":\"https:\/\/www.smokershop.es\/#website\"},\"datePublished\":\"2022-09-08T18:14:08+00:00\",\"dateModified\":\"2026-04-13T12:04:45+00:00\",\"description\":\"MONKEY CONES KS UNBLEACHED 1000 caja de 1000 conos king size de papel marr\u00f3n 100% natural, con boquilla de cart\u00f3n, f\u00e1cil de rellenar.\",\"breadcrumb\":{\"@id\":\"https:\/\/www.smokershop.es\/index.php\/producto\/monkey-cones-ks-unbleached-1000\/#breadcrumb\"},\"inLanguage\":\"es\",\"potentialAction\":[{\"@type\":\"ReadAction\",\"target\":[\"https:\/\/www.smokershop.es\/index.php\/producto\/monkey-cones-ks-unbleached-1000\/\"]}]},{\"@type\":\"BreadcrumbList\",\"@id\":\"https:\/\/www.smokershop.es\/index.php\/producto\/monkey-cones-ks-unbleached-1000\/#breadcrumb\",\"itemListElement\":[{\"@type\":\"ListItem\",\"position\":1,\"name\":\"Portada\",\"item\":\"https:\/\/www.smokershop.es\/\"},{\"@type\":\"ListItem\",\"position\":2,\"name\":\"The Shop\",\"item\":\"https:\/\/www.smokershop.es\/index.php\/shop\/\"},{\"@type\":\"ListItem\",\"position\":3,\"name\":\"MONKEY CONES KS UNBLEACHED 1000\"}]},{\"@type\":\"WebSite\",\"@id\":\"https:\/\/www.smokershop.es\/#website\",\"url\":\"https:\/\/www.smokershop.es\/\",\"name\":\"The Smoker&#039;s Shop\",\"description\":\"Todo para los fumadores\",\"publisher\":{\"@id\":\"https:\/\/www.smokershop.es\/#organization\"},\"potentialAction\":[{\"@type\":\"SearchAction\",\"target\":{\"@type\":\"EntryPoint\",\"urlTemplate\":\"https:\/\/www.smokershop.es\/?s={search_term_string}\"},\"query-input\":{\"@type\":\"PropertyValueSpecification\",\"valueRequired\":true,\"valueName\":\"search_term_string\"}}],\"inLanguage\":\"es\"},{\"@type\":\"Organization\",\"@id\":\"https:\/\/www.smokershop.es\/#organization\",\"name\":\"The Smoker&#039;s Shop\",\"url\":\"https:\/\/www.smokershop.es\/\",\"logo\":{\"@type\":\"ImageObject\",\"inLanguage\":\"es\",\"@id\":\"https:\/\/www.smokershop.es\/#\/schema\/logo\/image\/\",\"url\":\"https:\/\/www.smokershop.es\/wp-content\/uploads\/2023\/10\/smokershop-logo.png\",\"contentUrl\":\"https:\/\/www.smokershop.es\/wp-content\/uploads\/2023\/10\/smokershop-logo.png\",\"width\":1711,\"height\":752,\"caption\":\"The Smoker&#039;s Shop\"},\"image\":{\"@id\":\"https:\/\/www.smokershop.es\/#\/schema\/logo\/image\/\"},\"sameAs\":[\"https:\/\/www.instagram.com\/thesmokersshopofficial\"]}]}<\/script>\n<!-- \/ Yoast SEO plugin. -->","yoast_head_json":{"title":"MONKEY CONES KS UNBLEACHED 1000 - The Smoker&#039;s Shop","description":"MONKEY CONES KS UNBLEACHED 1000 caja de 1000 conos king size de papel marr\u00f3n 100% natural, con boquilla de cart\u00f3n, f\u00e1cil de rellenar.","robots":{"index":"index","follow":"follow","max-snippet":"max-snippet:-1","max-image-preview":"max-image-preview:large","max-video-preview":"max-video-preview:-1"},"canonical":"https:\/\/www.smokershop.es\/index.php\/producto\/monkey-cones-ks-unbleached-1000\/","og_locale":"es_ES","og_type":"article","og_title":"MONKEY CONES KS UNBLEACHED 1000 - The Smoker&#039;s Shop","og_description":"MONKEY CONES KS UNBLEACHED 1000 caja de 1000 conos king size de papel marr\u00f3n 100% natural, con boquilla de cart\u00f3n, f\u00e1cil de rellenar.","og_url":"https:\/\/www.smokershop.es\/index.php\/producto\/monkey-cones-ks-unbleached-1000\/","og_site_name":"The Smoker&#039;s Shop","article_modified_time":"2026-04-13T12:04:45+00:00","og_image":[{"width":1350,"height":1350,"url":"https:\/\/www.smokershop.es\/wp-content\/uploads\/2025\/09\/WhatsApp-Image-2025-09-08-at-12.41.07-2.jpeg","type":"image\/jpeg"}],"twitter_card":"summary_large_image","twitter_misc":{"Tiempo de lectura":"1 minuto"},"schema":{"@context":"https:\/\/schema.org","@graph":[{"@type":"WebPage","@id":"https:\/\/www.smokershop.es\/index.php\/producto\/monkey-cones-ks-unbleached-1000\/","url":"https:\/\/www.smokershop.es\/index.php\/producto\/monkey-cones-ks-unbleached-1000\/","name":"MONKEY CONES KS UNBLEACHED 1000 - The Smoker&#039;s Shop","isPartOf":{"@id":"https:\/\/www.smokershop.es\/#website"},"datePublished":"2022-09-08T18:14:08+00:00","dateModified":"2026-04-13T12:04:45+00:00","description":"MONKEY CONES KS UNBLEACHED 1000 caja de 1000 conos king size de papel marr\u00f3n 100% natural, con boquilla de cart\u00f3n, f\u00e1cil de rellenar.","breadcrumb":{"@id":"https:\/\/www.smokershop.es\/index.php\/producto\/monkey-cones-ks-unbleached-1000\/#breadcrumb"},"inLanguage":"es","potentialAction":[{"@type":"ReadAction","target":["https:\/\/www.smokershop.es\/index.php\/producto\/monkey-cones-ks-unbleached-1000\/"]}]},{"@type":"BreadcrumbList","@id":"https:\/\/www.smokershop.es\/index.php\/producto\/monkey-cones-ks-unbleached-1000\/#breadcrumb","itemListElement":[{"@type":"ListItem","position":1,"name":"Portada","item":"https:\/\/www.smokershop.es\/"},{"@type":"ListItem","position":2,"name":"The Shop","item":"https:\/\/www.smokershop.es\/index.php\/shop\/"},{"@type":"ListItem","position":3,"name":"MONKEY CONES KS UNBLEACHED 1000"}]},{"@type":"WebSite","@id":"https:\/\/www.smokershop.es\/#website","url":"https:\/\/www.smokershop.es\/","name":"The Smoker&#039;s Shop","description":"Todo para los fumadores","publisher":{"@id":"https:\/\/www.smokershop.es\/#organization"},"potentialAction":[{"@type":"SearchAction","target":{"@type":"EntryPoint","urlTemplate":"https:\/\/www.smokershop.es\/?s={search_term_string}"},"query-input":{"@type":"PropertyValueSpecification","valueRequired":true,"valueName":"search_term_string"}}],"inLanguage":"es"},{"@type":"Organization","@id":"https:\/\/www.smokershop.es\/#organization","name":"The Smoker&#039;s Shop","url":"https:\/\/www.smokershop.es\/","logo":{"@type":"ImageObject","inLanguage":"es","@id":"https:\/\/www.smokershop.es\/#\/schema\/logo\/image\/","url":"https:\/\/www.smokershop.es\/wp-content\/uploads\/2023\/10\/smokershop-logo.png","contentUrl":"https:\/\/www.smokershop.es\/wp-content\/uploads\/2023\/10\/smokershop-logo.png","width":1711,"height":752,"caption":"The Smoker&#039;s Shop"},"image":{"@id":"https:\/\/www.smokershop.es\/#\/schema\/logo\/image\/"},"sameAs":["https:\/\/www.instagram.com\/thesmokersshopofficial"]}]}},"_links":{"self":[{"href":"https:\/\/www.smokershop.es\/index.php\/wp-json\/wp\/v2\/product\/3241","targetHints":{"allow":["GET"]}}],"collection":[{"href":"https:\/\/www.smokershop.es\/index.php\/wp-json\/wp\/v2\/product"}],"about":[{"href":"https:\/\/www.smokershop.es\/index.php\/wp-json\/wp\/v2\/types\/product"}],"wp:featuredmedia":[{"embeddable":true,"href":"https:\/\/www.smokershop.es\/index.php\/wp-json\/wp\/v2\/media\/3242"}],"wp:attachment":[{"href":"https:\/\/www.smokershop.es\/index.php\/wp-json\/wp\/v2\/media?parent=3241"}],"wp:term":[{"taxonomy":"product_brand","embeddable":true,"href":"https:\/\/www.smokershop.es\/index.php\/wp-json\/wp\/v2\/product_brand?post=3241"},{"taxonomy":"product_cat","embeddable":true,"href":"https:\/\/www.smokershop.es\/index.php\/wp-json\/wp\/v2\/product_cat?post=3241"},{"taxonomy":"product_tag","embeddable":true,"href":"https:\/\/www.smokershop.es\/index.php\/wp-json\/wp\/v2\/product_tag?post=3241"}],"curies":[{"name":"wp","href":"https:\/\/api.w.org\/{rel}","templated":true}]}}