{"id":3297,"date":"2025-09-29T18:37:17","date_gmt":"2025-09-29T16:37:17","guid":{"rendered":"https:\/\/www.smokershop.es\/?post_type=product&#038;p=3297"},"modified":"2026-04-10T03:09:52","modified_gmt":"2026-04-10T01:09:52","slug":"monkey-metalic-tray-box","status":"publish","type":"product","link":"https:\/\/www.smokershop.es\/index.php\/producto\/monkey-metalic-tray-box\/","title":{"rendered":"MONKEY METALIC TRAY BOX"},"content":{"rendered":"<p>MONKEY METALIC TRAY BOX<\/p>\n<div class=\"lRu31\" dir=\"ltr\"><span class=\"HwtZe\" lang=\"es\"><span class=\"jCAhz ChMk0b\"><span class=\"ryNqvb\">La caja met\u00e1lica de Monkey King incluye una novedad de lo m\u00e1s \u00fatil y practica, ahora la tapa de la caja es una bandeja que podr\u00e1s usar para liar sin ensuciar nada.\u00a0<\/span><\/span><\/span><\/div>\n<div class=\"lRu31\" dir=\"ltr\"><span class=\"HwtZe\" lang=\"es\"><span class=\"jCAhz ChMk0b\"><span class=\"ryNqvb\">M\u00e1s c\u00f3moda que nunca esta caja met\u00e1lica y robusta de 18 cm de largo,14 cm de ancho, ofrece un amplio espacio para guardar de forma segura los elementos esenciales para fumar, como papel de liar, encendedores, etc. Y una bandeja de un tama\u00f1o perfecto para liar sin dejar restos.<\/span><\/span><\/span><\/div>\n<div dir=\"ltr\"><\/div>\n<div dir=\"ltr\">Encuentra tu dise\u00f1o favorito entre los seis modelos diferentes y almacena de forma segura y estilosa tu parafernalia y flores con nuestra nueva caja met\u00e1lica dos en uno.<\/div>\n<div dir=\"ltr\"><\/div>\n<div dir=\"ltr\"><\/div>\n","protected":false},"excerpt":{"rendered":"<ul>\n<li><span class=\"HwtZe\" lang=\"es\"><span class=\"jCAhz ChMk0b\"><span class=\"ryNqvb\">18 cm de largo, 14cm de ancho.<\/span><\/span><\/span><\/li>\n<li>Material: metal.<\/li>\n<li>Caja met\u00e1lica cuya tapa es una bandeja.<\/li>\n<\/ul>\n<ul>\n<li><strong>\u2b07\ufe0f PRECIOS MAYORISTA PARA PROFESIONALES \u2b07\ufe0f<\/strong><\/li>\n<\/ul>\n<p style=\"padding-left: 160px;\"><strong><a href=\"https:\/\/www.smokershop.es\/index.php\/register\/\" target=\"_blank\" rel=\"noopener\">\ud83d\udc49 REGISTRATE AQUI \ud83d\udc48<\/a><\/strong><\/p>\n","protected":false},"featured_media":3558,"template":"","meta":{"_joinchat":[]},"product_brand":[],"product_cat":[49,47,52],"product_tag":[],"class_list":{"0":"post-3297","1":"product","2":"type-product","3":"status-publish","4":"has-post-thumbnail","6":"product_cat-almacenamiento","7":"product_cat-bandejas-y-ceniceros","8":"product_cat-cajas","10":"first","11":"instock","12":"taxable","13":"shipping-taxable","14":"purchasable","15":"product-type-variable"},"yoast_head":"<!-- This site is optimized with the Yoast SEO plugin v27.2 - https:\/\/yoast.com\/product\/yoast-seo-wordpress\/ -->\n<title>MONKEY METALIC TRAY BOX - The Smoker&#039;s Shop<\/title>\n<meta name=\"description\" content=\"MONKEY METALIC TRAY BOX caja met\u00e1lica de 18 cm por 14 cm, espaciosa y robusta cuya tapa es una bandeja practica y \u00fatil, dos en uno.\" \/>\n<meta name=\"robots\" content=\"index, follow, max-snippet:-1, max-image-preview:large, max-video-preview:-1\" \/>\n<link rel=\"canonical\" href=\"https:\/\/www.smokershop.es\/index.php\/producto\/monkey-metalic-tray-box\/\" \/>\n<meta property=\"og:locale\" content=\"es_ES\" \/>\n<meta property=\"og:type\" content=\"article\" \/>\n<meta property=\"og:title\" content=\"MONKEY METALIC TRAY BOX - The Smoker&#039;s Shop\" \/>\n<meta property=\"og:description\" content=\"MONKEY METALIC TRAY BOX caja met\u00e1lica de 18 cm por 14 cm, espaciosa y robusta cuya tapa es una bandeja practica y \u00fatil, dos en uno.\" \/>\n<meta property=\"og:url\" content=\"https:\/\/www.smokershop.es\/index.php\/producto\/monkey-metalic-tray-box\/\" \/>\n<meta property=\"og:site_name\" content=\"The Smoker&#039;s Shop\" \/>\n<meta property=\"article:modified_time\" content=\"2026-04-10T01:09:52+00:00\" \/>\n<meta property=\"og:image\" content=\"https:\/\/www.smokershop.es\/wp-content\/uploads\/2025\/09\/CAJABANDEJA.jpg\" \/>\n\t<meta property=\"og:image:width\" content=\"1350\" \/>\n\t<meta property=\"og:image:height\" content=\"1350\" \/>\n\t<meta property=\"og:image:type\" content=\"image\/jpeg\" \/>\n<meta name=\"twitter:card\" content=\"summary_large_image\" \/>\n<meta name=\"twitter:label1\" content=\"Tiempo de lectura\" \/>\n\t<meta name=\"twitter:data1\" content=\"1 minuto\" \/>\n<script type=\"application\/ld+json\" class=\"yoast-schema-graph\">{\"@context\":\"https:\/\/schema.org\",\"@graph\":[{\"@type\":\"WebPage\",\"@id\":\"https:\/\/www.smokershop.es\/index.php\/producto\/monkey-metalic-tray-box\/\",\"url\":\"https:\/\/www.smokershop.es\/index.php\/producto\/monkey-metalic-tray-box\/\",\"name\":\"MONKEY METALIC TRAY BOX - The Smoker&#039;s Shop\",\"isPartOf\":{\"@id\":\"https:\/\/www.smokershop.es\/#website\"},\"primaryImageOfPage\":{\"@id\":\"https:\/\/www.smokershop.es\/index.php\/producto\/monkey-metalic-tray-box\/#primaryimage\"},\"image\":{\"@id\":\"https:\/\/www.smokershop.es\/index.php\/producto\/monkey-metalic-tray-box\/#primaryimage\"},\"thumbnailUrl\":\"https:\/\/www.smokershop.es\/wp-content\/uploads\/2025\/09\/CAJABANDEJA.jpg\",\"datePublished\":\"2025-09-29T16:37:17+00:00\",\"dateModified\":\"2026-04-10T01:09:52+00:00\",\"description\":\"MONKEY METALIC TRAY BOX caja met\u00e1lica de 18 cm por 14 cm, espaciosa y robusta cuya tapa es una bandeja practica y \u00fatil, dos en uno.\",\"breadcrumb\":{\"@id\":\"https:\/\/www.smokershop.es\/index.php\/producto\/monkey-metalic-tray-box\/#breadcrumb\"},\"inLanguage\":\"es\",\"potentialAction\":[{\"@type\":\"ReadAction\",\"target\":[\"https:\/\/www.smokershop.es\/index.php\/producto\/monkey-metalic-tray-box\/\"]}]},{\"@type\":\"ImageObject\",\"inLanguage\":\"es\",\"@id\":\"https:\/\/www.smokershop.es\/index.php\/producto\/monkey-metalic-tray-box\/#primaryimage\",\"url\":\"https:\/\/www.smokershop.es\/wp-content\/uploads\/2025\/09\/CAJABANDEJA.jpg\",\"contentUrl\":\"https:\/\/www.smokershop.es\/wp-content\/uploads\/2025\/09\/CAJABANDEJA.jpg\",\"width\":1350,\"height\":1350,\"caption\":\"MONKEY METALIC TRAY BOX MONSTERS\"},{\"@type\":\"BreadcrumbList\",\"@id\":\"https:\/\/www.smokershop.es\/index.php\/producto\/monkey-metalic-tray-box\/#breadcrumb\",\"itemListElement\":[{\"@type\":\"ListItem\",\"position\":1,\"name\":\"Portada\",\"item\":\"https:\/\/www.smokershop.es\/\"},{\"@type\":\"ListItem\",\"position\":2,\"name\":\"The Shop\",\"item\":\"https:\/\/www.smokershop.es\/index.php\/shop\/\"},{\"@type\":\"ListItem\",\"position\":3,\"name\":\"MONKEY METALIC TRAY BOX\"}]},{\"@type\":\"WebSite\",\"@id\":\"https:\/\/www.smokershop.es\/#website\",\"url\":\"https:\/\/www.smokershop.es\/\",\"name\":\"The Smoker&#039;s Shop\",\"description\":\"Todo para los fumadores\",\"publisher\":{\"@id\":\"https:\/\/www.smokershop.es\/#organization\"},\"potentialAction\":[{\"@type\":\"SearchAction\",\"target\":{\"@type\":\"EntryPoint\",\"urlTemplate\":\"https:\/\/www.smokershop.es\/?s={search_term_string}\"},\"query-input\":{\"@type\":\"PropertyValueSpecification\",\"valueRequired\":true,\"valueName\":\"search_term_string\"}}],\"inLanguage\":\"es\"},{\"@type\":\"Organization\",\"@id\":\"https:\/\/www.smokershop.es\/#organization\",\"name\":\"The Smoker&#039;s Shop\",\"url\":\"https:\/\/www.smokershop.es\/\",\"logo\":{\"@type\":\"ImageObject\",\"inLanguage\":\"es\",\"@id\":\"https:\/\/www.smokershop.es\/#\/schema\/logo\/image\/\",\"url\":\"https:\/\/www.smokershop.es\/wp-content\/uploads\/2023\/10\/smokershop-logo.png\",\"contentUrl\":\"https:\/\/www.smokershop.es\/wp-content\/uploads\/2023\/10\/smokershop-logo.png\",\"width\":1711,\"height\":752,\"caption\":\"The Smoker&#039;s Shop\"},\"image\":{\"@id\":\"https:\/\/www.smokershop.es\/#\/schema\/logo\/image\/\"},\"sameAs\":[\"https:\/\/www.instagram.com\/thesmokersshopofficial\"]}]}<\/script>\n<!-- \/ Yoast SEO plugin. -->","yoast_head_json":{"title":"MONKEY METALIC TRAY BOX - The Smoker&#039;s Shop","description":"MONKEY METALIC TRAY BOX caja met\u00e1lica de 18 cm por 14 cm, espaciosa y robusta cuya tapa es una bandeja practica y \u00fatil, dos en uno.","robots":{"index":"index","follow":"follow","max-snippet":"max-snippet:-1","max-image-preview":"max-image-preview:large","max-video-preview":"max-video-preview:-1"},"canonical":"https:\/\/www.smokershop.es\/index.php\/producto\/monkey-metalic-tray-box\/","og_locale":"es_ES","og_type":"article","og_title":"MONKEY METALIC TRAY BOX - The Smoker&#039;s Shop","og_description":"MONKEY METALIC TRAY BOX caja met\u00e1lica de 18 cm por 14 cm, espaciosa y robusta cuya tapa es una bandeja practica y \u00fatil, dos en uno.","og_url":"https:\/\/www.smokershop.es\/index.php\/producto\/monkey-metalic-tray-box\/","og_site_name":"The Smoker&#039;s Shop","article_modified_time":"2026-04-10T01:09:52+00:00","og_image":[{"width":1350,"height":1350,"url":"https:\/\/www.smokershop.es\/wp-content\/uploads\/2025\/09\/CAJABANDEJA.jpg","type":"image\/jpeg"}],"twitter_card":"summary_large_image","twitter_misc":{"Tiempo de lectura":"1 minuto"},"schema":{"@context":"https:\/\/schema.org","@graph":[{"@type":"WebPage","@id":"https:\/\/www.smokershop.es\/index.php\/producto\/monkey-metalic-tray-box\/","url":"https:\/\/www.smokershop.es\/index.php\/producto\/monkey-metalic-tray-box\/","name":"MONKEY METALIC TRAY BOX - The Smoker&#039;s Shop","isPartOf":{"@id":"https:\/\/www.smokershop.es\/#website"},"primaryImageOfPage":{"@id":"https:\/\/www.smokershop.es\/index.php\/producto\/monkey-metalic-tray-box\/#primaryimage"},"image":{"@id":"https:\/\/www.smokershop.es\/index.php\/producto\/monkey-metalic-tray-box\/#primaryimage"},"thumbnailUrl":"https:\/\/www.smokershop.es\/wp-content\/uploads\/2025\/09\/CAJABANDEJA.jpg","datePublished":"2025-09-29T16:37:17+00:00","dateModified":"2026-04-10T01:09:52+00:00","description":"MONKEY METALIC TRAY BOX caja met\u00e1lica de 18 cm por 14 cm, espaciosa y robusta cuya tapa es una bandeja practica y \u00fatil, dos en uno.","breadcrumb":{"@id":"https:\/\/www.smokershop.es\/index.php\/producto\/monkey-metalic-tray-box\/#breadcrumb"},"inLanguage":"es","potentialAction":[{"@type":"ReadAction","target":["https:\/\/www.smokershop.es\/index.php\/producto\/monkey-metalic-tray-box\/"]}]},{"@type":"ImageObject","inLanguage":"es","@id":"https:\/\/www.smokershop.es\/index.php\/producto\/monkey-metalic-tray-box\/#primaryimage","url":"https:\/\/www.smokershop.es\/wp-content\/uploads\/2025\/09\/CAJABANDEJA.jpg","contentUrl":"https:\/\/www.smokershop.es\/wp-content\/uploads\/2025\/09\/CAJABANDEJA.jpg","width":1350,"height":1350,"caption":"MONKEY METALIC TRAY BOX MONSTERS"},{"@type":"BreadcrumbList","@id":"https:\/\/www.smokershop.es\/index.php\/producto\/monkey-metalic-tray-box\/#breadcrumb","itemListElement":[{"@type":"ListItem","position":1,"name":"Portada","item":"https:\/\/www.smokershop.es\/"},{"@type":"ListItem","position":2,"name":"The Shop","item":"https:\/\/www.smokershop.es\/index.php\/shop\/"},{"@type":"ListItem","position":3,"name":"MONKEY METALIC TRAY BOX"}]},{"@type":"WebSite","@id":"https:\/\/www.smokershop.es\/#website","url":"https:\/\/www.smokershop.es\/","name":"The Smoker&#039;s Shop","description":"Todo para los fumadores","publisher":{"@id":"https:\/\/www.smokershop.es\/#organization"},"potentialAction":[{"@type":"SearchAction","target":{"@type":"EntryPoint","urlTemplate":"https:\/\/www.smokershop.es\/?s={search_term_string}"},"query-input":{"@type":"PropertyValueSpecification","valueRequired":true,"valueName":"search_term_string"}}],"inLanguage":"es"},{"@type":"Organization","@id":"https:\/\/www.smokershop.es\/#organization","name":"The Smoker&#039;s Shop","url":"https:\/\/www.smokershop.es\/","logo":{"@type":"ImageObject","inLanguage":"es","@id":"https:\/\/www.smokershop.es\/#\/schema\/logo\/image\/","url":"https:\/\/www.smokershop.es\/wp-content\/uploads\/2023\/10\/smokershop-logo.png","contentUrl":"https:\/\/www.smokershop.es\/wp-content\/uploads\/2023\/10\/smokershop-logo.png","width":1711,"height":752,"caption":"The Smoker&#039;s Shop"},"image":{"@id":"https:\/\/www.smokershop.es\/#\/schema\/logo\/image\/"},"sameAs":["https:\/\/www.instagram.com\/thesmokersshopofficial"]}]}},"_links":{"self":[{"href":"https:\/\/www.smokershop.es\/index.php\/wp-json\/wp\/v2\/product\/3297","targetHints":{"allow":["GET"]}}],"collection":[{"href":"https:\/\/www.smokershop.es\/index.php\/wp-json\/wp\/v2\/product"}],"about":[{"href":"https:\/\/www.smokershop.es\/index.php\/wp-json\/wp\/v2\/types\/product"}],"wp:featuredmedia":[{"embeddable":true,"href":"https:\/\/www.smokershop.es\/index.php\/wp-json\/wp\/v2\/media\/3558"}],"wp:attachment":[{"href":"https:\/\/www.smokershop.es\/index.php\/wp-json\/wp\/v2\/media?parent=3297"}],"wp:term":[{"taxonomy":"product_brand","embeddable":true,"href":"https:\/\/www.smokershop.es\/index.php\/wp-json\/wp\/v2\/product_brand?post=3297"},{"taxonomy":"product_cat","embeddable":true,"href":"https:\/\/www.smokershop.es\/index.php\/wp-json\/wp\/v2\/product_cat?post=3297"},{"taxonomy":"product_tag","embeddable":true,"href":"https:\/\/www.smokershop.es\/index.php\/wp-json\/wp\/v2\/product_tag?post=3297"}],"curies":[{"name":"wp","href":"https:\/\/api.w.org\/{rel}","templated":true}]}}