{"id":3357,"date":"2025-11-03T21:01:47","date_gmt":"2025-11-03T20:01:47","guid":{"rendered":"https:\/\/www.smokershop.es\/?post_type=product&#038;p=3357"},"modified":"2026-04-10T02:20:39","modified_gmt":"2026-04-10T00:20:39","slug":"juicy-jays-cones","status":"publish","type":"product","link":"https:\/\/www.smokershop.es\/index.php\/producto\/juicy-jays-cones\/","title":{"rendered":"JUICY JAYS CONES"},"content":{"rendered":"<p>JUICY JAYS CONES<\/p>\n<p data-start=\"201\" data-end=\"249\">Sabor que se Siente. Calidad que se Nota. Disfruta de una experiencia de fumado \u00fanica con los Juicy Jay\u2019s Cones, los conos preliados m\u00e1s sabrosos del mercado. Fabricados con papel ultra fino y 100% natural, estos conos est\u00e1n infusionados con sabores frutales intensos que elevan cada calada. Estos conos est\u00e1n dise\u00f1ados para los que buscan un toque distinto y arom\u00e1tico en cada sesi\u00f3n. Perfectos para fumadores exigentes que valoran tanto la calidad como la comodidad.<\/p>\n<p data-start=\"513\" data-end=\"536\">Su tama\u00f1o es ideal para sesiones individuales o compartidas. Adem\u00e1s el papel aromatizado con sistema \u201cTriple-Dip\u201d garantiza un sabor m\u00e1s duradero. Incluye filtro y boquilla perfectamente formada. Listos para rellenar: sin l\u00edos, sin complicaciones. Disponibles en una amplia variedad de sabores, descubre tu favorito.<\/p>\n<p data-start=\"867\" data-end=\"1130\">\n","protected":false},"excerpt":{"rendered":"<ul>\n<li>Conos preliados de papel aromatizado de gran calidad, incluyen filtro.<\/li>\n<li>Disponibles en una amplia variedad de sabores.<\/li>\n<li>Cada envase contiene 2 conos.<\/li>\n<\/ul>\n<p>&nbsp;<\/p>\n<ul>\n<li><em>FORMATO PRO -&gt; DISPLAY x24<\/em><\/li>\n<li><strong>\u2b07\ufe0f PRECIOS MAYORISTA PARA PROFESIONALES \u2b07\ufe0f<\/strong><\/li>\n<\/ul>\n<p style=\"padding-left: 160px;\"><strong><a href=\"https:\/\/www.smokershop.es\/index.php\/register\/\" target=\"_blank\" rel=\"noopener\">\ud83d\udc49 REGISTRATE AQUI \ud83d\udc48<\/a><\/strong><\/p>\n<p>&nbsp;<\/p>\n","protected":false},"featured_media":3377,"template":"","meta":{"_joinchat":[]},"product_brand":[],"product_cat":[44,40],"product_tag":[],"class_list":{"0":"post-3357","1":"product","2":"type-product","3":"status-publish","4":"has-post-thumbnail","6":"product_cat-otros","7":"product_cat-papel-de-fumar","9":"first","10":"instock","11":"taxable","12":"shipping-taxable","13":"purchasable","14":"product-type-variable"},"yoast_head":"<!-- This site is optimized with the Yoast SEO plugin v27.2 - https:\/\/yoast.com\/product\/yoast-seo-wordpress\/ -->\n<title>JUICY JAYS CONES - The Smoker&#039;s Shop<\/title>\n<meta name=\"description\" content=\"JUICY JAYS CONES conos preliados de papel aromatizado de gran calidad, incluyen filtro, eleva tu experiencia disfrutando de sus diferentes sabores.\" \/>\n<meta name=\"robots\" content=\"index, follow, max-snippet:-1, max-image-preview:large, max-video-preview:-1\" \/>\n<link rel=\"canonical\" href=\"https:\/\/www.smokershop.es\/index.php\/producto\/juicy-jays-cones\/\" \/>\n<meta property=\"og:locale\" content=\"es_ES\" \/>\n<meta property=\"og:type\" content=\"article\" \/>\n<meta property=\"og:title\" content=\"JUICY JAYS CONES - The Smoker&#039;s Shop\" \/>\n<meta property=\"og:description\" content=\"JUICY JAYS CONES conos preliados de papel aromatizado de gran calidad, incluyen filtro, eleva tu experiencia disfrutando de sus diferentes sabores.\" \/>\n<meta property=\"og:url\" content=\"https:\/\/www.smokershop.es\/index.php\/producto\/juicy-jays-cones\/\" \/>\n<meta property=\"og:site_name\" content=\"The Smoker&#039;s Shop\" \/>\n<meta property=\"article:modified_time\" content=\"2026-04-10T00:20:39+00:00\" \/>\n<meta property=\"og:image\" content=\"https:\/\/www.smokershop.es\/wp-content\/uploads\/2025\/10\/JJ12686D-Juicy-Jays-Cones-1\u00bc-Jones-Grape.jpg\" \/>\n\t<meta property=\"og:image:width\" content=\"800\" \/>\n\t<meta property=\"og:image:height\" content=\"800\" \/>\n\t<meta property=\"og:image:type\" content=\"image\/jpeg\" \/>\n<meta name=\"twitter:card\" content=\"summary_large_image\" \/>\n<meta name=\"twitter:label1\" content=\"Tiempo de lectura\" \/>\n\t<meta name=\"twitter:data1\" content=\"1 minuto\" \/>\n<script type=\"application\/ld+json\" class=\"yoast-schema-graph\">{\"@context\":\"https:\/\/schema.org\",\"@graph\":[{\"@type\":\"WebPage\",\"@id\":\"https:\/\/www.smokershop.es\/index.php\/producto\/juicy-jays-cones\/\",\"url\":\"https:\/\/www.smokershop.es\/index.php\/producto\/juicy-jays-cones\/\",\"name\":\"JUICY JAYS CONES - The Smoker&#039;s Shop\",\"isPartOf\":{\"@id\":\"https:\/\/www.smokershop.es\/#website\"},\"primaryImageOfPage\":{\"@id\":\"https:\/\/www.smokershop.es\/index.php\/producto\/juicy-jays-cones\/#primaryimage\"},\"image\":{\"@id\":\"https:\/\/www.smokershop.es\/index.php\/producto\/juicy-jays-cones\/#primaryimage\"},\"thumbnailUrl\":\"https:\/\/www.smokershop.es\/wp-content\/uploads\/2025\/10\/JJ12686D-Juicy-Jays-Cones-1\u00bc-Jones-Grape.jpg\",\"datePublished\":\"2025-11-03T20:01:47+00:00\",\"dateModified\":\"2026-04-10T00:20:39+00:00\",\"description\":\"JUICY JAYS CONES conos preliados de papel aromatizado de gran calidad, incluyen filtro, eleva tu experiencia disfrutando de sus diferentes sabores.\",\"breadcrumb\":{\"@id\":\"https:\/\/www.smokershop.es\/index.php\/producto\/juicy-jays-cones\/#breadcrumb\"},\"inLanguage\":\"es\",\"potentialAction\":[{\"@type\":\"ReadAction\",\"target\":[\"https:\/\/www.smokershop.es\/index.php\/producto\/juicy-jays-cones\/\"]}]},{\"@type\":\"ImageObject\",\"inLanguage\":\"es\",\"@id\":\"https:\/\/www.smokershop.es\/index.php\/producto\/juicy-jays-cones\/#primaryimage\",\"url\":\"https:\/\/www.smokershop.es\/wp-content\/uploads\/2025\/10\/JJ12686D-Juicy-Jays-Cones-1\u00bc-Jones-Grape.jpg\",\"contentUrl\":\"https:\/\/www.smokershop.es\/wp-content\/uploads\/2025\/10\/JJ12686D-Juicy-Jays-Cones-1\u00bc-Jones-Grape.jpg\",\"width\":800,\"height\":800,\"caption\":\"JUICY JAYS CONES 1 1\/4 GRAPE\"},{\"@type\":\"BreadcrumbList\",\"@id\":\"https:\/\/www.smokershop.es\/index.php\/producto\/juicy-jays-cones\/#breadcrumb\",\"itemListElement\":[{\"@type\":\"ListItem\",\"position\":1,\"name\":\"Portada\",\"item\":\"https:\/\/www.smokershop.es\/\"},{\"@type\":\"ListItem\",\"position\":2,\"name\":\"The Shop\",\"item\":\"https:\/\/www.smokershop.es\/index.php\/shop\/\"},{\"@type\":\"ListItem\",\"position\":3,\"name\":\"JUICY JAYS CONES\"}]},{\"@type\":\"WebSite\",\"@id\":\"https:\/\/www.smokershop.es\/#website\",\"url\":\"https:\/\/www.smokershop.es\/\",\"name\":\"The Smoker&#039;s Shop\",\"description\":\"Todo para los fumadores\",\"publisher\":{\"@id\":\"https:\/\/www.smokershop.es\/#organization\"},\"potentialAction\":[{\"@type\":\"SearchAction\",\"target\":{\"@type\":\"EntryPoint\",\"urlTemplate\":\"https:\/\/www.smokershop.es\/?s={search_term_string}\"},\"query-input\":{\"@type\":\"PropertyValueSpecification\",\"valueRequired\":true,\"valueName\":\"search_term_string\"}}],\"inLanguage\":\"es\"},{\"@type\":\"Organization\",\"@id\":\"https:\/\/www.smokershop.es\/#organization\",\"name\":\"The Smoker&#039;s Shop\",\"url\":\"https:\/\/www.smokershop.es\/\",\"logo\":{\"@type\":\"ImageObject\",\"inLanguage\":\"es\",\"@id\":\"https:\/\/www.smokershop.es\/#\/schema\/logo\/image\/\",\"url\":\"https:\/\/www.smokershop.es\/wp-content\/uploads\/2023\/10\/smokershop-logo.png\",\"contentUrl\":\"https:\/\/www.smokershop.es\/wp-content\/uploads\/2023\/10\/smokershop-logo.png\",\"width\":1711,\"height\":752,\"caption\":\"The Smoker&#039;s Shop\"},\"image\":{\"@id\":\"https:\/\/www.smokershop.es\/#\/schema\/logo\/image\/\"},\"sameAs\":[\"https:\/\/www.instagram.com\/thesmokersshopofficial\"]}]}<\/script>\n<!-- \/ Yoast SEO plugin. -->","yoast_head_json":{"title":"JUICY JAYS CONES - The Smoker&#039;s Shop","description":"JUICY JAYS CONES conos preliados de papel aromatizado de gran calidad, incluyen filtro, eleva tu experiencia disfrutando de sus diferentes sabores.","robots":{"index":"index","follow":"follow","max-snippet":"max-snippet:-1","max-image-preview":"max-image-preview:large","max-video-preview":"max-video-preview:-1"},"canonical":"https:\/\/www.smokershop.es\/index.php\/producto\/juicy-jays-cones\/","og_locale":"es_ES","og_type":"article","og_title":"JUICY JAYS CONES - The Smoker&#039;s Shop","og_description":"JUICY JAYS CONES conos preliados de papel aromatizado de gran calidad, incluyen filtro, eleva tu experiencia disfrutando de sus diferentes sabores.","og_url":"https:\/\/www.smokershop.es\/index.php\/producto\/juicy-jays-cones\/","og_site_name":"The Smoker&#039;s Shop","article_modified_time":"2026-04-10T00:20:39+00:00","og_image":[{"width":800,"height":800,"url":"https:\/\/www.smokershop.es\/wp-content\/uploads\/2025\/10\/JJ12686D-Juicy-Jays-Cones-1\u00bc-Jones-Grape.jpg","type":"image\/jpeg"}],"twitter_card":"summary_large_image","twitter_misc":{"Tiempo de lectura":"1 minuto"},"schema":{"@context":"https:\/\/schema.org","@graph":[{"@type":"WebPage","@id":"https:\/\/www.smokershop.es\/index.php\/producto\/juicy-jays-cones\/","url":"https:\/\/www.smokershop.es\/index.php\/producto\/juicy-jays-cones\/","name":"JUICY JAYS CONES - The Smoker&#039;s Shop","isPartOf":{"@id":"https:\/\/www.smokershop.es\/#website"},"primaryImageOfPage":{"@id":"https:\/\/www.smokershop.es\/index.php\/producto\/juicy-jays-cones\/#primaryimage"},"image":{"@id":"https:\/\/www.smokershop.es\/index.php\/producto\/juicy-jays-cones\/#primaryimage"},"thumbnailUrl":"https:\/\/www.smokershop.es\/wp-content\/uploads\/2025\/10\/JJ12686D-Juicy-Jays-Cones-1\u00bc-Jones-Grape.jpg","datePublished":"2025-11-03T20:01:47+00:00","dateModified":"2026-04-10T00:20:39+00:00","description":"JUICY JAYS CONES conos preliados de papel aromatizado de gran calidad, incluyen filtro, eleva tu experiencia disfrutando de sus diferentes sabores.","breadcrumb":{"@id":"https:\/\/www.smokershop.es\/index.php\/producto\/juicy-jays-cones\/#breadcrumb"},"inLanguage":"es","potentialAction":[{"@type":"ReadAction","target":["https:\/\/www.smokershop.es\/index.php\/producto\/juicy-jays-cones\/"]}]},{"@type":"ImageObject","inLanguage":"es","@id":"https:\/\/www.smokershop.es\/index.php\/producto\/juicy-jays-cones\/#primaryimage","url":"https:\/\/www.smokershop.es\/wp-content\/uploads\/2025\/10\/JJ12686D-Juicy-Jays-Cones-1\u00bc-Jones-Grape.jpg","contentUrl":"https:\/\/www.smokershop.es\/wp-content\/uploads\/2025\/10\/JJ12686D-Juicy-Jays-Cones-1\u00bc-Jones-Grape.jpg","width":800,"height":800,"caption":"JUICY JAYS CONES 1 1\/4 GRAPE"},{"@type":"BreadcrumbList","@id":"https:\/\/www.smokershop.es\/index.php\/producto\/juicy-jays-cones\/#breadcrumb","itemListElement":[{"@type":"ListItem","position":1,"name":"Portada","item":"https:\/\/www.smokershop.es\/"},{"@type":"ListItem","position":2,"name":"The Shop","item":"https:\/\/www.smokershop.es\/index.php\/shop\/"},{"@type":"ListItem","position":3,"name":"JUICY JAYS CONES"}]},{"@type":"WebSite","@id":"https:\/\/www.smokershop.es\/#website","url":"https:\/\/www.smokershop.es\/","name":"The Smoker&#039;s Shop","description":"Todo para los fumadores","publisher":{"@id":"https:\/\/www.smokershop.es\/#organization"},"potentialAction":[{"@type":"SearchAction","target":{"@type":"EntryPoint","urlTemplate":"https:\/\/www.smokershop.es\/?s={search_term_string}"},"query-input":{"@type":"PropertyValueSpecification","valueRequired":true,"valueName":"search_term_string"}}],"inLanguage":"es"},{"@type":"Organization","@id":"https:\/\/www.smokershop.es\/#organization","name":"The Smoker&#039;s Shop","url":"https:\/\/www.smokershop.es\/","logo":{"@type":"ImageObject","inLanguage":"es","@id":"https:\/\/www.smokershop.es\/#\/schema\/logo\/image\/","url":"https:\/\/www.smokershop.es\/wp-content\/uploads\/2023\/10\/smokershop-logo.png","contentUrl":"https:\/\/www.smokershop.es\/wp-content\/uploads\/2023\/10\/smokershop-logo.png","width":1711,"height":752,"caption":"The Smoker&#039;s Shop"},"image":{"@id":"https:\/\/www.smokershop.es\/#\/schema\/logo\/image\/"},"sameAs":["https:\/\/www.instagram.com\/thesmokersshopofficial"]}]}},"_links":{"self":[{"href":"https:\/\/www.smokershop.es\/index.php\/wp-json\/wp\/v2\/product\/3357","targetHints":{"allow":["GET"]}}],"collection":[{"href":"https:\/\/www.smokershop.es\/index.php\/wp-json\/wp\/v2\/product"}],"about":[{"href":"https:\/\/www.smokershop.es\/index.php\/wp-json\/wp\/v2\/types\/product"}],"wp:featuredmedia":[{"embeddable":true,"href":"https:\/\/www.smokershop.es\/index.php\/wp-json\/wp\/v2\/media\/3377"}],"wp:attachment":[{"href":"https:\/\/www.smokershop.es\/index.php\/wp-json\/wp\/v2\/media?parent=3357"}],"wp:term":[{"taxonomy":"product_brand","embeddable":true,"href":"https:\/\/www.smokershop.es\/index.php\/wp-json\/wp\/v2\/product_brand?post=3357"},{"taxonomy":"product_cat","embeddable":true,"href":"https:\/\/www.smokershop.es\/index.php\/wp-json\/wp\/v2\/product_cat?post=3357"},{"taxonomy":"product_tag","embeddable":true,"href":"https:\/\/www.smokershop.es\/index.php\/wp-json\/wp\/v2\/product_tag?post=3357"}],"curies":[{"name":"wp","href":"https:\/\/api.w.org\/{rel}","templated":true}]}}