{"id":3400,"date":"2025-10-20T21:06:53","date_gmt":"2025-10-20T19:06:53","guid":{"rendered":"https:\/\/www.smokershop.es\/?post_type=product&#038;p=3400"},"modified":"2026-04-10T03:00:42","modified_gmt":"2026-04-10T01:00:42","slug":"monkey-pack-grinder-psyco","status":"publish","type":"product","link":"https:\/\/www.smokershop.es\/index.php\/producto\/monkey-pack-grinder-psyco\/","title":{"rendered":"MONKEY PACK GRINDER PSYCO"},"content":{"rendered":"<p>MONKEY PACK GRINDER PSYCO<\/p>\n<p>Descubre todos los dise\u00f1os de este nuevo pack de Monkey King. Este modelo esta compuesto por un librillo de la edici\u00f3n Psyco que contiene 32 hojas de papel king size marr\u00f3n, sin blanquear ni aditivos, ultra fino, de combusti\u00f3n lenta y uniforme. Y sus 16 filtros dobles correspondientes, de cart\u00f3n troquelados, para facilitar su uso y mejorar su filtrado. Trae adem\u00e1s un grinder con un dise\u00f1o acorde a esta edici\u00f3n que combina con el librillo de papel y filtros, en este caso hay 6 modelos distintos coleccionables. \u00bf Cu\u00e1l es tu super h\u00e9roe favorito?<\/p>\n<p>Este nuevo producto, Monkey Pack Grinder Psyco, es uno de los 6 packs entre los que podr\u00e1s elegir. Una opci\u00f3n ideal para aquellos que quieran disfrutar de sus flores usando un picador, papel y filtros de primera categor\u00eda unidos a un dise\u00f1o inigualable y atrevido caracter\u00edsticos de la marca.<\/p>\n","protected":false},"excerpt":{"rendered":"<ul>\n<li>Papel King Size Slim marr\u00f3n, hecho de fibras vegetales, sin blanquear ni aditivos. De combustio\u0301n lenta y con goma ara\u0301biga 100% natural.<\/li>\n<li>Filtros de cart\u00f3n marr\u00f3n troquelados de 160 gr.<\/li>\n<li>Tama\u00f1o del papel 108 mm X 44 mm<\/li>\n<li>32 hojas por librillo y 32 filtros.<\/li>\n<li>24 Grinder de pl\u00e1stico con un dise\u00f1o a conjunto con el modelo Psyco.<\/li>\n<\/ul>\n<p>&nbsp;<\/p>\n<ul>\n<li><em>FORMATO PRO -&gt; DISPLAY x24 Grinder \/ x24 King Size+Tips<\/em><\/li>\n<li><strong>\u2b07\ufe0f PRECIOS MAYORISTA PARA PROFESIONALES \u2b07\ufe0f<\/strong><\/li>\n<\/ul>\n<p style=\"padding-left: 160px;\"><strong><a href=\"https:\/\/www.smokershop.es\/index.php\/register\/\" target=\"_blank\" rel=\"noopener\">\ud83d\udc49 REGISTRATE AQUI \ud83d\udc48<\/a><\/strong><\/p>\n","protected":false},"featured_media":3555,"template":"","meta":{"_joinchat":[]},"product_brand":[],"product_cat":[48],"product_tag":[],"class_list":{"0":"post-3400","1":"product","2":"type-product","3":"status-publish","4":"has-post-thumbnail","6":"product_cat-grinders-packs","8":"first","9":"instock","10":"taxable","11":"shipping-taxable","12":"purchasable","13":"product-type-simple"},"yoast_head":"<!-- This site is optimized with the Yoast SEO plugin v27.4 - https:\/\/yoast.com\/product\/yoast-seo-wordpress\/ -->\n<title>MONKEY PACK GRINDER PSYCO - The Smoker&#039;s Shop<\/title>\n<meta name=\"description\" content=\"MONKEY PACK GRINDER PSYCO contiene un librillo de 32 hojas de papel king size marr\u00f3n, 32 filtros de cart\u00f3n troquelados y un grinder con un dise\u00f1o \u00fanico.\" \/>\n<meta name=\"robots\" content=\"index, follow, max-snippet:-1, max-image-preview:large, max-video-preview:-1\" \/>\n<link rel=\"canonical\" href=\"https:\/\/www.smokershop.es\/index.php\/producto\/monkey-pack-grinder-psyco\/\" \/>\n<meta property=\"og:locale\" content=\"es_ES\" \/>\n<meta property=\"og:type\" content=\"article\" \/>\n<meta property=\"og:title\" content=\"MONKEY PACK GRINDER PSYCO - The Smoker&#039;s Shop\" \/>\n<meta property=\"og:description\" content=\"MONKEY PACK GRINDER PSYCO contiene un librillo de 32 hojas de papel king size marr\u00f3n, 32 filtros de cart\u00f3n troquelados y un grinder con un dise\u00f1o \u00fanico.\" \/>\n<meta property=\"og:url\" content=\"https:\/\/www.smokershop.es\/index.php\/producto\/monkey-pack-grinder-psyco\/\" \/>\n<meta property=\"og:site_name\" content=\"The Smoker&#039;s Shop\" \/>\n<meta property=\"article:modified_time\" content=\"2026-04-10T01:00:42+00:00\" \/>\n<meta property=\"og:image\" content=\"https:\/\/www.smokershop.es\/wp-content\/uploads\/2025\/10\/PACK-GRINDER-PSYCHO-2.jpg\" \/>\n\t<meta property=\"og:image:width\" content=\"1350\" \/>\n\t<meta property=\"og:image:height\" content=\"1350\" \/>\n\t<meta property=\"og:image:type\" content=\"image\/jpeg\" \/>\n<meta name=\"twitter:card\" content=\"summary_large_image\" \/>\n<meta name=\"twitter:label1\" content=\"Tiempo de lectura\" \/>\n\t<meta name=\"twitter:data1\" content=\"1 minuto\" \/>\n<script type=\"application\/ld+json\" class=\"yoast-schema-graph\">{\"@context\":\"https:\\\/\\\/schema.org\",\"@graph\":[{\"@type\":\"WebPage\",\"@id\":\"https:\\\/\\\/www.smokershop.es\\\/index.php\\\/producto\\\/monkey-pack-grinder-psyco\\\/\",\"url\":\"https:\\\/\\\/www.smokershop.es\\\/index.php\\\/producto\\\/monkey-pack-grinder-psyco\\\/\",\"name\":\"MONKEY PACK GRINDER PSYCO - The Smoker&#039;s Shop\",\"isPartOf\":{\"@id\":\"https:\\\/\\\/www.smokershop.es\\\/#website\"},\"primaryImageOfPage\":{\"@id\":\"https:\\\/\\\/www.smokershop.es\\\/index.php\\\/producto\\\/monkey-pack-grinder-psyco\\\/#primaryimage\"},\"image\":{\"@id\":\"https:\\\/\\\/www.smokershop.es\\\/index.php\\\/producto\\\/monkey-pack-grinder-psyco\\\/#primaryimage\"},\"thumbnailUrl\":\"https:\\\/\\\/www.smokershop.es\\\/wp-content\\\/uploads\\\/2025\\\/10\\\/PACK-GRINDER-PSYCHO-2.jpg\",\"datePublished\":\"2025-10-20T19:06:53+00:00\",\"dateModified\":\"2026-04-10T01:00:42+00:00\",\"description\":\"MONKEY PACK GRINDER PSYCO contiene un librillo de 32 hojas de papel king size marr\u00f3n, 32 filtros de cart\u00f3n troquelados y un grinder con un dise\u00f1o \u00fanico.\",\"breadcrumb\":{\"@id\":\"https:\\\/\\\/www.smokershop.es\\\/index.php\\\/producto\\\/monkey-pack-grinder-psyco\\\/#breadcrumb\"},\"inLanguage\":\"es\",\"potentialAction\":[{\"@type\":\"ReadAction\",\"target\":[\"https:\\\/\\\/www.smokershop.es\\\/index.php\\\/producto\\\/monkey-pack-grinder-psyco\\\/\"]}]},{\"@type\":\"ImageObject\",\"inLanguage\":\"es\",\"@id\":\"https:\\\/\\\/www.smokershop.es\\\/index.php\\\/producto\\\/monkey-pack-grinder-psyco\\\/#primaryimage\",\"url\":\"https:\\\/\\\/www.smokershop.es\\\/wp-content\\\/uploads\\\/2025\\\/10\\\/PACK-GRINDER-PSYCHO-2.jpg\",\"contentUrl\":\"https:\\\/\\\/www.smokershop.es\\\/wp-content\\\/uploads\\\/2025\\\/10\\\/PACK-GRINDER-PSYCHO-2.jpg\",\"width\":1350,\"height\":1350,\"caption\":\"MONKEY KING PACK GRINDER PSYCHO\"},{\"@type\":\"BreadcrumbList\",\"@id\":\"https:\\\/\\\/www.smokershop.es\\\/index.php\\\/producto\\\/monkey-pack-grinder-psyco\\\/#breadcrumb\",\"itemListElement\":[{\"@type\":\"ListItem\",\"position\":1,\"name\":\"Portada\",\"item\":\"https:\\\/\\\/www.smokershop.es\\\/\"},{\"@type\":\"ListItem\",\"position\":2,\"name\":\"The Shop\",\"item\":\"https:\\\/\\\/www.smokershop.es\\\/index.php\\\/shop\\\/\"},{\"@type\":\"ListItem\",\"position\":3,\"name\":\"MONKEY PACK GRINDER PSYCO\"}]},{\"@type\":\"WebSite\",\"@id\":\"https:\\\/\\\/www.smokershop.es\\\/#website\",\"url\":\"https:\\\/\\\/www.smokershop.es\\\/\",\"name\":\"The Smoker&#039;s Shop\",\"description\":\"Todo para los fumadores\",\"publisher\":{\"@id\":\"https:\\\/\\\/www.smokershop.es\\\/#organization\"},\"potentialAction\":[{\"@type\":\"SearchAction\",\"target\":{\"@type\":\"EntryPoint\",\"urlTemplate\":\"https:\\\/\\\/www.smokershop.es\\\/?s={search_term_string}\"},\"query-input\":{\"@type\":\"PropertyValueSpecification\",\"valueRequired\":true,\"valueName\":\"search_term_string\"}}],\"inLanguage\":\"es\"},{\"@type\":\"Organization\",\"@id\":\"https:\\\/\\\/www.smokershop.es\\\/#organization\",\"name\":\"The Smoker&#039;s Shop\",\"url\":\"https:\\\/\\\/www.smokershop.es\\\/\",\"logo\":{\"@type\":\"ImageObject\",\"inLanguage\":\"es\",\"@id\":\"https:\\\/\\\/www.smokershop.es\\\/#\\\/schema\\\/logo\\\/image\\\/\",\"url\":\"https:\\\/\\\/www.smokershop.es\\\/wp-content\\\/uploads\\\/2023\\\/10\\\/smokershop-logo.png\",\"contentUrl\":\"https:\\\/\\\/www.smokershop.es\\\/wp-content\\\/uploads\\\/2023\\\/10\\\/smokershop-logo.png\",\"width\":1711,\"height\":752,\"caption\":\"The Smoker&#039;s Shop\"},\"image\":{\"@id\":\"https:\\\/\\\/www.smokershop.es\\\/#\\\/schema\\\/logo\\\/image\\\/\"},\"sameAs\":[\"https:\\\/\\\/www.instagram.com\\\/thesmokersshopofficial\"]}]}<\/script>\n<!-- \/ Yoast SEO plugin. -->","yoast_head_json":{"title":"MONKEY PACK GRINDER PSYCO - The Smoker&#039;s Shop","description":"MONKEY PACK GRINDER PSYCO contiene un librillo de 32 hojas de papel king size marr\u00f3n, 32 filtros de cart\u00f3n troquelados y un grinder con un dise\u00f1o \u00fanico.","robots":{"index":"index","follow":"follow","max-snippet":"max-snippet:-1","max-image-preview":"max-image-preview:large","max-video-preview":"max-video-preview:-1"},"canonical":"https:\/\/www.smokershop.es\/index.php\/producto\/monkey-pack-grinder-psyco\/","og_locale":"es_ES","og_type":"article","og_title":"MONKEY PACK GRINDER PSYCO - The Smoker&#039;s Shop","og_description":"MONKEY PACK GRINDER PSYCO contiene un librillo de 32 hojas de papel king size marr\u00f3n, 32 filtros de cart\u00f3n troquelados y un grinder con un dise\u00f1o \u00fanico.","og_url":"https:\/\/www.smokershop.es\/index.php\/producto\/monkey-pack-grinder-psyco\/","og_site_name":"The Smoker&#039;s Shop","article_modified_time":"2026-04-10T01:00:42+00:00","og_image":[{"width":1350,"height":1350,"url":"https:\/\/www.smokershop.es\/wp-content\/uploads\/2025\/10\/PACK-GRINDER-PSYCHO-2.jpg","type":"image\/jpeg"}],"twitter_card":"summary_large_image","twitter_misc":{"Tiempo de lectura":"1 minuto"},"schema":{"@context":"https:\/\/schema.org","@graph":[{"@type":"WebPage","@id":"https:\/\/www.smokershop.es\/index.php\/producto\/monkey-pack-grinder-psyco\/","url":"https:\/\/www.smokershop.es\/index.php\/producto\/monkey-pack-grinder-psyco\/","name":"MONKEY PACK GRINDER PSYCO - The Smoker&#039;s Shop","isPartOf":{"@id":"https:\/\/www.smokershop.es\/#website"},"primaryImageOfPage":{"@id":"https:\/\/www.smokershop.es\/index.php\/producto\/monkey-pack-grinder-psyco\/#primaryimage"},"image":{"@id":"https:\/\/www.smokershop.es\/index.php\/producto\/monkey-pack-grinder-psyco\/#primaryimage"},"thumbnailUrl":"https:\/\/www.smokershop.es\/wp-content\/uploads\/2025\/10\/PACK-GRINDER-PSYCHO-2.jpg","datePublished":"2025-10-20T19:06:53+00:00","dateModified":"2026-04-10T01:00:42+00:00","description":"MONKEY PACK GRINDER PSYCO contiene un librillo de 32 hojas de papel king size marr\u00f3n, 32 filtros de cart\u00f3n troquelados y un grinder con un dise\u00f1o \u00fanico.","breadcrumb":{"@id":"https:\/\/www.smokershop.es\/index.php\/producto\/monkey-pack-grinder-psyco\/#breadcrumb"},"inLanguage":"es","potentialAction":[{"@type":"ReadAction","target":["https:\/\/www.smokershop.es\/index.php\/producto\/monkey-pack-grinder-psyco\/"]}]},{"@type":"ImageObject","inLanguage":"es","@id":"https:\/\/www.smokershop.es\/index.php\/producto\/monkey-pack-grinder-psyco\/#primaryimage","url":"https:\/\/www.smokershop.es\/wp-content\/uploads\/2025\/10\/PACK-GRINDER-PSYCHO-2.jpg","contentUrl":"https:\/\/www.smokershop.es\/wp-content\/uploads\/2025\/10\/PACK-GRINDER-PSYCHO-2.jpg","width":1350,"height":1350,"caption":"MONKEY KING PACK GRINDER PSYCHO"},{"@type":"BreadcrumbList","@id":"https:\/\/www.smokershop.es\/index.php\/producto\/monkey-pack-grinder-psyco\/#breadcrumb","itemListElement":[{"@type":"ListItem","position":1,"name":"Portada","item":"https:\/\/www.smokershop.es\/"},{"@type":"ListItem","position":2,"name":"The Shop","item":"https:\/\/www.smokershop.es\/index.php\/shop\/"},{"@type":"ListItem","position":3,"name":"MONKEY PACK GRINDER PSYCO"}]},{"@type":"WebSite","@id":"https:\/\/www.smokershop.es\/#website","url":"https:\/\/www.smokershop.es\/","name":"The Smoker&#039;s Shop","description":"Todo para los fumadores","publisher":{"@id":"https:\/\/www.smokershop.es\/#organization"},"potentialAction":[{"@type":"SearchAction","target":{"@type":"EntryPoint","urlTemplate":"https:\/\/www.smokershop.es\/?s={search_term_string}"},"query-input":{"@type":"PropertyValueSpecification","valueRequired":true,"valueName":"search_term_string"}}],"inLanguage":"es"},{"@type":"Organization","@id":"https:\/\/www.smokershop.es\/#organization","name":"The Smoker&#039;s Shop","url":"https:\/\/www.smokershop.es\/","logo":{"@type":"ImageObject","inLanguage":"es","@id":"https:\/\/www.smokershop.es\/#\/schema\/logo\/image\/","url":"https:\/\/www.smokershop.es\/wp-content\/uploads\/2023\/10\/smokershop-logo.png","contentUrl":"https:\/\/www.smokershop.es\/wp-content\/uploads\/2023\/10\/smokershop-logo.png","width":1711,"height":752,"caption":"The Smoker&#039;s Shop"},"image":{"@id":"https:\/\/www.smokershop.es\/#\/schema\/logo\/image\/"},"sameAs":["https:\/\/www.instagram.com\/thesmokersshopofficial"]}]}},"_links":{"self":[{"href":"https:\/\/www.smokershop.es\/index.php\/wp-json\/wp\/v2\/product\/3400","targetHints":{"allow":["GET"]}}],"collection":[{"href":"https:\/\/www.smokershop.es\/index.php\/wp-json\/wp\/v2\/product"}],"about":[{"href":"https:\/\/www.smokershop.es\/index.php\/wp-json\/wp\/v2\/types\/product"}],"wp:featuredmedia":[{"embeddable":true,"href":"https:\/\/www.smokershop.es\/index.php\/wp-json\/wp\/v2\/media\/3555"}],"wp:attachment":[{"href":"https:\/\/www.smokershop.es\/index.php\/wp-json\/wp\/v2\/media?parent=3400"}],"wp:term":[{"taxonomy":"product_brand","embeddable":true,"href":"https:\/\/www.smokershop.es\/index.php\/wp-json\/wp\/v2\/product_brand?post=3400"},{"taxonomy":"product_cat","embeddable":true,"href":"https:\/\/www.smokershop.es\/index.php\/wp-json\/wp\/v2\/product_cat?post=3400"},{"taxonomy":"product_tag","embeddable":true,"href":"https:\/\/www.smokershop.es\/index.php\/wp-json\/wp\/v2\/product_tag?post=3400"}],"curies":[{"name":"wp","href":"https:\/\/api.w.org\/{rel}","templated":true}]}}